{"id":48804,"date":"2025-01-01T02:01:00","date_gmt":"2025-01-01T01:01:00","guid":{"rendered":"https:\/\/www.toyotomi.eu\/product\/bomba-de-sifao-eletrica-paragem-automatica-dp-03-1\/"},"modified":"2025-01-01T01:01:00","modified_gmt":"2025-01-01T01:01:00","slug":"bomba-de-sifao-eletrica-paragem-automatica-dp-03-1","status":"publish","type":"product","link":"https:\/\/www.toyotomi.eu\/pt\/produto\/bomba-de-sifao-eletrica-paragem-automatica-dp-03-1\/","title":{"rendered":"Bomba de Sif\u00e3o El\u00e9trica + Paragem Autom\u00e1tica (DP-03-1)"},"content":{"rendered":"","protected":false},"excerpt":{"rendered":"<p>Este produto n\u00e3o est\u00e1 dispon\u00edvel para compra online; para mais informa\u00e7\u00f5es, contacte o seu revendedor local atrav\u00e9s do <a href=\"https:\/\/www.toyotomi.eu\/pt\/atendimento-ao-cliente\/contact\/\">formul\u00e1rio de contacto<\/a>.<\/p>\n","protected":false},"featured_media":48805,"template":"","meta":{"_acf_changed":false,"_eb_attr":""},"product_brand":[],"product_cat":[6022],"product_tag":[],"class_list":{"0":"post-48804","1":"product","2":"type-product","3":"status-publish","4":"has-post-thumbnail","6":"product_cat-acessorios","8":"first","9":"instock","10":"taxable","11":"shipping-taxable","12":"product-type-simple"},"acf":[],"yoast_head":"<!-- This site is optimized with the Yoast SEO plugin v27.4 - https:\/\/yoast.com\/product\/yoast-seo-wordpress\/ -->\n<title>Bomba de Sif\u00e3o El\u00e9trica + Paragem Autom\u00e1tica (DP-03-1) - Toyotomi<\/title>\n<meta name=\"robots\" content=\"index, follow, max-snippet:-1, max-image-preview:large, max-video-preview:-1\" \/>\n<link rel=\"canonical\" href=\"https:\/\/www.toyotomi.eu\/pt\/produto\/bomba-de-sifao-eletrica-paragem-automatica-dp-03-1\/\" \/>\n<meta property=\"og:locale\" content=\"pt_PT\" \/>\n<meta property=\"og:type\" content=\"article\" \/>\n<meta property=\"og:title\" content=\"Bomba de Sif\u00e3o El\u00e9trica + Paragem Autom\u00e1tica (DP-03-1) - Toyotomi\" \/>\n<meta property=\"og:description\" content=\"Este produto n\u00e3o est\u00e1 dispon\u00edvel para compra online; para mais informa\u00e7\u00f5es, contacte o seu revendedor local atrav\u00e9s do formul\u00e1rio de contacto.\" \/>\n<meta property=\"og:url\" content=\"https:\/\/www.toyotomi.eu\/pt\/produto\/bomba-de-sifao-eletrica-paragem-automatica-dp-03-1\/\" \/>\n<meta property=\"og:site_name\" content=\"Toyotomi\" \/>\n<meta property=\"og:image\" content=\"https:\/\/www.toyotomi.eu\/wp-content\/uploads\/2020\/10\/electr-pump-stop-scaled.jpg\" \/>\n\t<meta property=\"og:image:width\" content=\"2560\" \/>\n\t<meta property=\"og:image:height\" content=\"2560\" \/>\n\t<meta property=\"og:image:type\" content=\"image\/jpeg\" \/>\n<meta name=\"twitter:card\" content=\"summary_large_image\" \/>\n<script type=\"application\/ld+json\" class=\"yoast-schema-graph\">{\"@context\":\"https:\\\/\\\/schema.org\",\"@graph\":[{\"@type\":\"WebPage\",\"@id\":\"https:\\\/\\\/www.toyotomi.eu\\\/pt\\\/produto\\\/bomba-de-sifao-eletrica-paragem-automatica-dp-03-1\\\/\",\"url\":\"https:\\\/\\\/www.toyotomi.eu\\\/pt\\\/produto\\\/bomba-de-sifao-eletrica-paragem-automatica-dp-03-1\\\/\",\"name\":\"Bomba de Sif\u00e3o El\u00e9trica + Paragem Autom\u00e1tica (DP-03-1) - Toyotomi\",\"isPartOf\":{\"@id\":\"https:\\\/\\\/www.toyotomi.eu\\\/pt\\\/#website\"},\"primaryImageOfPage\":{\"@id\":\"https:\\\/\\\/www.toyotomi.eu\\\/pt\\\/produto\\\/bomba-de-sifao-eletrica-paragem-automatica-dp-03-1\\\/#primaryimage\"},\"image\":{\"@id\":\"https:\\\/\\\/www.toyotomi.eu\\\/pt\\\/produto\\\/bomba-de-sifao-eletrica-paragem-automatica-dp-03-1\\\/#primaryimage\"},\"thumbnailUrl\":\"https:\\\/\\\/www.toyotomi.eu\\\/wp-content\\\/uploads\\\/2020\\\/10\\\/electr-pump-stop-scaled.jpg\",\"datePublished\":\"2025-01-01T01:01:00+00:00\",\"breadcrumb\":{\"@id\":\"https:\\\/\\\/www.toyotomi.eu\\\/pt\\\/produto\\\/bomba-de-sifao-eletrica-paragem-automatica-dp-03-1\\\/#breadcrumb\"},\"inLanguage\":\"pt-PT\",\"potentialAction\":[{\"@type\":\"ReadAction\",\"target\":[\"https:\\\/\\\/www.toyotomi.eu\\\/pt\\\/produto\\\/bomba-de-sifao-eletrica-paragem-automatica-dp-03-1\\\/\"]}]},{\"@type\":\"ImageObject\",\"inLanguage\":\"pt-PT\",\"@id\":\"https:\\\/\\\/www.toyotomi.eu\\\/pt\\\/produto\\\/bomba-de-sifao-eletrica-paragem-automatica-dp-03-1\\\/#primaryimage\",\"url\":\"https:\\\/\\\/www.toyotomi.eu\\\/wp-content\\\/uploads\\\/2020\\\/10\\\/electr-pump-stop-scaled.jpg\",\"contentUrl\":\"https:\\\/\\\/www.toyotomi.eu\\\/wp-content\\\/uploads\\\/2020\\\/10\\\/electr-pump-stop-scaled.jpg\",\"width\":2560,\"height\":2560},{\"@type\":\"BreadcrumbList\",\"@id\":\"https:\\\/\\\/www.toyotomi.eu\\\/pt\\\/produto\\\/bomba-de-sifao-eletrica-paragem-automatica-dp-03-1\\\/#breadcrumb\",\"itemListElement\":[{\"@type\":\"ListItem\",\"position\":1,\"name\":\"In\u00edcio\",\"item\":\"https:\\\/\\\/www.toyotomi.eu\\\/pt\\\/\"},{\"@type\":\"ListItem\",\"position\":2,\"name\":\"Todos os produtos\",\"item\":\"https:\\\/\\\/www.toyotomi.eu\\\/pt\\\/todos-os-produtos\\\/\"},{\"@type\":\"ListItem\",\"position\":3,\"name\":\"Bomba de Sif\u00e3o El\u00e9trica + Paragem Autom\u00e1tica (DP-03-1)\"}]},{\"@type\":\"WebSite\",\"@id\":\"https:\\\/\\\/www.toyotomi.eu\\\/pt\\\/#website\",\"url\":\"https:\\\/\\\/www.toyotomi.eu\\\/pt\\\/\",\"name\":\"Toyotomi\",\"description\":\"\",\"publisher\":{\"@id\":\"https:\\\/\\\/www.toyotomi.eu\\\/pt\\\/#organization\"},\"potentialAction\":[{\"@type\":\"SearchAction\",\"target\":{\"@type\":\"EntryPoint\",\"urlTemplate\":\"https:\\\/\\\/www.toyotomi.eu\\\/pt\\\/?s={search_term_string}\"},\"query-input\":{\"@type\":\"PropertyValueSpecification\",\"valueRequired\":true,\"valueName\":\"search_term_string\"}}],\"inLanguage\":\"pt-PT\"},{\"@type\":\"Organization\",\"@id\":\"https:\\\/\\\/www.toyotomi.eu\\\/pt\\\/#organization\",\"name\":\"Toyotomi Europe Sales B.V.\",\"alternateName\":\"Toyotomi\",\"url\":\"https:\\\/\\\/www.toyotomi.eu\\\/pt\\\/\",\"logo\":{\"@type\":\"ImageObject\",\"inLanguage\":\"pt-PT\",\"@id\":\"https:\\\/\\\/www.toyotomi.eu\\\/pt\\\/#\\\/schema\\\/logo\\\/image\\\/\",\"url\":\"https:\\\/\\\/www.toyotomi.eu\\\/wp-content\\\/uploads\\\/2025\\\/10\\\/logo.png\",\"contentUrl\":\"https:\\\/\\\/www.toyotomi.eu\\\/wp-content\\\/uploads\\\/2025\\\/10\\\/logo.png\",\"width\":1360,\"height\":304,\"caption\":\"Toyotomi Europe Sales B.V.\"},\"image\":{\"@id\":\"https:\\\/\\\/www.toyotomi.eu\\\/pt\\\/#\\\/schema\\\/logo\\\/image\\\/\"}}]}<\/script>\n<!-- \/ Yoast SEO plugin. -->","yoast_head_json":{"title":"Bomba de Sif\u00e3o El\u00e9trica + Paragem Autom\u00e1tica (DP-03-1) - Toyotomi","robots":{"index":"index","follow":"follow","max-snippet":"max-snippet:-1","max-image-preview":"max-image-preview:large","max-video-preview":"max-video-preview:-1"},"canonical":"https:\/\/www.toyotomi.eu\/pt\/produto\/bomba-de-sifao-eletrica-paragem-automatica-dp-03-1\/","og_locale":"pt_PT","og_type":"article","og_title":"Bomba de Sif\u00e3o El\u00e9trica + Paragem Autom\u00e1tica (DP-03-1) - Toyotomi","og_description":"Este produto n\u00e3o est\u00e1 dispon\u00edvel para compra online; para mais informa\u00e7\u00f5es, contacte o seu revendedor local atrav\u00e9s do formul\u00e1rio de contacto.","og_url":"https:\/\/www.toyotomi.eu\/pt\/produto\/bomba-de-sifao-eletrica-paragem-automatica-dp-03-1\/","og_site_name":"Toyotomi","og_image":[{"width":2560,"height":2560,"url":"https:\/\/www.toyotomi.eu\/wp-content\/uploads\/2020\/10\/electr-pump-stop-scaled.jpg","type":"image\/jpeg"}],"twitter_card":"summary_large_image","schema":{"@context":"https:\/\/schema.org","@graph":[{"@type":"WebPage","@id":"https:\/\/www.toyotomi.eu\/pt\/produto\/bomba-de-sifao-eletrica-paragem-automatica-dp-03-1\/","url":"https:\/\/www.toyotomi.eu\/pt\/produto\/bomba-de-sifao-eletrica-paragem-automatica-dp-03-1\/","name":"Bomba de Sif\u00e3o El\u00e9trica + Paragem Autom\u00e1tica (DP-03-1) - Toyotomi","isPartOf":{"@id":"https:\/\/www.toyotomi.eu\/pt\/#website"},"primaryImageOfPage":{"@id":"https:\/\/www.toyotomi.eu\/pt\/produto\/bomba-de-sifao-eletrica-paragem-automatica-dp-03-1\/#primaryimage"},"image":{"@id":"https:\/\/www.toyotomi.eu\/pt\/produto\/bomba-de-sifao-eletrica-paragem-automatica-dp-03-1\/#primaryimage"},"thumbnailUrl":"https:\/\/www.toyotomi.eu\/wp-content\/uploads\/2020\/10\/electr-pump-stop-scaled.jpg","datePublished":"2025-01-01T01:01:00+00:00","breadcrumb":{"@id":"https:\/\/www.toyotomi.eu\/pt\/produto\/bomba-de-sifao-eletrica-paragem-automatica-dp-03-1\/#breadcrumb"},"inLanguage":"pt-PT","potentialAction":[{"@type":"ReadAction","target":["https:\/\/www.toyotomi.eu\/pt\/produto\/bomba-de-sifao-eletrica-paragem-automatica-dp-03-1\/"]}]},{"@type":"ImageObject","inLanguage":"pt-PT","@id":"https:\/\/www.toyotomi.eu\/pt\/produto\/bomba-de-sifao-eletrica-paragem-automatica-dp-03-1\/#primaryimage","url":"https:\/\/www.toyotomi.eu\/wp-content\/uploads\/2020\/10\/electr-pump-stop-scaled.jpg","contentUrl":"https:\/\/www.toyotomi.eu\/wp-content\/uploads\/2020\/10\/electr-pump-stop-scaled.jpg","width":2560,"height":2560},{"@type":"BreadcrumbList","@id":"https:\/\/www.toyotomi.eu\/pt\/produto\/bomba-de-sifao-eletrica-paragem-automatica-dp-03-1\/#breadcrumb","itemListElement":[{"@type":"ListItem","position":1,"name":"In\u00edcio","item":"https:\/\/www.toyotomi.eu\/pt\/"},{"@type":"ListItem","position":2,"name":"Todos os produtos","item":"https:\/\/www.toyotomi.eu\/pt\/todos-os-produtos\/"},{"@type":"ListItem","position":3,"name":"Bomba de Sif\u00e3o El\u00e9trica + Paragem Autom\u00e1tica (DP-03-1)"}]},{"@type":"WebSite","@id":"https:\/\/www.toyotomi.eu\/pt\/#website","url":"https:\/\/www.toyotomi.eu\/pt\/","name":"Toyotomi","description":"","publisher":{"@id":"https:\/\/www.toyotomi.eu\/pt\/#organization"},"potentialAction":[{"@type":"SearchAction","target":{"@type":"EntryPoint","urlTemplate":"https:\/\/www.toyotomi.eu\/pt\/?s={search_term_string}"},"query-input":{"@type":"PropertyValueSpecification","valueRequired":true,"valueName":"search_term_string"}}],"inLanguage":"pt-PT"},{"@type":"Organization","@id":"https:\/\/www.toyotomi.eu\/pt\/#organization","name":"Toyotomi Europe Sales B.V.","alternateName":"Toyotomi","url":"https:\/\/www.toyotomi.eu\/pt\/","logo":{"@type":"ImageObject","inLanguage":"pt-PT","@id":"https:\/\/www.toyotomi.eu\/pt\/#\/schema\/logo\/image\/","url":"https:\/\/www.toyotomi.eu\/wp-content\/uploads\/2025\/10\/logo.png","contentUrl":"https:\/\/www.toyotomi.eu\/wp-content\/uploads\/2025\/10\/logo.png","width":1360,"height":304,"caption":"Toyotomi Europe Sales B.V."},"image":{"@id":"https:\/\/www.toyotomi.eu\/pt\/#\/schema\/logo\/image\/"}}]}},"_links":{"self":[{"href":"https:\/\/www.toyotomi.eu\/pt\/wp-json\/wp\/v2\/product\/48804","targetHints":{"allow":["GET"]}}],"collection":[{"href":"https:\/\/www.toyotomi.eu\/pt\/wp-json\/wp\/v2\/product"}],"about":[{"href":"https:\/\/www.toyotomi.eu\/pt\/wp-json\/wp\/v2\/types\/product"}],"wp:featuredmedia":[{"embeddable":true,"href":"https:\/\/www.toyotomi.eu\/pt\/wp-json\/wp\/v2\/media\/48805"}],"wp:attachment":[{"href":"https:\/\/www.toyotomi.eu\/pt\/wp-json\/wp\/v2\/media?parent=48804"}],"wp:term":[{"taxonomy":"product_brand","embeddable":true,"href":"https:\/\/www.toyotomi.eu\/pt\/wp-json\/wp\/v2\/product_brand?post=48804"},{"taxonomy":"product_cat","embeddable":true,"href":"https:\/\/www.toyotomi.eu\/pt\/wp-json\/wp\/v2\/product_cat?post=48804"},{"taxonomy":"product_tag","embeddable":true,"href":"https:\/\/www.toyotomi.eu\/pt\/wp-json\/wp\/v2\/product_tag?post=48804"}],"curies":[{"name":"wp","href":"https:\/\/api.w.org\/{rel}","templated":true}]}}