{"id":48796,"date":"2025-01-01T02:01:00","date_gmt":"2025-01-01T01:01:00","guid":{"rendered":"https:\/\/www.toyotomi.eu\/product\/zibro-rs-4022\/"},"modified":"2026-01-20T08:51:09","modified_gmt":"2026-01-20T07:51:09","slug":"zibro-rs-4022","status":"publish","type":"product","link":"https:\/\/www.toyotomi.eu\/pt\/produto\/zibro-rs-4022\/","title":{"rendered":"Zibro RS-4022"},"content":{"rendered":"\n<div class=\"wp-block-essential-blocks-wrapper alignfull  root-eb-wrapper-kiu5m\"><div class=\"eb-parent-wrapper eb-parent-eb-wrapper-kiu5m \"><div class=\"eb-wrapper-outer eb-wrapper-kiu5m\"><div class=\"eb-wrapper-inner\"><div class=\"eb-wrapper-inner-blocks eb-wrapper-align-center\">\n<div class=\"wp-block-essential-blocks-row alignfull  root-eb-row-vp5zx\"><div class=\"eb-parent-wrapper eb-parent-eb-row-vp5zx \"><div class=\"eb-row-root-container eb-row-vp5zx\" data-id=\"eb-row-vp5zx\"><div class=\"eb-row-wrapper\"><div class=\"eb-row-inner\">\n<div class=\"wp-block-essential-blocks-column  root-eb-column-wbb44\"><div class=\"eb-parent-wrapper eb-parent-eb-column-wbb44 \"><div class=\"eb-column-wrapper eb-column-wbb44\"><div class=\"eb-column-inner\">\n<div class=\"wp-block-essential-blocks-wrapper alignfull  root-eb-wrapper-8eqic\"><div class=\"eb-parent-wrapper eb-parent-eb-wrapper-8eqic \"><div class=\"eb-wrapper-outer eb-wrapper-8eqic\"><div class=\"eb-wrapper-inner\"><div class=\"eb-wrapper-inner-blocks eb-wrapper-align-center\">\n<div class=\"wp-block-essential-blocks-row alignfull  root-eb-row-69nlq\"><div class=\"eb-parent-wrapper eb-parent-eb-row-69nlq \"><div class=\"eb-row-root-container eb-row-69nlq\" data-id=\"eb-row-69nlq\"><div class=\"eb-row-wrapper\"><div class=\"eb-row-inner\">\n<div class=\"wp-block-essential-blocks-column  root-eb-column-4o7fv\"><div class=\"eb-parent-wrapper eb-parent-eb-column-4o7fv \"><div class=\"eb-column-wrapper eb-column-4o7fv\"><div class=\"eb-column-inner\">\n<h2 class=\"wp-block-heading has-text-align-left has-x-large-font-size\">Zibro RS 4022<\/h2>\n\n\n\n<p>O Zibro RS 4022 \u00e9 um aquecedor a parafina fi\u00e1vel e eficiente, concebido para proporcionar um aquecimento instant\u00e2neo e confort\u00e1vel sem necessidade de eletricidade ou instala\u00e7\u00e3o permanente. Com uma pot\u00eancia de 2200 W, \u00e9 ideal para aquecer divis\u00f5es at\u00e9 80 m\u00b3, tornando-o perfeito para \u00e1reas de estar, oficinas, casas de f\u00e9rias, garagens ou como fonte de calor de reserva. <\/p>\n\n\n\n<p>Gra\u00e7as \u00e0 sua tecnologia de aquecimento radiante por infravermelhos, o calor \u00e9 sentido quase imediatamente ap\u00f3s a igni\u00e7\u00e3o, garantindo um conforto r\u00e1pido e eficaz mesmo em dias frios.<\/p>\n\n\n\n<h3 class=\"wp-block-heading\">F\u00e1cil de utilizar, sem necessidade de eletricidade<\/h3>\n\n\n\n<p>O RS 4022 possui igni\u00e7\u00e3o el\u00e9trica a pilhas, permitindo um arranque f\u00e1cil sem alimenta\u00e7\u00e3o da rede el\u00e9trica. O controlo de combust\u00e3o ajust\u00e1vel permite regular a pot\u00eancia de aquecimento de acordo com as suas necessidades, garantindo uma utiliza\u00e7\u00e3o eficiente do combust\u00edvel e um aquecimento consistente. <\/p>\n\n\n\n<p>Est\u00e1 inclu\u00edda uma bomba de sif\u00e3o manual para tornar o reabastecimento simples e limpo.<\/p>\n\n\n\n<h3 class=\"wp-block-heading\">Funcionalidades de seguran\u00e7a avan\u00e7adas<\/h3>\n\n\n\n<p>A seguran\u00e7a \u00e9 uma prioridade fundamental com o Zibro RS 4022. O aquecedor est\u00e1 equipado com um sensor de CO\u2082 que monitoriza continuamente a qualidade do ar interior. Se os n\u00edveis de oxig\u00e9nio se tornarem insuficientes, o aquecedor desliga-se automaticamente.  <\/p>\n\n\n\n<p>O aquecedor tamb\u00e9m inclui um sistema de corte de seguran\u00e7a triplo, que desliga o aparelho:<\/p>\n\n\n\n<ul class=\"wp-block-list\">\n<li>Quando o pavio \u00e9 baixado<\/li>\n\n\n\n<li>Quando o bot\u00e3o de paragem de emerg\u00eancia \u00e9 premido<\/li>\n\n\n\n<li>Automaticamente se o aquecedor for derrubado, abanado ou sujeito a um forte impacto<\/li>\n<\/ul>\n<\/div><\/div><\/div><\/div>\n<\/div><\/div><\/div><\/div><\/div>\n<\/div><\/div><\/div><\/div><\/div>\n\n\n\n<div style=\"height:80px\" aria-hidden=\"true\" class=\"wp-block-spacer\"><\/div>\n\n\n\n<div class=\"wp-block-essential-blocks-wrapper alignfull  root-eb-wrapper-0pft6\"><div class=\"eb-parent-wrapper eb-parent-eb-wrapper-0pft6 \"><div class=\"eb-wrapper-outer eb-wrapper-0pft6\"><div class=\"eb-wrapper-inner\"><div class=\"eb-wrapper-inner-blocks eb-wrapper-align-center\">\n<div class=\"wp-block-essential-blocks-row alignfull  root-eb-row-htqol\"><div class=\"eb-parent-wrapper eb-parent-eb-row-htqol \"><div class=\"eb-row-root-container eb-row-htqol\" data-id=\"eb-row-htqol\"><div class=\"eb-row-wrapper\"><div class=\"eb-row-inner\">\n<div class=\"wp-block-essential-blocks-column  root-eb-column-eoyr7\"><div class=\"eb-parent-wrapper eb-parent-eb-column-eoyr7 \"><div class=\"eb-column-wrapper eb-column-eoyr7\"><div class=\"eb-column-inner\">\n<h2 class=\"wp-block-heading has-text-align-center has-xxx-large-font-size\">Inclui<\/h2>\n<\/div><\/div><\/div><\/div>\n<\/div><\/div><\/div><\/div><\/div>\n<\/div><\/div><\/div><\/div><\/div>\n\n\n\n<div class=\"wp-block-essential-blocks-wrapper alignfull  root-eb-wrapper-yauuv\"><div class=\"eb-parent-wrapper eb-parent-eb-wrapper-yauuv \"><div class=\"eb-wrapper-outer eb-wrapper-yauuv\"><div class=\"eb-wrapper-inner\"><div class=\"eb-wrapper-inner-blocks eb-wrapper-align-center\">\n<div class=\"wp-block-essential-blocks-row alignfull  root-eb-row-j9w3g\"><div class=\"eb-parent-wrapper eb-parent-eb-row-j9w3g \"><div class=\"eb-row-root-container eb-row-j9w3g\" data-id=\"eb-row-j9w3g\"><div class=\"eb-row-wrapper\"><div class=\"eb-row-inner\">\n<div class=\"wp-block-essential-blocks-column  root-eb-column-79he7\"><div class=\"eb-parent-wrapper eb-parent-eb-column-79he7 \"><div class=\"eb-column-wrapper eb-column-79he7\"><div class=\"eb-column-inner\">\n<figure class=\"wp-block-image size-full has-custom-border\"><img loading=\"lazy\" decoding=\"async\" width=\"800\" height=\"550\" src=\"https:\/\/www.toyotomi.eu\/wp-content\/uploads\/2024\/10\/manual-fuel-syphon-pump.jpg\" alt=\"Tubo de alimenta&#xE7;&#xE3;o m&#xE9;dico flex&#xED;vel com conector vermelho para precis&#xE3;o e seguran&#xE7;a.\" class=\"wp-image-25016\" style=\"border-radius:4px\" srcset=\"https:\/\/www.toyotomi.eu\/wp-content\/uploads\/2024\/10\/manual-fuel-syphon-pump.jpg 800w, https:\/\/www.toyotomi.eu\/wp-content\/uploads\/2024\/10\/manual-fuel-syphon-pump-300x206.jpg 300w, https:\/\/www.toyotomi.eu\/wp-content\/uploads\/2024\/10\/manual-fuel-syphon-pump-768x528.jpg 768w, https:\/\/www.toyotomi.eu\/wp-content\/uploads\/2024\/10\/manual-fuel-syphon-pump-441x303.jpg 441w, https:\/\/www.toyotomi.eu\/wp-content\/uploads\/2024\/10\/manual-fuel-syphon-pump-150x103.jpg 150w\" sizes=\"auto, (max-width: 800px) 100vw, 800px\" \/><\/figure>\n<\/div><\/div><\/div><\/div>\n\n\n\n<div class=\"wp-block-essential-blocks-column  root-eb-column-fbtim\"><div class=\"eb-parent-wrapper eb-parent-eb-column-fbtim \"><div class=\"eb-column-wrapper eb-column-fbtim\"><div class=\"eb-column-inner\">\n<h2 class=\"wp-block-heading has-x-large-font-size\"><strong>Bomba de Sif\u00e3o Manual<\/strong><\/h2>\n\n\n\n<p>Os Aquecedores Eletr\u00f3nicos incluem uma bomba de sif\u00e3o manual em todas as caixas como acess\u00f3rio padr\u00e3o, utilizada para reabastecer o seu aquecedor com combust\u00edvel. Esta ferramenta simples e pr\u00e1tica facilita a transfer\u00eancia de combust\u00edvel e ajuda a evitar derrames durante o reabastecimento. <\/p>\n<\/div><\/div><\/div><\/div>\n<\/div><\/div><\/div><\/div><\/div>\n<\/div><\/div><\/div><\/div><\/div>\n\n\n\n<div class=\"wp-block-essential-blocks-wrapper alignfull  root-eb-wrapper-e5ush\"><div class=\"eb-parent-wrapper eb-parent-eb-wrapper-e5ush \"><div class=\"eb-wrapper-outer eb-wrapper-e5ush\"><div class=\"eb-wrapper-inner\"><div class=\"eb-wrapper-inner-blocks eb-wrapper-align-center\">\n<div class=\"wp-block-essential-blocks-row alignfull  root-eb-row-vtf3p\"><div class=\"eb-parent-wrapper eb-parent-eb-row-vtf3p \"><div class=\"eb-row-root-container eb-row-vtf3p\" data-id=\"eb-row-vtf3p\"><div class=\"eb-row-wrapper\"><div class=\"eb-row-inner\">\n<div class=\"wp-block-essential-blocks-column  root-eb-column-taoxq\"><div class=\"eb-parent-wrapper eb-parent-eb-column-taoxq \"><div class=\"eb-column-wrapper eb-column-taoxq\"><div class=\"eb-column-inner\">\n<h2 class=\"wp-block-heading has-x-large-font-size\"><strong><strong>Dep\u00f3sito de Combust\u00edvel Remov\u00edvel<\/strong><\/strong><\/h2>\n\n\n\n<p>O Zibro RS-4022 inclui um dep\u00f3sito de combust\u00edvel amov\u00edvel com uma pega integrada e uma tampa \u00e0 prova de derrames, tornando o reabastecimento seguro, limpo e conveniente. O design garante mudan\u00e7as r\u00e1pidas do dep\u00f3sito sem interromper o seu conforto ou criar sujidade. <\/p>\n<\/div><\/div><\/div><\/div>\n\n\n\n<div class=\"wp-block-essential-blocks-column  root-eb-column-eqx21\"><div class=\"eb-parent-wrapper eb-parent-eb-column-eqx21 \"><div class=\"eb-column-wrapper eb-column-eqx21\"><div class=\"eb-column-inner\">\n<figure class=\"wp-block-image size-full has-custom-border\"><img loading=\"lazy\" decoding=\"async\" width=\"800\" height=\"550\" src=\"https:\/\/www.toyotomi.eu\/wp-content\/uploads\/2025\/07\/toyotomi-removable-fuel-tank.jpg\" alt=\"Texto alternativo: Close-up do aquecedor Toyotomi com autocolante vermelho do programa de fideliza&#xE7;&#xE3;o, acabamento prateado.\" class=\"wp-image-24332\" style=\"border-radius:4px\" srcset=\"https:\/\/www.toyotomi.eu\/wp-content\/uploads\/2025\/07\/toyotomi-removable-fuel-tank.jpg 800w, https:\/\/www.toyotomi.eu\/wp-content\/uploads\/2025\/07\/toyotomi-removable-fuel-tank-300x206.jpg 300w, https:\/\/www.toyotomi.eu\/wp-content\/uploads\/2025\/07\/toyotomi-removable-fuel-tank-768x528.jpg 768w, https:\/\/www.toyotomi.eu\/wp-content\/uploads\/2025\/07\/toyotomi-removable-fuel-tank-441x303.jpg 441w, https:\/\/www.toyotomi.eu\/wp-content\/uploads\/2025\/07\/toyotomi-removable-fuel-tank-150x103.jpg 150w\" sizes=\"auto, (max-width: 800px) 100vw, 800px\" \/><\/figure>\n<\/div><\/div><\/div><\/div>\n<\/div><\/div><\/div><\/div><\/div>\n<\/div><\/div><\/div><\/div><\/div>\n<\/div><\/div><\/div><\/div>\n<\/div><\/div><\/div><\/div><\/div>\n<\/div><\/div><\/div><\/div><\/div>\n","protected":false},"excerpt":{"rendered":"<p>O Aquecedor de Pavio Toyotomi RS-4022 possui um \u00fanico queimador com uma capacidade de aquecimento de 2,20 kW. Proporciona calor limpo, eficiente e econ\u00f3mico sem necessidade de instala\u00e7\u00e3o. O seu sistema de combust\u00e3o sem chamin\u00e9 requer apenas quatro pilhas para a igni\u00e7\u00e3o, tornando-o extremamente f\u00e1cil de operar. Projetado para aquecer espa\u00e7os at\u00e9 80 m\u00b3, o RS-4022 est\u00e1 equipado com m\u00faltiplas caracter\u00edsticas de seguran\u00e7a, oferecendo uma solu\u00e7\u00e3o de aquecimento segura, conveniente e altamente eficiente.   <\/p>\n<p><strong>SKU:<\/strong> RS-4022<br \/>\n<strong>EAN:<\/strong> 4963505711696<\/p>\n","protected":false},"featured_media":48165,"template":"","meta":{"_acf_changed":false,"_eb_attr":""},"product_brand":[],"product_cat":[6008],"product_tag":[],"class_list":{"0":"post-48796","1":"product","2":"type-product","3":"status-publish","4":"has-post-thumbnail","6":"product_cat-aquecedores-com-pavio","8":"first","9":"instock","10":"taxable","11":"shipping-taxable","12":"product-type-simple"},"acf":[],"yoast_head":"<!-- This site is optimized with the Yoast SEO plugin v27.4 - https:\/\/yoast.com\/product\/yoast-seo-wordpress\/ -->\n<title>Zibro RS-4022 - Toyotomi<\/title>\n<meta name=\"robots\" content=\"index, follow, max-snippet:-1, max-image-preview:large, max-video-preview:-1\" \/>\n<link rel=\"canonical\" href=\"https:\/\/www.toyotomi.eu\/pt\/produto\/zibro-rs-4022\/\" \/>\n<meta property=\"og:locale\" content=\"pt_PT\" \/>\n<meta property=\"og:type\" content=\"article\" \/>\n<meta property=\"og:title\" content=\"Zibro RS-4022 - Toyotomi\" \/>\n<meta property=\"og:description\" content=\"O Aquecedor de Pavio Toyotomi RS-4022 possui um \u00fanico queimador com uma capacidade de aquecimento de 2,20 kW. Proporciona calor limpo, eficiente e econ\u00f3mico sem necessidade de instala\u00e7\u00e3o. O seu sistema de combust\u00e3o sem chamin\u00e9 requer apenas quatro pilhas para a igni\u00e7\u00e3o, tornando-o extremamente f\u00e1cil de operar. Projetado para aquecer espa\u00e7os at\u00e9 80 m\u00b3, o RS-4022 est\u00e1 equipado com m\u00faltiplas caracter\u00edsticas de seguran\u00e7a, oferecendo uma solu\u00e7\u00e3o de aquecimento segura, conveniente e altamente eficiente.   SKU: RS-4022 EAN: 4963505711696\" \/>\n<meta property=\"og:url\" content=\"https:\/\/www.toyotomi.eu\/pt\/produto\/zibro-rs-4022\/\" \/>\n<meta property=\"og:site_name\" content=\"Toyotomi\" \/>\n<meta property=\"article:modified_time\" content=\"2026-01-20T07:51:09+00:00\" \/>\n<meta property=\"og:image\" content=\"https:\/\/www.toyotomi.eu\/wp-content\/uploads\/2020\/07\/Zibro-heater-RS-220.jpg\" \/>\n\t<meta property=\"og:image:width\" content=\"1000\" \/>\n\t<meta property=\"og:image:height\" content=\"1000\" \/>\n\t<meta property=\"og:image:type\" content=\"image\/jpeg\" \/>\n<meta name=\"twitter:card\" content=\"summary_large_image\" \/>\n<script type=\"application\/ld+json\" class=\"yoast-schema-graph\">{\"@context\":\"https:\\\/\\\/schema.org\",\"@graph\":[{\"@type\":\"WebPage\",\"@id\":\"https:\\\/\\\/www.toyotomi.eu\\\/pt\\\/produto\\\/zibro-rs-4022\\\/\",\"url\":\"https:\\\/\\\/www.toyotomi.eu\\\/pt\\\/produto\\\/zibro-rs-4022\\\/\",\"name\":\"Zibro RS-4022 - Toyotomi\",\"isPartOf\":{\"@id\":\"https:\\\/\\\/www.toyotomi.eu\\\/pt\\\/#website\"},\"primaryImageOfPage\":{\"@id\":\"https:\\\/\\\/www.toyotomi.eu\\\/pt\\\/produto\\\/zibro-rs-4022\\\/#primaryimage\"},\"image\":{\"@id\":\"https:\\\/\\\/www.toyotomi.eu\\\/pt\\\/produto\\\/zibro-rs-4022\\\/#primaryimage\"},\"thumbnailUrl\":\"https:\\\/\\\/www.toyotomi.eu\\\/wp-content\\\/uploads\\\/2020\\\/07\\\/Zibro-heater-RS-220.jpg\",\"datePublished\":\"2025-01-01T01:01:00+00:00\",\"dateModified\":\"2026-01-20T07:51:09+00:00\",\"breadcrumb\":{\"@id\":\"https:\\\/\\\/www.toyotomi.eu\\\/pt\\\/produto\\\/zibro-rs-4022\\\/#breadcrumb\"},\"inLanguage\":\"pt-PT\",\"potentialAction\":[{\"@type\":\"ReadAction\",\"target\":[\"https:\\\/\\\/www.toyotomi.eu\\\/pt\\\/produto\\\/zibro-rs-4022\\\/\"]}]},{\"@type\":\"ImageObject\",\"inLanguage\":\"pt-PT\",\"@id\":\"https:\\\/\\\/www.toyotomi.eu\\\/pt\\\/produto\\\/zibro-rs-4022\\\/#primaryimage\",\"url\":\"https:\\\/\\\/www.toyotomi.eu\\\/wp-content\\\/uploads\\\/2020\\\/07\\\/Zibro-heater-RS-220.jpg\",\"contentUrl\":\"https:\\\/\\\/www.toyotomi.eu\\\/wp-content\\\/uploads\\\/2020\\\/07\\\/Zibro-heater-RS-220.jpg\",\"width\":1000,\"height\":1000,\"caption\":\"Aquecedor Zibro RS-220\"},{\"@type\":\"BreadcrumbList\",\"@id\":\"https:\\\/\\\/www.toyotomi.eu\\\/pt\\\/produto\\\/zibro-rs-4022\\\/#breadcrumb\",\"itemListElement\":[{\"@type\":\"ListItem\",\"position\":1,\"name\":\"In\u00edcio\",\"item\":\"https:\\\/\\\/www.toyotomi.eu\\\/pt\\\/\"},{\"@type\":\"ListItem\",\"position\":2,\"name\":\"Todos os produtos\",\"item\":\"https:\\\/\\\/www.toyotomi.eu\\\/pt\\\/todos-os-produtos\\\/\"},{\"@type\":\"ListItem\",\"position\":3,\"name\":\"Zibro RS-4022\"}]},{\"@type\":\"WebSite\",\"@id\":\"https:\\\/\\\/www.toyotomi.eu\\\/pt\\\/#website\",\"url\":\"https:\\\/\\\/www.toyotomi.eu\\\/pt\\\/\",\"name\":\"Toyotomi\",\"description\":\"\",\"publisher\":{\"@id\":\"https:\\\/\\\/www.toyotomi.eu\\\/pt\\\/#organization\"},\"potentialAction\":[{\"@type\":\"SearchAction\",\"target\":{\"@type\":\"EntryPoint\",\"urlTemplate\":\"https:\\\/\\\/www.toyotomi.eu\\\/pt\\\/?s={search_term_string}\"},\"query-input\":{\"@type\":\"PropertyValueSpecification\",\"valueRequired\":true,\"valueName\":\"search_term_string\"}}],\"inLanguage\":\"pt-PT\"},{\"@type\":\"Organization\",\"@id\":\"https:\\\/\\\/www.toyotomi.eu\\\/pt\\\/#organization\",\"name\":\"Toyotomi Europe Sales B.V.\",\"alternateName\":\"Toyotomi\",\"url\":\"https:\\\/\\\/www.toyotomi.eu\\\/pt\\\/\",\"logo\":{\"@type\":\"ImageObject\",\"inLanguage\":\"pt-PT\",\"@id\":\"https:\\\/\\\/www.toyotomi.eu\\\/pt\\\/#\\\/schema\\\/logo\\\/image\\\/\",\"url\":\"https:\\\/\\\/www.toyotomi.eu\\\/wp-content\\\/uploads\\\/2025\\\/10\\\/logo.png\",\"contentUrl\":\"https:\\\/\\\/www.toyotomi.eu\\\/wp-content\\\/uploads\\\/2025\\\/10\\\/logo.png\",\"width\":1360,\"height\":304,\"caption\":\"Toyotomi Europe Sales B.V.\"},\"image\":{\"@id\":\"https:\\\/\\\/www.toyotomi.eu\\\/pt\\\/#\\\/schema\\\/logo\\\/image\\\/\"}}]}<\/script>\n<!-- \/ Yoast SEO plugin. -->","yoast_head_json":{"title":"Zibro RS-4022 - Toyotomi","robots":{"index":"index","follow":"follow","max-snippet":"max-snippet:-1","max-image-preview":"max-image-preview:large","max-video-preview":"max-video-preview:-1"},"canonical":"https:\/\/www.toyotomi.eu\/pt\/produto\/zibro-rs-4022\/","og_locale":"pt_PT","og_type":"article","og_title":"Zibro RS-4022 - Toyotomi","og_description":"O Aquecedor de Pavio Toyotomi RS-4022 possui um \u00fanico queimador com uma capacidade de aquecimento de 2,20 kW. Proporciona calor limpo, eficiente e econ\u00f3mico sem necessidade de instala\u00e7\u00e3o. O seu sistema de combust\u00e3o sem chamin\u00e9 requer apenas quatro pilhas para a igni\u00e7\u00e3o, tornando-o extremamente f\u00e1cil de operar. Projetado para aquecer espa\u00e7os at\u00e9 80 m\u00b3, o RS-4022 est\u00e1 equipado com m\u00faltiplas caracter\u00edsticas de seguran\u00e7a, oferecendo uma solu\u00e7\u00e3o de aquecimento segura, conveniente e altamente eficiente.   SKU: RS-4022 EAN: 4963505711696","og_url":"https:\/\/www.toyotomi.eu\/pt\/produto\/zibro-rs-4022\/","og_site_name":"Toyotomi","article_modified_time":"2026-01-20T07:51:09+00:00","og_image":[{"width":1000,"height":1000,"url":"https:\/\/www.toyotomi.eu\/wp-content\/uploads\/2020\/07\/Zibro-heater-RS-220.jpg","type":"image\/jpeg"}],"twitter_card":"summary_large_image","schema":{"@context":"https:\/\/schema.org","@graph":[{"@type":"WebPage","@id":"https:\/\/www.toyotomi.eu\/pt\/produto\/zibro-rs-4022\/","url":"https:\/\/www.toyotomi.eu\/pt\/produto\/zibro-rs-4022\/","name":"Zibro RS-4022 - Toyotomi","isPartOf":{"@id":"https:\/\/www.toyotomi.eu\/pt\/#website"},"primaryImageOfPage":{"@id":"https:\/\/www.toyotomi.eu\/pt\/produto\/zibro-rs-4022\/#primaryimage"},"image":{"@id":"https:\/\/www.toyotomi.eu\/pt\/produto\/zibro-rs-4022\/#primaryimage"},"thumbnailUrl":"https:\/\/www.toyotomi.eu\/wp-content\/uploads\/2020\/07\/Zibro-heater-RS-220.jpg","datePublished":"2025-01-01T01:01:00+00:00","dateModified":"2026-01-20T07:51:09+00:00","breadcrumb":{"@id":"https:\/\/www.toyotomi.eu\/pt\/produto\/zibro-rs-4022\/#breadcrumb"},"inLanguage":"pt-PT","potentialAction":[{"@type":"ReadAction","target":["https:\/\/www.toyotomi.eu\/pt\/produto\/zibro-rs-4022\/"]}]},{"@type":"ImageObject","inLanguage":"pt-PT","@id":"https:\/\/www.toyotomi.eu\/pt\/produto\/zibro-rs-4022\/#primaryimage","url":"https:\/\/www.toyotomi.eu\/wp-content\/uploads\/2020\/07\/Zibro-heater-RS-220.jpg","contentUrl":"https:\/\/www.toyotomi.eu\/wp-content\/uploads\/2020\/07\/Zibro-heater-RS-220.jpg","width":1000,"height":1000,"caption":"Aquecedor Zibro RS-220"},{"@type":"BreadcrumbList","@id":"https:\/\/www.toyotomi.eu\/pt\/produto\/zibro-rs-4022\/#breadcrumb","itemListElement":[{"@type":"ListItem","position":1,"name":"In\u00edcio","item":"https:\/\/www.toyotomi.eu\/pt\/"},{"@type":"ListItem","position":2,"name":"Todos os produtos","item":"https:\/\/www.toyotomi.eu\/pt\/todos-os-produtos\/"},{"@type":"ListItem","position":3,"name":"Zibro RS-4022"}]},{"@type":"WebSite","@id":"https:\/\/www.toyotomi.eu\/pt\/#website","url":"https:\/\/www.toyotomi.eu\/pt\/","name":"Toyotomi","description":"","publisher":{"@id":"https:\/\/www.toyotomi.eu\/pt\/#organization"},"potentialAction":[{"@type":"SearchAction","target":{"@type":"EntryPoint","urlTemplate":"https:\/\/www.toyotomi.eu\/pt\/?s={search_term_string}"},"query-input":{"@type":"PropertyValueSpecification","valueRequired":true,"valueName":"search_term_string"}}],"inLanguage":"pt-PT"},{"@type":"Organization","@id":"https:\/\/www.toyotomi.eu\/pt\/#organization","name":"Toyotomi Europe Sales B.V.","alternateName":"Toyotomi","url":"https:\/\/www.toyotomi.eu\/pt\/","logo":{"@type":"ImageObject","inLanguage":"pt-PT","@id":"https:\/\/www.toyotomi.eu\/pt\/#\/schema\/logo\/image\/","url":"https:\/\/www.toyotomi.eu\/wp-content\/uploads\/2025\/10\/logo.png","contentUrl":"https:\/\/www.toyotomi.eu\/wp-content\/uploads\/2025\/10\/logo.png","width":1360,"height":304,"caption":"Toyotomi Europe Sales B.V."},"image":{"@id":"https:\/\/www.toyotomi.eu\/pt\/#\/schema\/logo\/image\/"}}]}},"_links":{"self":[{"href":"https:\/\/www.toyotomi.eu\/pt\/wp-json\/wp\/v2\/product\/48796","targetHints":{"allow":["GET"]}}],"collection":[{"href":"https:\/\/www.toyotomi.eu\/pt\/wp-json\/wp\/v2\/product"}],"about":[{"href":"https:\/\/www.toyotomi.eu\/pt\/wp-json\/wp\/v2\/types\/product"}],"wp:featuredmedia":[{"embeddable":true,"href":"https:\/\/www.toyotomi.eu\/pt\/wp-json\/wp\/v2\/media\/48165"}],"wp:attachment":[{"href":"https:\/\/www.toyotomi.eu\/pt\/wp-json\/wp\/v2\/media?parent=48796"}],"wp:term":[{"taxonomy":"product_brand","embeddable":true,"href":"https:\/\/www.toyotomi.eu\/pt\/wp-json\/wp\/v2\/product_brand?post=48796"},{"taxonomy":"product_cat","embeddable":true,"href":"https:\/\/www.toyotomi.eu\/pt\/wp-json\/wp\/v2\/product_cat?post=48796"},{"taxonomy":"product_tag","embeddable":true,"href":"https:\/\/www.toyotomi.eu\/pt\/wp-json\/wp\/v2\/product_tag?post=48796"}],"curies":[{"name":"wp","href":"https:\/\/api.w.org\/{rel}","templated":true}]}}