{"id":48732,"date":"2025-01-01T02:01:00","date_gmt":"2025-01-01T01:01:00","guid":{"rendered":"https:\/\/www.toyotomi.eu\/product\/zibro-lc-4047\/"},"modified":"2026-01-20T08:51:01","modified_gmt":"2026-01-20T07:51:01","slug":"zibro-lc-4047","status":"publish","type":"product","link":"https:\/\/www.toyotomi.eu\/pt\/produto\/zibro-lc-4047\/","title":{"rendered":"Zibro LC-4047"},"content":{"rendered":"\n<div class=\"wp-block-essential-blocks-wrapper alignfull  root-eb-wrapper-kiu5m\"><div class=\"eb-parent-wrapper eb-parent-eb-wrapper-kiu5m \"><div class=\"eb-wrapper-outer eb-wrapper-kiu5m\"><div class=\"eb-wrapper-inner\"><div class=\"eb-wrapper-inner-blocks eb-wrapper-align-center\">\n<div class=\"wp-block-essential-blocks-row alignfull  root-eb-row-vp5zx\"><div class=\"eb-parent-wrapper eb-parent-eb-row-vp5zx \"><div class=\"eb-row-root-container eb-row-vp5zx\" data-id=\"eb-row-vp5zx\"><div class=\"eb-row-wrapper\"><div class=\"eb-row-inner\">\n<div class=\"wp-block-essential-blocks-column  root-eb-column-wbb44\"><div class=\"eb-parent-wrapper eb-parent-eb-column-wbb44 \"><div class=\"eb-column-wrapper eb-column-wbb44\"><div class=\"eb-column-inner\">\n<div class=\"wp-block-essential-blocks-wrapper alignfull  root-eb-wrapper-8eqic\"><div class=\"eb-parent-wrapper eb-parent-eb-wrapper-8eqic \"><div class=\"eb-wrapper-outer eb-wrapper-8eqic\"><div class=\"eb-wrapper-inner\"><div class=\"eb-wrapper-inner-blocks eb-wrapper-align-center\">\n<div class=\"wp-block-essential-blocks-row alignfull  root-eb-row-69nlq\"><div class=\"eb-parent-wrapper eb-parent-eb-row-69nlq \"><div class=\"eb-row-root-container eb-row-69nlq\" data-id=\"eb-row-69nlq\"><div class=\"eb-row-wrapper\"><div class=\"eb-row-inner\">\n<div class=\"wp-block-essential-blocks-column  root-eb-column-4o7fv\"><div class=\"eb-parent-wrapper eb-parent-eb-column-4o7fv \"><div class=\"eb-column-wrapper eb-column-4o7fv\"><div class=\"eb-column-inner\">\n<h2 class=\"wp-block-heading has-text-align-left has-x-large-font-size\">Aquecedor Zibro Laser Clean LC-4047<\/h2>\n\n\n\n<p>O Aquecedor Zibro Laser Clean LC-4047 \u00e9 um aquecedor a parafina de alto desempenho e combust\u00e3o limpa, concebido para proporcionar um aquecimento seguro, eficiente e econ\u00f3mico. Com o seu queimador eletr\u00f3nico de 4,65 kW, pode aquecer espa\u00e7os at\u00e9 190 m\u00b3, tornando-o perfeito para grandes \u00e1reas de estar, escrit\u00f3rios, oficinas, casas de f\u00e9rias e espa\u00e7os comerciais. <\/p>\n\n\n\n<p>Gra\u00e7as ao seu design sem pavio e sem conduta e \u00e0 ventoinha incorporada, o calor \u00e9 distribu\u00eddo de forma uniforme e silenciosa por toda a divis\u00e3o, criando um ambiente confort\u00e1vel e acolhedor quase instantaneamente.<\/p>\n\n\n\n<h2 class=\"wp-block-heading\">Aquecimento Inteligente e Eficiente<\/h2>\n\n\n\n<p>O LC-4047 apresenta <strong>funcionamento semiautom\u00e1tico<\/strong> com um <strong>temporizador program\u00e1vel de 24 horas<\/strong> e term\u00f3stato integrado, permitindo-lhe manter sem esfor\u00e7o a temperatura ambiente desejada. O seu <strong>modo \u201cSAVE\u201d<\/strong> mant\u00e9m a temperatura est\u00e1vel com um consumo m\u00ednimo. <\/p>\n\n\n\n<p>A <strong>tecnologia Fuzzy Logic<\/strong> melhora ainda mais a efici\u00eancia, calculando o tempo de funcionamento ideal com base na dimens\u00e3o da divis\u00e3o e na temperatura atual. Tamb\u00e9m deteta res\u00edduos na c\u00e2mara de combust\u00e3o para garantir uma combust\u00e3o limpa e sem odores e autodiagnostica potenciais avarias para um funcionamento seguro. <\/p>\n\n\n\n<h2 class=\"wp-block-heading\">Funcionalidades de seguran\u00e7a avan\u00e7adas<\/h2>\n\n\n\n<p>A seguran\u00e7a \u00e9 uma prioridade m\u00e1xima com o LC-4047. Vem equipado com: <\/p>\n\n\n\n<ul class=\"wp-block-list\">\n<li><strong>Interruptor de prote\u00e7\u00e3o contra tombamento<\/strong><\/li>\n\n\n\n<li><strong>Dispositivo de seguran\u00e7a de igni\u00e7\u00e3o<\/strong><\/li>\n\n\n\n<li><strong>Dispositivo de controlo de combust\u00e3o<\/strong><\/li>\n\n\n\n<li><strong>Dispositivo de seguran\u00e7a contra falhas de energia<\/strong><\/li>\n\n\n\n<li><strong>Interruptor de limite m\u00e1ximo\/protetor contra sobreaquecimento<\/strong><\/li>\n\n\n\n<li><strong>Haste de chama\/term\u00edstor do queimador<\/strong> para dete\u00e7\u00e3o de combust\u00e3o incompleta<\/li>\n<\/ul>\n\n\n\n<p class=\"has-text-align-left\">Com a <strong>simplicidade plug-and-play<\/strong>, o Zibro LC-4047 proporciona um aquecimento fi\u00e1vel, seguro e altamente eficiente sem necessidade de instala\u00e7\u00e3o.<\/p>\n<\/div><\/div><\/div><\/div>\n<\/div><\/div><\/div><\/div><\/div>\n<\/div><\/div><\/div><\/div><\/div>\n\n\n\n<div style=\"height:80px\" aria-hidden=\"true\" class=\"wp-block-spacer\"><\/div>\n\n\n\n<div class=\"wp-block-essential-blocks-wrapper alignfull  root-eb-wrapper-0pft6\"><div class=\"eb-parent-wrapper eb-parent-eb-wrapper-0pft6 \"><div class=\"eb-wrapper-outer eb-wrapper-0pft6\"><div class=\"eb-wrapper-inner\"><div class=\"eb-wrapper-inner-blocks eb-wrapper-align-center\">\n<div class=\"wp-block-essential-blocks-row alignfull  root-eb-row-htqol\"><div class=\"eb-parent-wrapper eb-parent-eb-row-htqol \"><div class=\"eb-row-root-container eb-row-htqol\" data-id=\"eb-row-htqol\"><div class=\"eb-row-wrapper\"><div class=\"eb-row-inner\">\n<div class=\"wp-block-essential-blocks-column  root-eb-column-eoyr7\"><div class=\"eb-parent-wrapper eb-parent-eb-column-eoyr7 \"><div class=\"eb-column-wrapper eb-column-eoyr7\"><div class=\"eb-column-inner\">\n<h2 class=\"wp-block-heading has-text-align-center has-xxx-large-font-size\">Inclui<\/h2>\n<\/div><\/div><\/div><\/div>\n<\/div><\/div><\/div><\/div><\/div>\n<\/div><\/div><\/div><\/div><\/div>\n\n\n\n<div class=\"wp-block-essential-blocks-wrapper alignfull  root-eb-wrapper-yauuv\"><div class=\"eb-parent-wrapper eb-parent-eb-wrapper-yauuv \"><div class=\"eb-wrapper-outer eb-wrapper-yauuv\"><div class=\"eb-wrapper-inner\"><div class=\"eb-wrapper-inner-blocks eb-wrapper-align-center\">\n<div class=\"wp-block-essential-blocks-row alignfull  root-eb-row-j9w3g\"><div class=\"eb-parent-wrapper eb-parent-eb-row-j9w3g \"><div class=\"eb-row-root-container eb-row-j9w3g\" data-id=\"eb-row-j9w3g\"><div class=\"eb-row-wrapper\"><div class=\"eb-row-inner\">\n<div class=\"wp-block-essential-blocks-column  root-eb-column-79he7\"><div class=\"eb-parent-wrapper eb-parent-eb-column-79he7 \"><div class=\"eb-column-wrapper eb-column-79he7\"><div class=\"eb-column-inner\">\n<figure class=\"wp-block-image size-full has-custom-border\"><img loading=\"lazy\" decoding=\"async\" width=\"800\" height=\"550\" src=\"https:\/\/www.toyotomi.eu\/wp-content\/uploads\/2024\/10\/manual-fuel-syphon-pump.jpg\" alt=\"Tubo de alimenta&#xE7;&#xE3;o m&#xE9;dico flex&#xED;vel com conector vermelho para precis&#xE3;o e seguran&#xE7;a.\" class=\"wp-image-25016\" style=\"border-radius:4px\" srcset=\"https:\/\/www.toyotomi.eu\/wp-content\/uploads\/2024\/10\/manual-fuel-syphon-pump.jpg 800w, https:\/\/www.toyotomi.eu\/wp-content\/uploads\/2024\/10\/manual-fuel-syphon-pump-300x206.jpg 300w, https:\/\/www.toyotomi.eu\/wp-content\/uploads\/2024\/10\/manual-fuel-syphon-pump-768x528.jpg 768w, https:\/\/www.toyotomi.eu\/wp-content\/uploads\/2024\/10\/manual-fuel-syphon-pump-441x303.jpg 441w, https:\/\/www.toyotomi.eu\/wp-content\/uploads\/2024\/10\/manual-fuel-syphon-pump-150x103.jpg 150w\" sizes=\"auto, (max-width: 800px) 100vw, 800px\" \/><\/figure>\n<\/div><\/div><\/div><\/div>\n\n\n\n<div class=\"wp-block-essential-blocks-column  root-eb-column-fbtim\"><div class=\"eb-parent-wrapper eb-parent-eb-column-fbtim \"><div class=\"eb-column-wrapper eb-column-fbtim\"><div class=\"eb-column-inner\">\n<h2 class=\"wp-block-heading has-x-large-font-size\"><strong>Bomba de Sif\u00e3o Manual<\/strong><\/h2>\n\n\n\n<p>O Zibro LC-4047 inclui uma bomba de sif\u00e3o manual em cada caixa como acess\u00f3rio padr\u00e3o, utilizada para reabastecer o seu aquecedor com combust\u00edvel. Esta ferramenta simples e pr\u00e1tica facilita a transfer\u00eancia de combust\u00edvel e ajuda a evitar derrames durante o reabastecimento. <\/p>\n<\/div><\/div><\/div><\/div>\n<\/div><\/div><\/div><\/div><\/div>\n<\/div><\/div><\/div><\/div><\/div>\n\n\n\n<div class=\"wp-block-essential-blocks-wrapper alignfull  root-eb-wrapper-e5ush\"><div class=\"eb-parent-wrapper eb-parent-eb-wrapper-e5ush \"><div class=\"eb-wrapper-outer eb-wrapper-e5ush\"><div class=\"eb-wrapper-inner\"><div class=\"eb-wrapper-inner-blocks eb-wrapper-align-center\">\n<div class=\"wp-block-essential-blocks-row alignfull  root-eb-row-vtf3p\"><div class=\"eb-parent-wrapper eb-parent-eb-row-vtf3p \"><div class=\"eb-row-root-container eb-row-vtf3p\" data-id=\"eb-row-vtf3p\"><div class=\"eb-row-wrapper\"><div class=\"eb-row-inner\">\n<div class=\"wp-block-essential-blocks-column  root-eb-column-taoxq\"><div class=\"eb-parent-wrapper eb-parent-eb-column-taoxq \"><div class=\"eb-column-wrapper eb-column-taoxq\"><div class=\"eb-column-inner\">\n<h2 class=\"wp-block-heading has-x-large-font-size\"><strong><strong>Dep\u00f3sito de Combust\u00edvel Remov\u00edvel<\/strong><\/strong><\/h2>\n\n\n\n<p>O Zibro LC-4047 inclui um dep\u00f3sito de combust\u00edvel amov\u00edvel com uma pega integrada e uma tampa \u00e0 prova de derrames, tornando o reabastecimento seguro, limpo e conveniente. O design garante mudan\u00e7as r\u00e1pidas do dep\u00f3sito sem interromper o seu conforto ou criar sujidade. <\/p>\n<\/div><\/div><\/div><\/div>\n\n\n\n<div class=\"wp-block-essential-blocks-column  root-eb-column-eqx21\"><div class=\"eb-parent-wrapper eb-parent-eb-column-eqx21 \"><div class=\"eb-column-wrapper eb-column-eqx21\"><div class=\"eb-column-inner\">\n<figure class=\"wp-block-image size-full has-custom-border\"><img loading=\"lazy\" decoding=\"async\" width=\"800\" height=\"550\" src=\"https:\/\/www.toyotomi.eu\/wp-content\/uploads\/2025\/07\/toyotomi-removable-fuel-tank.jpg\" alt=\"Texto alternativo: Close-up do aquecedor Toyotomi com autocolante vermelho do programa de fideliza&#xE7;&#xE3;o, acabamento prateado.\" class=\"wp-image-24332\" style=\"border-radius:4px\" srcset=\"https:\/\/www.toyotomi.eu\/wp-content\/uploads\/2025\/07\/toyotomi-removable-fuel-tank.jpg 800w, https:\/\/www.toyotomi.eu\/wp-content\/uploads\/2025\/07\/toyotomi-removable-fuel-tank-300x206.jpg 300w, https:\/\/www.toyotomi.eu\/wp-content\/uploads\/2025\/07\/toyotomi-removable-fuel-tank-768x528.jpg 768w, https:\/\/www.toyotomi.eu\/wp-content\/uploads\/2025\/07\/toyotomi-removable-fuel-tank-441x303.jpg 441w, https:\/\/www.toyotomi.eu\/wp-content\/uploads\/2025\/07\/toyotomi-removable-fuel-tank-150x103.jpg 150w\" sizes=\"auto, (max-width: 800px) 100vw, 800px\" \/><\/figure>\n<\/div><\/div><\/div><\/div>\n<\/div><\/div><\/div><\/div><\/div>\n<\/div><\/div><\/div><\/div><\/div>\n<\/div><\/div><\/div><\/div>\n<\/div><\/div><\/div><\/div><\/div>\n<\/div><\/div><\/div><\/div><\/div>\n","protected":false},"excerpt":{"rendered":"<p>O aquecedor Zibro Laser Clean LC-4047 apresenta o mais recente queimador eletr\u00f3nico de 4,65 kW e oferece um calor limpo, eficiente e econ\u00f3mico. O aquecedor n\u00e3o requer instala\u00e7\u00e3o, apenas precisa de ser ligado a uma tomada el\u00e9trica. \u00c9 f\u00e1cil de operar e \u00e9 capaz de aquecer espa\u00e7os at\u00e9 190 m\u00b3. Com um consumo de energia de apenas 23 watts durante o funcionamento, o LC-4047 representa uma solu\u00e7\u00e3o de aquecimento sem conduta segura, altamente eficiente e econ\u00f3mica.   <\/p>\n<p><strong>SKU:<\/strong> LC-4047<br \/>\n<strong>EAN:<\/strong> 4963505732035<\/p>\n","protected":false},"featured_media":0,"template":"","meta":{"_acf_changed":false,"_eb_attr":""},"product_brand":[],"product_cat":[6009],"product_tag":[],"class_list":{"0":"post-48732","1":"product","2":"type-product","3":"status-publish","5":"product_cat-aquecedores-eletronicos","7":"first","8":"instock","9":"taxable","10":"shipping-taxable","11":"product-type-simple"},"acf":[],"yoast_head":"<!-- This site is optimized with the Yoast SEO plugin v27.4 - https:\/\/yoast.com\/product\/yoast-seo-wordpress\/ -->\n<title>Zibro LC-4047 - Toyotomi<\/title>\n<meta name=\"robots\" content=\"index, follow, max-snippet:-1, max-image-preview:large, max-video-preview:-1\" \/>\n<link rel=\"canonical\" href=\"https:\/\/www.toyotomi.eu\/pt\/produto\/zibro-lc-4047\/\" \/>\n<meta property=\"og:locale\" content=\"pt_PT\" \/>\n<meta property=\"og:type\" content=\"article\" \/>\n<meta property=\"og:title\" content=\"Zibro LC-4047 - Toyotomi\" \/>\n<meta property=\"og:description\" content=\"O aquecedor Zibro Laser Clean LC-4047 apresenta o mais recente queimador eletr\u00f3nico de 4,65 kW e oferece um calor limpo, eficiente e econ\u00f3mico. O aquecedor n\u00e3o requer instala\u00e7\u00e3o, apenas precisa de ser ligado a uma tomada el\u00e9trica. \u00c9 f\u00e1cil de operar e \u00e9 capaz de aquecer espa\u00e7os at\u00e9 190 m\u00b3. Com um consumo de energia de apenas 23 watts durante o funcionamento, o LC-4047 representa uma solu\u00e7\u00e3o de aquecimento sem conduta segura, altamente eficiente e econ\u00f3mica.   SKU: LC-4047 EAN: 4963505732035\" \/>\n<meta property=\"og:url\" content=\"https:\/\/www.toyotomi.eu\/pt\/produto\/zibro-lc-4047\/\" \/>\n<meta property=\"og:site_name\" content=\"Toyotomi\" \/>\n<meta property=\"article:modified_time\" content=\"2026-01-20T07:51:01+00:00\" \/>\n<meta property=\"og:image\" content=\"https:\/\/www.toyotomi.eu\/wp-content\/uploads\/2022\/12\/LC-4047-530-NF-scaled.jpg\" \/>\n\t<meta property=\"og:image:width\" content=\"2560\" \/>\n\t<meta property=\"og:image:height\" content=\"2286\" \/>\n\t<meta property=\"og:image:type\" content=\"image\/jpeg\" \/>\n<meta name=\"twitter:card\" content=\"summary_large_image\" \/>\n<script type=\"application\/ld+json\" class=\"yoast-schema-graph\">{\"@context\":\"https:\\\/\\\/schema.org\",\"@graph\":[{\"@type\":\"WebPage\",\"@id\":\"https:\\\/\\\/www.toyotomi.eu\\\/pt\\\/produto\\\/zibro-lc-4047\\\/\",\"url\":\"https:\\\/\\\/www.toyotomi.eu\\\/pt\\\/produto\\\/zibro-lc-4047\\\/\",\"name\":\"Zibro LC-4047 - Toyotomi\",\"isPartOf\":{\"@id\":\"https:\\\/\\\/www.toyotomi.eu\\\/pt\\\/#website\"},\"datePublished\":\"2025-01-01T01:01:00+00:00\",\"dateModified\":\"2026-01-20T07:51:01+00:00\",\"breadcrumb\":{\"@id\":\"https:\\\/\\\/www.toyotomi.eu\\\/pt\\\/produto\\\/zibro-lc-4047\\\/#breadcrumb\"},\"inLanguage\":\"pt-PT\",\"potentialAction\":[{\"@type\":\"ReadAction\",\"target\":[\"https:\\\/\\\/www.toyotomi.eu\\\/pt\\\/produto\\\/zibro-lc-4047\\\/\"]}]},{\"@type\":\"BreadcrumbList\",\"@id\":\"https:\\\/\\\/www.toyotomi.eu\\\/pt\\\/produto\\\/zibro-lc-4047\\\/#breadcrumb\",\"itemListElement\":[{\"@type\":\"ListItem\",\"position\":1,\"name\":\"In\u00edcio\",\"item\":\"https:\\\/\\\/www.toyotomi.eu\\\/pt\\\/\"},{\"@type\":\"ListItem\",\"position\":2,\"name\":\"Todos os produtos\",\"item\":\"https:\\\/\\\/www.toyotomi.eu\\\/pt\\\/todos-os-produtos\\\/\"},{\"@type\":\"ListItem\",\"position\":3,\"name\":\"Zibro LC-4047\"}]},{\"@type\":\"WebSite\",\"@id\":\"https:\\\/\\\/www.toyotomi.eu\\\/pt\\\/#website\",\"url\":\"https:\\\/\\\/www.toyotomi.eu\\\/pt\\\/\",\"name\":\"Toyotomi\",\"description\":\"\",\"publisher\":{\"@id\":\"https:\\\/\\\/www.toyotomi.eu\\\/pt\\\/#organization\"},\"potentialAction\":[{\"@type\":\"SearchAction\",\"target\":{\"@type\":\"EntryPoint\",\"urlTemplate\":\"https:\\\/\\\/www.toyotomi.eu\\\/pt\\\/?s={search_term_string}\"},\"query-input\":{\"@type\":\"PropertyValueSpecification\",\"valueRequired\":true,\"valueName\":\"search_term_string\"}}],\"inLanguage\":\"pt-PT\"},{\"@type\":\"Organization\",\"@id\":\"https:\\\/\\\/www.toyotomi.eu\\\/pt\\\/#organization\",\"name\":\"Toyotomi Europe Sales B.V.\",\"alternateName\":\"Toyotomi\",\"url\":\"https:\\\/\\\/www.toyotomi.eu\\\/pt\\\/\",\"logo\":{\"@type\":\"ImageObject\",\"inLanguage\":\"pt-PT\",\"@id\":\"https:\\\/\\\/www.toyotomi.eu\\\/pt\\\/#\\\/schema\\\/logo\\\/image\\\/\",\"url\":\"https:\\\/\\\/www.toyotomi.eu\\\/wp-content\\\/uploads\\\/2025\\\/10\\\/logo.png\",\"contentUrl\":\"https:\\\/\\\/www.toyotomi.eu\\\/wp-content\\\/uploads\\\/2025\\\/10\\\/logo.png\",\"width\":1360,\"height\":304,\"caption\":\"Toyotomi Europe Sales B.V.\"},\"image\":{\"@id\":\"https:\\\/\\\/www.toyotomi.eu\\\/pt\\\/#\\\/schema\\\/logo\\\/image\\\/\"}}]}<\/script>\n<!-- \/ Yoast SEO plugin. -->","yoast_head_json":{"title":"Zibro LC-4047 - Toyotomi","robots":{"index":"index","follow":"follow","max-snippet":"max-snippet:-1","max-image-preview":"max-image-preview:large","max-video-preview":"max-video-preview:-1"},"canonical":"https:\/\/www.toyotomi.eu\/pt\/produto\/zibro-lc-4047\/","og_locale":"pt_PT","og_type":"article","og_title":"Zibro LC-4047 - Toyotomi","og_description":"O aquecedor Zibro Laser Clean LC-4047 apresenta o mais recente queimador eletr\u00f3nico de 4,65 kW e oferece um calor limpo, eficiente e econ\u00f3mico. O aquecedor n\u00e3o requer instala\u00e7\u00e3o, apenas precisa de ser ligado a uma tomada el\u00e9trica. \u00c9 f\u00e1cil de operar e \u00e9 capaz de aquecer espa\u00e7os at\u00e9 190 m\u00b3. Com um consumo de energia de apenas 23 watts durante o funcionamento, o LC-4047 representa uma solu\u00e7\u00e3o de aquecimento sem conduta segura, altamente eficiente e econ\u00f3mica.   SKU: LC-4047 EAN: 4963505732035","og_url":"https:\/\/www.toyotomi.eu\/pt\/produto\/zibro-lc-4047\/","og_site_name":"Toyotomi","article_modified_time":"2026-01-20T07:51:01+00:00","og_image":[{"width":2560,"height":2286,"url":"https:\/\/www.toyotomi.eu\/wp-content\/uploads\/2022\/12\/LC-4047-530-NF-scaled.jpg","type":"image\/jpeg"}],"twitter_card":"summary_large_image","schema":{"@context":"https:\/\/schema.org","@graph":[{"@type":"WebPage","@id":"https:\/\/www.toyotomi.eu\/pt\/produto\/zibro-lc-4047\/","url":"https:\/\/www.toyotomi.eu\/pt\/produto\/zibro-lc-4047\/","name":"Zibro LC-4047 - Toyotomi","isPartOf":{"@id":"https:\/\/www.toyotomi.eu\/pt\/#website"},"datePublished":"2025-01-01T01:01:00+00:00","dateModified":"2026-01-20T07:51:01+00:00","breadcrumb":{"@id":"https:\/\/www.toyotomi.eu\/pt\/produto\/zibro-lc-4047\/#breadcrumb"},"inLanguage":"pt-PT","potentialAction":[{"@type":"ReadAction","target":["https:\/\/www.toyotomi.eu\/pt\/produto\/zibro-lc-4047\/"]}]},{"@type":"BreadcrumbList","@id":"https:\/\/www.toyotomi.eu\/pt\/produto\/zibro-lc-4047\/#breadcrumb","itemListElement":[{"@type":"ListItem","position":1,"name":"In\u00edcio","item":"https:\/\/www.toyotomi.eu\/pt\/"},{"@type":"ListItem","position":2,"name":"Todos os produtos","item":"https:\/\/www.toyotomi.eu\/pt\/todos-os-produtos\/"},{"@type":"ListItem","position":3,"name":"Zibro LC-4047"}]},{"@type":"WebSite","@id":"https:\/\/www.toyotomi.eu\/pt\/#website","url":"https:\/\/www.toyotomi.eu\/pt\/","name":"Toyotomi","description":"","publisher":{"@id":"https:\/\/www.toyotomi.eu\/pt\/#organization"},"potentialAction":[{"@type":"SearchAction","target":{"@type":"EntryPoint","urlTemplate":"https:\/\/www.toyotomi.eu\/pt\/?s={search_term_string}"},"query-input":{"@type":"PropertyValueSpecification","valueRequired":true,"valueName":"search_term_string"}}],"inLanguage":"pt-PT"},{"@type":"Organization","@id":"https:\/\/www.toyotomi.eu\/pt\/#organization","name":"Toyotomi Europe Sales B.V.","alternateName":"Toyotomi","url":"https:\/\/www.toyotomi.eu\/pt\/","logo":{"@type":"ImageObject","inLanguage":"pt-PT","@id":"https:\/\/www.toyotomi.eu\/pt\/#\/schema\/logo\/image\/","url":"https:\/\/www.toyotomi.eu\/wp-content\/uploads\/2025\/10\/logo.png","contentUrl":"https:\/\/www.toyotomi.eu\/wp-content\/uploads\/2025\/10\/logo.png","width":1360,"height":304,"caption":"Toyotomi Europe Sales B.V."},"image":{"@id":"https:\/\/www.toyotomi.eu\/pt\/#\/schema\/logo\/image\/"}}]}},"_links":{"self":[{"href":"https:\/\/www.toyotomi.eu\/pt\/wp-json\/wp\/v2\/product\/48732","targetHints":{"allow":["GET"]}}],"collection":[{"href":"https:\/\/www.toyotomi.eu\/pt\/wp-json\/wp\/v2\/product"}],"about":[{"href":"https:\/\/www.toyotomi.eu\/pt\/wp-json\/wp\/v2\/types\/product"}],"wp:attachment":[{"href":"https:\/\/www.toyotomi.eu\/pt\/wp-json\/wp\/v2\/media?parent=48732"}],"wp:term":[{"taxonomy":"product_brand","embeddable":true,"href":"https:\/\/www.toyotomi.eu\/pt\/wp-json\/wp\/v2\/product_brand?post=48732"},{"taxonomy":"product_cat","embeddable":true,"href":"https:\/\/www.toyotomi.eu\/pt\/wp-json\/wp\/v2\/product_cat?post=48732"},{"taxonomy":"product_tag","embeddable":true,"href":"https:\/\/www.toyotomi.eu\/pt\/wp-json\/wp\/v2\/product_tag?post=48732"}],"curies":[{"name":"wp","href":"https:\/\/api.w.org\/{rel}","templated":true}]}}