{"id":48722,"date":"2025-01-01T02:01:00","date_gmt":"2025-01-01T01:01:00","guid":{"rendered":"https:\/\/www.toyotomi.eu\/product\/toyotomi-nova-20l\/"},"modified":"2025-12-11T23:53:25","modified_gmt":"2025-12-11T23:53:25","slug":"toyotomi-nova-20l","status":"publish","type":"product","link":"https:\/\/www.toyotomi.eu\/pt\/produto\/toyotomi-nova-20l\/","title":{"rendered":"TOYOTOMI NOVA 20L"},"content":{"rendered":"\n<div class=\"wp-block-essential-blocks-wrapper alignfull  root-eb-wrapper-kiu5m\"><div class=\"eb-parent-wrapper eb-parent-eb-wrapper-kiu5m \"><div class=\"eb-wrapper-outer eb-wrapper-kiu5m\"><div class=\"eb-wrapper-inner\"><div class=\"eb-wrapper-inner-blocks eb-wrapper-align-center\">\n<div class=\"wp-block-essential-blocks-row alignfull  root-eb-row-vp5zx\"><div class=\"eb-parent-wrapper eb-parent-eb-row-vp5zx \"><div class=\"eb-row-root-container eb-row-vp5zx\" data-id=\"eb-row-vp5zx\"><div class=\"eb-row-wrapper\"><div class=\"eb-row-inner\">\n<div class=\"wp-block-essential-blocks-column  root-eb-column-wbb44\"><div class=\"eb-parent-wrapper eb-parent-eb-column-wbb44 \"><div class=\"eb-column-wrapper eb-column-wbb44\"><div class=\"eb-column-inner\">\n<h2 class=\"wp-block-heading has-text-align-left has-x-large-font-size\"><strong>Toyotomi NOVA<\/strong><\/h2>\n<\/div><\/div><\/div><\/div>\n<\/div><\/div><\/div><\/div><\/div>\n<\/div><\/div><\/div><\/div><\/div>\n\n<div class=\"wp-block-essential-blocks-wrapper  root-eb-wrapper-ssrt0\"><div class=\"eb-parent-wrapper eb-parent-eb-wrapper-ssrt0 \"><div class=\"eb-wrapper-outer eb-wrapper-ssrt0\"><div class=\"eb-wrapper-inner\"><div class=\"eb-wrapper-inner-blocks eb-wrapper-align-center\">\n<div class=\"wp-block-essential-blocks-row alignfull  root-eb-row-d9519\"><div class=\"eb-parent-wrapper eb-parent-eb-row-d9519 \"><div class=\"eb-row-root-container eb-row-d9519\" data-id=\"eb-row-d9519\"><div class=\"eb-row-wrapper\"><div class=\"eb-row-inner\">\n<div class=\"wp-block-essential-blocks-column  root-eb-column-ols1f\"><div class=\"eb-parent-wrapper eb-parent-eb-column-ols1f \"><div class=\"eb-column-wrapper eb-column-ols1f\"><div class=\"eb-column-inner\">\n<h3 class=\"wp-block-heading\">Redu\u00e7\u00e3o de CO\u2082<\/h3>\n\n\n\n<p>integra\u00e7\u00e3o de 10% de energia biocircular renov\u00e1vel para reduzir as emiss\u00f5es de CO\u2082<\/p>\n<\/div><\/div><\/div><\/div>\n\n\n\n<div class=\"wp-block-essential-blocks-column  root-eb-column-0ghfj\"><div class=\"eb-parent-wrapper eb-parent-eb-column-0ghfj \"><div class=\"eb-column-wrapper eb-column-0ghfj\"><div class=\"eb-column-inner\">\n<h3 class=\"wp-block-heading\">Certificado<\/h3>\n\n\n\n<p>Certificado pela ISCC+, o Toyotomi Nova proporciona uma combust\u00e3o limpa, segura e inodora<\/p>\n<\/div><\/div><\/div><\/div>\n\n\n\n<div class=\"wp-block-essential-blocks-column  root-eb-column-ytavv\"><div class=\"eb-parent-wrapper eb-parent-eb-column-ytavv \"><div class=\"eb-column-wrapper eb-column-ytavv\"><div class=\"eb-column-inner\">\n<h3 class=\"wp-block-heading\">100% PET<\/h3>\n\n\n\n<p>Embalado em garrafas PET 100% recicl\u00e1veis com tampas de seguran\u00e7a para crian\u00e7as<\/p>\n<\/div><\/div><\/div><\/div>\n\n\n\n<div class=\"wp-block-essential-blocks-column  root-eb-column-syd5z\"><div class=\"eb-parent-wrapper eb-parent-eb-column-syd5z \"><div class=\"eb-column-wrapper eb-column-syd5z\"><div class=\"eb-column-inner\">\n<h3 class=\"wp-block-heading\">Combust\u00e3o Limpa<\/h3>\n\n\n\n<p>Garante uma combust\u00e3o segura e limpa, sem comprometer o conforto ou o desempenho.<\/p>\n<\/div><\/div><\/div><\/div>\n<\/div><\/div><\/div><\/div><\/div>\n<\/div><\/div><\/div><\/div><\/div>\n","protected":false},"excerpt":{"rendered":"<p>O Toyotomi NOVA \u00e9 um combust\u00edvel de parafina inovador produzido com uma abordagem de balan\u00e7o de massa coprocessada, integrando 10% de energia bio-circular renov\u00e1vel para reduzir as emiss\u00f5es de CO\u2082 sem comprometer o conforto ou o desempenho. Certificado pelo ISCC+, proporciona uma combust\u00e3o limpa, segura e sem odores, testada para todos os aquecedores Toyotomi e compat\u00edvel com todos os modelos a parafina. Embalado em garrafas PET 100% recicl\u00e1veis com tampas \u00e0 prova de crian\u00e7as, o NOVA oferece uma solu\u00e7\u00e3o sustent\u00e1vel e fi\u00e1vel para o aquecimento dom\u00e9stico.  <\/p>\n","protected":false},"featured_media":62452,"template":"","meta":{"_acf_changed":false,"_eb_attr":""},"product_brand":[],"product_cat":[6011],"product_tag":[],"class_list":{"0":"post-48722","1":"product","2":"type-product","3":"status-publish","4":"has-post-thumbnail","6":"product_cat-combustivel","8":"first","9":"instock","10":"taxable","11":"shipping-taxable","12":"product-type-simple"},"acf":[],"yoast_head":"<!-- This site is optimized with the Yoast SEO plugin v27.4 - https:\/\/yoast.com\/product\/yoast-seo-wordpress\/ -->\n<title>TOYOTOMI NOVA 20L - Toyotomi<\/title>\n<meta name=\"robots\" content=\"index, follow, max-snippet:-1, max-image-preview:large, max-video-preview:-1\" \/>\n<link rel=\"canonical\" href=\"https:\/\/www.toyotomi.eu\/pt\/produto\/toyotomi-nova-20l\/\" \/>\n<meta property=\"og:locale\" content=\"pt_PT\" \/>\n<meta property=\"og:type\" content=\"article\" \/>\n<meta property=\"og:title\" content=\"TOYOTOMI NOVA 20L - Toyotomi\" \/>\n<meta property=\"og:description\" content=\"O Toyotomi NOVA \u00e9 um combust\u00edvel de parafina inovador produzido com uma abordagem de balan\u00e7o de massa coprocessada, integrando 10% de energia bio-circular renov\u00e1vel para reduzir as emiss\u00f5es de CO\u2082 sem comprometer o conforto ou o desempenho. Certificado pelo ISCC+, proporciona uma combust\u00e3o limpa, segura e sem odores, testada para todos os aquecedores Toyotomi e compat\u00edvel com todos os modelos a parafina. Embalado em garrafas PET 100% recicl\u00e1veis com tampas \u00e0 prova de crian\u00e7as, o NOVA oferece uma solu\u00e7\u00e3o sustent\u00e1vel e fi\u00e1vel para o aquecimento dom\u00e9stico.\" \/>\n<meta property=\"og:url\" content=\"https:\/\/www.toyotomi.eu\/pt\/produto\/toyotomi-nova-20l\/\" \/>\n<meta property=\"og:site_name\" content=\"Toyotomi\" \/>\n<meta property=\"article:modified_time\" content=\"2025-12-11T23:53:25+00:00\" \/>\n<meta property=\"og:image\" content=\"https:\/\/www.toyotomi.eu\/wp-content\/uploads\/2025\/05\/Can_20L_NOVA_Bottled_Holland_ES_2024-1.jpg\" \/>\n\t<meta property=\"og:image:width\" content=\"1000\" \/>\n\t<meta property=\"og:image:height\" content=\"1000\" \/>\n\t<meta property=\"og:image:type\" content=\"image\/jpeg\" \/>\n<meta name=\"twitter:card\" content=\"summary_large_image\" \/>\n<script type=\"application\/ld+json\" class=\"yoast-schema-graph\">{\"@context\":\"https:\\\/\\\/schema.org\",\"@graph\":[{\"@type\":\"WebPage\",\"@id\":\"https:\\\/\\\/www.toyotomi.eu\\\/pt\\\/produto\\\/toyotomi-nova-20l\\\/\",\"url\":\"https:\\\/\\\/www.toyotomi.eu\\\/pt\\\/produto\\\/toyotomi-nova-20l\\\/\",\"name\":\"TOYOTOMI NOVA 20L - Toyotomi\",\"isPartOf\":{\"@id\":\"https:\\\/\\\/www.toyotomi.eu\\\/pt\\\/#website\"},\"primaryImageOfPage\":{\"@id\":\"https:\\\/\\\/www.toyotomi.eu\\\/pt\\\/produto\\\/toyotomi-nova-20l\\\/#primaryimage\"},\"image\":{\"@id\":\"https:\\\/\\\/www.toyotomi.eu\\\/pt\\\/produto\\\/toyotomi-nova-20l\\\/#primaryimage\"},\"thumbnailUrl\":\"https:\\\/\\\/www.toyotomi.eu\\\/wp-content\\\/uploads\\\/2026\\\/03\\\/PIC_TOYOTOMI-NOVA-20L_2560x2560.png\",\"datePublished\":\"2025-01-01T01:01:00+00:00\",\"dateModified\":\"2025-12-11T23:53:25+00:00\",\"breadcrumb\":{\"@id\":\"https:\\\/\\\/www.toyotomi.eu\\\/pt\\\/produto\\\/toyotomi-nova-20l\\\/#breadcrumb\"},\"inLanguage\":\"pt-PT\",\"potentialAction\":[{\"@type\":\"ReadAction\",\"target\":[\"https:\\\/\\\/www.toyotomi.eu\\\/pt\\\/produto\\\/toyotomi-nova-20l\\\/\"]}]},{\"@type\":\"ImageObject\",\"inLanguage\":\"pt-PT\",\"@id\":\"https:\\\/\\\/www.toyotomi.eu\\\/pt\\\/produto\\\/toyotomi-nova-20l\\\/#primaryimage\",\"url\":\"https:\\\/\\\/www.toyotomi.eu\\\/wp-content\\\/uploads\\\/2026\\\/03\\\/PIC_TOYOTOMI-NOVA-20L_2560x2560.png\",\"contentUrl\":\"https:\\\/\\\/www.toyotomi.eu\\\/wp-content\\\/uploads\\\/2026\\\/03\\\/PIC_TOYOTOMI-NOVA-20L_2560x2560.png\",\"width\":2560,\"height\":2560,\"caption\":\"Red Toyotomi Nova fuel container designed for efficient heating and bio-circular energy use.\"},{\"@type\":\"BreadcrumbList\",\"@id\":\"https:\\\/\\\/www.toyotomi.eu\\\/pt\\\/produto\\\/toyotomi-nova-20l\\\/#breadcrumb\",\"itemListElement\":[{\"@type\":\"ListItem\",\"position\":1,\"name\":\"In\u00edcio\",\"item\":\"https:\\\/\\\/www.toyotomi.eu\\\/pt\\\/\"},{\"@type\":\"ListItem\",\"position\":2,\"name\":\"Todos os produtos\",\"item\":\"https:\\\/\\\/www.toyotomi.eu\\\/pt\\\/todos-os-produtos\\\/\"},{\"@type\":\"ListItem\",\"position\":3,\"name\":\"TOYOTOMI NOVA 20L\"}]},{\"@type\":\"WebSite\",\"@id\":\"https:\\\/\\\/www.toyotomi.eu\\\/pt\\\/#website\",\"url\":\"https:\\\/\\\/www.toyotomi.eu\\\/pt\\\/\",\"name\":\"Toyotomi\",\"description\":\"\",\"publisher\":{\"@id\":\"https:\\\/\\\/www.toyotomi.eu\\\/pt\\\/#organization\"},\"potentialAction\":[{\"@type\":\"SearchAction\",\"target\":{\"@type\":\"EntryPoint\",\"urlTemplate\":\"https:\\\/\\\/www.toyotomi.eu\\\/pt\\\/?s={search_term_string}\"},\"query-input\":{\"@type\":\"PropertyValueSpecification\",\"valueRequired\":true,\"valueName\":\"search_term_string\"}}],\"inLanguage\":\"pt-PT\"},{\"@type\":\"Organization\",\"@id\":\"https:\\\/\\\/www.toyotomi.eu\\\/pt\\\/#organization\",\"name\":\"Toyotomi Europe Sales B.V.\",\"alternateName\":\"Toyotomi\",\"url\":\"https:\\\/\\\/www.toyotomi.eu\\\/pt\\\/\",\"logo\":{\"@type\":\"ImageObject\",\"inLanguage\":\"pt-PT\",\"@id\":\"https:\\\/\\\/www.toyotomi.eu\\\/pt\\\/#\\\/schema\\\/logo\\\/image\\\/\",\"url\":\"https:\\\/\\\/www.toyotomi.eu\\\/wp-content\\\/uploads\\\/2025\\\/10\\\/logo.png\",\"contentUrl\":\"https:\\\/\\\/www.toyotomi.eu\\\/wp-content\\\/uploads\\\/2025\\\/10\\\/logo.png\",\"width\":1360,\"height\":304,\"caption\":\"Toyotomi Europe Sales B.V.\"},\"image\":{\"@id\":\"https:\\\/\\\/www.toyotomi.eu\\\/pt\\\/#\\\/schema\\\/logo\\\/image\\\/\"}}]}<\/script>\n<!-- \/ Yoast SEO plugin. -->","yoast_head_json":{"title":"TOYOTOMI NOVA 20L - Toyotomi","robots":{"index":"index","follow":"follow","max-snippet":"max-snippet:-1","max-image-preview":"max-image-preview:large","max-video-preview":"max-video-preview:-1"},"canonical":"https:\/\/www.toyotomi.eu\/pt\/produto\/toyotomi-nova-20l\/","og_locale":"pt_PT","og_type":"article","og_title":"TOYOTOMI NOVA 20L - Toyotomi","og_description":"O Toyotomi NOVA \u00e9 um combust\u00edvel de parafina inovador produzido com uma abordagem de balan\u00e7o de massa coprocessada, integrando 10% de energia bio-circular renov\u00e1vel para reduzir as emiss\u00f5es de CO\u2082 sem comprometer o conforto ou o desempenho. Certificado pelo ISCC+, proporciona uma combust\u00e3o limpa, segura e sem odores, testada para todos os aquecedores Toyotomi e compat\u00edvel com todos os modelos a parafina. Embalado em garrafas PET 100% recicl\u00e1veis com tampas \u00e0 prova de crian\u00e7as, o NOVA oferece uma solu\u00e7\u00e3o sustent\u00e1vel e fi\u00e1vel para o aquecimento dom\u00e9stico.","og_url":"https:\/\/www.toyotomi.eu\/pt\/produto\/toyotomi-nova-20l\/","og_site_name":"Toyotomi","article_modified_time":"2025-12-11T23:53:25+00:00","og_image":[{"width":1000,"height":1000,"url":"https:\/\/www.toyotomi.eu\/wp-content\/uploads\/2025\/05\/Can_20L_NOVA_Bottled_Holland_ES_2024-1.jpg","type":"image\/jpeg"}],"twitter_card":"summary_large_image","schema":{"@context":"https:\/\/schema.org","@graph":[{"@type":"WebPage","@id":"https:\/\/www.toyotomi.eu\/pt\/produto\/toyotomi-nova-20l\/","url":"https:\/\/www.toyotomi.eu\/pt\/produto\/toyotomi-nova-20l\/","name":"TOYOTOMI NOVA 20L - Toyotomi","isPartOf":{"@id":"https:\/\/www.toyotomi.eu\/pt\/#website"},"primaryImageOfPage":{"@id":"https:\/\/www.toyotomi.eu\/pt\/produto\/toyotomi-nova-20l\/#primaryimage"},"image":{"@id":"https:\/\/www.toyotomi.eu\/pt\/produto\/toyotomi-nova-20l\/#primaryimage"},"thumbnailUrl":"https:\/\/www.toyotomi.eu\/wp-content\/uploads\/2026\/03\/PIC_TOYOTOMI-NOVA-20L_2560x2560.png","datePublished":"2025-01-01T01:01:00+00:00","dateModified":"2025-12-11T23:53:25+00:00","breadcrumb":{"@id":"https:\/\/www.toyotomi.eu\/pt\/produto\/toyotomi-nova-20l\/#breadcrumb"},"inLanguage":"pt-PT","potentialAction":[{"@type":"ReadAction","target":["https:\/\/www.toyotomi.eu\/pt\/produto\/toyotomi-nova-20l\/"]}]},{"@type":"ImageObject","inLanguage":"pt-PT","@id":"https:\/\/www.toyotomi.eu\/pt\/produto\/toyotomi-nova-20l\/#primaryimage","url":"https:\/\/www.toyotomi.eu\/wp-content\/uploads\/2026\/03\/PIC_TOYOTOMI-NOVA-20L_2560x2560.png","contentUrl":"https:\/\/www.toyotomi.eu\/wp-content\/uploads\/2026\/03\/PIC_TOYOTOMI-NOVA-20L_2560x2560.png","width":2560,"height":2560,"caption":"Red Toyotomi Nova fuel container designed for efficient heating and bio-circular energy use."},{"@type":"BreadcrumbList","@id":"https:\/\/www.toyotomi.eu\/pt\/produto\/toyotomi-nova-20l\/#breadcrumb","itemListElement":[{"@type":"ListItem","position":1,"name":"In\u00edcio","item":"https:\/\/www.toyotomi.eu\/pt\/"},{"@type":"ListItem","position":2,"name":"Todos os produtos","item":"https:\/\/www.toyotomi.eu\/pt\/todos-os-produtos\/"},{"@type":"ListItem","position":3,"name":"TOYOTOMI NOVA 20L"}]},{"@type":"WebSite","@id":"https:\/\/www.toyotomi.eu\/pt\/#website","url":"https:\/\/www.toyotomi.eu\/pt\/","name":"Toyotomi","description":"","publisher":{"@id":"https:\/\/www.toyotomi.eu\/pt\/#organization"},"potentialAction":[{"@type":"SearchAction","target":{"@type":"EntryPoint","urlTemplate":"https:\/\/www.toyotomi.eu\/pt\/?s={search_term_string}"},"query-input":{"@type":"PropertyValueSpecification","valueRequired":true,"valueName":"search_term_string"}}],"inLanguage":"pt-PT"},{"@type":"Organization","@id":"https:\/\/www.toyotomi.eu\/pt\/#organization","name":"Toyotomi Europe Sales B.V.","alternateName":"Toyotomi","url":"https:\/\/www.toyotomi.eu\/pt\/","logo":{"@type":"ImageObject","inLanguage":"pt-PT","@id":"https:\/\/www.toyotomi.eu\/pt\/#\/schema\/logo\/image\/","url":"https:\/\/www.toyotomi.eu\/wp-content\/uploads\/2025\/10\/logo.png","contentUrl":"https:\/\/www.toyotomi.eu\/wp-content\/uploads\/2025\/10\/logo.png","width":1360,"height":304,"caption":"Toyotomi Europe Sales B.V."},"image":{"@id":"https:\/\/www.toyotomi.eu\/pt\/#\/schema\/logo\/image\/"}}]}},"_links":{"self":[{"href":"https:\/\/www.toyotomi.eu\/pt\/wp-json\/wp\/v2\/product\/48722","targetHints":{"allow":["GET"]}}],"collection":[{"href":"https:\/\/www.toyotomi.eu\/pt\/wp-json\/wp\/v2\/product"}],"about":[{"href":"https:\/\/www.toyotomi.eu\/pt\/wp-json\/wp\/v2\/types\/product"}],"wp:featuredmedia":[{"embeddable":true,"href":"https:\/\/www.toyotomi.eu\/pt\/wp-json\/wp\/v2\/media\/62452"}],"wp:attachment":[{"href":"https:\/\/www.toyotomi.eu\/pt\/wp-json\/wp\/v2\/media?parent=48722"}],"wp:term":[{"taxonomy":"product_brand","embeddable":true,"href":"https:\/\/www.toyotomi.eu\/pt\/wp-json\/wp\/v2\/product_brand?post=48722"},{"taxonomy":"product_cat","embeddable":true,"href":"https:\/\/www.toyotomi.eu\/pt\/wp-json\/wp\/v2\/product_cat?post=48722"},{"taxonomy":"product_tag","embeddable":true,"href":"https:\/\/www.toyotomi.eu\/pt\/wp-json\/wp\/v2\/product_tag?post=48722"}],"curies":[{"name":"wp","href":"https:\/\/api.w.org\/{rel}","templated":true}]}}