{"id":48681,"date":"2025-01-01T02:01:00","date_gmt":"2025-01-01T01:01:00","guid":{"rendered":"https:\/\/www.toyotomi.eu\/product\/toyotomi-clear-10l-2\/"},"modified":"2025-12-11T23:50:43","modified_gmt":"2025-12-11T23:50:43","slug":"toyotomi-clear-10l-2","status":"publish","type":"product","link":"https:\/\/www.toyotomi.eu\/pt\/produto\/toyotomi-clear-10l-2\/","title":{"rendered":"TOYOTOMI CLEAR 10L"},"content":{"rendered":"\n<div class=\"wp-block-essential-blocks-wrapper alignfull  root-eb-wrapper-kiu5m\"><div class=\"eb-parent-wrapper eb-parent-eb-wrapper-kiu5m \"><div class=\"eb-wrapper-outer eb-wrapper-kiu5m\"><div class=\"eb-wrapper-inner\"><div class=\"eb-wrapper-inner-blocks eb-wrapper-align-center\">\n<div class=\"wp-block-essential-blocks-row alignfull  root-eb-row-vp5zx\"><div class=\"eb-parent-wrapper eb-parent-eb-row-vp5zx \"><div class=\"eb-row-root-container eb-row-vp5zx\" data-id=\"eb-row-vp5zx\"><div class=\"eb-row-wrapper\"><div class=\"eb-row-inner\">\n<div class=\"wp-block-essential-blocks-column  root-eb-column-wbb44\"><div class=\"eb-parent-wrapper eb-parent-eb-column-wbb44 \"><div class=\"eb-column-wrapper eb-column-wbb44\"><div class=\"eb-column-inner\">\n<h2 class=\"wp-block-heading has-text-align-left\"><strong>Toyotomi CLEAR<\/strong><\/h2>\n\n\n\n<p>O combust\u00edvel Toyotomi CLEAR distingue-se de combust\u00edveis compar\u00e1veis com base nas seguintes caracter\u00edsticas:<\/p>\n\n\n\n<ul class=\"wp-block-list\">\n<li>A f\u00f3rmula especial \u201cultra inodora\u201d, gra\u00e7as ao baixo teor de arom\u00e1ticos (0,003%): reduz o odor ao ligar e desligar.<\/li>\n\n\n\n<li>O valor calor\u00edfico superior a 11.400 Kcal por kg garante um elevado rendimento juntamente com uma estabilidade da chama e aus\u00eancia de materiais n\u00e3o queimados.<\/li>\n\n\n\n<li>O teor de mat\u00e9ria n\u00e3o vol\u00e1til de apenas 0,0000006% elimina os res\u00edduos p\u00f3s-combust\u00e3o, mant\u00e9m o queimador limpo e elimina a necessidade de manuten\u00e7\u00e3o.<\/li>\n\n\n\n<li>As bid\u00f5es Toyotomi s\u00e3o feitos de PET, um material 100% recicl\u00e1vel e reutiliz\u00e1vel. Se recuperado, pode dar vida a muitos objetos novos, garantindo simultaneamente a qualidade e pureza do composto. <\/li>\n\n\n\n<li>Recomendado pela Toyotomi, o principal fabricante mundial de aquecedores a combust\u00edvel h\u00e1 mais de 75 anos.<\/li>\n\n\n\n<li>Acumule pontos de fideliza\u00e7\u00e3o e descubra como prolongar a garantia do seu aquecedor produzido pelas marcas Toyotomi: &#8216;Toyotomi&#8217; e &#8216;Zibro&#8217;.<\/li>\n<\/ul>\n<\/div><\/div><\/div><\/div>\n<\/div><\/div><\/div><\/div><\/div>\n<\/div><\/div><\/div><\/div><\/div>\n","protected":false},"excerpt":{"rendered":"<p>Toyotomi CLEAR \u00e9 um combust\u00edvel \u201cultra inodoro\u201d, para quem espera um desempenho imbat\u00edvel. Gra\u00e7as a um baixo teor de arom\u00e1ticos, o cheiro \u00e9 reduzido na igni\u00e7\u00e3o e no desligamento, o combust\u00edvel garante um alto rendimento gra\u00e7as a um valor calor\u00edfico superior a 11.400 Kcal\/kg. <\/p>\n","protected":false},"featured_media":62522,"template":"","meta":{"_acf_changed":false,"_eb_attr":""},"product_brand":[],"product_cat":[6011],"product_tag":[],"class_list":{"0":"post-48681","1":"product","2":"type-product","3":"status-publish","4":"has-post-thumbnail","6":"product_cat-combustivel","8":"first","9":"instock","10":"taxable","11":"shipping-taxable","12":"product-type-simple"},"acf":[],"yoast_head":"<!-- This site is optimized with the Yoast SEO plugin v27.4 - https:\/\/yoast.com\/product\/yoast-seo-wordpress\/ -->\n<title>TOYOTOMI CLEAR 10L - Toyotomi<\/title>\n<meta name=\"robots\" content=\"index, follow, max-snippet:-1, max-image-preview:large, max-video-preview:-1\" \/>\n<link rel=\"canonical\" href=\"https:\/\/www.toyotomi.eu\/pt\/produto\/toyotomi-clear-10l-2\/\" \/>\n<meta property=\"og:locale\" content=\"pt_PT\" \/>\n<meta property=\"og:type\" content=\"article\" \/>\n<meta property=\"og:title\" content=\"TOYOTOMI CLEAR 10L - Toyotomi\" \/>\n<meta property=\"og:description\" content=\"Toyotomi CLEAR \u00e9 um combust\u00edvel &quot;ultra inodoro&quot;, para quem espera um desempenho imbat\u00edvel. Gra\u00e7as a um baixo teor de arom\u00e1ticos, o cheiro \u00e9 reduzido na igni\u00e7\u00e3o e no desligamento, o combust\u00edvel garante um alto rendimento gra\u00e7as a um valor calor\u00edfico superior a 11.400 Kcal\/kg.\" \/>\n<meta property=\"og:url\" content=\"https:\/\/www.toyotomi.eu\/pt\/produto\/toyotomi-clear-10l-2\/\" \/>\n<meta property=\"og:site_name\" content=\"Toyotomi\" \/>\n<meta property=\"article:modified_time\" content=\"2025-12-11T23:50:43+00:00\" \/>\n<meta property=\"og:image\" content=\"https:\/\/www.toyotomi.eu\/wp-content\/uploads\/2020\/08\/Can_10L_CLEAR_ES.jpg\" \/>\n\t<meta property=\"og:image:width\" content=\"1000\" \/>\n\t<meta property=\"og:image:height\" content=\"1000\" \/>\n\t<meta property=\"og:image:type\" content=\"image\/jpeg\" \/>\n<meta name=\"twitter:card\" content=\"summary_large_image\" \/>\n<script type=\"application\/ld+json\" class=\"yoast-schema-graph\">{\"@context\":\"https:\\\/\\\/schema.org\",\"@graph\":[{\"@type\":\"WebPage\",\"@id\":\"https:\\\/\\\/www.toyotomi.eu\\\/pt\\\/produto\\\/toyotomi-clear-10l-2\\\/\",\"url\":\"https:\\\/\\\/www.toyotomi.eu\\\/pt\\\/produto\\\/toyotomi-clear-10l-2\\\/\",\"name\":\"TOYOTOMI CLEAR 10L - Toyotomi\",\"isPartOf\":{\"@id\":\"https:\\\/\\\/www.toyotomi.eu\\\/pt\\\/#website\"},\"primaryImageOfPage\":{\"@id\":\"https:\\\/\\\/www.toyotomi.eu\\\/pt\\\/produto\\\/toyotomi-clear-10l-2\\\/#primaryimage\"},\"image\":{\"@id\":\"https:\\\/\\\/www.toyotomi.eu\\\/pt\\\/produto\\\/toyotomi-clear-10l-2\\\/#primaryimage\"},\"thumbnailUrl\":\"https:\\\/\\\/www.toyotomi.eu\\\/wp-content\\\/uploads\\\/2026\\\/04\\\/PIC_TOYOTOMI-CLEAR-10L_2560x2560.png\",\"datePublished\":\"2025-01-01T01:01:00+00:00\",\"dateModified\":\"2025-12-11T23:50:43+00:00\",\"breadcrumb\":{\"@id\":\"https:\\\/\\\/www.toyotomi.eu\\\/pt\\\/produto\\\/toyotomi-clear-10l-2\\\/#breadcrumb\"},\"inLanguage\":\"pt-PT\",\"potentialAction\":[{\"@type\":\"ReadAction\",\"target\":[\"https:\\\/\\\/www.toyotomi.eu\\\/pt\\\/produto\\\/toyotomi-clear-10l-2\\\/\"]}]},{\"@type\":\"ImageObject\",\"inLanguage\":\"pt-PT\",\"@id\":\"https:\\\/\\\/www.toyotomi.eu\\\/pt\\\/produto\\\/toyotomi-clear-10l-2\\\/#primaryimage\",\"url\":\"https:\\\/\\\/www.toyotomi.eu\\\/wp-content\\\/uploads\\\/2026\\\/04\\\/PIC_TOYOTOMI-CLEAR-10L_2560x2560.png\",\"contentUrl\":\"https:\\\/\\\/www.toyotomi.eu\\\/wp-content\\\/uploads\\\/2026\\\/04\\\/PIC_TOYOTOMI-CLEAR-10L_2560x2560.png\",\"width\":2560,\"height\":2560,\"caption\":\"10-liter Toyotomi Clear fuel bottle designed for portable heaters, ensuring high-quality, odorless fuel storage for efficient heating.\"},{\"@type\":\"BreadcrumbList\",\"@id\":\"https:\\\/\\\/www.toyotomi.eu\\\/pt\\\/produto\\\/toyotomi-clear-10l-2\\\/#breadcrumb\",\"itemListElement\":[{\"@type\":\"ListItem\",\"position\":1,\"name\":\"In\u00edcio\",\"item\":\"https:\\\/\\\/www.toyotomi.eu\\\/pt\\\/\"},{\"@type\":\"ListItem\",\"position\":2,\"name\":\"Todos os produtos\",\"item\":\"https:\\\/\\\/www.toyotomi.eu\\\/pt\\\/todos-os-produtos\\\/\"},{\"@type\":\"ListItem\",\"position\":3,\"name\":\"TOYOTOMI CLEAR 10L\"}]},{\"@type\":\"WebSite\",\"@id\":\"https:\\\/\\\/www.toyotomi.eu\\\/pt\\\/#website\",\"url\":\"https:\\\/\\\/www.toyotomi.eu\\\/pt\\\/\",\"name\":\"Toyotomi\",\"description\":\"\",\"publisher\":{\"@id\":\"https:\\\/\\\/www.toyotomi.eu\\\/pt\\\/#organization\"},\"potentialAction\":[{\"@type\":\"SearchAction\",\"target\":{\"@type\":\"EntryPoint\",\"urlTemplate\":\"https:\\\/\\\/www.toyotomi.eu\\\/pt\\\/?s={search_term_string}\"},\"query-input\":{\"@type\":\"PropertyValueSpecification\",\"valueRequired\":true,\"valueName\":\"search_term_string\"}}],\"inLanguage\":\"pt-PT\"},{\"@type\":\"Organization\",\"@id\":\"https:\\\/\\\/www.toyotomi.eu\\\/pt\\\/#organization\",\"name\":\"Toyotomi Europe Sales B.V.\",\"alternateName\":\"Toyotomi\",\"url\":\"https:\\\/\\\/www.toyotomi.eu\\\/pt\\\/\",\"logo\":{\"@type\":\"ImageObject\",\"inLanguage\":\"pt-PT\",\"@id\":\"https:\\\/\\\/www.toyotomi.eu\\\/pt\\\/#\\\/schema\\\/logo\\\/image\\\/\",\"url\":\"https:\\\/\\\/www.toyotomi.eu\\\/wp-content\\\/uploads\\\/2025\\\/10\\\/logo.png\",\"contentUrl\":\"https:\\\/\\\/www.toyotomi.eu\\\/wp-content\\\/uploads\\\/2025\\\/10\\\/logo.png\",\"width\":1360,\"height\":304,\"caption\":\"Toyotomi Europe Sales B.V.\"},\"image\":{\"@id\":\"https:\\\/\\\/www.toyotomi.eu\\\/pt\\\/#\\\/schema\\\/logo\\\/image\\\/\"}}]}<\/script>\n<!-- \/ Yoast SEO plugin. -->","yoast_head_json":{"title":"TOYOTOMI CLEAR 10L - Toyotomi","robots":{"index":"index","follow":"follow","max-snippet":"max-snippet:-1","max-image-preview":"max-image-preview:large","max-video-preview":"max-video-preview:-1"},"canonical":"https:\/\/www.toyotomi.eu\/pt\/produto\/toyotomi-clear-10l-2\/","og_locale":"pt_PT","og_type":"article","og_title":"TOYOTOMI CLEAR 10L - Toyotomi","og_description":"Toyotomi CLEAR \u00e9 um combust\u00edvel \"ultra inodoro\", para quem espera um desempenho imbat\u00edvel. Gra\u00e7as a um baixo teor de arom\u00e1ticos, o cheiro \u00e9 reduzido na igni\u00e7\u00e3o e no desligamento, o combust\u00edvel garante um alto rendimento gra\u00e7as a um valor calor\u00edfico superior a 11.400 Kcal\/kg.","og_url":"https:\/\/www.toyotomi.eu\/pt\/produto\/toyotomi-clear-10l-2\/","og_site_name":"Toyotomi","article_modified_time":"2025-12-11T23:50:43+00:00","og_image":[{"width":1000,"height":1000,"url":"https:\/\/www.toyotomi.eu\/wp-content\/uploads\/2020\/08\/Can_10L_CLEAR_ES.jpg","type":"image\/jpeg"}],"twitter_card":"summary_large_image","schema":{"@context":"https:\/\/schema.org","@graph":[{"@type":"WebPage","@id":"https:\/\/www.toyotomi.eu\/pt\/produto\/toyotomi-clear-10l-2\/","url":"https:\/\/www.toyotomi.eu\/pt\/produto\/toyotomi-clear-10l-2\/","name":"TOYOTOMI CLEAR 10L - Toyotomi","isPartOf":{"@id":"https:\/\/www.toyotomi.eu\/pt\/#website"},"primaryImageOfPage":{"@id":"https:\/\/www.toyotomi.eu\/pt\/produto\/toyotomi-clear-10l-2\/#primaryimage"},"image":{"@id":"https:\/\/www.toyotomi.eu\/pt\/produto\/toyotomi-clear-10l-2\/#primaryimage"},"thumbnailUrl":"https:\/\/www.toyotomi.eu\/wp-content\/uploads\/2026\/04\/PIC_TOYOTOMI-CLEAR-10L_2560x2560.png","datePublished":"2025-01-01T01:01:00+00:00","dateModified":"2025-12-11T23:50:43+00:00","breadcrumb":{"@id":"https:\/\/www.toyotomi.eu\/pt\/produto\/toyotomi-clear-10l-2\/#breadcrumb"},"inLanguage":"pt-PT","potentialAction":[{"@type":"ReadAction","target":["https:\/\/www.toyotomi.eu\/pt\/produto\/toyotomi-clear-10l-2\/"]}]},{"@type":"ImageObject","inLanguage":"pt-PT","@id":"https:\/\/www.toyotomi.eu\/pt\/produto\/toyotomi-clear-10l-2\/#primaryimage","url":"https:\/\/www.toyotomi.eu\/wp-content\/uploads\/2026\/04\/PIC_TOYOTOMI-CLEAR-10L_2560x2560.png","contentUrl":"https:\/\/www.toyotomi.eu\/wp-content\/uploads\/2026\/04\/PIC_TOYOTOMI-CLEAR-10L_2560x2560.png","width":2560,"height":2560,"caption":"10-liter Toyotomi Clear fuel bottle designed for portable heaters, ensuring high-quality, odorless fuel storage for efficient heating."},{"@type":"BreadcrumbList","@id":"https:\/\/www.toyotomi.eu\/pt\/produto\/toyotomi-clear-10l-2\/#breadcrumb","itemListElement":[{"@type":"ListItem","position":1,"name":"In\u00edcio","item":"https:\/\/www.toyotomi.eu\/pt\/"},{"@type":"ListItem","position":2,"name":"Todos os produtos","item":"https:\/\/www.toyotomi.eu\/pt\/todos-os-produtos\/"},{"@type":"ListItem","position":3,"name":"TOYOTOMI CLEAR 10L"}]},{"@type":"WebSite","@id":"https:\/\/www.toyotomi.eu\/pt\/#website","url":"https:\/\/www.toyotomi.eu\/pt\/","name":"Toyotomi","description":"","publisher":{"@id":"https:\/\/www.toyotomi.eu\/pt\/#organization"},"potentialAction":[{"@type":"SearchAction","target":{"@type":"EntryPoint","urlTemplate":"https:\/\/www.toyotomi.eu\/pt\/?s={search_term_string}"},"query-input":{"@type":"PropertyValueSpecification","valueRequired":true,"valueName":"search_term_string"}}],"inLanguage":"pt-PT"},{"@type":"Organization","@id":"https:\/\/www.toyotomi.eu\/pt\/#organization","name":"Toyotomi Europe Sales B.V.","alternateName":"Toyotomi","url":"https:\/\/www.toyotomi.eu\/pt\/","logo":{"@type":"ImageObject","inLanguage":"pt-PT","@id":"https:\/\/www.toyotomi.eu\/pt\/#\/schema\/logo\/image\/","url":"https:\/\/www.toyotomi.eu\/wp-content\/uploads\/2025\/10\/logo.png","contentUrl":"https:\/\/www.toyotomi.eu\/wp-content\/uploads\/2025\/10\/logo.png","width":1360,"height":304,"caption":"Toyotomi Europe Sales B.V."},"image":{"@id":"https:\/\/www.toyotomi.eu\/pt\/#\/schema\/logo\/image\/"}}]}},"_links":{"self":[{"href":"https:\/\/www.toyotomi.eu\/pt\/wp-json\/wp\/v2\/product\/48681","targetHints":{"allow":["GET"]}}],"collection":[{"href":"https:\/\/www.toyotomi.eu\/pt\/wp-json\/wp\/v2\/product"}],"about":[{"href":"https:\/\/www.toyotomi.eu\/pt\/wp-json\/wp\/v2\/types\/product"}],"wp:featuredmedia":[{"embeddable":true,"href":"https:\/\/www.toyotomi.eu\/pt\/wp-json\/wp\/v2\/media\/62522"}],"wp:attachment":[{"href":"https:\/\/www.toyotomi.eu\/pt\/wp-json\/wp\/v2\/media?parent=48681"}],"wp:term":[{"taxonomy":"product_brand","embeddable":true,"href":"https:\/\/www.toyotomi.eu\/pt\/wp-json\/wp\/v2\/product_brand?post=48681"},{"taxonomy":"product_cat","embeddable":true,"href":"https:\/\/www.toyotomi.eu\/pt\/wp-json\/wp\/v2\/product_cat?post=48681"},{"taxonomy":"product_tag","embeddable":true,"href":"https:\/\/www.toyotomi.eu\/pt\/wp-json\/wp\/v2\/product_tag?post=48681"}],"curies":[{"name":"wp","href":"https:\/\/api.w.org\/{rel}","templated":true}]}}