{"id":48664,"date":"2025-01-01T02:01:00","date_gmt":"2025-01-01T01:01:00","guid":{"rendered":"https:\/\/www.toyotomi.eu\/product\/toyotube\/"},"modified":"2025-12-11T23:45:49","modified_gmt":"2025-12-11T23:45:49","slug":"toyotube","status":"publish","type":"product","link":"https:\/\/www.toyotomi.eu\/pt\/produto\/toyotube\/","title":{"rendered":"TOYOTUBE"},"content":{"rendered":"\n<div class=\"wp-block-essential-blocks-wrapper alignfull  root-eb-wrapper-mkprm\"><div class=\"eb-parent-wrapper eb-parent-eb-wrapper-mkprm \"><div class=\"eb-wrapper-outer eb-wrapper-mkprm\"><div class=\"eb-wrapper-inner\"><div class=\"eb-wrapper-inner-blocks eb-wrapper-align-center\">\n<div class=\"wp-block-essential-blocks-row alignfull  root-eb-row-18fkr\"><div class=\"eb-parent-wrapper eb-parent-eb-row-18fkr \"><div class=\"eb-row-root-container eb-row-18fkr\" data-id=\"eb-row-18fkr\"><div class=\"eb-row-wrapper\"><div class=\"eb-row-inner\">\n<div class=\"wp-block-essential-blocks-column  root-eb-column-3cpl6\"><div class=\"eb-parent-wrapper eb-parent-eb-column-3cpl6 \"><div class=\"eb-column-wrapper eb-column-3cpl6\"><div class=\"eb-column-inner\">\n<figure class=\"wp-block-image size-full has-custom-border\"><img loading=\"lazy\" decoding=\"async\" width=\"800\" height=\"1000\" src=\"https:\/\/www.toyotomi.eu\/wp-content\/uploads\/2025\/01\/Toyotube-Toyotomi-1.jpg\" alt=\"Guia passo a passo da Toyotomi sobre como utilizar o reabastecimento Toyotube para aquecedores port&#xE1;teis a querosene da Toyotomi, este &#xE9; o passo 1\" class=\"wp-image-30402\" style=\"border-radius:4px\" srcset=\"https:\/\/www.toyotomi.eu\/wp-content\/uploads\/2025\/01\/Toyotube-Toyotomi-1.jpg 800w, https:\/\/www.toyotomi.eu\/wp-content\/uploads\/2025\/01\/Toyotube-Toyotomi-1-150x188.jpg 150w, https:\/\/www.toyotomi.eu\/wp-content\/uploads\/2025\/01\/Toyotube-Toyotomi-1-768x960.jpg 768w, https:\/\/www.toyotomi.eu\/wp-content\/uploads\/2025\/01\/Toyotube-Toyotomi-1-441x551.jpg 441w\" sizes=\"auto, (max-width: 800px) 100vw, 800px\" \/><\/figure>\n<\/div><\/div><\/div><\/div>\n\n\n\n<div class=\"wp-block-essential-blocks-column  root-eb-column-20mz5\"><div class=\"eb-parent-wrapper eb-parent-eb-column-20mz5 \"><div class=\"eb-column-wrapper eb-column-20mz5\"><div class=\"eb-column-inner\">\n<figure class=\"wp-block-image size-full has-custom-border\"><img loading=\"lazy\" decoding=\"async\" width=\"800\" height=\"1000\" src=\"https:\/\/www.toyotomi.eu\/wp-content\/uploads\/2025\/01\/Toyotube-Toyotomi-2.jpg\" class=\"wp-image-30403\" alt=\"Versatile heating appliance from Toyotomi. Efficient and durable for home or industrial use.\" style=\"border-radius:4px\" srcset=\"https:\/\/www.toyotomi.eu\/wp-content\/uploads\/2025\/01\/Toyotube-Toyotomi-2.jpg 800w, https:\/\/www.toyotomi.eu\/wp-content\/uploads\/2025\/01\/Toyotube-Toyotomi-2-150x188.jpg 150w, https:\/\/www.toyotomi.eu\/wp-content\/uploads\/2025\/01\/Toyotube-Toyotomi-2-768x960.jpg 768w, https:\/\/www.toyotomi.eu\/wp-content\/uploads\/2025\/01\/Toyotube-Toyotomi-2-441x551.jpg 441w\" sizes=\"auto, (max-width: 800px) 100vw, 800px\" \/> <\/figure>\n<\/div><\/div><\/div><\/div>\n\n\n\n<div class=\"wp-block-essential-blocks-column  root-eb-column-vbg0m\"><div class=\"eb-parent-wrapper eb-parent-eb-column-vbg0m \"><div class=\"eb-column-wrapper eb-column-vbg0m\"><div class=\"eb-column-inner\">\n<figure class=\"wp-block-image size-full has-custom-border\"><img loading=\"lazy\" decoding=\"async\" width=\"800\" height=\"1000\" src=\"https:\/\/www.toyotomi.eu\/wp-content\/uploads\/2025\/01\/Toyotube-Toyotomi-3.jpg\" class=\"wp-image-30404\" alt=\"Emergency fire safety equipment for quick response to fires.\" style=\"border-radius:4px\" srcset=\"https:\/\/www.toyotomi.eu\/wp-content\/uploads\/2025\/01\/Toyotube-Toyotomi-3.jpg 800w, https:\/\/www.toyotomi.eu\/wp-content\/uploads\/2025\/01\/Toyotube-Toyotomi-3-150x188.jpg 150w, https:\/\/www.toyotomi.eu\/wp-content\/uploads\/2025\/01\/Toyotube-Toyotomi-3-768x960.jpg 768w, https:\/\/www.toyotomi.eu\/wp-content\/uploads\/2025\/01\/Toyotube-Toyotomi-3-441x551.jpg 441w\" sizes=\"auto, (max-width: 800px) 100vw, 800px\" \/> <\/figure>\n<\/div><\/div><\/div><\/div>\n\n\n\n<div class=\"wp-block-essential-blocks-column  root-eb-column-4osit\"><div class=\"eb-parent-wrapper eb-parent-eb-column-4osit \"><div class=\"eb-column-wrapper eb-column-4osit\"><div class=\"eb-column-inner\">\n<figure class=\"wp-block-image size-full has-custom-border\"><img loading=\"lazy\" decoding=\"async\" width=\"800\" height=\"1000\" src=\"https:\/\/www.toyotomi.eu\/wp-content\/uploads\/2025\/01\/Toyotube-Toyotomi-4.jpg\" alt=\"Guia passo a passo da Toyotomi sobre como utilizar o reabastecimento Toyotube para aquecedores port&#xE1;teis a querosene da Toyotomi, este &#xE9; o passo 4\" class=\"wp-image-30405\" style=\"border-radius:4px\" srcset=\"https:\/\/www.toyotomi.eu\/wp-content\/uploads\/2025\/01\/Toyotube-Toyotomi-4.jpg 800w, https:\/\/www.toyotomi.eu\/wp-content\/uploads\/2025\/01\/Toyotube-Toyotomi-4-150x188.jpg 150w, https:\/\/www.toyotomi.eu\/wp-content\/uploads\/2025\/01\/Toyotube-Toyotomi-4-768x960.jpg 768w, https:\/\/www.toyotomi.eu\/wp-content\/uploads\/2025\/01\/Toyotube-Toyotomi-4-441x551.jpg 441w\" sizes=\"auto, (max-width: 800px) 100vw, 800px\" \/><\/figure>\n<\/div><\/div><\/div><\/div>\n<\/div><\/div><\/div><\/div><\/div>\n<\/div><\/div><\/div><\/div><\/div>\n\n<div class=\"wp-block-essential-blocks-wrapper alignfull  root-eb-wrapper-tvb73\"><div class=\"eb-parent-wrapper eb-parent-eb-wrapper-tvb73 \"><div class=\"eb-wrapper-outer eb-wrapper-tvb73\"><div class=\"eb-wrapper-inner\"><div class=\"eb-wrapper-inner-blocks eb-wrapper-align-center\">\n<div class=\"wp-block-essential-blocks-row alignfull  root-eb-row-8szbc\"><div class=\"eb-parent-wrapper eb-parent-eb-row-8szbc \"><div class=\"eb-row-root-container eb-row-8szbc\" data-id=\"eb-row-8szbc\"><div class=\"eb-row-wrapper\"><div class=\"eb-row-inner\">\n<div class=\"wp-block-essential-blocks-column  root-eb-column-fo6u5\"><div class=\"eb-parent-wrapper eb-parent-eb-column-fo6u5 \"><div class=\"eb-column-wrapper eb-column-fo6u5\"><div class=\"eb-column-inner\">\n<h2 class=\"wp-block-heading\"><strong>Toyotube<\/strong><\/h2>\n\n\n\n<p>Diga adeus ao reabastecimento confuso e ol\u00e1 ao calor sem esfor\u00e7o. O Toyotube \u00e9 o revolucion\u00e1rio cartucho de recarga descart\u00e1vel desenvolvido pela Toyotomi. O Toyotube transforma a forma como alimenta o seu aquecedor, sem derrames, sem bombas, sem complica\u00e7\u00f5es. <\/p>\n\n\n\n<h3 class=\"wp-block-heading\"><strong>Simples por design<\/strong><\/h3>\n\n\n\n<p>Com o Toyotube, o reabastecimento \u00e9 t\u00e3o f\u00e1cil como inserir um cartucho, com apenas uma m\u00e3o. N\u00e3o \u00e9 necess\u00e1rio manusear o combust\u00edvel manualmente nem se preocupar com derrames no ch\u00e3o. Cada cartucho selado fornece combust\u00edvel limpo e de alta qualidade, intocado por elementos externos, garantindo uma combust\u00e3o consistente e eficiente em todas as utiliza\u00e7\u00f5es. Os cartuchos Toyotube s\u00e3o feitos inteiramente de pl\u00e1stico PET recicl\u00e1vel, reduzindo o desperd\u00edcio e tornando a elimina\u00e7\u00e3o simples e respons\u00e1vel. Com cartuchos selados, o combust\u00edvel mant\u00e9m-se fresco e n\u00e3o contaminado, mais limpo para o seu aquecedor, mais limpo para o planeta.    <\/p>\n\n\n\n<h3 class=\"wp-block-heading\"><strong>Pr\u00e1tico, Port\u00e1til e Limpo<\/strong><\/h3>\n\n\n\n<p>Cada embalagem inclui 6 cartuchos descart\u00e1veis, facilitando o armazenamento, o transporte e a desloca\u00e7\u00e3o. Quer esteja a aquecer uma cabana, uma oficina ou uma casa, o Toyotube mant\u00e9m a gest\u00e3o do combust\u00edvel organizada e eficiente. O Toyotube \u00e9 compat\u00edvel com todos os aquecedores Zibro desde a d\u00e9cada de 1990. Basta substituir o seu atual filtro de aceita\u00e7\u00e3o de combust\u00edvel pelo filtro universal Toyotube e estar\u00e1 pronto para desfrutar de um novo n\u00edvel de conveni\u00eancia com o seu confi\u00e1vel aquecedor Zibro.   <\/p>\n<\/div><\/div><\/div><\/div>\n<\/div><\/div><\/div><\/div><\/div>\n<\/div><\/div><\/div><\/div><\/div>\n","protected":false},"excerpt":{"rendered":"<p>O Recarregamento de Energia Fluida Toyotube \u00e9 a forma mais conveniente de reabastecer o seu aquecedor port\u00e1til a parafina Zibro ou Toyotomi. Cada garrafa selada de 1,4 litros \u00e9 leve, f\u00e1cil de manusear e concebida para utiliza\u00e7\u00e3o com uma s\u00f3 m\u00e3o, eliminando a necessidade de bombas ou transfer\u00eancias de combust\u00edvel. Este sistema de recarga de utiliza\u00e7\u00e3o \u00fanica garante um funcionamento limpo e seguro, sem contacto com combust\u00edvel, derrames ou sujidade, preservando a elevada qualidade do combust\u00edvel no interior. Fornecido em caixas de seis garrafas, o Toyotube \u00e9 compat\u00edvel exclusivamente com aquecedores fabricados pela Toyotomi (Zibro, Toyoset, Kerosun e Toyostove), garantindo um desempenho fi\u00e1vel e total tranquilidade.   <\/p>\n","protected":false},"featured_media":62483,"template":"","meta":{"_acf_changed":false,"_eb_attr":""},"product_brand":[],"product_cat":[6011],"product_tag":[],"class_list":{"0":"post-48664","1":"product","2":"type-product","3":"status-publish","4":"has-post-thumbnail","6":"product_cat-combustivel","8":"first","9":"instock","10":"taxable","11":"shipping-taxable","12":"product-type-simple"},"acf":[],"yoast_head":"<!-- This site is optimized with the Yoast SEO plugin v27.4 - https:\/\/yoast.com\/product\/yoast-seo-wordpress\/ -->\n<title>TOYOTUBE - Toyotomi<\/title>\n<meta name=\"robots\" content=\"index, follow, max-snippet:-1, max-image-preview:large, max-video-preview:-1\" \/>\n<link rel=\"canonical\" href=\"https:\/\/www.toyotomi.eu\/pt\/produto\/toyotube\/\" \/>\n<meta property=\"og:locale\" content=\"pt_PT\" \/>\n<meta property=\"og:type\" content=\"article\" \/>\n<meta property=\"og:title\" content=\"TOYOTUBE - Toyotomi\" \/>\n<meta property=\"og:description\" content=\"O Recarregamento de Energia Fluida Toyotube \u00e9 a forma mais conveniente de reabastecer o seu aquecedor port\u00e1til a parafina Zibro ou Toyotomi. Cada garrafa selada de 1,4 litros \u00e9 leve, f\u00e1cil de manusear e concebida para utiliza\u00e7\u00e3o com uma s\u00f3 m\u00e3o, eliminando a necessidade de bombas ou transfer\u00eancias de combust\u00edvel. Este sistema de recarga de utiliza\u00e7\u00e3o \u00fanica garante um funcionamento limpo e seguro, sem contacto com combust\u00edvel, derrames ou sujidade, preservando a elevada qualidade do combust\u00edvel no interior. Fornecido em caixas de seis garrafas, o Toyotube \u00e9 compat\u00edvel exclusivamente com aquecedores fabricados pela Toyotomi (Zibro, Toyoset, Kerosun e Toyostove), garantindo um desempenho fi\u00e1vel e total tranquilidade.\" \/>\n<meta property=\"og:url\" content=\"https:\/\/www.toyotomi.eu\/pt\/produto\/toyotube\/\" \/>\n<meta property=\"og:site_name\" content=\"Toyotomi\" \/>\n<meta property=\"article:modified_time\" content=\"2025-12-11T23:45:49+00:00\" \/>\n<meta property=\"og:image\" content=\"https:\/\/www.toyotomi.eu\/wp-content\/uploads\/2024\/02\/Toyotube-etiket-SPAIN-scaled-1.jpg\" \/>\n\t<meta property=\"og:image:width\" content=\"1000\" \/>\n\t<meta property=\"og:image:height\" content=\"1000\" \/>\n\t<meta property=\"og:image:type\" content=\"image\/jpeg\" \/>\n<meta name=\"twitter:card\" content=\"summary_large_image\" \/>\n<script type=\"application\/ld+json\" class=\"yoast-schema-graph\">{\"@context\":\"https:\\\/\\\/schema.org\",\"@graph\":[{\"@type\":\"WebPage\",\"@id\":\"https:\\\/\\\/www.toyotomi.eu\\\/pt\\\/produto\\\/toyotube\\\/\",\"url\":\"https:\\\/\\\/www.toyotomi.eu\\\/pt\\\/produto\\\/toyotube\\\/\",\"name\":\"TOYOTUBE - Toyotomi\",\"isPartOf\":{\"@id\":\"https:\\\/\\\/www.toyotomi.eu\\\/pt\\\/#website\"},\"primaryImageOfPage\":{\"@id\":\"https:\\\/\\\/www.toyotomi.eu\\\/pt\\\/produto\\\/toyotube\\\/#primaryimage\"},\"image\":{\"@id\":\"https:\\\/\\\/www.toyotomi.eu\\\/pt\\\/produto\\\/toyotube\\\/#primaryimage\"},\"thumbnailUrl\":\"https:\\\/\\\/www.toyotomi.eu\\\/wp-content\\\/uploads\\\/2026\\\/03\\\/PIC_TOYOTUBE_2560x2560.png\",\"datePublished\":\"2025-01-01T01:01:00+00:00\",\"dateModified\":\"2025-12-11T23:45:49+00:00\",\"breadcrumb\":{\"@id\":\"https:\\\/\\\/www.toyotomi.eu\\\/pt\\\/produto\\\/toyotube\\\/#breadcrumb\"},\"inLanguage\":\"pt-PT\",\"potentialAction\":[{\"@type\":\"ReadAction\",\"target\":[\"https:\\\/\\\/www.toyotomi.eu\\\/pt\\\/produto\\\/toyotube\\\/\"]}]},{\"@type\":\"ImageObject\",\"inLanguage\":\"pt-PT\",\"@id\":\"https:\\\/\\\/www.toyotomi.eu\\\/pt\\\/produto\\\/toyotube\\\/#primaryimage\",\"url\":\"https:\\\/\\\/www.toyotomi.eu\\\/wp-content\\\/uploads\\\/2026\\\/03\\\/PIC_TOYOTUBE_2560x2560.png\",\"contentUrl\":\"https:\\\/\\\/www.toyotomi.eu\\\/wp-content\\\/uploads\\\/2026\\\/03\\\/PIC_TOYOTUBE_2560x2560.png\",\"width\":2560,\"height\":2560,\"caption\":\"Efficient Toyotomi Toyotube for rapid heating of Toyotomi stoves, ensuring safety and convenience.\"},{\"@type\":\"BreadcrumbList\",\"@id\":\"https:\\\/\\\/www.toyotomi.eu\\\/pt\\\/produto\\\/toyotube\\\/#breadcrumb\",\"itemListElement\":[{\"@type\":\"ListItem\",\"position\":1,\"name\":\"In\u00edcio\",\"item\":\"https:\\\/\\\/www.toyotomi.eu\\\/pt\\\/\"},{\"@type\":\"ListItem\",\"position\":2,\"name\":\"Todos os produtos\",\"item\":\"https:\\\/\\\/www.toyotomi.eu\\\/pt\\\/todos-os-produtos\\\/\"},{\"@type\":\"ListItem\",\"position\":3,\"name\":\"TOYOTUBE\"}]},{\"@type\":\"WebSite\",\"@id\":\"https:\\\/\\\/www.toyotomi.eu\\\/pt\\\/#website\",\"url\":\"https:\\\/\\\/www.toyotomi.eu\\\/pt\\\/\",\"name\":\"Toyotomi\",\"description\":\"\",\"publisher\":{\"@id\":\"https:\\\/\\\/www.toyotomi.eu\\\/pt\\\/#organization\"},\"potentialAction\":[{\"@type\":\"SearchAction\",\"target\":{\"@type\":\"EntryPoint\",\"urlTemplate\":\"https:\\\/\\\/www.toyotomi.eu\\\/pt\\\/?s={search_term_string}\"},\"query-input\":{\"@type\":\"PropertyValueSpecification\",\"valueRequired\":true,\"valueName\":\"search_term_string\"}}],\"inLanguage\":\"pt-PT\"},{\"@type\":\"Organization\",\"@id\":\"https:\\\/\\\/www.toyotomi.eu\\\/pt\\\/#organization\",\"name\":\"Toyotomi Europe Sales B.V.\",\"alternateName\":\"Toyotomi\",\"url\":\"https:\\\/\\\/www.toyotomi.eu\\\/pt\\\/\",\"logo\":{\"@type\":\"ImageObject\",\"inLanguage\":\"pt-PT\",\"@id\":\"https:\\\/\\\/www.toyotomi.eu\\\/pt\\\/#\\\/schema\\\/logo\\\/image\\\/\",\"url\":\"https:\\\/\\\/www.toyotomi.eu\\\/wp-content\\\/uploads\\\/2025\\\/10\\\/logo.png\",\"contentUrl\":\"https:\\\/\\\/www.toyotomi.eu\\\/wp-content\\\/uploads\\\/2025\\\/10\\\/logo.png\",\"width\":1360,\"height\":304,\"caption\":\"Toyotomi Europe Sales B.V.\"},\"image\":{\"@id\":\"https:\\\/\\\/www.toyotomi.eu\\\/pt\\\/#\\\/schema\\\/logo\\\/image\\\/\"}}]}<\/script>\n<!-- \/ Yoast SEO plugin. -->","yoast_head_json":{"title":"TOYOTUBE - Toyotomi","robots":{"index":"index","follow":"follow","max-snippet":"max-snippet:-1","max-image-preview":"max-image-preview:large","max-video-preview":"max-video-preview:-1"},"canonical":"https:\/\/www.toyotomi.eu\/pt\/produto\/toyotube\/","og_locale":"pt_PT","og_type":"article","og_title":"TOYOTUBE - Toyotomi","og_description":"O Recarregamento de Energia Fluida Toyotube \u00e9 a forma mais conveniente de reabastecer o seu aquecedor port\u00e1til a parafina Zibro ou Toyotomi. Cada garrafa selada de 1,4 litros \u00e9 leve, f\u00e1cil de manusear e concebida para utiliza\u00e7\u00e3o com uma s\u00f3 m\u00e3o, eliminando a necessidade de bombas ou transfer\u00eancias de combust\u00edvel. Este sistema de recarga de utiliza\u00e7\u00e3o \u00fanica garante um funcionamento limpo e seguro, sem contacto com combust\u00edvel, derrames ou sujidade, preservando a elevada qualidade do combust\u00edvel no interior. Fornecido em caixas de seis garrafas, o Toyotube \u00e9 compat\u00edvel exclusivamente com aquecedores fabricados pela Toyotomi (Zibro, Toyoset, Kerosun e Toyostove), garantindo um desempenho fi\u00e1vel e total tranquilidade.","og_url":"https:\/\/www.toyotomi.eu\/pt\/produto\/toyotube\/","og_site_name":"Toyotomi","article_modified_time":"2025-12-11T23:45:49+00:00","og_image":[{"width":1000,"height":1000,"url":"https:\/\/www.toyotomi.eu\/wp-content\/uploads\/2024\/02\/Toyotube-etiket-SPAIN-scaled-1.jpg","type":"image\/jpeg"}],"twitter_card":"summary_large_image","schema":{"@context":"https:\/\/schema.org","@graph":[{"@type":"WebPage","@id":"https:\/\/www.toyotomi.eu\/pt\/produto\/toyotube\/","url":"https:\/\/www.toyotomi.eu\/pt\/produto\/toyotube\/","name":"TOYOTUBE - Toyotomi","isPartOf":{"@id":"https:\/\/www.toyotomi.eu\/pt\/#website"},"primaryImageOfPage":{"@id":"https:\/\/www.toyotomi.eu\/pt\/produto\/toyotube\/#primaryimage"},"image":{"@id":"https:\/\/www.toyotomi.eu\/pt\/produto\/toyotube\/#primaryimage"},"thumbnailUrl":"https:\/\/www.toyotomi.eu\/wp-content\/uploads\/2026\/03\/PIC_TOYOTUBE_2560x2560.png","datePublished":"2025-01-01T01:01:00+00:00","dateModified":"2025-12-11T23:45:49+00:00","breadcrumb":{"@id":"https:\/\/www.toyotomi.eu\/pt\/produto\/toyotube\/#breadcrumb"},"inLanguage":"pt-PT","potentialAction":[{"@type":"ReadAction","target":["https:\/\/www.toyotomi.eu\/pt\/produto\/toyotube\/"]}]},{"@type":"ImageObject","inLanguage":"pt-PT","@id":"https:\/\/www.toyotomi.eu\/pt\/produto\/toyotube\/#primaryimage","url":"https:\/\/www.toyotomi.eu\/wp-content\/uploads\/2026\/03\/PIC_TOYOTUBE_2560x2560.png","contentUrl":"https:\/\/www.toyotomi.eu\/wp-content\/uploads\/2026\/03\/PIC_TOYOTUBE_2560x2560.png","width":2560,"height":2560,"caption":"Efficient Toyotomi Toyotube for rapid heating of Toyotomi stoves, ensuring safety and convenience."},{"@type":"BreadcrumbList","@id":"https:\/\/www.toyotomi.eu\/pt\/produto\/toyotube\/#breadcrumb","itemListElement":[{"@type":"ListItem","position":1,"name":"In\u00edcio","item":"https:\/\/www.toyotomi.eu\/pt\/"},{"@type":"ListItem","position":2,"name":"Todos os produtos","item":"https:\/\/www.toyotomi.eu\/pt\/todos-os-produtos\/"},{"@type":"ListItem","position":3,"name":"TOYOTUBE"}]},{"@type":"WebSite","@id":"https:\/\/www.toyotomi.eu\/pt\/#website","url":"https:\/\/www.toyotomi.eu\/pt\/","name":"Toyotomi","description":"","publisher":{"@id":"https:\/\/www.toyotomi.eu\/pt\/#organization"},"potentialAction":[{"@type":"SearchAction","target":{"@type":"EntryPoint","urlTemplate":"https:\/\/www.toyotomi.eu\/pt\/?s={search_term_string}"},"query-input":{"@type":"PropertyValueSpecification","valueRequired":true,"valueName":"search_term_string"}}],"inLanguage":"pt-PT"},{"@type":"Organization","@id":"https:\/\/www.toyotomi.eu\/pt\/#organization","name":"Toyotomi Europe Sales B.V.","alternateName":"Toyotomi","url":"https:\/\/www.toyotomi.eu\/pt\/","logo":{"@type":"ImageObject","inLanguage":"pt-PT","@id":"https:\/\/www.toyotomi.eu\/pt\/#\/schema\/logo\/image\/","url":"https:\/\/www.toyotomi.eu\/wp-content\/uploads\/2025\/10\/logo.png","contentUrl":"https:\/\/www.toyotomi.eu\/wp-content\/uploads\/2025\/10\/logo.png","width":1360,"height":304,"caption":"Toyotomi Europe Sales B.V."},"image":{"@id":"https:\/\/www.toyotomi.eu\/pt\/#\/schema\/logo\/image\/"}}]}},"_links":{"self":[{"href":"https:\/\/www.toyotomi.eu\/pt\/wp-json\/wp\/v2\/product\/48664","targetHints":{"allow":["GET"]}}],"collection":[{"href":"https:\/\/www.toyotomi.eu\/pt\/wp-json\/wp\/v2\/product"}],"about":[{"href":"https:\/\/www.toyotomi.eu\/pt\/wp-json\/wp\/v2\/types\/product"}],"wp:featuredmedia":[{"embeddable":true,"href":"https:\/\/www.toyotomi.eu\/pt\/wp-json\/wp\/v2\/media\/62483"}],"wp:attachment":[{"href":"https:\/\/www.toyotomi.eu\/pt\/wp-json\/wp\/v2\/media?parent=48664"}],"wp:term":[{"taxonomy":"product_brand","embeddable":true,"href":"https:\/\/www.toyotomi.eu\/pt\/wp-json\/wp\/v2\/product_brand?post=48664"},{"taxonomy":"product_cat","embeddable":true,"href":"https:\/\/www.toyotomi.eu\/pt\/wp-json\/wp\/v2\/product_cat?post=48664"},{"taxonomy":"product_tag","embeddable":true,"href":"https:\/\/www.toyotomi.eu\/pt\/wp-json\/wp\/v2\/product_tag?post=48664"}],"curies":[{"name":"wp","href":"https:\/\/api.w.org\/{rel}","templated":true}]}}