{"id":48386,"date":"2025-01-01T02:01:00","date_gmt":"2025-01-01T01:01:00","guid":{"rendered":"https:\/\/www.toyotomi.eu\/product\/toyotomi-thssdiu14-3-thssdou14-3-2\/"},"modified":"2026-01-22T00:12:16","modified_gmt":"2026-01-21T23:12:16","slug":"toyotomi-thssdiu14-3-thssdou14-3-2","status":"publish","type":"product","link":"https:\/\/www.toyotomi.eu\/pt\/produto\/toyotomi-thssdiu14-3-thssdou14-3-2\/","title":{"rendered":"Toyotomi THSSDIU14-3 \/ THSSDOU14-3"},"content":{"rendered":"\n<div class=\"wp-block-cover is-light\" style=\"border-radius:10px;min-height:500px;aspect-ratio:unset;\"><img loading=\"lazy\" decoding=\"async\" width=\"1920\" height=\"1200\" class=\"wp-block-cover__image-background wp-image-58829 size-full\" alt=\"\" src=\"https:\/\/www.toyotomi.eu\/wp-content\/uploads\/2026\/01\/Toyotomi-Split-heat-pump-series-banner.png\" style=\"object-position:70% 60%\" data-object-fit=\"cover\" data-object-position=\"70% 60%\" srcset=\"https:\/\/www.toyotomi.eu\/wp-content\/uploads\/2026\/01\/Toyotomi-Split-heat-pump-series-banner.png 1920w, https:\/\/www.toyotomi.eu\/wp-content\/uploads\/2026\/01\/Toyotomi-Split-heat-pump-series-banner-1024x640.png 1024w, https:\/\/www.toyotomi.eu\/wp-content\/uploads\/2026\/01\/Toyotomi-Split-heat-pump-series-banner-768x480.png 768w, https:\/\/www.toyotomi.eu\/wp-content\/uploads\/2026\/01\/Toyotomi-Split-heat-pump-series-banner-1536x960.png 1536w, https:\/\/www.toyotomi.eu\/wp-content\/uploads\/2026\/01\/Toyotomi-Split-heat-pump-series-banner-990x619.png 990w, https:\/\/www.toyotomi.eu\/wp-content\/uploads\/2026\/01\/Toyotomi-Split-heat-pump-series-banner-441x276.png 441w, https:\/\/www.toyotomi.eu\/wp-content\/uploads\/2026\/01\/Toyotomi-Split-heat-pump-series-banner-150x94.png 150w\" sizes=\"auto, (max-width: 1920px) 100vw, 1920px\" \/><span aria-hidden=\"true\" class=\"wp-block-cover__background has-background-dim-0 has-background-dim\" style=\"background-color:#e5e5e3\"><\/span><div class=\"wp-block-cover__inner-container has-global-padding is-layout-constrained wp-block-cover-is-layout-constrained\">\n<p class=\"has-text-align-center has-large-font-size\"><\/p>\n<\/div><\/div>\n\n<div style=\"height:40px\" aria-hidden=\"true\" class=\"wp-block-spacer\"><\/div>\n\n<div class=\"wp-block-essential-blocks-wrapper alignfull  root-eb-wrapper-bc0a3\"><div class=\"eb-parent-wrapper eb-parent-eb-wrapper-bc0a3 \"><div class=\"eb-wrapper-outer eb-wrapper-bc0a3\"><div class=\"eb-wrapper-inner\"><div class=\"eb-wrapper-inner-blocks eb-wrapper-align-center\">\n<div class=\"wp-block-essential-blocks-row alignfull  root-eb-row-fgqj8\"><div class=\"eb-parent-wrapper eb-parent-eb-row-fgqj8 \"><div class=\"eb-row-root-container eb-row-fgqj8\" data-id=\"eb-row-fgqj8\"><div class=\"eb-row-wrapper\"><div class=\"eb-row-inner\">\n<div class=\"wp-block-essential-blocks-column  root-eb-column-avypy\"><div class=\"eb-parent-wrapper eb-parent-eb-column-avypy \"><div class=\"eb-column-wrapper eb-column-avypy\"><div class=\"eb-column-inner\">\n<h2 class=\"wp-block-heading\">Toyotomi <strong>THSSDIU014-3 \/ THSSDOU014-3<\/strong> Bomba de Calor Ar-\u00c1gua<\/h2>\n\n\n\n<p>A Toyotomi THSSDIU14-3 \/ THSSDOU14-3 \u00e9 uma bomba de calor ar-\u00e1gua dividida, concebida para instala\u00e7\u00e3o profissional em aplica\u00e7\u00f5es residenciais e comerciais. Fornece aquecimento, arrefecimento e produ\u00e7\u00e3o de \u00e1gua quente sanit\u00e1ria, podendo ser ligada a aquecimento de piso, ventiloconvectores e radiadores de m\u00e9dia temperatura. <\/p>\n\n\n\n<p>Com uma capacidade de aquecimento de 14 kW e classe energ\u00e9tica A para temperaturas de sa\u00edda de \u00e1gua de 35 \u00b0C e 55 \u00b0C, a THSSDIU14-3 \/ THSSDOU14-3 oferece uma gest\u00e3o clim\u00e1tica eficiente durante todo o ano. A liga\u00e7\u00e3o el\u00e9trica \u00e9 trif\u00e1sica (3\/50\/380\u2013415 V). <\/p>\n<\/div><\/div><\/div><\/div>\n<\/div><\/div><\/div><\/div><\/div>\n<\/div><\/div><\/div><\/div><\/div>\n","protected":false},"excerpt":{"rendered":"<p>Caracter\u00edsticas:<\/p>\n<ul>\n<li>Fun\u00e7\u00f5es de Aquecimento, Arrefecimento e Produ\u00e7\u00e3o de \u00c1gua Quente Sanit\u00e1ria.<\/li>\n<li>Liga\u00e7\u00f5es para piso radiante, ventilo-convetores e radiadores de temperatura m\u00e9dia.<\/li>\n<li>Painel de controlo t\u00e1til multifun\u00e7\u00f5es e Wi-Fi inclu\u00eddo.<\/li>\n<\/ul>\n<p>Especifica\u00e7\u00f5es:<\/p>\n<ul>\n<li>Bomba de Calor Ar-\u00c1gua Split: 14 kW<\/li>\n<li>Dados el\u00e9tricos (Ph\/Hz\/V): 3\/50\/380-415<\/li>\n<li>Classe Energ\u00e9tica (sa\u00edda de \u00e1gua a 35\u00b0 C): A<\/li>\n<li>Classe Energ\u00e9tica (sa\u00edda de \u00e1gua a 55\u00b0 C): A<\/li>\n<\/ul>\n","protected":false},"featured_media":48097,"template":"","meta":{"_acf_changed":false,"_eb_attr":""},"product_brand":[],"product_cat":[6007],"product_tag":[],"class_list":{"0":"post-48386","1":"product","2":"type-product","3":"status-publish","4":"has-post-thumbnail","6":"product_cat-descontinuado","8":"first","9":"instock","10":"taxable","11":"shipping-taxable","12":"product-type-simple"},"acf":[],"yoast_head":"<!-- This site is optimized with the Yoast SEO plugin v27.3 - https:\/\/yoast.com\/product\/yoast-seo-wordpress\/ -->\n<title>Toyotomi THSSDIU14-3 \/ THSSDOU14-3 - Toyotomi<\/title>\n<meta name=\"robots\" content=\"index, follow, max-snippet:-1, max-image-preview:large, max-video-preview:-1\" \/>\n<link rel=\"canonical\" href=\"https:\/\/www.toyotomi.eu\/pt\/produto\/toyotomi-thssdiu14-3-thssdou14-3-2\/\" \/>\n<meta property=\"og:locale\" content=\"pt_PT\" \/>\n<meta property=\"og:type\" content=\"article\" \/>\n<meta property=\"og:title\" content=\"Toyotomi THSSDIU14-3 \/ THSSDOU14-3 - Toyotomi\" \/>\n<meta property=\"og:description\" content=\"Caracter\u00edsticas: Fun\u00e7\u00f5es de Aquecimento, Arrefecimento e Produ\u00e7\u00e3o de \u00c1gua Quente Sanit\u00e1ria. Liga\u00e7\u00f5es para piso radiante, ventilo-convetores e radiadores de temperatura m\u00e9dia. Painel de controlo t\u00e1til multifun\u00e7\u00f5es e Wi-Fi inclu\u00eddo.  Especifica\u00e7\u00f5es: Bomba de Calor Ar-\u00c1gua Split: 14 kW Dados el\u00e9tricos (Ph\/Hz\/V): 3\/50\/380-415 Classe Energ\u00e9tica (sa\u00edda de \u00e1gua a 35\u00b0 C): A Classe Energ\u00e9tica (sa\u00edda de \u00e1gua a 55\u00b0 C): A\" \/>\n<meta property=\"og:url\" content=\"https:\/\/www.toyotomi.eu\/pt\/produto\/toyotomi-thssdiu14-3-thssdou14-3-2\/\" \/>\n<meta property=\"og:site_name\" content=\"Toyotomi\" \/>\n<meta property=\"article:modified_time\" content=\"2026-01-21T23:12:16+00:00\" \/>\n<meta property=\"og:image\" content=\"https:\/\/www.toyotomi.eu\/wp-content\/uploads\/2025\/08\/THSSDOU06_08_10_12_14_16_right.png\" \/>\n\t<meta property=\"og:image:width\" content=\"1257\" \/>\n\t<meta property=\"og:image:height\" content=\"1042\" \/>\n\t<meta property=\"og:image:type\" content=\"image\/png\" \/>\n<meta name=\"twitter:card\" content=\"summary_large_image\" \/>\n<script type=\"application\/ld+json\" class=\"yoast-schema-graph\">{\"@context\":\"https:\\\/\\\/schema.org\",\"@graph\":[{\"@type\":\"WebPage\",\"@id\":\"https:\\\/\\\/www.toyotomi.eu\\\/pt\\\/produto\\\/toyotomi-thssdiu14-3-thssdou14-3-2\\\/\",\"url\":\"https:\\\/\\\/www.toyotomi.eu\\\/pt\\\/produto\\\/toyotomi-thssdiu14-3-thssdou14-3-2\\\/\",\"name\":\"Toyotomi THSSDIU14-3 \\\/ THSSDOU14-3 - Toyotomi\",\"isPartOf\":{\"@id\":\"https:\\\/\\\/www.toyotomi.eu\\\/pt\\\/#website\"},\"primaryImageOfPage\":{\"@id\":\"https:\\\/\\\/www.toyotomi.eu\\\/pt\\\/produto\\\/toyotomi-thssdiu14-3-thssdou14-3-2\\\/#primaryimage\"},\"image\":{\"@id\":\"https:\\\/\\\/www.toyotomi.eu\\\/pt\\\/produto\\\/toyotomi-thssdiu14-3-thssdou14-3-2\\\/#primaryimage\"},\"thumbnailUrl\":\"https:\\\/\\\/www.toyotomi.eu\\\/wp-content\\\/uploads\\\/2025\\\/08\\\/THSSDOU06_08_10_12_14_16_right.png\",\"datePublished\":\"2025-01-01T01:01:00+00:00\",\"dateModified\":\"2026-01-21T23:12:16+00:00\",\"breadcrumb\":{\"@id\":\"https:\\\/\\\/www.toyotomi.eu\\\/pt\\\/produto\\\/toyotomi-thssdiu14-3-thssdou14-3-2\\\/#breadcrumb\"},\"inLanguage\":\"pt-PT\",\"potentialAction\":[{\"@type\":\"ReadAction\",\"target\":[\"https:\\\/\\\/www.toyotomi.eu\\\/pt\\\/produto\\\/toyotomi-thssdiu14-3-thssdou14-3-2\\\/\"]}]},{\"@type\":\"ImageObject\",\"inLanguage\":\"pt-PT\",\"@id\":\"https:\\\/\\\/www.toyotomi.eu\\\/pt\\\/produto\\\/toyotomi-thssdiu14-3-thssdou14-3-2\\\/#primaryimage\",\"url\":\"https:\\\/\\\/www.toyotomi.eu\\\/wp-content\\\/uploads\\\/2025\\\/08\\\/THSSDOU06_08_10_12_14_16_right.png\",\"contentUrl\":\"https:\\\/\\\/www.toyotomi.eu\\\/wp-content\\\/uploads\\\/2025\\\/08\\\/THSSDOU06_08_10_12_14_16_right.png\",\"width\":1257,\"height\":1042},{\"@type\":\"BreadcrumbList\",\"@id\":\"https:\\\/\\\/www.toyotomi.eu\\\/pt\\\/produto\\\/toyotomi-thssdiu14-3-thssdou14-3-2\\\/#breadcrumb\",\"itemListElement\":[{\"@type\":\"ListItem\",\"position\":1,\"name\":\"In\u00edcio\",\"item\":\"https:\\\/\\\/www.toyotomi.eu\\\/pt\\\/\"},{\"@type\":\"ListItem\",\"position\":2,\"name\":\"Todos os produtos\",\"item\":\"https:\\\/\\\/www.toyotomi.eu\\\/pt\\\/todos-os-produtos\\\/\"},{\"@type\":\"ListItem\",\"position\":3,\"name\":\"Toyotomi THSSDIU14-3 \\\/ THSSDOU14-3\"}]},{\"@type\":\"WebSite\",\"@id\":\"https:\\\/\\\/www.toyotomi.eu\\\/pt\\\/#website\",\"url\":\"https:\\\/\\\/www.toyotomi.eu\\\/pt\\\/\",\"name\":\"Toyotomi\",\"description\":\"\",\"publisher\":{\"@id\":\"https:\\\/\\\/www.toyotomi.eu\\\/pt\\\/#organization\"},\"potentialAction\":[{\"@type\":\"SearchAction\",\"target\":{\"@type\":\"EntryPoint\",\"urlTemplate\":\"https:\\\/\\\/www.toyotomi.eu\\\/pt\\\/?s={search_term_string}\"},\"query-input\":{\"@type\":\"PropertyValueSpecification\",\"valueRequired\":true,\"valueName\":\"search_term_string\"}}],\"inLanguage\":\"pt-PT\"},{\"@type\":\"Organization\",\"@id\":\"https:\\\/\\\/www.toyotomi.eu\\\/pt\\\/#organization\",\"name\":\"Toyotomi Europe Sales B.V.\",\"url\":\"https:\\\/\\\/www.toyotomi.eu\\\/pt\\\/\",\"logo\":{\"@type\":\"ImageObject\",\"inLanguage\":\"pt-PT\",\"@id\":\"https:\\\/\\\/www.toyotomi.eu\\\/pt\\\/#\\\/schema\\\/logo\\\/image\\\/\",\"url\":\"https:\\\/\\\/www.toyotomi.eu\\\/wp-content\\\/uploads\\\/2025\\\/10\\\/logo.png\",\"contentUrl\":\"https:\\\/\\\/www.toyotomi.eu\\\/wp-content\\\/uploads\\\/2025\\\/10\\\/logo.png\",\"width\":1360,\"height\":304,\"caption\":\"Toyotomi Europe Sales B.V.\"},\"image\":{\"@id\":\"https:\\\/\\\/www.toyotomi.eu\\\/pt\\\/#\\\/schema\\\/logo\\\/image\\\/\"}}]}<\/script>\n<!-- \/ Yoast SEO plugin. -->","yoast_head_json":{"title":"Toyotomi THSSDIU14-3 \/ THSSDOU14-3 - Toyotomi","robots":{"index":"index","follow":"follow","max-snippet":"max-snippet:-1","max-image-preview":"max-image-preview:large","max-video-preview":"max-video-preview:-1"},"canonical":"https:\/\/www.toyotomi.eu\/pt\/produto\/toyotomi-thssdiu14-3-thssdou14-3-2\/","og_locale":"pt_PT","og_type":"article","og_title":"Toyotomi THSSDIU14-3 \/ THSSDOU14-3 - Toyotomi","og_description":"Caracter\u00edsticas: Fun\u00e7\u00f5es de Aquecimento, Arrefecimento e Produ\u00e7\u00e3o de \u00c1gua Quente Sanit\u00e1ria. Liga\u00e7\u00f5es para piso radiante, ventilo-convetores e radiadores de temperatura m\u00e9dia. Painel de controlo t\u00e1til multifun\u00e7\u00f5es e Wi-Fi inclu\u00eddo.  Especifica\u00e7\u00f5es: Bomba de Calor Ar-\u00c1gua Split: 14 kW Dados el\u00e9tricos (Ph\/Hz\/V): 3\/50\/380-415 Classe Energ\u00e9tica (sa\u00edda de \u00e1gua a 35\u00b0 C): A Classe Energ\u00e9tica (sa\u00edda de \u00e1gua a 55\u00b0 C): A","og_url":"https:\/\/www.toyotomi.eu\/pt\/produto\/toyotomi-thssdiu14-3-thssdou14-3-2\/","og_site_name":"Toyotomi","article_modified_time":"2026-01-21T23:12:16+00:00","og_image":[{"width":1257,"height":1042,"url":"https:\/\/www.toyotomi.eu\/wp-content\/uploads\/2025\/08\/THSSDOU06_08_10_12_14_16_right.png","type":"image\/png"}],"twitter_card":"summary_large_image","schema":{"@context":"https:\/\/schema.org","@graph":[{"@type":"WebPage","@id":"https:\/\/www.toyotomi.eu\/pt\/produto\/toyotomi-thssdiu14-3-thssdou14-3-2\/","url":"https:\/\/www.toyotomi.eu\/pt\/produto\/toyotomi-thssdiu14-3-thssdou14-3-2\/","name":"Toyotomi THSSDIU14-3 \/ THSSDOU14-3 - Toyotomi","isPartOf":{"@id":"https:\/\/www.toyotomi.eu\/pt\/#website"},"primaryImageOfPage":{"@id":"https:\/\/www.toyotomi.eu\/pt\/produto\/toyotomi-thssdiu14-3-thssdou14-3-2\/#primaryimage"},"image":{"@id":"https:\/\/www.toyotomi.eu\/pt\/produto\/toyotomi-thssdiu14-3-thssdou14-3-2\/#primaryimage"},"thumbnailUrl":"https:\/\/www.toyotomi.eu\/wp-content\/uploads\/2025\/08\/THSSDOU06_08_10_12_14_16_right.png","datePublished":"2025-01-01T01:01:00+00:00","dateModified":"2026-01-21T23:12:16+00:00","breadcrumb":{"@id":"https:\/\/www.toyotomi.eu\/pt\/produto\/toyotomi-thssdiu14-3-thssdou14-3-2\/#breadcrumb"},"inLanguage":"pt-PT","potentialAction":[{"@type":"ReadAction","target":["https:\/\/www.toyotomi.eu\/pt\/produto\/toyotomi-thssdiu14-3-thssdou14-3-2\/"]}]},{"@type":"ImageObject","inLanguage":"pt-PT","@id":"https:\/\/www.toyotomi.eu\/pt\/produto\/toyotomi-thssdiu14-3-thssdou14-3-2\/#primaryimage","url":"https:\/\/www.toyotomi.eu\/wp-content\/uploads\/2025\/08\/THSSDOU06_08_10_12_14_16_right.png","contentUrl":"https:\/\/www.toyotomi.eu\/wp-content\/uploads\/2025\/08\/THSSDOU06_08_10_12_14_16_right.png","width":1257,"height":1042},{"@type":"BreadcrumbList","@id":"https:\/\/www.toyotomi.eu\/pt\/produto\/toyotomi-thssdiu14-3-thssdou14-3-2\/#breadcrumb","itemListElement":[{"@type":"ListItem","position":1,"name":"In\u00edcio","item":"https:\/\/www.toyotomi.eu\/pt\/"},{"@type":"ListItem","position":2,"name":"Todos os produtos","item":"https:\/\/www.toyotomi.eu\/pt\/todos-os-produtos\/"},{"@type":"ListItem","position":3,"name":"Toyotomi THSSDIU14-3 \/ THSSDOU14-3"}]},{"@type":"WebSite","@id":"https:\/\/www.toyotomi.eu\/pt\/#website","url":"https:\/\/www.toyotomi.eu\/pt\/","name":"Toyotomi","description":"","publisher":{"@id":"https:\/\/www.toyotomi.eu\/pt\/#organization"},"potentialAction":[{"@type":"SearchAction","target":{"@type":"EntryPoint","urlTemplate":"https:\/\/www.toyotomi.eu\/pt\/?s={search_term_string}"},"query-input":{"@type":"PropertyValueSpecification","valueRequired":true,"valueName":"search_term_string"}}],"inLanguage":"pt-PT"},{"@type":"Organization","@id":"https:\/\/www.toyotomi.eu\/pt\/#organization","name":"Toyotomi Europe Sales B.V.","url":"https:\/\/www.toyotomi.eu\/pt\/","logo":{"@type":"ImageObject","inLanguage":"pt-PT","@id":"https:\/\/www.toyotomi.eu\/pt\/#\/schema\/logo\/image\/","url":"https:\/\/www.toyotomi.eu\/wp-content\/uploads\/2025\/10\/logo.png","contentUrl":"https:\/\/www.toyotomi.eu\/wp-content\/uploads\/2025\/10\/logo.png","width":1360,"height":304,"caption":"Toyotomi Europe Sales B.V."},"image":{"@id":"https:\/\/www.toyotomi.eu\/pt\/#\/schema\/logo\/image\/"}}]}},"_links":{"self":[{"href":"https:\/\/www.toyotomi.eu\/pt\/wp-json\/wp\/v2\/product\/48386","targetHints":{"allow":["GET"]}}],"collection":[{"href":"https:\/\/www.toyotomi.eu\/pt\/wp-json\/wp\/v2\/product"}],"about":[{"href":"https:\/\/www.toyotomi.eu\/pt\/wp-json\/wp\/v2\/types\/product"}],"wp:featuredmedia":[{"embeddable":true,"href":"https:\/\/www.toyotomi.eu\/pt\/wp-json\/wp\/v2\/media\/48097"}],"wp:attachment":[{"href":"https:\/\/www.toyotomi.eu\/pt\/wp-json\/wp\/v2\/media?parent=48386"}],"wp:term":[{"taxonomy":"product_brand","embeddable":true,"href":"https:\/\/www.toyotomi.eu\/pt\/wp-json\/wp\/v2\/product_brand?post=48386"},{"taxonomy":"product_cat","embeddable":true,"href":"https:\/\/www.toyotomi.eu\/pt\/wp-json\/wp\/v2\/product_cat?post=48386"},{"taxonomy":"product_tag","embeddable":true,"href":"https:\/\/www.toyotomi.eu\/pt\/wp-json\/wp\/v2\/product_tag?post=48386"}],"curies":[{"name":"wp","href":"https:\/\/api.w.org\/{rel}","templated":true}]}}