{"id":47622,"date":"2025-01-01T00:00:00","date_gmt":"2024-12-31T23:00:00","guid":{"rendered":"https:\/\/www.toyotomi.eu\/spare-parts-e-acessorios\/"},"modified":"2026-04-02T18:16:55","modified_gmt":"2026-04-02T16:16:55","slug":"spare-parts-e-acessorios","status":"publish","type":"page","link":"https:\/\/www.toyotomi.eu\/pt\/spare-parts-e-acessorios\/","title":{"rendered":"Pe\u00e7as &amp; Acess\u00f3rios"},"content":{"rendered":"\n<div class=\"wp-block-cover alignfull is-light\" style=\"min-height:550px;aspect-ratio:unset;\"><img loading=\"lazy\" decoding=\"async\" width=\"1024\" height=\"552\" class=\"wp-block-cover__image-background wp-image-54881 size-full\" alt=\"\" src=\"https:\/\/www.toyotomi.eu\/wp-content\/uploads\/2025\/12\/Toyotomi-Parts.jpg\" data-object-fit=\"cover\" srcset=\"https:\/\/www.toyotomi.eu\/wp-content\/uploads\/2025\/12\/Toyotomi-Parts.jpg 1024w, https:\/\/www.toyotomi.eu\/wp-content\/uploads\/2025\/12\/Toyotomi-Parts-768x414.jpg 768w, https:\/\/www.toyotomi.eu\/wp-content\/uploads\/2025\/12\/Toyotomi-Parts-990x534.jpg 990w, https:\/\/www.toyotomi.eu\/wp-content\/uploads\/2025\/12\/Toyotomi-Parts-441x238.jpg 441w, https:\/\/www.toyotomi.eu\/wp-content\/uploads\/2025\/12\/Toyotomi-Parts-150x81.jpg 150w\" sizes=\"auto, (max-width: 1024px) 100vw, 1024px\" \/><span aria-hidden=\"true\" class=\"wp-block-cover__background has-black-background-color has-background-dim-10 has-background-dim\"><\/span><div class=\"wp-block-cover__inner-container has-global-padding is-layout-constrained wp-block-cover-is-layout-constrained\">\n<p class=\"has-text-align-center has-large-font-size\"><\/p>\n<\/div><\/div>\n\n<div style=\"height:20px\" aria-hidden=\"true\" class=\"wp-block-spacer\"><\/div>\n\n<div class=\"wp-block-essential-blocks-wrapper alignfull  root-eb-wrapper-eswib\"><div class=\"eb-parent-wrapper eb-parent-eb-wrapper-eswib \"><div class=\"eb-wrapper-outer eb-wrapper-eswib\"><div class=\"eb-wrapper-inner\"><div class=\"eb-wrapper-inner-blocks eb-wrapper-align-center\">\n<div class=\"wp-block-essential-blocks-row alignfull  root-eb-row-97z98\"><div class=\"eb-parent-wrapper eb-parent-eb-row-97z98 \"><div class=\"eb-row-root-container eb-row-97z98\" data-id=\"eb-row-97z98\"><div class=\"eb-row-wrapper\"><div class=\"eb-row-inner\">\n<div class=\"wp-block-essential-blocks-column  root-eb-column-vmlyb\"><div class=\"eb-parent-wrapper eb-parent-eb-column-vmlyb \"><div class=\"eb-column-wrapper eb-column-vmlyb\"><div class=\"eb-column-inner\">\n<h1 class=\"wp-block-heading has-x-large-font-size\">Pe\u00e7as &amp; Acess\u00f3rios<\/h1>\n\n\n\n<h3 class=\"wp-block-heading\">Melhore a sua experi\u00eancia<\/h3>\n\n\n\n<p>Na Toyotomi, o nosso compromisso com a qualidade n\u00e3o termina com o produto. Oferecemos uma gama completa de pe\u00e7as sobresselentes genu\u00ednas e acess\u00f3rios especialmente concebidos para apoiar o desempenho, seguran\u00e7a e longevidade do seu sistema de aquecimento. <\/p>\n<\/div><\/div><\/div><\/div>\n\n\n\n<div class=\"wp-block-essential-blocks-column  root-eb-column-a6b0n\"><div class=\"eb-parent-wrapper eb-parent-eb-column-a6b0n \"><div class=\"eb-column-wrapper eb-column-a6b0n\"><div class=\"eb-column-inner\"><\/div><\/div><\/div><\/div>\n<\/div><\/div><\/div><\/div><\/div>\n<\/div><\/div><\/div><\/div><\/div>\n\n<div class=\"wp-block-essential-blocks-wrapper alignfull  root-eb-wrapper-4vmxv\"><div class=\"eb-parent-wrapper eb-parent-eb-wrapper-4vmxv \"><div class=\"eb-wrapper-outer eb-wrapper-4vmxv\"><div class=\"eb-wrapper-inner\"><div class=\"eb-wrapper-inner-blocks eb-wrapper-align-center\">\n<div class=\"wp-block-essential-blocks-row alignfull  root-eb-row-s7b1x\"><div class=\"eb-parent-wrapper eb-parent-eb-row-s7b1x \"><div class=\"eb-row-root-container eb-row-s7b1x\" data-id=\"eb-row-s7b1x\"><div class=\"eb-row-wrapper\"><div class=\"eb-row-inner\">\n<div class=\"wp-block-essential-blocks-column  root-eb-column-ntd7v\"><div class=\"eb-parent-wrapper eb-parent-eb-column-ntd7v \"><div class=\"eb-column-wrapper eb-column-ntd7v\"><div class=\"eb-column-inner\">\n<figure class=\"wp-block-image size-full has-custom-border\"><img loading=\"lazy\" decoding=\"async\" width=\"750\" height=\"750\" src=\"https:\/\/www.toyotomi.eu\/wp-content\/uploads\/2025\/06\/accessories-all-1.jpg\" alt=\"Gama de acess&#xF3;rios da Toyotomi Europe para melhorar qualquer aquecedor Toyotomi\" class=\"wp-image-17511\" style=\"border-radius:4px\" srcset=\"https:\/\/www.toyotomi.eu\/wp-content\/uploads\/2025\/06\/accessories-all-1.jpg 750w, https:\/\/www.toyotomi.eu\/wp-content\/uploads\/2025\/06\/accessories-all-1-300x300.jpg 300w, https:\/\/www.toyotomi.eu\/wp-content\/uploads\/2025\/06\/accessories-all-1-150x150.jpg 150w, https:\/\/www.toyotomi.eu\/wp-content\/uploads\/2025\/06\/accessories-all-1-441x441.jpg 441w, https:\/\/www.toyotomi.eu\/wp-content\/uploads\/2025\/06\/accessories-all-1-100x100.jpg 100w\" sizes=\"auto, (max-width: 750px) 100vw, 750px\" \/><\/figure>\n<\/div><\/div><\/div><\/div>\n\n\n\n<div class=\"wp-block-essential-blocks-column  root-eb-column-khnwd\"><div class=\"eb-parent-wrapper eb-parent-eb-column-khnwd \"><div class=\"eb-column-wrapper eb-column-khnwd\"><div class=\"eb-column-inner\">\n<h2 class=\"wp-block-heading has-x-large-font-size\">Acess\u00f3rios para melhorar a sua experi\u00eancia<\/h2>\n\n\n\n<p class=\"has-black-color has-text-color has-link-color wp-elements-64a6236f4c6960b073be0f1ed6116e6e\">Complete o seu conforto e conveni\u00eancia com a nossa gama de <a href=\"https:\/\/www.toyotomi.eu\/pt\/categoria\/aquecimento\/acessorios\/\">acess\u00f3rios Toyotomi<\/a> originais, especialmente concebidos para melhorar a seguran\u00e7a, a mobilidade e a facilidade de utiliza\u00e7\u00e3o dos seus aparelhos de aquecimento.<\/p>\n\n\n\n<p>Quer utilize aquecedores a parafina port\u00e1teis ou n\u00e3o port\u00e1teis, os nossos acess\u00f3rios \u2014 desde bombas sif\u00e3o e carrinhos de transporte a sacos de transporte de prote\u00e7\u00e3o \u2014 s\u00e3o concebidos para um manuseamento eficiente do combust\u00edvel, armazenamento f\u00e1cil e um funcionamento mais limpo.<\/p>\n\n\n\n<p>Cada acess\u00f3rio \u00e9 fabricado com a mesma precis\u00e3o e durabilidade japonesas dos nossos produtos principais, ajudando a prolongar a vida \u00fatil do seu equipamento e a otimizar o desempenho dia ap\u00f3s dia.<\/p>\n<\/div><\/div><\/div><\/div>\n<\/div><\/div><\/div><\/div><\/div>\n<\/div><\/div><\/div><\/div><\/div>\n\n<div class=\"wp-block-essential-blocks-wrapper alignfull  root-eb-wrapper-hnwfz\"><div class=\"eb-parent-wrapper eb-parent-eb-wrapper-hnwfz \"><div class=\"eb-wrapper-outer eb-wrapper-hnwfz\"><div class=\"eb-wrapper-inner\"><div class=\"eb-wrapper-inner-blocks eb-wrapper-align-center\">\n<div class=\"wp-block-essential-blocks-row alignfull  root-eb-row-33xoa\"><div class=\"eb-parent-wrapper eb-parent-eb-row-33xoa \"><div class=\"eb-row-root-container eb-row-33xoa\" data-id=\"eb-row-33xoa\"><div class=\"eb-row-wrapper\"><div class=\"eb-row-inner\">\n<div class=\"wp-block-essential-blocks-column  root-eb-column-44pql\"><div class=\"eb-parent-wrapper eb-parent-eb-column-44pql \"><div class=\"eb-column-wrapper eb-column-44pql\"><div class=\"eb-column-inner\">\n<h2 class=\"wp-block-heading has-x-large-font-size\">Pe\u00e7as sobressalentes originais para um desempenho duradouro<\/h2>\n\n\n\n<p class=\"has-black-color has-text-color has-link-color wp-elements-d8ee71c7c555a177db24a27676f7f660\">Para garantir um desempenho, efici\u00eancia e seguran\u00e7a cont\u00ednuos, todas as repara\u00e7\u00f5es realizadas por t\u00e9cnicos Toyotomi ou parceiros de assist\u00eancia autorizados utilizam apenas <a href=\"https:\/\/www.toyotomi.eu\/pt\/categoria\/aquecimento\/pecas\/\">pe\u00e7as Toyotomi<\/a> originais, fabricadas internamente para um encaixe perfeito e fiabilidade a longo prazo.<\/p>\n\n\n\n<p>O nosso Cat\u00e1logo de Pe\u00e7as oferece tudo o que precisa para manter os seus aparelhos a funcionar sem problemas, incluindo filtros, pavios, tampas do dep\u00f3sito de combust\u00edvel e muito mais.<\/p>\n\n\n\n<p>A Toyotomi Co., Ltd. garante a disponibilidade de todas as pe\u00e7as cr\u00edticas at\u00e9 10 anos ap\u00f3s a data oficial de descontinua\u00e7\u00e3o de um produto, ajudando-o a proteger o seu investimento por muitos anos.<\/p>\n\n\n\n<h4 class=\"wp-block-heading\"><strong>Manuten\u00e7\u00e3o<\/strong> que importa<\/h4>\n\n\n\n<p class=\"has-black-color has-text-color has-link-color wp-elements-fe2055f073d2ce85130be3cb7a3ac64d\">A <a href=\"https:\/\/www.toyotomi.eu\/pt\/cuidados-e-limpeza-dos-aquecedores\/\">manuten\u00e7\u00e3o regular<\/a> \u00e9 fundamental para manter o seu aquecedor seguro, limpo e eficiente. Com as pe\u00e7as certas e cuidados atempados, pode maximizar a vida \u00fatil do seu aquecedor Toyotomi, garantindo ao mesmo tempo qualidade consistente do combust\u00edvel e funcionamento fi\u00e1vel. <\/p>\n\n\n\n<div style=\"height:10px\" aria-hidden=\"true\" class=\"wp-block-spacer\"><\/div>\n\n\n\n<figure class=\"wp-block-image alignleft size-full is-resized\"><img loading=\"lazy\" decoding=\"async\" width=\"404\" height=\"145\" src=\"https:\/\/www.toyotomi.eu\/wp-content\/uploads\/2025\/06\/Group-925.png\" alt=\"\" class=\"wp-image-17522\" style=\"width:200px\" srcset=\"https:\/\/www.toyotomi.eu\/wp-content\/uploads\/2025\/06\/Group-925.png 404w, https:\/\/www.toyotomi.eu\/wp-content\/uploads\/2025\/06\/Group-925-300x108.png 300w, https:\/\/www.toyotomi.eu\/wp-content\/uploads\/2025\/06\/Group-925-150x54.png 150w\" sizes=\"auto, (max-width: 404px) 100vw, 404px\" \/><\/figure>\n<\/div><\/div><\/div><\/div>\n\n\n\n<div class=\"wp-block-essential-blocks-column  root-eb-column-a7nhf\"><div class=\"eb-parent-wrapper eb-parent-eb-column-a7nhf \"><div class=\"eb-column-wrapper eb-column-a7nhf\"><div class=\"eb-column-inner\">\n<figure class=\"wp-block-image size-full has-custom-border\"><img loading=\"lazy\" decoding=\"async\" width=\"750\" height=\"750\" src=\"https:\/\/www.toyotomi.eu\/wp-content\/uploads\/2025\/06\/Spare-partss-1.jpg\" alt=\"Gama de pe&#xE7;as da Toyotomi Europe para manter qualquer aquecedor Toyotomi\" class=\"wp-image-20365\" style=\"border-radius:4px\" srcset=\"https:\/\/www.toyotomi.eu\/wp-content\/uploads\/2025\/06\/Spare-partss-1.jpg 750w, https:\/\/www.toyotomi.eu\/wp-content\/uploads\/2025\/06\/Spare-partss-1-300x300.jpg 300w, https:\/\/www.toyotomi.eu\/wp-content\/uploads\/2025\/06\/Spare-partss-1-150x150.jpg 150w, https:\/\/www.toyotomi.eu\/wp-content\/uploads\/2025\/06\/Spare-partss-1-441x441.jpg 441w, https:\/\/www.toyotomi.eu\/wp-content\/uploads\/2025\/06\/Spare-partss-1-100x100.jpg 100w\" sizes=\"auto, (max-width: 750px) 100vw, 750px\" \/><\/figure>\n<\/div><\/div><\/div><\/div>\n<\/div><\/div><\/div><\/div><\/div>\n<\/div><\/div><\/div><\/div><\/div>\n\n<div style=\"height:10px\" aria-hidden=\"true\" class=\"wp-block-spacer\"><\/div>\n\n<div class=\"wp-block-essential-blocks-wrapper alignfull  root-eb-wrapper-mfi89\"><div class=\"eb-parent-wrapper eb-parent-eb-wrapper-mfi89 \"><div class=\"eb-wrapper-outer eb-wrapper-mfi89\"><div class=\"eb-wrapper-inner\"><div class=\"eb-wrapper-inner-blocks eb-wrapper-align-center\">\n<div class=\"wp-block-essential-blocks-row alignfull  root-eb-row-ahqhk\"><div class=\"eb-parent-wrapper eb-parent-eb-row-ahqhk \"><div class=\"eb-row-root-container eb-row-ahqhk\" data-id=\"eb-row-ahqhk\"><div class=\"eb-row-wrapper\"><div class=\"eb-row-inner\">\n<div class=\"wp-block-essential-blocks-column  root-eb-column-lwznr\"><div class=\"eb-parent-wrapper eb-parent-eb-column-lwznr \"><div class=\"eb-column-wrapper eb-column-lwznr\"><div class=\"eb-column-inner\">\n<div class=\"wp-block-essential-blocks-interactive-promo root-eb-interactive-promo-ym70e\"><div class=\"eb-parent-wrapper eb-parent-eb-interactive-promo-ym70e \"><div class=\"eb-interactive-promo-wrapper eb-interactive-promo-ym70e\"><div class=\"eb-interactive-promo-container\" data-effect=\"apollo\"><div class=\"eb-interactive-promo hover-effect\"><figure class=\"effect-apollo\"><img decoding=\"async\" src=\"https:\/\/www.toyotomi.eu\/wp-content\/uploads\/2025\/12\/Downloads-button-PT-4.jpg\" alt=\"Bot\u00e3o de transfer\u00eancias Toyotomi\"><figcaption><h2 class=\"eb-interactive-promo-header\"><\/h2><p class=\"eb-interactive-promo-content\"><\/p><a href=\"https:\/\/www.toyotomi.eu\/pt\/atendimento-ao-cliente\/downloads\/\" target=\"_self\" rel=\"noopener noreferrer\"><\/a><\/figcaption><\/figure><\/div><\/div><\/div><\/div><\/div>\n<\/div><\/div><\/div><\/div>\n\n\n\n<div class=\"wp-block-essential-blocks-column  root-eb-column-ln7zw\"><div class=\"eb-parent-wrapper eb-parent-eb-column-ln7zw \"><div class=\"eb-column-wrapper eb-column-ln7zw\"><div class=\"eb-column-inner\">\n<div class=\"wp-block-essential-blocks-interactive-promo root-eb-interactive-promo-tw4ug\"><div class=\"eb-parent-wrapper eb-parent-eb-interactive-promo-tw4ug \"><div class=\"eb-interactive-promo-wrapper eb-interactive-promo-tw4ug\"><div class=\"eb-interactive-promo-container\" data-effect=\"apollo\"><div class=\"eb-interactive-promo hover-effect\"><figure class=\"effect-apollo\"><img decoding=\"async\" src=\"https:\/\/www.toyotomi.eu\/wp-content\/uploads\/2025\/12\/FAQ-button-PT-3.jpg\" alt=\"Bot\u00e3o de transfer\u00eancias Toyotomi\"><figcaption><h2 class=\"eb-interactive-promo-header\"><\/h2><p class=\"eb-interactive-promo-content\"><\/p><a href=\"https:\/\/www.toyotomi.eu\/pt\/atendimento-ao-cliente\/perguntas-frequentes\/\" target=\"_self\" rel=\"noopener noreferrer\"><\/a><\/figcaption><\/figure><\/div><\/div><\/div><\/div><\/div>\n<\/div><\/div><\/div><\/div>\n\n\n\n<div class=\"wp-block-essential-blocks-column  root-eb-column-fibpt\"><div class=\"eb-parent-wrapper eb-parent-eb-column-fibpt \"><div class=\"eb-column-wrapper eb-column-fibpt\"><div class=\"eb-column-inner\"><\/div><\/div><\/div><\/div>\n\n\n\n<div class=\"wp-block-essential-blocks-column  root-eb-column-5lxl9\"><div class=\"eb-parent-wrapper eb-parent-eb-column-5lxl9 \"><div class=\"eb-column-wrapper eb-column-5lxl9\"><div class=\"eb-column-inner\">\n<div class=\"wp-block-buttons is-horizontal is-content-justification-right is-layout-flex wp-container-core-buttons-is-layout-6de4a2c1 wp-block-buttons-is-layout-flex\" style=\"margin-top:0;margin-bottom:0;padding-top:0;padding-right:0;padding-bottom:0;padding-left:0\">\n<div class=\"wp-block-button hvr-grow\"><a class=\"wp-block-button__link has-white-color has-text-color has-background has-link-color has-text-align-center has-custom-font-size wp-element-button\" href=\"https:\/\/www.toyotomi.eu\/pt\/categoria\/aquecimento\/pecas\/\" style=\"border-radius:4px;background-color:#ca0f0f;font-size:clamp(14px, 0.875rem + ((1vw - 3.2px) * 0.46), 18px);\">Descubra as nossas Pe\u00e7as<\/a><\/div>\n\n\n\n<div class=\"wp-block-button hvr-grow\"><a class=\"wp-block-button__link has-white-color has-text-color has-background has-link-color has-text-align-center has-custom-font-size wp-element-button\" href=\"https:\/\/www.toyotomi.eu\/pt\/categoria\/aquecimento\/acessorios\/\" style=\"border-radius:4px;background-color:#ca0f0f;font-size:clamp(14px, 0.875rem + ((1vw - 3.2px) * 0.46), 18px);\">Descubra os nossos Acess\u00f3rios<\/a><\/div>\n<\/div>\n<\/div><\/div><\/div><\/div>\n<\/div><\/div><\/div><\/div><\/div>\n<\/div><\/div><\/div><\/div><\/div>\n","protected":false},"excerpt":{"rendered":"","protected":false},"author":71,"featured_media":0,"parent":0,"menu_order":0,"comment_status":"closed","ping_status":"closed","template":"template-canvas.php","meta":{"_acf_changed":false,"_eb_attr":"","footnotes":""},"class_list":["post-47622","page","type-page","status-publish","hentry"],"acf":[],"yoast_head":"<!-- This site is optimized with the Yoast SEO plugin v27.4 - https:\/\/yoast.com\/product\/yoast-seo-wordpress\/ -->\n<title>Pe\u00e7as &amp; Acess\u00f3rios - Toyotomi<\/title>\n<meta name=\"description\" content=\"Descubra pe\u00e7as e acess\u00f3rios Toyotomi genu\u00ednos para garantir seguran\u00e7a, fiabilidade e um desempenho duradouro dos seus aparelhos de aquecimento.\" \/>\n<meta name=\"robots\" content=\"index, follow, max-snippet:-1, max-image-preview:large, max-video-preview:-1\" \/>\n<link rel=\"canonical\" href=\"https:\/\/www.toyotomi.eu\/pt\/spare-parts-e-acessorios\/\" \/>\n<meta property=\"og:locale\" content=\"pt_PT\" \/>\n<meta property=\"og:type\" content=\"article\" \/>\n<meta property=\"og:title\" content=\"Pe\u00e7as &amp; Acess\u00f3rios - Toyotomi\" \/>\n<meta property=\"og:description\" content=\"Descubra pe\u00e7as e acess\u00f3rios Toyotomi genu\u00ednos para garantir seguran\u00e7a, fiabilidade e um desempenho duradouro dos seus aparelhos de aquecimento.\" \/>\n<meta property=\"og:url\" content=\"https:\/\/www.toyotomi.eu\/pt\/spare-parts-e-acessorios\/\" \/>\n<meta property=\"og:site_name\" content=\"Toyotomi\" \/>\n<meta property=\"article:modified_time\" content=\"2026-04-02T16:16:55+00:00\" \/>\n<meta property=\"og:image\" content=\"https:\/\/www.toyotomi.eu\/wp-content\/uploads\/2025\/12\/Toyotomi-Parts.jpg\" \/>\n\t<meta property=\"og:image:width\" content=\"1024\" \/>\n\t<meta property=\"og:image:height\" content=\"552\" \/>\n\t<meta property=\"og:image:type\" content=\"image\/jpeg\" \/>\n<meta name=\"twitter:card\" content=\"summary_large_image\" \/>\n<meta name=\"twitter:label1\" content=\"Tempo estimado de leitura\" \/>\n\t<meta name=\"twitter:data1\" content=\"2 minuto\" \/>\n<script type=\"application\/ld+json\" class=\"yoast-schema-graph\">{\"@context\":\"https:\\\/\\\/schema.org\",\"@graph\":[{\"@type\":\"WebPage\",\"@id\":\"https:\\\/\\\/www.toyotomi.eu\\\/pt\\\/spare-parts-e-acessorios\\\/\",\"url\":\"https:\\\/\\\/www.toyotomi.eu\\\/pt\\\/spare-parts-e-acessorios\\\/\",\"name\":\"Pe\u00e7as &amp; Acess\u00f3rios - Toyotomi\",\"isPartOf\":{\"@id\":\"https:\\\/\\\/www.toyotomi.eu\\\/pt\\\/#website\"},\"primaryImageOfPage\":{\"@id\":\"https:\\\/\\\/www.toyotomi.eu\\\/pt\\\/spare-parts-e-acessorios\\\/#primaryimage\"},\"image\":{\"@id\":\"https:\\\/\\\/www.toyotomi.eu\\\/pt\\\/spare-parts-e-acessorios\\\/#primaryimage\"},\"thumbnailUrl\":\"https:\\\/\\\/www.toyotomi.eu\\\/wp-content\\\/uploads\\\/2025\\\/12\\\/Toyotomi-Parts.jpg\",\"datePublished\":\"2024-12-31T23:00:00+00:00\",\"dateModified\":\"2026-04-02T16:16:55+00:00\",\"description\":\"Descubra pe\u00e7as e acess\u00f3rios Toyotomi genu\u00ednos para garantir seguran\u00e7a, fiabilidade e um desempenho duradouro dos seus aparelhos de aquecimento.\",\"breadcrumb\":{\"@id\":\"https:\\\/\\\/www.toyotomi.eu\\\/pt\\\/spare-parts-e-acessorios\\\/#breadcrumb\"},\"inLanguage\":\"pt-PT\",\"potentialAction\":[{\"@type\":\"ReadAction\",\"target\":[\"https:\\\/\\\/www.toyotomi.eu\\\/pt\\\/spare-parts-e-acessorios\\\/\"]}]},{\"@type\":\"ImageObject\",\"inLanguage\":\"pt-PT\",\"@id\":\"https:\\\/\\\/www.toyotomi.eu\\\/pt\\\/spare-parts-e-acessorios\\\/#primaryimage\",\"url\":\"https:\\\/\\\/www.toyotomi.eu\\\/wp-content\\\/uploads\\\/2025\\\/12\\\/Toyotomi-Parts.jpg\",\"contentUrl\":\"https:\\\/\\\/www.toyotomi.eu\\\/wp-content\\\/uploads\\\/2025\\\/12\\\/Toyotomi-Parts.jpg\"},{\"@type\":\"BreadcrumbList\",\"@id\":\"https:\\\/\\\/www.toyotomi.eu\\\/pt\\\/spare-parts-e-acessorios\\\/#breadcrumb\",\"itemListElement\":[{\"@type\":\"ListItem\",\"position\":1,\"name\":\"In\u00edcio\",\"item\":\"https:\\\/\\\/www.toyotomi.eu\\\/pt\\\/\"},{\"@type\":\"ListItem\",\"position\":2,\"name\":\"Pe\u00e7as &amp; Acess\u00f3rios\"}]},{\"@type\":\"WebSite\",\"@id\":\"https:\\\/\\\/www.toyotomi.eu\\\/pt\\\/#website\",\"url\":\"https:\\\/\\\/www.toyotomi.eu\\\/pt\\\/\",\"name\":\"Toyotomi\",\"description\":\"\",\"publisher\":{\"@id\":\"https:\\\/\\\/www.toyotomi.eu\\\/pt\\\/#organization\"},\"potentialAction\":[{\"@type\":\"SearchAction\",\"target\":{\"@type\":\"EntryPoint\",\"urlTemplate\":\"https:\\\/\\\/www.toyotomi.eu\\\/pt\\\/?s={search_term_string}\"},\"query-input\":{\"@type\":\"PropertyValueSpecification\",\"valueRequired\":true,\"valueName\":\"search_term_string\"}}],\"inLanguage\":\"pt-PT\"},{\"@type\":\"Organization\",\"@id\":\"https:\\\/\\\/www.toyotomi.eu\\\/pt\\\/#organization\",\"name\":\"Toyotomi Europe Sales B.V.\",\"alternateName\":\"Toyotomi\",\"url\":\"https:\\\/\\\/www.toyotomi.eu\\\/pt\\\/\",\"logo\":{\"@type\":\"ImageObject\",\"inLanguage\":\"pt-PT\",\"@id\":\"https:\\\/\\\/www.toyotomi.eu\\\/pt\\\/#\\\/schema\\\/logo\\\/image\\\/\",\"url\":\"https:\\\/\\\/www.toyotomi.eu\\\/wp-content\\\/uploads\\\/2025\\\/10\\\/logo.png\",\"contentUrl\":\"https:\\\/\\\/www.toyotomi.eu\\\/wp-content\\\/uploads\\\/2025\\\/10\\\/logo.png\",\"width\":1360,\"height\":304,\"caption\":\"Toyotomi Europe Sales B.V.\"},\"image\":{\"@id\":\"https:\\\/\\\/www.toyotomi.eu\\\/pt\\\/#\\\/schema\\\/logo\\\/image\\\/\"}}]}<\/script>\n<!-- \/ Yoast SEO plugin. -->","yoast_head_json":{"title":"Pe\u00e7as &amp; Acess\u00f3rios - Toyotomi","description":"Descubra pe\u00e7as e acess\u00f3rios Toyotomi genu\u00ednos para garantir seguran\u00e7a, fiabilidade e um desempenho duradouro dos seus aparelhos de aquecimento.","robots":{"index":"index","follow":"follow","max-snippet":"max-snippet:-1","max-image-preview":"max-image-preview:large","max-video-preview":"max-video-preview:-1"},"canonical":"https:\/\/www.toyotomi.eu\/pt\/spare-parts-e-acessorios\/","og_locale":"pt_PT","og_type":"article","og_title":"Pe\u00e7as &amp; Acess\u00f3rios - Toyotomi","og_description":"Descubra pe\u00e7as e acess\u00f3rios Toyotomi genu\u00ednos para garantir seguran\u00e7a, fiabilidade e um desempenho duradouro dos seus aparelhos de aquecimento.","og_url":"https:\/\/www.toyotomi.eu\/pt\/spare-parts-e-acessorios\/","og_site_name":"Toyotomi","article_modified_time":"2026-04-02T16:16:55+00:00","og_image":[{"width":1024,"height":552,"url":"https:\/\/www.toyotomi.eu\/wp-content\/uploads\/2025\/12\/Toyotomi-Parts.jpg","type":"image\/jpeg"}],"twitter_card":"summary_large_image","twitter_misc":{"Tempo estimado de leitura":"2 minuto"},"schema":{"@context":"https:\/\/schema.org","@graph":[{"@type":"WebPage","@id":"https:\/\/www.toyotomi.eu\/pt\/spare-parts-e-acessorios\/","url":"https:\/\/www.toyotomi.eu\/pt\/spare-parts-e-acessorios\/","name":"Pe\u00e7as &amp; Acess\u00f3rios - Toyotomi","isPartOf":{"@id":"https:\/\/www.toyotomi.eu\/pt\/#website"},"primaryImageOfPage":{"@id":"https:\/\/www.toyotomi.eu\/pt\/spare-parts-e-acessorios\/#primaryimage"},"image":{"@id":"https:\/\/www.toyotomi.eu\/pt\/spare-parts-e-acessorios\/#primaryimage"},"thumbnailUrl":"https:\/\/www.toyotomi.eu\/wp-content\/uploads\/2025\/12\/Toyotomi-Parts.jpg","datePublished":"2024-12-31T23:00:00+00:00","dateModified":"2026-04-02T16:16:55+00:00","description":"Descubra pe\u00e7as e acess\u00f3rios Toyotomi genu\u00ednos para garantir seguran\u00e7a, fiabilidade e um desempenho duradouro dos seus aparelhos de aquecimento.","breadcrumb":{"@id":"https:\/\/www.toyotomi.eu\/pt\/spare-parts-e-acessorios\/#breadcrumb"},"inLanguage":"pt-PT","potentialAction":[{"@type":"ReadAction","target":["https:\/\/www.toyotomi.eu\/pt\/spare-parts-e-acessorios\/"]}]},{"@type":"ImageObject","inLanguage":"pt-PT","@id":"https:\/\/www.toyotomi.eu\/pt\/spare-parts-e-acessorios\/#primaryimage","url":"https:\/\/www.toyotomi.eu\/wp-content\/uploads\/2025\/12\/Toyotomi-Parts.jpg","contentUrl":"https:\/\/www.toyotomi.eu\/wp-content\/uploads\/2025\/12\/Toyotomi-Parts.jpg"},{"@type":"BreadcrumbList","@id":"https:\/\/www.toyotomi.eu\/pt\/spare-parts-e-acessorios\/#breadcrumb","itemListElement":[{"@type":"ListItem","position":1,"name":"In\u00edcio","item":"https:\/\/www.toyotomi.eu\/pt\/"},{"@type":"ListItem","position":2,"name":"Pe\u00e7as &amp; Acess\u00f3rios"}]},{"@type":"WebSite","@id":"https:\/\/www.toyotomi.eu\/pt\/#website","url":"https:\/\/www.toyotomi.eu\/pt\/","name":"Toyotomi","description":"","publisher":{"@id":"https:\/\/www.toyotomi.eu\/pt\/#organization"},"potentialAction":[{"@type":"SearchAction","target":{"@type":"EntryPoint","urlTemplate":"https:\/\/www.toyotomi.eu\/pt\/?s={search_term_string}"},"query-input":{"@type":"PropertyValueSpecification","valueRequired":true,"valueName":"search_term_string"}}],"inLanguage":"pt-PT"},{"@type":"Organization","@id":"https:\/\/www.toyotomi.eu\/pt\/#organization","name":"Toyotomi Europe Sales B.V.","alternateName":"Toyotomi","url":"https:\/\/www.toyotomi.eu\/pt\/","logo":{"@type":"ImageObject","inLanguage":"pt-PT","@id":"https:\/\/www.toyotomi.eu\/pt\/#\/schema\/logo\/image\/","url":"https:\/\/www.toyotomi.eu\/wp-content\/uploads\/2025\/10\/logo.png","contentUrl":"https:\/\/www.toyotomi.eu\/wp-content\/uploads\/2025\/10\/logo.png","width":1360,"height":304,"caption":"Toyotomi Europe Sales B.V."},"image":{"@id":"https:\/\/www.toyotomi.eu\/pt\/#\/schema\/logo\/image\/"}}]}},"_links":{"self":[{"href":"https:\/\/www.toyotomi.eu\/pt\/wp-json\/wp\/v2\/pages\/47622","targetHints":{"allow":["GET"]}}],"collection":[{"href":"https:\/\/www.toyotomi.eu\/pt\/wp-json\/wp\/v2\/pages"}],"about":[{"href":"https:\/\/www.toyotomi.eu\/pt\/wp-json\/wp\/v2\/types\/page"}],"author":[{"embeddable":true,"href":"https:\/\/www.toyotomi.eu\/pt\/wp-json\/wp\/v2\/users\/71"}],"replies":[{"embeddable":true,"href":"https:\/\/www.toyotomi.eu\/pt\/wp-json\/wp\/v2\/comments?post=47622"}],"version-history":[{"count":14,"href":"https:\/\/www.toyotomi.eu\/pt\/wp-json\/wp\/v2\/pages\/47622\/revisions"}],"predecessor-version":[{"id":63082,"href":"https:\/\/www.toyotomi.eu\/pt\/wp-json\/wp\/v2\/pages\/47622\/revisions\/63082"}],"wp:attachment":[{"href":"https:\/\/www.toyotomi.eu\/pt\/wp-json\/wp\/v2\/media?parent=47622"}],"curies":[{"name":"wp","href":"https:\/\/api.w.org\/{rel}","templated":true}]}}