{"id":63918,"date":"2025-01-01T02:01:00","date_gmt":"2025-01-01T01:01:00","guid":{"rendered":"https:\/\/www.toyotomi.eu\/product\/toyotomi-prime-20l\/"},"modified":"2026-04-24T17:42:29","modified_gmt":"2026-04-24T15:42:29","slug":"toyotomi-prime-20l","status":"publish","type":"product","link":"https:\/\/www.toyotomi.eu\/no\/produkt\/toyotomi-prime-20l\/","title":{"rendered":"TOYOTOMI PRIME 20L"},"content":{"rendered":"\n<div class=\"wp-block-essential-blocks-wrapper alignfull  root-eb-wrapper-kiu5m\"><div class=\"eb-parent-wrapper eb-parent-eb-wrapper-kiu5m \"><div class=\"eb-wrapper-outer eb-wrapper-kiu5m\"><div class=\"eb-wrapper-inner\"><div class=\"eb-wrapper-inner-blocks eb-wrapper-align-center\">\n<div class=\"wp-block-essential-blocks-row alignfull  root-eb-row-vp5zx\"><div class=\"eb-parent-wrapper eb-parent-eb-row-vp5zx \"><div class=\"eb-row-root-container eb-row-vp5zx\" data-id=\"eb-row-vp5zx\"><div class=\"eb-row-wrapper\"><div class=\"eb-row-inner\">\n<div class=\"wp-block-essential-blocks-column  root-eb-column-wbb44\"><div class=\"eb-parent-wrapper eb-parent-eb-column-wbb44 \"><div class=\"eb-column-wrapper eb-column-wbb44\"><div class=\"eb-column-inner\">\n<h2 class=\"wp-block-heading has-text-align-left\"><strong>Toyotomi PRIME<\/strong><\/h2>\n\n\n\n<p>Toyotomi PRIME-drivstoffet skiller seg ut fra sammenlignbare drivstoff basert p\u00e5 f\u00f8lgende egenskaper:<\/p>\n\n\n\n<ul class=\"wp-block-list\">\n<li>Den spesielle \u201cluktfrie\u201d formelen, takket v\u00e6re det lave innholdet av aromater (0,003%): reduserer lukten ved p\u00e5- og avsl\u00e5ing.<\/li>\n\n\n\n<li>Brennverdien, h\u00f8yere enn 11 400 Kcal per kg, garanterer h\u00f8y ytelse sammen med en flammestabilitet og frav\u00e6r av uforbrente materialer.<\/li>\n\n\n\n<li>Innholdet av ikke-flyktige stoffer p\u00e5 kun 0,0000006 % eliminerer restprodukter etter forbrenning, holder brenneren ren og eliminerer behovet for vedlikehold.<\/li>\n\n\n\n<li>Toyotomi-kanner er laget av PET, et 100 % resirkulerbart og gjenbrukbart materiale. Hvis det gjenvinnes, kan det gi liv til mange nye gjenstander, samtidig som det sikrer kvaliteten og renheten til forbindelsen. <\/li>\n\n\n\n<li>Anbefalt av Toyotomi, verdens ledende produsent av drivstoffovner i over 75 \u00e5r.<\/li>\n\n\n\n<li>Samle lojalitetspoeng og finn ut hvordan du kan forlenge garantien p\u00e5 varmeovnen din produsert av Toyotomi-merkene: \u00abToyotomi\u00bb og \u00abZibro\u00bb.<\/li>\n<\/ul>\n<\/div><\/div><\/div><\/div>\n<\/div><\/div><\/div><\/div><\/div>\n<\/div><\/div><\/div><\/div><\/div>\n","protected":false},"excerpt":{"rendered":"<p>Toyotomi PRIME er et \u00abluktfritt\u00bb brennstoff som leverer topp ytelse uten kompromisser. Takket v\u00e6re et lavt innhold av aromater reduseres lukt ved oppstart og slukking, og brennstoffet garanterer h\u00f8y effektivitet med en brennverdi p\u00e5 over 11 400 kcal\/kg. <\/p>\n<p><strong>Artikkelnr.:<\/strong> PRIME 20 LITER<\/p>\n","protected":false},"featured_media":62443,"template":"","meta":{"_acf_changed":false,"_eb_attr":""},"product_brand":[],"product_cat":[7280],"product_tag":[],"class_list":{"0":"post-63918","1":"product","2":"type-product","3":"status-publish","4":"has-post-thumbnail","6":"product_cat-varmevaesker","8":"first","9":"instock","10":"taxable","11":"shipping-taxable","12":"product-type-simple"},"acf":[],"yoast_head":"<!-- This site is optimized with the Yoast SEO plugin v27.5 - https:\/\/yoast.com\/product\/yoast-seo-wordpress\/ -->\n<title>TOYOTOMI PRIME 20L - Toyotomi<\/title>\n<meta name=\"robots\" content=\"index, follow, max-snippet:-1, max-image-preview:large, max-video-preview:-1\" \/>\n<link rel=\"canonical\" href=\"https:\/\/www.toyotomi.eu\/no\/produkt\/toyotomi-prime-20l\/\" \/>\n<meta property=\"og:locale\" content=\"nb_NO\" \/>\n<meta property=\"og:type\" content=\"article\" \/>\n<meta property=\"og:title\" content=\"TOYOTOMI PRIME 20L - Toyotomi\" \/>\n<meta property=\"og:description\" content=\"Toyotomi PRIME er et \u00abluktfritt\u00bb brennstoff som leverer topp ytelse uten kompromisser. Takket v\u00e6re et lavt innhold av aromater reduseres lukt ved oppstart og slukking, og brennstoffet garanterer h\u00f8y effektivitet med en brennverdi p\u00e5 over 11 400 kcal\/kg.  Artikkelnr.: PRIME 20 LITER\" \/>\n<meta property=\"og:url\" content=\"https:\/\/www.toyotomi.eu\/no\/produkt\/toyotomi-prime-20l\/\" \/>\n<meta property=\"og:site_name\" content=\"Toyotomi\" \/>\n<meta property=\"article:modified_time\" content=\"2026-04-24T15:42:29+00:00\" \/>\n<meta property=\"og:image\" content=\"https:\/\/www.toyotomi.eu\/wp-content\/uploads\/2026\/03\/PIC_TOYOTOMI-PRIME-20L_2560x2560.png\" \/>\n\t<meta property=\"og:image:width\" content=\"2560\" \/>\n\t<meta property=\"og:image:height\" content=\"2560\" \/>\n\t<meta property=\"og:image:type\" content=\"image\/png\" \/>\n<meta name=\"twitter:card\" content=\"summary_large_image\" \/>\n<script type=\"application\/ld+json\" class=\"yoast-schema-graph\">{\"@context\":\"https:\\\/\\\/schema.org\",\"@graph\":[{\"@type\":\"WebPage\",\"@id\":\"https:\\\/\\\/www.toyotomi.eu\\\/no\\\/produkt\\\/toyotomi-prime-20l\\\/\",\"url\":\"https:\\\/\\\/www.toyotomi.eu\\\/no\\\/produkt\\\/toyotomi-prime-20l\\\/\",\"name\":\"TOYOTOMI PRIME 20L - Toyotomi\",\"isPartOf\":{\"@id\":\"https:\\\/\\\/www.toyotomi.eu\\\/no\\\/#website\"},\"primaryImageOfPage\":{\"@id\":\"https:\\\/\\\/www.toyotomi.eu\\\/no\\\/produkt\\\/toyotomi-prime-20l\\\/#primaryimage\"},\"image\":{\"@id\":\"https:\\\/\\\/www.toyotomi.eu\\\/no\\\/produkt\\\/toyotomi-prime-20l\\\/#primaryimage\"},\"thumbnailUrl\":\"https:\\\/\\\/www.toyotomi.eu\\\/wp-content\\\/uploads\\\/2026\\\/03\\\/PIC_TOYOTOMI-PRIME-20L_2560x2560.png\",\"datePublished\":\"2025-01-01T01:01:00+00:00\",\"dateModified\":\"2026-04-24T15:42:29+00:00\",\"breadcrumb\":{\"@id\":\"https:\\\/\\\/www.toyotomi.eu\\\/no\\\/produkt\\\/toyotomi-prime-20l\\\/#breadcrumb\"},\"inLanguage\":\"nb-NO\",\"potentialAction\":[{\"@type\":\"ReadAction\",\"target\":[\"https:\\\/\\\/www.toyotomi.eu\\\/no\\\/produkt\\\/toyotomi-prime-20l\\\/\"]}]},{\"@type\":\"ImageObject\",\"inLanguage\":\"nb-NO\",\"@id\":\"https:\\\/\\\/www.toyotomi.eu\\\/no\\\/produkt\\\/toyotomi-prime-20l\\\/#primaryimage\",\"url\":\"https:\\\/\\\/www.toyotomi.eu\\\/wp-content\\\/uploads\\\/2026\\\/03\\\/PIC_TOYOTOMI-PRIME-20L_2560x2560.png\",\"contentUrl\":\"https:\\\/\\\/www.toyotomi.eu\\\/wp-content\\\/uploads\\\/2026\\\/03\\\/PIC_TOYOTOMI-PRIME-20L_2560x2560.png\",\"width\":2560,\"height\":2560,\"caption\":\"R\u00f8d Toyotomi Prime brennstofftilsetning designet for b\u00e6rbare ovner, sikrer h\u00f8ykvalitets brennstoff.\"},{\"@type\":\"BreadcrumbList\",\"@id\":\"https:\\\/\\\/www.toyotomi.eu\\\/no\\\/produkt\\\/toyotomi-prime-20l\\\/#breadcrumb\",\"itemListElement\":[{\"@type\":\"ListItem\",\"position\":1,\"name\":\"Hjem\",\"item\":\"https:\\\/\\\/www.toyotomi.eu\\\/no\\\/\"},{\"@type\":\"ListItem\",\"position\":2,\"name\":\"Alle produkter\",\"item\":\"https:\\\/\\\/www.toyotomi.eu\\\/no\\\/alle-produkter\\\/\"},{\"@type\":\"ListItem\",\"position\":3,\"name\":\"TOYOTOMI PRIME 20L\"}]},{\"@type\":\"WebSite\",\"@id\":\"https:\\\/\\\/www.toyotomi.eu\\\/no\\\/#website\",\"url\":\"https:\\\/\\\/www.toyotomi.eu\\\/no\\\/\",\"name\":\"Toyotomi\",\"description\":\"\",\"publisher\":{\"@id\":\"https:\\\/\\\/www.toyotomi.eu\\\/no\\\/#organization\"},\"potentialAction\":[{\"@type\":\"SearchAction\",\"target\":{\"@type\":\"EntryPoint\",\"urlTemplate\":\"https:\\\/\\\/www.toyotomi.eu\\\/no\\\/?s={search_term_string}\"},\"query-input\":{\"@type\":\"PropertyValueSpecification\",\"valueRequired\":true,\"valueName\":\"search_term_string\"}}],\"inLanguage\":\"nb-NO\"},{\"@type\":\"Organization\",\"@id\":\"https:\\\/\\\/www.toyotomi.eu\\\/no\\\/#organization\",\"name\":\"Toyotomi Europe Sales B.V.\",\"alternateName\":\"Toyotomi\",\"url\":\"https:\\\/\\\/www.toyotomi.eu\\\/no\\\/\",\"logo\":{\"@type\":\"ImageObject\",\"inLanguage\":\"nb-NO\",\"@id\":\"https:\\\/\\\/www.toyotomi.eu\\\/no\\\/#\\\/schema\\\/logo\\\/image\\\/\",\"url\":\"https:\\\/\\\/www.toyotomi.eu\\\/wp-content\\\/uploads\\\/2025\\\/10\\\/logo.png\",\"contentUrl\":\"https:\\\/\\\/www.toyotomi.eu\\\/wp-content\\\/uploads\\\/2025\\\/10\\\/logo.png\",\"width\":1360,\"height\":304,\"caption\":\"Toyotomi Europe Sales B.V.\"},\"image\":{\"@id\":\"https:\\\/\\\/www.toyotomi.eu\\\/no\\\/#\\\/schema\\\/logo\\\/image\\\/\"}}]}<\/script>\n<!-- \/ Yoast SEO plugin. -->","yoast_head_json":{"title":"TOYOTOMI PRIME 20L - Toyotomi","robots":{"index":"index","follow":"follow","max-snippet":"max-snippet:-1","max-image-preview":"max-image-preview:large","max-video-preview":"max-video-preview:-1"},"canonical":"https:\/\/www.toyotomi.eu\/no\/produkt\/toyotomi-prime-20l\/","og_locale":"nb_NO","og_type":"article","og_title":"TOYOTOMI PRIME 20L - Toyotomi","og_description":"Toyotomi PRIME er et \u00abluktfritt\u00bb brennstoff som leverer topp ytelse uten kompromisser. Takket v\u00e6re et lavt innhold av aromater reduseres lukt ved oppstart og slukking, og brennstoffet garanterer h\u00f8y effektivitet med en brennverdi p\u00e5 over 11 400 kcal\/kg.  Artikkelnr.: PRIME 20 LITER","og_url":"https:\/\/www.toyotomi.eu\/no\/produkt\/toyotomi-prime-20l\/","og_site_name":"Toyotomi","article_modified_time":"2026-04-24T15:42:29+00:00","og_image":[{"width":2560,"height":2560,"url":"https:\/\/www.toyotomi.eu\/wp-content\/uploads\/2026\/03\/PIC_TOYOTOMI-PRIME-20L_2560x2560.png","type":"image\/png"}],"twitter_card":"summary_large_image","schema":{"@context":"https:\/\/schema.org","@graph":[{"@type":"WebPage","@id":"https:\/\/www.toyotomi.eu\/no\/produkt\/toyotomi-prime-20l\/","url":"https:\/\/www.toyotomi.eu\/no\/produkt\/toyotomi-prime-20l\/","name":"TOYOTOMI PRIME 20L - Toyotomi","isPartOf":{"@id":"https:\/\/www.toyotomi.eu\/no\/#website"},"primaryImageOfPage":{"@id":"https:\/\/www.toyotomi.eu\/no\/produkt\/toyotomi-prime-20l\/#primaryimage"},"image":{"@id":"https:\/\/www.toyotomi.eu\/no\/produkt\/toyotomi-prime-20l\/#primaryimage"},"thumbnailUrl":"https:\/\/www.toyotomi.eu\/wp-content\/uploads\/2026\/03\/PIC_TOYOTOMI-PRIME-20L_2560x2560.png","datePublished":"2025-01-01T01:01:00+00:00","dateModified":"2026-04-24T15:42:29+00:00","breadcrumb":{"@id":"https:\/\/www.toyotomi.eu\/no\/produkt\/toyotomi-prime-20l\/#breadcrumb"},"inLanguage":"nb-NO","potentialAction":[{"@type":"ReadAction","target":["https:\/\/www.toyotomi.eu\/no\/produkt\/toyotomi-prime-20l\/"]}]},{"@type":"ImageObject","inLanguage":"nb-NO","@id":"https:\/\/www.toyotomi.eu\/no\/produkt\/toyotomi-prime-20l\/#primaryimage","url":"https:\/\/www.toyotomi.eu\/wp-content\/uploads\/2026\/03\/PIC_TOYOTOMI-PRIME-20L_2560x2560.png","contentUrl":"https:\/\/www.toyotomi.eu\/wp-content\/uploads\/2026\/03\/PIC_TOYOTOMI-PRIME-20L_2560x2560.png","width":2560,"height":2560,"caption":"R\u00f8d Toyotomi Prime brennstofftilsetning designet for b\u00e6rbare ovner, sikrer h\u00f8ykvalitets brennstoff."},{"@type":"BreadcrumbList","@id":"https:\/\/www.toyotomi.eu\/no\/produkt\/toyotomi-prime-20l\/#breadcrumb","itemListElement":[{"@type":"ListItem","position":1,"name":"Hjem","item":"https:\/\/www.toyotomi.eu\/no\/"},{"@type":"ListItem","position":2,"name":"Alle produkter","item":"https:\/\/www.toyotomi.eu\/no\/alle-produkter\/"},{"@type":"ListItem","position":3,"name":"TOYOTOMI PRIME 20L"}]},{"@type":"WebSite","@id":"https:\/\/www.toyotomi.eu\/no\/#website","url":"https:\/\/www.toyotomi.eu\/no\/","name":"Toyotomi","description":"","publisher":{"@id":"https:\/\/www.toyotomi.eu\/no\/#organization"},"potentialAction":[{"@type":"SearchAction","target":{"@type":"EntryPoint","urlTemplate":"https:\/\/www.toyotomi.eu\/no\/?s={search_term_string}"},"query-input":{"@type":"PropertyValueSpecification","valueRequired":true,"valueName":"search_term_string"}}],"inLanguage":"nb-NO"},{"@type":"Organization","@id":"https:\/\/www.toyotomi.eu\/no\/#organization","name":"Toyotomi Europe Sales B.V.","alternateName":"Toyotomi","url":"https:\/\/www.toyotomi.eu\/no\/","logo":{"@type":"ImageObject","inLanguage":"nb-NO","@id":"https:\/\/www.toyotomi.eu\/no\/#\/schema\/logo\/image\/","url":"https:\/\/www.toyotomi.eu\/wp-content\/uploads\/2025\/10\/logo.png","contentUrl":"https:\/\/www.toyotomi.eu\/wp-content\/uploads\/2025\/10\/logo.png","width":1360,"height":304,"caption":"Toyotomi Europe Sales B.V."},"image":{"@id":"https:\/\/www.toyotomi.eu\/no\/#\/schema\/logo\/image\/"}}]}},"_links":{"self":[{"href":"https:\/\/www.toyotomi.eu\/no\/wp-json\/wp\/v2\/product\/63918","targetHints":{"allow":["GET"]}}],"collection":[{"href":"https:\/\/www.toyotomi.eu\/no\/wp-json\/wp\/v2\/product"}],"about":[{"href":"https:\/\/www.toyotomi.eu\/no\/wp-json\/wp\/v2\/types\/product"}],"wp:featuredmedia":[{"embeddable":true,"href":"https:\/\/www.toyotomi.eu\/no\/wp-json\/wp\/v2\/media\/62443"}],"wp:attachment":[{"href":"https:\/\/www.toyotomi.eu\/no\/wp-json\/wp\/v2\/media?parent=63918"}],"wp:term":[{"taxonomy":"product_brand","embeddable":true,"href":"https:\/\/www.toyotomi.eu\/no\/wp-json\/wp\/v2\/product_brand?post=63918"},{"taxonomy":"product_cat","embeddable":true,"href":"https:\/\/www.toyotomi.eu\/no\/wp-json\/wp\/v2\/product_cat?post=63918"},{"taxonomy":"product_tag","embeddable":true,"href":"https:\/\/www.toyotomi.eu\/no\/wp-json\/wp\/v2\/product_tag?post=63918"}],"curies":[{"name":"wp","href":"https:\/\/api.w.org\/{rel}","templated":true}]}}