{"id":63880,"date":"2025-01-01T02:01:00","date_gmt":"2025-01-01T01:01:00","guid":{"rendered":"https:\/\/www.toyotomi.eu\/product\/toyotomi-nova-20l\/"},"modified":"2026-04-24T17:39:01","modified_gmt":"2026-04-24T15:39:01","slug":"toyotomi-nova-20l","status":"publish","type":"product","link":"https:\/\/www.toyotomi.eu\/no\/produkt\/toyotomi-nova-20l\/","title":{"rendered":"TOYOTOMI NOVA 20L"},"content":{"rendered":"\n<div class=\"wp-block-essential-blocks-wrapper alignfull  root-eb-wrapper-kiu5m\"><div class=\"eb-parent-wrapper eb-parent-eb-wrapper-kiu5m \"><div class=\"eb-wrapper-outer eb-wrapper-kiu5m\"><div class=\"eb-wrapper-inner\"><div class=\"eb-wrapper-inner-blocks eb-wrapper-align-center\">\n<div class=\"wp-block-essential-blocks-row alignfull  root-eb-row-vp5zx\"><div class=\"eb-parent-wrapper eb-parent-eb-row-vp5zx \"><div class=\"eb-row-root-container eb-row-vp5zx\" data-id=\"eb-row-vp5zx\"><div class=\"eb-row-wrapper\"><div class=\"eb-row-inner\">\n<div class=\"wp-block-essential-blocks-column  root-eb-column-wbb44\"><div class=\"eb-parent-wrapper eb-parent-eb-column-wbb44 \"><div class=\"eb-column-wrapper eb-column-wbb44\"><div class=\"eb-column-inner\">\n<h2 class=\"wp-block-heading has-text-align-left has-x-large-font-size\"><strong>Toyotomi NOVA<\/strong><\/h2>\n<\/div><\/div><\/div><\/div>\n<\/div><\/div><\/div><\/div><\/div>\n<\/div><\/div><\/div><\/div><\/div>\n\n<div class=\"wp-block-essential-blocks-wrapper  root-eb-wrapper-ssrt0\"><div class=\"eb-parent-wrapper eb-parent-eb-wrapper-ssrt0 \"><div class=\"eb-wrapper-outer eb-wrapper-ssrt0\"><div class=\"eb-wrapper-inner\"><div class=\"eb-wrapper-inner-blocks eb-wrapper-align-center\">\n<div class=\"wp-block-essential-blocks-row alignfull  root-eb-row-d9519\"><div class=\"eb-parent-wrapper eb-parent-eb-row-d9519 \"><div class=\"eb-row-root-container eb-row-d9519\" data-id=\"eb-row-d9519\"><div class=\"eb-row-wrapper\"><div class=\"eb-row-inner\">\n<div class=\"wp-block-essential-blocks-column  root-eb-column-ols1f\"><div class=\"eb-parent-wrapper eb-parent-eb-column-ols1f \"><div class=\"eb-column-wrapper eb-column-ols1f\"><div class=\"eb-column-inner\">\n<h3 class=\"wp-block-heading\">CO\u2082-reduksjon<\/h3>\n\n\n\n<p>Integrerer 10 % fornybar bio-sirkul\u00e6r energi for \u00e5 redusere CO\u2082-utslipp<\/p>\n<\/div><\/div><\/div><\/div>\n\n\n\n<div class=\"wp-block-essential-blocks-column  root-eb-column-0ghfj\"><div class=\"eb-parent-wrapper eb-parent-eb-column-0ghfj \"><div class=\"eb-column-wrapper eb-column-0ghfj\"><div class=\"eb-column-inner\">\n<h3 class=\"wp-block-heading\">ISCC+-sertifisering<\/h3>\n\n\n\n<p>Sertifisert av ISCC+. Toyotomi NOVA leverer ren, sikker og luktfri forbrenning<\/p>\n<\/div><\/div><\/div><\/div>\n\n\n\n<div class=\"wp-block-essential-blocks-column  root-eb-column-ytavv\"><div class=\"eb-parent-wrapper eb-parent-eb-column-ytavv \"><div class=\"eb-column-wrapper eb-column-ytavv\"><div class=\"eb-column-inner\">\n<h3 class=\"wp-block-heading\">100 % resirkulerbar PET<\/h3>\n\n\n\n<p>Pakket i 100 % resirkulerbare PET-kanner med barnesikre korker for sikkerhet<\/p>\n<\/div><\/div><\/div><\/div>\n\n\n\n<div class=\"wp-block-essential-blocks-column  root-eb-column-syd5z\"><div class=\"eb-parent-wrapper eb-parent-eb-column-syd5z \"><div class=\"eb-column-wrapper eb-column-syd5z\"><div class=\"eb-column-inner\">\n<h3 class=\"wp-block-heading\">Ren forbrenning<\/h3>\n\n\n\n<p>Sikrer sikker og ren forbrenning uten at det g\u00e5r p\u00e5 bekostning av komfort eller ytelse.<\/p>\n<\/div><\/div><\/div><\/div>\n<\/div><\/div><\/div><\/div><\/div>\n<\/div><\/div><\/div><\/div><\/div>\n","protected":false},"excerpt":{"rendered":"<p>Toyotomi NOVA er et innovativt parafinbasert drivstoff produsert med en samprosessert massebalansetiln\u00e6rming, som integrerer 10 % fornybar biosirkul\u00e6r energi for \u00e5 redusere CO\u2082-utslipp uten \u00e5 g\u00e5 p\u00e5 bekostning av komfort eller ytelse. Den er ISCC+-sertifisert og gir ren, trygg og luktfri forbrenning, testet for alle Toyotomi-ovner og kompatibel med alle parafinmodeller. NOVA er pakket i 100 % resirkulerbare PET-kanner med barnesikre lokk, og tilbyr en b\u00e6rekraftig og p\u00e5litelig l\u00f8sning for oppvarming av hjemmet.  <\/p>\n<p><strong>Artikkelnr.:<\/strong> NOVA 20 LITER<\/p>\n","protected":false},"featured_media":62440,"template":"","meta":{"_acf_changed":false,"_eb_attr":""},"product_brand":[],"product_cat":[7280],"product_tag":[],"class_list":{"0":"post-63880","1":"product","2":"type-product","3":"status-publish","4":"has-post-thumbnail","6":"product_cat-varmevaesker","8":"first","9":"instock","10":"taxable","11":"shipping-taxable","12":"product-type-simple"},"acf":[],"yoast_head":"<!-- This site is optimized with the Yoast SEO plugin v27.4 - https:\/\/yoast.com\/product\/yoast-seo-wordpress\/ -->\n<title>TOYOTOMI NOVA 20L - Toyotomi<\/title>\n<meta name=\"robots\" content=\"index, follow, max-snippet:-1, max-image-preview:large, max-video-preview:-1\" \/>\n<link rel=\"canonical\" href=\"https:\/\/www.toyotomi.eu\/no\/produkt\/toyotomi-nova-20l\/\" \/>\n<meta property=\"og:locale\" content=\"nb_NO\" \/>\n<meta property=\"og:type\" content=\"article\" \/>\n<meta property=\"og:title\" content=\"TOYOTOMI NOVA 20L - Toyotomi\" \/>\n<meta property=\"og:description\" content=\"Toyotomi NOVA er et innovativt parafinbasert drivstoff produsert med en samprosessert massebalansetiln\u00e6rming, som integrerer 10 % fornybar biosirkul\u00e6r energi for \u00e5 redusere CO\u2082-utslipp uten \u00e5 g\u00e5 p\u00e5 bekostning av komfort eller ytelse. Den er ISCC+-sertifisert og gir ren, trygg og luktfri forbrenning, testet for alle Toyotomi-ovner og kompatibel med alle parafinmodeller. NOVA er pakket i 100 % resirkulerbare PET-kanner med barnesikre lokk, og tilbyr en b\u00e6rekraftig og p\u00e5litelig l\u00f8sning for oppvarming av hjemmet.  Artikkelnr.: NOVA 20 LITER\" \/>\n<meta property=\"og:url\" content=\"https:\/\/www.toyotomi.eu\/no\/produkt\/toyotomi-nova-20l\/\" \/>\n<meta property=\"og:site_name\" content=\"Toyotomi\" \/>\n<meta property=\"article:modified_time\" content=\"2026-04-24T15:39:01+00:00\" \/>\n<meta property=\"og:image\" content=\"https:\/\/www.toyotomi.eu\/wp-content\/uploads\/2026\/03\/PIC_TOYOTOMI-NOVA-20L_2560x2560.png\" \/>\n\t<meta property=\"og:image:width\" content=\"2560\" \/>\n\t<meta property=\"og:image:height\" content=\"2560\" \/>\n\t<meta property=\"og:image:type\" content=\"image\/png\" \/>\n<meta name=\"twitter:card\" content=\"summary_large_image\" \/>\n<script type=\"application\/ld+json\" class=\"yoast-schema-graph\">{\"@context\":\"https:\\\/\\\/schema.org\",\"@graph\":[{\"@type\":\"WebPage\",\"@id\":\"https:\\\/\\\/www.toyotomi.eu\\\/no\\\/produkt\\\/toyotomi-nova-20l\\\/\",\"url\":\"https:\\\/\\\/www.toyotomi.eu\\\/no\\\/produkt\\\/toyotomi-nova-20l\\\/\",\"name\":\"TOYOTOMI NOVA 20L - Toyotomi\",\"isPartOf\":{\"@id\":\"https:\\\/\\\/www.toyotomi.eu\\\/no\\\/#website\"},\"primaryImageOfPage\":{\"@id\":\"https:\\\/\\\/www.toyotomi.eu\\\/no\\\/produkt\\\/toyotomi-nova-20l\\\/#primaryimage\"},\"image\":{\"@id\":\"https:\\\/\\\/www.toyotomi.eu\\\/no\\\/produkt\\\/toyotomi-nova-20l\\\/#primaryimage\"},\"thumbnailUrl\":\"https:\\\/\\\/www.toyotomi.eu\\\/wp-content\\\/uploads\\\/2026\\\/03\\\/PIC_TOYOTOMI-NOVA-20L_2560x2560.png\",\"datePublished\":\"2025-01-01T01:01:00+00:00\",\"dateModified\":\"2026-04-24T15:39:01+00:00\",\"breadcrumb\":{\"@id\":\"https:\\\/\\\/www.toyotomi.eu\\\/no\\\/produkt\\\/toyotomi-nova-20l\\\/#breadcrumb\"},\"inLanguage\":\"nb-NO\",\"potentialAction\":[{\"@type\":\"ReadAction\",\"target\":[\"https:\\\/\\\/www.toyotomi.eu\\\/no\\\/produkt\\\/toyotomi-nova-20l\\\/\"]}]},{\"@type\":\"ImageObject\",\"inLanguage\":\"nb-NO\",\"@id\":\"https:\\\/\\\/www.toyotomi.eu\\\/no\\\/produkt\\\/toyotomi-nova-20l\\\/#primaryimage\",\"url\":\"https:\\\/\\\/www.toyotomi.eu\\\/wp-content\\\/uploads\\\/2026\\\/03\\\/PIC_TOYOTOMI-NOVA-20L_2560x2560.png\",\"contentUrl\":\"https:\\\/\\\/www.toyotomi.eu\\\/wp-content\\\/uploads\\\/2026\\\/03\\\/PIC_TOYOTOMI-NOVA-20L_2560x2560.png\",\"width\":2560,\"height\":2560,\"caption\":\"R\u00f8d Toyotomi Nova drivstoffbeholder designet for effektiv oppvarming og bio-sirkul\u00e6r energibruk.\"},{\"@type\":\"BreadcrumbList\",\"@id\":\"https:\\\/\\\/www.toyotomi.eu\\\/no\\\/produkt\\\/toyotomi-nova-20l\\\/#breadcrumb\",\"itemListElement\":[{\"@type\":\"ListItem\",\"position\":1,\"name\":\"Hjem\",\"item\":\"https:\\\/\\\/www.toyotomi.eu\\\/no\\\/\"},{\"@type\":\"ListItem\",\"position\":2,\"name\":\"Alle produkter\",\"item\":\"https:\\\/\\\/www.toyotomi.eu\\\/no\\\/alle-produkter\\\/\"},{\"@type\":\"ListItem\",\"position\":3,\"name\":\"TOYOTOMI NOVA 20L\"}]},{\"@type\":\"WebSite\",\"@id\":\"https:\\\/\\\/www.toyotomi.eu\\\/no\\\/#website\",\"url\":\"https:\\\/\\\/www.toyotomi.eu\\\/no\\\/\",\"name\":\"Toyotomi\",\"description\":\"\",\"publisher\":{\"@id\":\"https:\\\/\\\/www.toyotomi.eu\\\/no\\\/#organization\"},\"potentialAction\":[{\"@type\":\"SearchAction\",\"target\":{\"@type\":\"EntryPoint\",\"urlTemplate\":\"https:\\\/\\\/www.toyotomi.eu\\\/no\\\/?s={search_term_string}\"},\"query-input\":{\"@type\":\"PropertyValueSpecification\",\"valueRequired\":true,\"valueName\":\"search_term_string\"}}],\"inLanguage\":\"nb-NO\"},{\"@type\":\"Organization\",\"@id\":\"https:\\\/\\\/www.toyotomi.eu\\\/no\\\/#organization\",\"name\":\"Toyotomi Europe Sales B.V.\",\"alternateName\":\"Toyotomi\",\"url\":\"https:\\\/\\\/www.toyotomi.eu\\\/no\\\/\",\"logo\":{\"@type\":\"ImageObject\",\"inLanguage\":\"nb-NO\",\"@id\":\"https:\\\/\\\/www.toyotomi.eu\\\/no\\\/#\\\/schema\\\/logo\\\/image\\\/\",\"url\":\"https:\\\/\\\/www.toyotomi.eu\\\/wp-content\\\/uploads\\\/2025\\\/10\\\/logo.png\",\"contentUrl\":\"https:\\\/\\\/www.toyotomi.eu\\\/wp-content\\\/uploads\\\/2025\\\/10\\\/logo.png\",\"width\":1360,\"height\":304,\"caption\":\"Toyotomi Europe Sales B.V.\"},\"image\":{\"@id\":\"https:\\\/\\\/www.toyotomi.eu\\\/no\\\/#\\\/schema\\\/logo\\\/image\\\/\"}}]}<\/script>\n<!-- \/ Yoast SEO plugin. -->","yoast_head_json":{"title":"TOYOTOMI NOVA 20L - Toyotomi","robots":{"index":"index","follow":"follow","max-snippet":"max-snippet:-1","max-image-preview":"max-image-preview:large","max-video-preview":"max-video-preview:-1"},"canonical":"https:\/\/www.toyotomi.eu\/no\/produkt\/toyotomi-nova-20l\/","og_locale":"nb_NO","og_type":"article","og_title":"TOYOTOMI NOVA 20L - Toyotomi","og_description":"Toyotomi NOVA er et innovativt parafinbasert drivstoff produsert med en samprosessert massebalansetiln\u00e6rming, som integrerer 10 % fornybar biosirkul\u00e6r energi for \u00e5 redusere CO\u2082-utslipp uten \u00e5 g\u00e5 p\u00e5 bekostning av komfort eller ytelse. Den er ISCC+-sertifisert og gir ren, trygg og luktfri forbrenning, testet for alle Toyotomi-ovner og kompatibel med alle parafinmodeller. NOVA er pakket i 100 % resirkulerbare PET-kanner med barnesikre lokk, og tilbyr en b\u00e6rekraftig og p\u00e5litelig l\u00f8sning for oppvarming av hjemmet.  Artikkelnr.: NOVA 20 LITER","og_url":"https:\/\/www.toyotomi.eu\/no\/produkt\/toyotomi-nova-20l\/","og_site_name":"Toyotomi","article_modified_time":"2026-04-24T15:39:01+00:00","og_image":[{"width":2560,"height":2560,"url":"https:\/\/www.toyotomi.eu\/wp-content\/uploads\/2026\/03\/PIC_TOYOTOMI-NOVA-20L_2560x2560.png","type":"image\/png"}],"twitter_card":"summary_large_image","schema":{"@context":"https:\/\/schema.org","@graph":[{"@type":"WebPage","@id":"https:\/\/www.toyotomi.eu\/no\/produkt\/toyotomi-nova-20l\/","url":"https:\/\/www.toyotomi.eu\/no\/produkt\/toyotomi-nova-20l\/","name":"TOYOTOMI NOVA 20L - Toyotomi","isPartOf":{"@id":"https:\/\/www.toyotomi.eu\/no\/#website"},"primaryImageOfPage":{"@id":"https:\/\/www.toyotomi.eu\/no\/produkt\/toyotomi-nova-20l\/#primaryimage"},"image":{"@id":"https:\/\/www.toyotomi.eu\/no\/produkt\/toyotomi-nova-20l\/#primaryimage"},"thumbnailUrl":"https:\/\/www.toyotomi.eu\/wp-content\/uploads\/2026\/03\/PIC_TOYOTOMI-NOVA-20L_2560x2560.png","datePublished":"2025-01-01T01:01:00+00:00","dateModified":"2026-04-24T15:39:01+00:00","breadcrumb":{"@id":"https:\/\/www.toyotomi.eu\/no\/produkt\/toyotomi-nova-20l\/#breadcrumb"},"inLanguage":"nb-NO","potentialAction":[{"@type":"ReadAction","target":["https:\/\/www.toyotomi.eu\/no\/produkt\/toyotomi-nova-20l\/"]}]},{"@type":"ImageObject","inLanguage":"nb-NO","@id":"https:\/\/www.toyotomi.eu\/no\/produkt\/toyotomi-nova-20l\/#primaryimage","url":"https:\/\/www.toyotomi.eu\/wp-content\/uploads\/2026\/03\/PIC_TOYOTOMI-NOVA-20L_2560x2560.png","contentUrl":"https:\/\/www.toyotomi.eu\/wp-content\/uploads\/2026\/03\/PIC_TOYOTOMI-NOVA-20L_2560x2560.png","width":2560,"height":2560,"caption":"R\u00f8d Toyotomi Nova drivstoffbeholder designet for effektiv oppvarming og bio-sirkul\u00e6r energibruk."},{"@type":"BreadcrumbList","@id":"https:\/\/www.toyotomi.eu\/no\/produkt\/toyotomi-nova-20l\/#breadcrumb","itemListElement":[{"@type":"ListItem","position":1,"name":"Hjem","item":"https:\/\/www.toyotomi.eu\/no\/"},{"@type":"ListItem","position":2,"name":"Alle produkter","item":"https:\/\/www.toyotomi.eu\/no\/alle-produkter\/"},{"@type":"ListItem","position":3,"name":"TOYOTOMI NOVA 20L"}]},{"@type":"WebSite","@id":"https:\/\/www.toyotomi.eu\/no\/#website","url":"https:\/\/www.toyotomi.eu\/no\/","name":"Toyotomi","description":"","publisher":{"@id":"https:\/\/www.toyotomi.eu\/no\/#organization"},"potentialAction":[{"@type":"SearchAction","target":{"@type":"EntryPoint","urlTemplate":"https:\/\/www.toyotomi.eu\/no\/?s={search_term_string}"},"query-input":{"@type":"PropertyValueSpecification","valueRequired":true,"valueName":"search_term_string"}}],"inLanguage":"nb-NO"},{"@type":"Organization","@id":"https:\/\/www.toyotomi.eu\/no\/#organization","name":"Toyotomi Europe Sales B.V.","alternateName":"Toyotomi","url":"https:\/\/www.toyotomi.eu\/no\/","logo":{"@type":"ImageObject","inLanguage":"nb-NO","@id":"https:\/\/www.toyotomi.eu\/no\/#\/schema\/logo\/image\/","url":"https:\/\/www.toyotomi.eu\/wp-content\/uploads\/2025\/10\/logo.png","contentUrl":"https:\/\/www.toyotomi.eu\/wp-content\/uploads\/2025\/10\/logo.png","width":1360,"height":304,"caption":"Toyotomi Europe Sales B.V."},"image":{"@id":"https:\/\/www.toyotomi.eu\/no\/#\/schema\/logo\/image\/"}}]}},"_links":{"self":[{"href":"https:\/\/www.toyotomi.eu\/no\/wp-json\/wp\/v2\/product\/63880","targetHints":{"allow":["GET"]}}],"collection":[{"href":"https:\/\/www.toyotomi.eu\/no\/wp-json\/wp\/v2\/product"}],"about":[{"href":"https:\/\/www.toyotomi.eu\/no\/wp-json\/wp\/v2\/types\/product"}],"wp:featuredmedia":[{"embeddable":true,"href":"https:\/\/www.toyotomi.eu\/no\/wp-json\/wp\/v2\/media\/62440"}],"wp:attachment":[{"href":"https:\/\/www.toyotomi.eu\/no\/wp-json\/wp\/v2\/media?parent=63880"}],"wp:term":[{"taxonomy":"product_brand","embeddable":true,"href":"https:\/\/www.toyotomi.eu\/no\/wp-json\/wp\/v2\/product_brand?post=63880"},{"taxonomy":"product_cat","embeddable":true,"href":"https:\/\/www.toyotomi.eu\/no\/wp-json\/wp\/v2\/product_cat?post=63880"},{"taxonomy":"product_tag","embeddable":true,"href":"https:\/\/www.toyotomi.eu\/no\/wp-json\/wp\/v2\/product_tag?post=63880"}],"curies":[{"name":"wp","href":"https:\/\/api.w.org\/{rel}","templated":true}]}}