{"id":63817,"date":"2025-01-01T02:01:00","date_gmt":"2025-01-01T01:01:00","guid":{"rendered":"https:\/\/www.toyotomi.eu\/product\/toyotube\/"},"modified":"2026-04-24T17:29:52","modified_gmt":"2026-04-24T15:29:52","slug":"toyotube","status":"publish","type":"product","link":"https:\/\/www.toyotomi.eu\/no\/produkt\/toyotube\/","title":{"rendered":"TOYOTUBE"},"content":{"rendered":"\n<div class=\"wp-block-essential-blocks-wrapper alignfull  root-eb-wrapper-mkprm\"><div class=\"eb-parent-wrapper eb-parent-eb-wrapper-mkprm \"><div class=\"eb-wrapper-outer eb-wrapper-mkprm\"><div class=\"eb-wrapper-inner\"><div class=\"eb-wrapper-inner-blocks eb-wrapper-align-center\">\n<div class=\"wp-block-essential-blocks-row alignfull  root-eb-row-18fkr\"><div class=\"eb-parent-wrapper eb-parent-eb-row-18fkr \"><div class=\"eb-row-root-container eb-row-18fkr\" data-id=\"eb-row-18fkr\"><div class=\"eb-row-wrapper\"><div class=\"eb-row-inner\">\n<div class=\"wp-block-essential-blocks-column  root-eb-column-3cpl6\"><div class=\"eb-parent-wrapper eb-parent-eb-column-3cpl6 \"><div class=\"eb-column-wrapper eb-column-3cpl6\"><div class=\"eb-column-inner\">\n<figure class=\"wp-block-image size-full has-custom-border\"><img loading=\"lazy\" decoding=\"async\" width=\"800\" height=\"1000\" src=\"https:\/\/www.toyotomi.eu\/wp-content\/uploads\/2025\/01\/Toyotube-Toyotomi-1.jpg\" alt=\"Toyotomi trinnvis veiledning om hvordan man bruker Toyotube-p\u00e5fylling for b\u00e6rbare parafin-ovner fra Toyotomi, dette er trinn 1\" class=\"wp-image-30402\" style=\"border-radius:4px\" srcset=\"https:\/\/www.toyotomi.eu\/wp-content\/uploads\/2025\/01\/Toyotube-Toyotomi-1.jpg 800w, https:\/\/www.toyotomi.eu\/wp-content\/uploads\/2025\/01\/Toyotube-Toyotomi-1-150x188.jpg 150w, https:\/\/www.toyotomi.eu\/wp-content\/uploads\/2025\/01\/Toyotube-Toyotomi-1-768x960.jpg 768w, https:\/\/www.toyotomi.eu\/wp-content\/uploads\/2025\/01\/Toyotube-Toyotomi-1-441x551.jpg 441w\" sizes=\"auto, (max-width: 800px) 100vw, 800px\" \/><\/figure>\n<\/div><\/div><\/div><\/div>\n\n\n\n<div class=\"wp-block-essential-blocks-column  root-eb-column-20mz5\"><div class=\"eb-parent-wrapper eb-parent-eb-column-20mz5 \"><div class=\"eb-column-wrapper eb-column-20mz5\"><div class=\"eb-column-inner\">\n<figure class=\"wp-block-image size-full has-custom-border\"><img loading=\"lazy\" decoding=\"async\" width=\"800\" height=\"1000\" src=\"https:\/\/www.toyotomi.eu\/wp-content\/uploads\/2025\/01\/Toyotube-Toyotomi-2.jpg\" class=\"wp-image-30403\" alt=\"Versatile heating appliance from Toyotomi. Efficient and durable for home or industrial use.\" style=\"border-radius:4px\" srcset=\"https:\/\/www.toyotomi.eu\/wp-content\/uploads\/2025\/01\/Toyotube-Toyotomi-2.jpg 800w, https:\/\/www.toyotomi.eu\/wp-content\/uploads\/2025\/01\/Toyotube-Toyotomi-2-150x188.jpg 150w, https:\/\/www.toyotomi.eu\/wp-content\/uploads\/2025\/01\/Toyotube-Toyotomi-2-768x960.jpg 768w, https:\/\/www.toyotomi.eu\/wp-content\/uploads\/2025\/01\/Toyotube-Toyotomi-2-441x551.jpg 441w\" sizes=\"auto, (max-width: 800px) 100vw, 800px\" \/> <\/figure>\n<\/div><\/div><\/div><\/div>\n\n\n\n<div class=\"wp-block-essential-blocks-column  root-eb-column-vbg0m\"><div class=\"eb-parent-wrapper eb-parent-eb-column-vbg0m \"><div class=\"eb-column-wrapper eb-column-vbg0m\"><div class=\"eb-column-inner\">\n<figure class=\"wp-block-image size-full has-custom-border\"><img loading=\"lazy\" decoding=\"async\" width=\"800\" height=\"1000\" src=\"https:\/\/www.toyotomi.eu\/wp-content\/uploads\/2025\/01\/Toyotube-Toyotomi-3.jpg\" class=\"wp-image-30404\" alt=\"Emergency fire safety equipment for quick response to fires.\" style=\"border-radius:4px\" srcset=\"https:\/\/www.toyotomi.eu\/wp-content\/uploads\/2025\/01\/Toyotube-Toyotomi-3.jpg 800w, https:\/\/www.toyotomi.eu\/wp-content\/uploads\/2025\/01\/Toyotube-Toyotomi-3-150x188.jpg 150w, https:\/\/www.toyotomi.eu\/wp-content\/uploads\/2025\/01\/Toyotube-Toyotomi-3-768x960.jpg 768w, https:\/\/www.toyotomi.eu\/wp-content\/uploads\/2025\/01\/Toyotube-Toyotomi-3-441x551.jpg 441w\" sizes=\"auto, (max-width: 800px) 100vw, 800px\" \/> <\/figure>\n<\/div><\/div><\/div><\/div>\n\n\n\n<div class=\"wp-block-essential-blocks-column  root-eb-column-4osit\"><div class=\"eb-parent-wrapper eb-parent-eb-column-4osit \"><div class=\"eb-column-wrapper eb-column-4osit\"><div class=\"eb-column-inner\">\n<figure class=\"wp-block-image size-full has-custom-border\"><img loading=\"lazy\" decoding=\"async\" width=\"800\" height=\"1000\" src=\"https:\/\/www.toyotomi.eu\/wp-content\/uploads\/2025\/01\/Toyotube-Toyotomi-4.jpg\" alt=\"Toyotomi trinnvis veiledning om hvordan man bruker Toyotube-p\u00e5fylling for b\u00e6rbare parafin-ovner fra Toyotomi, dette er trinn 4\" class=\"wp-image-30405\" style=\"border-radius:4px\" srcset=\"https:\/\/www.toyotomi.eu\/wp-content\/uploads\/2025\/01\/Toyotube-Toyotomi-4.jpg 800w, https:\/\/www.toyotomi.eu\/wp-content\/uploads\/2025\/01\/Toyotube-Toyotomi-4-150x188.jpg 150w, https:\/\/www.toyotomi.eu\/wp-content\/uploads\/2025\/01\/Toyotube-Toyotomi-4-768x960.jpg 768w, https:\/\/www.toyotomi.eu\/wp-content\/uploads\/2025\/01\/Toyotube-Toyotomi-4-441x551.jpg 441w\" sizes=\"auto, (max-width: 800px) 100vw, 800px\" \/><\/figure>\n<\/div><\/div><\/div><\/div>\n<\/div><\/div><\/div><\/div><\/div>\n<\/div><\/div><\/div><\/div><\/div>\n\n<div class=\"wp-block-essential-blocks-wrapper alignfull  root-eb-wrapper-tvb73\"><div class=\"eb-parent-wrapper eb-parent-eb-wrapper-tvb73 \"><div class=\"eb-wrapper-outer eb-wrapper-tvb73\"><div class=\"eb-wrapper-inner\"><div class=\"eb-wrapper-inner-blocks eb-wrapper-align-center\">\n<div class=\"wp-block-essential-blocks-row alignfull  root-eb-row-8szbc\"><div class=\"eb-parent-wrapper eb-parent-eb-row-8szbc \"><div class=\"eb-row-root-container eb-row-8szbc\" data-id=\"eb-row-8szbc\"><div class=\"eb-row-wrapper\"><div class=\"eb-row-inner\">\n<div class=\"wp-block-essential-blocks-column  root-eb-column-fo6u5\"><div class=\"eb-parent-wrapper eb-parent-eb-column-fo6u5 \"><div class=\"eb-column-wrapper eb-column-fo6u5\"><div class=\"eb-column-inner\">\n<h2 class=\"wp-block-heading\"><strong>Toyotube<\/strong><\/h2>\n\n\n\n<p>Si farvel til rotete p\u00e5fylling og hei til enkel varme. Toyotube er den revolusjonerende engangs p\u00e5fyllingspatronen utviklet av Toyotomi. Toyotube forvandler m\u00e5ten du driver ovnen din p\u00e5, ingen s\u00f8l, ingen pumper, ingen problemer. <\/p>\n\n\n\n<h3 class=\"wp-block-heading\"><strong>Enkel i design<\/strong><\/h3>\n\n\n\n<p>Med Toyotube er p\u00e5fylling like enkelt som \u00e5 sette inn en patron, med bare \u00e9n h\u00e5nd. Det er ikke behov for \u00e5 h\u00e5ndtere drivstoff manuelt eller bekymre seg for s\u00f8l p\u00e5 gulvet. Hver forseglet patron leverer rent drivstoff av h\u00f8y kvalitet, uber\u00f8rt av ytre elementer, som sikrer konsistent og effektiv forbrenning hver gang. Toyotube-patroner er laget helt av resirkulerbar PET-plast, noe som reduserer avfall og gj\u00f8r avhending enkel og ansvarlig. Med forseglede patroner holder drivstoffet seg friskt og uforurenset, renere for ovnen din, renere for planeten.    <\/p>\n\n\n\n<h3 class=\"wp-block-heading\"><strong>Praktisk, b\u00e6rbar og ren<\/strong><\/h3>\n\n\n\n<p>Hver pakke inneholder 6 engangspatroner, noe som gj\u00f8r det enkelt \u00e5 lagre, b\u00e6re og transportere. Enten du varmer opp en hytte, et verksted eller et hjem, holder Toyotube drivstoffh\u00e5ndteringen ryddig og effektiv. Toyotube er kompatibel med alle Zibro-ovner som g\u00e5r tilbake til 1990-tallet. Bare erstatt det n\u00e5v\u00e6rende drivstoffilteret ditt med Toyotube universalfilter, og du er klar til \u00e5 nyte et nytt niv\u00e5 av bekvemmelighet med din p\u00e5litelige Zibro-ovn.   <\/p>\n<\/div><\/div><\/div><\/div>\n<\/div><\/div><\/div><\/div><\/div>\n<\/div><\/div><\/div><\/div><\/div>\n","protected":false},"excerpt":{"rendered":"<p>Toyotube er den mest praktiske m\u00e5ten \u00e5 fylle drivstoff p\u00e5 Deres Toyotomi- eller Zibro-ovn. Hver forseglede 1,4-liters flaske er lett, enkel \u00e5 h\u00e5ndtere og designet for enh\u00e5ndsbruk, noe som eliminerer behovet for en hevertpumpe. Dette p\u00e5fyllingssystemet for engangsbruk garanterer ren og sikker drift, uten kontakt med drivstoff, s\u00f8l eller gris, samtidig som den h\u00f8ye kvaliteten p\u00e5 drivstoffet bevares. Toyotube leveres i esker med seks flasker og er eksklusivt kompatibel med alle v\u00e5re laser- og vekeovner, noe som sikrer p\u00e5litelig ytelse og fullstendig trygghet.   <\/p>\n<p><strong>Artikkelnummer:<\/strong> TOYOTUBE 1,4 LITER<\/p>\n","protected":false},"featured_media":62478,"template":"","meta":{"_acf_changed":false,"_eb_attr":""},"product_brand":[],"product_cat":[7280],"product_tag":[],"class_list":{"0":"post-63817","1":"product","2":"type-product","3":"status-publish","4":"has-post-thumbnail","6":"product_cat-varmevaesker","8":"first","9":"instock","10":"taxable","11":"shipping-taxable","12":"product-type-simple"},"acf":[],"yoast_head":"<!-- This site is optimized with the Yoast SEO plugin v27.5 - https:\/\/yoast.com\/product\/yoast-seo-wordpress\/ -->\n<title>TOYOTUBE - Toyotomi<\/title>\n<meta name=\"robots\" content=\"index, follow, max-snippet:-1, max-image-preview:large, max-video-preview:-1\" \/>\n<link rel=\"canonical\" href=\"https:\/\/www.toyotomi.eu\/no\/produkt\/toyotube\/\" \/>\n<meta property=\"og:locale\" content=\"nb_NO\" \/>\n<meta property=\"og:type\" content=\"article\" \/>\n<meta property=\"og:title\" content=\"TOYOTUBE - Toyotomi\" \/>\n<meta property=\"og:description\" content=\"Toyotube er den mest praktiske m\u00e5ten \u00e5 fylle drivstoff p\u00e5 Deres Toyotomi- eller Zibro-ovn. Hver forseglede 1,4-liters flaske er lett, enkel \u00e5 h\u00e5ndtere og designet for enh\u00e5ndsbruk, noe som eliminerer behovet for en hevertpumpe. Dette p\u00e5fyllingssystemet for engangsbruk garanterer ren og sikker drift, uten kontakt med drivstoff, s\u00f8l eller gris, samtidig som den h\u00f8ye kvaliteten p\u00e5 drivstoffet bevares. Toyotube leveres i esker med seks flasker og er eksklusivt kompatibel med alle v\u00e5re laser- og vekeovner, noe som sikrer p\u00e5litelig ytelse og fullstendig trygghet.   Artikkelnummer: TOYOTUBE 1,4 LITER\" \/>\n<meta property=\"og:url\" content=\"https:\/\/www.toyotomi.eu\/no\/produkt\/toyotube\/\" \/>\n<meta property=\"og:site_name\" content=\"Toyotomi\" \/>\n<meta property=\"article:modified_time\" content=\"2026-04-24T15:29:52+00:00\" \/>\n<meta property=\"og:image\" content=\"https:\/\/www.toyotomi.eu\/wp-content\/uploads\/2026\/03\/PIC_TOYOTUBE_2560x2560-1920x1920.png\" \/>\n\t<meta property=\"og:image:width\" content=\"1920\" \/>\n\t<meta property=\"og:image:height\" content=\"1920\" \/>\n\t<meta property=\"og:image:type\" content=\"image\/png\" \/>\n<meta name=\"twitter:card\" content=\"summary_large_image\" \/>\n<script type=\"application\/ld+json\" class=\"yoast-schema-graph\">{\"@context\":\"https:\\\/\\\/schema.org\",\"@graph\":[{\"@type\":\"WebPage\",\"@id\":\"https:\\\/\\\/www.toyotomi.eu\\\/no\\\/produkt\\\/toyotube\\\/\",\"url\":\"https:\\\/\\\/www.toyotomi.eu\\\/no\\\/produkt\\\/toyotube\\\/\",\"name\":\"TOYOTUBE - Toyotomi\",\"isPartOf\":{\"@id\":\"https:\\\/\\\/www.toyotomi.eu\\\/no\\\/#website\"},\"primaryImageOfPage\":{\"@id\":\"https:\\\/\\\/www.toyotomi.eu\\\/no\\\/produkt\\\/toyotube\\\/#primaryimage\"},\"image\":{\"@id\":\"https:\\\/\\\/www.toyotomi.eu\\\/no\\\/produkt\\\/toyotube\\\/#primaryimage\"},\"thumbnailUrl\":\"https:\\\/\\\/www.toyotomi.eu\\\/wp-content\\\/uploads\\\/2026\\\/03\\\/PIC_TOYOTUBE_2560x2560.png\",\"datePublished\":\"2025-01-01T01:01:00+00:00\",\"dateModified\":\"2026-04-24T15:29:52+00:00\",\"breadcrumb\":{\"@id\":\"https:\\\/\\\/www.toyotomi.eu\\\/no\\\/produkt\\\/toyotube\\\/#breadcrumb\"},\"inLanguage\":\"nb-NO\",\"potentialAction\":[{\"@type\":\"ReadAction\",\"target\":[\"https:\\\/\\\/www.toyotomi.eu\\\/no\\\/produkt\\\/toyotube\\\/\"]}]},{\"@type\":\"ImageObject\",\"inLanguage\":\"nb-NO\",\"@id\":\"https:\\\/\\\/www.toyotomi.eu\\\/no\\\/produkt\\\/toyotube\\\/#primaryimage\",\"url\":\"https:\\\/\\\/www.toyotomi.eu\\\/wp-content\\\/uploads\\\/2026\\\/03\\\/PIC_TOYOTUBE_2560x2560.png\",\"contentUrl\":\"https:\\\/\\\/www.toyotomi.eu\\\/wp-content\\\/uploads\\\/2026\\\/03\\\/PIC_TOYOTUBE_2560x2560.png\",\"width\":2560,\"height\":2560,\"caption\":\"Effektiv Toyotomi Toyotube for hurtig oppvarming av Toyotomi-ovner, noe som sikrer sikkerhet og bekvemmelighet.\"},{\"@type\":\"BreadcrumbList\",\"@id\":\"https:\\\/\\\/www.toyotomi.eu\\\/no\\\/produkt\\\/toyotube\\\/#breadcrumb\",\"itemListElement\":[{\"@type\":\"ListItem\",\"position\":1,\"name\":\"Hjem\",\"item\":\"https:\\\/\\\/www.toyotomi.eu\\\/no\\\/\"},{\"@type\":\"ListItem\",\"position\":2,\"name\":\"Alle produkter\",\"item\":\"https:\\\/\\\/www.toyotomi.eu\\\/no\\\/alle-produkter\\\/\"},{\"@type\":\"ListItem\",\"position\":3,\"name\":\"TOYOTUBE\"}]},{\"@type\":\"WebSite\",\"@id\":\"https:\\\/\\\/www.toyotomi.eu\\\/no\\\/#website\",\"url\":\"https:\\\/\\\/www.toyotomi.eu\\\/no\\\/\",\"name\":\"Toyotomi\",\"description\":\"\",\"publisher\":{\"@id\":\"https:\\\/\\\/www.toyotomi.eu\\\/no\\\/#organization\"},\"potentialAction\":[{\"@type\":\"SearchAction\",\"target\":{\"@type\":\"EntryPoint\",\"urlTemplate\":\"https:\\\/\\\/www.toyotomi.eu\\\/no\\\/?s={search_term_string}\"},\"query-input\":{\"@type\":\"PropertyValueSpecification\",\"valueRequired\":true,\"valueName\":\"search_term_string\"}}],\"inLanguage\":\"nb-NO\"},{\"@type\":\"Organization\",\"@id\":\"https:\\\/\\\/www.toyotomi.eu\\\/no\\\/#organization\",\"name\":\"Toyotomi Europe Sales B.V.\",\"alternateName\":\"Toyotomi\",\"url\":\"https:\\\/\\\/www.toyotomi.eu\\\/no\\\/\",\"logo\":{\"@type\":\"ImageObject\",\"inLanguage\":\"nb-NO\",\"@id\":\"https:\\\/\\\/www.toyotomi.eu\\\/no\\\/#\\\/schema\\\/logo\\\/image\\\/\",\"url\":\"https:\\\/\\\/www.toyotomi.eu\\\/wp-content\\\/uploads\\\/2025\\\/10\\\/logo.png\",\"contentUrl\":\"https:\\\/\\\/www.toyotomi.eu\\\/wp-content\\\/uploads\\\/2025\\\/10\\\/logo.png\",\"width\":1360,\"height\":304,\"caption\":\"Toyotomi Europe Sales B.V.\"},\"image\":{\"@id\":\"https:\\\/\\\/www.toyotomi.eu\\\/no\\\/#\\\/schema\\\/logo\\\/image\\\/\"}}]}<\/script>\n<!-- \/ Yoast SEO plugin. -->","yoast_head_json":{"title":"TOYOTUBE - Toyotomi","robots":{"index":"index","follow":"follow","max-snippet":"max-snippet:-1","max-image-preview":"max-image-preview:large","max-video-preview":"max-video-preview:-1"},"canonical":"https:\/\/www.toyotomi.eu\/no\/produkt\/toyotube\/","og_locale":"nb_NO","og_type":"article","og_title":"TOYOTUBE - Toyotomi","og_description":"Toyotube er den mest praktiske m\u00e5ten \u00e5 fylle drivstoff p\u00e5 Deres Toyotomi- eller Zibro-ovn. Hver forseglede 1,4-liters flaske er lett, enkel \u00e5 h\u00e5ndtere og designet for enh\u00e5ndsbruk, noe som eliminerer behovet for en hevertpumpe. Dette p\u00e5fyllingssystemet for engangsbruk garanterer ren og sikker drift, uten kontakt med drivstoff, s\u00f8l eller gris, samtidig som den h\u00f8ye kvaliteten p\u00e5 drivstoffet bevares. Toyotube leveres i esker med seks flasker og er eksklusivt kompatibel med alle v\u00e5re laser- og vekeovner, noe som sikrer p\u00e5litelig ytelse og fullstendig trygghet.   Artikkelnummer: TOYOTUBE 1,4 LITER","og_url":"https:\/\/www.toyotomi.eu\/no\/produkt\/toyotube\/","og_site_name":"Toyotomi","article_modified_time":"2026-04-24T15:29:52+00:00","og_image":[{"width":1920,"height":1920,"url":"https:\/\/www.toyotomi.eu\/wp-content\/uploads\/2026\/03\/PIC_TOYOTUBE_2560x2560-1920x1920.png","type":"image\/png"}],"twitter_card":"summary_large_image","schema":{"@context":"https:\/\/schema.org","@graph":[{"@type":"WebPage","@id":"https:\/\/www.toyotomi.eu\/no\/produkt\/toyotube\/","url":"https:\/\/www.toyotomi.eu\/no\/produkt\/toyotube\/","name":"TOYOTUBE - Toyotomi","isPartOf":{"@id":"https:\/\/www.toyotomi.eu\/no\/#website"},"primaryImageOfPage":{"@id":"https:\/\/www.toyotomi.eu\/no\/produkt\/toyotube\/#primaryimage"},"image":{"@id":"https:\/\/www.toyotomi.eu\/no\/produkt\/toyotube\/#primaryimage"},"thumbnailUrl":"https:\/\/www.toyotomi.eu\/wp-content\/uploads\/2026\/03\/PIC_TOYOTUBE_2560x2560.png","datePublished":"2025-01-01T01:01:00+00:00","dateModified":"2026-04-24T15:29:52+00:00","breadcrumb":{"@id":"https:\/\/www.toyotomi.eu\/no\/produkt\/toyotube\/#breadcrumb"},"inLanguage":"nb-NO","potentialAction":[{"@type":"ReadAction","target":["https:\/\/www.toyotomi.eu\/no\/produkt\/toyotube\/"]}]},{"@type":"ImageObject","inLanguage":"nb-NO","@id":"https:\/\/www.toyotomi.eu\/no\/produkt\/toyotube\/#primaryimage","url":"https:\/\/www.toyotomi.eu\/wp-content\/uploads\/2026\/03\/PIC_TOYOTUBE_2560x2560.png","contentUrl":"https:\/\/www.toyotomi.eu\/wp-content\/uploads\/2026\/03\/PIC_TOYOTUBE_2560x2560.png","width":2560,"height":2560,"caption":"Effektiv Toyotomi Toyotube for hurtig oppvarming av Toyotomi-ovner, noe som sikrer sikkerhet og bekvemmelighet."},{"@type":"BreadcrumbList","@id":"https:\/\/www.toyotomi.eu\/no\/produkt\/toyotube\/#breadcrumb","itemListElement":[{"@type":"ListItem","position":1,"name":"Hjem","item":"https:\/\/www.toyotomi.eu\/no\/"},{"@type":"ListItem","position":2,"name":"Alle produkter","item":"https:\/\/www.toyotomi.eu\/no\/alle-produkter\/"},{"@type":"ListItem","position":3,"name":"TOYOTUBE"}]},{"@type":"WebSite","@id":"https:\/\/www.toyotomi.eu\/no\/#website","url":"https:\/\/www.toyotomi.eu\/no\/","name":"Toyotomi","description":"","publisher":{"@id":"https:\/\/www.toyotomi.eu\/no\/#organization"},"potentialAction":[{"@type":"SearchAction","target":{"@type":"EntryPoint","urlTemplate":"https:\/\/www.toyotomi.eu\/no\/?s={search_term_string}"},"query-input":{"@type":"PropertyValueSpecification","valueRequired":true,"valueName":"search_term_string"}}],"inLanguage":"nb-NO"},{"@type":"Organization","@id":"https:\/\/www.toyotomi.eu\/no\/#organization","name":"Toyotomi Europe Sales B.V.","alternateName":"Toyotomi","url":"https:\/\/www.toyotomi.eu\/no\/","logo":{"@type":"ImageObject","inLanguage":"nb-NO","@id":"https:\/\/www.toyotomi.eu\/no\/#\/schema\/logo\/image\/","url":"https:\/\/www.toyotomi.eu\/wp-content\/uploads\/2025\/10\/logo.png","contentUrl":"https:\/\/www.toyotomi.eu\/wp-content\/uploads\/2025\/10\/logo.png","width":1360,"height":304,"caption":"Toyotomi Europe Sales B.V."},"image":{"@id":"https:\/\/www.toyotomi.eu\/no\/#\/schema\/logo\/image\/"}}]}},"_links":{"self":[{"href":"https:\/\/www.toyotomi.eu\/no\/wp-json\/wp\/v2\/product\/63817","targetHints":{"allow":["GET"]}}],"collection":[{"href":"https:\/\/www.toyotomi.eu\/no\/wp-json\/wp\/v2\/product"}],"about":[{"href":"https:\/\/www.toyotomi.eu\/no\/wp-json\/wp\/v2\/types\/product"}],"wp:featuredmedia":[{"embeddable":true,"href":"https:\/\/www.toyotomi.eu\/no\/wp-json\/wp\/v2\/media\/62478"}],"wp:attachment":[{"href":"https:\/\/www.toyotomi.eu\/no\/wp-json\/wp\/v2\/media?parent=63817"}],"wp:term":[{"taxonomy":"product_brand","embeddable":true,"href":"https:\/\/www.toyotomi.eu\/no\/wp-json\/wp\/v2\/product_brand?post=63817"},{"taxonomy":"product_cat","embeddable":true,"href":"https:\/\/www.toyotomi.eu\/no\/wp-json\/wp\/v2\/product_cat?post=63817"},{"taxonomy":"product_tag","embeddable":true,"href":"https:\/\/www.toyotomi.eu\/no\/wp-json\/wp\/v2\/product_tag?post=63817"}],"curies":[{"name":"wp","href":"https:\/\/api.w.org\/{rel}","templated":true}]}}