{"id":63386,"date":"2025-01-01T02:01:00","date_gmt":"2025-01-01T01:01:00","guid":{"rendered":"https:\/\/www.toyotomi.eu\/product\/zibro-lc-30t-toyotube\/"},"modified":"2025-01-01T02:01:00","modified_gmt":"2025-01-01T01:01:00","slug":"zibro-lc-30t-toyotube","status":"publish","type":"product","link":"https:\/\/www.toyotomi.eu\/no\/produkt\/zibro-lc-30t-toyotube\/","title":{"rendered":"Zibro LC-30T (Toyotube)"},"content":{"rendered":"","protected":false},"excerpt":{"rendered":"<p>Zibro Laser Clean-varmeovn LC-30T har den nyeste elektroniske brenneren p\u00e5 3,00 kW og leverer ren, effektiv og \u00f8konomisk varme. Varmeovnen krever ingen installasjon; den trenger kun \u00e5 kobles til en stikkontakt. Den er enkel \u00e5 betjene og kan varme opp rom p\u00e5 opptil 120 m\u00b3. Med et str\u00f8mforbruk p\u00e5 kun 13 watt under drift, representerer LC-30T en sikker, sv\u00e6rt effektiv og \u00f8konomisk r\u00f8ykfri varmel\u00f8sning.   <\/p>\n<p><strong>SKU:<\/strong> LC-30T<br \/>\n<strong>EAN:<\/strong> 4963505731298<\/p>\n","protected":false},"featured_media":75,"template":"","meta":{"_acf_changed":false,"_eb_attr":""},"product_brand":[],"product_cat":[7095],"product_tag":[],"class_list":{"0":"post-63386","1":"product","2":"type-product","3":"status-publish","4":"has-post-thumbnail","6":"product_cat-laser-varmeapparater","8":"first","9":"instock","10":"taxable","11":"shipping-taxable","12":"product-type-simple"},"acf":[],"yoast_head":"<!-- This site is optimized with the Yoast SEO plugin v27.5 - https:\/\/yoast.com\/product\/yoast-seo-wordpress\/ -->\n<title>Zibro LC-30T (Toyotube) - Toyotomi<\/title>\n<meta name=\"robots\" content=\"index, follow, max-snippet:-1, max-image-preview:large, max-video-preview:-1\" \/>\n<link rel=\"canonical\" href=\"https:\/\/www.toyotomi.eu\/no\/produkt\/zibro-lc-30t-toyotube\/\" \/>\n<meta property=\"og:locale\" content=\"nb_NO\" \/>\n<meta property=\"og:type\" content=\"article\" \/>\n<meta property=\"og:title\" content=\"Zibro LC-30T (Toyotube) - Toyotomi\" \/>\n<meta property=\"og:description\" content=\"Zibro Laser Clean-varmeovn LC-30T har den nyeste elektroniske brenneren p\u00e5 3,00 kW og leverer ren, effektiv og \u00f8konomisk varme. Varmeovnen krever ingen installasjon; den trenger kun \u00e5 kobles til en stikkontakt. Den er enkel \u00e5 betjene og kan varme opp rom p\u00e5 opptil 120 m\u00b3. Med et str\u00f8mforbruk p\u00e5 kun 13 watt under drift, representerer LC-30T en sikker, sv\u00e6rt effektiv og \u00f8konomisk r\u00f8ykfri varmel\u00f8sning.   SKU: LC-30T EAN: 4963505731298\" \/>\n<meta property=\"og:url\" content=\"https:\/\/www.toyotomi.eu\/no\/produkt\/zibro-lc-30t-toyotube\/\" \/>\n<meta property=\"og:site_name\" content=\"Toyotomi\" \/>\n<meta property=\"og:image\" content=\"https:\/\/www.toyotomi.eu\/wp-content\/uploads\/2020\/07\/Zibro-heater-LC-30.jpg\" \/>\n\t<meta property=\"og:image:width\" content=\"1000\" \/>\n\t<meta property=\"og:image:height\" content=\"1000\" \/>\n\t<meta property=\"og:image:type\" content=\"image\/jpeg\" \/>\n<meta name=\"twitter:card\" content=\"summary_large_image\" \/>\n<script type=\"application\/ld+json\" class=\"yoast-schema-graph\">{\"@context\":\"https:\\\/\\\/schema.org\",\"@graph\":[{\"@type\":\"WebPage\",\"@id\":\"https:\\\/\\\/www.toyotomi.eu\\\/no\\\/produkt\\\/zibro-lc-30t-toyotube\\\/\",\"url\":\"https:\\\/\\\/www.toyotomi.eu\\\/no\\\/produkt\\\/zibro-lc-30t-toyotube\\\/\",\"name\":\"Zibro LC-30T (Toyotube) - Toyotomi\",\"isPartOf\":{\"@id\":\"https:\\\/\\\/www.toyotomi.eu\\\/no\\\/#website\"},\"primaryImageOfPage\":{\"@id\":\"https:\\\/\\\/www.toyotomi.eu\\\/no\\\/produkt\\\/zibro-lc-30t-toyotube\\\/#primaryimage\"},\"image\":{\"@id\":\"https:\\\/\\\/www.toyotomi.eu\\\/no\\\/produkt\\\/zibro-lc-30t-toyotube\\\/#primaryimage\"},\"thumbnailUrl\":\"https:\\\/\\\/www.toyotomi.eu\\\/wp-content\\\/uploads\\\/2020\\\/07\\\/Zibro-heater-LC-30.jpg\",\"datePublished\":\"2025-01-01T01:01:00+00:00\",\"breadcrumb\":{\"@id\":\"https:\\\/\\\/www.toyotomi.eu\\\/no\\\/produkt\\\/zibro-lc-30t-toyotube\\\/#breadcrumb\"},\"inLanguage\":\"nb-NO\",\"potentialAction\":[{\"@type\":\"ReadAction\",\"target\":[\"https:\\\/\\\/www.toyotomi.eu\\\/no\\\/produkt\\\/zibro-lc-30t-toyotube\\\/\"]}]},{\"@type\":\"ImageObject\",\"inLanguage\":\"nb-NO\",\"@id\":\"https:\\\/\\\/www.toyotomi.eu\\\/no\\\/produkt\\\/zibro-lc-30t-toyotube\\\/#primaryimage\",\"url\":\"https:\\\/\\\/www.toyotomi.eu\\\/wp-content\\\/uploads\\\/2020\\\/07\\\/Zibro-heater-LC-30.jpg\",\"contentUrl\":\"https:\\\/\\\/www.toyotomi.eu\\\/wp-content\\\/uploads\\\/2020\\\/07\\\/Zibro-heater-LC-30.jpg\",\"width\":1000,\"height\":1000,\"caption\":\"Efficient portable air conditioning unit designed for home or office cooling, featuring digital controls and ergonomic design.\"},{\"@type\":\"BreadcrumbList\",\"@id\":\"https:\\\/\\\/www.toyotomi.eu\\\/no\\\/produkt\\\/zibro-lc-30t-toyotube\\\/#breadcrumb\",\"itemListElement\":[{\"@type\":\"ListItem\",\"position\":1,\"name\":\"Hjem\",\"item\":\"https:\\\/\\\/www.toyotomi.eu\\\/no\\\/\"},{\"@type\":\"ListItem\",\"position\":2,\"name\":\"Alle produkter\",\"item\":\"https:\\\/\\\/www.toyotomi.eu\\\/no\\\/alle-produkter\\\/\"},{\"@type\":\"ListItem\",\"position\":3,\"name\":\"Zibro LC-30T (Toyotube)\"}]},{\"@type\":\"WebSite\",\"@id\":\"https:\\\/\\\/www.toyotomi.eu\\\/no\\\/#website\",\"url\":\"https:\\\/\\\/www.toyotomi.eu\\\/no\\\/\",\"name\":\"Toyotomi\",\"description\":\"\",\"publisher\":{\"@id\":\"https:\\\/\\\/www.toyotomi.eu\\\/no\\\/#organization\"},\"potentialAction\":[{\"@type\":\"SearchAction\",\"target\":{\"@type\":\"EntryPoint\",\"urlTemplate\":\"https:\\\/\\\/www.toyotomi.eu\\\/no\\\/?s={search_term_string}\"},\"query-input\":{\"@type\":\"PropertyValueSpecification\",\"valueRequired\":true,\"valueName\":\"search_term_string\"}}],\"inLanguage\":\"nb-NO\"},{\"@type\":\"Organization\",\"@id\":\"https:\\\/\\\/www.toyotomi.eu\\\/no\\\/#organization\",\"name\":\"Toyotomi Europe Sales B.V.\",\"alternateName\":\"Toyotomi\",\"url\":\"https:\\\/\\\/www.toyotomi.eu\\\/no\\\/\",\"logo\":{\"@type\":\"ImageObject\",\"inLanguage\":\"nb-NO\",\"@id\":\"https:\\\/\\\/www.toyotomi.eu\\\/no\\\/#\\\/schema\\\/logo\\\/image\\\/\",\"url\":\"https:\\\/\\\/www.toyotomi.eu\\\/wp-content\\\/uploads\\\/2025\\\/10\\\/logo.png\",\"contentUrl\":\"https:\\\/\\\/www.toyotomi.eu\\\/wp-content\\\/uploads\\\/2025\\\/10\\\/logo.png\",\"width\":1360,\"height\":304,\"caption\":\"Toyotomi Europe Sales B.V.\"},\"image\":{\"@id\":\"https:\\\/\\\/www.toyotomi.eu\\\/no\\\/#\\\/schema\\\/logo\\\/image\\\/\"}}]}<\/script>\n<!-- \/ Yoast SEO plugin. -->","yoast_head_json":{"title":"Zibro LC-30T (Toyotube) - Toyotomi","robots":{"index":"index","follow":"follow","max-snippet":"max-snippet:-1","max-image-preview":"max-image-preview:large","max-video-preview":"max-video-preview:-1"},"canonical":"https:\/\/www.toyotomi.eu\/no\/produkt\/zibro-lc-30t-toyotube\/","og_locale":"nb_NO","og_type":"article","og_title":"Zibro LC-30T (Toyotube) - Toyotomi","og_description":"Zibro Laser Clean-varmeovn LC-30T har den nyeste elektroniske brenneren p\u00e5 3,00 kW og leverer ren, effektiv og \u00f8konomisk varme. Varmeovnen krever ingen installasjon; den trenger kun \u00e5 kobles til en stikkontakt. Den er enkel \u00e5 betjene og kan varme opp rom p\u00e5 opptil 120 m\u00b3. Med et str\u00f8mforbruk p\u00e5 kun 13 watt under drift, representerer LC-30T en sikker, sv\u00e6rt effektiv og \u00f8konomisk r\u00f8ykfri varmel\u00f8sning.   SKU: LC-30T EAN: 4963505731298","og_url":"https:\/\/www.toyotomi.eu\/no\/produkt\/zibro-lc-30t-toyotube\/","og_site_name":"Toyotomi","og_image":[{"width":1000,"height":1000,"url":"https:\/\/www.toyotomi.eu\/wp-content\/uploads\/2020\/07\/Zibro-heater-LC-30.jpg","type":"image\/jpeg"}],"twitter_card":"summary_large_image","schema":{"@context":"https:\/\/schema.org","@graph":[{"@type":"WebPage","@id":"https:\/\/www.toyotomi.eu\/no\/produkt\/zibro-lc-30t-toyotube\/","url":"https:\/\/www.toyotomi.eu\/no\/produkt\/zibro-lc-30t-toyotube\/","name":"Zibro LC-30T (Toyotube) - Toyotomi","isPartOf":{"@id":"https:\/\/www.toyotomi.eu\/no\/#website"},"primaryImageOfPage":{"@id":"https:\/\/www.toyotomi.eu\/no\/produkt\/zibro-lc-30t-toyotube\/#primaryimage"},"image":{"@id":"https:\/\/www.toyotomi.eu\/no\/produkt\/zibro-lc-30t-toyotube\/#primaryimage"},"thumbnailUrl":"https:\/\/www.toyotomi.eu\/wp-content\/uploads\/2020\/07\/Zibro-heater-LC-30.jpg","datePublished":"2025-01-01T01:01:00+00:00","breadcrumb":{"@id":"https:\/\/www.toyotomi.eu\/no\/produkt\/zibro-lc-30t-toyotube\/#breadcrumb"},"inLanguage":"nb-NO","potentialAction":[{"@type":"ReadAction","target":["https:\/\/www.toyotomi.eu\/no\/produkt\/zibro-lc-30t-toyotube\/"]}]},{"@type":"ImageObject","inLanguage":"nb-NO","@id":"https:\/\/www.toyotomi.eu\/no\/produkt\/zibro-lc-30t-toyotube\/#primaryimage","url":"https:\/\/www.toyotomi.eu\/wp-content\/uploads\/2020\/07\/Zibro-heater-LC-30.jpg","contentUrl":"https:\/\/www.toyotomi.eu\/wp-content\/uploads\/2020\/07\/Zibro-heater-LC-30.jpg","width":1000,"height":1000,"caption":"Efficient portable air conditioning unit designed for home or office cooling, featuring digital controls and ergonomic design."},{"@type":"BreadcrumbList","@id":"https:\/\/www.toyotomi.eu\/no\/produkt\/zibro-lc-30t-toyotube\/#breadcrumb","itemListElement":[{"@type":"ListItem","position":1,"name":"Hjem","item":"https:\/\/www.toyotomi.eu\/no\/"},{"@type":"ListItem","position":2,"name":"Alle produkter","item":"https:\/\/www.toyotomi.eu\/no\/alle-produkter\/"},{"@type":"ListItem","position":3,"name":"Zibro LC-30T (Toyotube)"}]},{"@type":"WebSite","@id":"https:\/\/www.toyotomi.eu\/no\/#website","url":"https:\/\/www.toyotomi.eu\/no\/","name":"Toyotomi","description":"","publisher":{"@id":"https:\/\/www.toyotomi.eu\/no\/#organization"},"potentialAction":[{"@type":"SearchAction","target":{"@type":"EntryPoint","urlTemplate":"https:\/\/www.toyotomi.eu\/no\/?s={search_term_string}"},"query-input":{"@type":"PropertyValueSpecification","valueRequired":true,"valueName":"search_term_string"}}],"inLanguage":"nb-NO"},{"@type":"Organization","@id":"https:\/\/www.toyotomi.eu\/no\/#organization","name":"Toyotomi Europe Sales B.V.","alternateName":"Toyotomi","url":"https:\/\/www.toyotomi.eu\/no\/","logo":{"@type":"ImageObject","inLanguage":"nb-NO","@id":"https:\/\/www.toyotomi.eu\/no\/#\/schema\/logo\/image\/","url":"https:\/\/www.toyotomi.eu\/wp-content\/uploads\/2025\/10\/logo.png","contentUrl":"https:\/\/www.toyotomi.eu\/wp-content\/uploads\/2025\/10\/logo.png","width":1360,"height":304,"caption":"Toyotomi Europe Sales B.V."},"image":{"@id":"https:\/\/www.toyotomi.eu\/no\/#\/schema\/logo\/image\/"}}]}},"_links":{"self":[{"href":"https:\/\/www.toyotomi.eu\/no\/wp-json\/wp\/v2\/product\/63386","targetHints":{"allow":["GET"]}}],"collection":[{"href":"https:\/\/www.toyotomi.eu\/no\/wp-json\/wp\/v2\/product"}],"about":[{"href":"https:\/\/www.toyotomi.eu\/no\/wp-json\/wp\/v2\/types\/product"}],"wp:featuredmedia":[{"embeddable":true,"href":"https:\/\/www.toyotomi.eu\/no\/wp-json\/wp\/v2\/media\/75"}],"wp:attachment":[{"href":"https:\/\/www.toyotomi.eu\/no\/wp-json\/wp\/v2\/media?parent=63386"}],"wp:term":[{"taxonomy":"product_brand","embeddable":true,"href":"https:\/\/www.toyotomi.eu\/no\/wp-json\/wp\/v2\/product_brand?post=63386"},{"taxonomy":"product_cat","embeddable":true,"href":"https:\/\/www.toyotomi.eu\/no\/wp-json\/wp\/v2\/product_cat?post=63386"},{"taxonomy":"product_tag","embeddable":true,"href":"https:\/\/www.toyotomi.eu\/no\/wp-json\/wp\/v2\/product_tag?post=63386"}],"curies":[{"name":"wp","href":"https:\/\/api.w.org\/{rel}","templated":true}]}}