{"id":52044,"date":"2025-01-01T02:01:00","date_gmt":"2025-01-01T01:01:00","guid":{"rendered":"https:\/\/www.toyotomi.eu\/product\/toyotomi-ks-53\/"},"modified":"2026-01-20T08:51:22","modified_gmt":"2026-01-20T07:51:22","slug":"toyotomi-ks-53","status":"publish","type":"product","link":"https:\/\/www.toyotomi.eu\/no\/produkt\/toyotomi-ks-53\/","title":{"rendered":"Toyotomi KS-53"},"content":{"rendered":"\n<div class=\"wp-block-essential-blocks-wrapper alignfull  root-eb-wrapper-pg68m\"><div class=\"eb-parent-wrapper eb-parent-eb-wrapper-pg68m \"><div class=\"eb-wrapper-outer eb-wrapper-pg68m\"><div class=\"eb-wrapper-inner\"><div class=\"eb-wrapper-inner-blocks eb-wrapper-align-center\">\n<div class=\"wp-block-essential-blocks-row alignfull  root-eb-row-7ky4f\"><div class=\"eb-parent-wrapper eb-parent-eb-row-7ky4f \"><div class=\"eb-row-root-container eb-row-7ky4f\" data-id=\"eb-row-7ky4f\"><div class=\"eb-row-wrapper\"><div class=\"eb-row-inner\">\n<div class=\"wp-block-essential-blocks-column  root-eb-column-yhn6m\"><div class=\"eb-parent-wrapper eb-parent-eb-column-yhn6m \"><div class=\"eb-column-wrapper eb-column-yhn6m\"><div class=\"eb-column-inner\">\n<h2 class=\"wp-block-heading has-text-align-center has-xxx-large-font-size\">Inkluderer<\/h2>\n<\/div><\/div><\/div><\/div>\n<\/div><\/div><\/div><\/div><\/div>\n<\/div><\/div><\/div><\/div><\/div>\n\n<div class=\"wp-block-essential-blocks-wrapper alignfull  root-eb-wrapper-087dr\"><div class=\"eb-parent-wrapper eb-parent-eb-wrapper-087dr \"><div class=\"eb-wrapper-outer eb-wrapper-087dr\"><div class=\"eb-wrapper-inner\"><div class=\"eb-wrapper-inner-blocks eb-wrapper-align-center\">\n<div class=\"wp-block-essential-blocks-row alignfull  root-eb-row-ljhuj\"><div class=\"eb-parent-wrapper eb-parent-eb-row-ljhuj \"><div class=\"eb-row-root-container eb-row-ljhuj\" data-id=\"eb-row-ljhuj\"><div class=\"eb-row-wrapper\"><div class=\"eb-row-inner\">\n<div class=\"wp-block-essential-blocks-column  root-eb-column-i2sjw\"><div class=\"eb-parent-wrapper eb-parent-eb-column-i2sjw \"><div class=\"eb-column-wrapper eb-column-i2sjw\"><div class=\"eb-column-inner\">\n<figure class=\"wp-block-image size-full has-custom-border\"><img loading=\"lazy\" decoding=\"async\" width=\"800\" height=\"550\" src=\"https:\/\/www.toyotomi.eu\/wp-content\/uploads\/2025\/07\/wick.jpg\" alt=\"N\u00e6rbilde av Toyotomi sin slitesterke karbonfiberglassveke for parafinvekeovner.\" class=\"wp-image-25025\" style=\"border-radius:4px\" srcset=\"https:\/\/www.toyotomi.eu\/wp-content\/uploads\/2025\/07\/wick.jpg 800w, https:\/\/www.toyotomi.eu\/wp-content\/uploads\/2025\/07\/wick-300x206.jpg 300w, https:\/\/www.toyotomi.eu\/wp-content\/uploads\/2025\/07\/wick-768x528.jpg 768w, https:\/\/www.toyotomi.eu\/wp-content\/uploads\/2025\/07\/wick-441x303.jpg 441w, https:\/\/www.toyotomi.eu\/wp-content\/uploads\/2025\/07\/wick-150x103.jpg 150w\" sizes=\"auto, (max-width: 800px) 100vw, 800px\" \/><\/figure>\n<\/div><\/div><\/div><\/div>\n\n\n\n<div class=\"wp-block-essential-blocks-column  root-eb-column-rv9nf\"><div class=\"eb-parent-wrapper eb-parent-eb-column-rv9nf \"><div class=\"eb-column-wrapper eb-column-rv9nf\"><div class=\"eb-column-inner\">\n<h2 class=\"wp-block-heading has-x-large-font-size\"><strong>Holdbar karbonglassfiber-veke<\/strong><\/h2>\n\n\n\n<p>Den holdbare karbonglassfiberveken har en lengre levetid enn tradisjonelle bomullsveker. Den motst\u00e5r utbrenning, selv om varmeapparatet g\u00e5r tom for drivstoff. <\/p>\n\n\n\n<p>Oppbygde tj\u00e6reavleiringer kan enkelt fjernes gjennom en t\u00f8rrbrenningsprosess, noe som bidrar til \u00e5 opprettholde ytelsen og forlenge vekens levetid.<\/p>\n<\/div><\/div><\/div><\/div>\n<\/div><\/div><\/div><\/div><\/div>\n<\/div><\/div><\/div><\/div><\/div>\n\n<div class=\"wp-block-essential-blocks-wrapper alignfull  root-eb-wrapper-7cbux\"><div class=\"eb-parent-wrapper eb-parent-eb-wrapper-7cbux \"><div class=\"eb-wrapper-outer eb-wrapper-7cbux\"><div class=\"eb-wrapper-inner\"><div class=\"eb-wrapper-inner-blocks eb-wrapper-align-center\">\n<div class=\"wp-block-essential-blocks-row alignfull  root-eb-row-39zwf\"><div class=\"eb-parent-wrapper eb-parent-eb-row-39zwf \"><div class=\"eb-row-root-container eb-row-39zwf\" data-id=\"eb-row-39zwf\"><div class=\"eb-row-wrapper\"><div class=\"eb-row-inner\">\n<div class=\"wp-block-essential-blocks-column  root-eb-column-b5b56\"><div class=\"eb-parent-wrapper eb-parent-eb-column-b5b56 \"><div class=\"eb-column-wrapper eb-column-b5b56\"><div class=\"eb-column-inner\">\n<h2 class=\"wp-block-heading has-x-large-font-size\"><strong>Dobbel tank<\/strong><\/h2>\n\n\n\n<p>Dobbeltvegg tankkonstruksjonen forhindrer drivstofflekkasje for sikkerhet selv n\u00e5r varmeapparatet velter.<\/p>\n<\/div><\/div><\/div><\/div>\n\n\n\n<div class=\"wp-block-essential-blocks-column  root-eb-column-ahclg\"><div class=\"eb-parent-wrapper eb-parent-eb-column-ahclg \"><div class=\"eb-column-wrapper eb-column-ahclg\"><div class=\"eb-column-inner\">\n<figure class=\"wp-block-image size-full has-custom-border\"><img loading=\"lazy\" decoding=\"async\" width=\"800\" height=\"550\" src=\"https:\/\/www.toyotomi.eu\/wp-content\/uploads\/2022\/11\/double-tank-1.jpg\" alt=\"Detaljert diagram av Toyotomi HVAC-mekanisme for optimal klimakontroll.\" class=\"wp-image-25107\" style=\"border-radius:4px\" srcset=\"https:\/\/www.toyotomi.eu\/wp-content\/uploads\/2022\/11\/double-tank-1.jpg 800w, https:\/\/www.toyotomi.eu\/wp-content\/uploads\/2022\/11\/double-tank-1-300x206.jpg 300w, https:\/\/www.toyotomi.eu\/wp-content\/uploads\/2022\/11\/double-tank-1-768x528.jpg 768w, https:\/\/www.toyotomi.eu\/wp-content\/uploads\/2022\/11\/double-tank-1-441x303.jpg 441w, https:\/\/www.toyotomi.eu\/wp-content\/uploads\/2022\/11\/double-tank-1-150x103.jpg 150w\" sizes=\"auto, (max-width: 800px) 100vw, 800px\" \/><\/figure>\n<\/div><\/div><\/div><\/div>\n<\/div><\/div><\/div><\/div><\/div>\n<\/div><\/div><\/div><\/div><\/div>\n\n<div class=\"wp-block-essential-blocks-wrapper alignfull  root-eb-wrapper-wibl3\"><div class=\"eb-parent-wrapper eb-parent-eb-wrapper-wibl3 \"><div class=\"eb-wrapper-outer eb-wrapper-wibl3\"><div class=\"eb-wrapper-inner\"><div class=\"eb-wrapper-inner-blocks eb-wrapper-align-center\">\n<div class=\"wp-block-essential-blocks-row alignfull  root-eb-row-a9ely\"><div class=\"eb-parent-wrapper eb-parent-eb-row-a9ely \"><div class=\"eb-row-root-container eb-row-a9ely\" data-id=\"eb-row-a9ely\"><div class=\"eb-row-wrapper\"><div class=\"eb-row-inner\">\n<div class=\"wp-block-essential-blocks-column  root-eb-column-1usnt\"><div class=\"eb-parent-wrapper eb-parent-eb-column-1usnt \"><div class=\"eb-column-wrapper eb-column-1usnt\"><div class=\"eb-column-inner\">\n<figure class=\"wp-block-image size-full has-custom-border\"><img loading=\"lazy\" decoding=\"async\" width=\"800\" height=\"550\" src=\"https:\/\/www.toyotomi.eu\/wp-content\/uploads\/2024\/10\/manual-fuel-syphon-pump.jpg\" alt=\"Fleksibel medisinsk mateslange med r\u00f8d kontakt for presisjon og sikkerhet.\" class=\"wp-image-25016\" style=\"border-radius:4px\" srcset=\"https:\/\/www.toyotomi.eu\/wp-content\/uploads\/2024\/10\/manual-fuel-syphon-pump.jpg 800w, https:\/\/www.toyotomi.eu\/wp-content\/uploads\/2024\/10\/manual-fuel-syphon-pump-300x206.jpg 300w, https:\/\/www.toyotomi.eu\/wp-content\/uploads\/2024\/10\/manual-fuel-syphon-pump-768x528.jpg 768w, https:\/\/www.toyotomi.eu\/wp-content\/uploads\/2024\/10\/manual-fuel-syphon-pump-441x303.jpg 441w, https:\/\/www.toyotomi.eu\/wp-content\/uploads\/2024\/10\/manual-fuel-syphon-pump-150x103.jpg 150w\" sizes=\"auto, (max-width: 800px) 100vw, 800px\" \/><\/figure>\n<\/div><\/div><\/div><\/div>\n\n\n\n<div class=\"wp-block-essential-blocks-column  root-eb-column-wu99q\"><div class=\"eb-parent-wrapper eb-parent-eb-column-wu99q \"><div class=\"eb-column-wrapper eb-column-wu99q\"><div class=\"eb-column-inner\">\n<h2 class=\"wp-block-heading has-x-large-font-size\"><strong>Manuell sifonpumpe<\/strong><\/h2>\n\n\n\n<p>Runde ovner inkluderer en manuell hevertpumpe i hver eske som standardtilbeh\u00f8r, som brukes til \u00e5 fylle ovnen med brensel. Dette enkle, praktiske verkt\u00f8yet gj\u00f8r brenseloverf\u00f8ringen enkel og bidrar til \u00e5 forhindre s\u00f8l under p\u00e5fylling. <\/p>\n<\/div><\/div><\/div><\/div>\n<\/div><\/div><\/div><\/div><\/div>\n<\/div><\/div><\/div><\/div><\/div>\n","protected":false},"excerpt":{"rendered":"<p>Toyotomi Wick Heater KS-53 har en enkel brenner med en varmekapasitet p\u00e5 5,30 kW, som gir ren, effektiv og \u00f8konomisk varme uten installasjon. Det skorsteinsfrie brenningssystemet krever kun fire batterier for tenning, noe som gj\u00f8r den ekstremt enkel \u00e5 betjene. Den er designet for \u00e5 varme opp rom opp til 205 m\u00b3, og leveres med flere sikkerhetsfunksjoner, inkludert en slitesterk glassfiberveke, trippel sikkerhetsavstengning og gnisttenningssystem. KS-53 er perfekt for innend\u00f8rs eller utend\u00f8rs bruk, og gir p\u00e5litelig varme for camping, terrasser eller for \u00e5 skape en koselig atmosf\u00e6re hjemme.   <\/p>\n<p><strong>SKU:<\/strong> KS-53<br \/>\n<strong>EAN:<\/strong> 4963505711580<\/p>\n","protected":false},"featured_media":52046,"template":"","meta":{"_acf_changed":false,"_eb_attr":""},"product_brand":[],"product_cat":[7357],"product_tag":[],"class_list":{"0":"post-52044","1":"product","2":"type-product","3":"status-publish","4":"has-post-thumbnail","6":"product_cat-ute-varmeapparater","8":"first","9":"instock","10":"taxable","11":"shipping-taxable","12":"product-type-simple"},"acf":[],"yoast_head":"<!-- This site is optimized with the Yoast SEO plugin v27.5 - https:\/\/yoast.com\/product\/yoast-seo-wordpress\/ -->\n<title>Toyotomi KS-53 - Toyotomi<\/title>\n<meta name=\"robots\" content=\"index, follow, max-snippet:-1, max-image-preview:large, max-video-preview:-1\" \/>\n<link rel=\"canonical\" href=\"https:\/\/www.toyotomi.eu\/no\/produkt\/toyotomi-ks-53\/\" \/>\n<meta property=\"og:locale\" content=\"nb_NO\" \/>\n<meta property=\"og:type\" content=\"article\" \/>\n<meta property=\"og:title\" content=\"Toyotomi KS-53 - Toyotomi\" \/>\n<meta property=\"og:description\" content=\"Toyotomi Wick Heater KS-53 har en enkel brenner med en varmekapasitet p\u00e5 5,30 kW, som gir ren, effektiv og \u00f8konomisk varme uten installasjon. Det skorsteinsfrie brenningssystemet krever kun fire batterier for tenning, noe som gj\u00f8r den ekstremt enkel \u00e5 betjene. Den er designet for \u00e5 varme opp rom opp til 205 m\u00b3, og leveres med flere sikkerhetsfunksjoner, inkludert en slitesterk glassfiberveke, trippel sikkerhetsavstengning og gnisttenningssystem. KS-53 er perfekt for innend\u00f8rs eller utend\u00f8rs bruk, og gir p\u00e5litelig varme for camping, terrasser eller for \u00e5 skape en koselig atmosf\u00e6re hjemme.   SKU: KS-53 EAN: 4963505711580\" \/>\n<meta property=\"og:url\" content=\"https:\/\/www.toyotomi.eu\/no\/produkt\/toyotomi-ks-53\/\" \/>\n<meta property=\"og:site_name\" content=\"Toyotomi\" \/>\n<meta property=\"article:modified_time\" content=\"2026-01-20T07:51:22+00:00\" \/>\n<meta property=\"og:image\" content=\"https:\/\/www.toyotomi.eu\/wp-content\/uploads\/2022\/12\/KS-53.png\" \/>\n\t<meta property=\"og:image:width\" content=\"1417\" \/>\n\t<meta property=\"og:image:height\" content=\"1417\" \/>\n\t<meta property=\"og:image:type\" content=\"image\/png\" \/>\n<meta name=\"twitter:card\" content=\"summary_large_image\" \/>\n<script type=\"application\/ld+json\" class=\"yoast-schema-graph\">{\"@context\":\"https:\\\/\\\/schema.org\",\"@graph\":[{\"@type\":\"WebPage\",\"@id\":\"https:\\\/\\\/www.toyotomi.eu\\\/no\\\/produkt\\\/toyotomi-ks-53\\\/\",\"url\":\"https:\\\/\\\/www.toyotomi.eu\\\/no\\\/produkt\\\/toyotomi-ks-53\\\/\",\"name\":\"Toyotomi KS-53 - Toyotomi\",\"isPartOf\":{\"@id\":\"https:\\\/\\\/www.toyotomi.eu\\\/no\\\/#website\"},\"primaryImageOfPage\":{\"@id\":\"https:\\\/\\\/www.toyotomi.eu\\\/no\\\/produkt\\\/toyotomi-ks-53\\\/#primaryimage\"},\"image\":{\"@id\":\"https:\\\/\\\/www.toyotomi.eu\\\/no\\\/produkt\\\/toyotomi-ks-53\\\/#primaryimage\"},\"thumbnailUrl\":\"https:\\\/\\\/www.toyotomi.eu\\\/wp-content\\\/uploads\\\/2022\\\/12\\\/KS-53.png\",\"datePublished\":\"2025-01-01T01:01:00+00:00\",\"dateModified\":\"2026-01-20T07:51:22+00:00\",\"breadcrumb\":{\"@id\":\"https:\\\/\\\/www.toyotomi.eu\\\/no\\\/produkt\\\/toyotomi-ks-53\\\/#breadcrumb\"},\"inLanguage\":\"nb-NO\",\"potentialAction\":[{\"@type\":\"ReadAction\",\"target\":[\"https:\\\/\\\/www.toyotomi.eu\\\/no\\\/produkt\\\/toyotomi-ks-53\\\/\"]}]},{\"@type\":\"ImageObject\",\"inLanguage\":\"nb-NO\",\"@id\":\"https:\\\/\\\/www.toyotomi.eu\\\/no\\\/produkt\\\/toyotomi-ks-53\\\/#primaryimage\",\"url\":\"https:\\\/\\\/www.toyotomi.eu\\\/wp-content\\\/uploads\\\/2022\\\/12\\\/KS-53.png\",\"contentUrl\":\"https:\\\/\\\/www.toyotomi.eu\\\/wp-content\\\/uploads\\\/2022\\\/12\\\/KS-53.png\",\"width\":1417,\"height\":1417,\"caption\":\"Modern black heater stove with safety guard and adjustable temperature control for cozy heating.\"},{\"@type\":\"BreadcrumbList\",\"@id\":\"https:\\\/\\\/www.toyotomi.eu\\\/no\\\/produkt\\\/toyotomi-ks-53\\\/#breadcrumb\",\"itemListElement\":[{\"@type\":\"ListItem\",\"position\":1,\"name\":\"Hjem\",\"item\":\"https:\\\/\\\/www.toyotomi.eu\\\/no\\\/\"},{\"@type\":\"ListItem\",\"position\":2,\"name\":\"Alle produkter\",\"item\":\"https:\\\/\\\/www.toyotomi.eu\\\/no\\\/alle-produkter\\\/\"},{\"@type\":\"ListItem\",\"position\":3,\"name\":\"Toyotomi KS-53\"}]},{\"@type\":\"WebSite\",\"@id\":\"https:\\\/\\\/www.toyotomi.eu\\\/no\\\/#website\",\"url\":\"https:\\\/\\\/www.toyotomi.eu\\\/no\\\/\",\"name\":\"Toyotomi\",\"description\":\"\",\"publisher\":{\"@id\":\"https:\\\/\\\/www.toyotomi.eu\\\/no\\\/#organization\"},\"potentialAction\":[{\"@type\":\"SearchAction\",\"target\":{\"@type\":\"EntryPoint\",\"urlTemplate\":\"https:\\\/\\\/www.toyotomi.eu\\\/no\\\/?s={search_term_string}\"},\"query-input\":{\"@type\":\"PropertyValueSpecification\",\"valueRequired\":true,\"valueName\":\"search_term_string\"}}],\"inLanguage\":\"nb-NO\"},{\"@type\":\"Organization\",\"@id\":\"https:\\\/\\\/www.toyotomi.eu\\\/no\\\/#organization\",\"name\":\"Toyotomi Europe Sales B.V.\",\"alternateName\":\"Toyotomi\",\"url\":\"https:\\\/\\\/www.toyotomi.eu\\\/no\\\/\",\"logo\":{\"@type\":\"ImageObject\",\"inLanguage\":\"nb-NO\",\"@id\":\"https:\\\/\\\/www.toyotomi.eu\\\/no\\\/#\\\/schema\\\/logo\\\/image\\\/\",\"url\":\"https:\\\/\\\/www.toyotomi.eu\\\/wp-content\\\/uploads\\\/2025\\\/10\\\/logo.png\",\"contentUrl\":\"https:\\\/\\\/www.toyotomi.eu\\\/wp-content\\\/uploads\\\/2025\\\/10\\\/logo.png\",\"width\":1360,\"height\":304,\"caption\":\"Toyotomi Europe Sales B.V.\"},\"image\":{\"@id\":\"https:\\\/\\\/www.toyotomi.eu\\\/no\\\/#\\\/schema\\\/logo\\\/image\\\/\"}}]}<\/script>\n<!-- \/ Yoast SEO plugin. -->","yoast_head_json":{"title":"Toyotomi KS-53 - Toyotomi","robots":{"index":"index","follow":"follow","max-snippet":"max-snippet:-1","max-image-preview":"max-image-preview:large","max-video-preview":"max-video-preview:-1"},"canonical":"https:\/\/www.toyotomi.eu\/no\/produkt\/toyotomi-ks-53\/","og_locale":"nb_NO","og_type":"article","og_title":"Toyotomi KS-53 - Toyotomi","og_description":"Toyotomi Wick Heater KS-53 har en enkel brenner med en varmekapasitet p\u00e5 5,30 kW, som gir ren, effektiv og \u00f8konomisk varme uten installasjon. Det skorsteinsfrie brenningssystemet krever kun fire batterier for tenning, noe som gj\u00f8r den ekstremt enkel \u00e5 betjene. Den er designet for \u00e5 varme opp rom opp til 205 m\u00b3, og leveres med flere sikkerhetsfunksjoner, inkludert en slitesterk glassfiberveke, trippel sikkerhetsavstengning og gnisttenningssystem. KS-53 er perfekt for innend\u00f8rs eller utend\u00f8rs bruk, og gir p\u00e5litelig varme for camping, terrasser eller for \u00e5 skape en koselig atmosf\u00e6re hjemme.   SKU: KS-53 EAN: 4963505711580","og_url":"https:\/\/www.toyotomi.eu\/no\/produkt\/toyotomi-ks-53\/","og_site_name":"Toyotomi","article_modified_time":"2026-01-20T07:51:22+00:00","og_image":[{"width":1417,"height":1417,"url":"https:\/\/www.toyotomi.eu\/wp-content\/uploads\/2022\/12\/KS-53.png","type":"image\/png"}],"twitter_card":"summary_large_image","schema":{"@context":"https:\/\/schema.org","@graph":[{"@type":"WebPage","@id":"https:\/\/www.toyotomi.eu\/no\/produkt\/toyotomi-ks-53\/","url":"https:\/\/www.toyotomi.eu\/no\/produkt\/toyotomi-ks-53\/","name":"Toyotomi KS-53 - Toyotomi","isPartOf":{"@id":"https:\/\/www.toyotomi.eu\/no\/#website"},"primaryImageOfPage":{"@id":"https:\/\/www.toyotomi.eu\/no\/produkt\/toyotomi-ks-53\/#primaryimage"},"image":{"@id":"https:\/\/www.toyotomi.eu\/no\/produkt\/toyotomi-ks-53\/#primaryimage"},"thumbnailUrl":"https:\/\/www.toyotomi.eu\/wp-content\/uploads\/2022\/12\/KS-53.png","datePublished":"2025-01-01T01:01:00+00:00","dateModified":"2026-01-20T07:51:22+00:00","breadcrumb":{"@id":"https:\/\/www.toyotomi.eu\/no\/produkt\/toyotomi-ks-53\/#breadcrumb"},"inLanguage":"nb-NO","potentialAction":[{"@type":"ReadAction","target":["https:\/\/www.toyotomi.eu\/no\/produkt\/toyotomi-ks-53\/"]}]},{"@type":"ImageObject","inLanguage":"nb-NO","@id":"https:\/\/www.toyotomi.eu\/no\/produkt\/toyotomi-ks-53\/#primaryimage","url":"https:\/\/www.toyotomi.eu\/wp-content\/uploads\/2022\/12\/KS-53.png","contentUrl":"https:\/\/www.toyotomi.eu\/wp-content\/uploads\/2022\/12\/KS-53.png","width":1417,"height":1417,"caption":"Modern black heater stove with safety guard and adjustable temperature control for cozy heating."},{"@type":"BreadcrumbList","@id":"https:\/\/www.toyotomi.eu\/no\/produkt\/toyotomi-ks-53\/#breadcrumb","itemListElement":[{"@type":"ListItem","position":1,"name":"Hjem","item":"https:\/\/www.toyotomi.eu\/no\/"},{"@type":"ListItem","position":2,"name":"Alle produkter","item":"https:\/\/www.toyotomi.eu\/no\/alle-produkter\/"},{"@type":"ListItem","position":3,"name":"Toyotomi KS-53"}]},{"@type":"WebSite","@id":"https:\/\/www.toyotomi.eu\/no\/#website","url":"https:\/\/www.toyotomi.eu\/no\/","name":"Toyotomi","description":"","publisher":{"@id":"https:\/\/www.toyotomi.eu\/no\/#organization"},"potentialAction":[{"@type":"SearchAction","target":{"@type":"EntryPoint","urlTemplate":"https:\/\/www.toyotomi.eu\/no\/?s={search_term_string}"},"query-input":{"@type":"PropertyValueSpecification","valueRequired":true,"valueName":"search_term_string"}}],"inLanguage":"nb-NO"},{"@type":"Organization","@id":"https:\/\/www.toyotomi.eu\/no\/#organization","name":"Toyotomi Europe Sales B.V.","alternateName":"Toyotomi","url":"https:\/\/www.toyotomi.eu\/no\/","logo":{"@type":"ImageObject","inLanguage":"nb-NO","@id":"https:\/\/www.toyotomi.eu\/no\/#\/schema\/logo\/image\/","url":"https:\/\/www.toyotomi.eu\/wp-content\/uploads\/2025\/10\/logo.png","contentUrl":"https:\/\/www.toyotomi.eu\/wp-content\/uploads\/2025\/10\/logo.png","width":1360,"height":304,"caption":"Toyotomi Europe Sales B.V."},"image":{"@id":"https:\/\/www.toyotomi.eu\/no\/#\/schema\/logo\/image\/"}}]}},"_links":{"self":[{"href":"https:\/\/www.toyotomi.eu\/no\/wp-json\/wp\/v2\/product\/52044","targetHints":{"allow":["GET"]}}],"collection":[{"href":"https:\/\/www.toyotomi.eu\/no\/wp-json\/wp\/v2\/product"}],"about":[{"href":"https:\/\/www.toyotomi.eu\/no\/wp-json\/wp\/v2\/types\/product"}],"wp:featuredmedia":[{"embeddable":true,"href":"https:\/\/www.toyotomi.eu\/no\/wp-json\/wp\/v2\/media\/52046"}],"wp:attachment":[{"href":"https:\/\/www.toyotomi.eu\/no\/wp-json\/wp\/v2\/media?parent=52044"}],"wp:term":[{"taxonomy":"product_brand","embeddable":true,"href":"https:\/\/www.toyotomi.eu\/no\/wp-json\/wp\/v2\/product_brand?post=52044"},{"taxonomy":"product_cat","embeddable":true,"href":"https:\/\/www.toyotomi.eu\/no\/wp-json\/wp\/v2\/product_cat?post=52044"},{"taxonomy":"product_tag","embeddable":true,"href":"https:\/\/www.toyotomi.eu\/no\/wp-json\/wp\/v2\/product_tag?post=52044"}],"curies":[{"name":"wp","href":"https:\/\/api.w.org\/{rel}","templated":true}]}}