{"id":51628,"date":"2025-01-01T02:01:00","date_gmt":"2025-01-01T01:01:00","guid":{"rendered":"https:\/\/www.toyotomi.eu\/product\/zibro-lc-30\/"},"modified":"2026-04-17T16:01:26","modified_gmt":"2026-04-17T14:01:26","slug":"zibro-lc-30","status":"publish","type":"product","link":"https:\/\/www.toyotomi.eu\/no\/produkt\/zibro-lc-30\/","title":{"rendered":"Zibro LC-30"},"content":{"rendered":"\n<div class=\"wp-block-essential-blocks-wrapper alignfull  root-eb-wrapper-0pft6\"><div class=\"eb-parent-wrapper eb-parent-eb-wrapper-0pft6 \"><div class=\"eb-wrapper-outer eb-wrapper-0pft6\"><div class=\"eb-wrapper-inner\"><div class=\"eb-wrapper-inner-blocks eb-wrapper-align-center\">\n<div class=\"wp-block-essential-blocks-row alignfull  root-eb-row-htqol\"><div class=\"eb-parent-wrapper eb-parent-eb-row-htqol \"><div class=\"eb-row-root-container eb-row-htqol\" data-id=\"eb-row-htqol\"><div class=\"eb-row-wrapper\"><div class=\"eb-row-inner\">\n<div class=\"wp-block-essential-blocks-column  root-eb-column-eoyr7\"><div class=\"eb-parent-wrapper eb-parent-eb-column-eoyr7 \"><div class=\"eb-column-wrapper eb-column-eoyr7\"><div class=\"eb-column-inner\">\n<h2 class=\"wp-block-heading has-text-align-center has-xxx-large-font-size\">Inkluderer<\/h2>\n<\/div><\/div><\/div><\/div>\n<\/div><\/div><\/div><\/div><\/div>\n<\/div><\/div><\/div><\/div><\/div>\n\n<div class=\"wp-block-essential-blocks-wrapper alignfull  root-eb-wrapper-yauuv\"><div class=\"eb-parent-wrapper eb-parent-eb-wrapper-yauuv \"><div class=\"eb-wrapper-outer eb-wrapper-yauuv\"><div class=\"eb-wrapper-inner\"><div class=\"eb-wrapper-inner-blocks eb-wrapper-align-center\">\n<div class=\"wp-block-essential-blocks-row alignfull  root-eb-row-j9w3g\"><div class=\"eb-parent-wrapper eb-parent-eb-row-j9w3g \"><div class=\"eb-row-root-container eb-row-j9w3g\" data-id=\"eb-row-j9w3g\"><div class=\"eb-row-wrapper\"><div class=\"eb-row-inner\">\n<div class=\"wp-block-essential-blocks-column  root-eb-column-79he7\"><div class=\"eb-parent-wrapper eb-parent-eb-column-79he7 \"><div class=\"eb-column-wrapper eb-column-79he7\"><div class=\"eb-column-inner\">\n<figure class=\"wp-block-image size-full has-custom-border\"><img loading=\"lazy\" decoding=\"async\" width=\"800\" height=\"550\" src=\"https:\/\/www.toyotomi.eu\/wp-content\/uploads\/2024\/10\/manual-fuel-syphon-pump.jpg\" alt=\"Fleksibel medisinsk mateslange med r&#xF8;d kontakt for presisjon og sikkerhet.\" class=\"wp-image-25016\" style=\"border-radius:4px\" srcset=\"https:\/\/www.toyotomi.eu\/wp-content\/uploads\/2024\/10\/manual-fuel-syphon-pump.jpg 800w, https:\/\/www.toyotomi.eu\/wp-content\/uploads\/2024\/10\/manual-fuel-syphon-pump-300x206.jpg 300w, https:\/\/www.toyotomi.eu\/wp-content\/uploads\/2024\/10\/manual-fuel-syphon-pump-768x528.jpg 768w, https:\/\/www.toyotomi.eu\/wp-content\/uploads\/2024\/10\/manual-fuel-syphon-pump-441x303.jpg 441w, https:\/\/www.toyotomi.eu\/wp-content\/uploads\/2024\/10\/manual-fuel-syphon-pump-150x103.jpg 150w\" sizes=\"auto, (max-width: 800px) 100vw, 800px\" \/><\/figure>\n<\/div><\/div><\/div><\/div>\n\n\n\n<div class=\"wp-block-essential-blocks-column  root-eb-column-fbtim\"><div class=\"eb-parent-wrapper eb-parent-eb-column-fbtim \"><div class=\"eb-column-wrapper eb-column-fbtim\"><div class=\"eb-column-inner\">\n<h2 class=\"wp-block-heading has-x-large-font-size\"><strong>Manuell sifonpumpe<\/strong><\/h2>\n\n\n\n<p>Zibro LC-30-ovner inkluderer en manuell hevertpumpe i hver eske som standardtilbeh\u00f8r, som brukes til \u00e5 fylle ovnen med brensel. Dette enkle, praktiske verkt\u00f8yet gj\u00f8r brenseloverf\u00f8ringen enkel og bidrar til \u00e5 forhindre s\u00f8l under p\u00e5fylling. <\/p>\n<\/div><\/div><\/div><\/div>\n<\/div><\/div><\/div><\/div><\/div>\n<\/div><\/div><\/div><\/div><\/div>\n","protected":false},"excerpt":{"rendered":"<p>Zibro Laser Clean-varmer LC-30 har den nyeste elektroniske brenneren p\u00e5 3,00 kW og leverer ren, effektiv og \u00f8konomisk varme. Varmeren krever ingen installasjon; den trenger kun \u00e5 kobles til en stikkontakt. Den er enkel \u00e5 betjene og kan varme opp rom p\u00e5 opptil 120 m\u00b3. Med et str\u00f8mforbruk p\u00e5 kun 13 watt under drift, representerer LC-30 en sikker, sv\u00e6rt effektiv og \u00f8konomisk r\u00f8ykfri varmel\u00f8sning.   <\/p>\n<p><strong>SKU:<\/strong> LC-30<br \/>\n<strong>EAN:<\/strong> 4963505722838<\/p>\n","protected":false},"featured_media":51632,"template":"","meta":{"_acf_changed":false,"_eb_attr":""},"product_brand":[],"product_cat":[7095],"product_tag":[],"class_list":{"0":"post-51628","1":"product","2":"type-product","3":"status-publish","4":"has-post-thumbnail","6":"product_cat-laser-varmeapparater","8":"first","9":"instock","10":"taxable","11":"shipping-taxable","12":"product-type-simple"},"acf":[],"yoast_head":"<!-- This site is optimized with the Yoast SEO plugin v27.4 - https:\/\/yoast.com\/product\/yoast-seo-wordpress\/ -->\n<title>Zibro LC-30 - Toyotomi<\/title>\n<meta name=\"robots\" content=\"index, follow, max-snippet:-1, max-image-preview:large, max-video-preview:-1\" \/>\n<link rel=\"canonical\" href=\"https:\/\/www.toyotomi.eu\/no\/produkt\/zibro-lc-30\/\" \/>\n<meta property=\"og:locale\" content=\"nb_NO\" \/>\n<meta property=\"og:type\" content=\"article\" \/>\n<meta property=\"og:title\" content=\"Zibro LC-30 - Toyotomi\" \/>\n<meta property=\"og:description\" content=\"Zibro Laser Clean-varmer LC-30 har den nyeste elektroniske brenneren p\u00e5 3,00 kW og leverer ren, effektiv og \u00f8konomisk varme. Varmeren krever ingen installasjon; den trenger kun \u00e5 kobles til en stikkontakt. Den er enkel \u00e5 betjene og kan varme opp rom p\u00e5 opptil 120 m\u00b3. Med et str\u00f8mforbruk p\u00e5 kun 13 watt under drift, representerer LC-30 en sikker, sv\u00e6rt effektiv og \u00f8konomisk r\u00f8ykfri varmel\u00f8sning.   SKU: LC-30 EAN: 4963505722838\" \/>\n<meta property=\"og:url\" content=\"https:\/\/www.toyotomi.eu\/no\/produkt\/zibro-lc-30\/\" \/>\n<meta property=\"og:site_name\" content=\"Toyotomi\" \/>\n<meta property=\"article:modified_time\" content=\"2026-04-17T14:01:26+00:00\" \/>\n<meta property=\"og:image\" content=\"https:\/\/www.toyotomi.eu\/wp-content\/uploads\/2020\/07\/Zibro-heater-LC-30.jpg\" \/>\n\t<meta property=\"og:image:width\" content=\"1000\" \/>\n\t<meta property=\"og:image:height\" content=\"1000\" \/>\n\t<meta property=\"og:image:type\" content=\"image\/jpeg\" \/>\n<meta name=\"twitter:card\" content=\"summary_large_image\" \/>\n<script type=\"application\/ld+json\" class=\"yoast-schema-graph\">{\"@context\":\"https:\\\/\\\/schema.org\",\"@graph\":[{\"@type\":\"WebPage\",\"@id\":\"https:\\\/\\\/www.toyotomi.eu\\\/no\\\/produkt\\\/zibro-lc-30\\\/\",\"url\":\"https:\\\/\\\/www.toyotomi.eu\\\/no\\\/produkt\\\/zibro-lc-30\\\/\",\"name\":\"Zibro LC-30 - Toyotomi\",\"isPartOf\":{\"@id\":\"https:\\\/\\\/www.toyotomi.eu\\\/no\\\/#website\"},\"primaryImageOfPage\":{\"@id\":\"https:\\\/\\\/www.toyotomi.eu\\\/no\\\/produkt\\\/zibro-lc-30\\\/#primaryimage\"},\"image\":{\"@id\":\"https:\\\/\\\/www.toyotomi.eu\\\/no\\\/produkt\\\/zibro-lc-30\\\/#primaryimage\"},\"thumbnailUrl\":\"https:\\\/\\\/www.toyotomi.eu\\\/wp-content\\\/uploads\\\/2020\\\/07\\\/Zibro-heater-LC-30.jpg\",\"datePublished\":\"2025-01-01T01:01:00+00:00\",\"dateModified\":\"2026-04-17T14:01:26+00:00\",\"breadcrumb\":{\"@id\":\"https:\\\/\\\/www.toyotomi.eu\\\/no\\\/produkt\\\/zibro-lc-30\\\/#breadcrumb\"},\"inLanguage\":\"nb-NO\",\"potentialAction\":[{\"@type\":\"ReadAction\",\"target\":[\"https:\\\/\\\/www.toyotomi.eu\\\/no\\\/produkt\\\/zibro-lc-30\\\/\"]}]},{\"@type\":\"ImageObject\",\"inLanguage\":\"nb-NO\",\"@id\":\"https:\\\/\\\/www.toyotomi.eu\\\/no\\\/produkt\\\/zibro-lc-30\\\/#primaryimage\",\"url\":\"https:\\\/\\\/www.toyotomi.eu\\\/wp-content\\\/uploads\\\/2020\\\/07\\\/Zibro-heater-LC-30.jpg\",\"contentUrl\":\"https:\\\/\\\/www.toyotomi.eu\\\/wp-content\\\/uploads\\\/2020\\\/07\\\/Zibro-heater-LC-30.jpg\",\"width\":1000,\"height\":1000,\"caption\":\"Efficient portable air conditioning unit designed for home or office cooling, featuring digital controls and ergonomic design.\"},{\"@type\":\"BreadcrumbList\",\"@id\":\"https:\\\/\\\/www.toyotomi.eu\\\/no\\\/produkt\\\/zibro-lc-30\\\/#breadcrumb\",\"itemListElement\":[{\"@type\":\"ListItem\",\"position\":1,\"name\":\"Hjem\",\"item\":\"https:\\\/\\\/www.toyotomi.eu\\\/no\\\/\"},{\"@type\":\"ListItem\",\"position\":2,\"name\":\"Alle produkter\",\"item\":\"https:\\\/\\\/www.toyotomi.eu\\\/no\\\/alle-produkter\\\/\"},{\"@type\":\"ListItem\",\"position\":3,\"name\":\"Zibro LC-30\"}]},{\"@type\":\"WebSite\",\"@id\":\"https:\\\/\\\/www.toyotomi.eu\\\/no\\\/#website\",\"url\":\"https:\\\/\\\/www.toyotomi.eu\\\/no\\\/\",\"name\":\"Toyotomi\",\"description\":\"\",\"publisher\":{\"@id\":\"https:\\\/\\\/www.toyotomi.eu\\\/no\\\/#organization\"},\"potentialAction\":[{\"@type\":\"SearchAction\",\"target\":{\"@type\":\"EntryPoint\",\"urlTemplate\":\"https:\\\/\\\/www.toyotomi.eu\\\/no\\\/?s={search_term_string}\"},\"query-input\":{\"@type\":\"PropertyValueSpecification\",\"valueRequired\":true,\"valueName\":\"search_term_string\"}}],\"inLanguage\":\"nb-NO\"},{\"@type\":\"Organization\",\"@id\":\"https:\\\/\\\/www.toyotomi.eu\\\/no\\\/#organization\",\"name\":\"Toyotomi Europe Sales B.V.\",\"alternateName\":\"Toyotomi\",\"url\":\"https:\\\/\\\/www.toyotomi.eu\\\/no\\\/\",\"logo\":{\"@type\":\"ImageObject\",\"inLanguage\":\"nb-NO\",\"@id\":\"https:\\\/\\\/www.toyotomi.eu\\\/no\\\/#\\\/schema\\\/logo\\\/image\\\/\",\"url\":\"https:\\\/\\\/www.toyotomi.eu\\\/wp-content\\\/uploads\\\/2025\\\/10\\\/logo.png\",\"contentUrl\":\"https:\\\/\\\/www.toyotomi.eu\\\/wp-content\\\/uploads\\\/2025\\\/10\\\/logo.png\",\"width\":1360,\"height\":304,\"caption\":\"Toyotomi Europe Sales B.V.\"},\"image\":{\"@id\":\"https:\\\/\\\/www.toyotomi.eu\\\/no\\\/#\\\/schema\\\/logo\\\/image\\\/\"}}]}<\/script>\n<!-- \/ Yoast SEO plugin. -->","yoast_head_json":{"title":"Zibro LC-30 - Toyotomi","robots":{"index":"index","follow":"follow","max-snippet":"max-snippet:-1","max-image-preview":"max-image-preview:large","max-video-preview":"max-video-preview:-1"},"canonical":"https:\/\/www.toyotomi.eu\/no\/produkt\/zibro-lc-30\/","og_locale":"nb_NO","og_type":"article","og_title":"Zibro LC-30 - Toyotomi","og_description":"Zibro Laser Clean-varmer LC-30 har den nyeste elektroniske brenneren p\u00e5 3,00 kW og leverer ren, effektiv og \u00f8konomisk varme. Varmeren krever ingen installasjon; den trenger kun \u00e5 kobles til en stikkontakt. Den er enkel \u00e5 betjene og kan varme opp rom p\u00e5 opptil 120 m\u00b3. Med et str\u00f8mforbruk p\u00e5 kun 13 watt under drift, representerer LC-30 en sikker, sv\u00e6rt effektiv og \u00f8konomisk r\u00f8ykfri varmel\u00f8sning.   SKU: LC-30 EAN: 4963505722838","og_url":"https:\/\/www.toyotomi.eu\/no\/produkt\/zibro-lc-30\/","og_site_name":"Toyotomi","article_modified_time":"2026-04-17T14:01:26+00:00","og_image":[{"width":1000,"height":1000,"url":"https:\/\/www.toyotomi.eu\/wp-content\/uploads\/2020\/07\/Zibro-heater-LC-30.jpg","type":"image\/jpeg"}],"twitter_card":"summary_large_image","schema":{"@context":"https:\/\/schema.org","@graph":[{"@type":"WebPage","@id":"https:\/\/www.toyotomi.eu\/no\/produkt\/zibro-lc-30\/","url":"https:\/\/www.toyotomi.eu\/no\/produkt\/zibro-lc-30\/","name":"Zibro LC-30 - Toyotomi","isPartOf":{"@id":"https:\/\/www.toyotomi.eu\/no\/#website"},"primaryImageOfPage":{"@id":"https:\/\/www.toyotomi.eu\/no\/produkt\/zibro-lc-30\/#primaryimage"},"image":{"@id":"https:\/\/www.toyotomi.eu\/no\/produkt\/zibro-lc-30\/#primaryimage"},"thumbnailUrl":"https:\/\/www.toyotomi.eu\/wp-content\/uploads\/2020\/07\/Zibro-heater-LC-30.jpg","datePublished":"2025-01-01T01:01:00+00:00","dateModified":"2026-04-17T14:01:26+00:00","breadcrumb":{"@id":"https:\/\/www.toyotomi.eu\/no\/produkt\/zibro-lc-30\/#breadcrumb"},"inLanguage":"nb-NO","potentialAction":[{"@type":"ReadAction","target":["https:\/\/www.toyotomi.eu\/no\/produkt\/zibro-lc-30\/"]}]},{"@type":"ImageObject","inLanguage":"nb-NO","@id":"https:\/\/www.toyotomi.eu\/no\/produkt\/zibro-lc-30\/#primaryimage","url":"https:\/\/www.toyotomi.eu\/wp-content\/uploads\/2020\/07\/Zibro-heater-LC-30.jpg","contentUrl":"https:\/\/www.toyotomi.eu\/wp-content\/uploads\/2020\/07\/Zibro-heater-LC-30.jpg","width":1000,"height":1000,"caption":"Efficient portable air conditioning unit designed for home or office cooling, featuring digital controls and ergonomic design."},{"@type":"BreadcrumbList","@id":"https:\/\/www.toyotomi.eu\/no\/produkt\/zibro-lc-30\/#breadcrumb","itemListElement":[{"@type":"ListItem","position":1,"name":"Hjem","item":"https:\/\/www.toyotomi.eu\/no\/"},{"@type":"ListItem","position":2,"name":"Alle produkter","item":"https:\/\/www.toyotomi.eu\/no\/alle-produkter\/"},{"@type":"ListItem","position":3,"name":"Zibro LC-30"}]},{"@type":"WebSite","@id":"https:\/\/www.toyotomi.eu\/no\/#website","url":"https:\/\/www.toyotomi.eu\/no\/","name":"Toyotomi","description":"","publisher":{"@id":"https:\/\/www.toyotomi.eu\/no\/#organization"},"potentialAction":[{"@type":"SearchAction","target":{"@type":"EntryPoint","urlTemplate":"https:\/\/www.toyotomi.eu\/no\/?s={search_term_string}"},"query-input":{"@type":"PropertyValueSpecification","valueRequired":true,"valueName":"search_term_string"}}],"inLanguage":"nb-NO"},{"@type":"Organization","@id":"https:\/\/www.toyotomi.eu\/no\/#organization","name":"Toyotomi Europe Sales B.V.","alternateName":"Toyotomi","url":"https:\/\/www.toyotomi.eu\/no\/","logo":{"@type":"ImageObject","inLanguage":"nb-NO","@id":"https:\/\/www.toyotomi.eu\/no\/#\/schema\/logo\/image\/","url":"https:\/\/www.toyotomi.eu\/wp-content\/uploads\/2025\/10\/logo.png","contentUrl":"https:\/\/www.toyotomi.eu\/wp-content\/uploads\/2025\/10\/logo.png","width":1360,"height":304,"caption":"Toyotomi Europe Sales B.V."},"image":{"@id":"https:\/\/www.toyotomi.eu\/no\/#\/schema\/logo\/image\/"}}]}},"_links":{"self":[{"href":"https:\/\/www.toyotomi.eu\/no\/wp-json\/wp\/v2\/product\/51628","targetHints":{"allow":["GET"]}}],"collection":[{"href":"https:\/\/www.toyotomi.eu\/no\/wp-json\/wp\/v2\/product"}],"about":[{"href":"https:\/\/www.toyotomi.eu\/no\/wp-json\/wp\/v2\/types\/product"}],"wp:featuredmedia":[{"embeddable":true,"href":"https:\/\/www.toyotomi.eu\/no\/wp-json\/wp\/v2\/media\/51632"}],"wp:attachment":[{"href":"https:\/\/www.toyotomi.eu\/no\/wp-json\/wp\/v2\/media?parent=51628"}],"wp:term":[{"taxonomy":"product_brand","embeddable":true,"href":"https:\/\/www.toyotomi.eu\/no\/wp-json\/wp\/v2\/product_brand?post=51628"},{"taxonomy":"product_cat","embeddable":true,"href":"https:\/\/www.toyotomi.eu\/no\/wp-json\/wp\/v2\/product_cat?post=51628"},{"taxonomy":"product_tag","embeddable":true,"href":"https:\/\/www.toyotomi.eu\/no\/wp-json\/wp\/v2\/product_tag?post=51628"}],"curies":[{"name":"wp","href":"https:\/\/api.w.org\/{rel}","templated":true}]}}