{"id":51459,"date":"2025-01-01T02:01:00","date_gmt":"2025-01-01T01:01:00","guid":{"rendered":"https:\/\/www.toyotomi.eu\/product\/zibro-rc-32\/"},"modified":"2025-01-01T01:01:00","modified_gmt":"2025-01-01T01:01:00","slug":"zibro-rc-32","status":"publish","type":"product","link":"https:\/\/www.toyotomi.eu\/no\/produkt\/zibro-rc-32\/","title":{"rendered":"Zibro RC-32"},"content":{"rendered":"","protected":false},"excerpt":{"rendered":"<p>Toyotomi vekeovnen RC-32 har en Double Clean-brenner med en varmekapasitet p\u00e5 3,20 kW. Den gir ren, effektiv og \u00f8konomisk varme uten behov for installasjon. Det r\u00f8ykfrie forbrenningssystemet krever bare fire batterier for tenning, noe som gj\u00f8r den ekstremt enkel \u00e5 betjene. RC-32 er designet for \u00e5 varme opp rom p\u00e5 opptil 120 m\u00b3, og er utstyrt med flere sikkerhetsfunksjoner som gir en trygg, praktisk og sv\u00e6rt effektiv varmel\u00f8sning.   <\/p>\n<p><strong>Varenummer:<\/strong> RC-32<br \/>\n<strong>EAN:<\/strong> 4963505711375<\/p>\n","protected":false},"featured_media":51462,"template":"","meta":{"_acf_changed":false,"_eb_attr":""},"product_brand":[],"product_cat":[7198],"product_tag":[],"class_list":{"0":"post-51459","1":"product","2":"type-product","3":"status-publish","4":"has-post-thumbnail","6":"product_cat-vekevarmere","8":"first","9":"instock","10":"taxable","11":"shipping-taxable","12":"product-type-simple"},"acf":[],"yoast_head":"<!-- This site is optimized with the Yoast SEO plugin v27.5 - https:\/\/yoast.com\/product\/yoast-seo-wordpress\/ -->\n<title>Zibro RC-32 - Toyotomi<\/title>\n<meta name=\"robots\" content=\"index, follow, max-snippet:-1, max-image-preview:large, max-video-preview:-1\" \/>\n<link rel=\"canonical\" href=\"https:\/\/www.toyotomi.eu\/no\/produkt\/zibro-rc-32\/\" \/>\n<meta property=\"og:locale\" content=\"nb_NO\" \/>\n<meta property=\"og:type\" content=\"article\" \/>\n<meta property=\"og:title\" content=\"Zibro RC-32 - Toyotomi\" \/>\n<meta property=\"og:description\" content=\"Toyotomi vekeovnen RC-32 har en Double Clean-brenner med en varmekapasitet p\u00e5 3,20 kW. Den gir ren, effektiv og \u00f8konomisk varme uten behov for installasjon. Det r\u00f8ykfrie forbrenningssystemet krever bare fire batterier for tenning, noe som gj\u00f8r den ekstremt enkel \u00e5 betjene. RC-32 er designet for \u00e5 varme opp rom p\u00e5 opptil 120 m\u00b3, og er utstyrt med flere sikkerhetsfunksjoner som gir en trygg, praktisk og sv\u00e6rt effektiv varmel\u00f8sning.   Varenummer: RC-32 EAN: 4963505711375\" \/>\n<meta property=\"og:url\" content=\"https:\/\/www.toyotomi.eu\/no\/produkt\/zibro-rc-32\/\" \/>\n<meta property=\"og:site_name\" content=\"Toyotomi\" \/>\n<meta property=\"og:image\" content=\"https:\/\/www.toyotomi.eu\/wp-content\/uploads\/2020\/07\/Zibro-heater-RC-32.jpg\" \/>\n\t<meta property=\"og:image:width\" content=\"1000\" \/>\n\t<meta property=\"og:image:height\" content=\"1000\" \/>\n\t<meta property=\"og:image:type\" content=\"image\/jpeg\" \/>\n<meta name=\"twitter:card\" content=\"summary_large_image\" \/>\n<script type=\"application\/ld+json\" class=\"yoast-schema-graph\">{\"@context\":\"https:\\\/\\\/schema.org\",\"@graph\":[{\"@type\":\"WebPage\",\"@id\":\"https:\\\/\\\/www.toyotomi.eu\\\/no\\\/produkt\\\/zibro-rc-32\\\/\",\"url\":\"https:\\\/\\\/www.toyotomi.eu\\\/no\\\/produkt\\\/zibro-rc-32\\\/\",\"name\":\"Zibro RC-32 - Toyotomi\",\"isPartOf\":{\"@id\":\"https:\\\/\\\/www.toyotomi.eu\\\/no\\\/#website\"},\"primaryImageOfPage\":{\"@id\":\"https:\\\/\\\/www.toyotomi.eu\\\/no\\\/produkt\\\/zibro-rc-32\\\/#primaryimage\"},\"image\":{\"@id\":\"https:\\\/\\\/www.toyotomi.eu\\\/no\\\/produkt\\\/zibro-rc-32\\\/#primaryimage\"},\"thumbnailUrl\":\"https:\\\/\\\/www.toyotomi.eu\\\/wp-content\\\/uploads\\\/2020\\\/07\\\/Zibro-heater-RC-32.jpg\",\"datePublished\":\"2025-01-01T01:01:00+00:00\",\"breadcrumb\":{\"@id\":\"https:\\\/\\\/www.toyotomi.eu\\\/no\\\/produkt\\\/zibro-rc-32\\\/#breadcrumb\"},\"inLanguage\":\"nb-NO\",\"potentialAction\":[{\"@type\":\"ReadAction\",\"target\":[\"https:\\\/\\\/www.toyotomi.eu\\\/no\\\/produkt\\\/zibro-rc-32\\\/\"]}]},{\"@type\":\"ImageObject\",\"inLanguage\":\"nb-NO\",\"@id\":\"https:\\\/\\\/www.toyotomi.eu\\\/no\\\/produkt\\\/zibro-rc-32\\\/#primaryimage\",\"url\":\"https:\\\/\\\/www.toyotomi.eu\\\/wp-content\\\/uploads\\\/2020\\\/07\\\/Zibro-heater-RC-32.jpg\",\"contentUrl\":\"https:\\\/\\\/www.toyotomi.eu\\\/wp-content\\\/uploads\\\/2020\\\/07\\\/Zibro-heater-RC-32.jpg\",\"width\":1000,\"height\":1000,\"caption\":\"Compact electric heater ideal for home or office use, offering quick warmth and safety.\"},{\"@type\":\"BreadcrumbList\",\"@id\":\"https:\\\/\\\/www.toyotomi.eu\\\/no\\\/produkt\\\/zibro-rc-32\\\/#breadcrumb\",\"itemListElement\":[{\"@type\":\"ListItem\",\"position\":1,\"name\":\"Hjem\",\"item\":\"https:\\\/\\\/www.toyotomi.eu\\\/no\\\/\"},{\"@type\":\"ListItem\",\"position\":2,\"name\":\"Alle produkter\",\"item\":\"https:\\\/\\\/www.toyotomi.eu\\\/no\\\/alle-produkter\\\/\"},{\"@type\":\"ListItem\",\"position\":3,\"name\":\"Zibro RC-32\"}]},{\"@type\":\"WebSite\",\"@id\":\"https:\\\/\\\/www.toyotomi.eu\\\/no\\\/#website\",\"url\":\"https:\\\/\\\/www.toyotomi.eu\\\/no\\\/\",\"name\":\"Toyotomi\",\"description\":\"\",\"publisher\":{\"@id\":\"https:\\\/\\\/www.toyotomi.eu\\\/no\\\/#organization\"},\"potentialAction\":[{\"@type\":\"SearchAction\",\"target\":{\"@type\":\"EntryPoint\",\"urlTemplate\":\"https:\\\/\\\/www.toyotomi.eu\\\/no\\\/?s={search_term_string}\"},\"query-input\":{\"@type\":\"PropertyValueSpecification\",\"valueRequired\":true,\"valueName\":\"search_term_string\"}}],\"inLanguage\":\"nb-NO\"},{\"@type\":\"Organization\",\"@id\":\"https:\\\/\\\/www.toyotomi.eu\\\/no\\\/#organization\",\"name\":\"Toyotomi Europe Sales B.V.\",\"alternateName\":\"Toyotomi\",\"url\":\"https:\\\/\\\/www.toyotomi.eu\\\/no\\\/\",\"logo\":{\"@type\":\"ImageObject\",\"inLanguage\":\"nb-NO\",\"@id\":\"https:\\\/\\\/www.toyotomi.eu\\\/no\\\/#\\\/schema\\\/logo\\\/image\\\/\",\"url\":\"https:\\\/\\\/www.toyotomi.eu\\\/wp-content\\\/uploads\\\/2025\\\/10\\\/logo.png\",\"contentUrl\":\"https:\\\/\\\/www.toyotomi.eu\\\/wp-content\\\/uploads\\\/2025\\\/10\\\/logo.png\",\"width\":1360,\"height\":304,\"caption\":\"Toyotomi Europe Sales B.V.\"},\"image\":{\"@id\":\"https:\\\/\\\/www.toyotomi.eu\\\/no\\\/#\\\/schema\\\/logo\\\/image\\\/\"}}]}<\/script>\n<!-- \/ Yoast SEO plugin. -->","yoast_head_json":{"title":"Zibro RC-32 - Toyotomi","robots":{"index":"index","follow":"follow","max-snippet":"max-snippet:-1","max-image-preview":"max-image-preview:large","max-video-preview":"max-video-preview:-1"},"canonical":"https:\/\/www.toyotomi.eu\/no\/produkt\/zibro-rc-32\/","og_locale":"nb_NO","og_type":"article","og_title":"Zibro RC-32 - Toyotomi","og_description":"Toyotomi vekeovnen RC-32 har en Double Clean-brenner med en varmekapasitet p\u00e5 3,20 kW. Den gir ren, effektiv og \u00f8konomisk varme uten behov for installasjon. Det r\u00f8ykfrie forbrenningssystemet krever bare fire batterier for tenning, noe som gj\u00f8r den ekstremt enkel \u00e5 betjene. RC-32 er designet for \u00e5 varme opp rom p\u00e5 opptil 120 m\u00b3, og er utstyrt med flere sikkerhetsfunksjoner som gir en trygg, praktisk og sv\u00e6rt effektiv varmel\u00f8sning.   Varenummer: RC-32 EAN: 4963505711375","og_url":"https:\/\/www.toyotomi.eu\/no\/produkt\/zibro-rc-32\/","og_site_name":"Toyotomi","og_image":[{"width":1000,"height":1000,"url":"https:\/\/www.toyotomi.eu\/wp-content\/uploads\/2020\/07\/Zibro-heater-RC-32.jpg","type":"image\/jpeg"}],"twitter_card":"summary_large_image","schema":{"@context":"https:\/\/schema.org","@graph":[{"@type":"WebPage","@id":"https:\/\/www.toyotomi.eu\/no\/produkt\/zibro-rc-32\/","url":"https:\/\/www.toyotomi.eu\/no\/produkt\/zibro-rc-32\/","name":"Zibro RC-32 - Toyotomi","isPartOf":{"@id":"https:\/\/www.toyotomi.eu\/no\/#website"},"primaryImageOfPage":{"@id":"https:\/\/www.toyotomi.eu\/no\/produkt\/zibro-rc-32\/#primaryimage"},"image":{"@id":"https:\/\/www.toyotomi.eu\/no\/produkt\/zibro-rc-32\/#primaryimage"},"thumbnailUrl":"https:\/\/www.toyotomi.eu\/wp-content\/uploads\/2020\/07\/Zibro-heater-RC-32.jpg","datePublished":"2025-01-01T01:01:00+00:00","breadcrumb":{"@id":"https:\/\/www.toyotomi.eu\/no\/produkt\/zibro-rc-32\/#breadcrumb"},"inLanguage":"nb-NO","potentialAction":[{"@type":"ReadAction","target":["https:\/\/www.toyotomi.eu\/no\/produkt\/zibro-rc-32\/"]}]},{"@type":"ImageObject","inLanguage":"nb-NO","@id":"https:\/\/www.toyotomi.eu\/no\/produkt\/zibro-rc-32\/#primaryimage","url":"https:\/\/www.toyotomi.eu\/wp-content\/uploads\/2020\/07\/Zibro-heater-RC-32.jpg","contentUrl":"https:\/\/www.toyotomi.eu\/wp-content\/uploads\/2020\/07\/Zibro-heater-RC-32.jpg","width":1000,"height":1000,"caption":"Compact electric heater ideal for home or office use, offering quick warmth and safety."},{"@type":"BreadcrumbList","@id":"https:\/\/www.toyotomi.eu\/no\/produkt\/zibro-rc-32\/#breadcrumb","itemListElement":[{"@type":"ListItem","position":1,"name":"Hjem","item":"https:\/\/www.toyotomi.eu\/no\/"},{"@type":"ListItem","position":2,"name":"Alle produkter","item":"https:\/\/www.toyotomi.eu\/no\/alle-produkter\/"},{"@type":"ListItem","position":3,"name":"Zibro RC-32"}]},{"@type":"WebSite","@id":"https:\/\/www.toyotomi.eu\/no\/#website","url":"https:\/\/www.toyotomi.eu\/no\/","name":"Toyotomi","description":"","publisher":{"@id":"https:\/\/www.toyotomi.eu\/no\/#organization"},"potentialAction":[{"@type":"SearchAction","target":{"@type":"EntryPoint","urlTemplate":"https:\/\/www.toyotomi.eu\/no\/?s={search_term_string}"},"query-input":{"@type":"PropertyValueSpecification","valueRequired":true,"valueName":"search_term_string"}}],"inLanguage":"nb-NO"},{"@type":"Organization","@id":"https:\/\/www.toyotomi.eu\/no\/#organization","name":"Toyotomi Europe Sales B.V.","alternateName":"Toyotomi","url":"https:\/\/www.toyotomi.eu\/no\/","logo":{"@type":"ImageObject","inLanguage":"nb-NO","@id":"https:\/\/www.toyotomi.eu\/no\/#\/schema\/logo\/image\/","url":"https:\/\/www.toyotomi.eu\/wp-content\/uploads\/2025\/10\/logo.png","contentUrl":"https:\/\/www.toyotomi.eu\/wp-content\/uploads\/2025\/10\/logo.png","width":1360,"height":304,"caption":"Toyotomi Europe Sales B.V."},"image":{"@id":"https:\/\/www.toyotomi.eu\/no\/#\/schema\/logo\/image\/"}}]}},"_links":{"self":[{"href":"https:\/\/www.toyotomi.eu\/no\/wp-json\/wp\/v2\/product\/51459","targetHints":{"allow":["GET"]}}],"collection":[{"href":"https:\/\/www.toyotomi.eu\/no\/wp-json\/wp\/v2\/product"}],"about":[{"href":"https:\/\/www.toyotomi.eu\/no\/wp-json\/wp\/v2\/types\/product"}],"wp:featuredmedia":[{"embeddable":true,"href":"https:\/\/www.toyotomi.eu\/no\/wp-json\/wp\/v2\/media\/51462"}],"wp:attachment":[{"href":"https:\/\/www.toyotomi.eu\/no\/wp-json\/wp\/v2\/media?parent=51459"}],"wp:term":[{"taxonomy":"product_brand","embeddable":true,"href":"https:\/\/www.toyotomi.eu\/no\/wp-json\/wp\/v2\/product_brand?post=51459"},{"taxonomy":"product_cat","embeddable":true,"href":"https:\/\/www.toyotomi.eu\/no\/wp-json\/wp\/v2\/product_cat?post=51459"},{"taxonomy":"product_tag","embeddable":true,"href":"https:\/\/www.toyotomi.eu\/no\/wp-json\/wp\/v2\/product_tag?post=51459"}],"curies":[{"name":"wp","href":"https:\/\/api.w.org\/{rel}","templated":true}]}}