{"id":51450,"date":"2025-01-01T02:01:27","date_gmt":"2025-01-01T01:01:27","guid":{"rendered":"https:\/\/www.toyotomi.eu\/product\/toyotomi-lc-2130\/"},"modified":"2025-01-01T01:01:27","modified_gmt":"2025-01-01T01:01:27","slug":"toyotomi-lc-2130","status":"publish","type":"product","link":"https:\/\/www.toyotomi.eu\/no\/produkt\/toyotomi-lc-2130\/","title":{"rendered":"Toyotomi LC-2130"},"content":{"rendered":"","protected":false},"excerpt":{"rendered":"<p>Toyotomi Laser Clean Heater LC-2130 har den nyeste 3,00 kW elektroniske brenneren og leverer ren, effektiv og \u00f8konomisk varme. Varmeapparatet krever ingen installasjon, det trenger bare \u00e5 kobles til en stikkontakt. Den er enkel \u00e5 betjene og kan varme opp rom opp til 120 m\u00b3. Med et str\u00f8mforbruk p\u00e5 bare 13 watt under drift, representerer LC-2130 en sikker, sv\u00e6rt effektiv og \u00f8konomisk r\u00f8ykl\u00f8s varmel\u00f8sning.   <\/p>\n<p><strong>SKU:<\/strong> LC-2130<br \/>\n<strong>EAN:<\/strong> 4963505732769<\/p>\n","protected":false},"featured_media":53165,"template":"","meta":{"_acf_changed":false,"_eb_attr":""},"product_brand":[],"product_cat":[7095],"product_tag":[],"class_list":{"0":"post-51450","1":"product","2":"type-product","3":"status-publish","4":"has-post-thumbnail","6":"product_cat-laser-varmeapparater","8":"first","9":"instock","10":"taxable","11":"shipping-taxable","12":"product-type-simple"},"acf":[],"yoast_head":"<!-- This site is optimized with the Yoast SEO plugin v27.5 - https:\/\/yoast.com\/product\/yoast-seo-wordpress\/ -->\n<title>Toyotomi LC-2130 - Toyotomi<\/title>\n<meta name=\"robots\" content=\"index, follow, max-snippet:-1, max-image-preview:large, max-video-preview:-1\" \/>\n<link rel=\"canonical\" href=\"https:\/\/www.toyotomi.eu\/no\/produkt\/toyotomi-lc-2130\/\" \/>\n<meta property=\"og:locale\" content=\"nb_NO\" \/>\n<meta property=\"og:type\" content=\"article\" \/>\n<meta property=\"og:title\" content=\"Toyotomi LC-2130 - Toyotomi\" \/>\n<meta property=\"og:description\" content=\"Toyotomi Laser Clean Heater LC-2130 har den nyeste 3,00 kW elektroniske brenneren og leverer ren, effektiv og \u00f8konomisk varme. Varmeapparatet krever ingen installasjon, det trenger bare \u00e5 kobles til en stikkontakt. Den er enkel \u00e5 betjene og kan varme opp rom opp til 120 m\u00b3. Med et str\u00f8mforbruk p\u00e5 bare 13 watt under drift, representerer LC-2130 en sikker, sv\u00e6rt effektiv og \u00f8konomisk r\u00f8ykl\u00f8s varmel\u00f8sning.   SKU: LC-2130 EAN: 4963505732769\" \/>\n<meta property=\"og:url\" content=\"https:\/\/www.toyotomi.eu\/no\/produkt\/toyotomi-lc-2130\/\" \/>\n<meta property=\"og:site_name\" content=\"Toyotomi\" \/>\n<meta property=\"og:image\" content=\"https:\/\/www.toyotomi.eu\/wp-content\/uploads\/2024\/01\/LC-32GF-TE2S.jpg\" \/>\n\t<meta property=\"og:image:width\" content=\"710\" \/>\n\t<meta property=\"og:image:height\" content=\"850\" \/>\n\t<meta property=\"og:image:type\" content=\"image\/jpeg\" \/>\n<meta name=\"twitter:card\" content=\"summary_large_image\" \/>\n<script type=\"application\/ld+json\" class=\"yoast-schema-graph\">{\"@context\":\"https:\\\/\\\/schema.org\",\"@graph\":[{\"@type\":\"WebPage\",\"@id\":\"https:\\\/\\\/www.toyotomi.eu\\\/no\\\/produkt\\\/toyotomi-lc-2130\\\/\",\"url\":\"https:\\\/\\\/www.toyotomi.eu\\\/no\\\/produkt\\\/toyotomi-lc-2130\\\/\",\"name\":\"Toyotomi LC-2130 - Toyotomi\",\"isPartOf\":{\"@id\":\"https:\\\/\\\/www.toyotomi.eu\\\/no\\\/#website\"},\"primaryImageOfPage\":{\"@id\":\"https:\\\/\\\/www.toyotomi.eu\\\/no\\\/produkt\\\/toyotomi-lc-2130\\\/#primaryimage\"},\"image\":{\"@id\":\"https:\\\/\\\/www.toyotomi.eu\\\/no\\\/produkt\\\/toyotomi-lc-2130\\\/#primaryimage\"},\"thumbnailUrl\":\"https:\\\/\\\/www.toyotomi.eu\\\/wp-content\\\/uploads\\\/2022\\\/11\\\/LC-32GF-TE2S.jpg\",\"datePublished\":\"2025-01-01T01:01:27+00:00\",\"breadcrumb\":{\"@id\":\"https:\\\/\\\/www.toyotomi.eu\\\/no\\\/produkt\\\/toyotomi-lc-2130\\\/#breadcrumb\"},\"inLanguage\":\"nb-NO\",\"potentialAction\":[{\"@type\":\"ReadAction\",\"target\":[\"https:\\\/\\\/www.toyotomi.eu\\\/no\\\/produkt\\\/toyotomi-lc-2130\\\/\"]}]},{\"@type\":\"ImageObject\",\"inLanguage\":\"nb-NO\",\"@id\":\"https:\\\/\\\/www.toyotomi.eu\\\/no\\\/produkt\\\/toyotomi-lc-2130\\\/#primaryimage\",\"url\":\"https:\\\/\\\/www.toyotomi.eu\\\/wp-content\\\/uploads\\\/2022\\\/11\\\/LC-32GF-TE2S.jpg\",\"contentUrl\":\"https:\\\/\\\/www.toyotomi.eu\\\/wp-content\\\/uploads\\\/2022\\\/11\\\/LC-32GF-TE2S.jpg\",\"width\":710,\"height\":850},{\"@type\":\"BreadcrumbList\",\"@id\":\"https:\\\/\\\/www.toyotomi.eu\\\/no\\\/produkt\\\/toyotomi-lc-2130\\\/#breadcrumb\",\"itemListElement\":[{\"@type\":\"ListItem\",\"position\":1,\"name\":\"Hjem\",\"item\":\"https:\\\/\\\/www.toyotomi.eu\\\/no\\\/\"},{\"@type\":\"ListItem\",\"position\":2,\"name\":\"Alle produkter\",\"item\":\"https:\\\/\\\/www.toyotomi.eu\\\/no\\\/alle-produkter\\\/\"},{\"@type\":\"ListItem\",\"position\":3,\"name\":\"Toyotomi LC-2130\"}]},{\"@type\":\"WebSite\",\"@id\":\"https:\\\/\\\/www.toyotomi.eu\\\/no\\\/#website\",\"url\":\"https:\\\/\\\/www.toyotomi.eu\\\/no\\\/\",\"name\":\"Toyotomi\",\"description\":\"\",\"publisher\":{\"@id\":\"https:\\\/\\\/www.toyotomi.eu\\\/no\\\/#organization\"},\"potentialAction\":[{\"@type\":\"SearchAction\",\"target\":{\"@type\":\"EntryPoint\",\"urlTemplate\":\"https:\\\/\\\/www.toyotomi.eu\\\/no\\\/?s={search_term_string}\"},\"query-input\":{\"@type\":\"PropertyValueSpecification\",\"valueRequired\":true,\"valueName\":\"search_term_string\"}}],\"inLanguage\":\"nb-NO\"},{\"@type\":\"Organization\",\"@id\":\"https:\\\/\\\/www.toyotomi.eu\\\/no\\\/#organization\",\"name\":\"Toyotomi Europe Sales B.V.\",\"alternateName\":\"Toyotomi\",\"url\":\"https:\\\/\\\/www.toyotomi.eu\\\/no\\\/\",\"logo\":{\"@type\":\"ImageObject\",\"inLanguage\":\"nb-NO\",\"@id\":\"https:\\\/\\\/www.toyotomi.eu\\\/no\\\/#\\\/schema\\\/logo\\\/image\\\/\",\"url\":\"https:\\\/\\\/www.toyotomi.eu\\\/wp-content\\\/uploads\\\/2025\\\/10\\\/logo.png\",\"contentUrl\":\"https:\\\/\\\/www.toyotomi.eu\\\/wp-content\\\/uploads\\\/2025\\\/10\\\/logo.png\",\"width\":1360,\"height\":304,\"caption\":\"Toyotomi Europe Sales B.V.\"},\"image\":{\"@id\":\"https:\\\/\\\/www.toyotomi.eu\\\/no\\\/#\\\/schema\\\/logo\\\/image\\\/\"}}]}<\/script>\n<!-- \/ Yoast SEO plugin. -->","yoast_head_json":{"title":"Toyotomi LC-2130 - Toyotomi","robots":{"index":"index","follow":"follow","max-snippet":"max-snippet:-1","max-image-preview":"max-image-preview:large","max-video-preview":"max-video-preview:-1"},"canonical":"https:\/\/www.toyotomi.eu\/no\/produkt\/toyotomi-lc-2130\/","og_locale":"nb_NO","og_type":"article","og_title":"Toyotomi LC-2130 - Toyotomi","og_description":"Toyotomi Laser Clean Heater LC-2130 har den nyeste 3,00 kW elektroniske brenneren og leverer ren, effektiv og \u00f8konomisk varme. Varmeapparatet krever ingen installasjon, det trenger bare \u00e5 kobles til en stikkontakt. Den er enkel \u00e5 betjene og kan varme opp rom opp til 120 m\u00b3. Med et str\u00f8mforbruk p\u00e5 bare 13 watt under drift, representerer LC-2130 en sikker, sv\u00e6rt effektiv og \u00f8konomisk r\u00f8ykl\u00f8s varmel\u00f8sning.   SKU: LC-2130 EAN: 4963505732769","og_url":"https:\/\/www.toyotomi.eu\/no\/produkt\/toyotomi-lc-2130\/","og_site_name":"Toyotomi","og_image":[{"width":710,"height":850,"url":"https:\/\/www.toyotomi.eu\/wp-content\/uploads\/2024\/01\/LC-32GF-TE2S.jpg","type":"image\/jpeg"}],"twitter_card":"summary_large_image","schema":{"@context":"https:\/\/schema.org","@graph":[{"@type":"WebPage","@id":"https:\/\/www.toyotomi.eu\/no\/produkt\/toyotomi-lc-2130\/","url":"https:\/\/www.toyotomi.eu\/no\/produkt\/toyotomi-lc-2130\/","name":"Toyotomi LC-2130 - Toyotomi","isPartOf":{"@id":"https:\/\/www.toyotomi.eu\/no\/#website"},"primaryImageOfPage":{"@id":"https:\/\/www.toyotomi.eu\/no\/produkt\/toyotomi-lc-2130\/#primaryimage"},"image":{"@id":"https:\/\/www.toyotomi.eu\/no\/produkt\/toyotomi-lc-2130\/#primaryimage"},"thumbnailUrl":"https:\/\/www.toyotomi.eu\/wp-content\/uploads\/2022\/11\/LC-32GF-TE2S.jpg","datePublished":"2025-01-01T01:01:27+00:00","breadcrumb":{"@id":"https:\/\/www.toyotomi.eu\/no\/produkt\/toyotomi-lc-2130\/#breadcrumb"},"inLanguage":"nb-NO","potentialAction":[{"@type":"ReadAction","target":["https:\/\/www.toyotomi.eu\/no\/produkt\/toyotomi-lc-2130\/"]}]},{"@type":"ImageObject","inLanguage":"nb-NO","@id":"https:\/\/www.toyotomi.eu\/no\/produkt\/toyotomi-lc-2130\/#primaryimage","url":"https:\/\/www.toyotomi.eu\/wp-content\/uploads\/2022\/11\/LC-32GF-TE2S.jpg","contentUrl":"https:\/\/www.toyotomi.eu\/wp-content\/uploads\/2022\/11\/LC-32GF-TE2S.jpg","width":710,"height":850},{"@type":"BreadcrumbList","@id":"https:\/\/www.toyotomi.eu\/no\/produkt\/toyotomi-lc-2130\/#breadcrumb","itemListElement":[{"@type":"ListItem","position":1,"name":"Hjem","item":"https:\/\/www.toyotomi.eu\/no\/"},{"@type":"ListItem","position":2,"name":"Alle produkter","item":"https:\/\/www.toyotomi.eu\/no\/alle-produkter\/"},{"@type":"ListItem","position":3,"name":"Toyotomi LC-2130"}]},{"@type":"WebSite","@id":"https:\/\/www.toyotomi.eu\/no\/#website","url":"https:\/\/www.toyotomi.eu\/no\/","name":"Toyotomi","description":"","publisher":{"@id":"https:\/\/www.toyotomi.eu\/no\/#organization"},"potentialAction":[{"@type":"SearchAction","target":{"@type":"EntryPoint","urlTemplate":"https:\/\/www.toyotomi.eu\/no\/?s={search_term_string}"},"query-input":{"@type":"PropertyValueSpecification","valueRequired":true,"valueName":"search_term_string"}}],"inLanguage":"nb-NO"},{"@type":"Organization","@id":"https:\/\/www.toyotomi.eu\/no\/#organization","name":"Toyotomi Europe Sales B.V.","alternateName":"Toyotomi","url":"https:\/\/www.toyotomi.eu\/no\/","logo":{"@type":"ImageObject","inLanguage":"nb-NO","@id":"https:\/\/www.toyotomi.eu\/no\/#\/schema\/logo\/image\/","url":"https:\/\/www.toyotomi.eu\/wp-content\/uploads\/2025\/10\/logo.png","contentUrl":"https:\/\/www.toyotomi.eu\/wp-content\/uploads\/2025\/10\/logo.png","width":1360,"height":304,"caption":"Toyotomi Europe Sales B.V."},"image":{"@id":"https:\/\/www.toyotomi.eu\/no\/#\/schema\/logo\/image\/"}}]}},"_links":{"self":[{"href":"https:\/\/www.toyotomi.eu\/no\/wp-json\/wp\/v2\/product\/51450","targetHints":{"allow":["GET"]}}],"collection":[{"href":"https:\/\/www.toyotomi.eu\/no\/wp-json\/wp\/v2\/product"}],"about":[{"href":"https:\/\/www.toyotomi.eu\/no\/wp-json\/wp\/v2\/types\/product"}],"wp:featuredmedia":[{"embeddable":true,"href":"https:\/\/www.toyotomi.eu\/no\/wp-json\/wp\/v2\/media\/53165"}],"wp:attachment":[{"href":"https:\/\/www.toyotomi.eu\/no\/wp-json\/wp\/v2\/media?parent=51450"}],"wp:term":[{"taxonomy":"product_brand","embeddable":true,"href":"https:\/\/www.toyotomi.eu\/no\/wp-json\/wp\/v2\/product_brand?post=51450"},{"taxonomy":"product_cat","embeddable":true,"href":"https:\/\/www.toyotomi.eu\/no\/wp-json\/wp\/v2\/product_cat?post=51450"},{"taxonomy":"product_tag","embeddable":true,"href":"https:\/\/www.toyotomi.eu\/no\/wp-json\/wp\/v2\/product_tag?post=51450"}],"curies":[{"name":"wp","href":"https:\/\/api.w.org\/{rel}","templated":true}]}}