{"id":51330,"date":"2025-01-01T02:01:00","date_gmt":"2025-01-01T01:01:00","guid":{"rendered":"https:\/\/www.toyotomi.eu\/product\/gear-mission-rrg-ge2\/"},"modified":"2025-12-08T12:59:49","modified_gmt":"2025-12-08T12:59:49","slug":"gear-mission-rrg-ge2","status":"publish","type":"product","link":"https:\/\/www.toyotomi.eu\/no\/produkt\/gear-mission-rrg-ge2\/","title":{"rendered":"GEAR MISSION RRG-GE2"},"content":{"rendered":"\n<div class=\"wp-block-essential-blocks-wrapper alignfull  root-eb-wrapper-8eqic\"><div class=\"eb-parent-wrapper eb-parent-eb-wrapper-8eqic \"><div class=\"eb-wrapper-outer eb-wrapper-8eqic\"><div class=\"eb-wrapper-inner\"><div class=\"eb-wrapper-inner-blocks eb-wrapper-align-center\">\n<div class=\"wp-block-essential-blocks-row alignfull  root-eb-row-69nlq\"><div class=\"eb-parent-wrapper eb-parent-eb-row-69nlq \"><div class=\"eb-row-root-container eb-row-69nlq\" data-id=\"eb-row-69nlq\"><div class=\"eb-row-wrapper\"><div class=\"eb-row-inner\">\n<div class=\"wp-block-essential-blocks-column  root-eb-column-4o7fv\"><div class=\"eb-parent-wrapper eb-parent-eb-column-4o7fv \"><div class=\"eb-column-wrapper eb-column-4o7fv\"><div class=\"eb-column-inner\">\n<h2 class=\"wp-block-heading has-text-align-center has-x-large-font-size\">Laget for \u00e5 utfylle varmeapparatet ditt<\/h2>\n\n\n\n<p class=\"has-text-align-center\">GEAR MISSION RRG-GE2-vesken er laget for \u00e5 utfylle ditt GEAR MISSION-varmeapparat, med et robust design og en perfekt passform for dedikerte GEAR MISSION-varmere. Den er laget for \u00e5 forbedre opplevelsen din ytterligere.<\/p>\n<\/div><\/div><\/div><\/div>\n<\/div><\/div><\/div><\/div><\/div>\n<\/div><\/div><\/div><\/div><\/div>\n\n<div class=\"wp-block-cover\" style=\"border-radius:10px;min-height:600px;aspect-ratio:unset;\"><img loading=\"lazy\" decoding=\"async\" width=\"1920\" height=\"1200\" src=\"https:\/\/www.toyotomi.eu\/wp-content\/uploads\/2025\/05\/GEAR-MISSION-bag.jpg\" class=\"wp-block-cover__image-background wp-image-28641 size-full\" alt=\"Durable olive-green travel gear bag with &quot;Gear Mission&quot; patch, ideal for outdoor activities and excursions.\" data-object-fit=\"cover\" srcset=\"https:\/\/www.toyotomi.eu\/wp-content\/uploads\/2025\/05\/GEAR-MISSION-bag.jpg 1920w, https:\/\/www.toyotomi.eu\/wp-content\/uploads\/2025\/05\/GEAR-MISSION-bag-300x188.jpg 300w, https:\/\/www.toyotomi.eu\/wp-content\/uploads\/2025\/05\/GEAR-MISSION-bag-1024x640.jpg 1024w, https:\/\/www.toyotomi.eu\/wp-content\/uploads\/2025\/05\/GEAR-MISSION-bag-768x480.jpg 768w, https:\/\/www.toyotomi.eu\/wp-content\/uploads\/2025\/05\/GEAR-MISSION-bag-1536x960.jpg 1536w, https:\/\/www.toyotomi.eu\/wp-content\/uploads\/2025\/05\/GEAR-MISSION-bag-990x619.jpg 990w, https:\/\/www.toyotomi.eu\/wp-content\/uploads\/2025\/05\/GEAR-MISSION-bag-441x276.jpg 441w, https:\/\/www.toyotomi.eu\/wp-content\/uploads\/2025\/05\/GEAR-MISSION-bag-150x94.jpg 150w\" sizes=\"auto, (max-width: 1920px) 100vw, 1920px\" \/> <span aria-hidden=\"true\" class=\"wp-block-cover__background has-background-dim-0 has-background-dim\" style=\"background-color:#666665\"><\/span><div class=\"wp-block-cover__inner-container has-global-padding is-layout-constrained wp-block-cover-is-layout-constrained\">\n<p class=\"has-text-align-center has-large-font-size\"><\/p>\n<\/div><\/div>\n\n<div style=\"height:80px\" aria-hidden=\"true\" class=\"wp-block-spacer\"><\/div>\n\n<div class=\"wp-block-essential-blocks-wrapper alignfull  root-eb-wrapper-7pfz9\"><div class=\"eb-parent-wrapper eb-parent-eb-wrapper-7pfz9 \"><div class=\"eb-wrapper-outer eb-wrapper-7pfz9\"><div class=\"eb-wrapper-inner\"><div class=\"eb-wrapper-inner-blocks eb-wrapper-align-center\">\n<div class=\"wp-block-essential-blocks-row alignfull  root-eb-row-yr2ak\"><div class=\"eb-parent-wrapper eb-parent-eb-row-yr2ak \"><div class=\"eb-row-root-container eb-row-yr2ak\" data-id=\"eb-row-yr2ak\"><div class=\"eb-row-wrapper\"><div class=\"eb-row-inner\">\n<div class=\"wp-block-essential-blocks-column  root-eb-column-a6cmm\"><div class=\"eb-parent-wrapper eb-parent-eb-column-a6cmm \"><div class=\"eb-column-wrapper eb-column-a6cmm\"><div class=\"eb-column-inner\">\n<h2 class=\"wp-block-heading has-text-align-center has-x-large-font-size\">Dobbel bruk<\/h2>\n\n\n\n<p class=\"has-text-align-center\">GEAR MISSION-vesken er designet for \u00e5 passe perfekt til din RR-GE25 og RR-GER25. Den har et h\u00e5ndtak p\u00e5 begge sider, noe som gj\u00f8r den enkel \u00e5 b\u00e6re, samt p\u00e5 toppen av vesken. Vesken er ogs\u00e5 perfekt for \u00e5 oppbevare varmeapparatet ditt i lavsesongen, og hindrer det i \u00e5 samle st\u00f8v eller bli ripet.  <br\/><\/p>\n<\/div><\/div><\/div><\/div>\n<\/div><\/div><\/div><\/div><\/div>\n<\/div><\/div><\/div><\/div><\/div>\n\n<div class=\"wp-block-essential-blocks-wrapper alignfull  root-eb-wrapper-0hlqi\"><div class=\"eb-parent-wrapper eb-parent-eb-wrapper-0hlqi \"><div class=\"eb-wrapper-outer eb-wrapper-0hlqi\"><div class=\"eb-wrapper-inner\"><div class=\"eb-wrapper-inner-blocks eb-wrapper-align-center\">\n<div class=\"wp-block-essential-blocks-row alignfull  root-eb-row-7a9p1\"><div class=\"eb-parent-wrapper eb-parent-eb-row-7a9p1 \"><div class=\"eb-row-root-container eb-row-7a9p1\" data-id=\"eb-row-7a9p1\"><div class=\"eb-row-wrapper\"><div class=\"eb-row-inner\">\n<div class=\"wp-block-essential-blocks-column  root-eb-column-zoe66\"><div class=\"eb-parent-wrapper eb-parent-eb-column-zoe66 \"><div class=\"eb-column-wrapper eb-column-zoe66\"><div class=\"eb-column-inner\">\n<div class=\"wp-block-cover\" style=\"border-radius:10px;min-height:600px;aspect-ratio:unset;\"><img loading=\"lazy\" decoding=\"async\" width=\"1920\" height=\"1200\" src=\"https:\/\/www.toyotomi.eu\/wp-content\/uploads\/2025\/05\/GEAR-MISSION-bag-carry.jpg\" class=\"wp-block-cover__image-background wp-image-28644 size-full\" alt=\"Versatile green backpack with black zippers, ideal for travel, hiking, and daily use.\" style=\"object-position:30% 50%\" data-object-fit=\"cover\" data-object-position=\"30% 50%\" srcset=\"https:\/\/www.toyotomi.eu\/wp-content\/uploads\/2025\/05\/GEAR-MISSION-bag-carry.jpg 1920w, https:\/\/www.toyotomi.eu\/wp-content\/uploads\/2025\/05\/GEAR-MISSION-bag-carry-300x188.jpg 300w, https:\/\/www.toyotomi.eu\/wp-content\/uploads\/2025\/05\/GEAR-MISSION-bag-carry-1024x640.jpg 1024w, https:\/\/www.toyotomi.eu\/wp-content\/uploads\/2025\/05\/GEAR-MISSION-bag-carry-768x480.jpg 768w, https:\/\/www.toyotomi.eu\/wp-content\/uploads\/2025\/05\/GEAR-MISSION-bag-carry-1536x960.jpg 1536w, https:\/\/www.toyotomi.eu\/wp-content\/uploads\/2025\/05\/GEAR-MISSION-bag-carry-990x619.jpg 990w, https:\/\/www.toyotomi.eu\/wp-content\/uploads\/2025\/05\/GEAR-MISSION-bag-carry-441x276.jpg 441w, https:\/\/www.toyotomi.eu\/wp-content\/uploads\/2025\/05\/GEAR-MISSION-bag-carry-150x94.jpg 150w\" sizes=\"auto, (max-width: 1920px) 100vw, 1920px\" \/> <span aria-hidden=\"true\" class=\"wp-block-cover__background has-background-dim-0 has-background-dim\" style=\"background-color:#646363\"><\/span><div class=\"wp-block-cover__inner-container has-global-padding is-layout-constrained wp-block-cover-is-layout-constrained\">\n<p class=\"has-text-align-center has-large-font-size\"><\/p>\n<\/div><\/div>\n<\/div><\/div><\/div><\/div>\n\n\n\n<div class=\"wp-block-essential-blocks-column  root-eb-column-p0pvi\"><div class=\"eb-parent-wrapper eb-parent-eb-column-p0pvi \"><div class=\"eb-column-wrapper eb-column-p0pvi\"><div class=\"eb-column-inner\">\n<div class=\"wp-block-cover\" style=\"border-radius:10px;min-height:600px;aspect-ratio:unset;\"><img loading=\"lazy\" decoding=\"async\" width=\"1920\" height=\"1200\" class=\"wp-block-cover__image-background wp-image-28645 size-full\" alt=\"Open Toyotomi GEAR MISSION bag showing a round paraffin GEAR MISSION heater inside ready for storage or transport.\" src=\"https:\/\/www.toyotomi.eu\/wp-content\/uploads\/2025\/05\/GEAR-MISSION-bag-storage.jpg\" data-object-fit=\"cover\" srcset=\"https:\/\/www.toyotomi.eu\/wp-content\/uploads\/2025\/05\/GEAR-MISSION-bag-storage.jpg 1920w, https:\/\/www.toyotomi.eu\/wp-content\/uploads\/2025\/05\/GEAR-MISSION-bag-storage-300x188.jpg 300w, https:\/\/www.toyotomi.eu\/wp-content\/uploads\/2025\/05\/GEAR-MISSION-bag-storage-1024x640.jpg 1024w, https:\/\/www.toyotomi.eu\/wp-content\/uploads\/2025\/05\/GEAR-MISSION-bag-storage-768x480.jpg 768w, https:\/\/www.toyotomi.eu\/wp-content\/uploads\/2025\/05\/GEAR-MISSION-bag-storage-1536x960.jpg 1536w, https:\/\/www.toyotomi.eu\/wp-content\/uploads\/2025\/05\/GEAR-MISSION-bag-storage-990x619.jpg 990w, https:\/\/www.toyotomi.eu\/wp-content\/uploads\/2025\/05\/GEAR-MISSION-bag-storage-441x276.jpg 441w, https:\/\/www.toyotomi.eu\/wp-content\/uploads\/2025\/05\/GEAR-MISSION-bag-storage-150x94.jpg 150w\" sizes=\"auto, (max-width: 1920px) 100vw, 1920px\" \/><span aria-hidden=\"true\" class=\"wp-block-cover__background has-background-dim-0 has-background-dim\" style=\"background-color:#585858\"><\/span><div class=\"wp-block-cover__inner-container has-global-padding is-layout-constrained wp-block-cover-is-layout-constrained\">\n<p class=\"has-text-align-center has-large-font-size\"><\/p>\n<\/div><\/div>\n<\/div><\/div><\/div><\/div>\n<\/div><\/div><\/div><\/div><\/div>\n<\/div><\/div><\/div><\/div><\/div>\n","protected":false},"excerpt":{"rendered":"<p>GEAR MISSION b\u00e6reveske RRG-GE2 er laget for \u00e5 h\u00e5ndtere GEAR MISSION-ovnen din enklere og mer effektivt. Brukes til \u00e5 b\u00e6re ovnen din hvor som helst eller oppbevare den i lavsesongen. Designet kun for <b><a href=\"https:\/\/www.toyotomi.eu\/da\/vare\/gear-mission-rr-ger25t\/\">RR-GER25(T)<\/a><\/b> og <b><a href=\"https:\/\/www.toyotomi.eu\/da\/vare\/gear-mission-rr-ger25g\/\">RR-GER25(G)<\/a><\/b>.  <\/p>\n<p><strong>Varenummer:<\/strong> RRG-GE2<br \/>\n<strong>EAN:<\/strong> <\/p>\n","protected":false},"featured_media":51340,"template":"","meta":{"_acf_changed":false,"_eb_attr":""},"product_brand":[],"product_cat":[7131,7439],"product_tag":[],"class_list":{"0":"post-51330","1":"product","2":"type-product","3":"status-publish","4":"has-post-thumbnail","6":"product_cat-gear-mission-no","7":"product_cat-tilbehor","9":"first","10":"instock","11":"taxable","12":"shipping-taxable","13":"product-type-simple"},"acf":[],"yoast_head":"<!-- This site is optimized with the Yoast SEO plugin v27.4 - https:\/\/yoast.com\/product\/yoast-seo-wordpress\/ -->\n<title>GEAR MISSION RRG-GE2 - Toyotomi<\/title>\n<meta name=\"robots\" content=\"index, follow, max-snippet:-1, max-image-preview:large, max-video-preview:-1\" \/>\n<link rel=\"canonical\" href=\"https:\/\/www.toyotomi.eu\/no\/produkt\/gear-mission-rrg-ge2\/\" \/>\n<meta property=\"og:locale\" content=\"nb_NO\" \/>\n<meta property=\"og:type\" content=\"article\" \/>\n<meta property=\"og:title\" content=\"GEAR MISSION RRG-GE2 - Toyotomi\" \/>\n<meta property=\"og:description\" content=\"GEAR MISSION b\u00e6reveske RRG-GE2 er laget for \u00e5 h\u00e5ndtere GEAR MISSION-ovnen din enklere og mer effektivt. Brukes til \u00e5 b\u00e6re ovnen din hvor som helst eller oppbevare den i lavsesongen. Designet kun for RR-GER25(T) og RR-GER25(G).  Varenummer: RRG-GE2 EAN:\" \/>\n<meta property=\"og:url\" content=\"https:\/\/www.toyotomi.eu\/no\/produkt\/gear-mission-rrg-ge2\/\" \/>\n<meta property=\"og:site_name\" content=\"Toyotomi\" \/>\n<meta property=\"article:modified_time\" content=\"2025-12-08T12:59:49+00:00\" \/>\n<meta property=\"og:image\" content=\"https:\/\/www.toyotomi.eu\/wp-content\/uploads\/2025\/05\/RRG-GE2.jpg\" \/>\n\t<meta property=\"og:image:width\" content=\"1754\" \/>\n\t<meta property=\"og:image:height\" content=\"1920\" \/>\n\t<meta property=\"og:image:type\" content=\"image\/jpeg\" \/>\n<meta name=\"twitter:card\" content=\"summary_large_image\" \/>\n<script type=\"application\/ld+json\" class=\"yoast-schema-graph\">{\"@context\":\"https:\\\/\\\/schema.org\",\"@graph\":[{\"@type\":\"WebPage\",\"@id\":\"https:\\\/\\\/www.toyotomi.eu\\\/no\\\/produkt\\\/gear-mission-rrg-ge2\\\/\",\"url\":\"https:\\\/\\\/www.toyotomi.eu\\\/no\\\/produkt\\\/gear-mission-rrg-ge2\\\/\",\"name\":\"GEAR MISSION RRG-GE2 - Toyotomi\",\"isPartOf\":{\"@id\":\"https:\\\/\\\/www.toyotomi.eu\\\/no\\\/#website\"},\"primaryImageOfPage\":{\"@id\":\"https:\\\/\\\/www.toyotomi.eu\\\/no\\\/produkt\\\/gear-mission-rrg-ge2\\\/#primaryimage\"},\"image\":{\"@id\":\"https:\\\/\\\/www.toyotomi.eu\\\/no\\\/produkt\\\/gear-mission-rrg-ge2\\\/#primaryimage\"},\"thumbnailUrl\":\"https:\\\/\\\/www.toyotomi.eu\\\/wp-content\\\/uploads\\\/2025\\\/05\\\/RRG-GE2.jpg\",\"datePublished\":\"2025-01-01T01:01:00+00:00\",\"dateModified\":\"2025-12-08T12:59:49+00:00\",\"breadcrumb\":{\"@id\":\"https:\\\/\\\/www.toyotomi.eu\\\/no\\\/produkt\\\/gear-mission-rrg-ge2\\\/#breadcrumb\"},\"inLanguage\":\"nb-NO\",\"potentialAction\":[{\"@type\":\"ReadAction\",\"target\":[\"https:\\\/\\\/www.toyotomi.eu\\\/no\\\/produkt\\\/gear-mission-rrg-ge2\\\/\"]}]},{\"@type\":\"ImageObject\",\"inLanguage\":\"nb-NO\",\"@id\":\"https:\\\/\\\/www.toyotomi.eu\\\/no\\\/produkt\\\/gear-mission-rrg-ge2\\\/#primaryimage\",\"url\":\"https:\\\/\\\/www.toyotomi.eu\\\/wp-content\\\/uploads\\\/2025\\\/05\\\/RRG-GE2.jpg\",\"contentUrl\":\"https:\\\/\\\/www.toyotomi.eu\\\/wp-content\\\/uploads\\\/2025\\\/05\\\/RRG-GE2.jpg\",\"width\":1754,\"height\":1920,\"caption\":\"Versatile Toyotomi gear mission backpack ideal for hiking, camping, and outdoor activities, featuring ergonomic design.\"},{\"@type\":\"BreadcrumbList\",\"@id\":\"https:\\\/\\\/www.toyotomi.eu\\\/no\\\/produkt\\\/gear-mission-rrg-ge2\\\/#breadcrumb\",\"itemListElement\":[{\"@type\":\"ListItem\",\"position\":1,\"name\":\"Hjem\",\"item\":\"https:\\\/\\\/www.toyotomi.eu\\\/no\\\/\"},{\"@type\":\"ListItem\",\"position\":2,\"name\":\"Alle produkter\",\"item\":\"https:\\\/\\\/www.toyotomi.eu\\\/no\\\/alle-produkter\\\/\"},{\"@type\":\"ListItem\",\"position\":3,\"name\":\"GEAR MISSION RRG-GE2\"}]},{\"@type\":\"WebSite\",\"@id\":\"https:\\\/\\\/www.toyotomi.eu\\\/no\\\/#website\",\"url\":\"https:\\\/\\\/www.toyotomi.eu\\\/no\\\/\",\"name\":\"Toyotomi\",\"description\":\"\",\"publisher\":{\"@id\":\"https:\\\/\\\/www.toyotomi.eu\\\/no\\\/#organization\"},\"potentialAction\":[{\"@type\":\"SearchAction\",\"target\":{\"@type\":\"EntryPoint\",\"urlTemplate\":\"https:\\\/\\\/www.toyotomi.eu\\\/no\\\/?s={search_term_string}\"},\"query-input\":{\"@type\":\"PropertyValueSpecification\",\"valueRequired\":true,\"valueName\":\"search_term_string\"}}],\"inLanguage\":\"nb-NO\"},{\"@type\":\"Organization\",\"@id\":\"https:\\\/\\\/www.toyotomi.eu\\\/no\\\/#organization\",\"name\":\"Toyotomi Europe Sales B.V.\",\"alternateName\":\"Toyotomi\",\"url\":\"https:\\\/\\\/www.toyotomi.eu\\\/no\\\/\",\"logo\":{\"@type\":\"ImageObject\",\"inLanguage\":\"nb-NO\",\"@id\":\"https:\\\/\\\/www.toyotomi.eu\\\/no\\\/#\\\/schema\\\/logo\\\/image\\\/\",\"url\":\"https:\\\/\\\/www.toyotomi.eu\\\/wp-content\\\/uploads\\\/2025\\\/10\\\/logo.png\",\"contentUrl\":\"https:\\\/\\\/www.toyotomi.eu\\\/wp-content\\\/uploads\\\/2025\\\/10\\\/logo.png\",\"width\":1360,\"height\":304,\"caption\":\"Toyotomi Europe Sales B.V.\"},\"image\":{\"@id\":\"https:\\\/\\\/www.toyotomi.eu\\\/no\\\/#\\\/schema\\\/logo\\\/image\\\/\"}}]}<\/script>\n<!-- \/ Yoast SEO plugin. -->","yoast_head_json":{"title":"GEAR MISSION RRG-GE2 - Toyotomi","robots":{"index":"index","follow":"follow","max-snippet":"max-snippet:-1","max-image-preview":"max-image-preview:large","max-video-preview":"max-video-preview:-1"},"canonical":"https:\/\/www.toyotomi.eu\/no\/produkt\/gear-mission-rrg-ge2\/","og_locale":"nb_NO","og_type":"article","og_title":"GEAR MISSION RRG-GE2 - Toyotomi","og_description":"GEAR MISSION b\u00e6reveske RRG-GE2 er laget for \u00e5 h\u00e5ndtere GEAR MISSION-ovnen din enklere og mer effektivt. Brukes til \u00e5 b\u00e6re ovnen din hvor som helst eller oppbevare den i lavsesongen. Designet kun for RR-GER25(T) og RR-GER25(G).  Varenummer: RRG-GE2 EAN:","og_url":"https:\/\/www.toyotomi.eu\/no\/produkt\/gear-mission-rrg-ge2\/","og_site_name":"Toyotomi","article_modified_time":"2025-12-08T12:59:49+00:00","og_image":[{"width":1754,"height":1920,"url":"https:\/\/www.toyotomi.eu\/wp-content\/uploads\/2025\/05\/RRG-GE2.jpg","type":"image\/jpeg"}],"twitter_card":"summary_large_image","schema":{"@context":"https:\/\/schema.org","@graph":[{"@type":"WebPage","@id":"https:\/\/www.toyotomi.eu\/no\/produkt\/gear-mission-rrg-ge2\/","url":"https:\/\/www.toyotomi.eu\/no\/produkt\/gear-mission-rrg-ge2\/","name":"GEAR MISSION RRG-GE2 - Toyotomi","isPartOf":{"@id":"https:\/\/www.toyotomi.eu\/no\/#website"},"primaryImageOfPage":{"@id":"https:\/\/www.toyotomi.eu\/no\/produkt\/gear-mission-rrg-ge2\/#primaryimage"},"image":{"@id":"https:\/\/www.toyotomi.eu\/no\/produkt\/gear-mission-rrg-ge2\/#primaryimage"},"thumbnailUrl":"https:\/\/www.toyotomi.eu\/wp-content\/uploads\/2025\/05\/RRG-GE2.jpg","datePublished":"2025-01-01T01:01:00+00:00","dateModified":"2025-12-08T12:59:49+00:00","breadcrumb":{"@id":"https:\/\/www.toyotomi.eu\/no\/produkt\/gear-mission-rrg-ge2\/#breadcrumb"},"inLanguage":"nb-NO","potentialAction":[{"@type":"ReadAction","target":["https:\/\/www.toyotomi.eu\/no\/produkt\/gear-mission-rrg-ge2\/"]}]},{"@type":"ImageObject","inLanguage":"nb-NO","@id":"https:\/\/www.toyotomi.eu\/no\/produkt\/gear-mission-rrg-ge2\/#primaryimage","url":"https:\/\/www.toyotomi.eu\/wp-content\/uploads\/2025\/05\/RRG-GE2.jpg","contentUrl":"https:\/\/www.toyotomi.eu\/wp-content\/uploads\/2025\/05\/RRG-GE2.jpg","width":1754,"height":1920,"caption":"Versatile Toyotomi gear mission backpack ideal for hiking, camping, and outdoor activities, featuring ergonomic design."},{"@type":"BreadcrumbList","@id":"https:\/\/www.toyotomi.eu\/no\/produkt\/gear-mission-rrg-ge2\/#breadcrumb","itemListElement":[{"@type":"ListItem","position":1,"name":"Hjem","item":"https:\/\/www.toyotomi.eu\/no\/"},{"@type":"ListItem","position":2,"name":"Alle produkter","item":"https:\/\/www.toyotomi.eu\/no\/alle-produkter\/"},{"@type":"ListItem","position":3,"name":"GEAR MISSION RRG-GE2"}]},{"@type":"WebSite","@id":"https:\/\/www.toyotomi.eu\/no\/#website","url":"https:\/\/www.toyotomi.eu\/no\/","name":"Toyotomi","description":"","publisher":{"@id":"https:\/\/www.toyotomi.eu\/no\/#organization"},"potentialAction":[{"@type":"SearchAction","target":{"@type":"EntryPoint","urlTemplate":"https:\/\/www.toyotomi.eu\/no\/?s={search_term_string}"},"query-input":{"@type":"PropertyValueSpecification","valueRequired":true,"valueName":"search_term_string"}}],"inLanguage":"nb-NO"},{"@type":"Organization","@id":"https:\/\/www.toyotomi.eu\/no\/#organization","name":"Toyotomi Europe Sales B.V.","alternateName":"Toyotomi","url":"https:\/\/www.toyotomi.eu\/no\/","logo":{"@type":"ImageObject","inLanguage":"nb-NO","@id":"https:\/\/www.toyotomi.eu\/no\/#\/schema\/logo\/image\/","url":"https:\/\/www.toyotomi.eu\/wp-content\/uploads\/2025\/10\/logo.png","contentUrl":"https:\/\/www.toyotomi.eu\/wp-content\/uploads\/2025\/10\/logo.png","width":1360,"height":304,"caption":"Toyotomi Europe Sales B.V."},"image":{"@id":"https:\/\/www.toyotomi.eu\/no\/#\/schema\/logo\/image\/"}}]}},"_links":{"self":[{"href":"https:\/\/www.toyotomi.eu\/no\/wp-json\/wp\/v2\/product\/51330","targetHints":{"allow":["GET"]}}],"collection":[{"href":"https:\/\/www.toyotomi.eu\/no\/wp-json\/wp\/v2\/product"}],"about":[{"href":"https:\/\/www.toyotomi.eu\/no\/wp-json\/wp\/v2\/types\/product"}],"wp:featuredmedia":[{"embeddable":true,"href":"https:\/\/www.toyotomi.eu\/no\/wp-json\/wp\/v2\/media\/51340"}],"wp:attachment":[{"href":"https:\/\/www.toyotomi.eu\/no\/wp-json\/wp\/v2\/media?parent=51330"}],"wp:term":[{"taxonomy":"product_brand","embeddable":true,"href":"https:\/\/www.toyotomi.eu\/no\/wp-json\/wp\/v2\/product_brand?post=51330"},{"taxonomy":"product_cat","embeddable":true,"href":"https:\/\/www.toyotomi.eu\/no\/wp-json\/wp\/v2\/product_cat?post=51330"},{"taxonomy":"product_tag","embeddable":true,"href":"https:\/\/www.toyotomi.eu\/no\/wp-json\/wp\/v2\/product_tag?post=51330"}],"curies":[{"name":"wp","href":"https:\/\/api.w.org\/{rel}","templated":true}]}}