{"id":51315,"date":"2025-01-01T02:01:00","date_gmt":"2025-01-01T01:01:00","guid":{"rendered":"https:\/\/www.toyotomi.eu\/product\/gear-mission-gm-rrgt1\/"},"modified":"2025-12-08T12:59:49","modified_gmt":"2025-12-08T12:59:49","slug":"gear-mission-gm-rrgt1","status":"publish","type":"product","link":"https:\/\/www.toyotomi.eu\/no\/produkt\/gear-mission-gm-rrgt1\/","title":{"rendered":"GEAR MISSION GM-RRGT1"},"content":{"rendered":"\n<div class=\"wp-block-essential-blocks-wrapper alignfull  root-eb-wrapper-8eqic\"><div class=\"eb-parent-wrapper eb-parent-eb-wrapper-8eqic \"><div class=\"eb-wrapper-outer eb-wrapper-8eqic\"><div class=\"eb-wrapper-inner\"><div class=\"eb-wrapper-inner-blocks eb-wrapper-align-center\">\n<div class=\"wp-block-essential-blocks-row alignfull  root-eb-row-69nlq\"><div class=\"eb-parent-wrapper eb-parent-eb-row-69nlq \"><div class=\"eb-row-root-container eb-row-69nlq\" data-id=\"eb-row-69nlq\"><div class=\"eb-row-wrapper\"><div class=\"eb-row-inner\">\n<div class=\"wp-block-essential-blocks-column  root-eb-column-4o7fv\"><div class=\"eb-parent-wrapper eb-parent-eb-column-4o7fv \"><div class=\"eb-column-wrapper eb-column-4o7fv\"><div class=\"eb-column-inner\">\n<h2 class=\"wp-block-heading has-text-align-center has-x-large-font-size\">Robust design, matt svart<\/h2>\n\n\n\n<p class=\"has-text-align-center\">Utformet med en matt svart finish, passer GM-RRGT1 s\u00f8ml\u00f8st sammen med GEAR MISSIONs karakteristiske farger, olivengr\u00f8nn og coyotebrun. Den varmebestandige belegget beskytter mot korrosjon, misfarging og slitasje, noe som sikrer et langvarig, robust utseende selv under krevende forhold utend\u00f8rs. <\/p>\n<\/div><\/div><\/div><\/div>\n<\/div><\/div><\/div><\/div><\/div>\n<\/div><\/div><\/div><\/div><\/div>\n\n<div class=\"wp-block-cover\" style=\"border-radius:10px;min-height:600px;aspect-ratio:unset;\"><img loading=\"lazy\" decoding=\"async\" width=\"1920\" height=\"1200\" src=\"https:\/\/www.toyotomi.eu\/wp-content\/uploads\/2025\/05\/GEAR-MISSION-cooking-plate-banner-4.jpg\" class=\"wp-block-cover__image-background wp-image-28617 size-full\" alt=\"\" data-object-fit=\"cover\" srcset=\"https:\/\/www.toyotomi.eu\/wp-content\/uploads\/2025\/05\/GEAR-MISSION-cooking-plate-banner-4.jpg 1920w, https:\/\/www.toyotomi.eu\/wp-content\/uploads\/2025\/05\/GEAR-MISSION-cooking-plate-banner-4-300x188.jpg 300w, https:\/\/www.toyotomi.eu\/wp-content\/uploads\/2025\/05\/GEAR-MISSION-cooking-plate-banner-4-1024x640.jpg 1024w, https:\/\/www.toyotomi.eu\/wp-content\/uploads\/2025\/05\/GEAR-MISSION-cooking-plate-banner-4-768x480.jpg 768w, https:\/\/www.toyotomi.eu\/wp-content\/uploads\/2025\/05\/GEAR-MISSION-cooking-plate-banner-4-1536x960.jpg 1536w, https:\/\/www.toyotomi.eu\/wp-content\/uploads\/2025\/05\/GEAR-MISSION-cooking-plate-banner-4-990x619.jpg 990w, https:\/\/www.toyotomi.eu\/wp-content\/uploads\/2025\/05\/GEAR-MISSION-cooking-plate-banner-4-441x276.jpg 441w, https:\/\/www.toyotomi.eu\/wp-content\/uploads\/2025\/05\/GEAR-MISSION-cooking-plate-banner-4-150x94.jpg 150w\" sizes=\"auto, (max-width: 1920px) 100vw, 1920px\" \/> <span aria-hidden=\"true\" class=\"wp-block-cover__background has-background-dim-0 has-background-dim\" style=\"background-color:#474f4b\"><\/span><div class=\"wp-block-cover__inner-container has-global-padding is-layout-constrained wp-block-cover-is-layout-constrained\">\n<p class=\"has-text-align-center has-large-font-size\"><\/p>\n<\/div><\/div>\n\n<div style=\"height:80px\" aria-hidden=\"true\" class=\"wp-block-spacer\"><\/div>\n\n<div class=\"wp-block-essential-blocks-wrapper alignfull  root-eb-wrapper-7pfz9\"><div class=\"eb-parent-wrapper eb-parent-eb-wrapper-7pfz9 \"><div class=\"eb-wrapper-outer eb-wrapper-7pfz9\"><div class=\"eb-wrapper-inner\"><div class=\"eb-wrapper-inner-blocks eb-wrapper-align-center\">\n<div class=\"wp-block-essential-blocks-row alignfull  root-eb-row-yr2ak\"><div class=\"eb-parent-wrapper eb-parent-eb-row-yr2ak \"><div class=\"eb-row-root-container eb-row-yr2ak\" data-id=\"eb-row-yr2ak\"><div class=\"eb-row-wrapper\"><div class=\"eb-row-inner\">\n<div class=\"wp-block-essential-blocks-column  root-eb-column-a6cmm\"><div class=\"eb-parent-wrapper eb-parent-eb-column-a6cmm \"><div class=\"eb-column-wrapper eb-column-a6cmm\"><div class=\"eb-column-inner\">\n<h2 class=\"wp-block-heading has-text-align-center has-x-large-font-size\">Forbedre opplevelsen din<\/h2>\n\n\n\n<p class=\"has-text-align-center\">I stedet for \u00e5 plassere kokekar direkte p\u00e5 varmeapparatet, gir GM-RRGT1 en stabil, optimalisert overflate. Dette forhindrer overoppheting, beskytter varmeapparatet mot riper eller smuss og sikrer at mat eller drikke varmes jevnt ved riktig temperatur. Fra kaffetrakting i gr\u00e5lysningen til grilling av kylling p\u00e5 leir, er den designet for \u00e5 hjelpe deg \u00e5 f\u00e5 mest mulig ut av varmeapparatet ditt.  <\/p>\n<\/div><\/div><\/div><\/div>\n<\/div><\/div><\/div><\/div><\/div>\n<\/div><\/div><\/div><\/div><\/div>\n\n<div class=\"wp-block-essential-blocks-wrapper alignfull  root-eb-wrapper-0hlqi\"><div class=\"eb-parent-wrapper eb-parent-eb-wrapper-0hlqi \"><div class=\"eb-wrapper-outer eb-wrapper-0hlqi\"><div class=\"eb-wrapper-inner\"><div class=\"eb-wrapper-inner-blocks eb-wrapper-align-center\">\n<div class=\"wp-block-essential-blocks-row alignfull  root-eb-row-7a9p1\"><div class=\"eb-parent-wrapper eb-parent-eb-row-7a9p1 \"><div class=\"eb-row-root-container eb-row-7a9p1\" data-id=\"eb-row-7a9p1\"><div class=\"eb-row-wrapper\"><div class=\"eb-row-inner\">\n<div class=\"wp-block-essential-blocks-column  root-eb-column-zoe66\"><div class=\"eb-parent-wrapper eb-parent-eb-column-zoe66 \"><div class=\"eb-column-wrapper eb-column-zoe66\"><div class=\"eb-column-inner\">\n<div class=\"wp-block-cover\" style=\"border-radius:10px;min-height:600px;aspect-ratio:unset;\"><img loading=\"lazy\" decoding=\"async\" width=\"1920\" height=\"1200\" src=\"https:\/\/www.toyotomi.eu\/wp-content\/uploads\/2025\/05\/GEAR-MISSION-cooking-plate-banner-3.jpg\" class=\"wp-block-cover__image-background wp-image-28620 size-full\" alt=\"Bright, detailed image of a moka pot on a camping stove, ideal for outdoor coffee lovers.\" style=\"object-position:60% 50%\" data-object-fit=\"cover\" data-object-position=\"60% 50%\" srcset=\"https:\/\/www.toyotomi.eu\/wp-content\/uploads\/2025\/05\/GEAR-MISSION-cooking-plate-banner-3.jpg 1920w, https:\/\/www.toyotomi.eu\/wp-content\/uploads\/2025\/05\/GEAR-MISSION-cooking-plate-banner-3-300x188.jpg 300w, https:\/\/www.toyotomi.eu\/wp-content\/uploads\/2025\/05\/GEAR-MISSION-cooking-plate-banner-3-1024x640.jpg 1024w, https:\/\/www.toyotomi.eu\/wp-content\/uploads\/2025\/05\/GEAR-MISSION-cooking-plate-banner-3-768x480.jpg 768w, https:\/\/www.toyotomi.eu\/wp-content\/uploads\/2025\/05\/GEAR-MISSION-cooking-plate-banner-3-1536x960.jpg 1536w, https:\/\/www.toyotomi.eu\/wp-content\/uploads\/2025\/05\/GEAR-MISSION-cooking-plate-banner-3-990x619.jpg 990w, https:\/\/www.toyotomi.eu\/wp-content\/uploads\/2025\/05\/GEAR-MISSION-cooking-plate-banner-3-441x276.jpg 441w, https:\/\/www.toyotomi.eu\/wp-content\/uploads\/2025\/05\/GEAR-MISSION-cooking-plate-banner-3-150x94.jpg 150w\" sizes=\"auto, (max-width: 1920px) 100vw, 1920px\" \/> <span aria-hidden=\"true\" class=\"wp-block-cover__background has-background-dim-0 has-background-dim\" style=\"background-color:#6b6758\"><\/span><div class=\"wp-block-cover__inner-container has-global-padding is-layout-constrained wp-block-cover-is-layout-constrained\">\n<p class=\"has-text-align-center has-large-font-size\"><\/p>\n<\/div><\/div>\n<\/div><\/div><\/div><\/div>\n\n\n\n<div class=\"wp-block-essential-blocks-column  root-eb-column-p0pvi\"><div class=\"eb-parent-wrapper eb-parent-eb-column-p0pvi \"><div class=\"eb-column-wrapper eb-column-p0pvi\"><div class=\"eb-column-inner\">\n<div class=\"wp-block-cover\" style=\"border-radius:10px;min-height:600px;aspect-ratio:unset;\"><img loading=\"lazy\" decoding=\"async\" width=\"1920\" height=\"1200\" class=\"wp-block-cover__image-background wp-image-28621 size-full\" alt=\"Toyotomi GEAR MISSION cooking plate on outdoor GEAR MISSION paraffin heater used to grill chicken at a campsite\" src=\"https:\/\/www.toyotomi.eu\/wp-content\/uploads\/2025\/05\/GEAR-MISSION-cooking-plate-banner-2.jpg\" data-object-fit=\"cover\" srcset=\"https:\/\/www.toyotomi.eu\/wp-content\/uploads\/2025\/05\/GEAR-MISSION-cooking-plate-banner-2.jpg 1920w, https:\/\/www.toyotomi.eu\/wp-content\/uploads\/2025\/05\/GEAR-MISSION-cooking-plate-banner-2-300x188.jpg 300w, https:\/\/www.toyotomi.eu\/wp-content\/uploads\/2025\/05\/GEAR-MISSION-cooking-plate-banner-2-1024x640.jpg 1024w, https:\/\/www.toyotomi.eu\/wp-content\/uploads\/2025\/05\/GEAR-MISSION-cooking-plate-banner-2-768x480.jpg 768w, https:\/\/www.toyotomi.eu\/wp-content\/uploads\/2025\/05\/GEAR-MISSION-cooking-plate-banner-2-1536x960.jpg 1536w, https:\/\/www.toyotomi.eu\/wp-content\/uploads\/2025\/05\/GEAR-MISSION-cooking-plate-banner-2-990x619.jpg 990w, https:\/\/www.toyotomi.eu\/wp-content\/uploads\/2025\/05\/GEAR-MISSION-cooking-plate-banner-2-441x276.jpg 441w, https:\/\/www.toyotomi.eu\/wp-content\/uploads\/2025\/05\/GEAR-MISSION-cooking-plate-banner-2-150x94.jpg 150w\" sizes=\"auto, (max-width: 1920px) 100vw, 1920px\" \/><span aria-hidden=\"true\" class=\"wp-block-cover__background has-background-dim-0 has-background-dim\" style=\"background-color:#575a54\"><\/span><div class=\"wp-block-cover__inner-container has-global-padding is-layout-constrained wp-block-cover-is-layout-constrained\">\n<p class=\"has-text-align-center has-large-font-size\"><\/p>\n<\/div><\/div>\n<\/div><\/div><\/div><\/div>\n<\/div><\/div><\/div><\/div><\/div>\n<\/div><\/div><\/div><\/div><\/div>\n\n<div style=\"height:80px\" aria-hidden=\"true\" class=\"wp-block-spacer\"><\/div>\n\n<div class=\"wp-block-essential-blocks-wrapper alignfull  root-eb-wrapper-mpjvz\"><div class=\"eb-parent-wrapper eb-parent-eb-wrapper-mpjvz \"><div class=\"eb-wrapper-outer eb-wrapper-mpjvz\"><div class=\"eb-wrapper-inner\"><div class=\"eb-wrapper-inner-blocks eb-wrapper-align-center\">\n<div class=\"wp-block-essential-blocks-row alignfull  root-eb-row-cag4i\"><div class=\"eb-parent-wrapper eb-parent-eb-row-cag4i \"><div class=\"eb-row-root-container eb-row-cag4i\" data-id=\"eb-row-cag4i\"><div class=\"eb-row-wrapper\"><div class=\"eb-row-inner\">\n<div class=\"wp-block-essential-blocks-column  root-eb-column-ap9ld\"><div class=\"eb-parent-wrapper eb-parent-eb-column-ap9ld \"><div class=\"eb-column-wrapper eb-column-ap9ld\"><div class=\"eb-column-inner\">\n<h2 class=\"wp-block-heading has-text-align-center has-x-large-font-size\">Ta vare p\u00e5 utstyret<\/h2>\n\n\n\n<p class=\"has-text-align-center\">\u00c5 plassere kokekar direkte p\u00e5 varmeapparatet risikerer riper, flekker og redusert ytelse. GM-RRGT1 fungerer som en beskyttende barriere, holder varmeapparatet renere og forlenger dets robuste levetid, slik at det ser like t\u00f8ft ut som dagen du kj\u00f8pte det. <\/p>\n<\/div><\/div><\/div><\/div>\n<\/div><\/div><\/div><\/div><\/div>\n<\/div><\/div><\/div><\/div><\/div>\n\n<div class=\"wp-block-cover\" style=\"border-radius:10px;min-height:600px;aspect-ratio:unset;\"><img loading=\"lazy\" decoding=\"async\" width=\"1920\" height=\"1200\" class=\"wp-block-cover__image-background wp-image-28624 size-full\" alt=\"Toyotomi GEAR MISSION cooking plate being assembled at a campsite next to a GEAR MISSION round type paraffin heater\" src=\"https:\/\/www.toyotomi.eu\/wp-content\/uploads\/2025\/05\/GEAR-MISSION-cooking-plate-banner-1.jpg\" data-object-fit=\"cover\" srcset=\"https:\/\/www.toyotomi.eu\/wp-content\/uploads\/2025\/05\/GEAR-MISSION-cooking-plate-banner-1.jpg 1920w, https:\/\/www.toyotomi.eu\/wp-content\/uploads\/2025\/05\/GEAR-MISSION-cooking-plate-banner-1-300x188.jpg 300w, https:\/\/www.toyotomi.eu\/wp-content\/uploads\/2025\/05\/GEAR-MISSION-cooking-plate-banner-1-1024x640.jpg 1024w, https:\/\/www.toyotomi.eu\/wp-content\/uploads\/2025\/05\/GEAR-MISSION-cooking-plate-banner-1-768x480.jpg 768w, https:\/\/www.toyotomi.eu\/wp-content\/uploads\/2025\/05\/GEAR-MISSION-cooking-plate-banner-1-1536x960.jpg 1536w, https:\/\/www.toyotomi.eu\/wp-content\/uploads\/2025\/05\/GEAR-MISSION-cooking-plate-banner-1-990x619.jpg 990w, https:\/\/www.toyotomi.eu\/wp-content\/uploads\/2025\/05\/GEAR-MISSION-cooking-plate-banner-1-441x276.jpg 441w, https:\/\/www.toyotomi.eu\/wp-content\/uploads\/2025\/05\/GEAR-MISSION-cooking-plate-banner-1-150x94.jpg 150w\" sizes=\"auto, (max-width: 1920px) 100vw, 1920px\" \/><span aria-hidden=\"true\" class=\"wp-block-cover__background has-background-dim-0 has-background-dim\" style=\"background-color:#665f55\"><\/span><div class=\"wp-block-cover__inner-container has-global-padding is-layout-constrained wp-block-cover-is-layout-constrained\">\n<p class=\"has-text-align-center has-large-font-size\"><\/p>\n<\/div><\/div>\n","protected":false},"excerpt":{"rendered":"<p>GEAR MISSION Cooking Station GM-RRGT1 er laget for \u00e5 forbedre din utend\u00f8rsopplevelse. Den lar deg forvandle varmeapparatet ditt til en allsidig matlagingsstasjon, perfekt for kaffe, m\u00e5ltider eller samlinger rundt et leirb\u00e5l. Designet kun for <b><a href=\"https:\/\/www.toyotomi.eu\/da\/vare\/gear-mission-rr-ger25t\/\">RR-GER25(T)<\/a><\/b> &amp; <b><a href=\"https:\/\/www.toyotomi.eu\/da\/vare\/gear-mission-rr-ger25g\/\">RR-GER25(G)<\/a><\/b>. <\/p>\n<p><strong>SKU:<\/strong> GM-RRGT1<br \/>\n<strong>EAN:<\/strong> <\/p>\n","protected":false},"featured_media":51329,"template":"","meta":{"_acf_changed":false,"_eb_attr":""},"product_brand":[],"product_cat":[7131,7439],"product_tag":[],"class_list":{"0":"post-51315","1":"product","2":"type-product","3":"status-publish","4":"has-post-thumbnail","6":"product_cat-gear-mission-no","7":"product_cat-tilbehor","9":"first","10":"instock","11":"taxable","12":"shipping-taxable","13":"product-type-simple"},"acf":[],"yoast_head":"<!-- This site is optimized with the Yoast SEO plugin v27.4 - https:\/\/yoast.com\/product\/yoast-seo-wordpress\/ -->\n<title>GEAR MISSION GM-RRGT1 - Toyotomi<\/title>\n<meta name=\"robots\" content=\"index, follow, max-snippet:-1, max-image-preview:large, max-video-preview:-1\" \/>\n<link rel=\"canonical\" href=\"https:\/\/www.toyotomi.eu\/no\/produkt\/gear-mission-gm-rrgt1\/\" \/>\n<meta property=\"og:locale\" content=\"nb_NO\" \/>\n<meta property=\"og:type\" content=\"article\" \/>\n<meta property=\"og:title\" content=\"GEAR MISSION GM-RRGT1 - Toyotomi\" \/>\n<meta property=\"og:description\" content=\"GEAR MISSION Cooking Station GM-RRGT1 er laget for \u00e5 forbedre din utend\u00f8rsopplevelse. Den lar deg forvandle varmeapparatet ditt til en allsidig matlagingsstasjon, perfekt for kaffe, m\u00e5ltider eller samlinger rundt et leirb\u00e5l. Designet kun for RR-GER25(T) &amp; RR-GER25(G).  SKU: GM-RRGT1 EAN:\" \/>\n<meta property=\"og:url\" content=\"https:\/\/www.toyotomi.eu\/no\/produkt\/gear-mission-gm-rrgt1\/\" \/>\n<meta property=\"og:site_name\" content=\"Toyotomi\" \/>\n<meta property=\"article:modified_time\" content=\"2025-12-08T12:59:49+00:00\" \/>\n<meta property=\"og:image\" content=\"https:\/\/www.toyotomi.eu\/wp-content\/uploads\/2025\/05\/GM-RRGT1_01.jpg\" \/>\n\t<meta property=\"og:image:width\" content=\"1920\" \/>\n\t<meta property=\"og:image:height\" content=\"1440\" \/>\n\t<meta property=\"og:image:type\" content=\"image\/jpeg\" \/>\n<meta name=\"twitter:card\" content=\"summary_large_image\" \/>\n<script type=\"application\/ld+json\" class=\"yoast-schema-graph\">{\"@context\":\"https:\\\/\\\/schema.org\",\"@graph\":[{\"@type\":\"WebPage\",\"@id\":\"https:\\\/\\\/www.toyotomi.eu\\\/no\\\/produkt\\\/gear-mission-gm-rrgt1\\\/\",\"url\":\"https:\\\/\\\/www.toyotomi.eu\\\/no\\\/produkt\\\/gear-mission-gm-rrgt1\\\/\",\"name\":\"GEAR MISSION GM-RRGT1 - Toyotomi\",\"isPartOf\":{\"@id\":\"https:\\\/\\\/www.toyotomi.eu\\\/no\\\/#website\"},\"primaryImageOfPage\":{\"@id\":\"https:\\\/\\\/www.toyotomi.eu\\\/no\\\/produkt\\\/gear-mission-gm-rrgt1\\\/#primaryimage\"},\"image\":{\"@id\":\"https:\\\/\\\/www.toyotomi.eu\\\/no\\\/produkt\\\/gear-mission-gm-rrgt1\\\/#primaryimage\"},\"thumbnailUrl\":\"https:\\\/\\\/www.toyotomi.eu\\\/wp-content\\\/uploads\\\/2025\\\/05\\\/GM-RRGT1_01.jpg\",\"datePublished\":\"2025-01-01T01:01:00+00:00\",\"dateModified\":\"2025-12-08T12:59:49+00:00\",\"breadcrumb\":{\"@id\":\"https:\\\/\\\/www.toyotomi.eu\\\/no\\\/produkt\\\/gear-mission-gm-rrgt1\\\/#breadcrumb\"},\"inLanguage\":\"nb-NO\",\"potentialAction\":[{\"@type\":\"ReadAction\",\"target\":[\"https:\\\/\\\/www.toyotomi.eu\\\/no\\\/produkt\\\/gear-mission-gm-rrgt1\\\/\"]}]},{\"@type\":\"ImageObject\",\"inLanguage\":\"nb-NO\",\"@id\":\"https:\\\/\\\/www.toyotomi.eu\\\/no\\\/produkt\\\/gear-mission-gm-rrgt1\\\/#primaryimage\",\"url\":\"https:\\\/\\\/www.toyotomi.eu\\\/wp-content\\\/uploads\\\/2025\\\/05\\\/GM-RRGT1_01.jpg\",\"contentUrl\":\"https:\\\/\\\/www.toyotomi.eu\\\/wp-content\\\/uploads\\\/2025\\\/05\\\/GM-RRGT1_01.jpg\",\"width\":1920,\"height\":1440,\"caption\":\"Sturdy black metal grate for portable camping stove, ideal for outdoor cooking enthusiasts.\"},{\"@type\":\"BreadcrumbList\",\"@id\":\"https:\\\/\\\/www.toyotomi.eu\\\/no\\\/produkt\\\/gear-mission-gm-rrgt1\\\/#breadcrumb\",\"itemListElement\":[{\"@type\":\"ListItem\",\"position\":1,\"name\":\"Hjem\",\"item\":\"https:\\\/\\\/www.toyotomi.eu\\\/no\\\/\"},{\"@type\":\"ListItem\",\"position\":2,\"name\":\"Alle produkter\",\"item\":\"https:\\\/\\\/www.toyotomi.eu\\\/no\\\/alle-produkter\\\/\"},{\"@type\":\"ListItem\",\"position\":3,\"name\":\"GEAR MISSION GM-RRGT1\"}]},{\"@type\":\"WebSite\",\"@id\":\"https:\\\/\\\/www.toyotomi.eu\\\/no\\\/#website\",\"url\":\"https:\\\/\\\/www.toyotomi.eu\\\/no\\\/\",\"name\":\"Toyotomi\",\"description\":\"\",\"publisher\":{\"@id\":\"https:\\\/\\\/www.toyotomi.eu\\\/no\\\/#organization\"},\"potentialAction\":[{\"@type\":\"SearchAction\",\"target\":{\"@type\":\"EntryPoint\",\"urlTemplate\":\"https:\\\/\\\/www.toyotomi.eu\\\/no\\\/?s={search_term_string}\"},\"query-input\":{\"@type\":\"PropertyValueSpecification\",\"valueRequired\":true,\"valueName\":\"search_term_string\"}}],\"inLanguage\":\"nb-NO\"},{\"@type\":\"Organization\",\"@id\":\"https:\\\/\\\/www.toyotomi.eu\\\/no\\\/#organization\",\"name\":\"Toyotomi Europe Sales B.V.\",\"alternateName\":\"Toyotomi\",\"url\":\"https:\\\/\\\/www.toyotomi.eu\\\/no\\\/\",\"logo\":{\"@type\":\"ImageObject\",\"inLanguage\":\"nb-NO\",\"@id\":\"https:\\\/\\\/www.toyotomi.eu\\\/no\\\/#\\\/schema\\\/logo\\\/image\\\/\",\"url\":\"https:\\\/\\\/www.toyotomi.eu\\\/wp-content\\\/uploads\\\/2025\\\/10\\\/logo.png\",\"contentUrl\":\"https:\\\/\\\/www.toyotomi.eu\\\/wp-content\\\/uploads\\\/2025\\\/10\\\/logo.png\",\"width\":1360,\"height\":304,\"caption\":\"Toyotomi Europe Sales B.V.\"},\"image\":{\"@id\":\"https:\\\/\\\/www.toyotomi.eu\\\/no\\\/#\\\/schema\\\/logo\\\/image\\\/\"}}]}<\/script>\n<!-- \/ Yoast SEO plugin. -->","yoast_head_json":{"title":"GEAR MISSION GM-RRGT1 - Toyotomi","robots":{"index":"index","follow":"follow","max-snippet":"max-snippet:-1","max-image-preview":"max-image-preview:large","max-video-preview":"max-video-preview:-1"},"canonical":"https:\/\/www.toyotomi.eu\/no\/produkt\/gear-mission-gm-rrgt1\/","og_locale":"nb_NO","og_type":"article","og_title":"GEAR MISSION GM-RRGT1 - Toyotomi","og_description":"GEAR MISSION Cooking Station GM-RRGT1 er laget for \u00e5 forbedre din utend\u00f8rsopplevelse. Den lar deg forvandle varmeapparatet ditt til en allsidig matlagingsstasjon, perfekt for kaffe, m\u00e5ltider eller samlinger rundt et leirb\u00e5l. Designet kun for RR-GER25(T) &amp; RR-GER25(G).  SKU: GM-RRGT1 EAN:","og_url":"https:\/\/www.toyotomi.eu\/no\/produkt\/gear-mission-gm-rrgt1\/","og_site_name":"Toyotomi","article_modified_time":"2025-12-08T12:59:49+00:00","og_image":[{"width":1920,"height":1440,"url":"https:\/\/www.toyotomi.eu\/wp-content\/uploads\/2025\/05\/GM-RRGT1_01.jpg","type":"image\/jpeg"}],"twitter_card":"summary_large_image","schema":{"@context":"https:\/\/schema.org","@graph":[{"@type":"WebPage","@id":"https:\/\/www.toyotomi.eu\/no\/produkt\/gear-mission-gm-rrgt1\/","url":"https:\/\/www.toyotomi.eu\/no\/produkt\/gear-mission-gm-rrgt1\/","name":"GEAR MISSION GM-RRGT1 - Toyotomi","isPartOf":{"@id":"https:\/\/www.toyotomi.eu\/no\/#website"},"primaryImageOfPage":{"@id":"https:\/\/www.toyotomi.eu\/no\/produkt\/gear-mission-gm-rrgt1\/#primaryimage"},"image":{"@id":"https:\/\/www.toyotomi.eu\/no\/produkt\/gear-mission-gm-rrgt1\/#primaryimage"},"thumbnailUrl":"https:\/\/www.toyotomi.eu\/wp-content\/uploads\/2025\/05\/GM-RRGT1_01.jpg","datePublished":"2025-01-01T01:01:00+00:00","dateModified":"2025-12-08T12:59:49+00:00","breadcrumb":{"@id":"https:\/\/www.toyotomi.eu\/no\/produkt\/gear-mission-gm-rrgt1\/#breadcrumb"},"inLanguage":"nb-NO","potentialAction":[{"@type":"ReadAction","target":["https:\/\/www.toyotomi.eu\/no\/produkt\/gear-mission-gm-rrgt1\/"]}]},{"@type":"ImageObject","inLanguage":"nb-NO","@id":"https:\/\/www.toyotomi.eu\/no\/produkt\/gear-mission-gm-rrgt1\/#primaryimage","url":"https:\/\/www.toyotomi.eu\/wp-content\/uploads\/2025\/05\/GM-RRGT1_01.jpg","contentUrl":"https:\/\/www.toyotomi.eu\/wp-content\/uploads\/2025\/05\/GM-RRGT1_01.jpg","width":1920,"height":1440,"caption":"Sturdy black metal grate for portable camping stove, ideal for outdoor cooking enthusiasts."},{"@type":"BreadcrumbList","@id":"https:\/\/www.toyotomi.eu\/no\/produkt\/gear-mission-gm-rrgt1\/#breadcrumb","itemListElement":[{"@type":"ListItem","position":1,"name":"Hjem","item":"https:\/\/www.toyotomi.eu\/no\/"},{"@type":"ListItem","position":2,"name":"Alle produkter","item":"https:\/\/www.toyotomi.eu\/no\/alle-produkter\/"},{"@type":"ListItem","position":3,"name":"GEAR MISSION GM-RRGT1"}]},{"@type":"WebSite","@id":"https:\/\/www.toyotomi.eu\/no\/#website","url":"https:\/\/www.toyotomi.eu\/no\/","name":"Toyotomi","description":"","publisher":{"@id":"https:\/\/www.toyotomi.eu\/no\/#organization"},"potentialAction":[{"@type":"SearchAction","target":{"@type":"EntryPoint","urlTemplate":"https:\/\/www.toyotomi.eu\/no\/?s={search_term_string}"},"query-input":{"@type":"PropertyValueSpecification","valueRequired":true,"valueName":"search_term_string"}}],"inLanguage":"nb-NO"},{"@type":"Organization","@id":"https:\/\/www.toyotomi.eu\/no\/#organization","name":"Toyotomi Europe Sales B.V.","alternateName":"Toyotomi","url":"https:\/\/www.toyotomi.eu\/no\/","logo":{"@type":"ImageObject","inLanguage":"nb-NO","@id":"https:\/\/www.toyotomi.eu\/no\/#\/schema\/logo\/image\/","url":"https:\/\/www.toyotomi.eu\/wp-content\/uploads\/2025\/10\/logo.png","contentUrl":"https:\/\/www.toyotomi.eu\/wp-content\/uploads\/2025\/10\/logo.png","width":1360,"height":304,"caption":"Toyotomi Europe Sales B.V."},"image":{"@id":"https:\/\/www.toyotomi.eu\/no\/#\/schema\/logo\/image\/"}}]}},"_links":{"self":[{"href":"https:\/\/www.toyotomi.eu\/no\/wp-json\/wp\/v2\/product\/51315","targetHints":{"allow":["GET"]}}],"collection":[{"href":"https:\/\/www.toyotomi.eu\/no\/wp-json\/wp\/v2\/product"}],"about":[{"href":"https:\/\/www.toyotomi.eu\/no\/wp-json\/wp\/v2\/types\/product"}],"wp:featuredmedia":[{"embeddable":true,"href":"https:\/\/www.toyotomi.eu\/no\/wp-json\/wp\/v2\/media\/51329"}],"wp:attachment":[{"href":"https:\/\/www.toyotomi.eu\/no\/wp-json\/wp\/v2\/media?parent=51315"}],"wp:term":[{"taxonomy":"product_brand","embeddable":true,"href":"https:\/\/www.toyotomi.eu\/no\/wp-json\/wp\/v2\/product_brand?post=51315"},{"taxonomy":"product_cat","embeddable":true,"href":"https:\/\/www.toyotomi.eu\/no\/wp-json\/wp\/v2\/product_cat?post=51315"},{"taxonomy":"product_tag","embeddable":true,"href":"https:\/\/www.toyotomi.eu\/no\/wp-json\/wp\/v2\/product_tag?post=51315"}],"curies":[{"name":"wp","href":"https:\/\/api.w.org\/{rel}","templated":true}]}}