{"id":51307,"date":"2025-01-01T02:01:00","date_gmt":"2025-01-01T01:01:00","guid":{"rendered":"https:\/\/www.toyotomi.eu\/product\/zibro-lc-150\/"},"modified":"2025-01-01T01:01:00","modified_gmt":"2025-01-01T01:01:00","slug":"zibro-lc-150","status":"publish","type":"product","link":"https:\/\/www.toyotomi.eu\/no\/produkt\/zibro-lc-150\/","title":{"rendered":"Zibro LC-150"},"content":{"rendered":"","protected":false},"excerpt":{"rendered":"<p>Zibro Laser Clean Heater LC-150 har den nyeste 4,85 kW elektroniske brenneren og leverer ren, effektiv og \u00f8konomisk varme. Varmeapparatet krever ingen installasjon, det trenger bare \u00e5 kobles til en stikkontakt. Det er enkelt \u00e5 betjene og kan varme opp rom p\u00e5 opptil 200 m\u00b3. Med et str\u00f8mforbruk p\u00e5 bare 23 watt under drift, representerer LC-150 en sikker, sv\u00e6rt effektiv og \u00f8konomisk r\u00f8ykfri varmel\u00f8sning.   <\/p>\n<p><strong>Varenummer:<\/strong> LC-150<br \/>\n<strong>EAN:<\/strong> 4963505731380<\/p>\n","protected":false},"featured_media":51319,"template":"","meta":{"_acf_changed":false,"_eb_attr":""},"product_brand":[],"product_cat":[7095],"product_tag":[],"class_list":{"0":"post-51307","1":"product","2":"type-product","3":"status-publish","4":"has-post-thumbnail","6":"product_cat-laser-varmeapparater","8":"first","9":"instock","10":"taxable","11":"shipping-taxable","12":"product-type-simple"},"acf":[],"yoast_head":"<!-- This site is optimized with the Yoast SEO plugin v27.4 - https:\/\/yoast.com\/product\/yoast-seo-wordpress\/ -->\n<title>Zibro LC-150 - Toyotomi<\/title>\n<meta name=\"robots\" content=\"index, follow, max-snippet:-1, max-image-preview:large, max-video-preview:-1\" \/>\n<link rel=\"canonical\" href=\"https:\/\/www.toyotomi.eu\/no\/produkt\/zibro-lc-150\/\" \/>\n<meta property=\"og:locale\" content=\"nb_NO\" \/>\n<meta property=\"og:type\" content=\"article\" \/>\n<meta property=\"og:title\" content=\"Zibro LC-150 - Toyotomi\" \/>\n<meta property=\"og:description\" content=\"Zibro Laser Clean Heater LC-150 har den nyeste 4,85 kW elektroniske brenneren og leverer ren, effektiv og \u00f8konomisk varme. Varmeapparatet krever ingen installasjon, det trenger bare \u00e5 kobles til en stikkontakt. Det er enkelt \u00e5 betjene og kan varme opp rom p\u00e5 opptil 200 m\u00b3. Med et str\u00f8mforbruk p\u00e5 bare 23 watt under drift, representerer LC-150 en sikker, sv\u00e6rt effektiv og \u00f8konomisk r\u00f8ykfri varmel\u00f8sning.   Varenummer: LC-150 EAN: 4963505731380\" \/>\n<meta property=\"og:url\" content=\"https:\/\/www.toyotomi.eu\/no\/produkt\/zibro-lc-150\/\" \/>\n<meta property=\"og:site_name\" content=\"Toyotomi\" \/>\n<meta property=\"og:image\" content=\"https:\/\/www.toyotomi.eu\/wp-content\/uploads\/2023\/03\/Zibro-heater-LC-150.jpg\" \/>\n\t<meta property=\"og:image:width\" content=\"1000\" \/>\n\t<meta property=\"og:image:height\" content=\"1000\" \/>\n\t<meta property=\"og:image:type\" content=\"image\/jpeg\" \/>\n<meta name=\"twitter:card\" content=\"summary_large_image\" \/>\n<script type=\"application\/ld+json\" class=\"yoast-schema-graph\">{\"@context\":\"https:\\\/\\\/schema.org\",\"@graph\":[{\"@type\":\"WebPage\",\"@id\":\"https:\\\/\\\/www.toyotomi.eu\\\/no\\\/produkt\\\/zibro-lc-150\\\/\",\"url\":\"https:\\\/\\\/www.toyotomi.eu\\\/no\\\/produkt\\\/zibro-lc-150\\\/\",\"name\":\"Zibro LC-150 - Toyotomi\",\"isPartOf\":{\"@id\":\"https:\\\/\\\/www.toyotomi.eu\\\/no\\\/#website\"},\"primaryImageOfPage\":{\"@id\":\"https:\\\/\\\/www.toyotomi.eu\\\/no\\\/produkt\\\/zibro-lc-150\\\/#primaryimage\"},\"image\":{\"@id\":\"https:\\\/\\\/www.toyotomi.eu\\\/no\\\/produkt\\\/zibro-lc-150\\\/#primaryimage\"},\"thumbnailUrl\":\"https:\\\/\\\/www.toyotomi.eu\\\/wp-content\\\/uploads\\\/2023\\\/03\\\/Zibro-heater-LC-150.jpg\",\"datePublished\":\"2025-01-01T01:01:00+00:00\",\"breadcrumb\":{\"@id\":\"https:\\\/\\\/www.toyotomi.eu\\\/no\\\/produkt\\\/zibro-lc-150\\\/#breadcrumb\"},\"inLanguage\":\"nb-NO\",\"potentialAction\":[{\"@type\":\"ReadAction\",\"target\":[\"https:\\\/\\\/www.toyotomi.eu\\\/no\\\/produkt\\\/zibro-lc-150\\\/\"]}]},{\"@type\":\"ImageObject\",\"inLanguage\":\"nb-NO\",\"@id\":\"https:\\\/\\\/www.toyotomi.eu\\\/no\\\/produkt\\\/zibro-lc-150\\\/#primaryimage\",\"url\":\"https:\\\/\\\/www.toyotomi.eu\\\/wp-content\\\/uploads\\\/2023\\\/03\\\/Zibro-heater-LC-150.jpg\",\"contentUrl\":\"https:\\\/\\\/www.toyotomi.eu\\\/wp-content\\\/uploads\\\/2023\\\/03\\\/Zibro-heater-LC-150.jpg\",\"width\":1000,\"height\":1000,\"caption\":\"Stay warm with Toyotomi portable electric heater designed for indoor heating and energy savings.\"},{\"@type\":\"BreadcrumbList\",\"@id\":\"https:\\\/\\\/www.toyotomi.eu\\\/no\\\/produkt\\\/zibro-lc-150\\\/#breadcrumb\",\"itemListElement\":[{\"@type\":\"ListItem\",\"position\":1,\"name\":\"Hjem\",\"item\":\"https:\\\/\\\/www.toyotomi.eu\\\/no\\\/\"},{\"@type\":\"ListItem\",\"position\":2,\"name\":\"Alle produkter\",\"item\":\"https:\\\/\\\/www.toyotomi.eu\\\/no\\\/alle-produkter\\\/\"},{\"@type\":\"ListItem\",\"position\":3,\"name\":\"Zibro LC-150\"}]},{\"@type\":\"WebSite\",\"@id\":\"https:\\\/\\\/www.toyotomi.eu\\\/no\\\/#website\",\"url\":\"https:\\\/\\\/www.toyotomi.eu\\\/no\\\/\",\"name\":\"Toyotomi\",\"description\":\"\",\"publisher\":{\"@id\":\"https:\\\/\\\/www.toyotomi.eu\\\/no\\\/#organization\"},\"potentialAction\":[{\"@type\":\"SearchAction\",\"target\":{\"@type\":\"EntryPoint\",\"urlTemplate\":\"https:\\\/\\\/www.toyotomi.eu\\\/no\\\/?s={search_term_string}\"},\"query-input\":{\"@type\":\"PropertyValueSpecification\",\"valueRequired\":true,\"valueName\":\"search_term_string\"}}],\"inLanguage\":\"nb-NO\"},{\"@type\":\"Organization\",\"@id\":\"https:\\\/\\\/www.toyotomi.eu\\\/no\\\/#organization\",\"name\":\"Toyotomi Europe Sales B.V.\",\"alternateName\":\"Toyotomi\",\"url\":\"https:\\\/\\\/www.toyotomi.eu\\\/no\\\/\",\"logo\":{\"@type\":\"ImageObject\",\"inLanguage\":\"nb-NO\",\"@id\":\"https:\\\/\\\/www.toyotomi.eu\\\/no\\\/#\\\/schema\\\/logo\\\/image\\\/\",\"url\":\"https:\\\/\\\/www.toyotomi.eu\\\/wp-content\\\/uploads\\\/2025\\\/10\\\/logo.png\",\"contentUrl\":\"https:\\\/\\\/www.toyotomi.eu\\\/wp-content\\\/uploads\\\/2025\\\/10\\\/logo.png\",\"width\":1360,\"height\":304,\"caption\":\"Toyotomi Europe Sales B.V.\"},\"image\":{\"@id\":\"https:\\\/\\\/www.toyotomi.eu\\\/no\\\/#\\\/schema\\\/logo\\\/image\\\/\"}}]}<\/script>\n<!-- \/ Yoast SEO plugin. -->","yoast_head_json":{"title":"Zibro LC-150 - Toyotomi","robots":{"index":"index","follow":"follow","max-snippet":"max-snippet:-1","max-image-preview":"max-image-preview:large","max-video-preview":"max-video-preview:-1"},"canonical":"https:\/\/www.toyotomi.eu\/no\/produkt\/zibro-lc-150\/","og_locale":"nb_NO","og_type":"article","og_title":"Zibro LC-150 - Toyotomi","og_description":"Zibro Laser Clean Heater LC-150 har den nyeste 4,85 kW elektroniske brenneren og leverer ren, effektiv og \u00f8konomisk varme. Varmeapparatet krever ingen installasjon, det trenger bare \u00e5 kobles til en stikkontakt. Det er enkelt \u00e5 betjene og kan varme opp rom p\u00e5 opptil 200 m\u00b3. Med et str\u00f8mforbruk p\u00e5 bare 23 watt under drift, representerer LC-150 en sikker, sv\u00e6rt effektiv og \u00f8konomisk r\u00f8ykfri varmel\u00f8sning.   Varenummer: LC-150 EAN: 4963505731380","og_url":"https:\/\/www.toyotomi.eu\/no\/produkt\/zibro-lc-150\/","og_site_name":"Toyotomi","og_image":[{"width":1000,"height":1000,"url":"https:\/\/www.toyotomi.eu\/wp-content\/uploads\/2023\/03\/Zibro-heater-LC-150.jpg","type":"image\/jpeg"}],"twitter_card":"summary_large_image","schema":{"@context":"https:\/\/schema.org","@graph":[{"@type":"WebPage","@id":"https:\/\/www.toyotomi.eu\/no\/produkt\/zibro-lc-150\/","url":"https:\/\/www.toyotomi.eu\/no\/produkt\/zibro-lc-150\/","name":"Zibro LC-150 - Toyotomi","isPartOf":{"@id":"https:\/\/www.toyotomi.eu\/no\/#website"},"primaryImageOfPage":{"@id":"https:\/\/www.toyotomi.eu\/no\/produkt\/zibro-lc-150\/#primaryimage"},"image":{"@id":"https:\/\/www.toyotomi.eu\/no\/produkt\/zibro-lc-150\/#primaryimage"},"thumbnailUrl":"https:\/\/www.toyotomi.eu\/wp-content\/uploads\/2023\/03\/Zibro-heater-LC-150.jpg","datePublished":"2025-01-01T01:01:00+00:00","breadcrumb":{"@id":"https:\/\/www.toyotomi.eu\/no\/produkt\/zibro-lc-150\/#breadcrumb"},"inLanguage":"nb-NO","potentialAction":[{"@type":"ReadAction","target":["https:\/\/www.toyotomi.eu\/no\/produkt\/zibro-lc-150\/"]}]},{"@type":"ImageObject","inLanguage":"nb-NO","@id":"https:\/\/www.toyotomi.eu\/no\/produkt\/zibro-lc-150\/#primaryimage","url":"https:\/\/www.toyotomi.eu\/wp-content\/uploads\/2023\/03\/Zibro-heater-LC-150.jpg","contentUrl":"https:\/\/www.toyotomi.eu\/wp-content\/uploads\/2023\/03\/Zibro-heater-LC-150.jpg","width":1000,"height":1000,"caption":"Stay warm with Toyotomi portable electric heater designed for indoor heating and energy savings."},{"@type":"BreadcrumbList","@id":"https:\/\/www.toyotomi.eu\/no\/produkt\/zibro-lc-150\/#breadcrumb","itemListElement":[{"@type":"ListItem","position":1,"name":"Hjem","item":"https:\/\/www.toyotomi.eu\/no\/"},{"@type":"ListItem","position":2,"name":"Alle produkter","item":"https:\/\/www.toyotomi.eu\/no\/alle-produkter\/"},{"@type":"ListItem","position":3,"name":"Zibro LC-150"}]},{"@type":"WebSite","@id":"https:\/\/www.toyotomi.eu\/no\/#website","url":"https:\/\/www.toyotomi.eu\/no\/","name":"Toyotomi","description":"","publisher":{"@id":"https:\/\/www.toyotomi.eu\/no\/#organization"},"potentialAction":[{"@type":"SearchAction","target":{"@type":"EntryPoint","urlTemplate":"https:\/\/www.toyotomi.eu\/no\/?s={search_term_string}"},"query-input":{"@type":"PropertyValueSpecification","valueRequired":true,"valueName":"search_term_string"}}],"inLanguage":"nb-NO"},{"@type":"Organization","@id":"https:\/\/www.toyotomi.eu\/no\/#organization","name":"Toyotomi Europe Sales B.V.","alternateName":"Toyotomi","url":"https:\/\/www.toyotomi.eu\/no\/","logo":{"@type":"ImageObject","inLanguage":"nb-NO","@id":"https:\/\/www.toyotomi.eu\/no\/#\/schema\/logo\/image\/","url":"https:\/\/www.toyotomi.eu\/wp-content\/uploads\/2025\/10\/logo.png","contentUrl":"https:\/\/www.toyotomi.eu\/wp-content\/uploads\/2025\/10\/logo.png","width":1360,"height":304,"caption":"Toyotomi Europe Sales B.V."},"image":{"@id":"https:\/\/www.toyotomi.eu\/no\/#\/schema\/logo\/image\/"}}]}},"_links":{"self":[{"href":"https:\/\/www.toyotomi.eu\/no\/wp-json\/wp\/v2\/product\/51307","targetHints":{"allow":["GET"]}}],"collection":[{"href":"https:\/\/www.toyotomi.eu\/no\/wp-json\/wp\/v2\/product"}],"about":[{"href":"https:\/\/www.toyotomi.eu\/no\/wp-json\/wp\/v2\/types\/product"}],"wp:featuredmedia":[{"embeddable":true,"href":"https:\/\/www.toyotomi.eu\/no\/wp-json\/wp\/v2\/media\/51319"}],"wp:attachment":[{"href":"https:\/\/www.toyotomi.eu\/no\/wp-json\/wp\/v2\/media?parent=51307"}],"wp:term":[{"taxonomy":"product_brand","embeddable":true,"href":"https:\/\/www.toyotomi.eu\/no\/wp-json\/wp\/v2\/product_brand?post=51307"},{"taxonomy":"product_cat","embeddable":true,"href":"https:\/\/www.toyotomi.eu\/no\/wp-json\/wp\/v2\/product_cat?post=51307"},{"taxonomy":"product_tag","embeddable":true,"href":"https:\/\/www.toyotomi.eu\/no\/wp-json\/wp\/v2\/product_tag?post=51307"}],"curies":[{"name":"wp","href":"https:\/\/api.w.org\/{rel}","templated":true}]}}