{"id":51154,"date":"2025-01-01T00:00:00","date_gmt":"2024-12-31T23:00:00","guid":{"rendered":"https:\/\/www.toyotomi.eu\/reservedeler-og-tilbehor\/"},"modified":"2026-04-02T16:54:18","modified_gmt":"2026-04-02T14:54:18","slug":"reservedeler-og-tilbehor","status":"publish","type":"page","link":"https:\/\/www.toyotomi.eu\/no\/reservedeler-og-tilbehor\/","title":{"rendered":"Reservedeler og tilbeh\u00f8r"},"content":{"rendered":"\n<div class=\"wp-block-cover alignfull is-light\" style=\"min-height:550px;aspect-ratio:unset;\"><img loading=\"lazy\" decoding=\"async\" width=\"1024\" height=\"552\" class=\"wp-block-cover__image-background wp-image-54881 size-full\" alt=\"\" src=\"https:\/\/www.toyotomi.eu\/wp-content\/uploads\/2025\/12\/Toyotomi-Parts.jpg\" data-object-fit=\"cover\" srcset=\"https:\/\/www.toyotomi.eu\/wp-content\/uploads\/2025\/12\/Toyotomi-Parts.jpg 1024w, https:\/\/www.toyotomi.eu\/wp-content\/uploads\/2025\/12\/Toyotomi-Parts-768x414.jpg 768w, https:\/\/www.toyotomi.eu\/wp-content\/uploads\/2025\/12\/Toyotomi-Parts-990x534.jpg 990w, https:\/\/www.toyotomi.eu\/wp-content\/uploads\/2025\/12\/Toyotomi-Parts-441x238.jpg 441w, https:\/\/www.toyotomi.eu\/wp-content\/uploads\/2025\/12\/Toyotomi-Parts-150x81.jpg 150w\" sizes=\"auto, (max-width: 1024px) 100vw, 1024px\" \/><span aria-hidden=\"true\" class=\"wp-block-cover__background has-black-background-color has-background-dim-10 has-background-dim\"><\/span><div class=\"wp-block-cover__inner-container has-global-padding is-layout-constrained wp-block-cover-is-layout-constrained\">\n<p class=\"has-text-align-center has-large-font-size\"><\/p>\n<\/div><\/div>\n\n<div style=\"height:20px\" aria-hidden=\"true\" class=\"wp-block-spacer\"><\/div>\n\n<div class=\"wp-block-essential-blocks-wrapper alignfull  root-eb-wrapper-eswib\"><div class=\"eb-parent-wrapper eb-parent-eb-wrapper-eswib \"><div class=\"eb-wrapper-outer eb-wrapper-eswib\"><div class=\"eb-wrapper-inner\"><div class=\"eb-wrapper-inner-blocks eb-wrapper-align-center\">\n<div class=\"wp-block-essential-blocks-row alignfull  root-eb-row-97z98\"><div class=\"eb-parent-wrapper eb-parent-eb-row-97z98 \"><div class=\"eb-row-root-container eb-row-97z98\" data-id=\"eb-row-97z98\"><div class=\"eb-row-wrapper\"><div class=\"eb-row-inner\">\n<div class=\"wp-block-essential-blocks-column  root-eb-column-vmlyb\"><div class=\"eb-parent-wrapper eb-parent-eb-column-vmlyb \"><div class=\"eb-column-wrapper eb-column-vmlyb\"><div class=\"eb-column-inner\">\n<h1 class=\"wp-block-heading has-x-large-font-size\">Reservedeler og tilbeh\u00f8r<\/h1>\n\n\n\n<h3 class=\"wp-block-heading\">Forbedre din opplevelse<\/h3>\n\n\n\n<p>Hos Toyotomi slutter ikke v\u00e5rt engasjement for kvalitet med produktet. Vi tilbyr et komplett utvalg av ekte reservedeler og spesialtilpasset tilbeh\u00f8r for \u00e5 st\u00f8tte ytelsen, sikkerheten og levetiden til varmesystemet ditt. <\/p>\n<\/div><\/div><\/div><\/div>\n\n\n\n<div class=\"wp-block-essential-blocks-column  root-eb-column-a6b0n\"><div class=\"eb-parent-wrapper eb-parent-eb-column-a6b0n \"><div class=\"eb-column-wrapper eb-column-a6b0n\"><div class=\"eb-column-inner\"><\/div><\/div><\/div><\/div>\n<\/div><\/div><\/div><\/div><\/div>\n<\/div><\/div><\/div><\/div><\/div>\n\n<div class=\"wp-block-essential-blocks-wrapper alignfull  root-eb-wrapper-4vmxv\"><div class=\"eb-parent-wrapper eb-parent-eb-wrapper-4vmxv \"><div class=\"eb-wrapper-outer eb-wrapper-4vmxv\"><div class=\"eb-wrapper-inner\"><div class=\"eb-wrapper-inner-blocks eb-wrapper-align-center\">\n<div class=\"wp-block-essential-blocks-row alignfull  root-eb-row-s7b1x\"><div class=\"eb-parent-wrapper eb-parent-eb-row-s7b1x \"><div class=\"eb-row-root-container eb-row-s7b1x\" data-id=\"eb-row-s7b1x\"><div class=\"eb-row-wrapper\"><div class=\"eb-row-inner\">\n<div class=\"wp-block-essential-blocks-column  root-eb-column-ntd7v\"><div class=\"eb-parent-wrapper eb-parent-eb-column-ntd7v \"><div class=\"eb-column-wrapper eb-column-ntd7v\"><div class=\"eb-column-inner\">\n<figure class=\"wp-block-image size-full has-custom-border\"><img loading=\"lazy\" decoding=\"async\" width=\"750\" height=\"750\" src=\"https:\/\/www.toyotomi.eu\/wp-content\/uploads\/2025\/06\/accessories-all-1.jpg\" alt=\"Toyotomi Europes utvalg av tilbeh&#xF8;r for &#xE5; oppgradere enhver Toyotomi-varmeovn\" class=\"wp-image-17511\" style=\"border-radius:4px\" srcset=\"https:\/\/www.toyotomi.eu\/wp-content\/uploads\/2025\/06\/accessories-all-1.jpg 750w, https:\/\/www.toyotomi.eu\/wp-content\/uploads\/2025\/06\/accessories-all-1-300x300.jpg 300w, https:\/\/www.toyotomi.eu\/wp-content\/uploads\/2025\/06\/accessories-all-1-150x150.jpg 150w, https:\/\/www.toyotomi.eu\/wp-content\/uploads\/2025\/06\/accessories-all-1-441x441.jpg 441w, https:\/\/www.toyotomi.eu\/wp-content\/uploads\/2025\/06\/accessories-all-1-100x100.jpg 100w\" sizes=\"auto, (max-width: 750px) 100vw, 750px\" \/><\/figure>\n<\/div><\/div><\/div><\/div>\n\n\n\n<div class=\"wp-block-essential-blocks-column  root-eb-column-khnwd\"><div class=\"eb-parent-wrapper eb-parent-eb-column-khnwd \"><div class=\"eb-column-wrapper eb-column-khnwd\"><div class=\"eb-column-inner\">\n<h2 class=\"wp-block-heading has-x-large-font-size\">Tilbeh\u00f8r for \u00e5 oppgradere din opplevelse<\/h2>\n\n\n\n<p class=\"has-black-color has-text-color has-link-color wp-elements-96662563fbf87984a978a0ee2b9b8bce\">Fullf\u00f8r komforten og bekvemmeligheten din med v\u00e5rt utvalg av originalt <a href=\"https:\/\/www.toyotomi.eu\/no\/kategori\/oppvarming\/tilbehor\/\">Toyotomi-tilbeh\u00f8r<\/a>, spesielt utviklet for \u00e5 forbedre sikkerheten, mobiliteten og brukervennligheten til varmeapparatene dine.<\/p>\n\n\n\n<p>Enten du bruker b\u00e6rbare eller ikke-b\u00e6rbare parafinfyrere, er v\u00e5rt tilbeh\u00f8r \u2013 fra hevertpumper og transportvogner til beskyttende b\u00e6revesker \u2013 utviklet for effektiv drivstoffh\u00e5ndtering, enkel oppbevaring og renere drift.<\/p>\n\n\n\n<p>Hvert tilbeh\u00f8r er laget med samme japanske presisjon og holdbarhet som v\u00e5re kjerneprodukter, og bidrar til \u00e5 forlenge levetiden til utstyret ditt og optimalisere ytelsen dag etter dag.<\/p>\n<\/div><\/div><\/div><\/div>\n<\/div><\/div><\/div><\/div><\/div>\n<\/div><\/div><\/div><\/div><\/div>\n\n<div class=\"wp-block-essential-blocks-wrapper alignfull  root-eb-wrapper-hnwfz\"><div class=\"eb-parent-wrapper eb-parent-eb-wrapper-hnwfz \"><div class=\"eb-wrapper-outer eb-wrapper-hnwfz\"><div class=\"eb-wrapper-inner\"><div class=\"eb-wrapper-inner-blocks eb-wrapper-align-center\">\n<div class=\"wp-block-essential-blocks-row alignfull  root-eb-row-33xoa\"><div class=\"eb-parent-wrapper eb-parent-eb-row-33xoa \"><div class=\"eb-row-root-container eb-row-33xoa\" data-id=\"eb-row-33xoa\"><div class=\"eb-row-wrapper\"><div class=\"eb-row-inner\">\n<div class=\"wp-block-essential-blocks-column  root-eb-column-44pql\"><div class=\"eb-parent-wrapper eb-parent-eb-column-44pql \"><div class=\"eb-column-wrapper eb-column-44pql\"><div class=\"eb-column-inner\">\n<h2 class=\"wp-block-heading has-x-large-font-size\">Originale reservedeler for langvarig ytelse<\/h2>\n\n\n\n<p class=\"has-black-color has-text-color has-link-color wp-elements-732759f822d7f086d36f8e5a9cb23cf2\">For \u00e5 sikre fortsatt ytelse, effektivitet og sikkerhet bruker alle reparasjoner utf\u00f8rt av Toyotomi-teknikere eller autoriserte servicepartnere kun originale <a href=\"https:\/\/www.toyotomi.eu\/no\/kategori\/oppvarming\/reservedeler\/\">Toyotomi-reservedeler<\/a>, produsert internt for perfekt passform og langsiktig p\u00e5litelighet.<\/p>\n\n\n\n<p>V\u00e5r reservedelskatalog tilbyr alt du trenger for \u00e5 holde apparatene dine i god stand, inkludert filtre, veker, drivstofftankkorker og mer.<\/p>\n\n\n\n<p>Toyotomi Co., Ltd. garanterer tilgjengeligheten av alle kritiske reservedeler i opptil 10 \u00e5r etter et produkts offisielle utfasingsdato, og hjelper deg med \u00e5 beskytte investeringen din langt inn i fremtiden.<\/p>\n\n\n\n<h4 class=\"wp-block-heading\"><strong>Vedlikehold<\/strong> som betyr noe<\/h4>\n\n\n\n<p class=\"has-black-color has-text-color has-link-color wp-elements-a545285cfbe2ae07a97d8f15fb14cc79\"><a href=\"https:\/\/www.toyotomi.eu\/no\/vedlikehold-og-rengjoring-av-ovner\/\">Rutinemessig vedlikehold<\/a> er n\u00f8kkelen til \u00e5 holde varmeovnen din trygg, ren og effektiv. Med de riktige delene og rettidig pleie kan du maksimere levetiden til din Toyotomi-varmeovn, samtidig som du sikrer jevn drivstoffkvalitet og p\u00e5litelig drift. <\/p>\n\n\n\n<div style=\"height:10px\" aria-hidden=\"true\" class=\"wp-block-spacer\"><\/div>\n\n\n\n<figure class=\"wp-block-image alignleft size-full is-resized\"><img loading=\"lazy\" decoding=\"async\" width=\"404\" height=\"145\" src=\"https:\/\/www.toyotomi.eu\/wp-content\/uploads\/2025\/06\/Group-925.png\" alt=\"\" class=\"wp-image-17522\" style=\"width:200px\" srcset=\"https:\/\/www.toyotomi.eu\/wp-content\/uploads\/2025\/06\/Group-925.png 404w, https:\/\/www.toyotomi.eu\/wp-content\/uploads\/2025\/06\/Group-925-300x108.png 300w, https:\/\/www.toyotomi.eu\/wp-content\/uploads\/2025\/06\/Group-925-150x54.png 150w\" sizes=\"auto, (max-width: 404px) 100vw, 404px\" \/><\/figure>\n<\/div><\/div><\/div><\/div>\n\n\n\n<div class=\"wp-block-essential-blocks-column  root-eb-column-a7nhf\"><div class=\"eb-parent-wrapper eb-parent-eb-column-a7nhf \"><div class=\"eb-column-wrapper eb-column-a7nhf\"><div class=\"eb-column-inner\">\n<figure class=\"wp-block-image size-full has-custom-border\"><img loading=\"lazy\" decoding=\"async\" width=\"750\" height=\"750\" src=\"https:\/\/www.toyotomi.eu\/wp-content\/uploads\/2025\/06\/Spare-partss-1.jpg\" alt=\"Toyotomi Europes utvalg av reservedeler for &#xE5; vedlikeholde enhver Toyotomi-varmeovn\" class=\"wp-image-20365\" style=\"border-radius:4px\" srcset=\"https:\/\/www.toyotomi.eu\/wp-content\/uploads\/2025\/06\/Spare-partss-1.jpg 750w, https:\/\/www.toyotomi.eu\/wp-content\/uploads\/2025\/06\/Spare-partss-1-300x300.jpg 300w, https:\/\/www.toyotomi.eu\/wp-content\/uploads\/2025\/06\/Spare-partss-1-150x150.jpg 150w, https:\/\/www.toyotomi.eu\/wp-content\/uploads\/2025\/06\/Spare-partss-1-441x441.jpg 441w, https:\/\/www.toyotomi.eu\/wp-content\/uploads\/2025\/06\/Spare-partss-1-100x100.jpg 100w\" sizes=\"auto, (max-width: 750px) 100vw, 750px\" \/><\/figure>\n<\/div><\/div><\/div><\/div>\n<\/div><\/div><\/div><\/div><\/div>\n<\/div><\/div><\/div><\/div><\/div>\n\n<div style=\"height:10px\" aria-hidden=\"true\" class=\"wp-block-spacer\"><\/div>\n\n<div class=\"wp-block-essential-blocks-wrapper alignfull  root-eb-wrapper-mfi89\"><div class=\"eb-parent-wrapper eb-parent-eb-wrapper-mfi89 \"><div class=\"eb-wrapper-outer eb-wrapper-mfi89\"><div class=\"eb-wrapper-inner\"><div class=\"eb-wrapper-inner-blocks eb-wrapper-align-center\">\n<div class=\"wp-block-essential-blocks-row alignfull  root-eb-row-ahqhk\"><div class=\"eb-parent-wrapper eb-parent-eb-row-ahqhk \"><div class=\"eb-row-root-container eb-row-ahqhk\" data-id=\"eb-row-ahqhk\"><div class=\"eb-row-wrapper\"><div class=\"eb-row-inner\">\n<div class=\"wp-block-essential-blocks-column  root-eb-column-lwznr\"><div class=\"eb-parent-wrapper eb-parent-eb-column-lwznr \"><div class=\"eb-column-wrapper eb-column-lwznr\"><div class=\"eb-column-inner\">\n<div class=\"wp-block-essential-blocks-interactive-promo root-eb-interactive-promo-ym70e\"><div class=\"eb-parent-wrapper eb-parent-eb-interactive-promo-ym70e \"><div class=\"eb-interactive-promo-wrapper eb-interactive-promo-ym70e\"><div class=\"eb-interactive-promo-container\" data-effect=\"apollo\"><div class=\"eb-interactive-promo hover-effect\"><figure class=\"effect-apollo\"><img decoding=\"async\" src=\"https:\/\/www.toyotomi.eu\/wp-content\/uploads\/2025\/12\/Nedlastinger-2.jpg\" alt=\"Toyotomi nedlastingsknapp\"><figcaption><h2 class=\"eb-interactive-promo-header\"><\/h2><p class=\"eb-interactive-promo-content\"><\/p><a href=\"https:\/\/www.toyotomi.eu\/no\/kundeservice\/nedlastinger\/\" target=\"_self\" rel=\"noopener noreferrer\"><\/a><\/figcaption><\/figure><\/div><\/div><\/div><\/div><\/div>\n<\/div><\/div><\/div><\/div>\n\n\n\n<div class=\"wp-block-essential-blocks-column  root-eb-column-ln7zw\"><div class=\"eb-parent-wrapper eb-parent-eb-column-ln7zw \"><div class=\"eb-column-wrapper eb-column-ln7zw\"><div class=\"eb-column-inner\">\n<div class=\"wp-block-essential-blocks-interactive-promo root-eb-interactive-promo-tw4ug\"><div class=\"eb-parent-wrapper eb-parent-eb-interactive-promo-tw4ug \"><div class=\"eb-interactive-promo-wrapper eb-interactive-promo-tw4ug\"><div class=\"eb-interactive-promo-container\" data-effect=\"apollo\"><div class=\"eb-interactive-promo hover-effect\"><figure class=\"effect-apollo\"><img decoding=\"async\" src=\"https:\/\/www.toyotomi.eu\/wp-content\/uploads\/2025\/12\/Ofte-stilte-sporsmal-2.jpg\" alt=\"Toyotomi nedlastingsknapp\"><figcaption><h2 class=\"eb-interactive-promo-header\"><\/h2><p class=\"eb-interactive-promo-content\"><\/p><a href=\"https:\/\/www.toyotomi.eu\/no\/kundeservice\/faq\/\" target=\"_self\" rel=\"noopener noreferrer\"><\/a><\/figcaption><\/figure><\/div><\/div><\/div><\/div><\/div>\n<\/div><\/div><\/div><\/div>\n\n\n\n<div class=\"wp-block-essential-blocks-column  root-eb-column-fibpt\"><div class=\"eb-parent-wrapper eb-parent-eb-column-fibpt \"><div class=\"eb-column-wrapper eb-column-fibpt\"><div class=\"eb-column-inner\"><\/div><\/div><\/div><\/div>\n\n\n\n<div class=\"wp-block-essential-blocks-column  root-eb-column-5lxl9\"><div class=\"eb-parent-wrapper eb-parent-eb-column-5lxl9 \"><div class=\"eb-column-wrapper eb-column-5lxl9\"><div class=\"eb-column-inner\">\n<div class=\"wp-block-buttons is-horizontal is-content-justification-right is-layout-flex wp-container-core-buttons-is-layout-6de4a2c1 wp-block-buttons-is-layout-flex\" style=\"margin-top:0;margin-bottom:0;padding-top:0;padding-right:0;padding-bottom:0;padding-left:0\">\n<div class=\"wp-block-button hvr-grow\"><a class=\"wp-block-button__link has-white-color has-text-color has-background has-link-color has-text-align-center has-custom-font-size wp-element-button\" href=\"https:\/\/www.toyotomi.eu\/no\/kategori\/oppvarming\/reservedeler\/\" style=\"border-radius:4px;background-color:#ca0f0f;font-size:clamp(14px, 0.875rem + ((1vw - 3.2px) * 0.46), 18px);\">Oppdag v\u00e5re reservedeler<\/a><\/div>\n\n\n\n<div class=\"wp-block-button hvr-grow\"><a class=\"wp-block-button__link has-white-color has-text-color has-background has-link-color has-text-align-center has-custom-font-size wp-element-button\" href=\"https:\/\/www.toyotomi.eu\/no\/kategori\/oppvarming\/tilbehor\/\" style=\"border-radius:4px;background-color:#ca0f0f;font-size:clamp(14px, 0.875rem + ((1vw - 3.2px) * 0.46), 18px);\">Oppdag v\u00e5rt tilbeh\u00f8r<\/a><\/div>\n<\/div>\n<\/div><\/div><\/div><\/div>\n<\/div><\/div><\/div><\/div><\/div>\n<\/div><\/div><\/div><\/div><\/div>\n","protected":false},"excerpt":{"rendered":"","protected":false},"author":71,"featured_media":0,"parent":0,"menu_order":0,"comment_status":"closed","ping_status":"closed","template":"template-canvas.php","meta":{"_acf_changed":false,"_eb_attr":"","footnotes":""},"class_list":["post-51154","page","type-page","status-publish","hentry"],"acf":[],"yoast_head":"<!-- This site is optimized with the Yoast SEO plugin v27.4 - https:\/\/yoast.com\/product\/yoast-seo-wordpress\/ -->\n<title>Reservedeler og tilbeh\u00f8r - Toyotomi<\/title>\n<meta name=\"description\" content=\"Oppdag ekte Toyotomi-reservedeler og tilbeh\u00f8r for \u00e5 sikre trygghet, p\u00e5litelighet og langvarig ytelse for varmeapparatene dine.\" \/>\n<meta name=\"robots\" content=\"index, follow, max-snippet:-1, max-image-preview:large, max-video-preview:-1\" \/>\n<link rel=\"canonical\" href=\"https:\/\/www.toyotomi.eu\/no\/reservedeler-og-tilbehor\/\" \/>\n<meta property=\"og:locale\" content=\"nb_NO\" \/>\n<meta property=\"og:type\" content=\"article\" \/>\n<meta property=\"og:title\" content=\"Reservedeler og tilbeh\u00f8r - Toyotomi\" \/>\n<meta property=\"og:description\" content=\"Oppdag ekte Toyotomi-reservedeler og tilbeh\u00f8r for \u00e5 sikre trygghet, p\u00e5litelighet og langvarig ytelse for varmeapparatene dine.\" \/>\n<meta property=\"og:url\" content=\"https:\/\/www.toyotomi.eu\/no\/reservedeler-og-tilbehor\/\" \/>\n<meta property=\"og:site_name\" content=\"Toyotomi\" \/>\n<meta property=\"article:modified_time\" content=\"2026-04-02T14:54:18+00:00\" \/>\n<meta property=\"og:image\" content=\"https:\/\/www.toyotomi.eu\/wp-content\/uploads\/2025\/12\/Toyotomi-Parts.jpg\" \/>\n\t<meta property=\"og:image:width\" content=\"1024\" \/>\n\t<meta property=\"og:image:height\" content=\"552\" \/>\n\t<meta property=\"og:image:type\" content=\"image\/jpeg\" \/>\n<meta name=\"twitter:card\" content=\"summary_large_image\" \/>\n<meta name=\"twitter:label1\" content=\"Ansl. lesetid\" \/>\n\t<meta name=\"twitter:data1\" content=\"1 minutt\" \/>\n<script type=\"application\/ld+json\" class=\"yoast-schema-graph\">{\"@context\":\"https:\\\/\\\/schema.org\",\"@graph\":[{\"@type\":\"WebPage\",\"@id\":\"https:\\\/\\\/www.toyotomi.eu\\\/no\\\/reservedeler-og-tilbehor\\\/\",\"url\":\"https:\\\/\\\/www.toyotomi.eu\\\/no\\\/reservedeler-og-tilbehor\\\/\",\"name\":\"Reservedeler og tilbeh\u00f8r - Toyotomi\",\"isPartOf\":{\"@id\":\"https:\\\/\\\/www.toyotomi.eu\\\/no\\\/#website\"},\"primaryImageOfPage\":{\"@id\":\"https:\\\/\\\/www.toyotomi.eu\\\/no\\\/reservedeler-og-tilbehor\\\/#primaryimage\"},\"image\":{\"@id\":\"https:\\\/\\\/www.toyotomi.eu\\\/no\\\/reservedeler-og-tilbehor\\\/#primaryimage\"},\"thumbnailUrl\":\"https:\\\/\\\/www.toyotomi.eu\\\/wp-content\\\/uploads\\\/2025\\\/12\\\/Toyotomi-Parts.jpg\",\"datePublished\":\"2024-12-31T23:00:00+00:00\",\"dateModified\":\"2026-04-02T14:54:18+00:00\",\"description\":\"Oppdag ekte Toyotomi-reservedeler og tilbeh\u00f8r for \u00e5 sikre trygghet, p\u00e5litelighet og langvarig ytelse for varmeapparatene dine.\",\"breadcrumb\":{\"@id\":\"https:\\\/\\\/www.toyotomi.eu\\\/no\\\/reservedeler-og-tilbehor\\\/#breadcrumb\"},\"inLanguage\":\"nb-NO\",\"potentialAction\":[{\"@type\":\"ReadAction\",\"target\":[\"https:\\\/\\\/www.toyotomi.eu\\\/no\\\/reservedeler-og-tilbehor\\\/\"]}]},{\"@type\":\"ImageObject\",\"inLanguage\":\"nb-NO\",\"@id\":\"https:\\\/\\\/www.toyotomi.eu\\\/no\\\/reservedeler-og-tilbehor\\\/#primaryimage\",\"url\":\"https:\\\/\\\/www.toyotomi.eu\\\/wp-content\\\/uploads\\\/2025\\\/12\\\/Toyotomi-Parts.jpg\",\"contentUrl\":\"https:\\\/\\\/www.toyotomi.eu\\\/wp-content\\\/uploads\\\/2025\\\/12\\\/Toyotomi-Parts.jpg\"},{\"@type\":\"BreadcrumbList\",\"@id\":\"https:\\\/\\\/www.toyotomi.eu\\\/no\\\/reservedeler-og-tilbehor\\\/#breadcrumb\",\"itemListElement\":[{\"@type\":\"ListItem\",\"position\":1,\"name\":\"Hjem\",\"item\":\"https:\\\/\\\/www.toyotomi.eu\\\/no\\\/\"},{\"@type\":\"ListItem\",\"position\":2,\"name\":\"Reservedeler og tilbeh\u00f8r\"}]},{\"@type\":\"WebSite\",\"@id\":\"https:\\\/\\\/www.toyotomi.eu\\\/no\\\/#website\",\"url\":\"https:\\\/\\\/www.toyotomi.eu\\\/no\\\/\",\"name\":\"Toyotomi\",\"description\":\"\",\"publisher\":{\"@id\":\"https:\\\/\\\/www.toyotomi.eu\\\/no\\\/#organization\"},\"potentialAction\":[{\"@type\":\"SearchAction\",\"target\":{\"@type\":\"EntryPoint\",\"urlTemplate\":\"https:\\\/\\\/www.toyotomi.eu\\\/no\\\/?s={search_term_string}\"},\"query-input\":{\"@type\":\"PropertyValueSpecification\",\"valueRequired\":true,\"valueName\":\"search_term_string\"}}],\"inLanguage\":\"nb-NO\"},{\"@type\":\"Organization\",\"@id\":\"https:\\\/\\\/www.toyotomi.eu\\\/no\\\/#organization\",\"name\":\"Toyotomi Europe Sales B.V.\",\"alternateName\":\"Toyotomi\",\"url\":\"https:\\\/\\\/www.toyotomi.eu\\\/no\\\/\",\"logo\":{\"@type\":\"ImageObject\",\"inLanguage\":\"nb-NO\",\"@id\":\"https:\\\/\\\/www.toyotomi.eu\\\/no\\\/#\\\/schema\\\/logo\\\/image\\\/\",\"url\":\"https:\\\/\\\/www.toyotomi.eu\\\/wp-content\\\/uploads\\\/2025\\\/10\\\/logo.png\",\"contentUrl\":\"https:\\\/\\\/www.toyotomi.eu\\\/wp-content\\\/uploads\\\/2025\\\/10\\\/logo.png\",\"width\":1360,\"height\":304,\"caption\":\"Toyotomi Europe Sales B.V.\"},\"image\":{\"@id\":\"https:\\\/\\\/www.toyotomi.eu\\\/no\\\/#\\\/schema\\\/logo\\\/image\\\/\"}}]}<\/script>\n<!-- \/ Yoast SEO plugin. -->","yoast_head_json":{"title":"Reservedeler og tilbeh\u00f8r - Toyotomi","description":"Oppdag ekte Toyotomi-reservedeler og tilbeh\u00f8r for \u00e5 sikre trygghet, p\u00e5litelighet og langvarig ytelse for varmeapparatene dine.","robots":{"index":"index","follow":"follow","max-snippet":"max-snippet:-1","max-image-preview":"max-image-preview:large","max-video-preview":"max-video-preview:-1"},"canonical":"https:\/\/www.toyotomi.eu\/no\/reservedeler-og-tilbehor\/","og_locale":"nb_NO","og_type":"article","og_title":"Reservedeler og tilbeh\u00f8r - Toyotomi","og_description":"Oppdag ekte Toyotomi-reservedeler og tilbeh\u00f8r for \u00e5 sikre trygghet, p\u00e5litelighet og langvarig ytelse for varmeapparatene dine.","og_url":"https:\/\/www.toyotomi.eu\/no\/reservedeler-og-tilbehor\/","og_site_name":"Toyotomi","article_modified_time":"2026-04-02T14:54:18+00:00","og_image":[{"width":1024,"height":552,"url":"https:\/\/www.toyotomi.eu\/wp-content\/uploads\/2025\/12\/Toyotomi-Parts.jpg","type":"image\/jpeg"}],"twitter_card":"summary_large_image","twitter_misc":{"Ansl. lesetid":"1 minutt"},"schema":{"@context":"https:\/\/schema.org","@graph":[{"@type":"WebPage","@id":"https:\/\/www.toyotomi.eu\/no\/reservedeler-og-tilbehor\/","url":"https:\/\/www.toyotomi.eu\/no\/reservedeler-og-tilbehor\/","name":"Reservedeler og tilbeh\u00f8r - Toyotomi","isPartOf":{"@id":"https:\/\/www.toyotomi.eu\/no\/#website"},"primaryImageOfPage":{"@id":"https:\/\/www.toyotomi.eu\/no\/reservedeler-og-tilbehor\/#primaryimage"},"image":{"@id":"https:\/\/www.toyotomi.eu\/no\/reservedeler-og-tilbehor\/#primaryimage"},"thumbnailUrl":"https:\/\/www.toyotomi.eu\/wp-content\/uploads\/2025\/12\/Toyotomi-Parts.jpg","datePublished":"2024-12-31T23:00:00+00:00","dateModified":"2026-04-02T14:54:18+00:00","description":"Oppdag ekte Toyotomi-reservedeler og tilbeh\u00f8r for \u00e5 sikre trygghet, p\u00e5litelighet og langvarig ytelse for varmeapparatene dine.","breadcrumb":{"@id":"https:\/\/www.toyotomi.eu\/no\/reservedeler-og-tilbehor\/#breadcrumb"},"inLanguage":"nb-NO","potentialAction":[{"@type":"ReadAction","target":["https:\/\/www.toyotomi.eu\/no\/reservedeler-og-tilbehor\/"]}]},{"@type":"ImageObject","inLanguage":"nb-NO","@id":"https:\/\/www.toyotomi.eu\/no\/reservedeler-og-tilbehor\/#primaryimage","url":"https:\/\/www.toyotomi.eu\/wp-content\/uploads\/2025\/12\/Toyotomi-Parts.jpg","contentUrl":"https:\/\/www.toyotomi.eu\/wp-content\/uploads\/2025\/12\/Toyotomi-Parts.jpg"},{"@type":"BreadcrumbList","@id":"https:\/\/www.toyotomi.eu\/no\/reservedeler-og-tilbehor\/#breadcrumb","itemListElement":[{"@type":"ListItem","position":1,"name":"Hjem","item":"https:\/\/www.toyotomi.eu\/no\/"},{"@type":"ListItem","position":2,"name":"Reservedeler og tilbeh\u00f8r"}]},{"@type":"WebSite","@id":"https:\/\/www.toyotomi.eu\/no\/#website","url":"https:\/\/www.toyotomi.eu\/no\/","name":"Toyotomi","description":"","publisher":{"@id":"https:\/\/www.toyotomi.eu\/no\/#organization"},"potentialAction":[{"@type":"SearchAction","target":{"@type":"EntryPoint","urlTemplate":"https:\/\/www.toyotomi.eu\/no\/?s={search_term_string}"},"query-input":{"@type":"PropertyValueSpecification","valueRequired":true,"valueName":"search_term_string"}}],"inLanguage":"nb-NO"},{"@type":"Organization","@id":"https:\/\/www.toyotomi.eu\/no\/#organization","name":"Toyotomi Europe Sales B.V.","alternateName":"Toyotomi","url":"https:\/\/www.toyotomi.eu\/no\/","logo":{"@type":"ImageObject","inLanguage":"nb-NO","@id":"https:\/\/www.toyotomi.eu\/no\/#\/schema\/logo\/image\/","url":"https:\/\/www.toyotomi.eu\/wp-content\/uploads\/2025\/10\/logo.png","contentUrl":"https:\/\/www.toyotomi.eu\/wp-content\/uploads\/2025\/10\/logo.png","width":1360,"height":304,"caption":"Toyotomi Europe Sales B.V."},"image":{"@id":"https:\/\/www.toyotomi.eu\/no\/#\/schema\/logo\/image\/"}}]}},"_links":{"self":[{"href":"https:\/\/www.toyotomi.eu\/no\/wp-json\/wp\/v2\/pages\/51154","targetHints":{"allow":["GET"]}}],"collection":[{"href":"https:\/\/www.toyotomi.eu\/no\/wp-json\/wp\/v2\/pages"}],"about":[{"href":"https:\/\/www.toyotomi.eu\/no\/wp-json\/wp\/v2\/types\/page"}],"author":[{"embeddable":true,"href":"https:\/\/www.toyotomi.eu\/no\/wp-json\/wp\/v2\/users\/71"}],"replies":[{"embeddable":true,"href":"https:\/\/www.toyotomi.eu\/no\/wp-json\/wp\/v2\/comments?post=51154"}],"version-history":[{"count":9,"href":"https:\/\/www.toyotomi.eu\/no\/wp-json\/wp\/v2\/pages\/51154\/revisions"}],"predecessor-version":[{"id":62930,"href":"https:\/\/www.toyotomi.eu\/no\/wp-json\/wp\/v2\/pages\/51154\/revisions\/62930"}],"wp:attachment":[{"href":"https:\/\/www.toyotomi.eu\/no\/wp-json\/wp\/v2\/media?parent=51154"}],"curies":[{"name":"wp","href":"https:\/\/api.w.org\/{rel}","templated":true}]}}