{"id":50914,"date":"2025-01-01T00:00:16","date_gmt":"2024-12-31T23:00:16","guid":{"rendered":"https:\/\/www.toyotomi.eu\/blogg\/"},"modified":"2026-01-09T03:11:13","modified_gmt":"2026-01-09T02:11:13","slug":"blogg","status":"publish","type":"page","link":"https:\/\/www.toyotomi.eu\/no\/blogg\/","title":{"rendered":"Blogg"},"content":{"rendered":"\n<div class=\"wp-block-essential-blocks-wrapper alignfull  root-eb-wrapper-tvdgq\"><div class=\"eb-parent-wrapper eb-parent-eb-wrapper-tvdgq \"><div class=\"eb-wrapper-outer eb-wrapper-tvdgq\"><div class=\"eb-wrapper-inner\"><div class=\"eb-wrapper-inner-blocks eb-wrapper-align-center\">\n<div class=\"wp-block-essential-blocks-row alignfull  root-eb-row-h9cl2\"><div class=\"eb-parent-wrapper eb-parent-eb-row-h9cl2 \"><div class=\"eb-row-root-container eb-row-h9cl2\" data-id=\"eb-row-h9cl2\"><div class=\"eb-row-wrapper\"><div class=\"eb-row-inner\">\n<div class=\"wp-block-essential-blocks-column  root-eb-column-sarqw\"><div class=\"eb-parent-wrapper eb-parent-eb-column-sarqw \"><div class=\"eb-column-wrapper eb-column-sarqw\"><div class=\"eb-column-inner\">\n<h1 class=\"wp-block-heading has-xx-large-font-size\">Blogg<\/h1>\n<\/div><\/div><\/div><\/div>\n\n\n\n<div class=\"wp-block-essential-blocks-column  root-eb-column-p55e7\"><div class=\"eb-parent-wrapper eb-parent-eb-column-p55e7 \"><div class=\"eb-column-wrapper eb-column-p55e7\"><div class=\"eb-column-inner\"><\/div><\/div><\/div><\/div>\n<\/div><\/div><\/div><\/div><\/div>\n<\/div><\/div><\/div><\/div><\/div>\n\n<div class=\"wp-block-essential-blocks-wrapper alignfull  root-eb-wrapper-h10o4\"><div class=\"eb-parent-wrapper eb-parent-eb-wrapper-h10o4 \"><div class=\"eb-wrapper-outer eb-wrapper-h10o4\"><div class=\"eb-wrapper-inner\"><div class=\"eb-wrapper-inner-blocks eb-wrapper-align-center\">\n<div class=\"wp-block-essential-blocks-row alignfull  root-eb-row-xe5he\"><div class=\"eb-parent-wrapper eb-parent-eb-row-xe5he \"><div class=\"eb-row-root-container eb-row-xe5he\" data-id=\"eb-row-xe5he\"><div class=\"eb-row-wrapper\"><div class=\"eb-row-inner\">\n<div class=\"wp-block-essential-blocks-column  root-eb-column-p52pf\"><div class=\"eb-parent-wrapper eb-parent-eb-column-p52pf \"><div class=\"eb-column-wrapper eb-column-p52pf\"><div class=\"eb-column-inner\"><div class=\"root-eb-post-grid-btkjd wp-block-essential-blocks-post-grid\">\n    <div class=\"eb-parent-wrapper eb-parent-eb-post-grid-btkjd \">\n        <div class=\"eb-post-grid-btkjd style-5  eb-post-grid-wrapper\"\n            data-id=\"eb-post-grid-btkjd\"\n            data-querydata=\"{&quot;source&quot;:&quot;post&quot;,&quot;sourceIndex&quot;:0,&quot;rest_base&quot;:&quot;posts&quot;,&quot;rest_namespace&quot;:&quot;wp\\\/v2&quot;,&quot;author&quot;:&quot;&quot;,&quot;taxonomies&quot;:{&quot;category&quot;:{&quot;name&quot;:&quot;Categories&quot;,&quot;rest_base&quot;:&quot;categories&quot;,&quot;rest_namespace&quot;:&quot;wp\\\/v2&quot;,&quot;slug&quot;:&quot;category&quot;,&quot;value&quot;:&quot;[{\\&quot;value\\&quot;:7700,\\&quot;label\\&quot;:\\&quot;Blog\\&quot;}]&quot;}},&quot;per_page&quot;:&quot;9&quot;,&quot;offset&quot;:&quot;0&quot;,&quot;orderby&quot;:&quot;date&quot;,&quot;order&quot;:&quot;desc&quot;,&quot;include&quot;:&quot;&quot;,&quot;exclude&quot;:&quot;&quot;,&quot;exclude_current&quot;:false}\"\n            data-attributes=\"{&quot;thumbnailSize&quot;:&quot;&quot;,&quot;loadMoreOptions&quot;:{&quot;enableMorePosts&quot;:true,&quot;loadMoreType&quot;:&quot;3&quot;,&quot;loadMoreButtonTxt&quot;:&quot;Last inn mer&quot;,&quot;alignment&quot;:&quot;center&quot;,&quot;prevTxt&quot;:&quot;&lt;&quot;,&quot;nextTxt&quot;:&quot;&gt;&quot;,&quot;totalPosts&quot;:17},&quot;showSearch&quot;:false,&quot;showTaxonomyFilter&quot;:false,&quot;enableAjaxSearch&quot;:false,&quot;addIcon&quot;:false,&quot;iconPosition&quot;:&quot;left&quot;,&quot;icon&quot;:&quot;fas fa-chevron-right&quot;,&quot;preset&quot;:&quot;style-5&quot;,&quot;defaultFilter&quot;:&quot;all&quot;,&quot;version&quot;:&quot;v2&quot;,&quot;showBlockContent&quot;:true,&quot;showFallbackImg&quot;:false,&quot;fallbackImgUrl&quot;:&quot;&quot;,&quot;showThumbnail&quot;:true,&quot;showTitle&quot;:true,&quot;titleLength&quot;:&quot;&quot;,&quot;titleTag&quot;:&quot;h2&quot;,&quot;showContent&quot;:false,&quot;contentLength&quot;:20,&quot;expansionIndicator&quot;:&quot;...&quot;,&quot;showReadMore&quot;:false,&quot;readmoreText&quot;:&quot;Read More&quot;,&quot;showMeta&quot;:true,&quot;headerMeta&quot;:&quot;[{\\&quot;value\\&quot;:\\&quot;readtime\\&quot;,\\&quot;label\\&quot;:\\&quot;Read Time\\&quot;}]&quot;,&quot;footerMeta&quot;:&quot;[]&quot;,&quot;authorPrefix&quot;:&quot;by&quot;,&quot;datePrefix&quot;:&quot;on&quot;,&quot;showFeaturedPost&quot;:false,&quot;featuredPostId&quot;:&quot;&quot;,&quot;showFeaturedPostTitle&quot;:true,&quot;showFeaturedPostContent&quot;:false,&quot;showFeaturedPostMeta&quot;:true,&quot;showFeaturedHeaderMeta&quot;:true,&quot;showFeaturedFooterMeta&quot;:true,&quot;featuredMetaItems&quot;:&quot;{}&quot;,&quot;featuredExcerptLength&quot;:10}\">\n\n            \n\n            <div class=\"eb-post-grid-posts-wrapper\"><article class=\"ebpg-grid-post ebpg-post-grid-column\" data-id=\"59927\"><div class=\"ebpg-grid-post-holder\"><a class=\"ebpg-post-link-wrapper eb-sr-only\" href=\"https:\/\/www.toyotomi.eu\/no\/blogg\/hvordan-holde-hjemmet-ditt-kjolig-under-en-hetebolge\/\">Hvordan holde hjemmet ditt kj\u00f8lig under en heteb\u00f8lge<\/a><div class=\"ebpg-entry-media\">\n                <div class=\"ebpg-entry-thumbnail\">\n                    \n                    <img loading=\"lazy\" decoding=\"async\" width=\"1920\" height=\"1080\" src=\"https:\/\/www.toyotomi.eu\/wp-content\/uploads\/2026\/01\/Toyotomi-Europe-Air-Conditioning.00_00_04_08.Still001.jpg\" class=\"attachment-full size-full\" alt=\"Lyst, innbydende innend\u00f8rsrom med en kvinne if\u00f8rt en str\u00e5hatt, naturlig lys og koselige m\u00f8bler, perfekt for en avslappende hjemmeatmosf\u00e6re.\" \/>\n                <\/div>\n            <\/div><div class=\"ebpg-entry-wrapper\"><header class=\"ebpg-entry-header\">\n            <h2 class=\"ebpg-entry-title\">\n                <a class=\"ebpg-grid-post-link\" href=\"https:\/\/www.toyotomi.eu\/no\/blogg\/hvordan-holde-hjemmet-ditt-kjolig-under-en-hetebolge\/\" title=\"hvordanholdehjemmetdittkjligunderenheteblge\">Hvordan holde hjemmet ditt kj\u00f8lig under en heteb\u00f8lge<\/a>\n            <\/h2>\n        <\/header><div class=\"ebpg-entry-meta ebpg-header-meta\"><div class=\"ebpg-entry-meta-items\"><span class=\"ebpg-read-time\"><i class=\"fas fa-clock\"><\/i>5 minutes read<\/span><\/div><\/div><div class=\"ebpg-entry-meta ebpg-footer-meta\"><div class=\"ebpg-entry-meta-items\"><\/div><\/div><\/div><\/div><\/article><article class=\"ebpg-grid-post ebpg-post-grid-column\" data-id=\"59785\"><div class=\"ebpg-grid-post-holder\"><a class=\"ebpg-post-link-wrapper eb-sr-only\" href=\"https:\/\/www.toyotomi.eu\/no\/blogg\/oppvarmingslosninger-for-hjem-og-bygninger-uten-gass-eller-sentralvarme\/\">Oppvarmingsl\u00f8sninger for hjem og bygninger uten gass eller sentralvarme<\/a><div class=\"ebpg-entry-media\">\n                <div class=\"ebpg-entry-thumbnail\">\n                    \n                    <img loading=\"lazy\" decoding=\"async\" width=\"1920\" height=\"1200\" src=\"https:\/\/www.toyotomi.eu\/wp-content\/uploads\/2026\/01\/Toyotomi-hybrid-heater-in-room.png\" class=\"attachment-full size-full\" alt=\"N\u00e6rbilde av en moderne Toyotomi-ovn satt opp i et koselig soveromshj\u00f8rne for varme og komfort.\" \/>\n                <\/div>\n            <\/div><div class=\"ebpg-entry-wrapper\"><header class=\"ebpg-entry-header\">\n            <h2 class=\"ebpg-entry-title\">\n                <a class=\"ebpg-grid-post-link\" href=\"https:\/\/www.toyotomi.eu\/no\/blogg\/oppvarmingslosninger-for-hjem-og-bygninger-uten-gass-eller-sentralvarme\/\" title=\"oppvarmingslsningerforhjemogbygningerutengassellersentralvarme\">Oppvarmingsl\u00f8sninger for hjem og bygninger uten gass eller sentralvarme<\/a>\n            <\/h2>\n        <\/header><div class=\"ebpg-entry-meta ebpg-header-meta\"><div class=\"ebpg-entry-meta-items\"><span class=\"ebpg-read-time\"><i class=\"fas fa-clock\"><\/i>5 minutes read<\/span><\/div><\/div><div class=\"ebpg-entry-meta ebpg-footer-meta\"><div class=\"ebpg-entry-meta-items\"><\/div><\/div><\/div><\/div><\/article><article class=\"ebpg-grid-post ebpg-post-grid-column\" data-id=\"59567\"><div class=\"ebpg-grid-post-holder\"><a class=\"ebpg-post-link-wrapper eb-sr-only\" href=\"https:\/\/www.toyotomi.eu\/no\/blogg\/hvordan-velge-riktig-klimaanlegg-for-rommet-ditt\/\">Hvordan velge riktig klimaanlegg for rommet ditt<\/a><div class=\"ebpg-entry-media\">\n                <div class=\"ebpg-entry-thumbnail\">\n                    \n                    <img loading=\"lazy\" decoding=\"async\" width=\"1920\" height=\"1207\" src=\"https:\/\/www.toyotomi.eu\/wp-content\/uploads\/2025\/07\/erai-in-bedroom-1.jpg\" class=\"attachment-full size-full\" alt=\"\" \/>\n                <\/div>\n            <\/div><div class=\"ebpg-entry-wrapper\"><header class=\"ebpg-entry-header\">\n            <h2 class=\"ebpg-entry-title\">\n                <a class=\"ebpg-grid-post-link\" href=\"https:\/\/www.toyotomi.eu\/no\/blogg\/hvordan-velge-riktig-klimaanlegg-for-rommet-ditt\/\" title=\"hvordanvelgeriktigklimaanleggforrommetditt\">Hvordan velge riktig klimaanlegg for rommet ditt<\/a>\n            <\/h2>\n        <\/header><div class=\"ebpg-entry-meta ebpg-header-meta\"><div class=\"ebpg-entry-meta-items\"><span class=\"ebpg-read-time\"><i class=\"fas fa-clock\"><\/i>5 minutes read<\/span><\/div><\/div><div class=\"ebpg-entry-meta ebpg-footer-meta\"><div class=\"ebpg-entry-meta-items\"><\/div><\/div><\/div><\/div><\/article><article class=\"ebpg-grid-post ebpg-post-grid-column\" data-id=\"59432\"><div class=\"ebpg-grid-post-holder\"><a class=\"ebpg-post-link-wrapper eb-sr-only\" href=\"https:\/\/www.toyotomi.eu\/no\/blogg\/hvordan-avfukte-et-rom\/\">Hvordan avfukte et rom (og stoppe fukt og kondens)<\/a><div class=\"ebpg-entry-media\">\n                <div class=\"ebpg-entry-thumbnail\">\n                    \n                    <img loading=\"lazy\" decoding=\"async\" width=\"1920\" height=\"1200\" src=\"https:\/\/www.toyotomi.eu\/wp-content\/uploads\/2026\/01\/Toyotomi-TAD-dehumidifier.png\" class=\"attachment-full size-full\" alt=\"Kompakt b\u00e6rbart klimaanlegg i en koselig stue med tregulv.\" \/>\n                <\/div>\n            <\/div><div class=\"ebpg-entry-wrapper\"><header class=\"ebpg-entry-header\">\n            <h2 class=\"ebpg-entry-title\">\n                <a class=\"ebpg-grid-post-link\" href=\"https:\/\/www.toyotomi.eu\/no\/blogg\/hvordan-avfukte-et-rom\/\" title=\"hvordanavfukteetromogstoppefuktogkondens\">Hvordan avfukte et rom (og stoppe fukt og kondens)<\/a>\n            <\/h2>\n        <\/header><div class=\"ebpg-entry-meta ebpg-header-meta\"><div class=\"ebpg-entry-meta-items\"><span class=\"ebpg-read-time\"><i class=\"fas fa-clock\"><\/i>6 minutes read<\/span><\/div><\/div><div class=\"ebpg-entry-meta ebpg-footer-meta\"><div class=\"ebpg-entry-meta-items\"><\/div><\/div><\/div><\/div><\/article><article class=\"ebpg-grid-post ebpg-post-grid-column\" data-id=\"58658\"><div class=\"ebpg-grid-post-holder\"><a class=\"ebpg-post-link-wrapper eb-sr-only\" href=\"https:\/\/www.toyotomi.eu\/no\/blogg\/hvorfor-flere-europeiske-husholdninger-bytter-til-varmepumper-i-2026\/\">Hvorfor flere europeiske husholdninger bytter til varmepumper<\/a><div class=\"ebpg-entry-media\">\n                <div class=\"ebpg-entry-thumbnail\">\n                    \n                    <img loading=\"lazy\" decoding=\"async\" width=\"1920\" height=\"1280\" src=\"https:\/\/www.toyotomi.eu\/wp-content\/uploads\/2025\/08\/Toyotomi-New-heat-pump-range.jpg\" class=\"attachment-full size-full\" alt=\"Modern black heat pump system outside home, energy-efficient HVAC solution.\" \/>\n                <\/div>\n            <\/div><div class=\"ebpg-entry-wrapper\"><header class=\"ebpg-entry-header\">\n            <h2 class=\"ebpg-entry-title\">\n                <a class=\"ebpg-grid-post-link\" href=\"https:\/\/www.toyotomi.eu\/no\/blogg\/hvorfor-flere-europeiske-husholdninger-bytter-til-varmepumper-i-2026\/\" title=\"hvorforflereeuropeiskehusholdningerbyttertilvarmepumper\">Hvorfor flere europeiske husholdninger bytter til varmepumper<\/a>\n            <\/h2>\n        <\/header><div class=\"ebpg-entry-meta ebpg-header-meta\"><div class=\"ebpg-entry-meta-items\"><span class=\"ebpg-read-time\"><i class=\"fas fa-clock\"><\/i>3 minutes read<\/span><\/div><\/div><div class=\"ebpg-entry-meta ebpg-footer-meta\"><div class=\"ebpg-entry-meta-items\"><\/div><\/div><\/div><\/div><\/article><article class=\"ebpg-grid-post ebpg-post-grid-column\" data-id=\"58278\"><div class=\"ebpg-grid-post-holder\"><a class=\"ebpg-post-link-wrapper eb-sr-only\" href=\"https:\/\/www.toyotomi.eu\/no\/blogg\/hvordan-varme-opp-hjemmet-ditt-uten-strom\/\">Hvordan varme opp hjemmet ditt uten str\u00f8m<\/a><div class=\"ebpg-entry-media\">\n                <div class=\"ebpg-entry-thumbnail\">\n                    \n                    <img loading=\"lazy\" decoding=\"async\" width=\"1920\" height=\"1200\" src=\"https:\/\/www.toyotomi.eu\/wp-content\/uploads\/2026\/01\/Toyotomi-Emergency-off-grid-paraffin-heater.png\" class=\"attachment-full size-full\" alt=\"B\u00e6rbar ovn med sikkerhetsfunksjoner som brukes til \u00e5 varme opp innend\u00f8rsomr\u00e5der effektivt.\" \/>\n                <\/div>\n            <\/div><div class=\"ebpg-entry-wrapper\"><header class=\"ebpg-entry-header\">\n            <h2 class=\"ebpg-entry-title\">\n                <a class=\"ebpg-grid-post-link\" href=\"https:\/\/www.toyotomi.eu\/no\/blogg\/hvordan-varme-opp-hjemmet-ditt-uten-strom\/\" title=\"hvordanvarmeopphjemmetdittutenstrm\">Hvordan varme opp hjemmet ditt uten str\u00f8m<\/a>\n            <\/h2>\n        <\/header><div class=\"ebpg-entry-meta ebpg-header-meta\"><div class=\"ebpg-entry-meta-items\"><span class=\"ebpg-read-time\"><i class=\"fas fa-clock\"><\/i>5 minutes read<\/span><\/div><\/div><div class=\"ebpg-entry-meta ebpg-footer-meta\"><div class=\"ebpg-entry-meta-items\"><\/div><\/div><\/div><\/div><\/article><article class=\"ebpg-grid-post ebpg-post-grid-column\" data-id=\"57219\"><div class=\"ebpg-grid-post-holder\"><a class=\"ebpg-post-link-wrapper eb-sr-only\" href=\"https:\/\/www.toyotomi.eu\/no\/blogg\/diesel-drivstoff-infrarode-varmeapparater\/\">H\u00f8ykapasitets diesel Infrar\u00f8de Ovner<\/a><div class=\"ebpg-entry-media\">\n                <div class=\"ebpg-entry-thumbnail\">\n                    \n                    <img loading=\"lazy\" decoding=\"async\" width=\"1920\" height=\"1200\" src=\"https:\/\/www.toyotomi.eu\/wp-content\/uploads\/2025\/05\/Toyotomi-Infrared-TIB-09.jpg\" class=\"attachment-full size-full\" alt=\"High-quality stainless steel heater with adjustable thermostat, ideal for workshops and industrial spaces.\" \/>\n                <\/div>\n            <\/div><div class=\"ebpg-entry-wrapper\"><header class=\"ebpg-entry-header\">\n            <h2 class=\"ebpg-entry-title\">\n                <a class=\"ebpg-grid-post-link\" href=\"https:\/\/www.toyotomi.eu\/no\/blogg\/diesel-drivstoff-infrarode-varmeapparater\/\" title=\"hykapasitetsdieselinfrardeovner\">H\u00f8ykapasitets diesel Infrar\u00f8de Ovner<\/a>\n            <\/h2>\n        <\/header><div class=\"ebpg-entry-meta ebpg-header-meta\"><div class=\"ebpg-entry-meta-items\"><span class=\"ebpg-read-time\"><i class=\"fas fa-clock\"><\/i>3 minutes read<\/span><\/div><\/div><div class=\"ebpg-entry-meta ebpg-footer-meta\"><div class=\"ebpg-entry-meta-items\"><\/div><\/div><\/div><\/div><\/article><article class=\"ebpg-grid-post ebpg-post-grid-column\" data-id=\"59504\"><div class=\"ebpg-grid-post-holder\"><a class=\"ebpg-post-link-wrapper eb-sr-only\" href=\"https:\/\/www.toyotomi.eu\/no\/blogg\/hvordan-varme-opp-et-rom-uten-sentralvarme\/\">Hvordan varme opp et rom uten sentralvarme<\/a><div class=\"ebpg-entry-media\">\n                <div class=\"ebpg-entry-thumbnail\">\n                    \n                    <img loading=\"lazy\" decoding=\"async\" width=\"1920\" height=\"1200\" src=\"https:\/\/www.toyotomi.eu\/wp-content\/uploads\/2026\/01\/Toyotomi-heater-for-home-without-central-heating.png\" class=\"attachment-full size-full\" alt=\"B\u00e6rbar elektrisk varmeovn for effektiv romoppvarming i hjem og kontorer.\" \/>\n                <\/div>\n            <\/div><div class=\"ebpg-entry-wrapper\"><header class=\"ebpg-entry-header\">\n            <h2 class=\"ebpg-entry-title\">\n                <a class=\"ebpg-grid-post-link\" href=\"https:\/\/www.toyotomi.eu\/no\/blogg\/hvordan-varme-opp-et-rom-uten-sentralvarme\/\" title=\"hvordanvarmeoppetromutensentralvarme\">Hvordan varme opp et rom uten sentralvarme<\/a>\n            <\/h2>\n        <\/header><div class=\"ebpg-entry-meta ebpg-header-meta\"><div class=\"ebpg-entry-meta-items\"><span class=\"ebpg-read-time\"><i class=\"fas fa-clock\"><\/i>5 minutes read<\/span><\/div><\/div><div class=\"ebpg-entry-meta ebpg-footer-meta\"><div class=\"ebpg-entry-meta-items\"><\/div><\/div><\/div><\/div><\/article><article class=\"ebpg-grid-post ebpg-post-grid-column\" data-id=\"50783\"><div class=\"ebpg-grid-post-holder\"><a class=\"ebpg-post-link-wrapper eb-sr-only\" href=\"https:\/\/www.toyotomi.eu\/no\/blogg\/vinterforberedelser-hvordan-vedlikeholde-varmeapparatet-for-kuldeseasongen\/\">Vinterforberedelser f\u00f8r den kalde \u00e5rstiden<\/a><div class=\"ebpg-entry-media\">\n                <div class=\"ebpg-entry-thumbnail\">\n                    \n                    <img loading=\"lazy\" decoding=\"async\" width=\"800\" height=\"800\" src=\"https:\/\/www.toyotomi.eu\/wp-content\/uploads\/2025\/06\/heater-cleaning.jpg\" class=\"attachment-full size-full\" alt=\"Compact heater with protective grill for outdoor use.\" \/>\n                <\/div>\n            <\/div><div class=\"ebpg-entry-wrapper\"><header class=\"ebpg-entry-header\">\n            <h2 class=\"ebpg-entry-title\">\n                <a class=\"ebpg-grid-post-link\" href=\"https:\/\/www.toyotomi.eu\/no\/blogg\/vinterforberedelser-hvordan-vedlikeholde-varmeapparatet-for-kuldeseasongen\/\" title=\"vinterforberedelserfrdenkalderstiden\">Vinterforberedelser f\u00f8r den kalde \u00e5rstiden<\/a>\n            <\/h2>\n        <\/header><div class=\"ebpg-entry-meta ebpg-header-meta\"><div class=\"ebpg-entry-meta-items\"><span class=\"ebpg-read-time\"><i class=\"fas fa-clock\"><\/i>4 minutes read<\/span><\/div><\/div><div class=\"ebpg-entry-meta ebpg-footer-meta\"><div class=\"ebpg-entry-meta-items\"><\/div><\/div><\/div><\/div><\/article><\/div><p class=\"eb-no-posts eb-loadmore-no-post\" style=\"display: none;\">Ingen flere innlegg<\/p><div class=\"ebpostgrid-pagination ebpg-pagination prev-next-btn\"><button class=\"ebpg-pagination-item-previous\">&lt;<\/button><button class=\"ebpg-pagination-item active\" data-pagenumber=\"1\">\n                        1\n                    <\/button><button class=\"ebpg-pagination-item \" data-pagenumber=\"2\">\n                        2\n                    <\/button><button class=\"ebpg-pagination-item-next\">&gt;<\/button><\/div>        <\/div>\n    <\/div>\n<\/div>\n<\/div><\/div><\/div><\/div>\n<\/div><\/div><\/div><\/div><\/div>\n<\/div><\/div><\/div><\/div><\/div>\n","protected":false},"excerpt":{"rendered":"","protected":false},"author":71,"featured_media":0,"parent":0,"menu_order":0,"comment_status":"closed","ping_status":"closed","template":"template-canvas.php","meta":{"_acf_changed":false,"_eb_attr":"","footnotes":""},"class_list":["post-50914","page","type-page","status-publish","hentry"],"acf":[],"yoast_head":"<!-- This site is optimized with the Yoast SEO plugin v27.4 - https:\/\/yoast.com\/product\/yoast-seo-wordpress\/ -->\n<title>Blogg - Toyotomi<\/title>\n<meta name=\"description\" content=\"Toyotomi Europes blogg, blogginnlegg om alt du trenger \u00e5 vite om klimakontroll, sammen med ekspertinnsikt.\" \/>\n<meta name=\"robots\" content=\"index, follow, max-snippet:-1, max-image-preview:large, max-video-preview:-1\" \/>\n<link rel=\"canonical\" href=\"https:\/\/www.toyotomi.eu\/no\/blogg\/\" \/>\n<meta property=\"og:locale\" content=\"nb_NO\" \/>\n<meta property=\"og:type\" content=\"article\" \/>\n<meta property=\"og:title\" content=\"Blogg - Toyotomi\" \/>\n<meta property=\"og:description\" content=\"Toyotomi Europes blogg, blogginnlegg om alt du trenger \u00e5 vite om klimakontroll, sammen med ekspertinnsikt.\" \/>\n<meta property=\"og:url\" content=\"https:\/\/www.toyotomi.eu\/no\/blogg\/\" \/>\n<meta property=\"og:site_name\" content=\"Toyotomi\" \/>\n<meta property=\"article:modified_time\" content=\"2026-01-09T02:11:13+00:00\" \/>\n<meta property=\"og:image\" content=\"https:\/\/www.toyotomi.eu\/wp-content\/uploads\/2025\/10\/logo.png\" \/>\n\t<meta property=\"og:image:width\" content=\"1360\" \/>\n\t<meta property=\"og:image:height\" content=\"304\" \/>\n\t<meta property=\"og:image:type\" content=\"image\/png\" \/>\n<meta name=\"twitter:card\" content=\"summary_large_image\" \/>\n<script type=\"application\/ld+json\" class=\"yoast-schema-graph\">{\"@context\":\"https:\\\/\\\/schema.org\",\"@graph\":[{\"@type\":\"WebPage\",\"@id\":\"https:\\\/\\\/www.toyotomi.eu\\\/no\\\/blogg\\\/\",\"url\":\"https:\\\/\\\/www.toyotomi.eu\\\/no\\\/blogg\\\/\",\"name\":\"Blogg - Toyotomi\",\"isPartOf\":{\"@id\":\"https:\\\/\\\/www.toyotomi.eu\\\/no\\\/#website\"},\"datePublished\":\"2024-12-31T23:00:16+00:00\",\"dateModified\":\"2026-01-09T02:11:13+00:00\",\"description\":\"Toyotomi Europes blogg, blogginnlegg om alt du trenger \u00e5 vite om klimakontroll, sammen med ekspertinnsikt.\",\"breadcrumb\":{\"@id\":\"https:\\\/\\\/www.toyotomi.eu\\\/no\\\/blogg\\\/#breadcrumb\"},\"inLanguage\":\"nb-NO\",\"potentialAction\":[{\"@type\":\"ReadAction\",\"target\":[\"https:\\\/\\\/www.toyotomi.eu\\\/no\\\/blogg\\\/\"]}]},{\"@type\":\"BreadcrumbList\",\"@id\":\"https:\\\/\\\/www.toyotomi.eu\\\/no\\\/blogg\\\/#breadcrumb\",\"itemListElement\":[{\"@type\":\"ListItem\",\"position\":1,\"name\":\"Hjem\",\"item\":\"https:\\\/\\\/www.toyotomi.eu\\\/no\\\/\"},{\"@type\":\"ListItem\",\"position\":2,\"name\":\"Blogg\"}]},{\"@type\":\"WebSite\",\"@id\":\"https:\\\/\\\/www.toyotomi.eu\\\/no\\\/#website\",\"url\":\"https:\\\/\\\/www.toyotomi.eu\\\/no\\\/\",\"name\":\"Toyotomi\",\"description\":\"\",\"publisher\":{\"@id\":\"https:\\\/\\\/www.toyotomi.eu\\\/no\\\/#organization\"},\"potentialAction\":[{\"@type\":\"SearchAction\",\"target\":{\"@type\":\"EntryPoint\",\"urlTemplate\":\"https:\\\/\\\/www.toyotomi.eu\\\/no\\\/?s={search_term_string}\"},\"query-input\":{\"@type\":\"PropertyValueSpecification\",\"valueRequired\":true,\"valueName\":\"search_term_string\"}}],\"inLanguage\":\"nb-NO\"},{\"@type\":\"Organization\",\"@id\":\"https:\\\/\\\/www.toyotomi.eu\\\/no\\\/#organization\",\"name\":\"Toyotomi Europe Sales B.V.\",\"alternateName\":\"Toyotomi\",\"url\":\"https:\\\/\\\/www.toyotomi.eu\\\/no\\\/\",\"logo\":{\"@type\":\"ImageObject\",\"inLanguage\":\"nb-NO\",\"@id\":\"https:\\\/\\\/www.toyotomi.eu\\\/no\\\/#\\\/schema\\\/logo\\\/image\\\/\",\"url\":\"https:\\\/\\\/www.toyotomi.eu\\\/wp-content\\\/uploads\\\/2025\\\/10\\\/logo.png\",\"contentUrl\":\"https:\\\/\\\/www.toyotomi.eu\\\/wp-content\\\/uploads\\\/2025\\\/10\\\/logo.png\",\"width\":1360,\"height\":304,\"caption\":\"Toyotomi Europe Sales B.V.\"},\"image\":{\"@id\":\"https:\\\/\\\/www.toyotomi.eu\\\/no\\\/#\\\/schema\\\/logo\\\/image\\\/\"}}]}<\/script>\n<!-- \/ Yoast SEO plugin. -->","yoast_head_json":{"title":"Blogg - Toyotomi","description":"Toyotomi Europes blogg, blogginnlegg om alt du trenger \u00e5 vite om klimakontroll, sammen med ekspertinnsikt.","robots":{"index":"index","follow":"follow","max-snippet":"max-snippet:-1","max-image-preview":"max-image-preview:large","max-video-preview":"max-video-preview:-1"},"canonical":"https:\/\/www.toyotomi.eu\/no\/blogg\/","og_locale":"nb_NO","og_type":"article","og_title":"Blogg - Toyotomi","og_description":"Toyotomi Europes blogg, blogginnlegg om alt du trenger \u00e5 vite om klimakontroll, sammen med ekspertinnsikt.","og_url":"https:\/\/www.toyotomi.eu\/no\/blogg\/","og_site_name":"Toyotomi","article_modified_time":"2026-01-09T02:11:13+00:00","og_image":[{"width":1360,"height":304,"url":"https:\/\/www.toyotomi.eu\/wp-content\/uploads\/2025\/10\/logo.png","type":"image\/png"}],"twitter_card":"summary_large_image","schema":{"@context":"https:\/\/schema.org","@graph":[{"@type":"WebPage","@id":"https:\/\/www.toyotomi.eu\/no\/blogg\/","url":"https:\/\/www.toyotomi.eu\/no\/blogg\/","name":"Blogg - Toyotomi","isPartOf":{"@id":"https:\/\/www.toyotomi.eu\/no\/#website"},"datePublished":"2024-12-31T23:00:16+00:00","dateModified":"2026-01-09T02:11:13+00:00","description":"Toyotomi Europes blogg, blogginnlegg om alt du trenger \u00e5 vite om klimakontroll, sammen med ekspertinnsikt.","breadcrumb":{"@id":"https:\/\/www.toyotomi.eu\/no\/blogg\/#breadcrumb"},"inLanguage":"nb-NO","potentialAction":[{"@type":"ReadAction","target":["https:\/\/www.toyotomi.eu\/no\/blogg\/"]}]},{"@type":"BreadcrumbList","@id":"https:\/\/www.toyotomi.eu\/no\/blogg\/#breadcrumb","itemListElement":[{"@type":"ListItem","position":1,"name":"Hjem","item":"https:\/\/www.toyotomi.eu\/no\/"},{"@type":"ListItem","position":2,"name":"Blogg"}]},{"@type":"WebSite","@id":"https:\/\/www.toyotomi.eu\/no\/#website","url":"https:\/\/www.toyotomi.eu\/no\/","name":"Toyotomi","description":"","publisher":{"@id":"https:\/\/www.toyotomi.eu\/no\/#organization"},"potentialAction":[{"@type":"SearchAction","target":{"@type":"EntryPoint","urlTemplate":"https:\/\/www.toyotomi.eu\/no\/?s={search_term_string}"},"query-input":{"@type":"PropertyValueSpecification","valueRequired":true,"valueName":"search_term_string"}}],"inLanguage":"nb-NO"},{"@type":"Organization","@id":"https:\/\/www.toyotomi.eu\/no\/#organization","name":"Toyotomi Europe Sales B.V.","alternateName":"Toyotomi","url":"https:\/\/www.toyotomi.eu\/no\/","logo":{"@type":"ImageObject","inLanguage":"nb-NO","@id":"https:\/\/www.toyotomi.eu\/no\/#\/schema\/logo\/image\/","url":"https:\/\/www.toyotomi.eu\/wp-content\/uploads\/2025\/10\/logo.png","contentUrl":"https:\/\/www.toyotomi.eu\/wp-content\/uploads\/2025\/10\/logo.png","width":1360,"height":304,"caption":"Toyotomi Europe Sales B.V."},"image":{"@id":"https:\/\/www.toyotomi.eu\/no\/#\/schema\/logo\/image\/"}}]}},"_links":{"self":[{"href":"https:\/\/www.toyotomi.eu\/no\/wp-json\/wp\/v2\/pages\/50914","targetHints":{"allow":["GET"]}}],"collection":[{"href":"https:\/\/www.toyotomi.eu\/no\/wp-json\/wp\/v2\/pages"}],"about":[{"href":"https:\/\/www.toyotomi.eu\/no\/wp-json\/wp\/v2\/types\/page"}],"author":[{"embeddable":true,"href":"https:\/\/www.toyotomi.eu\/no\/wp-json\/wp\/v2\/users\/71"}],"replies":[{"embeddable":true,"href":"https:\/\/www.toyotomi.eu\/no\/wp-json\/wp\/v2\/comments?post=50914"}],"version-history":[{"count":4,"href":"https:\/\/www.toyotomi.eu\/no\/wp-json\/wp\/v2\/pages\/50914\/revisions"}],"predecessor-version":[{"id":57238,"href":"https:\/\/www.toyotomi.eu\/no\/wp-json\/wp\/v2\/pages\/50914\/revisions\/57238"}],"wp:attachment":[{"href":"https:\/\/www.toyotomi.eu\/no\/wp-json\/wp\/v2\/media?parent=50914"}],"curies":[{"name":"wp","href":"https:\/\/api.w.org\/{rel}","templated":true}]}}