{"id":50862,"date":"2025-01-01T00:00:58","date_gmt":"2025-01-01T00:00:58","guid":{"rendered":"https:\/\/www.toyotomi.eu\/vedlikehold-og-rengjoring-av-ovner\/"},"modified":"2026-04-02T18:05:14","modified_gmt":"2026-04-02T16:05:14","slug":"vedlikehold-og-rengjoring-av-ovner","status":"publish","type":"page","link":"https:\/\/www.toyotomi.eu\/no\/vedlikehold-og-rengjoring-av-ovner\/","title":{"rendered":"Vedlikehold og rengj\u00f8ring av ovner"},"content":{"rendered":"\n<div class=\"wp-block-cover alignfull\" style=\"min-height:400px;aspect-ratio:unset;\"><img loading=\"lazy\" decoding=\"async\" width=\"1920\" height=\"670\" class=\"wp-block-cover__image-background wp-image-29223 size-full\" alt=\"\" src=\"https:\/\/www.toyotomi.eu\/wp-content\/uploads\/2025\/08\/title02-2.jpg.webp\" data-object-fit=\"cover\" srcset=\"https:\/\/www.toyotomi.eu\/wp-content\/uploads\/2025\/08\/title02-2.jpg.webp 1920w, https:\/\/www.toyotomi.eu\/wp-content\/uploads\/2025\/08\/title02-2.jpg-300x105.webp 300w, https:\/\/www.toyotomi.eu\/wp-content\/uploads\/2025\/08\/title02-2.jpg-1024x357.webp 1024w, https:\/\/www.toyotomi.eu\/wp-content\/uploads\/2025\/08\/title02-2.jpg-768x268.webp 768w, https:\/\/www.toyotomi.eu\/wp-content\/uploads\/2025\/08\/title02-2.jpg-1536x536.webp 1536w, https:\/\/www.toyotomi.eu\/wp-content\/uploads\/2025\/08\/title02-2.jpg-990x345.webp 990w, https:\/\/www.toyotomi.eu\/wp-content\/uploads\/2025\/08\/title02-2.jpg-441x154.webp 441w, https:\/\/www.toyotomi.eu\/wp-content\/uploads\/2025\/08\/title02-2.jpg-150x52.webp 150w\" sizes=\"auto, (max-width: 1920px) 100vw, 1920px\" \/><span aria-hidden=\"true\" class=\"wp-block-cover__background has-background-dim-0 has-background-dim\" style=\"background-color:#47494a\"><\/span><div class=\"wp-block-cover__inner-container has-global-padding is-layout-constrained wp-block-cover-is-layout-constrained\">\n<div class=\"wp-block-essential-blocks-wrapper alignfull  root-eb-wrapper-7mgxz\"><div class=\"eb-parent-wrapper eb-parent-eb-wrapper-7mgxz \"><div class=\"eb-wrapper-outer eb-wrapper-7mgxz\"><div class=\"eb-wrapper-inner\"><div class=\"eb-wrapper-inner-blocks eb-wrapper-align-center\">\n<div class=\"wp-block-essential-blocks-row alignfull  root-eb-row-if1x3\"><div class=\"eb-parent-wrapper eb-parent-eb-row-if1x3 \"><div class=\"eb-row-root-container eb-row-if1x3\" data-id=\"eb-row-if1x3\"><div class=\"eb-row-wrapper\"><div class=\"eb-row-inner\">\n<div class=\"wp-block-essential-blocks-column  root-eb-column-yb60h\"><div class=\"eb-parent-wrapper eb-parent-eb-column-yb60h \"><div class=\"eb-column-wrapper eb-column-yb60h\"><div class=\"eb-column-inner\">\n<h1 class=\"wp-block-heading has-white-color has-text-color has-link-color has-xx-large-font-size wp-elements-3c16489b5e99a23efca9fc0163023346\">Vedlikehold og rengj\u00f8ring av ovnen din<\/h1>\n<\/div><\/div><\/div><\/div>\n<\/div><\/div><\/div><\/div><\/div>\n<\/div><\/div><\/div><\/div><\/div>\n<\/div><\/div>\n\n<div class=\"wp-block-essential-blocks-wrapper alignfull  root-eb-wrapper-yduhh\"><div class=\"eb-parent-wrapper eb-parent-eb-wrapper-yduhh \"><div class=\"eb-wrapper-outer eb-wrapper-yduhh\"><div class=\"eb-wrapper-inner\"><div class=\"eb-wrapper-inner-blocks eb-wrapper-align-center\">\n<div class=\"wp-block-essential-blocks-row alignfull  root-eb-row-qkut0\"><div class=\"eb-parent-wrapper eb-parent-eb-row-qkut0 \"><div class=\"eb-row-root-container eb-row-qkut0\" data-id=\"eb-row-qkut0\"><div class=\"eb-row-wrapper\"><div class=\"eb-row-inner\">\n<div class=\"wp-block-essential-blocks-column  root-eb-column-r8pmz\"><div class=\"eb-parent-wrapper eb-parent-eb-column-r8pmz \"><div class=\"eb-column-wrapper eb-column-r8pmz\"><div class=\"eb-column-inner\">\n<h2 class=\"wp-block-heading has-x-large-font-size\">Begynn med sikkerhet<\/h2>\n\n\n\n<p>F\u00f8r du starter rengj\u00f8ring eller vedlikehold, m\u00e5 du alltid forsikre deg om at ovnen er fullstendig avkj\u00f8lt. Koble fra enheten og frakoble eventuelle drivstoffkilder. Disse grunnleggende forholdsreglene beskytter deg mot ulykker eller elektriske problemer. Husk at rengj\u00f8ring eller service av en varm ovn ikke bare er risikabelt, det kan ogs\u00e5 skade sensitive interne komponenter.   <\/p>\n<\/div><\/div><\/div><\/div>\n\n\n\n<div class=\"wp-block-essential-blocks-column  root-eb-column-a6zsj\"><div class=\"eb-parent-wrapper eb-parent-eb-column-a6zsj \"><div class=\"eb-column-wrapper eb-column-a6zsj\"><div class=\"eb-column-inner\"><\/div><\/div><\/div><\/div>\n<\/div><\/div><\/div><\/div><\/div>\n<\/div><\/div><\/div><\/div><\/div>\n\n<div class=\"wp-block-essential-blocks-wrapper alignfull  root-eb-wrapper-gh3js\"><div class=\"eb-parent-wrapper eb-parent-eb-wrapper-gh3js \"><div class=\"eb-wrapper-outer eb-wrapper-gh3js\"><div class=\"eb-wrapper-inner\"><div class=\"eb-wrapper-inner-blocks eb-wrapper-align-center\">\n<div class=\"wp-block-essential-blocks-row alignfull  root-eb-row-3lzvp\"><div class=\"eb-parent-wrapper eb-parent-eb-row-3lzvp \"><div class=\"eb-row-root-container eb-row-3lzvp\" data-id=\"eb-row-3lzvp\"><div class=\"eb-row-wrapper\"><div class=\"eb-row-inner\">\n<div class=\"wp-block-essential-blocks-column  root-eb-column-kv3ug\"><div class=\"eb-parent-wrapper eb-parent-eb-column-kv3ug \"><div class=\"eb-column-wrapper eb-column-kv3ug\"><div class=\"eb-column-inner\">\n<figure class=\"wp-block-image size-full has-custom-border\"><img loading=\"lazy\" decoding=\"async\" width=\"700\" height=\"800\" src=\"https:\/\/www.toyotomi.eu\/wp-content\/uploads\/2025\/06\/toyotomi-cleaning-heater.jpg\" alt=\"Toyotomi Europe rundovn blir rengjort\" class=\"wp-image-20396\" style=\"border-radius:4px\" srcset=\"https:\/\/www.toyotomi.eu\/wp-content\/uploads\/2025\/06\/toyotomi-cleaning-heater.jpg 700w, https:\/\/www.toyotomi.eu\/wp-content\/uploads\/2025\/06\/toyotomi-cleaning-heater-263x300.jpg 263w, https:\/\/www.toyotomi.eu\/wp-content\/uploads\/2025\/06\/toyotomi-cleaning-heater-441x504.jpg 441w, https:\/\/www.toyotomi.eu\/wp-content\/uploads\/2025\/06\/toyotomi-cleaning-heater-150x171.jpg 150w\" sizes=\"auto, (max-width: 700px) 100vw, 700px\" \/><\/figure>\n<\/div><\/div><\/div><\/div>\n\n\n\n<div class=\"wp-block-essential-blocks-column  root-eb-column-dfjpu\"><div class=\"eb-parent-wrapper eb-parent-eb-column-dfjpu \"><div class=\"eb-column-wrapper eb-column-dfjpu\"><div class=\"eb-column-inner\">\n<h2 class=\"wp-block-heading has-x-large-font-size\">Hold den ren<\/h2>\n\n\n\n<p>Gjennom oppvarmingssesongen kan en rask ukentlig rutine bidra til at ovnen fungerer optimalt. St\u00f8vsug luftfilteret forsiktig for \u00e5 fjerne st\u00f8vopphopning, og pass p\u00e5 ikke \u00e5 fukte eller komprimere materialet for mye. Et rent filter gir bedre luftstr\u00f8m, noe som holder forbrenningen mer effektiv og luften i hjemmet ditt friskere.  <\/p>\n\n\n\n<p>Du b\u00f8r ogs\u00e5 t\u00f8rke av utsiden, spesielt viftedekselet og lamellventilene, med en myk, fuktig klut. Unng\u00e5 \u00e5 bruke slipende svamper eller sterke kjemikalier. Disse overflatene er designet for h\u00f8y varme, men ikke kraftig skrubbing.  <\/p>\n\n\n\n<p>Hvis ovnen din bruker et flytende drivstoffsystem, m\u00e5 du inspisere drivstofftilkoblingene som en del av den vanlige kontrollen. T\u00f8rk opp eventuelt s\u00f8lt parafin umiddelbart og forsikre deg om at koblingene er stramme for \u00e5 forhindre lukt og lekkasjer. <\/p>\n<\/div><\/div><\/div><\/div>\n<\/div><\/div><\/div><\/div><\/div>\n<\/div><\/div><\/div><\/div><\/div>\n\n<div class=\"wp-block-essential-blocks-wrapper alignfull  root-eb-wrapper-qbnbs\"><div class=\"eb-parent-wrapper eb-parent-eb-wrapper-qbnbs \"><div class=\"eb-wrapper-outer eb-wrapper-qbnbs\"><div class=\"eb-wrapper-inner\"><div class=\"eb-wrapper-inner-blocks eb-wrapper-align-center\">\n<div class=\"wp-block-essential-blocks-row alignfull  root-eb-row-u3y5j\"><div class=\"eb-parent-wrapper eb-parent-eb-row-u3y5j \"><div class=\"eb-row-root-container eb-row-u3y5j\" data-id=\"eb-row-u3y5j\"><div class=\"eb-row-wrapper\"><div class=\"eb-row-inner\">\n<div class=\"wp-block-essential-blocks-column  root-eb-column-87v7r\"><div class=\"eb-parent-wrapper eb-parent-eb-column-87v7r \"><div class=\"eb-column-wrapper eb-column-87v7r\"><div class=\"eb-column-inner\">\n<figure class=\"wp-block-image size-full has-custom-border\"><img loading=\"lazy\" decoding=\"async\" width=\"700\" height=\"800\" src=\"https:\/\/www.toyotomi.eu\/wp-content\/uploads\/2025\/06\/toyotomi-heater-cleaning.jpg\" alt=\"Toyotomi Europe ovn grundig rengj&#xF8;ring og vedlikehold\" class=\"wp-image-20398\" style=\"border-radius:4px\" srcset=\"https:\/\/www.toyotomi.eu\/wp-content\/uploads\/2025\/06\/toyotomi-heater-cleaning.jpg 700w, https:\/\/www.toyotomi.eu\/wp-content\/uploads\/2025\/06\/toyotomi-heater-cleaning-263x300.jpg 263w, https:\/\/www.toyotomi.eu\/wp-content\/uploads\/2025\/06\/toyotomi-heater-cleaning-441x504.jpg 441w, https:\/\/www.toyotomi.eu\/wp-content\/uploads\/2025\/06\/toyotomi-heater-cleaning-150x171.jpg 150w\" sizes=\"auto, (max-width: 700px) 100vw, 700px\" \/><\/figure>\n<\/div><\/div><\/div><\/div>\n\n\n\n<div class=\"wp-block-essential-blocks-column  root-eb-column-r469z\"><div class=\"eb-parent-wrapper eb-parent-eb-column-r469z \"><div class=\"eb-column-wrapper eb-column-r469z\"><div class=\"eb-column-inner\">\n<h2 class=\"wp-block-heading has-x-large-font-size\">Periodisk vedlikehold<\/h2>\n\n\n\n<p>Toyotomi-ovnen din har nytte av periodisk grundig rengj\u00f8ring og vedlikehold. Noen ganger i \u00e5ret, eller oftere hvis du bruker enheten daglig, b\u00f8r du sette av tid til dypere rengj\u00f8ring. <\/p>\n\n\n\n<p>Fjern frontdekselet og bruk en st\u00f8vsuger med myk b\u00f8rstetupp til \u00e5 rengj\u00f8re den indre varmeveksleren og viftebasen. St\u00f8vopphopning i disse omr\u00e5dene kan f\u00f8re til ineffektivitet, h\u00f8yere st\u00f8yniv\u00e5 og til og med forbrenningsproblemer over tid. <\/p>\n\n\n\n<p>Hvis du legger merke til at flammen ser ujevn ut, produserer sot eller lukter uvanlig, kan det v\u00e6re p\u00e5 tide \u00e5 sjekke drivstoffkvaliteten eller justere veken. \u00c5 erstatte gammelt drivstoff med fersk, ren parafin og bruke et godkjent drivstofftilsetningsstoff kan l\u00f8se mange ytelsesproblemer. <\/p>\n\n\n\n<p>Merk: ikke demonter ovnen, bare ta av dekselet for \u00e5 f\u00e5 tilgang til innsiden. Dette kan f\u00f8re til at den ikke settes sammen like godt som den var, og kan p\u00e5virke opplevelsen din i fremtiden. <\/p>\n<\/div><\/div><\/div><\/div>\n<\/div><\/div><\/div><\/div><\/div>\n<\/div><\/div><\/div><\/div><\/div>\n\n<div class=\"wp-block-essential-blocks-wrapper alignfull  root-eb-wrapper-lgkay\"><div class=\"eb-parent-wrapper eb-parent-eb-wrapper-lgkay \"><div class=\"eb-wrapper-outer eb-wrapper-lgkay\"><div class=\"eb-wrapper-inner\"><div class=\"eb-wrapper-inner-blocks eb-wrapper-align-center\">\n<div class=\"wp-block-essential-blocks-row alignfull  root-eb-row-ixlzw\"><div class=\"eb-parent-wrapper eb-parent-eb-row-ixlzw \"><div class=\"eb-row-root-container eb-row-ixlzw\" data-id=\"eb-row-ixlzw\"><div class=\"eb-row-wrapper\"><div class=\"eb-row-inner\">\n<div class=\"wp-block-essential-blocks-column  root-eb-column-kxvc1\"><div class=\"eb-parent-wrapper eb-parent-eb-column-kxvc1 \"><div class=\"eb-column-wrapper eb-column-kxvc1\"><div class=\"eb-column-inner\">\n<figure class=\"wp-block-image size-full has-custom-border\"><img loading=\"lazy\" decoding=\"async\" width=\"700\" height=\"800\" src=\"https:\/\/www.toyotomi.eu\/wp-content\/uploads\/2025\/06\/toyotomi-heater-storage.jpg\" alt=\"Toyotomi Europe rundovn blir oppbevart i oppbevaringspose for lavsesong\" class=\"wp-image-20399\" style=\"border-radius:4px\" srcset=\"https:\/\/www.toyotomi.eu\/wp-content\/uploads\/2025\/06\/toyotomi-heater-storage.jpg 700w, https:\/\/www.toyotomi.eu\/wp-content\/uploads\/2025\/06\/toyotomi-heater-storage-263x300.jpg 263w, https:\/\/www.toyotomi.eu\/wp-content\/uploads\/2025\/06\/toyotomi-heater-storage-441x504.jpg 441w, https:\/\/www.toyotomi.eu\/wp-content\/uploads\/2025\/06\/toyotomi-heater-storage-150x171.jpg 150w\" sizes=\"auto, (max-width: 700px) 100vw, 700px\" \/><\/figure>\n<\/div><\/div><\/div><\/div>\n\n\n\n<div class=\"wp-block-essential-blocks-column  root-eb-column-hv4y7\"><div class=\"eb-parent-wrapper eb-parent-eb-column-hv4y7 \"><div class=\"eb-column-wrapper eb-column-hv4y7\"><div class=\"eb-column-inner\">\n<h2 class=\"wp-block-heading has-x-large-font-size\">Forberedelse til oppbevaring utenfor sesongen<\/h2>\n\n\n\n<p>N\u00e5r oppvarmingssesongen er over, sikrer riktig oppbevaring at ovnen er klar n\u00e5r kulden kommer tilbake. Start med \u00e5 t\u00f8mme drivstoffbeholderen fullstendig og la ovnen g\u00e5 til alt gjenv\u00e6rende drivstoff er brent opp. Dette trinnet bidrar til \u00e5 forhindre gummiavleiring og indre korrosjon mens enheten st\u00e5r ubrukt.  <\/p>\n\n\n\n<p>Etter at enheten har kj\u00f8lt seg ned, t\u00f8rker du av alle overflater og lar dem t\u00f8rke grundig. Det er viktig \u00e5 holde st\u00f8v, fuktighet og insekter ute av systemet i nedetiden. For ekstra beskyttelse tilbyr Toyotomi en dedikert oppbevaring- og b\u00e6repose designet for hver modell. Dette slitesterke dekselet bidrar til \u00e5 beskytte ovnen mot st\u00f8v og rusk under oppbevaring eller transport, samtidig som det gj\u00f8r det enklere \u00e5 flytte den trygt mellom steder.   <\/p>\n\n\n\n<p>N\u00e5r den er rengjort og dekket til, oppbevar ovnen p\u00e5 et kj\u00f8lig, t\u00f8rt sted, borte fra direkte sollys, fuktige forhold eller ekstreme temperaturer. Med bare litt omsorg vil ovnen din v\u00e6re klar til \u00e5 levere p\u00e5litelig varme sesong etter sesong. <\/p>\n<\/div><\/div><\/div><\/div>\n<\/div><\/div><\/div><\/div><\/div>\n<\/div><\/div><\/div><\/div><\/div>\n\n<div style=\"height:10px\" aria-hidden=\"true\" class=\"wp-block-spacer\"><\/div>\n\n<div class=\"wp-block-essential-blocks-wrapper alignfull  root-eb-wrapper-mfi89\"><div class=\"eb-parent-wrapper eb-parent-eb-wrapper-mfi89 \"><div class=\"eb-wrapper-outer eb-wrapper-mfi89\"><div class=\"eb-wrapper-inner\"><div class=\"eb-wrapper-inner-blocks eb-wrapper-align-center\">\n<div class=\"wp-block-essential-blocks-row alignfull  root-eb-row-ahqhk\"><div class=\"eb-parent-wrapper eb-parent-eb-row-ahqhk \"><div class=\"eb-row-root-container eb-row-ahqhk\" data-id=\"eb-row-ahqhk\"><div class=\"eb-row-wrapper\"><div class=\"eb-row-inner\">\n<div class=\"wp-block-essential-blocks-column  root-eb-column-lwznr\"><div class=\"eb-parent-wrapper eb-parent-eb-column-lwznr \"><div class=\"eb-column-wrapper eb-column-lwznr\"><div class=\"eb-column-inner\">\n<div class=\"wp-block-essential-blocks-interactive-promo root-eb-interactive-promo-ym70e\"><div class=\"eb-parent-wrapper eb-parent-eb-interactive-promo-ym70e \"><div class=\"eb-interactive-promo-wrapper eb-interactive-promo-ym70e\"><div class=\"eb-interactive-promo-container\" data-effect=\"apollo\"><div class=\"eb-interactive-promo hover-effect\"><figure class=\"effect-apollo\"><img decoding=\"async\" src=\"https:\/\/www.toyotomi.eu\/wp-content\/uploads\/2025\/12\/Nedlastinger-1.jpg\" alt=\"Toyotomi nedlastingsknapp\"><figcaption><h2 class=\"eb-interactive-promo-header\"><\/h2><p class=\"eb-interactive-promo-content\"><\/p><a href=\"https:\/\/www.toyotomi.eu\/no\/kundeservice\/nedlastinger\/\" target=\"_self\" rel=\"noopener noreferrer\"><\/a><\/figcaption><\/figure><\/div><\/div><\/div><\/div><\/div>\n<\/div><\/div><\/div><\/div>\n\n\n\n<div class=\"wp-block-essential-blocks-column  root-eb-column-ln7zw\"><div class=\"eb-parent-wrapper eb-parent-eb-column-ln7zw \"><div class=\"eb-column-wrapper eb-column-ln7zw\"><div class=\"eb-column-inner\">\n<div class=\"wp-block-essential-blocks-interactive-promo root-eb-interactive-promo-tw4ug\"><div class=\"eb-parent-wrapper eb-parent-eb-interactive-promo-tw4ug \"><div class=\"eb-interactive-promo-wrapper eb-interactive-promo-tw4ug\"><div class=\"eb-interactive-promo-container\" data-effect=\"apollo\"><div class=\"eb-interactive-promo hover-effect\"><figure class=\"effect-apollo\"><img decoding=\"async\" src=\"https:\/\/www.toyotomi.eu\/wp-content\/uploads\/2025\/12\/Ofte-stilte-sporsmal-1.jpg\" alt=\"Toyotomi nedlastingsknapp\"><figcaption><h2 class=\"eb-interactive-promo-header\"><\/h2><p class=\"eb-interactive-promo-content\"><\/p><a href=\"https:\/\/www.toyotomi.eu\/no\/kundeservice\/faq\/\" target=\"_self\" rel=\"noopener noreferrer\"><\/a><\/figcaption><\/figure><\/div><\/div><\/div><\/div><\/div>\n<\/div><\/div><\/div><\/div>\n\n\n\n<div class=\"wp-block-essential-blocks-column  root-eb-column-fibpt\"><div class=\"eb-parent-wrapper eb-parent-eb-column-fibpt \"><div class=\"eb-column-wrapper eb-column-fibpt\"><div class=\"eb-column-inner\"><\/div><\/div><\/div><\/div>\n\n\n\n<div class=\"wp-block-essential-blocks-column  root-eb-column-5lxl9\"><div class=\"eb-parent-wrapper eb-parent-eb-column-5lxl9 \"><div class=\"eb-column-wrapper eb-column-5lxl9\"><div class=\"eb-column-inner\">\n<div class=\"wp-block-buttons is-horizontal is-content-justification-right is-layout-flex wp-container-core-buttons-is-layout-6de4a2c1 wp-block-buttons-is-layout-flex\" style=\"margin-top:0;margin-bottom:0;padding-top:0;padding-right:0;padding-bottom:0;padding-left:0\">\n<div class=\"wp-block-button hvr-grow\"><a class=\"wp-block-button__link has-white-color has-text-color has-background has-link-color has-text-align-center has-custom-font-size wp-element-button\" href=\"https:\/\/www.toyotomi.eu\/no\/kategori\/oppvarming\/reservedeler\/\" style=\"border-radius:4px;background-color:#ca0f0f;font-size:clamp(14px, 0.875rem + ((1vw - 3.2px) * 0.46), 18px);\">Oppdag v\u00e5re Reservedeler<\/a><\/div>\n\n\n\n<div class=\"wp-block-button hvr-grow\"><a class=\"wp-block-button__link has-white-color has-text-color has-background has-link-color has-text-align-center has-custom-font-size wp-element-button\" href=\"https:\/\/www.toyotomi.eu\/no\/kategori\/oppvarming\/tilbehor\/\" style=\"border-radius:4px;background-color:#ca0f0f;font-size:clamp(14px, 0.875rem + ((1vw - 3.2px) * 0.46), 18px);\">Oppdag v\u00e5rt Tilbeh\u00f8r<\/a><\/div>\n<\/div>\n<\/div><\/div><\/div><\/div>\n<\/div><\/div><\/div><\/div><\/div>\n<\/div><\/div><\/div><\/div><\/div>\n","protected":false},"excerpt":{"rendered":"","protected":false},"author":71,"featured_media":0,"parent":0,"menu_order":0,"comment_status":"closed","ping_status":"closed","template":"template-canvas.php","meta":{"_acf_changed":false,"_eb_attr":"","footnotes":""},"class_list":["post-50862","page","type-page","status-publish","hentry"],"acf":[],"yoast_head":"<!-- This site is optimized with the Yoast SEO plugin v27.4 - https:\/\/yoast.com\/product\/yoast-seo-wordpress\/ -->\n<title>Vedlikehold og rengj\u00f8ring av ovner - Toyotomi<\/title>\n<meta name=\"robots\" content=\"index, follow, max-snippet:-1, max-image-preview:large, max-video-preview:-1\" \/>\n<link rel=\"canonical\" href=\"https:\/\/www.toyotomi.eu\/no\/vedlikehold-og-rengjoring-av-ovner\/\" \/>\n<meta property=\"og:locale\" content=\"nb_NO\" \/>\n<meta property=\"og:type\" content=\"article\" \/>\n<meta property=\"og:title\" content=\"Vedlikehold og rengj\u00f8ring av ovner - Toyotomi\" \/>\n<meta property=\"og:url\" content=\"https:\/\/www.toyotomi.eu\/no\/vedlikehold-og-rengjoring-av-ovner\/\" \/>\n<meta property=\"og:site_name\" content=\"Toyotomi\" \/>\n<meta property=\"article:modified_time\" content=\"2026-04-02T16:05:14+00:00\" \/>\n<meta property=\"og:image\" content=\"https:\/\/www.toyotomi.eu\/wp-content\/uploads\/2025\/08\/title02-2.jpg.webp\" \/>\n\t<meta property=\"og:image:width\" content=\"1920\" \/>\n\t<meta property=\"og:image:height\" content=\"670\" \/>\n\t<meta property=\"og:image:type\" content=\"image\/webp\" \/>\n<meta name=\"twitter:card\" content=\"summary_large_image\" \/>\n<meta name=\"twitter:label1\" content=\"Ansl. lesetid\" \/>\n\t<meta name=\"twitter:data1\" content=\"3 minutter\" \/>\n<script type=\"application\/ld+json\" class=\"yoast-schema-graph\">{\"@context\":\"https:\\\/\\\/schema.org\",\"@graph\":[{\"@type\":\"WebPage\",\"@id\":\"https:\\\/\\\/www.toyotomi.eu\\\/no\\\/vedlikehold-og-rengjoring-av-ovner\\\/\",\"url\":\"https:\\\/\\\/www.toyotomi.eu\\\/no\\\/vedlikehold-og-rengjoring-av-ovner\\\/\",\"name\":\"Vedlikehold og rengj\u00f8ring av ovner - Toyotomi\",\"isPartOf\":{\"@id\":\"https:\\\/\\\/www.toyotomi.eu\\\/no\\\/#website\"},\"primaryImageOfPage\":{\"@id\":\"https:\\\/\\\/www.toyotomi.eu\\\/no\\\/vedlikehold-og-rengjoring-av-ovner\\\/#primaryimage\"},\"image\":{\"@id\":\"https:\\\/\\\/www.toyotomi.eu\\\/no\\\/vedlikehold-og-rengjoring-av-ovner\\\/#primaryimage\"},\"thumbnailUrl\":\"https:\\\/\\\/www.toyotomi.eu\\\/wp-content\\\/uploads\\\/2025\\\/08\\\/title02-2.jpg.webp\",\"datePublished\":\"2025-01-01T00:00:58+00:00\",\"dateModified\":\"2026-04-02T16:05:14+00:00\",\"breadcrumb\":{\"@id\":\"https:\\\/\\\/www.toyotomi.eu\\\/no\\\/vedlikehold-og-rengjoring-av-ovner\\\/#breadcrumb\"},\"inLanguage\":\"nb-NO\",\"potentialAction\":[{\"@type\":\"ReadAction\",\"target\":[\"https:\\\/\\\/www.toyotomi.eu\\\/no\\\/vedlikehold-og-rengjoring-av-ovner\\\/\"]}]},{\"@type\":\"ImageObject\",\"inLanguage\":\"nb-NO\",\"@id\":\"https:\\\/\\\/www.toyotomi.eu\\\/no\\\/vedlikehold-og-rengjoring-av-ovner\\\/#primaryimage\",\"url\":\"https:\\\/\\\/www.toyotomi.eu\\\/wp-content\\\/uploads\\\/2025\\\/08\\\/title02-2.jpg.webp\",\"contentUrl\":\"https:\\\/\\\/www.toyotomi.eu\\\/wp-content\\\/uploads\\\/2025\\\/08\\\/title02-2.jpg.webp\"},{\"@type\":\"BreadcrumbList\",\"@id\":\"https:\\\/\\\/www.toyotomi.eu\\\/no\\\/vedlikehold-og-rengjoring-av-ovner\\\/#breadcrumb\",\"itemListElement\":[{\"@type\":\"ListItem\",\"position\":1,\"name\":\"Hjem\",\"item\":\"https:\\\/\\\/www.toyotomi.eu\\\/no\\\/\"},{\"@type\":\"ListItem\",\"position\":2,\"name\":\"Vedlikehold og rengj\u00f8ring av ovner\"}]},{\"@type\":\"WebSite\",\"@id\":\"https:\\\/\\\/www.toyotomi.eu\\\/no\\\/#website\",\"url\":\"https:\\\/\\\/www.toyotomi.eu\\\/no\\\/\",\"name\":\"Toyotomi\",\"description\":\"\",\"publisher\":{\"@id\":\"https:\\\/\\\/www.toyotomi.eu\\\/no\\\/#organization\"},\"potentialAction\":[{\"@type\":\"SearchAction\",\"target\":{\"@type\":\"EntryPoint\",\"urlTemplate\":\"https:\\\/\\\/www.toyotomi.eu\\\/no\\\/?s={search_term_string}\"},\"query-input\":{\"@type\":\"PropertyValueSpecification\",\"valueRequired\":true,\"valueName\":\"search_term_string\"}}],\"inLanguage\":\"nb-NO\"},{\"@type\":\"Organization\",\"@id\":\"https:\\\/\\\/www.toyotomi.eu\\\/no\\\/#organization\",\"name\":\"Toyotomi Europe Sales B.V.\",\"alternateName\":\"Toyotomi\",\"url\":\"https:\\\/\\\/www.toyotomi.eu\\\/no\\\/\",\"logo\":{\"@type\":\"ImageObject\",\"inLanguage\":\"nb-NO\",\"@id\":\"https:\\\/\\\/www.toyotomi.eu\\\/no\\\/#\\\/schema\\\/logo\\\/image\\\/\",\"url\":\"https:\\\/\\\/www.toyotomi.eu\\\/wp-content\\\/uploads\\\/2025\\\/10\\\/logo.png\",\"contentUrl\":\"https:\\\/\\\/www.toyotomi.eu\\\/wp-content\\\/uploads\\\/2025\\\/10\\\/logo.png\",\"width\":1360,\"height\":304,\"caption\":\"Toyotomi Europe Sales B.V.\"},\"image\":{\"@id\":\"https:\\\/\\\/www.toyotomi.eu\\\/no\\\/#\\\/schema\\\/logo\\\/image\\\/\"}}]}<\/script>\n<!-- \/ Yoast SEO plugin. -->","yoast_head_json":{"title":"Vedlikehold og rengj\u00f8ring av ovner - Toyotomi","robots":{"index":"index","follow":"follow","max-snippet":"max-snippet:-1","max-image-preview":"max-image-preview:large","max-video-preview":"max-video-preview:-1"},"canonical":"https:\/\/www.toyotomi.eu\/no\/vedlikehold-og-rengjoring-av-ovner\/","og_locale":"nb_NO","og_type":"article","og_title":"Vedlikehold og rengj\u00f8ring av ovner - Toyotomi","og_url":"https:\/\/www.toyotomi.eu\/no\/vedlikehold-og-rengjoring-av-ovner\/","og_site_name":"Toyotomi","article_modified_time":"2026-04-02T16:05:14+00:00","og_image":[{"width":1920,"height":670,"url":"https:\/\/www.toyotomi.eu\/wp-content\/uploads\/2025\/08\/title02-2.jpg.webp","type":"image\/webp"}],"twitter_card":"summary_large_image","twitter_misc":{"Ansl. lesetid":"3 minutter"},"schema":{"@context":"https:\/\/schema.org","@graph":[{"@type":"WebPage","@id":"https:\/\/www.toyotomi.eu\/no\/vedlikehold-og-rengjoring-av-ovner\/","url":"https:\/\/www.toyotomi.eu\/no\/vedlikehold-og-rengjoring-av-ovner\/","name":"Vedlikehold og rengj\u00f8ring av ovner - Toyotomi","isPartOf":{"@id":"https:\/\/www.toyotomi.eu\/no\/#website"},"primaryImageOfPage":{"@id":"https:\/\/www.toyotomi.eu\/no\/vedlikehold-og-rengjoring-av-ovner\/#primaryimage"},"image":{"@id":"https:\/\/www.toyotomi.eu\/no\/vedlikehold-og-rengjoring-av-ovner\/#primaryimage"},"thumbnailUrl":"https:\/\/www.toyotomi.eu\/wp-content\/uploads\/2025\/08\/title02-2.jpg.webp","datePublished":"2025-01-01T00:00:58+00:00","dateModified":"2026-04-02T16:05:14+00:00","breadcrumb":{"@id":"https:\/\/www.toyotomi.eu\/no\/vedlikehold-og-rengjoring-av-ovner\/#breadcrumb"},"inLanguage":"nb-NO","potentialAction":[{"@type":"ReadAction","target":["https:\/\/www.toyotomi.eu\/no\/vedlikehold-og-rengjoring-av-ovner\/"]}]},{"@type":"ImageObject","inLanguage":"nb-NO","@id":"https:\/\/www.toyotomi.eu\/no\/vedlikehold-og-rengjoring-av-ovner\/#primaryimage","url":"https:\/\/www.toyotomi.eu\/wp-content\/uploads\/2025\/08\/title02-2.jpg.webp","contentUrl":"https:\/\/www.toyotomi.eu\/wp-content\/uploads\/2025\/08\/title02-2.jpg.webp"},{"@type":"BreadcrumbList","@id":"https:\/\/www.toyotomi.eu\/no\/vedlikehold-og-rengjoring-av-ovner\/#breadcrumb","itemListElement":[{"@type":"ListItem","position":1,"name":"Hjem","item":"https:\/\/www.toyotomi.eu\/no\/"},{"@type":"ListItem","position":2,"name":"Vedlikehold og rengj\u00f8ring av ovner"}]},{"@type":"WebSite","@id":"https:\/\/www.toyotomi.eu\/no\/#website","url":"https:\/\/www.toyotomi.eu\/no\/","name":"Toyotomi","description":"","publisher":{"@id":"https:\/\/www.toyotomi.eu\/no\/#organization"},"potentialAction":[{"@type":"SearchAction","target":{"@type":"EntryPoint","urlTemplate":"https:\/\/www.toyotomi.eu\/no\/?s={search_term_string}"},"query-input":{"@type":"PropertyValueSpecification","valueRequired":true,"valueName":"search_term_string"}}],"inLanguage":"nb-NO"},{"@type":"Organization","@id":"https:\/\/www.toyotomi.eu\/no\/#organization","name":"Toyotomi Europe Sales B.V.","alternateName":"Toyotomi","url":"https:\/\/www.toyotomi.eu\/no\/","logo":{"@type":"ImageObject","inLanguage":"nb-NO","@id":"https:\/\/www.toyotomi.eu\/no\/#\/schema\/logo\/image\/","url":"https:\/\/www.toyotomi.eu\/wp-content\/uploads\/2025\/10\/logo.png","contentUrl":"https:\/\/www.toyotomi.eu\/wp-content\/uploads\/2025\/10\/logo.png","width":1360,"height":304,"caption":"Toyotomi Europe Sales B.V."},"image":{"@id":"https:\/\/www.toyotomi.eu\/no\/#\/schema\/logo\/image\/"}}]}},"_links":{"self":[{"href":"https:\/\/www.toyotomi.eu\/no\/wp-json\/wp\/v2\/pages\/50862","targetHints":{"allow":["GET"]}}],"collection":[{"href":"https:\/\/www.toyotomi.eu\/no\/wp-json\/wp\/v2\/pages"}],"about":[{"href":"https:\/\/www.toyotomi.eu\/no\/wp-json\/wp\/v2\/types\/page"}],"author":[{"embeddable":true,"href":"https:\/\/www.toyotomi.eu\/no\/wp-json\/wp\/v2\/users\/71"}],"replies":[{"embeddable":true,"href":"https:\/\/www.toyotomi.eu\/no\/wp-json\/wp\/v2\/comments?post=50862"}],"version-history":[{"count":6,"href":"https:\/\/www.toyotomi.eu\/no\/wp-json\/wp\/v2\/pages\/50862\/revisions"}],"predecessor-version":[{"id":63028,"href":"https:\/\/www.toyotomi.eu\/no\/wp-json\/wp\/v2\/pages\/50862\/revisions\/63028"}],"wp:attachment":[{"href":"https:\/\/www.toyotomi.eu\/no\/wp-json\/wp\/v2\/media?parent=50862"}],"curies":[{"name":"wp","href":"https:\/\/api.w.org\/{rel}","templated":true}]}}