{"id":46274,"date":"2025-01-01T02:01:00","date_gmt":"2025-01-01T01:01:00","guid":{"rendered":"https:\/\/www.toyotomi.eu\/product\/toyotomi-td-zb80\/"},"modified":"2025-12-18T00:55:57","modified_gmt":"2025-12-18T00:55:57","slug":"toyotomi-td-zb80","status":"publish","type":"product","link":"https:\/\/www.toyotomi.eu\/it\/prodotto\/toyotomi-td-zb80\/","title":{"rendered":"Toyotomi TD-ZB80"},"content":{"rendered":"\n<div class=\"wp-block-cover is-light\" style=\"border-radius:10px;min-height:600px;aspect-ratio:unset;\"><img loading=\"lazy\" decoding=\"async\" width=\"1920\" height=\"1400\" class=\"wp-block-cover__image-background wp-image-54965 size-full\" alt=\"\" src=\"https:\/\/www.toyotomi.eu\/wp-content\/uploads\/2025\/01\/Toyotomi-TD-ZB80-banner.jpg\" style=\"object-position:80% 40%\" data-object-fit=\"cover\" data-object-position=\"80% 40%\" srcset=\"https:\/\/www.toyotomi.eu\/wp-content\/uploads\/2025\/01\/Toyotomi-TD-ZB80-banner.jpg 1920w, https:\/\/www.toyotomi.eu\/wp-content\/uploads\/2025\/01\/Toyotomi-TD-ZB80-banner-1024x747.jpg 1024w, https:\/\/www.toyotomi.eu\/wp-content\/uploads\/2025\/01\/Toyotomi-TD-ZB80-banner-768x560.jpg 768w, https:\/\/www.toyotomi.eu\/wp-content\/uploads\/2025\/01\/Toyotomi-TD-ZB80-banner-1536x1120.jpg 1536w, https:\/\/www.toyotomi.eu\/wp-content\/uploads\/2025\/01\/Toyotomi-TD-ZB80-banner-990x722.jpg 990w, https:\/\/www.toyotomi.eu\/wp-content\/uploads\/2025\/01\/Toyotomi-TD-ZB80-banner-441x322.jpg 441w, https:\/\/www.toyotomi.eu\/wp-content\/uploads\/2025\/01\/Toyotomi-TD-ZB80-banner-150x109.jpg 150w\" sizes=\"auto, (max-width: 1920px) 100vw, 1920px\" \/><span aria-hidden=\"true\" class=\"wp-block-cover__background has-background-dim-0 has-background-dim\" style=\"background-color:#efeef0\"><\/span><div class=\"wp-block-cover__inner-container has-global-padding is-layout-constrained wp-block-cover-is-layout-constrained\">\n<p class=\"has-text-align-center has-large-font-size\"><\/p>\n<\/div><\/div>\n\n<div style=\"height:40px\" aria-hidden=\"true\" class=\"wp-block-spacer\"><\/div>\n\n<div class=\"wp-block-essential-blocks-wrapper alignfull  root-eb-wrapper-kiu5m\"><div class=\"eb-parent-wrapper eb-parent-eb-wrapper-kiu5m \"><div class=\"eb-wrapper-outer eb-wrapper-kiu5m\"><div class=\"eb-wrapper-inner\"><div class=\"eb-wrapper-inner-blocks eb-wrapper-align-center\">\n<div class=\"wp-block-essential-blocks-row alignfull  root-eb-row-vp5zx\"><div class=\"eb-parent-wrapper eb-parent-eb-row-vp5zx \"><div class=\"eb-row-root-container eb-row-vp5zx\" data-id=\"eb-row-vp5zx\"><div class=\"eb-row-wrapper\"><div class=\"eb-row-inner\">\n<div class=\"wp-block-essential-blocks-column  root-eb-column-wbb44\"><div class=\"eb-parent-wrapper eb-parent-eb-column-wbb44 \"><div class=\"eb-column-wrapper eb-column-wbb44\"><div class=\"eb-column-inner\">\n<h2 class=\"wp-block-heading has-text-align-left has-x-large-font-size\">Deumidificatore portatile <strong>Toyotomi TD-ZB80<\/strong><\/h2>\n\n\n\n<p>Il deumidificatore Toyotomi TD-ZB80 offre le massime prestazioni in condizioni in cui la temperatura si avvicina ai 20\u00b0C. In queste situazioni, il dispositivo pu\u00f2 assorbire fino a 8 litri di umidit\u00e0 dall&#8217;aria. La capacit\u00e0 del serbatoio di 4,0 litri assicura che il deumidificatore possa funzionare per un periodo sufficientemente lungo senza interventi. Inoltre, il dispositivo smette di funzionare quando il serbatoio dell&#8217;acqua \u00e8 pieno e informa l&#8217;utente. Questo deumidificatore a essiccante superer\u00e0 le prestazioni di un deumidificatore a compressore in tutte le condizioni in cui la temperatura \u00e8 inferiore a 20\u00b0C.    <\/p>\n\n\n\n<p>Il deumidificatore \u00e8 dotato di un pannello di controllo touch screen facilmente accessibile per il funzionamento di tutte le funzioni. L&#8217;uscita dell&#8217;aria superiore a feritoia rende questo deumidificatore una soluzione perfetta per asciugare il bucato. Il design \u00e8 sia \u201cestetico\u201d che \u201cmoderno\u201d e il peso di questo deumidificatore \u00e8 leggero (8,3 kg). Di conseguenza, ci\u00f2 garantisce che il deumidificatore possa essere utilizzato ovunque si adatti meglio alle tue esigenze.   <\/p>\n\n\n\n<p>Il deumidificatore Toyotomi TD-ZB80 non contiene refrigeranti, il che si traduce in un basso impatto potenziale sull&#8217;ambiente. L&#8217;innovativa tecnica a essiccante si adatta perfettamente agli obiettivi di sostenibilit\u00e0 di Toyotomi. Al fine di garantire il massimo comfort e il minimo consumo energetico, il funzionamento automatico consente al dispositivo di funzionare solo quando necessario.  <\/p>\n<\/div><\/div><\/div><\/div>\n<\/div><\/div><\/div><\/div><\/div>\n<\/div><\/div><\/div><\/div><\/div>\n\n<div style=\"height:40px\" aria-hidden=\"true\" class=\"wp-block-spacer\"><\/div>\n\n<div class=\"wp-block-essential-blocks-wrapper alignfull  root-eb-wrapper-0pft6\"><div class=\"eb-parent-wrapper eb-parent-eb-wrapper-0pft6 \"><div class=\"eb-wrapper-outer eb-wrapper-0pft6\"><div class=\"eb-wrapper-inner\"><div class=\"eb-wrapper-inner-blocks eb-wrapper-align-center\">\n<div class=\"wp-block-essential-blocks-row alignfull  root-eb-row-htqol\"><div class=\"eb-parent-wrapper eb-parent-eb-row-htqol \"><div class=\"eb-row-root-container eb-row-htqol\" data-id=\"eb-row-htqol\"><div class=\"eb-row-wrapper\"><div class=\"eb-row-inner\">\n<div class=\"wp-block-essential-blocks-column  root-eb-column-eoyr7\"><div class=\"eb-parent-wrapper eb-parent-eb-column-eoyr7 \"><div class=\"eb-column-wrapper eb-column-eoyr7\"><div class=\"eb-column-inner\">\n<h2 class=\"wp-block-heading has-text-align-center has-xxx-large-font-size\">Funzioni principali<\/h2>\n<\/div><\/div><\/div><\/div>\n<\/div><\/div><\/div><\/div><\/div>\n<\/div><\/div><\/div><\/div><\/div>\n\n<div class=\"wp-block-essential-blocks-wrapper alignfull  root-eb-wrapper-ug9mx\"><div class=\"eb-parent-wrapper eb-parent-eb-wrapper-ug9mx \"><div class=\"eb-wrapper-outer eb-wrapper-ug9mx\"><div class=\"eb-wrapper-inner\"><div class=\"eb-wrapper-inner-blocks eb-wrapper-align-center\">\n<div class=\"wp-block-essential-blocks-row alignfull  root-eb-row-ibpr3\"><div class=\"eb-parent-wrapper eb-parent-eb-row-ibpr3 \"><div class=\"eb-row-root-container eb-row-ibpr3\" data-id=\"eb-row-ibpr3\"><div class=\"eb-row-wrapper\"><div class=\"eb-row-inner\">\n<div class=\"wp-block-essential-blocks-column  root-eb-column-ssjdl\"><div class=\"eb-parent-wrapper eb-parent-eb-column-ssjdl \"><div class=\"eb-column-wrapper eb-column-ssjdl\"><div class=\"eb-column-inner\">\n<figure class=\"wp-block-image size-full is-resized\"><img loading=\"lazy\" decoding=\"async\" width=\"354\" height=\"354\" src=\"https:\/\/www.toyotomi.eu\/wp-content\/uploads\/2025\/12\/TOYO_Icon_Automatic_Restart.png\" alt=\"\" class=\"wp-image-54798\" style=\"object-fit:cover;width:50px;height:50px\" srcset=\"https:\/\/www.toyotomi.eu\/wp-content\/uploads\/2025\/12\/TOYO_Icon_Automatic_Restart.png 354w, https:\/\/www.toyotomi.eu\/wp-content\/uploads\/2025\/12\/TOYO_Icon_Automatic_Restart-300x300.png 300w, https:\/\/www.toyotomi.eu\/wp-content\/uploads\/2025\/12\/TOYO_Icon_Automatic_Restart-100x100.png 100w, https:\/\/www.toyotomi.eu\/wp-content\/uploads\/2025\/12\/TOYO_Icon_Automatic_Restart-150x150.png 150w\" sizes=\"auto, (max-width: 354px) 100vw, 354px\" \/><\/figure>\n\n\n\n<h3 class=\"wp-block-heading\">Funzionamento automatico<\/h3>\n\n\n\n<p>Il sensore di umidit\u00e0 controlla automaticamente l&#8217;umidit\u00e0 della stanza dal 45% al 50% per prevenire la condensa sulla parete e<br\/>finestra.<\/p>\n<\/div><\/div><\/div><\/div>\n\n\n\n<div class=\"wp-block-essential-blocks-column  root-eb-column-wcgjp\"><div class=\"eb-parent-wrapper eb-parent-eb-column-wcgjp \"><div class=\"eb-column-wrapper eb-column-wcgjp\"><div class=\"eb-column-inner\">\n<figure class=\"wp-block-image size-full is-resized\"><img loading=\"lazy\" decoding=\"async\" width=\"354\" height=\"354\" src=\"https:\/\/www.toyotomi.eu\/wp-content\/uploads\/2025\/12\/TOYO_Icon_Automatic_Restart.png\" alt=\"\" class=\"wp-image-54798\" style=\"object-fit:cover;width:50px;height:50px\" srcset=\"https:\/\/www.toyotomi.eu\/wp-content\/uploads\/2025\/12\/TOYO_Icon_Automatic_Restart.png 354w, https:\/\/www.toyotomi.eu\/wp-content\/uploads\/2025\/12\/TOYO_Icon_Automatic_Restart-300x300.png 300w, https:\/\/www.toyotomi.eu\/wp-content\/uploads\/2025\/12\/TOYO_Icon_Automatic_Restart-100x100.png 100w, https:\/\/www.toyotomi.eu\/wp-content\/uploads\/2025\/12\/TOYO_Icon_Automatic_Restart-150x150.png 150w\" sizes=\"auto, (max-width: 354px) 100vw, 354px\" \/><\/figure>\n\n\n\n<h3 class=\"wp-block-heading\">Modalit\u00e0 bucato<\/h3>\n\n\n\n<p>Il pannello di controllo touch ti permette di selezionare facilmente e con precisione la funzione desiderata del tuo dispositivo.<\/p>\n<\/div><\/div><\/div><\/div>\n\n\n\n<div class=\"wp-block-essential-blocks-column  root-eb-column-s54kl\"><div class=\"eb-parent-wrapper eb-parent-eb-column-s54kl \"><div class=\"eb-column-wrapper eb-column-s54kl\"><div class=\"eb-column-inner\">\n<figure class=\"wp-block-image size-full is-resized\"><img loading=\"lazy\" decoding=\"async\" width=\"354\" height=\"354\" src=\"https:\/\/www.toyotomi.eu\/wp-content\/uploads\/2025\/12\/TOYO_Icon_Automatic_Restart.png\" alt=\"\" class=\"wp-image-54798\" style=\"object-fit:cover;width:50px;height:50px\" srcset=\"https:\/\/www.toyotomi.eu\/wp-content\/uploads\/2025\/12\/TOYO_Icon_Automatic_Restart.png 354w, https:\/\/www.toyotomi.eu\/wp-content\/uploads\/2025\/12\/TOYO_Icon_Automatic_Restart-300x300.png 300w, https:\/\/www.toyotomi.eu\/wp-content\/uploads\/2025\/12\/TOYO_Icon_Automatic_Restart-100x100.png 100w, https:\/\/www.toyotomi.eu\/wp-content\/uploads\/2025\/12\/TOYO_Icon_Automatic_Restart-150x150.png 150w\" sizes=\"auto, (max-width: 354px) 100vw, 354px\" \/><\/figure>\n\n\n\n<h3 class=\"wp-block-heading\">Funzione di riavvio automatico<\/h3>\n\n\n\n<p>In caso di interruzione di corrente, l&#8217;unit\u00e0 si fermer\u00e0 ovviamente, ma quando l&#8217;alimentazione torner\u00e0, l&#8217;unit\u00e0 si avvier\u00e0 automaticamente riacquistando le sue impostazioni precedenti.<\/p>\n<\/div><\/div><\/div><\/div>\n<\/div><\/div><\/div><\/div><\/div>\n<\/div><\/div><\/div><\/div><\/div>\n\n<div class=\"wp-block-essential-blocks-wrapper alignfull  root-eb-wrapper-tueh2\"><div class=\"eb-parent-wrapper eb-parent-eb-wrapper-tueh2 \"><div class=\"eb-wrapper-outer eb-wrapper-tueh2\"><div class=\"eb-wrapper-inner\"><div class=\"eb-wrapper-inner-blocks eb-wrapper-align-center\">\n<div class=\"wp-block-essential-blocks-row alignfull  root-eb-row-s97wu\"><div class=\"eb-parent-wrapper eb-parent-eb-row-s97wu \"><div class=\"eb-row-root-container eb-row-s97wu\" data-id=\"eb-row-s97wu\"><div class=\"eb-row-wrapper\"><div class=\"eb-row-inner\">\n<div class=\"wp-block-essential-blocks-column  root-eb-column-ter13\"><div class=\"eb-parent-wrapper eb-parent-eb-column-ter13 \"><div class=\"eb-column-wrapper eb-column-ter13\"><div class=\"eb-column-inner\">\n<figure class=\"wp-block-image size-full is-resized\"><img loading=\"lazy\" decoding=\"async\" width=\"354\" height=\"354\" src=\"https:\/\/www.toyotomi.eu\/wp-content\/uploads\/2025\/12\/TOYO_Icon_Automatic_Restart.png\" alt=\"\" class=\"wp-image-54798\" style=\"object-fit:cover;width:50px;height:50px\" srcset=\"https:\/\/www.toyotomi.eu\/wp-content\/uploads\/2025\/12\/TOYO_Icon_Automatic_Restart.png 354w, https:\/\/www.toyotomi.eu\/wp-content\/uploads\/2025\/12\/TOYO_Icon_Automatic_Restart-300x300.png 300w, https:\/\/www.toyotomi.eu\/wp-content\/uploads\/2025\/12\/TOYO_Icon_Automatic_Restart-100x100.png 100w, https:\/\/www.toyotomi.eu\/wp-content\/uploads\/2025\/12\/TOYO_Icon_Automatic_Restart-150x150.png 150w\" sizes=\"auto, (max-width: 354px) 100vw, 354px\" \/><\/figure>\n\n\n\n<h3 class=\"wp-block-heading\">Tubo per drenaggio continuo<\/h3>\n\n\n\n<p>Non dovrai pi\u00f9 preoccuparti di svuotare il serbatoio dell&#8217;acqua del deumidificatore grazie al tubo di scarico integrato nella confezione.<\/p>\n<\/div><\/div><\/div><\/div>\n\n\n\n<div class=\"wp-block-essential-blocks-column  root-eb-column-y35pd\"><div class=\"eb-parent-wrapper eb-parent-eb-column-y35pd \"><div class=\"eb-column-wrapper eb-column-y35pd\"><div class=\"eb-column-inner\">\n<figure class=\"wp-block-image size-full is-resized\"><img loading=\"lazy\" decoding=\"async\" width=\"354\" height=\"354\" src=\"https:\/\/www.toyotomi.eu\/wp-content\/uploads\/2025\/12\/TOYO_Icon_Automatic_Restart.png\" alt=\"\" class=\"wp-image-54798\" style=\"object-fit:cover;width:50px;height:50px\" srcset=\"https:\/\/www.toyotomi.eu\/wp-content\/uploads\/2025\/12\/TOYO_Icon_Automatic_Restart.png 354w, https:\/\/www.toyotomi.eu\/wp-content\/uploads\/2025\/12\/TOYO_Icon_Automatic_Restart-300x300.png 300w, https:\/\/www.toyotomi.eu\/wp-content\/uploads\/2025\/12\/TOYO_Icon_Automatic_Restart-100x100.png 100w, https:\/\/www.toyotomi.eu\/wp-content\/uploads\/2025\/12\/TOYO_Icon_Automatic_Restart-150x150.png 150w\" sizes=\"auto, (max-width: 354px) 100vw, 354px\" \/><\/figure>\n\n\n\n<h3 class=\"wp-block-heading\">Uscita dell&#8217;aria superiore a lamelle<\/h3>\n\n\n\n<p>L&#8217;unit\u00e0 \u00e8 dotata di un&#8217;uscita dell&#8217;aria superiore a lamelle, con un ampio angolo di 180 gradi, che facilita l&#8217;asciugatura della biancheria.<\/p>\n<\/div><\/div><\/div><\/div>\n\n\n\n<div class=\"wp-block-essential-blocks-column  root-eb-column-zns0p\"><div class=\"eb-parent-wrapper eb-parent-eb-column-zns0p \"><div class=\"eb-column-wrapper eb-column-zns0p\"><div class=\"eb-column-inner\">\n<figure class=\"wp-block-image size-full is-resized\"><img loading=\"lazy\" decoding=\"async\" width=\"354\" height=\"354\" src=\"https:\/\/www.toyotomi.eu\/wp-content\/uploads\/2025\/12\/TOYO_Icon_Automatic_Restart.png\" alt=\"\" class=\"wp-image-54798\" style=\"object-fit:cover;width:50px;height:50px\" srcset=\"https:\/\/www.toyotomi.eu\/wp-content\/uploads\/2025\/12\/TOYO_Icon_Automatic_Restart.png 354w, https:\/\/www.toyotomi.eu\/wp-content\/uploads\/2025\/12\/TOYO_Icon_Automatic_Restart-300x300.png 300w, https:\/\/www.toyotomi.eu\/wp-content\/uploads\/2025\/12\/TOYO_Icon_Automatic_Restart-100x100.png 100w, https:\/\/www.toyotomi.eu\/wp-content\/uploads\/2025\/12\/TOYO_Icon_Automatic_Restart-150x150.png 150w\" sizes=\"auto, (max-width: 354px) 100vw, 354px\" \/><\/figure>\n\n\n\n<h3 class=\"wp-block-heading\">Filtro dell&#8217;aria<\/h3>\n\n\n\n<p>filtro antibatterico\/antipolvere in combinazione con un filtro a carboni attivi per eliminare gli odori, facilmente pulibile e, col tempo, anche sostituibile.<\/p>\n<\/div><\/div><\/div><\/div>\n<\/div><\/div><\/div><\/div><\/div>\n<\/div><\/div><\/div><\/div><\/div>\n\n<div class=\"wp-block-essential-blocks-wrapper alignfull  root-eb-wrapper-dg683\"><div class=\"eb-parent-wrapper eb-parent-eb-wrapper-dg683 \"><div class=\"eb-wrapper-outer eb-wrapper-dg683\"><div class=\"eb-wrapper-inner\"><div class=\"eb-wrapper-inner-blocks eb-wrapper-align-center\">\n<div class=\"wp-block-essential-blocks-row alignfull  root-eb-row-m8lcl\"><div class=\"eb-parent-wrapper eb-parent-eb-row-m8lcl \"><div class=\"eb-row-root-container eb-row-m8lcl\" data-id=\"eb-row-m8lcl\"><div class=\"eb-row-wrapper\"><div class=\"eb-row-inner\">\n<div class=\"wp-block-essential-blocks-column  root-eb-column-6v4d5\"><div class=\"eb-parent-wrapper eb-parent-eb-column-6v4d5 \"><div class=\"eb-column-wrapper eb-column-6v4d5\"><div class=\"eb-column-inner\">\n<figure class=\"wp-block-image size-full is-resized\"><img loading=\"lazy\" decoding=\"async\" width=\"354\" height=\"354\" src=\"https:\/\/www.toyotomi.eu\/wp-content\/uploads\/2025\/12\/TOYO_Icon_Automatic_Restart.png\" alt=\"\" class=\"wp-image-54798\" style=\"object-fit:cover;width:50px;height:50px\" srcset=\"https:\/\/www.toyotomi.eu\/wp-content\/uploads\/2025\/12\/TOYO_Icon_Automatic_Restart.png 354w, https:\/\/www.toyotomi.eu\/wp-content\/uploads\/2025\/12\/TOYO_Icon_Automatic_Restart-300x300.png 300w, https:\/\/www.toyotomi.eu\/wp-content\/uploads\/2025\/12\/TOYO_Icon_Automatic_Restart-100x100.png 100w, https:\/\/www.toyotomi.eu\/wp-content\/uploads\/2025\/12\/TOYO_Icon_Automatic_Restart-150x150.png 150w\" sizes=\"auto, (max-width: 354px) 100vw, 354px\" \/><\/figure>\n\n\n\n<h3 class=\"wp-block-heading\">Timer<\/h3>\n\n\n\n<p>L&#8217;unit\u00e0 ha una funzione di spegnimento automatico che pu\u00f2 essere selezionata da 2 ore a 4 ore o 8 ore.  <\/p>\n<\/div><\/div><\/div><\/div>\n\n\n\n<div class=\"wp-block-essential-blocks-column  root-eb-column-ax3a3\"><div class=\"eb-parent-wrapper eb-parent-eb-column-ax3a3 \"><div class=\"eb-column-wrapper eb-column-ax3a3\"><div class=\"eb-column-inner\"><\/div><\/div><\/div><\/div>\n\n\n\n<div class=\"wp-block-essential-blocks-column  root-eb-column-38ksv\"><div class=\"eb-parent-wrapper eb-parent-eb-column-38ksv \"><div class=\"eb-column-wrapper eb-column-38ksv\"><div class=\"eb-column-inner\"><\/div><\/div><\/div><\/div>\n<\/div><\/div><\/div><\/div><\/div>\n<\/div><\/div><\/div><\/div><\/div>\n","protected":false},"excerpt":{"rendered":"<p>Il deumidificatore Toyotomi TD-ZB80 ha una capacit\u00e0 di deumidificazione massima di 8 litri al giorno, il che lo rende ideale per ambienti da 37 a 75 m\u00b3.<\/p>\n<p><strong>SKU:<\/strong> TD-ZB80<br \/>\n<strong>EAN:<\/strong> 4963505828493<\/p>\n","protected":false},"featured_media":54489,"template":"","meta":{"_acf_changed":false,"_eb_attr":""},"product_brand":[],"product_cat":[5928],"product_tag":[],"class_list":{"0":"post-46274","1":"product","2":"type-product","3":"status-publish","4":"has-post-thumbnail","6":"product_cat-deumidificatori","8":"first","9":"instock","10":"taxable","11":"shipping-taxable","12":"product-type-simple"},"acf":[],"yoast_head":"<!-- This site is optimized with the Yoast SEO plugin v27.4 - https:\/\/yoast.com\/product\/yoast-seo-wordpress\/ -->\n<title>Toyotomi TD-ZB80 - Toyotomi<\/title>\n<meta name=\"robots\" content=\"index, follow, max-snippet:-1, max-image-preview:large, max-video-preview:-1\" \/>\n<link rel=\"canonical\" href=\"https:\/\/www.toyotomi.eu\/it\/prodotto\/toyotomi-td-zb80\/\" \/>\n<meta property=\"og:locale\" content=\"it_IT\" \/>\n<meta property=\"og:type\" content=\"article\" \/>\n<meta property=\"og:title\" content=\"Toyotomi TD-ZB80 - Toyotomi\" \/>\n<meta property=\"og:description\" content=\"Il deumidificatore Toyotomi TD-ZB80 ha una capacit\u00e0 di deumidificazione massima di 8 litri al giorno, il che lo rende ideale per ambienti da 37 a 75 m\u00b3. SKU: TD-ZB80 EAN: 4963505828493\" \/>\n<meta property=\"og:url\" content=\"https:\/\/www.toyotomi.eu\/it\/prodotto\/toyotomi-td-zb80\/\" \/>\n<meta property=\"og:site_name\" content=\"Toyotomi\" \/>\n<meta property=\"article:modified_time\" content=\"2025-12-18T00:55:57+00:00\" \/>\n<meta property=\"og:image\" content=\"https:\/\/www.toyotomi.eu\/wp-content\/uploads\/2025\/01\/PIC_TOYOTOMI-TD-ZB80_front_2560x2560.png\" \/>\n\t<meta property=\"og:image:width\" content=\"2560\" \/>\n\t<meta property=\"og:image:height\" content=\"2560\" \/>\n\t<meta property=\"og:image:type\" content=\"image\/png\" \/>\n<meta name=\"twitter:card\" content=\"summary_large_image\" \/>\n<script type=\"application\/ld+json\" class=\"yoast-schema-graph\">{\"@context\":\"https:\\\/\\\/schema.org\",\"@graph\":[{\"@type\":\"WebPage\",\"@id\":\"https:\\\/\\\/www.toyotomi.eu\\\/it\\\/prodotto\\\/toyotomi-td-zb80\\\/\",\"url\":\"https:\\\/\\\/www.toyotomi.eu\\\/it\\\/prodotto\\\/toyotomi-td-zb80\\\/\",\"name\":\"Toyotomi TD-ZB80 - Toyotomi\",\"isPartOf\":{\"@id\":\"https:\\\/\\\/www.toyotomi.eu\\\/it\\\/#website\"},\"primaryImageOfPage\":{\"@id\":\"https:\\\/\\\/www.toyotomi.eu\\\/it\\\/prodotto\\\/toyotomi-td-zb80\\\/#primaryimage\"},\"image\":{\"@id\":\"https:\\\/\\\/www.toyotomi.eu\\\/it\\\/prodotto\\\/toyotomi-td-zb80\\\/#primaryimage\"},\"thumbnailUrl\":\"https:\\\/\\\/www.toyotomi.eu\\\/wp-content\\\/uploads\\\/2025\\\/01\\\/PIC_TOYOTOMI-TD-ZB80_front_2560x2560.png\",\"datePublished\":\"2025-01-01T01:01:00+00:00\",\"dateModified\":\"2025-12-18T00:55:57+00:00\",\"breadcrumb\":{\"@id\":\"https:\\\/\\\/www.toyotomi.eu\\\/it\\\/prodotto\\\/toyotomi-td-zb80\\\/#breadcrumb\"},\"inLanguage\":\"it-IT\",\"potentialAction\":[{\"@type\":\"ReadAction\",\"target\":[\"https:\\\/\\\/www.toyotomi.eu\\\/it\\\/prodotto\\\/toyotomi-td-zb80\\\/\"]}]},{\"@type\":\"ImageObject\",\"inLanguage\":\"it-IT\",\"@id\":\"https:\\\/\\\/www.toyotomi.eu\\\/it\\\/prodotto\\\/toyotomi-td-zb80\\\/#primaryimage\",\"url\":\"https:\\\/\\\/www.toyotomi.eu\\\/wp-content\\\/uploads\\\/2025\\\/01\\\/PIC_TOYOTOMI-TD-ZB80_front_2560x2560.png\",\"contentUrl\":\"https:\\\/\\\/www.toyotomi.eu\\\/wp-content\\\/uploads\\\/2025\\\/01\\\/PIC_TOYOTOMI-TD-ZB80_front_2560x2560.png\",\"width\":2560,\"height\":2560},{\"@type\":\"BreadcrumbList\",\"@id\":\"https:\\\/\\\/www.toyotomi.eu\\\/it\\\/prodotto\\\/toyotomi-td-zb80\\\/#breadcrumb\",\"itemListElement\":[{\"@type\":\"ListItem\",\"position\":1,\"name\":\"Home\",\"item\":\"https:\\\/\\\/www.toyotomi.eu\\\/it\\\/\"},{\"@type\":\"ListItem\",\"position\":2,\"name\":\"Tutti i prodotti\",\"item\":\"https:\\\/\\\/www.toyotomi.eu\\\/it\\\/tutti-i-prodotti\\\/\"},{\"@type\":\"ListItem\",\"position\":3,\"name\":\"Toyotomi TD-ZB80\"}]},{\"@type\":\"WebSite\",\"@id\":\"https:\\\/\\\/www.toyotomi.eu\\\/it\\\/#website\",\"url\":\"https:\\\/\\\/www.toyotomi.eu\\\/it\\\/\",\"name\":\"Toyotomi\",\"description\":\"\",\"publisher\":{\"@id\":\"https:\\\/\\\/www.toyotomi.eu\\\/it\\\/#organization\"},\"potentialAction\":[{\"@type\":\"SearchAction\",\"target\":{\"@type\":\"EntryPoint\",\"urlTemplate\":\"https:\\\/\\\/www.toyotomi.eu\\\/it\\\/?s={search_term_string}\"},\"query-input\":{\"@type\":\"PropertyValueSpecification\",\"valueRequired\":true,\"valueName\":\"search_term_string\"}}],\"inLanguage\":\"it-IT\"},{\"@type\":\"Organization\",\"@id\":\"https:\\\/\\\/www.toyotomi.eu\\\/it\\\/#organization\",\"name\":\"Toyotomi Europe Sales B.V.\",\"alternateName\":\"Toyotomi\",\"url\":\"https:\\\/\\\/www.toyotomi.eu\\\/it\\\/\",\"logo\":{\"@type\":\"ImageObject\",\"inLanguage\":\"it-IT\",\"@id\":\"https:\\\/\\\/www.toyotomi.eu\\\/it\\\/#\\\/schema\\\/logo\\\/image\\\/\",\"url\":\"https:\\\/\\\/www.toyotomi.eu\\\/wp-content\\\/uploads\\\/2025\\\/10\\\/logo.png\",\"contentUrl\":\"https:\\\/\\\/www.toyotomi.eu\\\/wp-content\\\/uploads\\\/2025\\\/10\\\/logo.png\",\"width\":1360,\"height\":304,\"caption\":\"Toyotomi Europe Sales B.V.\"},\"image\":{\"@id\":\"https:\\\/\\\/www.toyotomi.eu\\\/it\\\/#\\\/schema\\\/logo\\\/image\\\/\"}}]}<\/script>\n<!-- \/ Yoast SEO plugin. -->","yoast_head_json":{"title":"Toyotomi TD-ZB80 - Toyotomi","robots":{"index":"index","follow":"follow","max-snippet":"max-snippet:-1","max-image-preview":"max-image-preview:large","max-video-preview":"max-video-preview:-1"},"canonical":"https:\/\/www.toyotomi.eu\/it\/prodotto\/toyotomi-td-zb80\/","og_locale":"it_IT","og_type":"article","og_title":"Toyotomi TD-ZB80 - Toyotomi","og_description":"Il deumidificatore Toyotomi TD-ZB80 ha una capacit\u00e0 di deumidificazione massima di 8 litri al giorno, il che lo rende ideale per ambienti da 37 a 75 m\u00b3. SKU: TD-ZB80 EAN: 4963505828493","og_url":"https:\/\/www.toyotomi.eu\/it\/prodotto\/toyotomi-td-zb80\/","og_site_name":"Toyotomi","article_modified_time":"2025-12-18T00:55:57+00:00","og_image":[{"width":2560,"height":2560,"url":"https:\/\/www.toyotomi.eu\/wp-content\/uploads\/2025\/01\/PIC_TOYOTOMI-TD-ZB80_front_2560x2560.png","type":"image\/png"}],"twitter_card":"summary_large_image","schema":{"@context":"https:\/\/schema.org","@graph":[{"@type":"WebPage","@id":"https:\/\/www.toyotomi.eu\/it\/prodotto\/toyotomi-td-zb80\/","url":"https:\/\/www.toyotomi.eu\/it\/prodotto\/toyotomi-td-zb80\/","name":"Toyotomi TD-ZB80 - Toyotomi","isPartOf":{"@id":"https:\/\/www.toyotomi.eu\/it\/#website"},"primaryImageOfPage":{"@id":"https:\/\/www.toyotomi.eu\/it\/prodotto\/toyotomi-td-zb80\/#primaryimage"},"image":{"@id":"https:\/\/www.toyotomi.eu\/it\/prodotto\/toyotomi-td-zb80\/#primaryimage"},"thumbnailUrl":"https:\/\/www.toyotomi.eu\/wp-content\/uploads\/2025\/01\/PIC_TOYOTOMI-TD-ZB80_front_2560x2560.png","datePublished":"2025-01-01T01:01:00+00:00","dateModified":"2025-12-18T00:55:57+00:00","breadcrumb":{"@id":"https:\/\/www.toyotomi.eu\/it\/prodotto\/toyotomi-td-zb80\/#breadcrumb"},"inLanguage":"it-IT","potentialAction":[{"@type":"ReadAction","target":["https:\/\/www.toyotomi.eu\/it\/prodotto\/toyotomi-td-zb80\/"]}]},{"@type":"ImageObject","inLanguage":"it-IT","@id":"https:\/\/www.toyotomi.eu\/it\/prodotto\/toyotomi-td-zb80\/#primaryimage","url":"https:\/\/www.toyotomi.eu\/wp-content\/uploads\/2025\/01\/PIC_TOYOTOMI-TD-ZB80_front_2560x2560.png","contentUrl":"https:\/\/www.toyotomi.eu\/wp-content\/uploads\/2025\/01\/PIC_TOYOTOMI-TD-ZB80_front_2560x2560.png","width":2560,"height":2560},{"@type":"BreadcrumbList","@id":"https:\/\/www.toyotomi.eu\/it\/prodotto\/toyotomi-td-zb80\/#breadcrumb","itemListElement":[{"@type":"ListItem","position":1,"name":"Home","item":"https:\/\/www.toyotomi.eu\/it\/"},{"@type":"ListItem","position":2,"name":"Tutti i prodotti","item":"https:\/\/www.toyotomi.eu\/it\/tutti-i-prodotti\/"},{"@type":"ListItem","position":3,"name":"Toyotomi TD-ZB80"}]},{"@type":"WebSite","@id":"https:\/\/www.toyotomi.eu\/it\/#website","url":"https:\/\/www.toyotomi.eu\/it\/","name":"Toyotomi","description":"","publisher":{"@id":"https:\/\/www.toyotomi.eu\/it\/#organization"},"potentialAction":[{"@type":"SearchAction","target":{"@type":"EntryPoint","urlTemplate":"https:\/\/www.toyotomi.eu\/it\/?s={search_term_string}"},"query-input":{"@type":"PropertyValueSpecification","valueRequired":true,"valueName":"search_term_string"}}],"inLanguage":"it-IT"},{"@type":"Organization","@id":"https:\/\/www.toyotomi.eu\/it\/#organization","name":"Toyotomi Europe Sales B.V.","alternateName":"Toyotomi","url":"https:\/\/www.toyotomi.eu\/it\/","logo":{"@type":"ImageObject","inLanguage":"it-IT","@id":"https:\/\/www.toyotomi.eu\/it\/#\/schema\/logo\/image\/","url":"https:\/\/www.toyotomi.eu\/wp-content\/uploads\/2025\/10\/logo.png","contentUrl":"https:\/\/www.toyotomi.eu\/wp-content\/uploads\/2025\/10\/logo.png","width":1360,"height":304,"caption":"Toyotomi Europe Sales B.V."},"image":{"@id":"https:\/\/www.toyotomi.eu\/it\/#\/schema\/logo\/image\/"}}]}},"_links":{"self":[{"href":"https:\/\/www.toyotomi.eu\/it\/wp-json\/wp\/v2\/product\/46274","targetHints":{"allow":["GET"]}}],"collection":[{"href":"https:\/\/www.toyotomi.eu\/it\/wp-json\/wp\/v2\/product"}],"about":[{"href":"https:\/\/www.toyotomi.eu\/it\/wp-json\/wp\/v2\/types\/product"}],"wp:featuredmedia":[{"embeddable":true,"href":"https:\/\/www.toyotomi.eu\/it\/wp-json\/wp\/v2\/media\/54489"}],"wp:attachment":[{"href":"https:\/\/www.toyotomi.eu\/it\/wp-json\/wp\/v2\/media?parent=46274"}],"wp:term":[{"taxonomy":"product_brand","embeddable":true,"href":"https:\/\/www.toyotomi.eu\/it\/wp-json\/wp\/v2\/product_brand?post=46274"},{"taxonomy":"product_cat","embeddable":true,"href":"https:\/\/www.toyotomi.eu\/it\/wp-json\/wp\/v2\/product_cat?post=46274"},{"taxonomy":"product_tag","embeddable":true,"href":"https:\/\/www.toyotomi.eu\/it\/wp-json\/wp\/v2\/product_tag?post=46274"}],"curies":[{"name":"wp","href":"https:\/\/api.w.org\/{rel}","templated":true}]}}