{"id":46247,"date":"2025-01-01T02:01:00","date_gmt":"2025-01-01T01:01:00","guid":{"rendered":"https:\/\/www.toyotomi.eu\/product\/zibro-rs-4022\/"},"modified":"2026-01-20T08:51:08","modified_gmt":"2026-01-20T07:51:08","slug":"zibro-rs-4022","status":"publish","type":"product","link":"https:\/\/www.toyotomi.eu\/it\/prodotto\/zibro-rs-4022\/","title":{"rendered":"Zibro RS-4022"},"content":{"rendered":"\n<div class=\"wp-block-essential-blocks-wrapper alignfull  root-eb-wrapper-kiu5m\"><div class=\"eb-parent-wrapper eb-parent-eb-wrapper-kiu5m \"><div class=\"eb-wrapper-outer eb-wrapper-kiu5m\"><div class=\"eb-wrapper-inner\"><div class=\"eb-wrapper-inner-blocks eb-wrapper-align-center\">\n<div class=\"wp-block-essential-blocks-row alignfull  root-eb-row-vp5zx\"><div class=\"eb-parent-wrapper eb-parent-eb-row-vp5zx \"><div class=\"eb-row-root-container eb-row-vp5zx\" data-id=\"eb-row-vp5zx\"><div class=\"eb-row-wrapper\"><div class=\"eb-row-inner\">\n<div class=\"wp-block-essential-blocks-column  root-eb-column-wbb44\"><div class=\"eb-parent-wrapper eb-parent-eb-column-wbb44 \"><div class=\"eb-column-wrapper eb-column-wbb44\"><div class=\"eb-column-inner\">\n<div class=\"wp-block-essential-blocks-wrapper alignfull  root-eb-wrapper-8eqic\"><div class=\"eb-parent-wrapper eb-parent-eb-wrapper-8eqic \"><div class=\"eb-wrapper-outer eb-wrapper-8eqic\"><div class=\"eb-wrapper-inner\"><div class=\"eb-wrapper-inner-blocks eb-wrapper-align-center\">\n<div class=\"wp-block-essential-blocks-row alignfull  root-eb-row-69nlq\"><div class=\"eb-parent-wrapper eb-parent-eb-row-69nlq \"><div class=\"eb-row-root-container eb-row-69nlq\" data-id=\"eb-row-69nlq\"><div class=\"eb-row-wrapper\"><div class=\"eb-row-inner\">\n<div class=\"wp-block-essential-blocks-column  root-eb-column-4o7fv\"><div class=\"eb-parent-wrapper eb-parent-eb-column-4o7fv \"><div class=\"eb-column-wrapper eb-column-4o7fv\"><div class=\"eb-column-inner\">\n<h2 class=\"wp-block-heading has-text-align-left has-x-large-font-size\">Zibro RS 4022<\/h2>\n\n\n\n<p>Lo Zibro RS 4022 \u00e8 un riscaldatore a paraffina affidabile ed efficiente, progettato per fornire calore immediato e confortevole senza necessit\u00e0 di elettricit\u00e0 o installazione permanente. Con una potenza di 2200 W, \u00e8 ideale per riscaldare ambienti fino a 80 m\u00b3, rendendolo perfetto per zone giorno, officine, case vacanze, garage o come fonte di calore di riserva. <\/p>\n\n\n\n<p>Grazie alla sua tecnologia di riscaldamento a infrarossi, il calore si percepisce quasi immediatamente dopo l&#8217;accensione, garantendo un comfort rapido ed efficace anche nelle giornate fredde.<\/p>\n\n\n\n<h3 class=\"wp-block-heading\">Facile da usare, non richiede elettricit\u00e0<\/h3>\n\n\n\n<p>L&#8217;RS 4022 \u00e8 dotato di accensione elettrica a batteria, che consente un facile avvio senza alimentazione di rete. Il controllo regolabile della combustione consente di regolare la potenza termica in base alle proprie esigenze, garantendo un uso efficiente del combustibile e un calore costante. <\/p>\n\n\n\n<p>\u00c8 inclusa una pompa a sifone manuale per rendere il rifornimento semplice e pulito.<\/p>\n\n\n\n<h3 class=\"wp-block-heading\">Funzioni di sicurezza avanzate<\/h3>\n\n\n\n<p>La sicurezza \u00e8 una priorit\u00e0 fondamentale con lo Zibro RS 4022. Il riscaldatore \u00e8 dotato di un sensore di CO\u2082 che monitora continuamente la qualit\u00e0 dell&#8217;aria interna. Se i livelli di ossigeno diventano insufficienti, il riscaldatore si spegne automaticamente.  <\/p>\n\n\n\n<p>Il riscaldatore include anche un sistema di spegnimento di sicurezza triplo, che spegne l&#8217;apparecchio:<\/p>\n\n\n\n<ul class=\"wp-block-list\">\n<li>Quando lo stoppino viene abbassato<\/li>\n\n\n\n<li>Quando viene premuto il pulsante di arresto di emergenza<\/li>\n\n\n\n<li>Automaticamente se il riscaldatore viene ribaltato, scosso o sottoposto a un forte impatto<\/li>\n<\/ul>\n<\/div><\/div><\/div><\/div>\n<\/div><\/div><\/div><\/div><\/div>\n<\/div><\/div><\/div><\/div><\/div>\n\n\n\n<div style=\"height:80px\" aria-hidden=\"true\" class=\"wp-block-spacer\"><\/div>\n\n\n\n<div class=\"wp-block-essential-blocks-wrapper alignfull  root-eb-wrapper-0pft6\"><div class=\"eb-parent-wrapper eb-parent-eb-wrapper-0pft6 \"><div class=\"eb-wrapper-outer eb-wrapper-0pft6\"><div class=\"eb-wrapper-inner\"><div class=\"eb-wrapper-inner-blocks eb-wrapper-align-center\">\n<div class=\"wp-block-essential-blocks-row alignfull  root-eb-row-htqol\"><div class=\"eb-parent-wrapper eb-parent-eb-row-htqol \"><div class=\"eb-row-root-container eb-row-htqol\" data-id=\"eb-row-htqol\"><div class=\"eb-row-wrapper\"><div class=\"eb-row-inner\">\n<div class=\"wp-block-essential-blocks-column  root-eb-column-eoyr7\"><div class=\"eb-parent-wrapper eb-parent-eb-column-eoyr7 \"><div class=\"eb-column-wrapper eb-column-eoyr7\"><div class=\"eb-column-inner\">\n<h2 class=\"wp-block-heading has-text-align-center has-xxx-large-font-size\">Include<\/h2>\n<\/div><\/div><\/div><\/div>\n<\/div><\/div><\/div><\/div><\/div>\n<\/div><\/div><\/div><\/div><\/div>\n\n\n\n<div class=\"wp-block-essential-blocks-wrapper alignfull  root-eb-wrapper-yauuv\"><div class=\"eb-parent-wrapper eb-parent-eb-wrapper-yauuv \"><div class=\"eb-wrapper-outer eb-wrapper-yauuv\"><div class=\"eb-wrapper-inner\"><div class=\"eb-wrapper-inner-blocks eb-wrapper-align-center\">\n<div class=\"wp-block-essential-blocks-row alignfull  root-eb-row-j9w3g\"><div class=\"eb-parent-wrapper eb-parent-eb-row-j9w3g \"><div class=\"eb-row-root-container eb-row-j9w3g\" data-id=\"eb-row-j9w3g\"><div class=\"eb-row-wrapper\"><div class=\"eb-row-inner\">\n<div class=\"wp-block-essential-blocks-column  root-eb-column-79he7\"><div class=\"eb-parent-wrapper eb-parent-eb-column-79he7 \"><div class=\"eb-column-wrapper eb-column-79he7\"><div class=\"eb-column-inner\">\n<figure class=\"wp-block-image size-full has-custom-border\"><img loading=\"lazy\" decoding=\"async\" width=\"800\" height=\"550\" src=\"https:\/\/www.toyotomi.eu\/wp-content\/uploads\/2024\/10\/manual-fuel-syphon-pump.jpg\" alt=\"Tubo flessibile medicale con connettore rosso per precisione e sicurezza.\" class=\"wp-image-25016\" style=\"border-radius:4px\" srcset=\"https:\/\/www.toyotomi.eu\/wp-content\/uploads\/2024\/10\/manual-fuel-syphon-pump.jpg 800w, https:\/\/www.toyotomi.eu\/wp-content\/uploads\/2024\/10\/manual-fuel-syphon-pump-300x206.jpg 300w, https:\/\/www.toyotomi.eu\/wp-content\/uploads\/2024\/10\/manual-fuel-syphon-pump-768x528.jpg 768w, https:\/\/www.toyotomi.eu\/wp-content\/uploads\/2024\/10\/manual-fuel-syphon-pump-441x303.jpg 441w, https:\/\/www.toyotomi.eu\/wp-content\/uploads\/2024\/10\/manual-fuel-syphon-pump-150x103.jpg 150w\" sizes=\"auto, (max-width: 800px) 100vw, 800px\" \/><\/figure>\n<\/div><\/div><\/div><\/div>\n\n\n\n<div class=\"wp-block-essential-blocks-column  root-eb-column-fbtim\"><div class=\"eb-parent-wrapper eb-parent-eb-column-fbtim \"><div class=\"eb-column-wrapper eb-column-fbtim\"><div class=\"eb-column-inner\">\n<h2 class=\"wp-block-heading has-x-large-font-size\"><strong>Pompa a Sifone Manuale<\/strong><\/h2>\n\n\n\n<p>Le Stufe Elettronica includono una pompa a sifone manuale in ogni confezione come accessorio standard, utilizzata per rifornire la tua stufa di combustibile. Questo strumento semplice e pratico facilita il trasferimento del combustibile e aiuta a prevenire fuoriuscite durante il rifornimento. <\/p>\n<\/div><\/div><\/div><\/div>\n<\/div><\/div><\/div><\/div><\/div>\n<\/div><\/div><\/div><\/div><\/div>\n\n\n\n<div class=\"wp-block-essential-blocks-wrapper alignfull  root-eb-wrapper-e5ush\"><div class=\"eb-parent-wrapper eb-parent-eb-wrapper-e5ush \"><div class=\"eb-wrapper-outer eb-wrapper-e5ush\"><div class=\"eb-wrapper-inner\"><div class=\"eb-wrapper-inner-blocks eb-wrapper-align-center\">\n<div class=\"wp-block-essential-blocks-row alignfull  root-eb-row-vtf3p\"><div class=\"eb-parent-wrapper eb-parent-eb-row-vtf3p \"><div class=\"eb-row-root-container eb-row-vtf3p\" data-id=\"eb-row-vtf3p\"><div class=\"eb-row-wrapper\"><div class=\"eb-row-inner\">\n<div class=\"wp-block-essential-blocks-column  root-eb-column-taoxq\"><div class=\"eb-parent-wrapper eb-parent-eb-column-taoxq \"><div class=\"eb-column-wrapper eb-column-taoxq\"><div class=\"eb-column-inner\">\n<h2 class=\"wp-block-heading has-x-large-font-size\"><strong><strong>Serbatoio carburante rimovibile<\/strong><\/strong><\/h2>\n\n\n\n<p>Lo Zibro RS-4022 include un serbatoio del carburante rimovibile con maniglia integrata e tappo a prova di fuoriuscita, rendendo il rifornimento sicuro, pulito e conveniente. Il design garantisce cambi rapidi del serbatoio senza interrompere il comfort o creare disordine. <\/p>\n<\/div><\/div><\/div><\/div>\n\n\n\n<div class=\"wp-block-essential-blocks-column  root-eb-column-eqx21\"><div class=\"eb-parent-wrapper eb-parent-eb-column-eqx21 \"><div class=\"eb-column-wrapper eb-column-eqx21\"><div class=\"eb-column-inner\">\n<figure class=\"wp-block-image size-full has-custom-border\"><img loading=\"lazy\" decoding=\"async\" width=\"800\" height=\"550\" src=\"https:\/\/www.toyotomi.eu\/wp-content\/uploads\/2025\/07\/toyotomi-removable-fuel-tank.jpg\" alt=\"Testo alternativo: Primo piano del riscaldatore Toyotomi con adesivo rosso del programma fedelt&#xE0;, finitura argento.\" class=\"wp-image-24332\" style=\"border-radius:4px\" srcset=\"https:\/\/www.toyotomi.eu\/wp-content\/uploads\/2025\/07\/toyotomi-removable-fuel-tank.jpg 800w, https:\/\/www.toyotomi.eu\/wp-content\/uploads\/2025\/07\/toyotomi-removable-fuel-tank-300x206.jpg 300w, https:\/\/www.toyotomi.eu\/wp-content\/uploads\/2025\/07\/toyotomi-removable-fuel-tank-768x528.jpg 768w, https:\/\/www.toyotomi.eu\/wp-content\/uploads\/2025\/07\/toyotomi-removable-fuel-tank-441x303.jpg 441w, https:\/\/www.toyotomi.eu\/wp-content\/uploads\/2025\/07\/toyotomi-removable-fuel-tank-150x103.jpg 150w\" sizes=\"auto, (max-width: 800px) 100vw, 800px\" \/><\/figure>\n<\/div><\/div><\/div><\/div>\n<\/div><\/div><\/div><\/div><\/div>\n<\/div><\/div><\/div><\/div><\/div>\n<\/div><\/div><\/div><\/div>\n<\/div><\/div><\/div><\/div><\/div>\n<\/div><\/div><\/div><\/div><\/div>\n","protected":false},"excerpt":{"rendered":"<p>Il riscaldatore a stoppino Toyotomi RS-4022 \u00e8 dotato di un singolo bruciatore con una capacit\u00e0 di riscaldamento di 2,20 kW. Fornisce calore pulito, efficiente ed economico senza necessit\u00e0 di installazione. Il suo sistema di combustione senza canna fumaria richiede solo quattro batterie per l&#8217;accensione, rendendolo estremamente facile da usare. Progettato per riscaldare spazi fino a 80 m\u00b3, l&#8217;RS-4022 \u00e8 dotato di molteplici dispositivi di sicurezza, offrendo una soluzione di riscaldamento sicura, pratica e altamente efficiente.   <\/p>\n<p><strong>SKU:<\/strong> RS-4022<br \/>\n<strong>EAN:<\/strong> 4963505711696<\/p>\n","protected":false},"featured_media":39617,"template":"","meta":{"_acf_changed":false,"_eb_attr":""},"product_brand":[],"product_cat":[5923],"product_tag":[],"class_list":{"0":"post-46247","1":"product","2":"type-product","3":"status-publish","4":"has-post-thumbnail","6":"product_cat-stufe-meccanica","8":"first","9":"instock","10":"taxable","11":"shipping-taxable","12":"product-type-simple"},"acf":[],"yoast_head":"<!-- This site is optimized with the Yoast SEO plugin v27.4 - https:\/\/yoast.com\/product\/yoast-seo-wordpress\/ -->\n<title>Zibro RS-4022 - Toyotomi<\/title>\n<meta name=\"robots\" content=\"index, follow, max-snippet:-1, max-image-preview:large, max-video-preview:-1\" \/>\n<link rel=\"canonical\" href=\"https:\/\/www.toyotomi.eu\/it\/prodotto\/zibro-rs-4022\/\" \/>\n<meta property=\"og:locale\" content=\"it_IT\" \/>\n<meta property=\"og:type\" content=\"article\" \/>\n<meta property=\"og:title\" content=\"Zibro RS-4022 - Toyotomi\" \/>\n<meta property=\"og:description\" content=\"Il riscaldatore a stoppino Toyotomi RS-4022 \u00e8 dotato di un singolo bruciatore con una capacit\u00e0 di riscaldamento di 2,20 kW. Fornisce calore pulito, efficiente ed economico senza necessit\u00e0 di installazione. Il suo sistema di combustione senza canna fumaria richiede solo quattro batterie per l&#039;accensione, rendendolo estremamente facile da usare. Progettato per riscaldare spazi fino a 80 m\u00b3, l&#039;RS-4022 \u00e8 dotato di molteplici dispositivi di sicurezza, offrendo una soluzione di riscaldamento sicura, pratica e altamente efficiente.   SKU: RS-4022 EAN: 4963505711696\" \/>\n<meta property=\"og:url\" content=\"https:\/\/www.toyotomi.eu\/it\/prodotto\/zibro-rs-4022\/\" \/>\n<meta property=\"og:site_name\" content=\"Toyotomi\" \/>\n<meta property=\"article:modified_time\" content=\"2026-01-20T07:51:08+00:00\" \/>\n<meta property=\"og:image\" content=\"https:\/\/www.toyotomi.eu\/wp-content\/uploads\/2020\/07\/Zibro-heater-RS-220.jpg\" \/>\n\t<meta property=\"og:image:width\" content=\"1000\" \/>\n\t<meta property=\"og:image:height\" content=\"1000\" \/>\n\t<meta property=\"og:image:type\" content=\"image\/jpeg\" \/>\n<meta name=\"twitter:card\" content=\"summary_large_image\" \/>\n<script type=\"application\/ld+json\" class=\"yoast-schema-graph\">{\"@context\":\"https:\\\/\\\/schema.org\",\"@graph\":[{\"@type\":\"WebPage\",\"@id\":\"https:\\\/\\\/www.toyotomi.eu\\\/it\\\/prodotto\\\/zibro-rs-4022\\\/\",\"url\":\"https:\\\/\\\/www.toyotomi.eu\\\/it\\\/prodotto\\\/zibro-rs-4022\\\/\",\"name\":\"Zibro RS-4022 - Toyotomi\",\"isPartOf\":{\"@id\":\"https:\\\/\\\/www.toyotomi.eu\\\/it\\\/#website\"},\"primaryImageOfPage\":{\"@id\":\"https:\\\/\\\/www.toyotomi.eu\\\/it\\\/prodotto\\\/zibro-rs-4022\\\/#primaryimage\"},\"image\":{\"@id\":\"https:\\\/\\\/www.toyotomi.eu\\\/it\\\/prodotto\\\/zibro-rs-4022\\\/#primaryimage\"},\"thumbnailUrl\":\"https:\\\/\\\/www.toyotomi.eu\\\/wp-content\\\/uploads\\\/2020\\\/07\\\/Zibro-heater-RS-220.jpg\",\"datePublished\":\"2025-01-01T01:01:00+00:00\",\"dateModified\":\"2026-01-20T07:51:08+00:00\",\"breadcrumb\":{\"@id\":\"https:\\\/\\\/www.toyotomi.eu\\\/it\\\/prodotto\\\/zibro-rs-4022\\\/#breadcrumb\"},\"inLanguage\":\"it-IT\",\"potentialAction\":[{\"@type\":\"ReadAction\",\"target\":[\"https:\\\/\\\/www.toyotomi.eu\\\/it\\\/prodotto\\\/zibro-rs-4022\\\/\"]}]},{\"@type\":\"ImageObject\",\"inLanguage\":\"it-IT\",\"@id\":\"https:\\\/\\\/www.toyotomi.eu\\\/it\\\/prodotto\\\/zibro-rs-4022\\\/#primaryimage\",\"url\":\"https:\\\/\\\/www.toyotomi.eu\\\/wp-content\\\/uploads\\\/2020\\\/07\\\/Zibro-heater-RS-220.jpg\",\"contentUrl\":\"https:\\\/\\\/www.toyotomi.eu\\\/wp-content\\\/uploads\\\/2020\\\/07\\\/Zibro-heater-RS-220.jpg\",\"width\":1000,\"height\":1000,\"caption\":\"Stufa Zibro RS-220\"},{\"@type\":\"BreadcrumbList\",\"@id\":\"https:\\\/\\\/www.toyotomi.eu\\\/it\\\/prodotto\\\/zibro-rs-4022\\\/#breadcrumb\",\"itemListElement\":[{\"@type\":\"ListItem\",\"position\":1,\"name\":\"Home\",\"item\":\"https:\\\/\\\/www.toyotomi.eu\\\/it\\\/\"},{\"@type\":\"ListItem\",\"position\":2,\"name\":\"Tutti i prodotti\",\"item\":\"https:\\\/\\\/www.toyotomi.eu\\\/it\\\/tutti-i-prodotti\\\/\"},{\"@type\":\"ListItem\",\"position\":3,\"name\":\"Zibro RS-4022\"}]},{\"@type\":\"WebSite\",\"@id\":\"https:\\\/\\\/www.toyotomi.eu\\\/it\\\/#website\",\"url\":\"https:\\\/\\\/www.toyotomi.eu\\\/it\\\/\",\"name\":\"Toyotomi\",\"description\":\"\",\"publisher\":{\"@id\":\"https:\\\/\\\/www.toyotomi.eu\\\/it\\\/#organization\"},\"potentialAction\":[{\"@type\":\"SearchAction\",\"target\":{\"@type\":\"EntryPoint\",\"urlTemplate\":\"https:\\\/\\\/www.toyotomi.eu\\\/it\\\/?s={search_term_string}\"},\"query-input\":{\"@type\":\"PropertyValueSpecification\",\"valueRequired\":true,\"valueName\":\"search_term_string\"}}],\"inLanguage\":\"it-IT\"},{\"@type\":\"Organization\",\"@id\":\"https:\\\/\\\/www.toyotomi.eu\\\/it\\\/#organization\",\"name\":\"Toyotomi Europe Sales B.V.\",\"alternateName\":\"Toyotomi\",\"url\":\"https:\\\/\\\/www.toyotomi.eu\\\/it\\\/\",\"logo\":{\"@type\":\"ImageObject\",\"inLanguage\":\"it-IT\",\"@id\":\"https:\\\/\\\/www.toyotomi.eu\\\/it\\\/#\\\/schema\\\/logo\\\/image\\\/\",\"url\":\"https:\\\/\\\/www.toyotomi.eu\\\/wp-content\\\/uploads\\\/2025\\\/10\\\/logo.png\",\"contentUrl\":\"https:\\\/\\\/www.toyotomi.eu\\\/wp-content\\\/uploads\\\/2025\\\/10\\\/logo.png\",\"width\":1360,\"height\":304,\"caption\":\"Toyotomi Europe Sales B.V.\"},\"image\":{\"@id\":\"https:\\\/\\\/www.toyotomi.eu\\\/it\\\/#\\\/schema\\\/logo\\\/image\\\/\"}}]}<\/script>\n<!-- \/ Yoast SEO plugin. -->","yoast_head_json":{"title":"Zibro RS-4022 - Toyotomi","robots":{"index":"index","follow":"follow","max-snippet":"max-snippet:-1","max-image-preview":"max-image-preview:large","max-video-preview":"max-video-preview:-1"},"canonical":"https:\/\/www.toyotomi.eu\/it\/prodotto\/zibro-rs-4022\/","og_locale":"it_IT","og_type":"article","og_title":"Zibro RS-4022 - Toyotomi","og_description":"Il riscaldatore a stoppino Toyotomi RS-4022 \u00e8 dotato di un singolo bruciatore con una capacit\u00e0 di riscaldamento di 2,20 kW. Fornisce calore pulito, efficiente ed economico senza necessit\u00e0 di installazione. Il suo sistema di combustione senza canna fumaria richiede solo quattro batterie per l'accensione, rendendolo estremamente facile da usare. Progettato per riscaldare spazi fino a 80 m\u00b3, l'RS-4022 \u00e8 dotato di molteplici dispositivi di sicurezza, offrendo una soluzione di riscaldamento sicura, pratica e altamente efficiente.   SKU: RS-4022 EAN: 4963505711696","og_url":"https:\/\/www.toyotomi.eu\/it\/prodotto\/zibro-rs-4022\/","og_site_name":"Toyotomi","article_modified_time":"2026-01-20T07:51:08+00:00","og_image":[{"width":1000,"height":1000,"url":"https:\/\/www.toyotomi.eu\/wp-content\/uploads\/2020\/07\/Zibro-heater-RS-220.jpg","type":"image\/jpeg"}],"twitter_card":"summary_large_image","schema":{"@context":"https:\/\/schema.org","@graph":[{"@type":"WebPage","@id":"https:\/\/www.toyotomi.eu\/it\/prodotto\/zibro-rs-4022\/","url":"https:\/\/www.toyotomi.eu\/it\/prodotto\/zibro-rs-4022\/","name":"Zibro RS-4022 - Toyotomi","isPartOf":{"@id":"https:\/\/www.toyotomi.eu\/it\/#website"},"primaryImageOfPage":{"@id":"https:\/\/www.toyotomi.eu\/it\/prodotto\/zibro-rs-4022\/#primaryimage"},"image":{"@id":"https:\/\/www.toyotomi.eu\/it\/prodotto\/zibro-rs-4022\/#primaryimage"},"thumbnailUrl":"https:\/\/www.toyotomi.eu\/wp-content\/uploads\/2020\/07\/Zibro-heater-RS-220.jpg","datePublished":"2025-01-01T01:01:00+00:00","dateModified":"2026-01-20T07:51:08+00:00","breadcrumb":{"@id":"https:\/\/www.toyotomi.eu\/it\/prodotto\/zibro-rs-4022\/#breadcrumb"},"inLanguage":"it-IT","potentialAction":[{"@type":"ReadAction","target":["https:\/\/www.toyotomi.eu\/it\/prodotto\/zibro-rs-4022\/"]}]},{"@type":"ImageObject","inLanguage":"it-IT","@id":"https:\/\/www.toyotomi.eu\/it\/prodotto\/zibro-rs-4022\/#primaryimage","url":"https:\/\/www.toyotomi.eu\/wp-content\/uploads\/2020\/07\/Zibro-heater-RS-220.jpg","contentUrl":"https:\/\/www.toyotomi.eu\/wp-content\/uploads\/2020\/07\/Zibro-heater-RS-220.jpg","width":1000,"height":1000,"caption":"Stufa Zibro RS-220"},{"@type":"BreadcrumbList","@id":"https:\/\/www.toyotomi.eu\/it\/prodotto\/zibro-rs-4022\/#breadcrumb","itemListElement":[{"@type":"ListItem","position":1,"name":"Home","item":"https:\/\/www.toyotomi.eu\/it\/"},{"@type":"ListItem","position":2,"name":"Tutti i prodotti","item":"https:\/\/www.toyotomi.eu\/it\/tutti-i-prodotti\/"},{"@type":"ListItem","position":3,"name":"Zibro RS-4022"}]},{"@type":"WebSite","@id":"https:\/\/www.toyotomi.eu\/it\/#website","url":"https:\/\/www.toyotomi.eu\/it\/","name":"Toyotomi","description":"","publisher":{"@id":"https:\/\/www.toyotomi.eu\/it\/#organization"},"potentialAction":[{"@type":"SearchAction","target":{"@type":"EntryPoint","urlTemplate":"https:\/\/www.toyotomi.eu\/it\/?s={search_term_string}"},"query-input":{"@type":"PropertyValueSpecification","valueRequired":true,"valueName":"search_term_string"}}],"inLanguage":"it-IT"},{"@type":"Organization","@id":"https:\/\/www.toyotomi.eu\/it\/#organization","name":"Toyotomi Europe Sales B.V.","alternateName":"Toyotomi","url":"https:\/\/www.toyotomi.eu\/it\/","logo":{"@type":"ImageObject","inLanguage":"it-IT","@id":"https:\/\/www.toyotomi.eu\/it\/#\/schema\/logo\/image\/","url":"https:\/\/www.toyotomi.eu\/wp-content\/uploads\/2025\/10\/logo.png","contentUrl":"https:\/\/www.toyotomi.eu\/wp-content\/uploads\/2025\/10\/logo.png","width":1360,"height":304,"caption":"Toyotomi Europe Sales B.V."},"image":{"@id":"https:\/\/www.toyotomi.eu\/it\/#\/schema\/logo\/image\/"}}]}},"_links":{"self":[{"href":"https:\/\/www.toyotomi.eu\/it\/wp-json\/wp\/v2\/product\/46247","targetHints":{"allow":["GET"]}}],"collection":[{"href":"https:\/\/www.toyotomi.eu\/it\/wp-json\/wp\/v2\/product"}],"about":[{"href":"https:\/\/www.toyotomi.eu\/it\/wp-json\/wp\/v2\/types\/product"}],"wp:featuredmedia":[{"embeddable":true,"href":"https:\/\/www.toyotomi.eu\/it\/wp-json\/wp\/v2\/media\/39617"}],"wp:attachment":[{"href":"https:\/\/www.toyotomi.eu\/it\/wp-json\/wp\/v2\/media?parent=46247"}],"wp:term":[{"taxonomy":"product_brand","embeddable":true,"href":"https:\/\/www.toyotomi.eu\/it\/wp-json\/wp\/v2\/product_brand?post=46247"},{"taxonomy":"product_cat","embeddable":true,"href":"https:\/\/www.toyotomi.eu\/it\/wp-json\/wp\/v2\/product_cat?post=46247"},{"taxonomy":"product_tag","embeddable":true,"href":"https:\/\/www.toyotomi.eu\/it\/wp-json\/wp\/v2\/product_tag?post=46247"}],"curies":[{"name":"wp","href":"https:\/\/api.w.org\/{rel}","templated":true}]}}