{"id":46221,"date":"2025-01-01T02:01:00","date_gmt":"2025-01-01T01:01:00","guid":{"rendered":"https:\/\/www.toyotomi.eu\/product\/zibro-lc-4047\/"},"modified":"2026-01-20T08:51:01","modified_gmt":"2026-01-20T07:51:01","slug":"zibro-lc-4047","status":"publish","type":"product","link":"https:\/\/www.toyotomi.eu\/it\/prodotto\/zibro-lc-4047\/","title":{"rendered":"Zibro LC-4047"},"content":{"rendered":"\n<div class=\"wp-block-essential-blocks-wrapper alignfull  root-eb-wrapper-kiu5m\"><div class=\"eb-parent-wrapper eb-parent-eb-wrapper-kiu5m \"><div class=\"eb-wrapper-outer eb-wrapper-kiu5m\"><div class=\"eb-wrapper-inner\"><div class=\"eb-wrapper-inner-blocks eb-wrapper-align-center\">\n<div class=\"wp-block-essential-blocks-row alignfull  root-eb-row-vp5zx\"><div class=\"eb-parent-wrapper eb-parent-eb-row-vp5zx \"><div class=\"eb-row-root-container eb-row-vp5zx\" data-id=\"eb-row-vp5zx\"><div class=\"eb-row-wrapper\"><div class=\"eb-row-inner\">\n<div class=\"wp-block-essential-blocks-column  root-eb-column-wbb44\"><div class=\"eb-parent-wrapper eb-parent-eb-column-wbb44 \"><div class=\"eb-column-wrapper eb-column-wbb44\"><div class=\"eb-column-inner\">\n<div class=\"wp-block-essential-blocks-wrapper alignfull  root-eb-wrapper-8eqic\"><div class=\"eb-parent-wrapper eb-parent-eb-wrapper-8eqic \"><div class=\"eb-wrapper-outer eb-wrapper-8eqic\"><div class=\"eb-wrapper-inner\"><div class=\"eb-wrapper-inner-blocks eb-wrapper-align-center\">\n<div class=\"wp-block-essential-blocks-row alignfull  root-eb-row-69nlq\"><div class=\"eb-parent-wrapper eb-parent-eb-row-69nlq \"><div class=\"eb-row-root-container eb-row-69nlq\" data-id=\"eb-row-69nlq\"><div class=\"eb-row-wrapper\"><div class=\"eb-row-inner\">\n<div class=\"wp-block-essential-blocks-column  root-eb-column-4o7fv\"><div class=\"eb-parent-wrapper eb-parent-eb-column-4o7fv \"><div class=\"eb-column-wrapper eb-column-4o7fv\"><div class=\"eb-column-inner\">\n<h2 class=\"wp-block-heading has-text-align-left has-x-large-font-size\">Stufa Zibro Laser Clean Heater LC-4047<\/h2>\n\n\n\n<p>La stufa Zibro Laser Clean Heater LC-4047 \u00e8 una stufa a paraffina ad alte prestazioni e a combustione pulita, progettata per fornire un riscaldamento sicuro, efficiente ed economico. Con il suo bruciatore elettronico da 4,65 kW, pu\u00f2 riscaldare spazi fino a 190 m\u00b3, rendendola perfetta per grandi zone giorno, uffici, officine, case vacanze e spazi commerciali. <\/p>\n\n\n\n<p>Grazie al suo design senza stoppino e senza canna fumaria e alla ventola integrata, il calore viene distribuito in modo uniforme e silenzioso in tutta la stanza, creando un ambiente confortevole e accogliente quasi istantaneamente.<\/p>\n\n\n\n<h2 class=\"wp-block-heading\">Riscaldamento intelligente ed efficiente<\/h2>\n\n\n\n<p>L&#8217;LC-4047 \u00e8 dotato di <strong>funzionamento semiautomatico<\/strong> con un <strong>timer programmabile di 24 ore<\/strong> e termostato integrato, che consente di mantenere senza sforzo la temperatura ambiente desiderata. La sua <strong>modalit\u00e0 \u201cSAVE\u201d<\/strong> mantiene la temperatura stabile con un consumo minimo. <\/p>\n\n\n\n<p>La <strong>tecnologia Fuzzy Logic<\/strong> migliora ulteriormente l&#8217;efficienza calcolando il tempo di funzionamento ottimale in base alle dimensioni della stanza e alla temperatura attuale. Rileva inoltre i residui nella camera di combustione per garantire una combustione pulita e inodore ed esegue un&#8217;autodiagnosi di potenziali guasti per un funzionamento sicuro. <\/p>\n\n\n\n<h2 class=\"wp-block-heading\">Funzioni di sicurezza avanzate<\/h2>\n\n\n\n<p>La sicurezza \u00e8 una priorit\u00e0 assoluta con l&#8217;LC-4047. \u00c8 dotato di: <\/p>\n\n\n\n<ul class=\"wp-block-list\">\n<li><strong>Interruttore antiribaltamento<\/strong><\/li>\n\n\n\n<li><strong>Dispositivo di sicurezza di accensione<\/strong><\/li>\n\n\n\n<li><strong>Dispositivo di controllo della combustione<\/strong><\/li>\n\n\n\n<li><strong>Dispositivo di sicurezza in caso di interruzione di corrente<\/strong><\/li>\n\n\n\n<li><strong>Interruttore di limite massimo \/ protezione da surriscaldamento<\/strong><\/li>\n\n\n\n<li><strong>Asta di rilevamento fiamma \/ termistore del bruciatore<\/strong> per il rilevamento di combustione incompleta<\/li>\n<\/ul>\n\n\n\n<p class=\"has-text-align-left\">Con la <strong>semplicit\u00e0 plug-and-play<\/strong>, la Zibro LC-4047 fornisce un riscaldamento affidabile, sicuro e altamente efficiente senza necessit\u00e0 di installazione.<\/p>\n<\/div><\/div><\/div><\/div>\n<\/div><\/div><\/div><\/div><\/div>\n<\/div><\/div><\/div><\/div><\/div>\n\n\n\n<div style=\"height:80px\" aria-hidden=\"true\" class=\"wp-block-spacer\"><\/div>\n\n\n\n<div class=\"wp-block-essential-blocks-wrapper alignfull  root-eb-wrapper-0pft6\"><div class=\"eb-parent-wrapper eb-parent-eb-wrapper-0pft6 \"><div class=\"eb-wrapper-outer eb-wrapper-0pft6\"><div class=\"eb-wrapper-inner\"><div class=\"eb-wrapper-inner-blocks eb-wrapper-align-center\">\n<div class=\"wp-block-essential-blocks-row alignfull  root-eb-row-htqol\"><div class=\"eb-parent-wrapper eb-parent-eb-row-htqol \"><div class=\"eb-row-root-container eb-row-htqol\" data-id=\"eb-row-htqol\"><div class=\"eb-row-wrapper\"><div class=\"eb-row-inner\">\n<div class=\"wp-block-essential-blocks-column  root-eb-column-eoyr7\"><div class=\"eb-parent-wrapper eb-parent-eb-column-eoyr7 \"><div class=\"eb-column-wrapper eb-column-eoyr7\"><div class=\"eb-column-inner\">\n<h2 class=\"wp-block-heading has-text-align-center has-xxx-large-font-size\">Include<\/h2>\n<\/div><\/div><\/div><\/div>\n<\/div><\/div><\/div><\/div><\/div>\n<\/div><\/div><\/div><\/div><\/div>\n\n\n\n<div class=\"wp-block-essential-blocks-wrapper alignfull  root-eb-wrapper-yauuv\"><div class=\"eb-parent-wrapper eb-parent-eb-wrapper-yauuv \"><div class=\"eb-wrapper-outer eb-wrapper-yauuv\"><div class=\"eb-wrapper-inner\"><div class=\"eb-wrapper-inner-blocks eb-wrapper-align-center\">\n<div class=\"wp-block-essential-blocks-row alignfull  root-eb-row-j9w3g\"><div class=\"eb-parent-wrapper eb-parent-eb-row-j9w3g \"><div class=\"eb-row-root-container eb-row-j9w3g\" data-id=\"eb-row-j9w3g\"><div class=\"eb-row-wrapper\"><div class=\"eb-row-inner\">\n<div class=\"wp-block-essential-blocks-column  root-eb-column-79he7\"><div class=\"eb-parent-wrapper eb-parent-eb-column-79he7 \"><div class=\"eb-column-wrapper eb-column-79he7\"><div class=\"eb-column-inner\">\n<figure class=\"wp-block-image size-full has-custom-border\"><img loading=\"lazy\" decoding=\"async\" width=\"800\" height=\"550\" src=\"https:\/\/www.toyotomi.eu\/wp-content\/uploads\/2024\/10\/manual-fuel-syphon-pump.jpg\" alt=\"Tubo flessibile medicale con connettore rosso per precisione e sicurezza.\" class=\"wp-image-25016\" style=\"border-radius:4px\" srcset=\"https:\/\/www.toyotomi.eu\/wp-content\/uploads\/2024\/10\/manual-fuel-syphon-pump.jpg 800w, https:\/\/www.toyotomi.eu\/wp-content\/uploads\/2024\/10\/manual-fuel-syphon-pump-300x206.jpg 300w, https:\/\/www.toyotomi.eu\/wp-content\/uploads\/2024\/10\/manual-fuel-syphon-pump-768x528.jpg 768w, https:\/\/www.toyotomi.eu\/wp-content\/uploads\/2024\/10\/manual-fuel-syphon-pump-441x303.jpg 441w, https:\/\/www.toyotomi.eu\/wp-content\/uploads\/2024\/10\/manual-fuel-syphon-pump-150x103.jpg 150w\" sizes=\"auto, (max-width: 800px) 100vw, 800px\" \/><\/figure>\n<\/div><\/div><\/div><\/div>\n\n\n\n<div class=\"wp-block-essential-blocks-column  root-eb-column-fbtim\"><div class=\"eb-parent-wrapper eb-parent-eb-column-fbtim \"><div class=\"eb-column-wrapper eb-column-fbtim\"><div class=\"eb-column-inner\">\n<h2 class=\"wp-block-heading has-x-large-font-size\"><strong>Pompa a Sifone Manuale<\/strong><\/h2>\n\n\n\n<p>La Zibro LC-4047 include una pompa sifone manuale in ogni confezione come accessorio standard, utilizzata per riempire la stufa con il combustibile. Questo strumento semplice e pratico facilita il trasferimento del carburante e aiuta a prevenire fuoriuscite durante il rifornimento. <\/p>\n<\/div><\/div><\/div><\/div>\n<\/div><\/div><\/div><\/div><\/div>\n<\/div><\/div><\/div><\/div><\/div>\n\n\n\n<div class=\"wp-block-essential-blocks-wrapper alignfull  root-eb-wrapper-e5ush\"><div class=\"eb-parent-wrapper eb-parent-eb-wrapper-e5ush \"><div class=\"eb-wrapper-outer eb-wrapper-e5ush\"><div class=\"eb-wrapper-inner\"><div class=\"eb-wrapper-inner-blocks eb-wrapper-align-center\">\n<div class=\"wp-block-essential-blocks-row alignfull  root-eb-row-vtf3p\"><div class=\"eb-parent-wrapper eb-parent-eb-row-vtf3p \"><div class=\"eb-row-root-container eb-row-vtf3p\" data-id=\"eb-row-vtf3p\"><div class=\"eb-row-wrapper\"><div class=\"eb-row-inner\">\n<div class=\"wp-block-essential-blocks-column  root-eb-column-taoxq\"><div class=\"eb-parent-wrapper eb-parent-eb-column-taoxq \"><div class=\"eb-column-wrapper eb-column-taoxq\"><div class=\"eb-column-inner\">\n<h2 class=\"wp-block-heading has-x-large-font-size\"><strong><strong>Serbatoio carburante rimovibile<\/strong><\/strong><\/h2>\n\n\n\n<p>La Zibro LC-4047 include un serbatoio del carburante rimovibile con maniglia integrata e tappo a prova di fuoriuscita, rendendo il rifornimento sicuro, pulito e conveniente. Il design garantisce cambi rapidi del serbatoio senza interrompere il comfort o creare disordine. <\/p>\n<\/div><\/div><\/div><\/div>\n\n\n\n<div class=\"wp-block-essential-blocks-column  root-eb-column-eqx21\"><div class=\"eb-parent-wrapper eb-parent-eb-column-eqx21 \"><div class=\"eb-column-wrapper eb-column-eqx21\"><div class=\"eb-column-inner\">\n<figure class=\"wp-block-image size-full has-custom-border\"><img loading=\"lazy\" decoding=\"async\" width=\"800\" height=\"550\" src=\"https:\/\/www.toyotomi.eu\/wp-content\/uploads\/2025\/07\/toyotomi-removable-fuel-tank.jpg\" alt=\"Testo alternativo: Primo piano del riscaldatore Toyotomi con adesivo rosso del programma fedelt&#xE0;, finitura argento.\" class=\"wp-image-24332\" style=\"border-radius:4px\" srcset=\"https:\/\/www.toyotomi.eu\/wp-content\/uploads\/2025\/07\/toyotomi-removable-fuel-tank.jpg 800w, https:\/\/www.toyotomi.eu\/wp-content\/uploads\/2025\/07\/toyotomi-removable-fuel-tank-300x206.jpg 300w, https:\/\/www.toyotomi.eu\/wp-content\/uploads\/2025\/07\/toyotomi-removable-fuel-tank-768x528.jpg 768w, https:\/\/www.toyotomi.eu\/wp-content\/uploads\/2025\/07\/toyotomi-removable-fuel-tank-441x303.jpg 441w, https:\/\/www.toyotomi.eu\/wp-content\/uploads\/2025\/07\/toyotomi-removable-fuel-tank-150x103.jpg 150w\" sizes=\"auto, (max-width: 800px) 100vw, 800px\" \/><\/figure>\n<\/div><\/div><\/div><\/div>\n<\/div><\/div><\/div><\/div><\/div>\n<\/div><\/div><\/div><\/div><\/div>\n<\/div><\/div><\/div><\/div>\n<\/div><\/div><\/div><\/div><\/div>\n<\/div><\/div><\/div><\/div><\/div>\n","protected":false},"excerpt":{"rendered":"<p>Il riscaldatore Zibro Laser Clean Heater LC-4047 \u00e8 dotato del pi\u00f9 recente bruciatore elettronico da 4,65 kW e offre un calore pulito, efficiente ed economico. Il riscaldatore non richiede installazione, deve solo essere collegato a una presa di corrente. \u00c8 facile da usare ed \u00e8 in grado di riscaldare ambienti fino a 190 m\u00b3. Con un consumo energetico di soli 23 watt durante il funzionamento, l&#8217;LC-4047 rappresenta una soluzione di riscaldamento senza canna fumaria sicura, altamente efficiente ed economica.   <\/p>\n<p><strong>SKU:<\/strong> LC-4047<br \/>\n<strong>EAN:<\/strong> 4963505732035<\/p>\n","protected":false},"featured_media":0,"template":"","meta":{"_acf_changed":false,"_eb_attr":""},"product_brand":[],"product_cat":[5924],"product_tag":[],"class_list":{"0":"post-46221","1":"product","2":"type-product","3":"status-publish","5":"product_cat-stufe-elettronica","7":"first","8":"instock","9":"taxable","10":"shipping-taxable","11":"product-type-simple"},"acf":[],"yoast_head":"<!-- This site is optimized with the Yoast SEO plugin v27.4 - https:\/\/yoast.com\/product\/yoast-seo-wordpress\/ -->\n<title>Zibro LC-4047 - Toyotomi<\/title>\n<meta name=\"robots\" content=\"index, follow, max-snippet:-1, max-image-preview:large, max-video-preview:-1\" \/>\n<link rel=\"canonical\" href=\"https:\/\/www.toyotomi.eu\/it\/prodotto\/zibro-lc-4047\/\" \/>\n<meta property=\"og:locale\" content=\"it_IT\" \/>\n<meta property=\"og:type\" content=\"article\" \/>\n<meta property=\"og:title\" content=\"Zibro LC-4047 - Toyotomi\" \/>\n<meta property=\"og:description\" content=\"Il riscaldatore Zibro Laser Clean Heater LC-4047 \u00e8 dotato del pi\u00f9 recente bruciatore elettronico da 4,65 kW e offre un calore pulito, efficiente ed economico. Il riscaldatore non richiede installazione, deve solo essere collegato a una presa di corrente. \u00c8 facile da usare ed \u00e8 in grado di riscaldare ambienti fino a 190 m\u00b3. Con un consumo energetico di soli 23 watt durante il funzionamento, l&#039;LC-4047 rappresenta una soluzione di riscaldamento senza canna fumaria sicura, altamente efficiente ed economica.   SKU: LC-4047 EAN: 4963505732035\" \/>\n<meta property=\"og:url\" content=\"https:\/\/www.toyotomi.eu\/it\/prodotto\/zibro-lc-4047\/\" \/>\n<meta property=\"og:site_name\" content=\"Toyotomi\" \/>\n<meta property=\"article:modified_time\" content=\"2026-01-20T07:51:01+00:00\" \/>\n<meta property=\"og:image\" content=\"https:\/\/www.toyotomi.eu\/wp-content\/uploads\/2022\/12\/LC-4047-530-NF-scaled.jpg\" \/>\n\t<meta property=\"og:image:width\" content=\"2560\" \/>\n\t<meta property=\"og:image:height\" content=\"2286\" \/>\n\t<meta property=\"og:image:type\" content=\"image\/jpeg\" \/>\n<meta name=\"twitter:card\" content=\"summary_large_image\" \/>\n<script type=\"application\/ld+json\" class=\"yoast-schema-graph\">{\"@context\":\"https:\\\/\\\/schema.org\",\"@graph\":[{\"@type\":\"WebPage\",\"@id\":\"https:\\\/\\\/www.toyotomi.eu\\\/it\\\/prodotto\\\/zibro-lc-4047\\\/\",\"url\":\"https:\\\/\\\/www.toyotomi.eu\\\/it\\\/prodotto\\\/zibro-lc-4047\\\/\",\"name\":\"Zibro LC-4047 - Toyotomi\",\"isPartOf\":{\"@id\":\"https:\\\/\\\/www.toyotomi.eu\\\/it\\\/#website\"},\"datePublished\":\"2025-01-01T01:01:00+00:00\",\"dateModified\":\"2026-01-20T07:51:01+00:00\",\"breadcrumb\":{\"@id\":\"https:\\\/\\\/www.toyotomi.eu\\\/it\\\/prodotto\\\/zibro-lc-4047\\\/#breadcrumb\"},\"inLanguage\":\"it-IT\",\"potentialAction\":[{\"@type\":\"ReadAction\",\"target\":[\"https:\\\/\\\/www.toyotomi.eu\\\/it\\\/prodotto\\\/zibro-lc-4047\\\/\"]}]},{\"@type\":\"BreadcrumbList\",\"@id\":\"https:\\\/\\\/www.toyotomi.eu\\\/it\\\/prodotto\\\/zibro-lc-4047\\\/#breadcrumb\",\"itemListElement\":[{\"@type\":\"ListItem\",\"position\":1,\"name\":\"Home\",\"item\":\"https:\\\/\\\/www.toyotomi.eu\\\/it\\\/\"},{\"@type\":\"ListItem\",\"position\":2,\"name\":\"Tutti i prodotti\",\"item\":\"https:\\\/\\\/www.toyotomi.eu\\\/it\\\/tutti-i-prodotti\\\/\"},{\"@type\":\"ListItem\",\"position\":3,\"name\":\"Zibro LC-4047\"}]},{\"@type\":\"WebSite\",\"@id\":\"https:\\\/\\\/www.toyotomi.eu\\\/it\\\/#website\",\"url\":\"https:\\\/\\\/www.toyotomi.eu\\\/it\\\/\",\"name\":\"Toyotomi\",\"description\":\"\",\"publisher\":{\"@id\":\"https:\\\/\\\/www.toyotomi.eu\\\/it\\\/#organization\"},\"potentialAction\":[{\"@type\":\"SearchAction\",\"target\":{\"@type\":\"EntryPoint\",\"urlTemplate\":\"https:\\\/\\\/www.toyotomi.eu\\\/it\\\/?s={search_term_string}\"},\"query-input\":{\"@type\":\"PropertyValueSpecification\",\"valueRequired\":true,\"valueName\":\"search_term_string\"}}],\"inLanguage\":\"it-IT\"},{\"@type\":\"Organization\",\"@id\":\"https:\\\/\\\/www.toyotomi.eu\\\/it\\\/#organization\",\"name\":\"Toyotomi Europe Sales B.V.\",\"alternateName\":\"Toyotomi\",\"url\":\"https:\\\/\\\/www.toyotomi.eu\\\/it\\\/\",\"logo\":{\"@type\":\"ImageObject\",\"inLanguage\":\"it-IT\",\"@id\":\"https:\\\/\\\/www.toyotomi.eu\\\/it\\\/#\\\/schema\\\/logo\\\/image\\\/\",\"url\":\"https:\\\/\\\/www.toyotomi.eu\\\/wp-content\\\/uploads\\\/2025\\\/10\\\/logo.png\",\"contentUrl\":\"https:\\\/\\\/www.toyotomi.eu\\\/wp-content\\\/uploads\\\/2025\\\/10\\\/logo.png\",\"width\":1360,\"height\":304,\"caption\":\"Toyotomi Europe Sales B.V.\"},\"image\":{\"@id\":\"https:\\\/\\\/www.toyotomi.eu\\\/it\\\/#\\\/schema\\\/logo\\\/image\\\/\"}}]}<\/script>\n<!-- \/ Yoast SEO plugin. -->","yoast_head_json":{"title":"Zibro LC-4047 - Toyotomi","robots":{"index":"index","follow":"follow","max-snippet":"max-snippet:-1","max-image-preview":"max-image-preview:large","max-video-preview":"max-video-preview:-1"},"canonical":"https:\/\/www.toyotomi.eu\/it\/prodotto\/zibro-lc-4047\/","og_locale":"it_IT","og_type":"article","og_title":"Zibro LC-4047 - Toyotomi","og_description":"Il riscaldatore Zibro Laser Clean Heater LC-4047 \u00e8 dotato del pi\u00f9 recente bruciatore elettronico da 4,65 kW e offre un calore pulito, efficiente ed economico. Il riscaldatore non richiede installazione, deve solo essere collegato a una presa di corrente. \u00c8 facile da usare ed \u00e8 in grado di riscaldare ambienti fino a 190 m\u00b3. Con un consumo energetico di soli 23 watt durante il funzionamento, l'LC-4047 rappresenta una soluzione di riscaldamento senza canna fumaria sicura, altamente efficiente ed economica.   SKU: LC-4047 EAN: 4963505732035","og_url":"https:\/\/www.toyotomi.eu\/it\/prodotto\/zibro-lc-4047\/","og_site_name":"Toyotomi","article_modified_time":"2026-01-20T07:51:01+00:00","og_image":[{"width":2560,"height":2286,"url":"https:\/\/www.toyotomi.eu\/wp-content\/uploads\/2022\/12\/LC-4047-530-NF-scaled.jpg","type":"image\/jpeg"}],"twitter_card":"summary_large_image","schema":{"@context":"https:\/\/schema.org","@graph":[{"@type":"WebPage","@id":"https:\/\/www.toyotomi.eu\/it\/prodotto\/zibro-lc-4047\/","url":"https:\/\/www.toyotomi.eu\/it\/prodotto\/zibro-lc-4047\/","name":"Zibro LC-4047 - Toyotomi","isPartOf":{"@id":"https:\/\/www.toyotomi.eu\/it\/#website"},"datePublished":"2025-01-01T01:01:00+00:00","dateModified":"2026-01-20T07:51:01+00:00","breadcrumb":{"@id":"https:\/\/www.toyotomi.eu\/it\/prodotto\/zibro-lc-4047\/#breadcrumb"},"inLanguage":"it-IT","potentialAction":[{"@type":"ReadAction","target":["https:\/\/www.toyotomi.eu\/it\/prodotto\/zibro-lc-4047\/"]}]},{"@type":"BreadcrumbList","@id":"https:\/\/www.toyotomi.eu\/it\/prodotto\/zibro-lc-4047\/#breadcrumb","itemListElement":[{"@type":"ListItem","position":1,"name":"Home","item":"https:\/\/www.toyotomi.eu\/it\/"},{"@type":"ListItem","position":2,"name":"Tutti i prodotti","item":"https:\/\/www.toyotomi.eu\/it\/tutti-i-prodotti\/"},{"@type":"ListItem","position":3,"name":"Zibro LC-4047"}]},{"@type":"WebSite","@id":"https:\/\/www.toyotomi.eu\/it\/#website","url":"https:\/\/www.toyotomi.eu\/it\/","name":"Toyotomi","description":"","publisher":{"@id":"https:\/\/www.toyotomi.eu\/it\/#organization"},"potentialAction":[{"@type":"SearchAction","target":{"@type":"EntryPoint","urlTemplate":"https:\/\/www.toyotomi.eu\/it\/?s={search_term_string}"},"query-input":{"@type":"PropertyValueSpecification","valueRequired":true,"valueName":"search_term_string"}}],"inLanguage":"it-IT"},{"@type":"Organization","@id":"https:\/\/www.toyotomi.eu\/it\/#organization","name":"Toyotomi Europe Sales B.V.","alternateName":"Toyotomi","url":"https:\/\/www.toyotomi.eu\/it\/","logo":{"@type":"ImageObject","inLanguage":"it-IT","@id":"https:\/\/www.toyotomi.eu\/it\/#\/schema\/logo\/image\/","url":"https:\/\/www.toyotomi.eu\/wp-content\/uploads\/2025\/10\/logo.png","contentUrl":"https:\/\/www.toyotomi.eu\/wp-content\/uploads\/2025\/10\/logo.png","width":1360,"height":304,"caption":"Toyotomi Europe Sales B.V."},"image":{"@id":"https:\/\/www.toyotomi.eu\/it\/#\/schema\/logo\/image\/"}}]}},"_links":{"self":[{"href":"https:\/\/www.toyotomi.eu\/it\/wp-json\/wp\/v2\/product\/46221","targetHints":{"allow":["GET"]}}],"collection":[{"href":"https:\/\/www.toyotomi.eu\/it\/wp-json\/wp\/v2\/product"}],"about":[{"href":"https:\/\/www.toyotomi.eu\/it\/wp-json\/wp\/v2\/types\/product"}],"wp:attachment":[{"href":"https:\/\/www.toyotomi.eu\/it\/wp-json\/wp\/v2\/media?parent=46221"}],"wp:term":[{"taxonomy":"product_brand","embeddable":true,"href":"https:\/\/www.toyotomi.eu\/it\/wp-json\/wp\/v2\/product_brand?post=46221"},{"taxonomy":"product_cat","embeddable":true,"href":"https:\/\/www.toyotomi.eu\/it\/wp-json\/wp\/v2\/product_cat?post=46221"},{"taxonomy":"product_tag","embeddable":true,"href":"https:\/\/www.toyotomi.eu\/it\/wp-json\/wp\/v2\/product_tag?post=46221"}],"curies":[{"name":"wp","href":"https:\/\/api.w.org\/{rel}","templated":true}]}}