{"id":35124,"date":"2025-01-01T00:00:58","date_gmt":"2025-01-01T00:00:58","guid":{"rendered":"https:\/\/www.toyotomi.eu\/cura-e-pulizia-delle-stufe\/"},"modified":"2026-04-02T18:06:20","modified_gmt":"2026-04-02T16:06:20","slug":"cura-e-pulizia-delle-stufe","status":"publish","type":"page","link":"https:\/\/www.toyotomi.eu\/it\/cura-e-pulizia-delle-stufe\/","title":{"rendered":"Cura e pulizia delle stufe"},"content":{"rendered":"\n<div class=\"wp-block-cover alignfull\" style=\"min-height:400px;aspect-ratio:unset;\"><img loading=\"lazy\" decoding=\"async\" width=\"1920\" height=\"670\" class=\"wp-block-cover__image-background wp-image-29223 size-full\" alt=\"\" src=\"https:\/\/www.toyotomi.eu\/wp-content\/uploads\/2025\/08\/title02-2.jpg.webp\" data-object-fit=\"cover\" srcset=\"https:\/\/www.toyotomi.eu\/wp-content\/uploads\/2025\/08\/title02-2.jpg.webp 1920w, https:\/\/www.toyotomi.eu\/wp-content\/uploads\/2025\/08\/title02-2.jpg-300x105.webp 300w, https:\/\/www.toyotomi.eu\/wp-content\/uploads\/2025\/08\/title02-2.jpg-1024x357.webp 1024w, https:\/\/www.toyotomi.eu\/wp-content\/uploads\/2025\/08\/title02-2.jpg-768x268.webp 768w, https:\/\/www.toyotomi.eu\/wp-content\/uploads\/2025\/08\/title02-2.jpg-1536x536.webp 1536w, https:\/\/www.toyotomi.eu\/wp-content\/uploads\/2025\/08\/title02-2.jpg-990x345.webp 990w, https:\/\/www.toyotomi.eu\/wp-content\/uploads\/2025\/08\/title02-2.jpg-441x154.webp 441w, https:\/\/www.toyotomi.eu\/wp-content\/uploads\/2025\/08\/title02-2.jpg-150x52.webp 150w\" sizes=\"auto, (max-width: 1920px) 100vw, 1920px\" \/><span aria-hidden=\"true\" class=\"wp-block-cover__background has-background-dim-0 has-background-dim\" style=\"background-color:#47494a\"><\/span><div class=\"wp-block-cover__inner-container has-global-padding is-layout-constrained wp-block-cover-is-layout-constrained\">\n<div class=\"wp-block-essential-blocks-wrapper alignfull  root-eb-wrapper-7mgxz\"><div class=\"eb-parent-wrapper eb-parent-eb-wrapper-7mgxz \"><div class=\"eb-wrapper-outer eb-wrapper-7mgxz\"><div class=\"eb-wrapper-inner\"><div class=\"eb-wrapper-inner-blocks eb-wrapper-align-center\">\n<div class=\"wp-block-essential-blocks-row alignfull  root-eb-row-if1x3\"><div class=\"eb-parent-wrapper eb-parent-eb-row-if1x3 \"><div class=\"eb-row-root-container eb-row-if1x3\" data-id=\"eb-row-if1x3\"><div class=\"eb-row-wrapper\"><div class=\"eb-row-inner\">\n<div class=\"wp-block-essential-blocks-column  root-eb-column-yb60h\"><div class=\"eb-parent-wrapper eb-parent-eb-column-yb60h \"><div class=\"eb-column-wrapper eb-column-yb60h\"><div class=\"eb-column-inner\">\n<h1 class=\"wp-block-heading has-white-color has-text-color has-link-color has-xx-large-font-size wp-elements-d8e27b9cfb5e4fd339a49ee79bda0498\">Cura e pulizia per la tua stufa<\/h1>\n<\/div><\/div><\/div><\/div>\n<\/div><\/div><\/div><\/div><\/div>\n<\/div><\/div><\/div><\/div><\/div>\n<\/div><\/div>\n\n<div class=\"wp-block-essential-blocks-wrapper alignfull  root-eb-wrapper-yduhh\"><div class=\"eb-parent-wrapper eb-parent-eb-wrapper-yduhh \"><div class=\"eb-wrapper-outer eb-wrapper-yduhh\"><div class=\"eb-wrapper-inner\"><div class=\"eb-wrapper-inner-blocks eb-wrapper-align-center\">\n<div class=\"wp-block-essential-blocks-row alignfull  root-eb-row-qkut0\"><div class=\"eb-parent-wrapper eb-parent-eb-row-qkut0 \"><div class=\"eb-row-root-container eb-row-qkut0\" data-id=\"eb-row-qkut0\"><div class=\"eb-row-wrapper\"><div class=\"eb-row-inner\">\n<div class=\"wp-block-essential-blocks-column  root-eb-column-r8pmz\"><div class=\"eb-parent-wrapper eb-parent-eb-column-r8pmz \"><div class=\"eb-column-wrapper eb-column-r8pmz\"><div class=\"eb-column-inner\">\n<h2 class=\"wp-block-heading has-x-large-font-size\">Inizia con la sicurezza<\/h2>\n\n\n\n<p>Prima di iniziare qualsiasi pulizia o manutenzione, assicurati sempre che la stufa si sia raffreddata completamente. Scollega l&#8217;unit\u00e0 e disconnetti qualsiasi fonte di carburante. Queste precauzioni di base ti proteggono da incidenti o problemi elettrici. Ricorda che pulire o riparare una stufa ancora calda non \u00e8 solo rischioso, ma pu\u00f2 anche danneggiare componenti interni delicati.   <\/p>\n<\/div><\/div><\/div><\/div>\n\n\n\n<div class=\"wp-block-essential-blocks-column  root-eb-column-a6zsj\"><div class=\"eb-parent-wrapper eb-parent-eb-column-a6zsj \"><div class=\"eb-column-wrapper eb-column-a6zsj\"><div class=\"eb-column-inner\"><\/div><\/div><\/div><\/div>\n<\/div><\/div><\/div><\/div><\/div>\n<\/div><\/div><\/div><\/div><\/div>\n\n<div class=\"wp-block-essential-blocks-wrapper alignfull  root-eb-wrapper-gh3js\"><div class=\"eb-parent-wrapper eb-parent-eb-wrapper-gh3js \"><div class=\"eb-wrapper-outer eb-wrapper-gh3js\"><div class=\"eb-wrapper-inner\"><div class=\"eb-wrapper-inner-blocks eb-wrapper-align-center\">\n<div class=\"wp-block-essential-blocks-row alignfull  root-eb-row-3lzvp\"><div class=\"eb-parent-wrapper eb-parent-eb-row-3lzvp \"><div class=\"eb-row-root-container eb-row-3lzvp\" data-id=\"eb-row-3lzvp\"><div class=\"eb-row-wrapper\"><div class=\"eb-row-inner\">\n<div class=\"wp-block-essential-blocks-column  root-eb-column-kv3ug\"><div class=\"eb-parent-wrapper eb-parent-eb-column-kv3ug \"><div class=\"eb-column-wrapper eb-column-kv3ug\"><div class=\"eb-column-inner\">\n<figure class=\"wp-block-image size-full has-custom-border\"><img loading=\"lazy\" decoding=\"async\" width=\"700\" height=\"800\" src=\"https:\/\/www.toyotomi.eu\/wp-content\/uploads\/2025\/06\/toyotomi-cleaning-heater.jpg\" alt=\"Stufa rotonda Toyotomi Europe in fase di pulizia\" class=\"wp-image-20396\" style=\"border-radius:4px\" srcset=\"https:\/\/www.toyotomi.eu\/wp-content\/uploads\/2025\/06\/toyotomi-cleaning-heater.jpg 700w, https:\/\/www.toyotomi.eu\/wp-content\/uploads\/2025\/06\/toyotomi-cleaning-heater-263x300.jpg 263w, https:\/\/www.toyotomi.eu\/wp-content\/uploads\/2025\/06\/toyotomi-cleaning-heater-441x504.jpg 441w, https:\/\/www.toyotomi.eu\/wp-content\/uploads\/2025\/06\/toyotomi-cleaning-heater-150x171.jpg 150w\" sizes=\"auto, (max-width: 700px) 100vw, 700px\" \/><\/figure>\n<\/div><\/div><\/div><\/div>\n\n\n\n<div class=\"wp-block-essential-blocks-column  root-eb-column-dfjpu\"><div class=\"eb-parent-wrapper eb-parent-eb-column-dfjpu \"><div class=\"eb-column-wrapper eb-column-dfjpu\"><div class=\"eb-column-inner\">\n<h2 class=\"wp-block-heading has-x-large-font-size\">Mantenere la pulizia<\/h2>\n\n\n\n<p>Durante la stagione del riscaldamento, una rapida routine settimanale pu\u00f2 aiutare la tua stufa a funzionare al meglio. Aspira delicatamente il filtro dell&#8217;aria per rimuovere l&#8217;accumulo di polvere, facendo attenzione a non bagnare o comprimere eccessivamente il materiale. Un filtro pulito consente un migliore flusso d&#8217;aria, che mantiene la combustione pi\u00f9 efficiente e l&#8217;aria in casa tua pi\u00f9 fresca.  <\/p>\n\n\n\n<p>Dovresti anche pulire l&#8217;esterno, specialmente il coperchio della ventola e le prese d&#8217;aria a lamelle, con un panno morbido e umido. Evita di usare spugne abrasive o sostanze chimiche aggressive. Queste superfici sono progettate per resistere al calore intenso, ma non per essere strofinate vigorosamente.  <\/p>\n\n\n\n<p>Se la tua stufa utilizza un sistema a combustibile liquido, ispeziona i collegamenti del carburante come parte del tuo controllo regolare. Pulisci immediatamente eventuali fuoriuscite di cherosene e assicurati che i raccordi siano stretti per prevenire odori e perdite. <\/p>\n<\/div><\/div><\/div><\/div>\n<\/div><\/div><\/div><\/div><\/div>\n<\/div><\/div><\/div><\/div><\/div>\n\n<div class=\"wp-block-essential-blocks-wrapper alignfull  root-eb-wrapper-qbnbs\"><div class=\"eb-parent-wrapper eb-parent-eb-wrapper-qbnbs \"><div class=\"eb-wrapper-outer eb-wrapper-qbnbs\"><div class=\"eb-wrapper-inner\"><div class=\"eb-wrapper-inner-blocks eb-wrapper-align-center\">\n<div class=\"wp-block-essential-blocks-row alignfull  root-eb-row-u3y5j\"><div class=\"eb-parent-wrapper eb-parent-eb-row-u3y5j \"><div class=\"eb-row-root-container eb-row-u3y5j\" data-id=\"eb-row-u3y5j\"><div class=\"eb-row-wrapper\"><div class=\"eb-row-inner\">\n<div class=\"wp-block-essential-blocks-column  root-eb-column-87v7r\"><div class=\"eb-parent-wrapper eb-parent-eb-column-87v7r \"><div class=\"eb-column-wrapper eb-column-87v7r\"><div class=\"eb-column-inner\">\n<figure class=\"wp-block-image size-full has-custom-border\"><img loading=\"lazy\" decoding=\"async\" width=\"700\" height=\"800\" src=\"https:\/\/www.toyotomi.eu\/wp-content\/uploads\/2025\/06\/toyotomi-heater-cleaning.jpg\" alt=\"Pulizia approfondita e manutenzione della stufa Toyotomi Europe\" class=\"wp-image-20398\" style=\"border-radius:4px\" srcset=\"https:\/\/www.toyotomi.eu\/wp-content\/uploads\/2025\/06\/toyotomi-heater-cleaning.jpg 700w, https:\/\/www.toyotomi.eu\/wp-content\/uploads\/2025\/06\/toyotomi-heater-cleaning-263x300.jpg 263w, https:\/\/www.toyotomi.eu\/wp-content\/uploads\/2025\/06\/toyotomi-heater-cleaning-441x504.jpg 441w, https:\/\/www.toyotomi.eu\/wp-content\/uploads\/2025\/06\/toyotomi-heater-cleaning-150x171.jpg 150w\" sizes=\"auto, (max-width: 700px) 100vw, 700px\" \/><\/figure>\n<\/div><\/div><\/div><\/div>\n\n\n\n<div class=\"wp-block-essential-blocks-column  root-eb-column-r469z\"><div class=\"eb-parent-wrapper eb-parent-eb-column-r469z \"><div class=\"eb-column-wrapper eb-column-r469z\"><div class=\"eb-column-inner\">\n<h2 class=\"wp-block-heading has-x-large-font-size\">Manutenzione occasionale<\/h2>\n\n\n\n<p>La tua stufa Toyotomi beneficia di una pulizia e manutenzione approfondite occasionali. Poche volte all&#8217;anno, o pi\u00f9 spesso se usi l&#8217;unit\u00e0 quotidianamente, dedicati a una pulizia pi\u00f9 approfondita. <\/p>\n\n\n\n<p>Rimuovi il coperchio anteriore e usa un aspirapolvere con un accessorio a spazzola morbida per pulire lo scambiatore di calore interno e la base del soffiatore. L&#8217;accumulo di polvere in queste aree pu\u00f2 portare a inefficienza, funzionamento pi\u00f9 rumoroso e persino problemi di combustione nel tempo. <\/p>\n\n\n\n<p>Se noti che la fiamma appare irregolare, produce fuliggine o ha un odore insolito, potrebbe essere il momento di controllare la qualit\u00e0 del carburante o regolare lo stoppino. Sostituire il carburante vecchio con cherosene fresco e pulito e utilizzare un additivo per carburante approvato pu\u00f2 risolvere molti problemi di prestazioni. <\/p>\n\n\n\n<p>Nota: non smontare la stufa, rimuovi solo il coperchio per accedere all&#8217;interno. In caso contrario, potresti non riuscire a rimontarla correttamente e questo potrebbe compromettere la tua esperienza in futuro. <\/p>\n<\/div><\/div><\/div><\/div>\n<\/div><\/div><\/div><\/div><\/div>\n<\/div><\/div><\/div><\/div><\/div>\n\n<div class=\"wp-block-essential-blocks-wrapper alignfull  root-eb-wrapper-lgkay\"><div class=\"eb-parent-wrapper eb-parent-eb-wrapper-lgkay \"><div class=\"eb-wrapper-outer eb-wrapper-lgkay\"><div class=\"eb-wrapper-inner\"><div class=\"eb-wrapper-inner-blocks eb-wrapper-align-center\">\n<div class=\"wp-block-essential-blocks-row alignfull  root-eb-row-ixlzw\"><div class=\"eb-parent-wrapper eb-parent-eb-row-ixlzw \"><div class=\"eb-row-root-container eb-row-ixlzw\" data-id=\"eb-row-ixlzw\"><div class=\"eb-row-wrapper\"><div class=\"eb-row-inner\">\n<div class=\"wp-block-essential-blocks-column  root-eb-column-kxvc1\"><div class=\"eb-parent-wrapper eb-parent-eb-column-kxvc1 \"><div class=\"eb-column-wrapper eb-column-kxvc1\"><div class=\"eb-column-inner\">\n<figure class=\"wp-block-image size-full has-custom-border\"><img loading=\"lazy\" decoding=\"async\" width=\"700\" height=\"800\" src=\"https:\/\/www.toyotomi.eu\/wp-content\/uploads\/2025\/06\/toyotomi-heater-storage.jpg\" alt=\"Stufa rotonda Toyotomi Europe riposta in una borsa per la conservazione fuori stagione\" class=\"wp-image-20399\" style=\"border-radius:4px\" srcset=\"https:\/\/www.toyotomi.eu\/wp-content\/uploads\/2025\/06\/toyotomi-heater-storage.jpg 700w, https:\/\/www.toyotomi.eu\/wp-content\/uploads\/2025\/06\/toyotomi-heater-storage-263x300.jpg 263w, https:\/\/www.toyotomi.eu\/wp-content\/uploads\/2025\/06\/toyotomi-heater-storage-441x504.jpg 441w, https:\/\/www.toyotomi.eu\/wp-content\/uploads\/2025\/06\/toyotomi-heater-storage-150x171.jpg 150w\" sizes=\"auto, (max-width: 700px) 100vw, 700px\" \/><\/figure>\n<\/div><\/div><\/div><\/div>\n\n\n\n<div class=\"wp-block-essential-blocks-column  root-eb-column-hv4y7\"><div class=\"eb-parent-wrapper eb-parent-eb-column-hv4y7 \"><div class=\"eb-column-wrapper eb-column-hv4y7\"><div class=\"eb-column-inner\">\n<h2 class=\"wp-block-heading has-x-large-font-size\">Preparazione per la conservazione fuori stagione<\/h2>\n\n\n\n<p>Quando la stagione del riscaldamento finisce, una corretta conservazione assicura che la tua stufa sia pronta quando torna il freddo. Inizia svuotando completamente il serbatoio del carburante e lasciando funzionare la stufa finch\u00e9 tutto il carburante residuo non si esaurisce. Questo passaggio aiuta a prevenire la formazione di gomme e la corrosione interna mentre l&#8217;unit\u00e0 \u00e8 inattiva.  <\/p>\n\n\n\n<p>Dopo che l&#8217;unit\u00e0 si \u00e8 raffreddata, pulisci tutte le superfici e lasciale asciugare completamente. \u00c8 importante tenere polvere, umidit\u00e0 e insetti fuori dal sistema durante il periodo di inattivit\u00e0. Per una protezione aggiuntiva, Toyotomi offre una borsa dedicata per la conservazione e il trasporto progettata per ogni modello. Questa copertura resistente aiuta a proteggere la tua stufa da polvere e detriti durante la conservazione o il trasporto, rendendo anche pi\u00f9 facile spostarla in sicurezza tra diverse ubicazioni.   <\/p>\n\n\n\n<p>Una volta pulita e coperta, riponi la tua stufa in un luogo fresco e asciutto, lontano dalla luce solare diretta, dall&#8217;umidit\u00e0 o da temperature estreme. Con solo un po&#8217; di cura, la tua stufa sar\u00e0 pronta a fornire calore affidabile stagione dopo stagione. <\/p>\n<\/div><\/div><\/div><\/div>\n<\/div><\/div><\/div><\/div><\/div>\n<\/div><\/div><\/div><\/div><\/div>\n\n<div style=\"height:10px\" aria-hidden=\"true\" class=\"wp-block-spacer\"><\/div>\n\n<div class=\"wp-block-essential-blocks-wrapper alignfull  root-eb-wrapper-mfi89\"><div class=\"eb-parent-wrapper eb-parent-eb-wrapper-mfi89 \"><div class=\"eb-wrapper-outer eb-wrapper-mfi89\"><div class=\"eb-wrapper-inner\"><div class=\"eb-wrapper-inner-blocks eb-wrapper-align-center\">\n<div class=\"wp-block-essential-blocks-row alignfull  root-eb-row-ahqhk\"><div class=\"eb-parent-wrapper eb-parent-eb-row-ahqhk \"><div class=\"eb-row-root-container eb-row-ahqhk\" data-id=\"eb-row-ahqhk\"><div class=\"eb-row-wrapper\"><div class=\"eb-row-inner\">\n<div class=\"wp-block-essential-blocks-column  root-eb-column-lwznr\"><div class=\"eb-parent-wrapper eb-parent-eb-column-lwznr \"><div class=\"eb-column-wrapper eb-column-lwznr\"><div class=\"eb-column-inner\">\n<div class=\"wp-block-essential-blocks-interactive-promo root-eb-interactive-promo-ym70e\"><div class=\"eb-parent-wrapper eb-parent-eb-interactive-promo-ym70e \"><div class=\"eb-interactive-promo-wrapper eb-interactive-promo-ym70e\"><div class=\"eb-interactive-promo-container\" data-effect=\"apollo\"><div class=\"eb-interactive-promo hover-effect\"><figure class=\"effect-apollo\"><img decoding=\"async\" src=\"https:\/\/www.toyotomi.eu\/wp-content\/uploads\/2025\/12\/Downloads-button-IT-2.jpg\" alt=\"Pulsante download Toyotomi\"><figcaption><h2 class=\"eb-interactive-promo-header\"><\/h2><p class=\"eb-interactive-promo-content\"><\/p><a href=\"https:\/\/www.toyotomi.eu\/it\/servizio-clienti\/download\/\" target=\"_self\" rel=\"noopener noreferrer\"><\/a><\/figcaption><\/figure><\/div><\/div><\/div><\/div><\/div>\n<\/div><\/div><\/div><\/div>\n\n\n\n<div class=\"wp-block-essential-blocks-column  root-eb-column-ln7zw\"><div class=\"eb-parent-wrapper eb-parent-eb-column-ln7zw \"><div class=\"eb-column-wrapper eb-column-ln7zw\"><div class=\"eb-column-inner\">\n<div class=\"wp-block-essential-blocks-interactive-promo root-eb-interactive-promo-tw4ug\"><div class=\"eb-parent-wrapper eb-parent-eb-interactive-promo-tw4ug \"><div class=\"eb-interactive-promo-wrapper eb-interactive-promo-tw4ug\"><div class=\"eb-interactive-promo-container\" data-effect=\"apollo\"><div class=\"eb-interactive-promo hover-effect\"><figure class=\"effect-apollo\"><img decoding=\"async\" src=\"https:\/\/www.toyotomi.eu\/wp-content\/uploads\/2025\/12\/FAQ-button-IT-2.jpg\" alt=\"Pulsante download Toyotomi\"><figcaption><h2 class=\"eb-interactive-promo-header\"><\/h2><p class=\"eb-interactive-promo-content\"><\/p><a href=\"https:\/\/www.toyotomi.eu\/it\/servizio-clienti\/faq\/\" target=\"_self\" rel=\"noopener noreferrer\"><\/a><\/figcaption><\/figure><\/div><\/div><\/div><\/div><\/div>\n<\/div><\/div><\/div><\/div>\n\n\n\n<div class=\"wp-block-essential-blocks-column  root-eb-column-fibpt\"><div class=\"eb-parent-wrapper eb-parent-eb-column-fibpt \"><div class=\"eb-column-wrapper eb-column-fibpt\"><div class=\"eb-column-inner\"><\/div><\/div><\/div><\/div>\n\n\n\n<div class=\"wp-block-essential-blocks-column  root-eb-column-5lxl9\"><div class=\"eb-parent-wrapper eb-parent-eb-column-5lxl9 \"><div class=\"eb-column-wrapper eb-column-5lxl9\"><div class=\"eb-column-inner\">\n<div class=\"wp-block-buttons is-horizontal is-content-justification-right is-layout-flex wp-container-core-buttons-is-layout-6de4a2c1 wp-block-buttons-is-layout-flex\" style=\"margin-top:0;margin-bottom:0;padding-top:0;padding-right:0;padding-bottom:0;padding-left:0\">\n<div class=\"wp-block-button hvr-grow\"><a class=\"wp-block-button__link has-white-color has-text-color has-background has-link-color has-text-align-center has-custom-font-size wp-element-button\" href=\"https:\/\/www.toyotomi.eu\/it\/categoria\/riscaldamento\/ricambi\/\" style=\"border-radius:4px;background-color:#ca0f0f;font-size:clamp(14px, 0.875rem + ((1vw - 3.2px) * 0.46), 18px);\">Scopri i nostri Ricambi<\/a><\/div>\n\n\n\n<div class=\"wp-block-button hvr-grow\"><a class=\"wp-block-button__link has-white-color has-text-color has-background has-link-color has-text-align-center has-custom-font-size wp-element-button\" href=\"https:\/\/www.toyotomi.eu\/it\/categoria\/riscaldamento\/accessori\/\" style=\"border-radius:4px;background-color:#ca0f0f;font-size:clamp(14px, 0.875rem + ((1vw - 3.2px) * 0.46), 18px);\">Scopri i nostri Accessori<\/a><\/div>\n<\/div>\n<\/div><\/div><\/div><\/div>\n<\/div><\/div><\/div><\/div><\/div>\n<\/div><\/div><\/div><\/div><\/div>\n","protected":false},"excerpt":{"rendered":"","protected":false},"author":71,"featured_media":0,"parent":0,"menu_order":0,"comment_status":"closed","ping_status":"closed","template":"template-canvas.php","meta":{"_acf_changed":false,"_eb_attr":"","footnotes":""},"class_list":["post-35124","page","type-page","status-publish","hentry"],"acf":[],"yoast_head":"<!-- This site is optimized with the Yoast SEO plugin v27.4 - https:\/\/yoast.com\/product\/yoast-seo-wordpress\/ -->\n<title>Cura e pulizia delle stufe - Toyotomi<\/title>\n<meta name=\"robots\" content=\"index, follow, max-snippet:-1, max-image-preview:large, max-video-preview:-1\" \/>\n<link rel=\"canonical\" href=\"https:\/\/www.toyotomi.eu\/it\/cura-e-pulizia-delle-stufe\/\" \/>\n<meta property=\"og:locale\" content=\"it_IT\" \/>\n<meta property=\"og:type\" content=\"article\" \/>\n<meta property=\"og:title\" content=\"Cura e pulizia delle stufe - Toyotomi\" \/>\n<meta property=\"og:url\" content=\"https:\/\/www.toyotomi.eu\/it\/cura-e-pulizia-delle-stufe\/\" \/>\n<meta property=\"og:site_name\" content=\"Toyotomi\" \/>\n<meta property=\"article:modified_time\" content=\"2026-04-02T16:06:20+00:00\" \/>\n<meta property=\"og:image\" content=\"https:\/\/www.toyotomi.eu\/wp-content\/uploads\/2025\/08\/title02-2.jpg.webp\" \/>\n\t<meta property=\"og:image:width\" content=\"1920\" \/>\n\t<meta property=\"og:image:height\" content=\"670\" \/>\n\t<meta property=\"og:image:type\" content=\"image\/webp\" \/>\n<meta name=\"twitter:card\" content=\"summary_large_image\" \/>\n<meta name=\"twitter:label1\" content=\"Tempo di lettura stimato\" \/>\n\t<meta name=\"twitter:data1\" content=\"3 minuto\" \/>\n<script type=\"application\/ld+json\" class=\"yoast-schema-graph\">{\"@context\":\"https:\\\/\\\/schema.org\",\"@graph\":[{\"@type\":\"WebPage\",\"@id\":\"https:\\\/\\\/www.toyotomi.eu\\\/it\\\/cura-e-pulizia-delle-stufe\\\/\",\"url\":\"https:\\\/\\\/www.toyotomi.eu\\\/it\\\/cura-e-pulizia-delle-stufe\\\/\",\"name\":\"Cura e pulizia delle stufe - Toyotomi\",\"isPartOf\":{\"@id\":\"https:\\\/\\\/www.toyotomi.eu\\\/it\\\/#website\"},\"primaryImageOfPage\":{\"@id\":\"https:\\\/\\\/www.toyotomi.eu\\\/it\\\/cura-e-pulizia-delle-stufe\\\/#primaryimage\"},\"image\":{\"@id\":\"https:\\\/\\\/www.toyotomi.eu\\\/it\\\/cura-e-pulizia-delle-stufe\\\/#primaryimage\"},\"thumbnailUrl\":\"https:\\\/\\\/www.toyotomi.eu\\\/wp-content\\\/uploads\\\/2025\\\/08\\\/title02-2.jpg.webp\",\"datePublished\":\"2025-01-01T00:00:58+00:00\",\"dateModified\":\"2026-04-02T16:06:20+00:00\",\"breadcrumb\":{\"@id\":\"https:\\\/\\\/www.toyotomi.eu\\\/it\\\/cura-e-pulizia-delle-stufe\\\/#breadcrumb\"},\"inLanguage\":\"it-IT\",\"potentialAction\":[{\"@type\":\"ReadAction\",\"target\":[\"https:\\\/\\\/www.toyotomi.eu\\\/it\\\/cura-e-pulizia-delle-stufe\\\/\"]}]},{\"@type\":\"ImageObject\",\"inLanguage\":\"it-IT\",\"@id\":\"https:\\\/\\\/www.toyotomi.eu\\\/it\\\/cura-e-pulizia-delle-stufe\\\/#primaryimage\",\"url\":\"https:\\\/\\\/www.toyotomi.eu\\\/wp-content\\\/uploads\\\/2025\\\/08\\\/title02-2.jpg.webp\",\"contentUrl\":\"https:\\\/\\\/www.toyotomi.eu\\\/wp-content\\\/uploads\\\/2025\\\/08\\\/title02-2.jpg.webp\"},{\"@type\":\"BreadcrumbList\",\"@id\":\"https:\\\/\\\/www.toyotomi.eu\\\/it\\\/cura-e-pulizia-delle-stufe\\\/#breadcrumb\",\"itemListElement\":[{\"@type\":\"ListItem\",\"position\":1,\"name\":\"Home\",\"item\":\"https:\\\/\\\/www.toyotomi.eu\\\/it\\\/\"},{\"@type\":\"ListItem\",\"position\":2,\"name\":\"Cura e pulizia delle stufe\"}]},{\"@type\":\"WebSite\",\"@id\":\"https:\\\/\\\/www.toyotomi.eu\\\/it\\\/#website\",\"url\":\"https:\\\/\\\/www.toyotomi.eu\\\/it\\\/\",\"name\":\"Toyotomi\",\"description\":\"\",\"publisher\":{\"@id\":\"https:\\\/\\\/www.toyotomi.eu\\\/it\\\/#organization\"},\"potentialAction\":[{\"@type\":\"SearchAction\",\"target\":{\"@type\":\"EntryPoint\",\"urlTemplate\":\"https:\\\/\\\/www.toyotomi.eu\\\/it\\\/?s={search_term_string}\"},\"query-input\":{\"@type\":\"PropertyValueSpecification\",\"valueRequired\":true,\"valueName\":\"search_term_string\"}}],\"inLanguage\":\"it-IT\"},{\"@type\":\"Organization\",\"@id\":\"https:\\\/\\\/www.toyotomi.eu\\\/it\\\/#organization\",\"name\":\"Toyotomi Europe Sales B.V.\",\"alternateName\":\"Toyotomi\",\"url\":\"https:\\\/\\\/www.toyotomi.eu\\\/it\\\/\",\"logo\":{\"@type\":\"ImageObject\",\"inLanguage\":\"it-IT\",\"@id\":\"https:\\\/\\\/www.toyotomi.eu\\\/it\\\/#\\\/schema\\\/logo\\\/image\\\/\",\"url\":\"https:\\\/\\\/www.toyotomi.eu\\\/wp-content\\\/uploads\\\/2025\\\/10\\\/logo.png\",\"contentUrl\":\"https:\\\/\\\/www.toyotomi.eu\\\/wp-content\\\/uploads\\\/2025\\\/10\\\/logo.png\",\"width\":1360,\"height\":304,\"caption\":\"Toyotomi Europe Sales B.V.\"},\"image\":{\"@id\":\"https:\\\/\\\/www.toyotomi.eu\\\/it\\\/#\\\/schema\\\/logo\\\/image\\\/\"}}]}<\/script>\n<!-- \/ Yoast SEO plugin. -->","yoast_head_json":{"title":"Cura e pulizia delle stufe - Toyotomi","robots":{"index":"index","follow":"follow","max-snippet":"max-snippet:-1","max-image-preview":"max-image-preview:large","max-video-preview":"max-video-preview:-1"},"canonical":"https:\/\/www.toyotomi.eu\/it\/cura-e-pulizia-delle-stufe\/","og_locale":"it_IT","og_type":"article","og_title":"Cura e pulizia delle stufe - Toyotomi","og_url":"https:\/\/www.toyotomi.eu\/it\/cura-e-pulizia-delle-stufe\/","og_site_name":"Toyotomi","article_modified_time":"2026-04-02T16:06:20+00:00","og_image":[{"width":1920,"height":670,"url":"https:\/\/www.toyotomi.eu\/wp-content\/uploads\/2025\/08\/title02-2.jpg.webp","type":"image\/webp"}],"twitter_card":"summary_large_image","twitter_misc":{"Tempo di lettura stimato":"3 minuto"},"schema":{"@context":"https:\/\/schema.org","@graph":[{"@type":"WebPage","@id":"https:\/\/www.toyotomi.eu\/it\/cura-e-pulizia-delle-stufe\/","url":"https:\/\/www.toyotomi.eu\/it\/cura-e-pulizia-delle-stufe\/","name":"Cura e pulizia delle stufe - Toyotomi","isPartOf":{"@id":"https:\/\/www.toyotomi.eu\/it\/#website"},"primaryImageOfPage":{"@id":"https:\/\/www.toyotomi.eu\/it\/cura-e-pulizia-delle-stufe\/#primaryimage"},"image":{"@id":"https:\/\/www.toyotomi.eu\/it\/cura-e-pulizia-delle-stufe\/#primaryimage"},"thumbnailUrl":"https:\/\/www.toyotomi.eu\/wp-content\/uploads\/2025\/08\/title02-2.jpg.webp","datePublished":"2025-01-01T00:00:58+00:00","dateModified":"2026-04-02T16:06:20+00:00","breadcrumb":{"@id":"https:\/\/www.toyotomi.eu\/it\/cura-e-pulizia-delle-stufe\/#breadcrumb"},"inLanguage":"it-IT","potentialAction":[{"@type":"ReadAction","target":["https:\/\/www.toyotomi.eu\/it\/cura-e-pulizia-delle-stufe\/"]}]},{"@type":"ImageObject","inLanguage":"it-IT","@id":"https:\/\/www.toyotomi.eu\/it\/cura-e-pulizia-delle-stufe\/#primaryimage","url":"https:\/\/www.toyotomi.eu\/wp-content\/uploads\/2025\/08\/title02-2.jpg.webp","contentUrl":"https:\/\/www.toyotomi.eu\/wp-content\/uploads\/2025\/08\/title02-2.jpg.webp"},{"@type":"BreadcrumbList","@id":"https:\/\/www.toyotomi.eu\/it\/cura-e-pulizia-delle-stufe\/#breadcrumb","itemListElement":[{"@type":"ListItem","position":1,"name":"Home","item":"https:\/\/www.toyotomi.eu\/it\/"},{"@type":"ListItem","position":2,"name":"Cura e pulizia delle stufe"}]},{"@type":"WebSite","@id":"https:\/\/www.toyotomi.eu\/it\/#website","url":"https:\/\/www.toyotomi.eu\/it\/","name":"Toyotomi","description":"","publisher":{"@id":"https:\/\/www.toyotomi.eu\/it\/#organization"},"potentialAction":[{"@type":"SearchAction","target":{"@type":"EntryPoint","urlTemplate":"https:\/\/www.toyotomi.eu\/it\/?s={search_term_string}"},"query-input":{"@type":"PropertyValueSpecification","valueRequired":true,"valueName":"search_term_string"}}],"inLanguage":"it-IT"},{"@type":"Organization","@id":"https:\/\/www.toyotomi.eu\/it\/#organization","name":"Toyotomi Europe Sales B.V.","alternateName":"Toyotomi","url":"https:\/\/www.toyotomi.eu\/it\/","logo":{"@type":"ImageObject","inLanguage":"it-IT","@id":"https:\/\/www.toyotomi.eu\/it\/#\/schema\/logo\/image\/","url":"https:\/\/www.toyotomi.eu\/wp-content\/uploads\/2025\/10\/logo.png","contentUrl":"https:\/\/www.toyotomi.eu\/wp-content\/uploads\/2025\/10\/logo.png","width":1360,"height":304,"caption":"Toyotomi Europe Sales B.V."},"image":{"@id":"https:\/\/www.toyotomi.eu\/it\/#\/schema\/logo\/image\/"}}]}},"_links":{"self":[{"href":"https:\/\/www.toyotomi.eu\/it\/wp-json\/wp\/v2\/pages\/35124","targetHints":{"allow":["GET"]}}],"collection":[{"href":"https:\/\/www.toyotomi.eu\/it\/wp-json\/wp\/v2\/pages"}],"about":[{"href":"https:\/\/www.toyotomi.eu\/it\/wp-json\/wp\/v2\/types\/page"}],"author":[{"embeddable":true,"href":"https:\/\/www.toyotomi.eu\/it\/wp-json\/wp\/v2\/users\/71"}],"replies":[{"embeddable":true,"href":"https:\/\/www.toyotomi.eu\/it\/wp-json\/wp\/v2\/comments?post=35124"}],"version-history":[{"count":11,"href":"https:\/\/www.toyotomi.eu\/it\/wp-json\/wp\/v2\/pages\/35124\/revisions"}],"predecessor-version":[{"id":63030,"href":"https:\/\/www.toyotomi.eu\/it\/wp-json\/wp\/v2\/pages\/35124\/revisions\/63030"}],"wp:attachment":[{"href":"https:\/\/www.toyotomi.eu\/it\/wp-json\/wp\/v2\/media?parent=35124"}],"curies":[{"name":"wp","href":"https:\/\/api.w.org\/{rel}","templated":true}]}}