{"id":58599,"date":"2025-12-04T17:31:40","date_gmt":"2025-12-04T16:31:40","guid":{"rendered":"https:\/\/www.toyotomi.eu\/product\/toyotomi-tad-2320\/"},"modified":"2026-04-17T15:20:25","modified_gmt":"2026-04-17T13:20:25","slug":"toyotomi-tad-2320","status":"publish","type":"product","link":"https:\/\/www.toyotomi.eu\/fr\/produit\/toyotomi-tad-2320\/","title":{"rendered":"Toyotomi TAD-2320"},"content":{"rendered":"\n<div class=\"wp-block-essential-blocks-wrapper alignfull  root-eb-wrapper-kiu5m\"><div class=\"eb-parent-wrapper eb-parent-eb-wrapper-kiu5m \"><div class=\"eb-wrapper-outer eb-wrapper-kiu5m\"><div class=\"eb-wrapper-inner\"><div class=\"eb-wrapper-inner-blocks eb-wrapper-align-center\">\n<div class=\"wp-block-essential-blocks-row alignfull  root-eb-row-vp5zx\"><div class=\"eb-parent-wrapper eb-parent-eb-row-vp5zx \"><div class=\"eb-row-root-container eb-row-vp5zx\" data-id=\"eb-row-vp5zx\"><div class=\"eb-row-wrapper\"><div class=\"eb-row-inner\">\n<div class=\"wp-block-essential-blocks-column  root-eb-column-wbb44\"><div class=\"eb-parent-wrapper eb-parent-eb-column-wbb44 \"><div class=\"eb-column-wrapper eb-column-wbb44\"><div class=\"eb-column-inner\">\n<div class=\"wp-block-cover is-light\" style=\"border-radius:10px;min-height:500px;aspect-ratio:unset;\"><img loading=\"lazy\" decoding=\"async\" width=\"1920\" height=\"1200\" src=\"https:\/\/www.toyotomi.eu\/wp-content\/uploads\/2026\/01\/Toyotomi-TAD-portable-air-conditioner.png\" class=\"wp-block-cover__image-background wp-image-58770 size-full\" alt=\"Modern white ventilation unit designed for efficient airflow and climate control.\" style=\"object-position:70% 50%\" data-object-fit=\"cover\" data-object-position=\"70% 50%\" srcset=\"https:\/\/www.toyotomi.eu\/wp-content\/uploads\/2026\/01\/Toyotomi-TAD-portable-air-conditioner.png 1920w, https:\/\/www.toyotomi.eu\/wp-content\/uploads\/2026\/01\/Toyotomi-TAD-portable-air-conditioner-1024x640.png 1024w, https:\/\/www.toyotomi.eu\/wp-content\/uploads\/2026\/01\/Toyotomi-TAD-portable-air-conditioner-768x480.png 768w, https:\/\/www.toyotomi.eu\/wp-content\/uploads\/2026\/01\/Toyotomi-TAD-portable-air-conditioner-1536x960.png 1536w, https:\/\/www.toyotomi.eu\/wp-content\/uploads\/2026\/01\/Toyotomi-TAD-portable-air-conditioner-990x619.png 990w, https:\/\/www.toyotomi.eu\/wp-content\/uploads\/2026\/01\/Toyotomi-TAD-portable-air-conditioner-441x276.png 441w, https:\/\/www.toyotomi.eu\/wp-content\/uploads\/2026\/01\/Toyotomi-TAD-portable-air-conditioner-150x94.png 150w\" sizes=\"auto, (max-width: 1920px) 100vw, 1920px\" \/> <span aria-hidden=\"true\" class=\"wp-block-cover__background has-background-dim-0 has-background-dim\" style=\"background-color:#f0f0f0\"><\/span><div class=\"wp-block-cover__inner-container has-global-padding is-layout-constrained wp-block-cover-is-layout-constrained\">\n<p class=\"has-text-align-center has-large-font-size\"><\/p>\n<\/div><\/div>\n\n\n\n<div style=\"height:40px\" aria-hidden=\"true\" class=\"wp-block-spacer\"><\/div>\n<\/div><\/div><\/div><\/div>\n<\/div><\/div><\/div><\/div><\/div>\n<\/div><\/div><\/div><\/div><\/div>\n\n<h2 class=\"wp-block-heading has-text-align-left\"><strong>Toyotomi TAD-2320<\/strong><\/h2>\n\n<p>Le climatiseur portable Toyotomi TAD-2320 offre un refroidissement efficace et fiable pour les pi\u00e8ces de petite et moyenne taille. Avec une capacit\u00e9 de refroidissement de 2,00 kW, il convient aux espaces entre 40 et 65 m\u00b3. <\/p>\n\n<p>Con\u00e7u dans un souci d\u2019efficacit\u00e9 \u00e9nerg\u00e9tique, le TAD-2320 est dot\u00e9 d\u2019une \u00e9tiquette \u00e9nerg\u00e9tique A, ce qui permet de ma\u00eetriser la consommation d\u2019\u00e9nergie tout en maintenant des temp\u00e9ratures int\u00e9rieures confortables. Sa conception portable permet un placement flexible, fournissant un refroidissement exactement l\u00e0 o\u00f9 il est n\u00e9cessaire. <\/p>\n","protected":false},"excerpt":{"rendered":"<p>Le climatiseur mobile Toyotomi TAD-2320 a une capacit\u00e9 de 2,00 kW et peut \u00eatre utilis\u00e9 pour rafra\u00eechir des espaces de 40 \u00e0 65 m\u00b3. Ce climatiseur mobile a l\u2019\u00e9tiquette \u00e9nerg\u00e9tique A. <\/p>\n<p><strong>UGS&nbsp;:<\/strong> TAD-2320<br \/>\n<strong>EAN&nbsp;:<\/strong> 4963505831059<\/p>\n","protected":false},"featured_media":58452,"template":"","meta":{"_acf_changed":false,"_eb_attr":""},"product_brand":[],"product_cat":[5965],"product_tag":[],"class_list":{"0":"post-58599","1":"product","2":"type-product","3":"status-publish","4":"has-post-thumbnail","6":"product_cat-climatiseurs-portables","8":"first","9":"instock","10":"taxable","11":"shipping-taxable","12":"product-type-simple"},"acf":[],"yoast_head":"<!-- This site is optimized with the Yoast SEO plugin v27.4 - https:\/\/yoast.com\/product\/yoast-seo-wordpress\/ -->\n<title>Toyotomi TAD-2320 - Toyotomi<\/title>\n<meta name=\"robots\" content=\"index, follow, max-snippet:-1, max-image-preview:large, max-video-preview:-1\" \/>\n<link rel=\"canonical\" href=\"https:\/\/www.toyotomi.eu\/fr\/produit\/toyotomi-tad-2320\/\" \/>\n<meta property=\"og:locale\" content=\"fr_FR\" \/>\n<meta property=\"og:type\" content=\"article\" \/>\n<meta property=\"og:title\" content=\"Toyotomi TAD-2320 - Toyotomi\" \/>\n<meta property=\"og:description\" content=\"Le climatiseur mobile Toyotomi TAD-2320 a une capacit\u00e9 de 2,00 kW et peut \u00eatre utilis\u00e9 pour rafra\u00eechir des espaces de 40 \u00e0 65 m\u00b3. Ce climatiseur mobile a l\u2019\u00e9tiquette \u00e9nerg\u00e9tique A.  UGS&nbsp;: TAD-2320 EAN&nbsp;: 4963505831059\" \/>\n<meta property=\"og:url\" content=\"https:\/\/www.toyotomi.eu\/fr\/produit\/toyotomi-tad-2320\/\" \/>\n<meta property=\"og:site_name\" content=\"Toyotomi\" \/>\n<meta property=\"article:modified_time\" content=\"2026-04-17T13:20:25+00:00\" \/>\n<meta property=\"og:image\" content=\"https:\/\/www.toyotomi.eu\/wp-content\/uploads\/2026\/01\/PIC_TOYOTOMI-TAD-23_front-right_2560x2560.png\" \/>\n\t<meta property=\"og:image:width\" content=\"2560\" \/>\n\t<meta property=\"og:image:height\" content=\"2560\" \/>\n\t<meta property=\"og:image:type\" content=\"image\/png\" \/>\n<meta name=\"twitter:card\" content=\"summary_large_image\" \/>\n<script type=\"application\/ld+json\" class=\"yoast-schema-graph\">{\"@context\":\"https:\\\/\\\/schema.org\",\"@graph\":[{\"@type\":\"WebPage\",\"@id\":\"https:\\\/\\\/www.toyotomi.eu\\\/fr\\\/produit\\\/toyotomi-tad-2320\\\/\",\"url\":\"https:\\\/\\\/www.toyotomi.eu\\\/fr\\\/produit\\\/toyotomi-tad-2320\\\/\",\"name\":\"Toyotomi TAD-2320 - Toyotomi\",\"isPartOf\":{\"@id\":\"https:\\\/\\\/www.toyotomi.eu\\\/fr\\\/#website\"},\"primaryImageOfPage\":{\"@id\":\"https:\\\/\\\/www.toyotomi.eu\\\/fr\\\/produit\\\/toyotomi-tad-2320\\\/#primaryimage\"},\"image\":{\"@id\":\"https:\\\/\\\/www.toyotomi.eu\\\/fr\\\/produit\\\/toyotomi-tad-2320\\\/#primaryimage\"},\"thumbnailUrl\":\"https:\\\/\\\/www.toyotomi.eu\\\/wp-content\\\/uploads\\\/2026\\\/01\\\/PIC_TOYOTOMI-TAD-23_front-right_2560x2560.png\",\"datePublished\":\"2025-12-04T16:31:40+00:00\",\"dateModified\":\"2026-04-17T13:20:25+00:00\",\"breadcrumb\":{\"@id\":\"https:\\\/\\\/www.toyotomi.eu\\\/fr\\\/produit\\\/toyotomi-tad-2320\\\/#breadcrumb\"},\"inLanguage\":\"fr-FR\",\"potentialAction\":[{\"@type\":\"ReadAction\",\"target\":[\"https:\\\/\\\/www.toyotomi.eu\\\/fr\\\/produit\\\/toyotomi-tad-2320\\\/\"]}]},{\"@type\":\"ImageObject\",\"inLanguage\":\"fr-FR\",\"@id\":\"https:\\\/\\\/www.toyotomi.eu\\\/fr\\\/produit\\\/toyotomi-tad-2320\\\/#primaryimage\",\"url\":\"https:\\\/\\\/www.toyotomi.eu\\\/wp-content\\\/uploads\\\/2026\\\/01\\\/PIC_TOYOTOMI-TAD-23_front-right_2560x2560.png\",\"contentUrl\":\"https:\\\/\\\/www.toyotomi.eu\\\/wp-content\\\/uploads\\\/2026\\\/01\\\/PIC_TOYOTOMI-TAD-23_front-right_2560x2560.png\",\"width\":2560,\"height\":2560,\"caption\":\"Bidon rouge d'additif de carburant Toyotomi Max pour l'entretien des chauffages et le contr\u00f4le des odeurs.\"},{\"@type\":\"BreadcrumbList\",\"@id\":\"https:\\\/\\\/www.toyotomi.eu\\\/fr\\\/produit\\\/toyotomi-tad-2320\\\/#breadcrumb\",\"itemListElement\":[{\"@type\":\"ListItem\",\"position\":1,\"name\":\"Accueil\",\"item\":\"https:\\\/\\\/www.toyotomi.eu\\\/fr\\\/\"},{\"@type\":\"ListItem\",\"position\":2,\"name\":\"Tous les produits\",\"item\":\"https:\\\/\\\/www.toyotomi.eu\\\/fr\\\/tous-les-produits\\\/\"},{\"@type\":\"ListItem\",\"position\":3,\"name\":\"Toyotomi TAD-2320\"}]},{\"@type\":\"WebSite\",\"@id\":\"https:\\\/\\\/www.toyotomi.eu\\\/fr\\\/#website\",\"url\":\"https:\\\/\\\/www.toyotomi.eu\\\/fr\\\/\",\"name\":\"Toyotomi\",\"description\":\"\",\"publisher\":{\"@id\":\"https:\\\/\\\/www.toyotomi.eu\\\/fr\\\/#organization\"},\"potentialAction\":[{\"@type\":\"SearchAction\",\"target\":{\"@type\":\"EntryPoint\",\"urlTemplate\":\"https:\\\/\\\/www.toyotomi.eu\\\/fr\\\/?s={search_term_string}\"},\"query-input\":{\"@type\":\"PropertyValueSpecification\",\"valueRequired\":true,\"valueName\":\"search_term_string\"}}],\"inLanguage\":\"fr-FR\"},{\"@type\":\"Organization\",\"@id\":\"https:\\\/\\\/www.toyotomi.eu\\\/fr\\\/#organization\",\"name\":\"Toyotomi Europe Sales B.V.\",\"alternateName\":\"Toyotomi\",\"url\":\"https:\\\/\\\/www.toyotomi.eu\\\/fr\\\/\",\"logo\":{\"@type\":\"ImageObject\",\"inLanguage\":\"fr-FR\",\"@id\":\"https:\\\/\\\/www.toyotomi.eu\\\/fr\\\/#\\\/schema\\\/logo\\\/image\\\/\",\"url\":\"https:\\\/\\\/www.toyotomi.eu\\\/wp-content\\\/uploads\\\/2025\\\/10\\\/logo.png\",\"contentUrl\":\"https:\\\/\\\/www.toyotomi.eu\\\/wp-content\\\/uploads\\\/2025\\\/10\\\/logo.png\",\"width\":1360,\"height\":304,\"caption\":\"Toyotomi Europe Sales B.V.\"},\"image\":{\"@id\":\"https:\\\/\\\/www.toyotomi.eu\\\/fr\\\/#\\\/schema\\\/logo\\\/image\\\/\"}}]}<\/script>\n<!-- \/ Yoast SEO plugin. -->","yoast_head_json":{"title":"Toyotomi TAD-2320 - Toyotomi","robots":{"index":"index","follow":"follow","max-snippet":"max-snippet:-1","max-image-preview":"max-image-preview:large","max-video-preview":"max-video-preview:-1"},"canonical":"https:\/\/www.toyotomi.eu\/fr\/produit\/toyotomi-tad-2320\/","og_locale":"fr_FR","og_type":"article","og_title":"Toyotomi TAD-2320 - Toyotomi","og_description":"Le climatiseur mobile Toyotomi TAD-2320 a une capacit\u00e9 de 2,00 kW et peut \u00eatre utilis\u00e9 pour rafra\u00eechir des espaces de 40 \u00e0 65 m\u00b3. Ce climatiseur mobile a l\u2019\u00e9tiquette \u00e9nerg\u00e9tique A.  UGS&nbsp;: TAD-2320 EAN&nbsp;: 4963505831059","og_url":"https:\/\/www.toyotomi.eu\/fr\/produit\/toyotomi-tad-2320\/","og_site_name":"Toyotomi","article_modified_time":"2026-04-17T13:20:25+00:00","og_image":[{"width":2560,"height":2560,"url":"https:\/\/www.toyotomi.eu\/wp-content\/uploads\/2026\/01\/PIC_TOYOTOMI-TAD-23_front-right_2560x2560.png","type":"image\/png"}],"twitter_card":"summary_large_image","schema":{"@context":"https:\/\/schema.org","@graph":[{"@type":"WebPage","@id":"https:\/\/www.toyotomi.eu\/fr\/produit\/toyotomi-tad-2320\/","url":"https:\/\/www.toyotomi.eu\/fr\/produit\/toyotomi-tad-2320\/","name":"Toyotomi TAD-2320 - Toyotomi","isPartOf":{"@id":"https:\/\/www.toyotomi.eu\/fr\/#website"},"primaryImageOfPage":{"@id":"https:\/\/www.toyotomi.eu\/fr\/produit\/toyotomi-tad-2320\/#primaryimage"},"image":{"@id":"https:\/\/www.toyotomi.eu\/fr\/produit\/toyotomi-tad-2320\/#primaryimage"},"thumbnailUrl":"https:\/\/www.toyotomi.eu\/wp-content\/uploads\/2026\/01\/PIC_TOYOTOMI-TAD-23_front-right_2560x2560.png","datePublished":"2025-12-04T16:31:40+00:00","dateModified":"2026-04-17T13:20:25+00:00","breadcrumb":{"@id":"https:\/\/www.toyotomi.eu\/fr\/produit\/toyotomi-tad-2320\/#breadcrumb"},"inLanguage":"fr-FR","potentialAction":[{"@type":"ReadAction","target":["https:\/\/www.toyotomi.eu\/fr\/produit\/toyotomi-tad-2320\/"]}]},{"@type":"ImageObject","inLanguage":"fr-FR","@id":"https:\/\/www.toyotomi.eu\/fr\/produit\/toyotomi-tad-2320\/#primaryimage","url":"https:\/\/www.toyotomi.eu\/wp-content\/uploads\/2026\/01\/PIC_TOYOTOMI-TAD-23_front-right_2560x2560.png","contentUrl":"https:\/\/www.toyotomi.eu\/wp-content\/uploads\/2026\/01\/PIC_TOYOTOMI-TAD-23_front-right_2560x2560.png","width":2560,"height":2560,"caption":"Bidon rouge d'additif de carburant Toyotomi Max pour l'entretien des chauffages et le contr\u00f4le des odeurs."},{"@type":"BreadcrumbList","@id":"https:\/\/www.toyotomi.eu\/fr\/produit\/toyotomi-tad-2320\/#breadcrumb","itemListElement":[{"@type":"ListItem","position":1,"name":"Accueil","item":"https:\/\/www.toyotomi.eu\/fr\/"},{"@type":"ListItem","position":2,"name":"Tous les produits","item":"https:\/\/www.toyotomi.eu\/fr\/tous-les-produits\/"},{"@type":"ListItem","position":3,"name":"Toyotomi TAD-2320"}]},{"@type":"WebSite","@id":"https:\/\/www.toyotomi.eu\/fr\/#website","url":"https:\/\/www.toyotomi.eu\/fr\/","name":"Toyotomi","description":"","publisher":{"@id":"https:\/\/www.toyotomi.eu\/fr\/#organization"},"potentialAction":[{"@type":"SearchAction","target":{"@type":"EntryPoint","urlTemplate":"https:\/\/www.toyotomi.eu\/fr\/?s={search_term_string}"},"query-input":{"@type":"PropertyValueSpecification","valueRequired":true,"valueName":"search_term_string"}}],"inLanguage":"fr-FR"},{"@type":"Organization","@id":"https:\/\/www.toyotomi.eu\/fr\/#organization","name":"Toyotomi Europe Sales B.V.","alternateName":"Toyotomi","url":"https:\/\/www.toyotomi.eu\/fr\/","logo":{"@type":"ImageObject","inLanguage":"fr-FR","@id":"https:\/\/www.toyotomi.eu\/fr\/#\/schema\/logo\/image\/","url":"https:\/\/www.toyotomi.eu\/wp-content\/uploads\/2025\/10\/logo.png","contentUrl":"https:\/\/www.toyotomi.eu\/wp-content\/uploads\/2025\/10\/logo.png","width":1360,"height":304,"caption":"Toyotomi Europe Sales B.V."},"image":{"@id":"https:\/\/www.toyotomi.eu\/fr\/#\/schema\/logo\/image\/"}}]}},"_links":{"self":[{"href":"https:\/\/www.toyotomi.eu\/fr\/wp-json\/wp\/v2\/product\/58599","targetHints":{"allow":["GET"]}}],"collection":[{"href":"https:\/\/www.toyotomi.eu\/fr\/wp-json\/wp\/v2\/product"}],"about":[{"href":"https:\/\/www.toyotomi.eu\/fr\/wp-json\/wp\/v2\/types\/product"}],"wp:featuredmedia":[{"embeddable":true,"href":"https:\/\/www.toyotomi.eu\/fr\/wp-json\/wp\/v2\/media\/58452"}],"wp:attachment":[{"href":"https:\/\/www.toyotomi.eu\/fr\/wp-json\/wp\/v2\/media?parent=58599"}],"wp:term":[{"taxonomy":"product_brand","embeddable":true,"href":"https:\/\/www.toyotomi.eu\/fr\/wp-json\/wp\/v2\/product_brand?post=58599"},{"taxonomy":"product_cat","embeddable":true,"href":"https:\/\/www.toyotomi.eu\/fr\/wp-json\/wp\/v2\/product_cat?post=58599"},{"taxonomy":"product_tag","embeddable":true,"href":"https:\/\/www.toyotomi.eu\/fr\/wp-json\/wp\/v2\/product_tag?post=58599"}],"curies":[{"name":"wp","href":"https:\/\/api.w.org\/{rel}","templated":true}]}}