{"id":56243,"date":"2025-01-01T02:01:00","date_gmt":"2025-01-01T01:01:00","guid":{"rendered":"https:\/\/www.toyotomi.eu\/product\/toyotomi-thssdiu14-3-thssdou14-3\/"},"modified":"2026-01-22T00:12:30","modified_gmt":"2026-01-21T23:12:30","slug":"toyotomi-thssdiu14-3-thssdou14-3","status":"publish","type":"product","link":"https:\/\/www.toyotomi.eu\/fr\/produit\/toyotomi-thssdiu14-3-thssdou14-3\/","title":{"rendered":"Toyotomi THSSDIU14-3 \/ THSSDOU14-3"},"content":{"rendered":"\n<div class=\"wp-block-cover is-light\" style=\"border-radius:10px;min-height:500px;aspect-ratio:unset;\"><img loading=\"lazy\" decoding=\"async\" width=\"1920\" height=\"1200\" class=\"wp-block-cover__image-background wp-image-58829 size-full\" alt=\"\" src=\"https:\/\/www.toyotomi.eu\/wp-content\/uploads\/2026\/01\/Toyotomi-Split-heat-pump-series-banner.png\" style=\"object-position:70% 60%\" data-object-fit=\"cover\" data-object-position=\"70% 60%\" srcset=\"https:\/\/www.toyotomi.eu\/wp-content\/uploads\/2026\/01\/Toyotomi-Split-heat-pump-series-banner.png 1920w, https:\/\/www.toyotomi.eu\/wp-content\/uploads\/2026\/01\/Toyotomi-Split-heat-pump-series-banner-1024x640.png 1024w, https:\/\/www.toyotomi.eu\/wp-content\/uploads\/2026\/01\/Toyotomi-Split-heat-pump-series-banner-768x480.png 768w, https:\/\/www.toyotomi.eu\/wp-content\/uploads\/2026\/01\/Toyotomi-Split-heat-pump-series-banner-1536x960.png 1536w, https:\/\/www.toyotomi.eu\/wp-content\/uploads\/2026\/01\/Toyotomi-Split-heat-pump-series-banner-990x619.png 990w, https:\/\/www.toyotomi.eu\/wp-content\/uploads\/2026\/01\/Toyotomi-Split-heat-pump-series-banner-441x276.png 441w, https:\/\/www.toyotomi.eu\/wp-content\/uploads\/2026\/01\/Toyotomi-Split-heat-pump-series-banner-150x94.png 150w\" sizes=\"auto, (max-width: 1920px) 100vw, 1920px\" \/><span aria-hidden=\"true\" class=\"wp-block-cover__background has-background-dim-0 has-background-dim\" style=\"background-color:#e5e5e3\"><\/span><div class=\"wp-block-cover__inner-container has-global-padding is-layout-constrained wp-block-cover-is-layout-constrained\">\n<p class=\"has-text-align-center has-large-font-size\"><\/p>\n<\/div><\/div>\n\n<div style=\"height:40px\" aria-hidden=\"true\" class=\"wp-block-spacer\"><\/div>\n\n<div class=\"wp-block-essential-blocks-wrapper alignfull  root-eb-wrapper-bc0a3\"><div class=\"eb-parent-wrapper eb-parent-eb-wrapper-bc0a3 \"><div class=\"eb-wrapper-outer eb-wrapper-bc0a3\"><div class=\"eb-wrapper-inner\"><div class=\"eb-wrapper-inner-blocks eb-wrapper-align-center\">\n<div class=\"wp-block-essential-blocks-row alignfull  root-eb-row-fgqj8\"><div class=\"eb-parent-wrapper eb-parent-eb-row-fgqj8 \"><div class=\"eb-row-root-container eb-row-fgqj8\" data-id=\"eb-row-fgqj8\"><div class=\"eb-row-wrapper\"><div class=\"eb-row-inner\">\n<div class=\"wp-block-essential-blocks-column  root-eb-column-avypy\"><div class=\"eb-parent-wrapper eb-parent-eb-column-avypy \"><div class=\"eb-column-wrapper eb-column-avypy\"><div class=\"eb-column-inner\">\n<h2 class=\"wp-block-heading\">Pompe \u00e0 chaleur air-eau Toyotomi <strong>THSSDIU014-3 \/ THSSDOU014-3<\/strong><\/h2>\n\n\n\n<p>Le Toyotomi THSSDIU14-3 \/ THSSDOU14-3 est une pompe \u00e0 chaleur air-eau split con\u00e7ue pour une installation professionnelle dans des applications r\u00e9sidentielles et commerciales. Il assure le chauffage, le refroidissement et la production d\u2019eau chaude sanitaire et peut \u00eatre raccord\u00e9 \u00e0 un chauffage au sol, \u00e0 des ventilo-convecteurs et \u00e0 des radiateurs \u00e0 temp\u00e9rature moyenne. <\/p>\n\n\n\n<p>Avec une capacit\u00e9 de chauffage de 14 kW et une classe \u00e9nerg\u00e9tique A pour des temp\u00e9ratures de sortie d\u2019eau de 35 \u00b0C et 55 \u00b0C, le THSSDIU14-3 \/ THSSDOU14-3 offre une gestion efficace du climat tout au long de l\u2019ann\u00e9e. Le raccordement \u00e9lectrique est triphas\u00e9 (3\/50\/380\u2013415 V). <\/p>\n<\/div><\/div><\/div><\/div>\n<\/div><\/div><\/div><\/div><\/div>\n<\/div><\/div><\/div><\/div><\/div>\n","protected":false},"excerpt":{"rendered":"<p>Caract\u00e9ristiques :<\/p>\n<ul>\n<li>Fonctions de chauffage, de refroidissement et de production d&rsquo;eau chaude sanitaire.<\/li>\n<li>Raccordements au plancher chauffant, ventilo-convecteurs et radiateurs moyenne temp\u00e9rature.<\/li>\n<li>Panneau de commande tactile multifonction et Wi-Fi inclus.<\/li>\n<\/ul>\n<p>Sp\u00e9cifications :<\/p>\n<ul>\n<li>Pompe \u00e0 chaleur air-eau split : 14 kW<\/li>\n<li>Donn\u00e9es \u00e9lectriques (Ph\/Hz\/V) : 3\/50\/380-415<\/li>\n<li>Classe \u00e9nerg\u00e9tique (sortie d&rsquo;eau 35\u00b0 C) : A<\/li>\n<li>Classe \u00e9nerg\u00e9tique (sortie d&rsquo;eau 55\u00b0 C) : A<\/li>\n<\/ul>\n","protected":false},"featured_media":39491,"template":"","meta":{"_acf_changed":false,"_eb_attr":""},"product_brand":[],"product_cat":[1918],"product_tag":[],"class_list":{"0":"post-56243","1":"product","2":"type-product","3":"status-publish","4":"has-post-thumbnail","6":"product_cat-plus-commercialise","8":"first","9":"instock","10":"taxable","11":"shipping-taxable","12":"product-type-simple"},"acf":[],"yoast_head":"<!-- This site is optimized with the Yoast SEO plugin v27.3 - https:\/\/yoast.com\/product\/yoast-seo-wordpress\/ -->\n<title>Toyotomi THSSDIU14-3 \/ THSSDOU14-3 - Toyotomi<\/title>\n<meta name=\"robots\" content=\"index, follow, max-snippet:-1, max-image-preview:large, max-video-preview:-1\" \/>\n<link rel=\"canonical\" href=\"https:\/\/www.toyotomi.eu\/fr\/produit\/toyotomi-thssdiu14-3-thssdou14-3\/\" \/>\n<meta property=\"og:locale\" content=\"fr_FR\" \/>\n<meta property=\"og:type\" content=\"article\" \/>\n<meta property=\"og:title\" content=\"Toyotomi THSSDIU14-3 \/ THSSDOU14-3 - Toyotomi\" \/>\n<meta property=\"og:description\" content=\"Caract\u00e9ristiques : Fonctions de chauffage, de refroidissement et de production d&#039;eau chaude sanitaire. Raccordements au plancher chauffant, ventilo-convecteurs et radiateurs moyenne temp\u00e9rature. Panneau de commande tactile multifonction et Wi-Fi inclus.  Sp\u00e9cifications : Pompe \u00e0 chaleur air-eau split : 14 kW Donn\u00e9es \u00e9lectriques (Ph\/Hz\/V) : 3\/50\/380-415 Classe \u00e9nerg\u00e9tique (sortie d&#039;eau 35\u00b0 C) : A Classe \u00e9nerg\u00e9tique (sortie d&#039;eau 55\u00b0 C) : A\" \/>\n<meta property=\"og:url\" content=\"https:\/\/www.toyotomi.eu\/fr\/produit\/toyotomi-thssdiu14-3-thssdou14-3\/\" \/>\n<meta property=\"og:site_name\" content=\"Toyotomi\" \/>\n<meta property=\"article:modified_time\" content=\"2026-01-21T23:12:30+00:00\" \/>\n<meta property=\"og:image\" content=\"https:\/\/www.toyotomi.eu\/wp-content\/uploads\/2025\/08\/THSSDOU06_08_10_12_14_16_right.png\" \/>\n\t<meta property=\"og:image:width\" content=\"1257\" \/>\n\t<meta property=\"og:image:height\" content=\"1042\" \/>\n\t<meta property=\"og:image:type\" content=\"image\/png\" \/>\n<meta name=\"twitter:card\" content=\"summary_large_image\" \/>\n<script type=\"application\/ld+json\" class=\"yoast-schema-graph\">{\"@context\":\"https:\\\/\\\/schema.org\",\"@graph\":[{\"@type\":\"WebPage\",\"@id\":\"https:\\\/\\\/www.toyotomi.eu\\\/fr\\\/produit\\\/toyotomi-thssdiu14-3-thssdou14-3\\\/\",\"url\":\"https:\\\/\\\/www.toyotomi.eu\\\/fr\\\/produit\\\/toyotomi-thssdiu14-3-thssdou14-3\\\/\",\"name\":\"Toyotomi THSSDIU14-3 \\\/ THSSDOU14-3 - Toyotomi\",\"isPartOf\":{\"@id\":\"https:\\\/\\\/www.toyotomi.eu\\\/fr\\\/#website\"},\"primaryImageOfPage\":{\"@id\":\"https:\\\/\\\/www.toyotomi.eu\\\/fr\\\/produit\\\/toyotomi-thssdiu14-3-thssdou14-3\\\/#primaryimage\"},\"image\":{\"@id\":\"https:\\\/\\\/www.toyotomi.eu\\\/fr\\\/produit\\\/toyotomi-thssdiu14-3-thssdou14-3\\\/#primaryimage\"},\"thumbnailUrl\":\"https:\\\/\\\/www.toyotomi.eu\\\/wp-content\\\/uploads\\\/2025\\\/08\\\/THSSDOU06_08_10_12_14_16_right.png\",\"datePublished\":\"2025-01-01T01:01:00+00:00\",\"dateModified\":\"2026-01-21T23:12:30+00:00\",\"breadcrumb\":{\"@id\":\"https:\\\/\\\/www.toyotomi.eu\\\/fr\\\/produit\\\/toyotomi-thssdiu14-3-thssdou14-3\\\/#breadcrumb\"},\"inLanguage\":\"fr-FR\",\"potentialAction\":[{\"@type\":\"ReadAction\",\"target\":[\"https:\\\/\\\/www.toyotomi.eu\\\/fr\\\/produit\\\/toyotomi-thssdiu14-3-thssdou14-3\\\/\"]}]},{\"@type\":\"ImageObject\",\"inLanguage\":\"fr-FR\",\"@id\":\"https:\\\/\\\/www.toyotomi.eu\\\/fr\\\/produit\\\/toyotomi-thssdiu14-3-thssdou14-3\\\/#primaryimage\",\"url\":\"https:\\\/\\\/www.toyotomi.eu\\\/wp-content\\\/uploads\\\/2025\\\/08\\\/THSSDOU06_08_10_12_14_16_right.png\",\"contentUrl\":\"https:\\\/\\\/www.toyotomi.eu\\\/wp-content\\\/uploads\\\/2025\\\/08\\\/THSSDOU06_08_10_12_14_16_right.png\",\"width\":1257,\"height\":1042},{\"@type\":\"BreadcrumbList\",\"@id\":\"https:\\\/\\\/www.toyotomi.eu\\\/fr\\\/produit\\\/toyotomi-thssdiu14-3-thssdou14-3\\\/#breadcrumb\",\"itemListElement\":[{\"@type\":\"ListItem\",\"position\":1,\"name\":\"Accueil\",\"item\":\"https:\\\/\\\/www.toyotomi.eu\\\/fr\\\/\"},{\"@type\":\"ListItem\",\"position\":2,\"name\":\"Tous les produits\",\"item\":\"https:\\\/\\\/www.toyotomi.eu\\\/fr\\\/tous-les-produits\\\/\"},{\"@type\":\"ListItem\",\"position\":3,\"name\":\"Toyotomi THSSDIU14-3 \\\/ THSSDOU14-3\"}]},{\"@type\":\"WebSite\",\"@id\":\"https:\\\/\\\/www.toyotomi.eu\\\/fr\\\/#website\",\"url\":\"https:\\\/\\\/www.toyotomi.eu\\\/fr\\\/\",\"name\":\"Toyotomi\",\"description\":\"\",\"publisher\":{\"@id\":\"https:\\\/\\\/www.toyotomi.eu\\\/fr\\\/#organization\"},\"potentialAction\":[{\"@type\":\"SearchAction\",\"target\":{\"@type\":\"EntryPoint\",\"urlTemplate\":\"https:\\\/\\\/www.toyotomi.eu\\\/fr\\\/?s={search_term_string}\"},\"query-input\":{\"@type\":\"PropertyValueSpecification\",\"valueRequired\":true,\"valueName\":\"search_term_string\"}}],\"inLanguage\":\"fr-FR\"},{\"@type\":\"Organization\",\"@id\":\"https:\\\/\\\/www.toyotomi.eu\\\/fr\\\/#organization\",\"name\":\"Toyotomi Europe Sales B.V.\",\"url\":\"https:\\\/\\\/www.toyotomi.eu\\\/fr\\\/\",\"logo\":{\"@type\":\"ImageObject\",\"inLanguage\":\"fr-FR\",\"@id\":\"https:\\\/\\\/www.toyotomi.eu\\\/fr\\\/#\\\/schema\\\/logo\\\/image\\\/\",\"url\":\"https:\\\/\\\/www.toyotomi.eu\\\/wp-content\\\/uploads\\\/2025\\\/10\\\/logo.png\",\"contentUrl\":\"https:\\\/\\\/www.toyotomi.eu\\\/wp-content\\\/uploads\\\/2025\\\/10\\\/logo.png\",\"width\":1360,\"height\":304,\"caption\":\"Toyotomi Europe Sales B.V.\"},\"image\":{\"@id\":\"https:\\\/\\\/www.toyotomi.eu\\\/fr\\\/#\\\/schema\\\/logo\\\/image\\\/\"}}]}<\/script>\n<!-- \/ Yoast SEO plugin. -->","yoast_head_json":{"title":"Toyotomi THSSDIU14-3 \/ THSSDOU14-3 - Toyotomi","robots":{"index":"index","follow":"follow","max-snippet":"max-snippet:-1","max-image-preview":"max-image-preview:large","max-video-preview":"max-video-preview:-1"},"canonical":"https:\/\/www.toyotomi.eu\/fr\/produit\/toyotomi-thssdiu14-3-thssdou14-3\/","og_locale":"fr_FR","og_type":"article","og_title":"Toyotomi THSSDIU14-3 \/ THSSDOU14-3 - Toyotomi","og_description":"Caract\u00e9ristiques : Fonctions de chauffage, de refroidissement et de production d'eau chaude sanitaire. Raccordements au plancher chauffant, ventilo-convecteurs et radiateurs moyenne temp\u00e9rature. Panneau de commande tactile multifonction et Wi-Fi inclus.  Sp\u00e9cifications : Pompe \u00e0 chaleur air-eau split : 14 kW Donn\u00e9es \u00e9lectriques (Ph\/Hz\/V) : 3\/50\/380-415 Classe \u00e9nerg\u00e9tique (sortie d'eau 35\u00b0 C) : A Classe \u00e9nerg\u00e9tique (sortie d'eau 55\u00b0 C) : A","og_url":"https:\/\/www.toyotomi.eu\/fr\/produit\/toyotomi-thssdiu14-3-thssdou14-3\/","og_site_name":"Toyotomi","article_modified_time":"2026-01-21T23:12:30+00:00","og_image":[{"width":1257,"height":1042,"url":"https:\/\/www.toyotomi.eu\/wp-content\/uploads\/2025\/08\/THSSDOU06_08_10_12_14_16_right.png","type":"image\/png"}],"twitter_card":"summary_large_image","schema":{"@context":"https:\/\/schema.org","@graph":[{"@type":"WebPage","@id":"https:\/\/www.toyotomi.eu\/fr\/produit\/toyotomi-thssdiu14-3-thssdou14-3\/","url":"https:\/\/www.toyotomi.eu\/fr\/produit\/toyotomi-thssdiu14-3-thssdou14-3\/","name":"Toyotomi THSSDIU14-3 \/ THSSDOU14-3 - Toyotomi","isPartOf":{"@id":"https:\/\/www.toyotomi.eu\/fr\/#website"},"primaryImageOfPage":{"@id":"https:\/\/www.toyotomi.eu\/fr\/produit\/toyotomi-thssdiu14-3-thssdou14-3\/#primaryimage"},"image":{"@id":"https:\/\/www.toyotomi.eu\/fr\/produit\/toyotomi-thssdiu14-3-thssdou14-3\/#primaryimage"},"thumbnailUrl":"https:\/\/www.toyotomi.eu\/wp-content\/uploads\/2025\/08\/THSSDOU06_08_10_12_14_16_right.png","datePublished":"2025-01-01T01:01:00+00:00","dateModified":"2026-01-21T23:12:30+00:00","breadcrumb":{"@id":"https:\/\/www.toyotomi.eu\/fr\/produit\/toyotomi-thssdiu14-3-thssdou14-3\/#breadcrumb"},"inLanguage":"fr-FR","potentialAction":[{"@type":"ReadAction","target":["https:\/\/www.toyotomi.eu\/fr\/produit\/toyotomi-thssdiu14-3-thssdou14-3\/"]}]},{"@type":"ImageObject","inLanguage":"fr-FR","@id":"https:\/\/www.toyotomi.eu\/fr\/produit\/toyotomi-thssdiu14-3-thssdou14-3\/#primaryimage","url":"https:\/\/www.toyotomi.eu\/wp-content\/uploads\/2025\/08\/THSSDOU06_08_10_12_14_16_right.png","contentUrl":"https:\/\/www.toyotomi.eu\/wp-content\/uploads\/2025\/08\/THSSDOU06_08_10_12_14_16_right.png","width":1257,"height":1042},{"@type":"BreadcrumbList","@id":"https:\/\/www.toyotomi.eu\/fr\/produit\/toyotomi-thssdiu14-3-thssdou14-3\/#breadcrumb","itemListElement":[{"@type":"ListItem","position":1,"name":"Accueil","item":"https:\/\/www.toyotomi.eu\/fr\/"},{"@type":"ListItem","position":2,"name":"Tous les produits","item":"https:\/\/www.toyotomi.eu\/fr\/tous-les-produits\/"},{"@type":"ListItem","position":3,"name":"Toyotomi THSSDIU14-3 \/ THSSDOU14-3"}]},{"@type":"WebSite","@id":"https:\/\/www.toyotomi.eu\/fr\/#website","url":"https:\/\/www.toyotomi.eu\/fr\/","name":"Toyotomi","description":"","publisher":{"@id":"https:\/\/www.toyotomi.eu\/fr\/#organization"},"potentialAction":[{"@type":"SearchAction","target":{"@type":"EntryPoint","urlTemplate":"https:\/\/www.toyotomi.eu\/fr\/?s={search_term_string}"},"query-input":{"@type":"PropertyValueSpecification","valueRequired":true,"valueName":"search_term_string"}}],"inLanguage":"fr-FR"},{"@type":"Organization","@id":"https:\/\/www.toyotomi.eu\/fr\/#organization","name":"Toyotomi Europe Sales B.V.","url":"https:\/\/www.toyotomi.eu\/fr\/","logo":{"@type":"ImageObject","inLanguage":"fr-FR","@id":"https:\/\/www.toyotomi.eu\/fr\/#\/schema\/logo\/image\/","url":"https:\/\/www.toyotomi.eu\/wp-content\/uploads\/2025\/10\/logo.png","contentUrl":"https:\/\/www.toyotomi.eu\/wp-content\/uploads\/2025\/10\/logo.png","width":1360,"height":304,"caption":"Toyotomi Europe Sales B.V."},"image":{"@id":"https:\/\/www.toyotomi.eu\/fr\/#\/schema\/logo\/image\/"}}]}},"_links":{"self":[{"href":"https:\/\/www.toyotomi.eu\/fr\/wp-json\/wp\/v2\/product\/56243","targetHints":{"allow":["GET"]}}],"collection":[{"href":"https:\/\/www.toyotomi.eu\/fr\/wp-json\/wp\/v2\/product"}],"about":[{"href":"https:\/\/www.toyotomi.eu\/fr\/wp-json\/wp\/v2\/types\/product"}],"wp:featuredmedia":[{"embeddable":true,"href":"https:\/\/www.toyotomi.eu\/fr\/wp-json\/wp\/v2\/media\/39491"}],"wp:attachment":[{"href":"https:\/\/www.toyotomi.eu\/fr\/wp-json\/wp\/v2\/media?parent=56243"}],"wp:term":[{"taxonomy":"product_brand","embeddable":true,"href":"https:\/\/www.toyotomi.eu\/fr\/wp-json\/wp\/v2\/product_brand?post=56243"},{"taxonomy":"product_cat","embeddable":true,"href":"https:\/\/www.toyotomi.eu\/fr\/wp-json\/wp\/v2\/product_cat?post=56243"},{"taxonomy":"product_tag","embeddable":true,"href":"https:\/\/www.toyotomi.eu\/fr\/wp-json\/wp\/v2\/product_tag?post=56243"}],"curies":[{"name":"wp","href":"https:\/\/api.w.org\/{rel}","templated":true}]}}