{"id":56228,"date":"2025-01-01T02:01:00","date_gmt":"2025-01-01T01:01:00","guid":{"rendered":"https:\/\/www.toyotomi.eu\/product\/toyotomi-lcac-cft18iuinvr32-ou181invr32\/"},"modified":"2025-12-25T06:38:02","modified_gmt":"2025-12-25T05:38:02","slug":"toyotomi-lcac-cft18iuinvr32-ou181invr32","status":"publish","type":"product","link":"https:\/\/www.toyotomi.eu\/fr\/produit\/toyotomi-lcac-cft18iuinvr32-ou181invr32\/","title":{"rendered":"Toyotomi LCAC CFT18IUINVR32 \/ OU181INVR32"},"content":{"rendered":"","protected":false},"excerpt":{"rendered":"<p>Le climatiseur l\u00e9ger commercial Toyotomi LCAC CFT18IUINVR32 \/ OU181INVR32 offre une climatisation puissante, fiable et \u00e9co\u00e9nerg\u00e9tique pour les environnements professionnels. Avec une capacit\u00e9 de refroidissement de 18 000 BTU (5,30 kW) et une capacit\u00e9 de chauffage de 19 100 BTU (5,60 kW), il assure un confort optimal tout au long de l&rsquo;ann\u00e9e. <\/p>\n<p>Con\u00e7u pour une performance et une efficacit\u00e9 \u00e9lev\u00e9es, l&rsquo;unit\u00e9 atteint un coefficient d&rsquo;efficacit\u00e9 \u00e9nerg\u00e9tique saisonnier (SEER) de 6,5, obtenant une classification \u00e9nerg\u00e9tique de refroidissement A++. En mode chauffage, son coefficient de performance saisonnier (SCOP) de 4,2 assure un fonctionnement efficace et une cote \u00e9nerg\u00e9tique A+. <\/p>\n","protected":false},"featured_media":39655,"template":"","meta":{"_acf_changed":false,"_eb_attr":""},"product_brand":[],"product_cat":[5964],"product_tag":[],"class_list":{"0":"post-56228","1":"product","2":"type-product","3":"status-publish","4":"has-post-thumbnail","6":"product_cat-commercial-leger","8":"first","9":"instock","10":"taxable","11":"shipping-taxable","12":"product-type-simple"},"acf":[],"yoast_head":"<!-- This site is optimized with the Yoast SEO plugin v27.4 - https:\/\/yoast.com\/product\/yoast-seo-wordpress\/ -->\n<title>Toyotomi LCAC CFT18IUINVR32 \/ OU181INVR32 - Toyotomi<\/title>\n<meta name=\"robots\" content=\"index, follow, max-snippet:-1, max-image-preview:large, max-video-preview:-1\" \/>\n<link rel=\"canonical\" href=\"https:\/\/www.toyotomi.eu\/fr\/produit\/toyotomi-lcac-cft18iuinvr32-ou181invr32\/\" \/>\n<meta property=\"og:locale\" content=\"fr_FR\" \/>\n<meta property=\"og:type\" content=\"article\" \/>\n<meta property=\"og:title\" content=\"Toyotomi LCAC CFT18IUINVR32 \/ OU181INVR32 - Toyotomi\" \/>\n<meta property=\"og:description\" content=\"Le climatiseur l\u00e9ger commercial Toyotomi LCAC CFT18IUINVR32 \/ OU181INVR32 offre une climatisation puissante, fiable et \u00e9co\u00e9nerg\u00e9tique pour les environnements professionnels. Avec une capacit\u00e9 de refroidissement de 18 000 BTU (5,30 kW) et une capacit\u00e9 de chauffage de 19 100 BTU (5,60 kW), il assure un confort optimal tout au long de l&#039;ann\u00e9e.  Con\u00e7u pour une performance et une efficacit\u00e9 \u00e9lev\u00e9es, l&#039;unit\u00e9 atteint un coefficient d&#039;efficacit\u00e9 \u00e9nerg\u00e9tique saisonnier (SEER) de 6,5, obtenant une classification \u00e9nerg\u00e9tique de refroidissement A++. En mode chauffage, son coefficient de performance saisonnier (SCOP) de 4,2 assure un fonctionnement efficace et une cote \u00e9nerg\u00e9tique A+.\" \/>\n<meta property=\"og:url\" content=\"https:\/\/www.toyotomi.eu\/fr\/produit\/toyotomi-lcac-cft18iuinvr32-ou181invr32\/\" \/>\n<meta property=\"og:site_name\" content=\"Toyotomi\" \/>\n<meta property=\"article:modified_time\" content=\"2025-12-25T05:38:02+00:00\" \/>\n<meta property=\"og:image\" content=\"https:\/\/www.toyotomi.eu\/wp-content\/uploads\/2022\/12\/PIC_LCAC_CFT18IUINVR32_RIGHT-scaled.jpg\" \/>\n\t<meta property=\"og:image:width\" content=\"2560\" \/>\n\t<meta property=\"og:image:height\" content=\"2148\" \/>\n\t<meta property=\"og:image:type\" content=\"image\/jpeg\" \/>\n<meta name=\"twitter:card\" content=\"summary_large_image\" \/>\n<script type=\"application\/ld+json\" class=\"yoast-schema-graph\">{\"@context\":\"https:\\\/\\\/schema.org\",\"@graph\":[{\"@type\":\"WebPage\",\"@id\":\"https:\\\/\\\/www.toyotomi.eu\\\/fr\\\/produit\\\/toyotomi-lcac-cft18iuinvr32-ou181invr32\\\/\",\"url\":\"https:\\\/\\\/www.toyotomi.eu\\\/fr\\\/produit\\\/toyotomi-lcac-cft18iuinvr32-ou181invr32\\\/\",\"name\":\"Toyotomi LCAC CFT18IUINVR32 \\\/ OU181INVR32 - Toyotomi\",\"isPartOf\":{\"@id\":\"https:\\\/\\\/www.toyotomi.eu\\\/fr\\\/#website\"},\"primaryImageOfPage\":{\"@id\":\"https:\\\/\\\/www.toyotomi.eu\\\/fr\\\/produit\\\/toyotomi-lcac-cft18iuinvr32-ou181invr32\\\/#primaryimage\"},\"image\":{\"@id\":\"https:\\\/\\\/www.toyotomi.eu\\\/fr\\\/produit\\\/toyotomi-lcac-cft18iuinvr32-ou181invr32\\\/#primaryimage\"},\"thumbnailUrl\":\"https:\\\/\\\/www.toyotomi.eu\\\/wp-content\\\/uploads\\\/2022\\\/12\\\/PIC_LCAC_CFT18IUINVR32_RIGHT-scaled.jpg\",\"datePublished\":\"2025-01-01T01:01:00+00:00\",\"dateModified\":\"2025-12-25T05:38:02+00:00\",\"breadcrumb\":{\"@id\":\"https:\\\/\\\/www.toyotomi.eu\\\/fr\\\/produit\\\/toyotomi-lcac-cft18iuinvr32-ou181invr32\\\/#breadcrumb\"},\"inLanguage\":\"fr-FR\",\"potentialAction\":[{\"@type\":\"ReadAction\",\"target\":[\"https:\\\/\\\/www.toyotomi.eu\\\/fr\\\/produit\\\/toyotomi-lcac-cft18iuinvr32-ou181invr32\\\/\"]}]},{\"@type\":\"ImageObject\",\"inLanguage\":\"fr-FR\",\"@id\":\"https:\\\/\\\/www.toyotomi.eu\\\/fr\\\/produit\\\/toyotomi-lcac-cft18iuinvr32-ou181invr32\\\/#primaryimage\",\"url\":\"https:\\\/\\\/www.toyotomi.eu\\\/wp-content\\\/uploads\\\/2022\\\/12\\\/PIC_LCAC_CFT18IUINVR32_RIGHT-scaled.jpg\",\"contentUrl\":\"https:\\\/\\\/www.toyotomi.eu\\\/wp-content\\\/uploads\\\/2022\\\/12\\\/PIC_LCAC_CFT18IUINVR32_RIGHT-scaled.jpg\",\"width\":2560,\"height\":2148},{\"@type\":\"BreadcrumbList\",\"@id\":\"https:\\\/\\\/www.toyotomi.eu\\\/fr\\\/produit\\\/toyotomi-lcac-cft18iuinvr32-ou181invr32\\\/#breadcrumb\",\"itemListElement\":[{\"@type\":\"ListItem\",\"position\":1,\"name\":\"Accueil\",\"item\":\"https:\\\/\\\/www.toyotomi.eu\\\/fr\\\/\"},{\"@type\":\"ListItem\",\"position\":2,\"name\":\"Tous les produits\",\"item\":\"https:\\\/\\\/www.toyotomi.eu\\\/fr\\\/tous-les-produits\\\/\"},{\"@type\":\"ListItem\",\"position\":3,\"name\":\"Toyotomi LCAC CFT18IUINVR32 \\\/ OU181INVR32\"}]},{\"@type\":\"WebSite\",\"@id\":\"https:\\\/\\\/www.toyotomi.eu\\\/fr\\\/#website\",\"url\":\"https:\\\/\\\/www.toyotomi.eu\\\/fr\\\/\",\"name\":\"Toyotomi\",\"description\":\"\",\"publisher\":{\"@id\":\"https:\\\/\\\/www.toyotomi.eu\\\/fr\\\/#organization\"},\"potentialAction\":[{\"@type\":\"SearchAction\",\"target\":{\"@type\":\"EntryPoint\",\"urlTemplate\":\"https:\\\/\\\/www.toyotomi.eu\\\/fr\\\/?s={search_term_string}\"},\"query-input\":{\"@type\":\"PropertyValueSpecification\",\"valueRequired\":true,\"valueName\":\"search_term_string\"}}],\"inLanguage\":\"fr-FR\"},{\"@type\":\"Organization\",\"@id\":\"https:\\\/\\\/www.toyotomi.eu\\\/fr\\\/#organization\",\"name\":\"Toyotomi Europe Sales B.V.\",\"alternateName\":\"Toyotomi\",\"url\":\"https:\\\/\\\/www.toyotomi.eu\\\/fr\\\/\",\"logo\":{\"@type\":\"ImageObject\",\"inLanguage\":\"fr-FR\",\"@id\":\"https:\\\/\\\/www.toyotomi.eu\\\/fr\\\/#\\\/schema\\\/logo\\\/image\\\/\",\"url\":\"https:\\\/\\\/www.toyotomi.eu\\\/wp-content\\\/uploads\\\/2025\\\/10\\\/logo.png\",\"contentUrl\":\"https:\\\/\\\/www.toyotomi.eu\\\/wp-content\\\/uploads\\\/2025\\\/10\\\/logo.png\",\"width\":1360,\"height\":304,\"caption\":\"Toyotomi Europe Sales B.V.\"},\"image\":{\"@id\":\"https:\\\/\\\/www.toyotomi.eu\\\/fr\\\/#\\\/schema\\\/logo\\\/image\\\/\"}}]}<\/script>\n<!-- \/ Yoast SEO plugin. -->","yoast_head_json":{"title":"Toyotomi LCAC CFT18IUINVR32 \/ OU181INVR32 - Toyotomi","robots":{"index":"index","follow":"follow","max-snippet":"max-snippet:-1","max-image-preview":"max-image-preview:large","max-video-preview":"max-video-preview:-1"},"canonical":"https:\/\/www.toyotomi.eu\/fr\/produit\/toyotomi-lcac-cft18iuinvr32-ou181invr32\/","og_locale":"fr_FR","og_type":"article","og_title":"Toyotomi LCAC CFT18IUINVR32 \/ OU181INVR32 - Toyotomi","og_description":"Le climatiseur l\u00e9ger commercial Toyotomi LCAC CFT18IUINVR32 \/ OU181INVR32 offre une climatisation puissante, fiable et \u00e9co\u00e9nerg\u00e9tique pour les environnements professionnels. Avec une capacit\u00e9 de refroidissement de 18 000 BTU (5,30 kW) et une capacit\u00e9 de chauffage de 19 100 BTU (5,60 kW), il assure un confort optimal tout au long de l'ann\u00e9e.  Con\u00e7u pour une performance et une efficacit\u00e9 \u00e9lev\u00e9es, l'unit\u00e9 atteint un coefficient d'efficacit\u00e9 \u00e9nerg\u00e9tique saisonnier (SEER) de 6,5, obtenant une classification \u00e9nerg\u00e9tique de refroidissement A++. En mode chauffage, son coefficient de performance saisonnier (SCOP) de 4,2 assure un fonctionnement efficace et une cote \u00e9nerg\u00e9tique A+.","og_url":"https:\/\/www.toyotomi.eu\/fr\/produit\/toyotomi-lcac-cft18iuinvr32-ou181invr32\/","og_site_name":"Toyotomi","article_modified_time":"2025-12-25T05:38:02+00:00","og_image":[{"width":2560,"height":2148,"url":"https:\/\/www.toyotomi.eu\/wp-content\/uploads\/2022\/12\/PIC_LCAC_CFT18IUINVR32_RIGHT-scaled.jpg","type":"image\/jpeg"}],"twitter_card":"summary_large_image","schema":{"@context":"https:\/\/schema.org","@graph":[{"@type":"WebPage","@id":"https:\/\/www.toyotomi.eu\/fr\/produit\/toyotomi-lcac-cft18iuinvr32-ou181invr32\/","url":"https:\/\/www.toyotomi.eu\/fr\/produit\/toyotomi-lcac-cft18iuinvr32-ou181invr32\/","name":"Toyotomi LCAC CFT18IUINVR32 \/ OU181INVR32 - Toyotomi","isPartOf":{"@id":"https:\/\/www.toyotomi.eu\/fr\/#website"},"primaryImageOfPage":{"@id":"https:\/\/www.toyotomi.eu\/fr\/produit\/toyotomi-lcac-cft18iuinvr32-ou181invr32\/#primaryimage"},"image":{"@id":"https:\/\/www.toyotomi.eu\/fr\/produit\/toyotomi-lcac-cft18iuinvr32-ou181invr32\/#primaryimage"},"thumbnailUrl":"https:\/\/www.toyotomi.eu\/wp-content\/uploads\/2022\/12\/PIC_LCAC_CFT18IUINVR32_RIGHT-scaled.jpg","datePublished":"2025-01-01T01:01:00+00:00","dateModified":"2025-12-25T05:38:02+00:00","breadcrumb":{"@id":"https:\/\/www.toyotomi.eu\/fr\/produit\/toyotomi-lcac-cft18iuinvr32-ou181invr32\/#breadcrumb"},"inLanguage":"fr-FR","potentialAction":[{"@type":"ReadAction","target":["https:\/\/www.toyotomi.eu\/fr\/produit\/toyotomi-lcac-cft18iuinvr32-ou181invr32\/"]}]},{"@type":"ImageObject","inLanguage":"fr-FR","@id":"https:\/\/www.toyotomi.eu\/fr\/produit\/toyotomi-lcac-cft18iuinvr32-ou181invr32\/#primaryimage","url":"https:\/\/www.toyotomi.eu\/wp-content\/uploads\/2022\/12\/PIC_LCAC_CFT18IUINVR32_RIGHT-scaled.jpg","contentUrl":"https:\/\/www.toyotomi.eu\/wp-content\/uploads\/2022\/12\/PIC_LCAC_CFT18IUINVR32_RIGHT-scaled.jpg","width":2560,"height":2148},{"@type":"BreadcrumbList","@id":"https:\/\/www.toyotomi.eu\/fr\/produit\/toyotomi-lcac-cft18iuinvr32-ou181invr32\/#breadcrumb","itemListElement":[{"@type":"ListItem","position":1,"name":"Accueil","item":"https:\/\/www.toyotomi.eu\/fr\/"},{"@type":"ListItem","position":2,"name":"Tous les produits","item":"https:\/\/www.toyotomi.eu\/fr\/tous-les-produits\/"},{"@type":"ListItem","position":3,"name":"Toyotomi LCAC CFT18IUINVR32 \/ OU181INVR32"}]},{"@type":"WebSite","@id":"https:\/\/www.toyotomi.eu\/fr\/#website","url":"https:\/\/www.toyotomi.eu\/fr\/","name":"Toyotomi","description":"","publisher":{"@id":"https:\/\/www.toyotomi.eu\/fr\/#organization"},"potentialAction":[{"@type":"SearchAction","target":{"@type":"EntryPoint","urlTemplate":"https:\/\/www.toyotomi.eu\/fr\/?s={search_term_string}"},"query-input":{"@type":"PropertyValueSpecification","valueRequired":true,"valueName":"search_term_string"}}],"inLanguage":"fr-FR"},{"@type":"Organization","@id":"https:\/\/www.toyotomi.eu\/fr\/#organization","name":"Toyotomi Europe Sales B.V.","alternateName":"Toyotomi","url":"https:\/\/www.toyotomi.eu\/fr\/","logo":{"@type":"ImageObject","inLanguage":"fr-FR","@id":"https:\/\/www.toyotomi.eu\/fr\/#\/schema\/logo\/image\/","url":"https:\/\/www.toyotomi.eu\/wp-content\/uploads\/2025\/10\/logo.png","contentUrl":"https:\/\/www.toyotomi.eu\/wp-content\/uploads\/2025\/10\/logo.png","width":1360,"height":304,"caption":"Toyotomi Europe Sales B.V."},"image":{"@id":"https:\/\/www.toyotomi.eu\/fr\/#\/schema\/logo\/image\/"}}]}},"_links":{"self":[{"href":"https:\/\/www.toyotomi.eu\/fr\/wp-json\/wp\/v2\/product\/56228","targetHints":{"allow":["GET"]}}],"collection":[{"href":"https:\/\/www.toyotomi.eu\/fr\/wp-json\/wp\/v2\/product"}],"about":[{"href":"https:\/\/www.toyotomi.eu\/fr\/wp-json\/wp\/v2\/types\/product"}],"wp:featuredmedia":[{"embeddable":true,"href":"https:\/\/www.toyotomi.eu\/fr\/wp-json\/wp\/v2\/media\/39655"}],"wp:attachment":[{"href":"https:\/\/www.toyotomi.eu\/fr\/wp-json\/wp\/v2\/media?parent=56228"}],"wp:term":[{"taxonomy":"product_brand","embeddable":true,"href":"https:\/\/www.toyotomi.eu\/fr\/wp-json\/wp\/v2\/product_brand?post=56228"},{"taxonomy":"product_cat","embeddable":true,"href":"https:\/\/www.toyotomi.eu\/fr\/wp-json\/wp\/v2\/product_cat?post=56228"},{"taxonomy":"product_tag","embeddable":true,"href":"https:\/\/www.toyotomi.eu\/fr\/wp-json\/wp\/v2\/product_tag?post=56228"}],"curies":[{"name":"wp","href":"https:\/\/api.w.org\/{rel}","templated":true}]}}