{"id":45402,"date":"2025-01-01T02:01:00","date_gmt":"2025-01-01T01:01:00","guid":{"rendered":"https:\/\/www.toyotomi.eu\/product\/toyotube\/"},"modified":"2025-12-11T23:45:23","modified_gmt":"2025-12-11T23:45:23","slug":"toyotube","status":"publish","type":"product","link":"https:\/\/www.toyotomi.eu\/fr\/produit\/toyotube\/","title":{"rendered":"TOYOTUBE"},"content":{"rendered":"\n<div class=\"wp-block-essential-blocks-wrapper alignfull  root-eb-wrapper-mkprm\"><div class=\"eb-parent-wrapper eb-parent-eb-wrapper-mkprm \"><div class=\"eb-wrapper-outer eb-wrapper-mkprm\"><div class=\"eb-wrapper-inner\"><div class=\"eb-wrapper-inner-blocks eb-wrapper-align-center\">\n<div class=\"wp-block-essential-blocks-row alignfull  root-eb-row-18fkr\"><div class=\"eb-parent-wrapper eb-parent-eb-row-18fkr \"><div class=\"eb-row-root-container eb-row-18fkr\" data-id=\"eb-row-18fkr\"><div class=\"eb-row-wrapper\"><div class=\"eb-row-inner\">\n<div class=\"wp-block-essential-blocks-column  root-eb-column-3cpl6\"><div class=\"eb-parent-wrapper eb-parent-eb-column-3cpl6 \"><div class=\"eb-column-wrapper eb-column-3cpl6\"><div class=\"eb-column-inner\">\n<figure class=\"wp-block-image size-full has-custom-border\"><img loading=\"lazy\" decoding=\"async\" width=\"800\" height=\"1000\" src=\"https:\/\/www.toyotomi.eu\/wp-content\/uploads\/2025\/01\/Toyotube-Toyotomi-1.jpg\" alt=\"Guide &#xE9;tape par &#xE9;tape Toyotomi sur l'utilisation du remplissage Toyotube pour les chauffages &#xE0; p&#xE9;trole portables de Toyotomi, ceci est l'&#xE9;tape 1\" class=\"wp-image-30402\" style=\"border-radius:4px\" srcset=\"https:\/\/www.toyotomi.eu\/wp-content\/uploads\/2025\/01\/Toyotube-Toyotomi-1.jpg 800w, https:\/\/www.toyotomi.eu\/wp-content\/uploads\/2025\/01\/Toyotube-Toyotomi-1-150x188.jpg 150w, https:\/\/www.toyotomi.eu\/wp-content\/uploads\/2025\/01\/Toyotube-Toyotomi-1-768x960.jpg 768w, https:\/\/www.toyotomi.eu\/wp-content\/uploads\/2025\/01\/Toyotube-Toyotomi-1-441x551.jpg 441w\" sizes=\"auto, (max-width: 800px) 100vw, 800px\" \/><\/figure>\n<\/div><\/div><\/div><\/div>\n\n\n\n<div class=\"wp-block-essential-blocks-column  root-eb-column-20mz5\"><div class=\"eb-parent-wrapper eb-parent-eb-column-20mz5 \"><div class=\"eb-column-wrapper eb-column-20mz5\"><div class=\"eb-column-inner\">\n<figure class=\"wp-block-image size-full has-custom-border\"><img loading=\"lazy\" decoding=\"async\" width=\"800\" height=\"1000\" src=\"https:\/\/www.toyotomi.eu\/wp-content\/uploads\/2025\/01\/Toyotube-Toyotomi-2.jpg\" class=\"wp-image-30403\" alt=\"Versatile heating appliance from Toyotomi. Efficient and durable for home or industrial use.\" style=\"border-radius:4px\" srcset=\"https:\/\/www.toyotomi.eu\/wp-content\/uploads\/2025\/01\/Toyotube-Toyotomi-2.jpg 800w, https:\/\/www.toyotomi.eu\/wp-content\/uploads\/2025\/01\/Toyotube-Toyotomi-2-150x188.jpg 150w, https:\/\/www.toyotomi.eu\/wp-content\/uploads\/2025\/01\/Toyotube-Toyotomi-2-768x960.jpg 768w, https:\/\/www.toyotomi.eu\/wp-content\/uploads\/2025\/01\/Toyotube-Toyotomi-2-441x551.jpg 441w\" sizes=\"auto, (max-width: 800px) 100vw, 800px\" \/> <\/figure>\n<\/div><\/div><\/div><\/div>\n\n\n\n<div class=\"wp-block-essential-blocks-column  root-eb-column-vbg0m\"><div class=\"eb-parent-wrapper eb-parent-eb-column-vbg0m \"><div class=\"eb-column-wrapper eb-column-vbg0m\"><div class=\"eb-column-inner\">\n<figure class=\"wp-block-image size-full has-custom-border\"><img loading=\"lazy\" decoding=\"async\" width=\"800\" height=\"1000\" src=\"https:\/\/www.toyotomi.eu\/wp-content\/uploads\/2025\/01\/Toyotube-Toyotomi-3.jpg\" class=\"wp-image-30404\" alt=\"Emergency fire safety equipment for quick response to fires.\" style=\"border-radius:4px\" srcset=\"https:\/\/www.toyotomi.eu\/wp-content\/uploads\/2025\/01\/Toyotube-Toyotomi-3.jpg 800w, https:\/\/www.toyotomi.eu\/wp-content\/uploads\/2025\/01\/Toyotube-Toyotomi-3-150x188.jpg 150w, https:\/\/www.toyotomi.eu\/wp-content\/uploads\/2025\/01\/Toyotube-Toyotomi-3-768x960.jpg 768w, https:\/\/www.toyotomi.eu\/wp-content\/uploads\/2025\/01\/Toyotube-Toyotomi-3-441x551.jpg 441w\" sizes=\"auto, (max-width: 800px) 100vw, 800px\" \/> <\/figure>\n<\/div><\/div><\/div><\/div>\n\n\n\n<div class=\"wp-block-essential-blocks-column  root-eb-column-4osit\"><div class=\"eb-parent-wrapper eb-parent-eb-column-4osit \"><div class=\"eb-column-wrapper eb-column-4osit\"><div class=\"eb-column-inner\">\n<figure class=\"wp-block-image size-full has-custom-border\"><img loading=\"lazy\" decoding=\"async\" width=\"800\" height=\"1000\" src=\"https:\/\/www.toyotomi.eu\/wp-content\/uploads\/2025\/01\/Toyotube-Toyotomi-4.jpg\" alt=\"Guide &#xE9;tape par &#xE9;tape Toyotomi sur l'utilisation du remplissage Toyotube pour les chauffages &#xE0; p&#xE9;trole portables de Toyotomi, ceci est l'&#xE9;tape 4\" class=\"wp-image-30405\" style=\"border-radius:4px\" srcset=\"https:\/\/www.toyotomi.eu\/wp-content\/uploads\/2025\/01\/Toyotube-Toyotomi-4.jpg 800w, https:\/\/www.toyotomi.eu\/wp-content\/uploads\/2025\/01\/Toyotube-Toyotomi-4-150x188.jpg 150w, https:\/\/www.toyotomi.eu\/wp-content\/uploads\/2025\/01\/Toyotube-Toyotomi-4-768x960.jpg 768w, https:\/\/www.toyotomi.eu\/wp-content\/uploads\/2025\/01\/Toyotube-Toyotomi-4-441x551.jpg 441w\" sizes=\"auto, (max-width: 800px) 100vw, 800px\" \/><\/figure>\n<\/div><\/div><\/div><\/div>\n<\/div><\/div><\/div><\/div><\/div>\n<\/div><\/div><\/div><\/div><\/div>\n\n<div class=\"wp-block-essential-blocks-wrapper alignfull  root-eb-wrapper-tvb73\"><div class=\"eb-parent-wrapper eb-parent-eb-wrapper-tvb73 \"><div class=\"eb-wrapper-outer eb-wrapper-tvb73\"><div class=\"eb-wrapper-inner\"><div class=\"eb-wrapper-inner-blocks eb-wrapper-align-center\">\n<div class=\"wp-block-essential-blocks-row alignfull  root-eb-row-8szbc\"><div class=\"eb-parent-wrapper eb-parent-eb-row-8szbc \"><div class=\"eb-row-root-container eb-row-8szbc\" data-id=\"eb-row-8szbc\"><div class=\"eb-row-wrapper\"><div class=\"eb-row-inner\">\n<div class=\"wp-block-essential-blocks-column  root-eb-column-fo6u5\"><div class=\"eb-parent-wrapper eb-parent-eb-column-fo6u5 \"><div class=\"eb-column-wrapper eb-column-fo6u5\"><div class=\"eb-column-inner\">\n<h2 class=\"wp-block-heading\"><strong>Toyotube<\/strong><\/h2>\n\n\n\n<p>Dites adieu au ravitaillement salissant et bonjour \u00e0 une chaleur sans effort. Toyotube est la cartouche de recharge jetable r\u00e9volutionnaire d\u00e9velopp\u00e9e par Toyotomi. Toyotube transforme la fa\u00e7on dont vous alimentez votre chauffage : pas de d\u00e9versements, pas de pompes, pas de tracas. <\/p>\n\n\n\n<h3 class=\"wp-block-heading\"><strong>Simplicit\u00e9 de conception<\/strong><\/h3>\n\n\n\n<p>Avec Toyotube, le ravitaillement est aussi simple que d&rsquo;ins\u00e9rer une cartouche, d&rsquo;une seule main. Il n&rsquo;est pas n\u00e9cessaire de manipuler le carburant manuellement ni de s&rsquo;inqui\u00e9ter des d\u00e9versements sur le sol. Chaque cartouche scell\u00e9e fournit un carburant propre et de haute qualit\u00e9, non touch\u00e9 par les \u00e9l\u00e9ments ext\u00e9rieurs, assurant une combustion constante et efficace \u00e0 chaque fois. Les cartouches Toyotube sont enti\u00e8rement fabriqu\u00e9es \u00e0 partir de plastique PET recyclable, r\u00e9duisant ainsi les d\u00e9chets et rendant l&rsquo;\u00e9limination simple et responsable. Gr\u00e2ce aux cartouches scell\u00e9es, le carburant reste frais et non contamin\u00e9, plus propre pour votre chauffage, plus propre pour la plan\u00e8te.    <\/p>\n\n\n\n<h3 class=\"wp-block-heading\"><strong>Pratique, portable et propre<\/strong><\/h3>\n\n\n\n<p>Chaque paquet comprend 6 cartouches jetables, ce qui facilite le stockage, le transport et le d\u00e9placement. Que vous chauffiez une cabine, un atelier ou une maison, Toyotube maintient la gestion du carburant propre et efficace. Toyotube est compatible avec tous les chauffages Zibro datant des ann\u00e9es 1990. Remplacez simplement votre filtre d&rsquo;acceptation de carburant actuel par le filtre universel Toyotube et vous \u00eates pr\u00eat \u00e0 profiter d&rsquo;un nouveau niveau de commodit\u00e9 avec votre chauffage Zibro de confiance.   <\/p>\n<\/div><\/div><\/div><\/div>\n<\/div><\/div><\/div><\/div><\/div>\n<\/div><\/div><\/div><\/div><\/div>\n","protected":false},"excerpt":{"rendered":"<p>Le Toyotube Fluid Energy Refill est le moyen le plus pratique de recharger votre chauffage \u00e0 paraffine portable Zibro ou Toyotomi. Chaque bouteille scell\u00e9e de 1,4 litre est l\u00e9g\u00e8re, facile \u00e0 manipuler et con\u00e7ue pour une utilisation \u00e0 une seule main, \u00e9liminant ainsi le besoin de pompes ou de transferts de carburant. Ce syst\u00e8me de recharge \u00e0 usage unique garantit un fonctionnement propre et s\u00fbr, sans contact avec le carburant, sans d\u00e9versement ni d\u00e9sordre, tout en pr\u00e9servant la haute qualit\u00e9 du combustible \u00e0 l&rsquo;int\u00e9rieur. Fourni en bo\u00eetes de six bouteilles, le Toyotube est compatible exclusivement avec les chauffages fabriqu\u00e9s par Toyotomi (Zibro, Toyoset, Kerosun et Toyostove), assurant ainsi des performances fiables et une tranquillit\u00e9 d&rsquo;esprit totale.   <\/p>\n","protected":false},"featured_media":62480,"template":"","meta":{"_acf_changed":false,"_eb_attr":""},"product_brand":[],"product_cat":[5958],"product_tag":[],"class_list":{"0":"post-45402","1":"product","2":"type-product","3":"status-publish","4":"has-post-thumbnail","6":"product_cat-combustible-fr","8":"first","9":"instock","10":"taxable","11":"shipping-taxable","12":"product-type-simple"},"acf":[],"yoast_head":"<!-- This site is optimized with the Yoast SEO plugin v27.4 - https:\/\/yoast.com\/product\/yoast-seo-wordpress\/ -->\n<title>TOYOTUBE - Toyotomi<\/title>\n<meta name=\"robots\" content=\"index, follow, max-snippet:-1, max-image-preview:large, max-video-preview:-1\" \/>\n<link rel=\"canonical\" href=\"https:\/\/www.toyotomi.eu\/fr\/produit\/toyotube\/\" \/>\n<meta property=\"og:locale\" content=\"fr_FR\" \/>\n<meta property=\"og:type\" content=\"article\" \/>\n<meta property=\"og:title\" content=\"TOYOTUBE - Toyotomi\" \/>\n<meta property=\"og:description\" content=\"Le Toyotube Fluid Energy Refill est le moyen le plus pratique de recharger votre chauffage \u00e0 paraffine portable Zibro ou Toyotomi. Chaque bouteille scell\u00e9e de 1,4 litre est l\u00e9g\u00e8re, facile \u00e0 manipuler et con\u00e7ue pour une utilisation \u00e0 une seule main, \u00e9liminant ainsi le besoin de pompes ou de transferts de carburant. Ce syst\u00e8me de recharge \u00e0 usage unique garantit un fonctionnement propre et s\u00fbr, sans contact avec le carburant, sans d\u00e9versement ni d\u00e9sordre, tout en pr\u00e9servant la haute qualit\u00e9 du combustible \u00e0 l&#039;int\u00e9rieur. Fourni en bo\u00eetes de six bouteilles, le Toyotube est compatible exclusivement avec les chauffages fabriqu\u00e9s par Toyotomi (Zibro, Toyoset, Kerosun et Toyostove), assurant ainsi des performances fiables et une tranquillit\u00e9 d&#039;esprit totale.\" \/>\n<meta property=\"og:url\" content=\"https:\/\/www.toyotomi.eu\/fr\/produit\/toyotube\/\" \/>\n<meta property=\"og:site_name\" content=\"Toyotomi\" \/>\n<meta property=\"article:modified_time\" content=\"2025-12-11T23:45:23+00:00\" \/>\n<meta property=\"og:image\" content=\"https:\/\/www.toyotomi.eu\/wp-content\/uploads\/2025\/01\/1.4L_Toyotube_2560x2560-1920x1920.png\" \/>\n\t<meta property=\"og:image:width\" content=\"1920\" \/>\n\t<meta property=\"og:image:height\" content=\"1920\" \/>\n\t<meta property=\"og:image:type\" content=\"image\/png\" \/>\n<meta name=\"twitter:card\" content=\"summary_large_image\" \/>\n<script type=\"application\/ld+json\" class=\"yoast-schema-graph\">{\"@context\":\"https:\\\/\\\/schema.org\",\"@graph\":[{\"@type\":\"WebPage\",\"@id\":\"https:\\\/\\\/www.toyotomi.eu\\\/fr\\\/produit\\\/toyotube\\\/\",\"url\":\"https:\\\/\\\/www.toyotomi.eu\\\/fr\\\/produit\\\/toyotube\\\/\",\"name\":\"TOYOTUBE - Toyotomi\",\"isPartOf\":{\"@id\":\"https:\\\/\\\/www.toyotomi.eu\\\/fr\\\/#website\"},\"primaryImageOfPage\":{\"@id\":\"https:\\\/\\\/www.toyotomi.eu\\\/fr\\\/produit\\\/toyotube\\\/#primaryimage\"},\"image\":{\"@id\":\"https:\\\/\\\/www.toyotomi.eu\\\/fr\\\/produit\\\/toyotube\\\/#primaryimage\"},\"thumbnailUrl\":\"https:\\\/\\\/www.toyotomi.eu\\\/wp-content\\\/uploads\\\/2026\\\/03\\\/PIC_TOYOTUBE_2560x2560.png\",\"datePublished\":\"2025-01-01T01:01:00+00:00\",\"dateModified\":\"2025-12-11T23:45:23+00:00\",\"breadcrumb\":{\"@id\":\"https:\\\/\\\/www.toyotomi.eu\\\/fr\\\/produit\\\/toyotube\\\/#breadcrumb\"},\"inLanguage\":\"fr-FR\",\"potentialAction\":[{\"@type\":\"ReadAction\",\"target\":[\"https:\\\/\\\/www.toyotomi.eu\\\/fr\\\/produit\\\/toyotube\\\/\"]}]},{\"@type\":\"ImageObject\",\"inLanguage\":\"fr-FR\",\"@id\":\"https:\\\/\\\/www.toyotomi.eu\\\/fr\\\/produit\\\/toyotube\\\/#primaryimage\",\"url\":\"https:\\\/\\\/www.toyotomi.eu\\\/wp-content\\\/uploads\\\/2026\\\/03\\\/PIC_TOYOTUBE_2560x2560.png\",\"contentUrl\":\"https:\\\/\\\/www.toyotomi.eu\\\/wp-content\\\/uploads\\\/2026\\\/03\\\/PIC_TOYOTUBE_2560x2560.png\",\"width\":2560,\"height\":2560,\"caption\":\"Efficient Toyotomi Toyotube for rapid heating of Toyotomi stoves, ensuring safety and convenience.\"},{\"@type\":\"BreadcrumbList\",\"@id\":\"https:\\\/\\\/www.toyotomi.eu\\\/fr\\\/produit\\\/toyotube\\\/#breadcrumb\",\"itemListElement\":[{\"@type\":\"ListItem\",\"position\":1,\"name\":\"Accueil\",\"item\":\"https:\\\/\\\/www.toyotomi.eu\\\/fr\\\/\"},{\"@type\":\"ListItem\",\"position\":2,\"name\":\"Tous les produits\",\"item\":\"https:\\\/\\\/www.toyotomi.eu\\\/fr\\\/tous-les-produits\\\/\"},{\"@type\":\"ListItem\",\"position\":3,\"name\":\"TOYOTUBE\"}]},{\"@type\":\"WebSite\",\"@id\":\"https:\\\/\\\/www.toyotomi.eu\\\/fr\\\/#website\",\"url\":\"https:\\\/\\\/www.toyotomi.eu\\\/fr\\\/\",\"name\":\"Toyotomi\",\"description\":\"\",\"publisher\":{\"@id\":\"https:\\\/\\\/www.toyotomi.eu\\\/fr\\\/#organization\"},\"potentialAction\":[{\"@type\":\"SearchAction\",\"target\":{\"@type\":\"EntryPoint\",\"urlTemplate\":\"https:\\\/\\\/www.toyotomi.eu\\\/fr\\\/?s={search_term_string}\"},\"query-input\":{\"@type\":\"PropertyValueSpecification\",\"valueRequired\":true,\"valueName\":\"search_term_string\"}}],\"inLanguage\":\"fr-FR\"},{\"@type\":\"Organization\",\"@id\":\"https:\\\/\\\/www.toyotomi.eu\\\/fr\\\/#organization\",\"name\":\"Toyotomi Europe Sales B.V.\",\"alternateName\":\"Toyotomi\",\"url\":\"https:\\\/\\\/www.toyotomi.eu\\\/fr\\\/\",\"logo\":{\"@type\":\"ImageObject\",\"inLanguage\":\"fr-FR\",\"@id\":\"https:\\\/\\\/www.toyotomi.eu\\\/fr\\\/#\\\/schema\\\/logo\\\/image\\\/\",\"url\":\"https:\\\/\\\/www.toyotomi.eu\\\/wp-content\\\/uploads\\\/2025\\\/10\\\/logo.png\",\"contentUrl\":\"https:\\\/\\\/www.toyotomi.eu\\\/wp-content\\\/uploads\\\/2025\\\/10\\\/logo.png\",\"width\":1360,\"height\":304,\"caption\":\"Toyotomi Europe Sales B.V.\"},\"image\":{\"@id\":\"https:\\\/\\\/www.toyotomi.eu\\\/fr\\\/#\\\/schema\\\/logo\\\/image\\\/\"}}]}<\/script>\n<!-- \/ Yoast SEO plugin. -->","yoast_head_json":{"title":"TOYOTUBE - Toyotomi","robots":{"index":"index","follow":"follow","max-snippet":"max-snippet:-1","max-image-preview":"max-image-preview:large","max-video-preview":"max-video-preview:-1"},"canonical":"https:\/\/www.toyotomi.eu\/fr\/produit\/toyotube\/","og_locale":"fr_FR","og_type":"article","og_title":"TOYOTUBE - Toyotomi","og_description":"Le Toyotube Fluid Energy Refill est le moyen le plus pratique de recharger votre chauffage \u00e0 paraffine portable Zibro ou Toyotomi. Chaque bouteille scell\u00e9e de 1,4 litre est l\u00e9g\u00e8re, facile \u00e0 manipuler et con\u00e7ue pour une utilisation \u00e0 une seule main, \u00e9liminant ainsi le besoin de pompes ou de transferts de carburant. Ce syst\u00e8me de recharge \u00e0 usage unique garantit un fonctionnement propre et s\u00fbr, sans contact avec le carburant, sans d\u00e9versement ni d\u00e9sordre, tout en pr\u00e9servant la haute qualit\u00e9 du combustible \u00e0 l'int\u00e9rieur. Fourni en bo\u00eetes de six bouteilles, le Toyotube est compatible exclusivement avec les chauffages fabriqu\u00e9s par Toyotomi (Zibro, Toyoset, Kerosun et Toyostove), assurant ainsi des performances fiables et une tranquillit\u00e9 d'esprit totale.","og_url":"https:\/\/www.toyotomi.eu\/fr\/produit\/toyotube\/","og_site_name":"Toyotomi","article_modified_time":"2025-12-11T23:45:23+00:00","og_image":[{"width":1920,"height":1920,"url":"https:\/\/www.toyotomi.eu\/wp-content\/uploads\/2025\/01\/1.4L_Toyotube_2560x2560-1920x1920.png","type":"image\/png"}],"twitter_card":"summary_large_image","schema":{"@context":"https:\/\/schema.org","@graph":[{"@type":"WebPage","@id":"https:\/\/www.toyotomi.eu\/fr\/produit\/toyotube\/","url":"https:\/\/www.toyotomi.eu\/fr\/produit\/toyotube\/","name":"TOYOTUBE - Toyotomi","isPartOf":{"@id":"https:\/\/www.toyotomi.eu\/fr\/#website"},"primaryImageOfPage":{"@id":"https:\/\/www.toyotomi.eu\/fr\/produit\/toyotube\/#primaryimage"},"image":{"@id":"https:\/\/www.toyotomi.eu\/fr\/produit\/toyotube\/#primaryimage"},"thumbnailUrl":"https:\/\/www.toyotomi.eu\/wp-content\/uploads\/2026\/03\/PIC_TOYOTUBE_2560x2560.png","datePublished":"2025-01-01T01:01:00+00:00","dateModified":"2025-12-11T23:45:23+00:00","breadcrumb":{"@id":"https:\/\/www.toyotomi.eu\/fr\/produit\/toyotube\/#breadcrumb"},"inLanguage":"fr-FR","potentialAction":[{"@type":"ReadAction","target":["https:\/\/www.toyotomi.eu\/fr\/produit\/toyotube\/"]}]},{"@type":"ImageObject","inLanguage":"fr-FR","@id":"https:\/\/www.toyotomi.eu\/fr\/produit\/toyotube\/#primaryimage","url":"https:\/\/www.toyotomi.eu\/wp-content\/uploads\/2026\/03\/PIC_TOYOTUBE_2560x2560.png","contentUrl":"https:\/\/www.toyotomi.eu\/wp-content\/uploads\/2026\/03\/PIC_TOYOTUBE_2560x2560.png","width":2560,"height":2560,"caption":"Efficient Toyotomi Toyotube for rapid heating of Toyotomi stoves, ensuring safety and convenience."},{"@type":"BreadcrumbList","@id":"https:\/\/www.toyotomi.eu\/fr\/produit\/toyotube\/#breadcrumb","itemListElement":[{"@type":"ListItem","position":1,"name":"Accueil","item":"https:\/\/www.toyotomi.eu\/fr\/"},{"@type":"ListItem","position":2,"name":"Tous les produits","item":"https:\/\/www.toyotomi.eu\/fr\/tous-les-produits\/"},{"@type":"ListItem","position":3,"name":"TOYOTUBE"}]},{"@type":"WebSite","@id":"https:\/\/www.toyotomi.eu\/fr\/#website","url":"https:\/\/www.toyotomi.eu\/fr\/","name":"Toyotomi","description":"","publisher":{"@id":"https:\/\/www.toyotomi.eu\/fr\/#organization"},"potentialAction":[{"@type":"SearchAction","target":{"@type":"EntryPoint","urlTemplate":"https:\/\/www.toyotomi.eu\/fr\/?s={search_term_string}"},"query-input":{"@type":"PropertyValueSpecification","valueRequired":true,"valueName":"search_term_string"}}],"inLanguage":"fr-FR"},{"@type":"Organization","@id":"https:\/\/www.toyotomi.eu\/fr\/#organization","name":"Toyotomi Europe Sales B.V.","alternateName":"Toyotomi","url":"https:\/\/www.toyotomi.eu\/fr\/","logo":{"@type":"ImageObject","inLanguage":"fr-FR","@id":"https:\/\/www.toyotomi.eu\/fr\/#\/schema\/logo\/image\/","url":"https:\/\/www.toyotomi.eu\/wp-content\/uploads\/2025\/10\/logo.png","contentUrl":"https:\/\/www.toyotomi.eu\/wp-content\/uploads\/2025\/10\/logo.png","width":1360,"height":304,"caption":"Toyotomi Europe Sales B.V."},"image":{"@id":"https:\/\/www.toyotomi.eu\/fr\/#\/schema\/logo\/image\/"}}]}},"_links":{"self":[{"href":"https:\/\/www.toyotomi.eu\/fr\/wp-json\/wp\/v2\/product\/45402","targetHints":{"allow":["GET"]}}],"collection":[{"href":"https:\/\/www.toyotomi.eu\/fr\/wp-json\/wp\/v2\/product"}],"about":[{"href":"https:\/\/www.toyotomi.eu\/fr\/wp-json\/wp\/v2\/types\/product"}],"wp:featuredmedia":[{"embeddable":true,"href":"https:\/\/www.toyotomi.eu\/fr\/wp-json\/wp\/v2\/media\/62480"}],"wp:attachment":[{"href":"https:\/\/www.toyotomi.eu\/fr\/wp-json\/wp\/v2\/media?parent=45402"}],"wp:term":[{"taxonomy":"product_brand","embeddable":true,"href":"https:\/\/www.toyotomi.eu\/fr\/wp-json\/wp\/v2\/product_brand?post=45402"},{"taxonomy":"product_cat","embeddable":true,"href":"https:\/\/www.toyotomi.eu\/fr\/wp-json\/wp\/v2\/product_cat?post=45402"},{"taxonomy":"product_tag","embeddable":true,"href":"https:\/\/www.toyotomi.eu\/fr\/wp-json\/wp\/v2\/product_tag?post=45402"}],"curies":[{"name":"wp","href":"https:\/\/api.w.org\/{rel}","templated":true}]}}