{"id":45345,"date":"2025-01-01T02:01:00","date_gmt":"2025-01-01T01:01:00","guid":{"rendered":"https:\/\/www.toyotomi.eu\/product\/zibro-rs-4022\/"},"modified":"2026-01-20T08:51:08","modified_gmt":"2026-01-20T07:51:08","slug":"zibro-rs-4022","status":"publish","type":"product","link":"https:\/\/www.toyotomi.eu\/fr\/produit\/zibro-rs-4022\/","title":{"rendered":"Zibro RS-4022"},"content":{"rendered":"\n<div class=\"wp-block-essential-blocks-wrapper alignfull  root-eb-wrapper-kiu5m\"><div class=\"eb-parent-wrapper eb-parent-eb-wrapper-kiu5m \"><div class=\"eb-wrapper-outer eb-wrapper-kiu5m\"><div class=\"eb-wrapper-inner\"><div class=\"eb-wrapper-inner-blocks eb-wrapper-align-center\">\n<div class=\"wp-block-essential-blocks-row alignfull  root-eb-row-vp5zx\"><div class=\"eb-parent-wrapper eb-parent-eb-row-vp5zx \"><div class=\"eb-row-root-container eb-row-vp5zx\" data-id=\"eb-row-vp5zx\"><div class=\"eb-row-wrapper\"><div class=\"eb-row-inner\">\n<div class=\"wp-block-essential-blocks-column  root-eb-column-wbb44\"><div class=\"eb-parent-wrapper eb-parent-eb-column-wbb44 \"><div class=\"eb-column-wrapper eb-column-wbb44\"><div class=\"eb-column-inner\">\n<div class=\"wp-block-essential-blocks-wrapper alignfull  root-eb-wrapper-8eqic\"><div class=\"eb-parent-wrapper eb-parent-eb-wrapper-8eqic \"><div class=\"eb-wrapper-outer eb-wrapper-8eqic\"><div class=\"eb-wrapper-inner\"><div class=\"eb-wrapper-inner-blocks eb-wrapper-align-center\">\n<div class=\"wp-block-essential-blocks-row alignfull  root-eb-row-69nlq\"><div class=\"eb-parent-wrapper eb-parent-eb-row-69nlq \"><div class=\"eb-row-root-container eb-row-69nlq\" data-id=\"eb-row-69nlq\"><div class=\"eb-row-wrapper\"><div class=\"eb-row-inner\">\n<div class=\"wp-block-essential-blocks-column  root-eb-column-4o7fv\"><div class=\"eb-parent-wrapper eb-parent-eb-column-4o7fv \"><div class=\"eb-column-wrapper eb-column-4o7fv\"><div class=\"eb-column-inner\">\n<h2 class=\"wp-block-heading has-text-align-left has-x-large-font-size\">Zibro RS 4022<\/h2>\n\n\n\n<p>Le Zibro RS 4022 est un chauffage \u00e0 p\u00e9trole fiable et efficace, con\u00e7u pour fournir une chaleur instantan\u00e9e et confortable sans n\u00e9cessiter d&rsquo;\u00e9lectricit\u00e9 ni d&rsquo;installation permanente. Avec une puissance de 2200 W, il est id\u00e9al pour chauffer des pi\u00e8ces jusqu&rsquo;\u00e0 80 m\u00b3, ce qui le rend parfait pour les espaces de vie, les ateliers, les r\u00e9sidences secondaires, les garages ou comme source de chaleur d&rsquo;appoint. <\/p>\n\n\n\n<p>Gr\u00e2ce \u00e0 sa technologie de chauffage radiant infrarouge, la chaleur se fait sentir presque imm\u00e9diatement apr\u00e8s l&rsquo;allumage, assurant un confort rapide et efficace m\u00eame par temps froid.<\/p>\n\n\n\n<h3 class=\"wp-block-heading\">Facile \u00e0 utiliser, sans \u00e9lectricit\u00e9 requise<\/h3>\n\n\n\n<p>Le RS 4022 est dot\u00e9 d&rsquo;un allumage \u00e9lectrique \u00e0 piles, permettant un d\u00e9marrage facile sans alimentation secteur. Le contr\u00f4le de combustion r\u00e9glable vous permet de r\u00e9guler la puissance thermique en fonction de vos besoins, assurant une utilisation efficace du combustible et une chaleur constante. <\/p>\n\n\n\n<p>Une pompe \u00e0 siphon manuelle est incluse pour rendre le ravitaillement simple et propre.<\/p>\n\n\n\n<h3 class=\"wp-block-heading\">Fonctions de s\u00e9curit\u00e9 avanc\u00e9es<\/h3>\n\n\n\n<p>La s\u00e9curit\u00e9 est une priorit\u00e9 essentielle avec le Zibro RS 4022. Le chauffage est \u00e9quip\u00e9 d&rsquo;un capteur de CO\u2082 qui surveille en permanence la qualit\u00e9 de l&rsquo;air int\u00e9rieur. Si les niveaux d&rsquo;oxyg\u00e8ne deviennent insuffisants, le chauffage s&rsquo;\u00e9teint automatiquement.  <\/p>\n\n\n\n<p>Le chauffage comprend \u00e9galement un syst\u00e8me d&rsquo;arr\u00eat de s\u00e9curit\u00e9 triple, qui \u00e9teint l&rsquo;appareil :<\/p>\n\n\n\n<ul class=\"wp-block-list\">\n<li>Lorsque la m\u00e8che est abaiss\u00e9e<\/li>\n\n\n\n<li>Lorsque le bouton d&rsquo;arr\u00eat d&rsquo;urgence est enfonc\u00e9<\/li>\n\n\n\n<li>Automatiquement si le chauffage est renvers\u00e9, secou\u00e9 ou soumis \u00e0 un fort impact<\/li>\n<\/ul>\n<\/div><\/div><\/div><\/div>\n<\/div><\/div><\/div><\/div><\/div>\n<\/div><\/div><\/div><\/div><\/div>\n\n\n\n<div style=\"height:80px\" aria-hidden=\"true\" class=\"wp-block-spacer\"><\/div>\n\n\n\n<div class=\"wp-block-essential-blocks-wrapper alignfull  root-eb-wrapper-0pft6\"><div class=\"eb-parent-wrapper eb-parent-eb-wrapper-0pft6 \"><div class=\"eb-wrapper-outer eb-wrapper-0pft6\"><div class=\"eb-wrapper-inner\"><div class=\"eb-wrapper-inner-blocks eb-wrapper-align-center\">\n<div class=\"wp-block-essential-blocks-row alignfull  root-eb-row-htqol\"><div class=\"eb-parent-wrapper eb-parent-eb-row-htqol \"><div class=\"eb-row-root-container eb-row-htqol\" data-id=\"eb-row-htqol\"><div class=\"eb-row-wrapper\"><div class=\"eb-row-inner\">\n<div class=\"wp-block-essential-blocks-column  root-eb-column-eoyr7\"><div class=\"eb-parent-wrapper eb-parent-eb-column-eoyr7 \"><div class=\"eb-column-wrapper eb-column-eoyr7\"><div class=\"eb-column-inner\">\n<h2 class=\"wp-block-heading has-text-align-center has-xxx-large-font-size\">Inclus<\/h2>\n<\/div><\/div><\/div><\/div>\n<\/div><\/div><\/div><\/div><\/div>\n<\/div><\/div><\/div><\/div><\/div>\n\n\n\n<div class=\"wp-block-essential-blocks-wrapper alignfull  root-eb-wrapper-yauuv\"><div class=\"eb-parent-wrapper eb-parent-eb-wrapper-yauuv \"><div class=\"eb-wrapper-outer eb-wrapper-yauuv\"><div class=\"eb-wrapper-inner\"><div class=\"eb-wrapper-inner-blocks eb-wrapper-align-center\">\n<div class=\"wp-block-essential-blocks-row alignfull  root-eb-row-j9w3g\"><div class=\"eb-parent-wrapper eb-parent-eb-row-j9w3g \"><div class=\"eb-row-root-container eb-row-j9w3g\" data-id=\"eb-row-j9w3g\"><div class=\"eb-row-wrapper\"><div class=\"eb-row-inner\">\n<div class=\"wp-block-essential-blocks-column  root-eb-column-79he7\"><div class=\"eb-parent-wrapper eb-parent-eb-column-79he7 \"><div class=\"eb-column-wrapper eb-column-79he7\"><div class=\"eb-column-inner\">\n<figure class=\"wp-block-image size-full has-custom-border\"><img loading=\"lazy\" decoding=\"async\" width=\"800\" height=\"550\" src=\"https:\/\/www.toyotomi.eu\/wp-content\/uploads\/2024\/10\/manual-fuel-syphon-pump.jpg\" alt=\"Sonde d'alimentation m&#xE9;dicale flexible avec connecteur rouge pour plus de pr&#xE9;cision et de s&#xE9;curit&#xE9;.\" class=\"wp-image-25016\" style=\"border-radius:4px\" srcset=\"https:\/\/www.toyotomi.eu\/wp-content\/uploads\/2024\/10\/manual-fuel-syphon-pump.jpg 800w, https:\/\/www.toyotomi.eu\/wp-content\/uploads\/2024\/10\/manual-fuel-syphon-pump-300x206.jpg 300w, https:\/\/www.toyotomi.eu\/wp-content\/uploads\/2024\/10\/manual-fuel-syphon-pump-768x528.jpg 768w, https:\/\/www.toyotomi.eu\/wp-content\/uploads\/2024\/10\/manual-fuel-syphon-pump-441x303.jpg 441w, https:\/\/www.toyotomi.eu\/wp-content\/uploads\/2024\/10\/manual-fuel-syphon-pump-150x103.jpg 150w\" sizes=\"auto, (max-width: 800px) 100vw, 800px\" \/><\/figure>\n<\/div><\/div><\/div><\/div>\n\n\n\n<div class=\"wp-block-essential-blocks-column  root-eb-column-fbtim\"><div class=\"eb-parent-wrapper eb-parent-eb-column-fbtim \"><div class=\"eb-column-wrapper eb-column-fbtim\"><div class=\"eb-column-inner\">\n<h2 class=\"wp-block-heading has-x-large-font-size\"><strong>Pompe siphon manuelle<\/strong><\/h2>\n\n\n\n<p>Les Convecteurs \u00c9lectroniques comprennent une pompe \u00e0 siphon manuelle dans chaque bo\u00eete comme accessoire standard, utilis\u00e9e pour remplir votre chauffage avec du combustible. Cet outil simple et pratique facilite le transfert de combustible et aide \u00e0 pr\u00e9venir les d\u00e9versements lors du ravitaillement. <\/p>\n<\/div><\/div><\/div><\/div>\n<\/div><\/div><\/div><\/div><\/div>\n<\/div><\/div><\/div><\/div><\/div>\n\n\n\n<div class=\"wp-block-essential-blocks-wrapper alignfull  root-eb-wrapper-e5ush\"><div class=\"eb-parent-wrapper eb-parent-eb-wrapper-e5ush \"><div class=\"eb-wrapper-outer eb-wrapper-e5ush\"><div class=\"eb-wrapper-inner\"><div class=\"eb-wrapper-inner-blocks eb-wrapper-align-center\">\n<div class=\"wp-block-essential-blocks-row alignfull  root-eb-row-vtf3p\"><div class=\"eb-parent-wrapper eb-parent-eb-row-vtf3p \"><div class=\"eb-row-root-container eb-row-vtf3p\" data-id=\"eb-row-vtf3p\"><div class=\"eb-row-wrapper\"><div class=\"eb-row-inner\">\n<div class=\"wp-block-essential-blocks-column  root-eb-column-taoxq\"><div class=\"eb-parent-wrapper eb-parent-eb-column-taoxq \"><div class=\"eb-column-wrapper eb-column-taoxq\"><div class=\"eb-column-inner\">\n<h2 class=\"wp-block-heading has-x-large-font-size\"><strong><strong>R\u00e9servoir de carburant amovible<\/strong><\/strong><\/h2>\n\n\n\n<p>Le Zibro RS-4022 comprend un r\u00e9servoir de carburant amovible avec une poign\u00e9e int\u00e9gr\u00e9e et un bouchon anti-d\u00e9versement, ce qui rend le ravitaillement s\u00fbr, propre et pratique. La conception assure des changements de r\u00e9servoir rapides sans interrompre votre confort ni cr\u00e9er de d\u00e9g\u00e2ts. <\/p>\n<\/div><\/div><\/div><\/div>\n\n\n\n<div class=\"wp-block-essential-blocks-column  root-eb-column-eqx21\"><div class=\"eb-parent-wrapper eb-parent-eb-column-eqx21 \"><div class=\"eb-column-wrapper eb-column-eqx21\"><div class=\"eb-column-inner\">\n<figure class=\"wp-block-image size-full has-custom-border\"><img loading=\"lazy\" decoding=\"async\" width=\"800\" height=\"550\" src=\"https:\/\/www.toyotomi.eu\/wp-content\/uploads\/2025\/07\/toyotomi-removable-fuel-tank.jpg\" alt=\"Texte alternatif&amp;nbsp;: Gros plan d&#x2019;un radiateur Toyotomi avec un autocollant rouge de programme de fid&#xE9;lit&#xE9; et une finition argent&#xE9;e.\" class=\"wp-image-24332\" style=\"border-radius:4px\" srcset=\"https:\/\/www.toyotomi.eu\/wp-content\/uploads\/2025\/07\/toyotomi-removable-fuel-tank.jpg 800w, https:\/\/www.toyotomi.eu\/wp-content\/uploads\/2025\/07\/toyotomi-removable-fuel-tank-300x206.jpg 300w, https:\/\/www.toyotomi.eu\/wp-content\/uploads\/2025\/07\/toyotomi-removable-fuel-tank-768x528.jpg 768w, https:\/\/www.toyotomi.eu\/wp-content\/uploads\/2025\/07\/toyotomi-removable-fuel-tank-441x303.jpg 441w, https:\/\/www.toyotomi.eu\/wp-content\/uploads\/2025\/07\/toyotomi-removable-fuel-tank-150x103.jpg 150w\" sizes=\"auto, (max-width: 800px) 100vw, 800px\" \/><\/figure>\n<\/div><\/div><\/div><\/div>\n<\/div><\/div><\/div><\/div><\/div>\n<\/div><\/div><\/div><\/div><\/div>\n<\/div><\/div><\/div><\/div>\n<\/div><\/div><\/div><\/div><\/div>\n<\/div><\/div><\/div><\/div><\/div>\n","protected":false},"excerpt":{"rendered":"<p>Le po\u00eale \u00e0 m\u00e8che Toyotomi RS-4022 est dot\u00e9 d&rsquo;un br\u00fbleur unique avec une capacit\u00e9 de chauffage de 2,20 kW. Il fournit une chaleur propre, efficace et \u00e9conomique sans n\u00e9cessiter d&rsquo;installation. Son syst\u00e8me de combustion sans conduit ne n\u00e9cessite que quatre piles pour l&rsquo;allumage, ce qui le rend extr\u00eamement facile \u00e0 utiliser. Con\u00e7u pour chauffer des espaces jusqu&rsquo;\u00e0 80 m\u00b3, le RS-4022 est \u00e9quip\u00e9 de multiples dispositifs de s\u00e9curit\u00e9, offrant une solution de chauffage s\u00fbre, pratique et tr\u00e8s efficace.   <\/p>\n<p><strong>UGS :<\/strong> RS-4022<br \/>\n<strong>EAN :<\/strong> 4963505711696<\/p>\n","protected":false},"featured_media":39590,"template":"","meta":{"_acf_changed":false,"_eb_attr":""},"product_brand":[],"product_cat":[5955],"product_tag":[],"class_list":{"0":"post-45345","1":"product","2":"type-product","3":"status-publish","4":"has-post-thumbnail","6":"product_cat-convecteurs-a-meche","8":"first","9":"instock","10":"taxable","11":"shipping-taxable","12":"product-type-simple"},"acf":[],"yoast_head":"<!-- This site is optimized with the Yoast SEO plugin v27.4 - https:\/\/yoast.com\/product\/yoast-seo-wordpress\/ -->\n<title>Zibro RS-4022 - Toyotomi<\/title>\n<meta name=\"robots\" content=\"index, follow, max-snippet:-1, max-image-preview:large, max-video-preview:-1\" \/>\n<link rel=\"canonical\" href=\"https:\/\/www.toyotomi.eu\/fr\/produit\/zibro-rs-4022\/\" \/>\n<meta property=\"og:locale\" content=\"fr_FR\" \/>\n<meta property=\"og:type\" content=\"article\" \/>\n<meta property=\"og:title\" content=\"Zibro RS-4022 - Toyotomi\" \/>\n<meta property=\"og:description\" content=\"Le po\u00eale \u00e0 m\u00e8che Toyotomi RS-4022 est dot\u00e9 d&#039;un br\u00fbleur unique avec une capacit\u00e9 de chauffage de 2,20 kW. Il fournit une chaleur propre, efficace et \u00e9conomique sans n\u00e9cessiter d&#039;installation. Son syst\u00e8me de combustion sans conduit ne n\u00e9cessite que quatre piles pour l&#039;allumage, ce qui le rend extr\u00eamement facile \u00e0 utiliser. Con\u00e7u pour chauffer des espaces jusqu&#039;\u00e0 80 m\u00b3, le RS-4022 est \u00e9quip\u00e9 de multiples dispositifs de s\u00e9curit\u00e9, offrant une solution de chauffage s\u00fbre, pratique et tr\u00e8s efficace.   UGS : RS-4022 EAN : 4963505711696\" \/>\n<meta property=\"og:url\" content=\"https:\/\/www.toyotomi.eu\/fr\/produit\/zibro-rs-4022\/\" \/>\n<meta property=\"og:site_name\" content=\"Toyotomi\" \/>\n<meta property=\"article:modified_time\" content=\"2026-01-20T07:51:08+00:00\" \/>\n<meta property=\"og:image\" content=\"https:\/\/www.toyotomi.eu\/wp-content\/uploads\/2020\/07\/Zibro-heater-RS-220.jpg\" \/>\n\t<meta property=\"og:image:width\" content=\"1000\" \/>\n\t<meta property=\"og:image:height\" content=\"1000\" \/>\n\t<meta property=\"og:image:type\" content=\"image\/jpeg\" \/>\n<meta name=\"twitter:card\" content=\"summary_large_image\" \/>\n<script type=\"application\/ld+json\" class=\"yoast-schema-graph\">{\"@context\":\"https:\\\/\\\/schema.org\",\"@graph\":[{\"@type\":\"WebPage\",\"@id\":\"https:\\\/\\\/www.toyotomi.eu\\\/fr\\\/produit\\\/zibro-rs-4022\\\/\",\"url\":\"https:\\\/\\\/www.toyotomi.eu\\\/fr\\\/produit\\\/zibro-rs-4022\\\/\",\"name\":\"Zibro RS-4022 - Toyotomi\",\"isPartOf\":{\"@id\":\"https:\\\/\\\/www.toyotomi.eu\\\/fr\\\/#website\"},\"primaryImageOfPage\":{\"@id\":\"https:\\\/\\\/www.toyotomi.eu\\\/fr\\\/produit\\\/zibro-rs-4022\\\/#primaryimage\"},\"image\":{\"@id\":\"https:\\\/\\\/www.toyotomi.eu\\\/fr\\\/produit\\\/zibro-rs-4022\\\/#primaryimage\"},\"thumbnailUrl\":\"https:\\\/\\\/www.toyotomi.eu\\\/wp-content\\\/uploads\\\/2020\\\/07\\\/Zibro-heater-RS-220.jpg\",\"datePublished\":\"2025-01-01T01:01:00+00:00\",\"dateModified\":\"2026-01-20T07:51:08+00:00\",\"breadcrumb\":{\"@id\":\"https:\\\/\\\/www.toyotomi.eu\\\/fr\\\/produit\\\/zibro-rs-4022\\\/#breadcrumb\"},\"inLanguage\":\"fr-FR\",\"potentialAction\":[{\"@type\":\"ReadAction\",\"target\":[\"https:\\\/\\\/www.toyotomi.eu\\\/fr\\\/produit\\\/zibro-rs-4022\\\/\"]}]},{\"@type\":\"ImageObject\",\"inLanguage\":\"fr-FR\",\"@id\":\"https:\\\/\\\/www.toyotomi.eu\\\/fr\\\/produit\\\/zibro-rs-4022\\\/#primaryimage\",\"url\":\"https:\\\/\\\/www.toyotomi.eu\\\/wp-content\\\/uploads\\\/2020\\\/07\\\/Zibro-heater-RS-220.jpg\",\"contentUrl\":\"https:\\\/\\\/www.toyotomi.eu\\\/wp-content\\\/uploads\\\/2020\\\/07\\\/Zibro-heater-RS-220.jpg\",\"width\":1000,\"height\":1000,\"caption\":\"Radiateur Zibro RS-220\"},{\"@type\":\"BreadcrumbList\",\"@id\":\"https:\\\/\\\/www.toyotomi.eu\\\/fr\\\/produit\\\/zibro-rs-4022\\\/#breadcrumb\",\"itemListElement\":[{\"@type\":\"ListItem\",\"position\":1,\"name\":\"Accueil\",\"item\":\"https:\\\/\\\/www.toyotomi.eu\\\/fr\\\/\"},{\"@type\":\"ListItem\",\"position\":2,\"name\":\"Tous les produits\",\"item\":\"https:\\\/\\\/www.toyotomi.eu\\\/fr\\\/tous-les-produits\\\/\"},{\"@type\":\"ListItem\",\"position\":3,\"name\":\"Zibro RS-4022\"}]},{\"@type\":\"WebSite\",\"@id\":\"https:\\\/\\\/www.toyotomi.eu\\\/fr\\\/#website\",\"url\":\"https:\\\/\\\/www.toyotomi.eu\\\/fr\\\/\",\"name\":\"Toyotomi\",\"description\":\"\",\"publisher\":{\"@id\":\"https:\\\/\\\/www.toyotomi.eu\\\/fr\\\/#organization\"},\"potentialAction\":[{\"@type\":\"SearchAction\",\"target\":{\"@type\":\"EntryPoint\",\"urlTemplate\":\"https:\\\/\\\/www.toyotomi.eu\\\/fr\\\/?s={search_term_string}\"},\"query-input\":{\"@type\":\"PropertyValueSpecification\",\"valueRequired\":true,\"valueName\":\"search_term_string\"}}],\"inLanguage\":\"fr-FR\"},{\"@type\":\"Organization\",\"@id\":\"https:\\\/\\\/www.toyotomi.eu\\\/fr\\\/#organization\",\"name\":\"Toyotomi Europe Sales B.V.\",\"alternateName\":\"Toyotomi\",\"url\":\"https:\\\/\\\/www.toyotomi.eu\\\/fr\\\/\",\"logo\":{\"@type\":\"ImageObject\",\"inLanguage\":\"fr-FR\",\"@id\":\"https:\\\/\\\/www.toyotomi.eu\\\/fr\\\/#\\\/schema\\\/logo\\\/image\\\/\",\"url\":\"https:\\\/\\\/www.toyotomi.eu\\\/wp-content\\\/uploads\\\/2025\\\/10\\\/logo.png\",\"contentUrl\":\"https:\\\/\\\/www.toyotomi.eu\\\/wp-content\\\/uploads\\\/2025\\\/10\\\/logo.png\",\"width\":1360,\"height\":304,\"caption\":\"Toyotomi Europe Sales B.V.\"},\"image\":{\"@id\":\"https:\\\/\\\/www.toyotomi.eu\\\/fr\\\/#\\\/schema\\\/logo\\\/image\\\/\"}}]}<\/script>\n<!-- \/ Yoast SEO plugin. -->","yoast_head_json":{"title":"Zibro RS-4022 - Toyotomi","robots":{"index":"index","follow":"follow","max-snippet":"max-snippet:-1","max-image-preview":"max-image-preview:large","max-video-preview":"max-video-preview:-1"},"canonical":"https:\/\/www.toyotomi.eu\/fr\/produit\/zibro-rs-4022\/","og_locale":"fr_FR","og_type":"article","og_title":"Zibro RS-4022 - Toyotomi","og_description":"Le po\u00eale \u00e0 m\u00e8che Toyotomi RS-4022 est dot\u00e9 d'un br\u00fbleur unique avec une capacit\u00e9 de chauffage de 2,20 kW. Il fournit une chaleur propre, efficace et \u00e9conomique sans n\u00e9cessiter d'installation. Son syst\u00e8me de combustion sans conduit ne n\u00e9cessite que quatre piles pour l'allumage, ce qui le rend extr\u00eamement facile \u00e0 utiliser. Con\u00e7u pour chauffer des espaces jusqu'\u00e0 80 m\u00b3, le RS-4022 est \u00e9quip\u00e9 de multiples dispositifs de s\u00e9curit\u00e9, offrant une solution de chauffage s\u00fbre, pratique et tr\u00e8s efficace.   UGS : RS-4022 EAN : 4963505711696","og_url":"https:\/\/www.toyotomi.eu\/fr\/produit\/zibro-rs-4022\/","og_site_name":"Toyotomi","article_modified_time":"2026-01-20T07:51:08+00:00","og_image":[{"width":1000,"height":1000,"url":"https:\/\/www.toyotomi.eu\/wp-content\/uploads\/2020\/07\/Zibro-heater-RS-220.jpg","type":"image\/jpeg"}],"twitter_card":"summary_large_image","schema":{"@context":"https:\/\/schema.org","@graph":[{"@type":"WebPage","@id":"https:\/\/www.toyotomi.eu\/fr\/produit\/zibro-rs-4022\/","url":"https:\/\/www.toyotomi.eu\/fr\/produit\/zibro-rs-4022\/","name":"Zibro RS-4022 - Toyotomi","isPartOf":{"@id":"https:\/\/www.toyotomi.eu\/fr\/#website"},"primaryImageOfPage":{"@id":"https:\/\/www.toyotomi.eu\/fr\/produit\/zibro-rs-4022\/#primaryimage"},"image":{"@id":"https:\/\/www.toyotomi.eu\/fr\/produit\/zibro-rs-4022\/#primaryimage"},"thumbnailUrl":"https:\/\/www.toyotomi.eu\/wp-content\/uploads\/2020\/07\/Zibro-heater-RS-220.jpg","datePublished":"2025-01-01T01:01:00+00:00","dateModified":"2026-01-20T07:51:08+00:00","breadcrumb":{"@id":"https:\/\/www.toyotomi.eu\/fr\/produit\/zibro-rs-4022\/#breadcrumb"},"inLanguage":"fr-FR","potentialAction":[{"@type":"ReadAction","target":["https:\/\/www.toyotomi.eu\/fr\/produit\/zibro-rs-4022\/"]}]},{"@type":"ImageObject","inLanguage":"fr-FR","@id":"https:\/\/www.toyotomi.eu\/fr\/produit\/zibro-rs-4022\/#primaryimage","url":"https:\/\/www.toyotomi.eu\/wp-content\/uploads\/2020\/07\/Zibro-heater-RS-220.jpg","contentUrl":"https:\/\/www.toyotomi.eu\/wp-content\/uploads\/2020\/07\/Zibro-heater-RS-220.jpg","width":1000,"height":1000,"caption":"Radiateur Zibro RS-220"},{"@type":"BreadcrumbList","@id":"https:\/\/www.toyotomi.eu\/fr\/produit\/zibro-rs-4022\/#breadcrumb","itemListElement":[{"@type":"ListItem","position":1,"name":"Accueil","item":"https:\/\/www.toyotomi.eu\/fr\/"},{"@type":"ListItem","position":2,"name":"Tous les produits","item":"https:\/\/www.toyotomi.eu\/fr\/tous-les-produits\/"},{"@type":"ListItem","position":3,"name":"Zibro RS-4022"}]},{"@type":"WebSite","@id":"https:\/\/www.toyotomi.eu\/fr\/#website","url":"https:\/\/www.toyotomi.eu\/fr\/","name":"Toyotomi","description":"","publisher":{"@id":"https:\/\/www.toyotomi.eu\/fr\/#organization"},"potentialAction":[{"@type":"SearchAction","target":{"@type":"EntryPoint","urlTemplate":"https:\/\/www.toyotomi.eu\/fr\/?s={search_term_string}"},"query-input":{"@type":"PropertyValueSpecification","valueRequired":true,"valueName":"search_term_string"}}],"inLanguage":"fr-FR"},{"@type":"Organization","@id":"https:\/\/www.toyotomi.eu\/fr\/#organization","name":"Toyotomi Europe Sales B.V.","alternateName":"Toyotomi","url":"https:\/\/www.toyotomi.eu\/fr\/","logo":{"@type":"ImageObject","inLanguage":"fr-FR","@id":"https:\/\/www.toyotomi.eu\/fr\/#\/schema\/logo\/image\/","url":"https:\/\/www.toyotomi.eu\/wp-content\/uploads\/2025\/10\/logo.png","contentUrl":"https:\/\/www.toyotomi.eu\/wp-content\/uploads\/2025\/10\/logo.png","width":1360,"height":304,"caption":"Toyotomi Europe Sales B.V."},"image":{"@id":"https:\/\/www.toyotomi.eu\/fr\/#\/schema\/logo\/image\/"}}]}},"_links":{"self":[{"href":"https:\/\/www.toyotomi.eu\/fr\/wp-json\/wp\/v2\/product\/45345","targetHints":{"allow":["GET"]}}],"collection":[{"href":"https:\/\/www.toyotomi.eu\/fr\/wp-json\/wp\/v2\/product"}],"about":[{"href":"https:\/\/www.toyotomi.eu\/fr\/wp-json\/wp\/v2\/types\/product"}],"wp:featuredmedia":[{"embeddable":true,"href":"https:\/\/www.toyotomi.eu\/fr\/wp-json\/wp\/v2\/media\/39590"}],"wp:attachment":[{"href":"https:\/\/www.toyotomi.eu\/fr\/wp-json\/wp\/v2\/media?parent=45345"}],"wp:term":[{"taxonomy":"product_brand","embeddable":true,"href":"https:\/\/www.toyotomi.eu\/fr\/wp-json\/wp\/v2\/product_brand?post=45345"},{"taxonomy":"product_cat","embeddable":true,"href":"https:\/\/www.toyotomi.eu\/fr\/wp-json\/wp\/v2\/product_cat?post=45345"},{"taxonomy":"product_tag","embeddable":true,"href":"https:\/\/www.toyotomi.eu\/fr\/wp-json\/wp\/v2\/product_tag?post=45345"}],"curies":[{"name":"wp","href":"https:\/\/api.w.org\/{rel}","templated":true}]}}