{"id":45325,"date":"2025-01-01T02:01:00","date_gmt":"2025-01-01T01:01:00","guid":{"rendered":"https:\/\/www.toyotomi.eu\/product\/kerosun-rs-220\/"},"modified":"2025-12-02T11:14:23","modified_gmt":"2025-12-02T11:14:23","slug":"kerosun-rs-220","status":"publish","type":"product","link":"https:\/\/www.toyotomi.eu\/fr\/produit\/kerosun-rs-220\/","title":{"rendered":"Kerosun RS-220"},"content":{"rendered":"","protected":false},"excerpt":{"rendered":"<p>Le radiateur \u00e0 m\u00e8che Kerosun mod\u00e8le RS-220 ne n\u00e9cessite ni installation ni raccordement de conduit, ce qui en fait une solution de chauffage mobile et autonome. Avec une puissance de chauffe de 2,2 kW, il peut chauffer des espaces de 35 \u00e0 80 m\u00b3 avec une autonomie allant jusqu&rsquo;\u00e0 17,5 heures. Son r\u00e9servoir amovible de 4 litres, son syst\u00e8me d&rsquo;allumage automatique et son contr\u00f4le de la qualit\u00e9 de l&rsquo;air par infrarouge CO\u2082 le rendent pratique et facile \u00e0 utiliser. \u00c9quip\u00e9 d&rsquo;un triple syst\u00e8me d&rsquo;arr\u00eat de s\u00e9curit\u00e9, d&rsquo;une plaque sup\u00e9rieure en verre tremp\u00e9 et d&rsquo;un filtre \u00e0 carburant pour une dur\u00e9e de vie prolong\u00e9e de la m\u00e8che, ce radiateur garantit un fonctionnement s\u00fbr, efficace et fiable. Fabriqu\u00e9 au Japon et certifi\u00e9 ISO, le RS-220 est une source de chaleur tr\u00e8s \u00e9conomique et durable.    <\/p>\n","protected":false},"featured_media":0,"template":"","meta":{"_acf_changed":false,"_eb_attr":""},"product_brand":[],"product_cat":[5955],"product_tag":[],"class_list":{"0":"post-45325","1":"product","2":"type-product","3":"status-publish","5":"product_cat-convecteurs-a-meche","7":"first","8":"instock","9":"taxable","10":"shipping-taxable","11":"product-type-simple"},"acf":[],"yoast_head":"<!-- This site is optimized with the Yoast SEO plugin v27.4 - https:\/\/yoast.com\/product\/yoast-seo-wordpress\/ -->\n<title>Kerosun RS-220 - Toyotomi<\/title>\n<meta name=\"robots\" content=\"index, follow, max-snippet:-1, max-image-preview:large, max-video-preview:-1\" \/>\n<link rel=\"canonical\" href=\"https:\/\/www.toyotomi.eu\/fr\/produit\/kerosun-rs-220\/\" \/>\n<meta property=\"og:locale\" content=\"fr_FR\" \/>\n<meta property=\"og:type\" content=\"article\" \/>\n<meta property=\"og:title\" content=\"Kerosun RS-220 - Toyotomi\" \/>\n<meta property=\"og:description\" content=\"Le radiateur \u00e0 m\u00e8che Kerosun mod\u00e8le RS-220 ne n\u00e9cessite ni installation ni raccordement de conduit, ce qui en fait une solution de chauffage mobile et autonome. Avec une puissance de chauffe de 2,2 kW, il peut chauffer des espaces de 35 \u00e0 80 m\u00b3 avec une autonomie allant jusqu&#039;\u00e0 17,5 heures. Son r\u00e9servoir amovible de 4 litres, son syst\u00e8me d&#039;allumage automatique et son contr\u00f4le de la qualit\u00e9 de l&#039;air par infrarouge CO\u2082 le rendent pratique et facile \u00e0 utiliser. \u00c9quip\u00e9 d&#039;un triple syst\u00e8me d&#039;arr\u00eat de s\u00e9curit\u00e9, d&#039;une plaque sup\u00e9rieure en verre tremp\u00e9 et d&#039;un filtre \u00e0 carburant pour une dur\u00e9e de vie prolong\u00e9e de la m\u00e8che, ce radiateur garantit un fonctionnement s\u00fbr, efficace et fiable. Fabriqu\u00e9 au Japon et certifi\u00e9 ISO, le RS-220 est une source de chaleur tr\u00e8s \u00e9conomique et durable.\" \/>\n<meta property=\"og:url\" content=\"https:\/\/www.toyotomi.eu\/fr\/produit\/kerosun-rs-220\/\" \/>\n<meta property=\"og:site_name\" content=\"Toyotomi\" \/>\n<meta property=\"article:modified_time\" content=\"2025-12-02T11:14:23+00:00\" \/>\n<meta property=\"og:image\" content=\"https:\/\/www.toyotomi.eu\/wp-content\/uploads\/2025\/10\/logo.png\" \/>\n\t<meta property=\"og:image:width\" content=\"1360\" \/>\n\t<meta property=\"og:image:height\" content=\"304\" \/>\n\t<meta property=\"og:image:type\" content=\"image\/png\" \/>\n<meta name=\"twitter:card\" content=\"summary_large_image\" \/>\n<script type=\"application\/ld+json\" class=\"yoast-schema-graph\">{\"@context\":\"https:\\\/\\\/schema.org\",\"@graph\":[{\"@type\":\"WebPage\",\"@id\":\"https:\\\/\\\/www.toyotomi.eu\\\/fr\\\/produit\\\/kerosun-rs-220\\\/\",\"url\":\"https:\\\/\\\/www.toyotomi.eu\\\/fr\\\/produit\\\/kerosun-rs-220\\\/\",\"name\":\"Kerosun RS-220 - Toyotomi\",\"isPartOf\":{\"@id\":\"https:\\\/\\\/www.toyotomi.eu\\\/fr\\\/#website\"},\"datePublished\":\"2025-01-01T01:01:00+00:00\",\"dateModified\":\"2025-12-02T11:14:23+00:00\",\"breadcrumb\":{\"@id\":\"https:\\\/\\\/www.toyotomi.eu\\\/fr\\\/produit\\\/kerosun-rs-220\\\/#breadcrumb\"},\"inLanguage\":\"fr-FR\",\"potentialAction\":[{\"@type\":\"ReadAction\",\"target\":[\"https:\\\/\\\/www.toyotomi.eu\\\/fr\\\/produit\\\/kerosun-rs-220\\\/\"]}]},{\"@type\":\"BreadcrumbList\",\"@id\":\"https:\\\/\\\/www.toyotomi.eu\\\/fr\\\/produit\\\/kerosun-rs-220\\\/#breadcrumb\",\"itemListElement\":[{\"@type\":\"ListItem\",\"position\":1,\"name\":\"Accueil\",\"item\":\"https:\\\/\\\/www.toyotomi.eu\\\/fr\\\/\"},{\"@type\":\"ListItem\",\"position\":2,\"name\":\"Tous les produits\",\"item\":\"https:\\\/\\\/www.toyotomi.eu\\\/fr\\\/tous-les-produits\\\/\"},{\"@type\":\"ListItem\",\"position\":3,\"name\":\"Kerosun RS-220\"}]},{\"@type\":\"WebSite\",\"@id\":\"https:\\\/\\\/www.toyotomi.eu\\\/fr\\\/#website\",\"url\":\"https:\\\/\\\/www.toyotomi.eu\\\/fr\\\/\",\"name\":\"Toyotomi\",\"description\":\"\",\"publisher\":{\"@id\":\"https:\\\/\\\/www.toyotomi.eu\\\/fr\\\/#organization\"},\"potentialAction\":[{\"@type\":\"SearchAction\",\"target\":{\"@type\":\"EntryPoint\",\"urlTemplate\":\"https:\\\/\\\/www.toyotomi.eu\\\/fr\\\/?s={search_term_string}\"},\"query-input\":{\"@type\":\"PropertyValueSpecification\",\"valueRequired\":true,\"valueName\":\"search_term_string\"}}],\"inLanguage\":\"fr-FR\"},{\"@type\":\"Organization\",\"@id\":\"https:\\\/\\\/www.toyotomi.eu\\\/fr\\\/#organization\",\"name\":\"Toyotomi Europe Sales B.V.\",\"alternateName\":\"Toyotomi\",\"url\":\"https:\\\/\\\/www.toyotomi.eu\\\/fr\\\/\",\"logo\":{\"@type\":\"ImageObject\",\"inLanguage\":\"fr-FR\",\"@id\":\"https:\\\/\\\/www.toyotomi.eu\\\/fr\\\/#\\\/schema\\\/logo\\\/image\\\/\",\"url\":\"https:\\\/\\\/www.toyotomi.eu\\\/wp-content\\\/uploads\\\/2025\\\/10\\\/logo.png\",\"contentUrl\":\"https:\\\/\\\/www.toyotomi.eu\\\/wp-content\\\/uploads\\\/2025\\\/10\\\/logo.png\",\"width\":1360,\"height\":304,\"caption\":\"Toyotomi Europe Sales B.V.\"},\"image\":{\"@id\":\"https:\\\/\\\/www.toyotomi.eu\\\/fr\\\/#\\\/schema\\\/logo\\\/image\\\/\"}}]}<\/script>\n<!-- \/ Yoast SEO plugin. -->","yoast_head_json":{"title":"Kerosun RS-220 - Toyotomi","robots":{"index":"index","follow":"follow","max-snippet":"max-snippet:-1","max-image-preview":"max-image-preview:large","max-video-preview":"max-video-preview:-1"},"canonical":"https:\/\/www.toyotomi.eu\/fr\/produit\/kerosun-rs-220\/","og_locale":"fr_FR","og_type":"article","og_title":"Kerosun RS-220 - Toyotomi","og_description":"Le radiateur \u00e0 m\u00e8che Kerosun mod\u00e8le RS-220 ne n\u00e9cessite ni installation ni raccordement de conduit, ce qui en fait une solution de chauffage mobile et autonome. Avec une puissance de chauffe de 2,2 kW, il peut chauffer des espaces de 35 \u00e0 80 m\u00b3 avec une autonomie allant jusqu'\u00e0 17,5 heures. Son r\u00e9servoir amovible de 4 litres, son syst\u00e8me d'allumage automatique et son contr\u00f4le de la qualit\u00e9 de l'air par infrarouge CO\u2082 le rendent pratique et facile \u00e0 utiliser. \u00c9quip\u00e9 d'un triple syst\u00e8me d'arr\u00eat de s\u00e9curit\u00e9, d'une plaque sup\u00e9rieure en verre tremp\u00e9 et d'un filtre \u00e0 carburant pour une dur\u00e9e de vie prolong\u00e9e de la m\u00e8che, ce radiateur garantit un fonctionnement s\u00fbr, efficace et fiable. Fabriqu\u00e9 au Japon et certifi\u00e9 ISO, le RS-220 est une source de chaleur tr\u00e8s \u00e9conomique et durable.","og_url":"https:\/\/www.toyotomi.eu\/fr\/produit\/kerosun-rs-220\/","og_site_name":"Toyotomi","article_modified_time":"2025-12-02T11:14:23+00:00","og_image":[{"width":1360,"height":304,"url":"https:\/\/www.toyotomi.eu\/wp-content\/uploads\/2025\/10\/logo.png","type":"image\/png"}],"twitter_card":"summary_large_image","schema":{"@context":"https:\/\/schema.org","@graph":[{"@type":"WebPage","@id":"https:\/\/www.toyotomi.eu\/fr\/produit\/kerosun-rs-220\/","url":"https:\/\/www.toyotomi.eu\/fr\/produit\/kerosun-rs-220\/","name":"Kerosun RS-220 - Toyotomi","isPartOf":{"@id":"https:\/\/www.toyotomi.eu\/fr\/#website"},"datePublished":"2025-01-01T01:01:00+00:00","dateModified":"2025-12-02T11:14:23+00:00","breadcrumb":{"@id":"https:\/\/www.toyotomi.eu\/fr\/produit\/kerosun-rs-220\/#breadcrumb"},"inLanguage":"fr-FR","potentialAction":[{"@type":"ReadAction","target":["https:\/\/www.toyotomi.eu\/fr\/produit\/kerosun-rs-220\/"]}]},{"@type":"BreadcrumbList","@id":"https:\/\/www.toyotomi.eu\/fr\/produit\/kerosun-rs-220\/#breadcrumb","itemListElement":[{"@type":"ListItem","position":1,"name":"Accueil","item":"https:\/\/www.toyotomi.eu\/fr\/"},{"@type":"ListItem","position":2,"name":"Tous les produits","item":"https:\/\/www.toyotomi.eu\/fr\/tous-les-produits\/"},{"@type":"ListItem","position":3,"name":"Kerosun RS-220"}]},{"@type":"WebSite","@id":"https:\/\/www.toyotomi.eu\/fr\/#website","url":"https:\/\/www.toyotomi.eu\/fr\/","name":"Toyotomi","description":"","publisher":{"@id":"https:\/\/www.toyotomi.eu\/fr\/#organization"},"potentialAction":[{"@type":"SearchAction","target":{"@type":"EntryPoint","urlTemplate":"https:\/\/www.toyotomi.eu\/fr\/?s={search_term_string}"},"query-input":{"@type":"PropertyValueSpecification","valueRequired":true,"valueName":"search_term_string"}}],"inLanguage":"fr-FR"},{"@type":"Organization","@id":"https:\/\/www.toyotomi.eu\/fr\/#organization","name":"Toyotomi Europe Sales B.V.","alternateName":"Toyotomi","url":"https:\/\/www.toyotomi.eu\/fr\/","logo":{"@type":"ImageObject","inLanguage":"fr-FR","@id":"https:\/\/www.toyotomi.eu\/fr\/#\/schema\/logo\/image\/","url":"https:\/\/www.toyotomi.eu\/wp-content\/uploads\/2025\/10\/logo.png","contentUrl":"https:\/\/www.toyotomi.eu\/wp-content\/uploads\/2025\/10\/logo.png","width":1360,"height":304,"caption":"Toyotomi Europe Sales B.V."},"image":{"@id":"https:\/\/www.toyotomi.eu\/fr\/#\/schema\/logo\/image\/"}}]}},"_links":{"self":[{"href":"https:\/\/www.toyotomi.eu\/fr\/wp-json\/wp\/v2\/product\/45325","targetHints":{"allow":["GET"]}}],"collection":[{"href":"https:\/\/www.toyotomi.eu\/fr\/wp-json\/wp\/v2\/product"}],"about":[{"href":"https:\/\/www.toyotomi.eu\/fr\/wp-json\/wp\/v2\/types\/product"}],"wp:attachment":[{"href":"https:\/\/www.toyotomi.eu\/fr\/wp-json\/wp\/v2\/media?parent=45325"}],"wp:term":[{"taxonomy":"product_brand","embeddable":true,"href":"https:\/\/www.toyotomi.eu\/fr\/wp-json\/wp\/v2\/product_brand?post=45325"},{"taxonomy":"product_cat","embeddable":true,"href":"https:\/\/www.toyotomi.eu\/fr\/wp-json\/wp\/v2\/product_cat?post=45325"},{"taxonomy":"product_tag","embeddable":true,"href":"https:\/\/www.toyotomi.eu\/fr\/wp-json\/wp\/v2\/product_tag?post=45325"}],"curies":[{"name":"wp","href":"https:\/\/api.w.org\/{rel}","templated":true}]}}