{"id":45305,"date":"2025-01-01T02:01:00","date_gmt":"2025-01-01T01:01:00","guid":{"rendered":"https:\/\/www.toyotomi.eu\/product\/toyotomi-power-20l\/"},"modified":"2025-12-11T23:53:00","modified_gmt":"2025-12-11T23:53:00","slug":"toyotomi-power-20l","status":"publish","type":"product","link":"https:\/\/www.toyotomi.eu\/fr\/produit\/toyotomi-power-20l\/","title":{"rendered":"TOYOTOMI POWER 20L"},"content":{"rendered":"\n<div class=\"wp-block-essential-blocks-wrapper alignfull  root-eb-wrapper-kiu5m\"><div class=\"eb-parent-wrapper eb-parent-eb-wrapper-kiu5m \"><div class=\"eb-wrapper-outer eb-wrapper-kiu5m\"><div class=\"eb-wrapper-inner\"><div class=\"eb-wrapper-inner-blocks eb-wrapper-align-center\">\n<div class=\"wp-block-essential-blocks-row alignfull  root-eb-row-vp5zx\"><div class=\"eb-parent-wrapper eb-parent-eb-row-vp5zx \"><div class=\"eb-row-root-container eb-row-vp5zx\" data-id=\"eb-row-vp5zx\"><div class=\"eb-row-wrapper\"><div class=\"eb-row-inner\">\n<div class=\"wp-block-essential-blocks-column  root-eb-column-wbb44\"><div class=\"eb-parent-wrapper eb-parent-eb-column-wbb44 \"><div class=\"eb-column-wrapper eb-column-wbb44\"><div class=\"eb-column-inner\">\n<h2 class=\"wp-block-heading has-text-align-left\"><strong>Toyotomi POWER<\/strong><\/h2>\n\n\n\n<p>Le carburant Toyotomi POWER se distingue des carburants comparables par les caract\u00e9ristiques suivantes :<\/p>\n\n\n\n<ul class=\"wp-block-list\">\n<li>La formule sp\u00e9ciale \u00ab pure \u00bb, gr\u00e2ce \u00e0 sa faible teneur en aromatiques (0,007 %) : r\u00e9duit les odeurs lors de l&rsquo;allumage et de l&rsquo;extinction.<\/li>\n\n\n\n<li>La valeur calorifique sup\u00e9rieure \u00e0 11 400 Kcal par kg garantit un rendement \u00e9lev\u00e9 ainsi qu&rsquo;une stabilit\u00e9 de la flamme et l&rsquo;absence de mati\u00e8res non br\u00fbl\u00e9es.<\/li>\n\n\n\n<li>La teneur en mati\u00e8res non volatiles de seulement 0,0000006 % \u00e9limine les r\u00e9sidus de post-combustion, maintient le br\u00fbleur propre et \u00e9limine le besoin d&rsquo;entretien.<\/li>\n\n\n\n<li>Les bidons Toyotomi sont fabriqu\u00e9s en PET, un mat\u00e9riau 100 % recyclable et r\u00e9utilisable. Une fois recycl\u00e9, il peut donner vie \u00e0 de nombreux nouveaux objets, tout en garantissant la qualit\u00e9 et la puret\u00e9 du compos\u00e9. <\/li>\n\n\n\n<li>Recommand\u00e9 par Toyotomi, le premier fabricant mondial de chauffages \u00e0 combustible depuis plus de 75 ans.<\/li>\n\n\n\n<li>Collectez des points de fid\u00e9lit\u00e9 et d\u00e9couvrez comment prolonger la garantie de votre chauffage produit par les marques Toyotomi : &lsquo;Toyotomi&rsquo; et &lsquo;Zibro&rsquo;.<\/li>\n<\/ul>\n<\/div><\/div><\/div><\/div>\n<\/div><\/div><\/div><\/div><\/div>\n<\/div><\/div><\/div><\/div><\/div>\n","protected":false},"excerpt":{"rendered":"<p>Toyotomi POWER est un carburant \u00ab pur \u00bb, propos\u00e9 \u00e0 un prix imbattable en combinaison avec des performances optimales. Gr\u00e2ce \u00e0 une faible teneur en aromatiques, l&rsquo;odeur est r\u00e9duite \u00e0 l&rsquo;allumage et \u00e0 l&rsquo;arr\u00eat, le carburant garantit un rendement \u00e9lev\u00e9 gr\u00e2ce \u00e0 un pouvoir calorifique sup\u00e9rieur \u00e0 11 400 Kcal\/kg. <\/p>\n","protected":false},"featured_media":62472,"template":"","meta":{"_acf_changed":false,"_eb_attr":""},"product_brand":[],"product_cat":[5958],"product_tag":[],"class_list":{"0":"post-45305","1":"product","2":"type-product","3":"status-publish","4":"has-post-thumbnail","6":"product_cat-combustible-fr","8":"first","9":"instock","10":"taxable","11":"shipping-taxable","12":"product-type-simple"},"acf":[],"yoast_head":"<!-- This site is optimized with the Yoast SEO plugin v27.4 - https:\/\/yoast.com\/product\/yoast-seo-wordpress\/ -->\n<title>TOYOTOMI POWER 20L - Toyotomi<\/title>\n<meta name=\"robots\" content=\"index, follow, max-snippet:-1, max-image-preview:large, max-video-preview:-1\" \/>\n<link rel=\"canonical\" href=\"https:\/\/www.toyotomi.eu\/fr\/produit\/toyotomi-power-20l\/\" \/>\n<meta property=\"og:locale\" content=\"fr_FR\" \/>\n<meta property=\"og:type\" content=\"article\" \/>\n<meta property=\"og:title\" content=\"TOYOTOMI POWER 20L - Toyotomi\" \/>\n<meta property=\"og:description\" content=\"Toyotomi POWER est un carburant \u00ab pur \u00bb, propos\u00e9 \u00e0 un prix imbattable en combinaison avec des performances optimales. Gr\u00e2ce \u00e0 une faible teneur en aromatiques, l&#039;odeur est r\u00e9duite \u00e0 l&#039;allumage et \u00e0 l&#039;arr\u00eat, le carburant garantit un rendement \u00e9lev\u00e9 gr\u00e2ce \u00e0 un pouvoir calorifique sup\u00e9rieur \u00e0 11 400 Kcal\/kg.\" \/>\n<meta property=\"og:url\" content=\"https:\/\/www.toyotomi.eu\/fr\/produit\/toyotomi-power-20l\/\" \/>\n<meta property=\"og:site_name\" content=\"Toyotomi\" \/>\n<meta property=\"article:modified_time\" content=\"2025-12-11T23:53:00+00:00\" \/>\n<meta property=\"og:image\" content=\"https:\/\/www.toyotomi.eu\/wp-content\/uploads\/2025\/01\/20L_POWER_ES_2560x2560-1920x1920.png\" \/>\n\t<meta property=\"og:image:width\" content=\"1920\" \/>\n\t<meta property=\"og:image:height\" content=\"1920\" \/>\n\t<meta property=\"og:image:type\" content=\"image\/png\" \/>\n<meta name=\"twitter:card\" content=\"summary_large_image\" \/>\n<script type=\"application\/ld+json\" class=\"yoast-schema-graph\">{\"@context\":\"https:\\\/\\\/schema.org\",\"@graph\":[{\"@type\":\"WebPage\",\"@id\":\"https:\\\/\\\/www.toyotomi.eu\\\/fr\\\/produit\\\/toyotomi-power-20l\\\/\",\"url\":\"https:\\\/\\\/www.toyotomi.eu\\\/fr\\\/produit\\\/toyotomi-power-20l\\\/\",\"name\":\"TOYOTOMI POWER 20L - Toyotomi\",\"isPartOf\":{\"@id\":\"https:\\\/\\\/www.toyotomi.eu\\\/fr\\\/#website\"},\"primaryImageOfPage\":{\"@id\":\"https:\\\/\\\/www.toyotomi.eu\\\/fr\\\/produit\\\/toyotomi-power-20l\\\/#primaryimage\"},\"image\":{\"@id\":\"https:\\\/\\\/www.toyotomi.eu\\\/fr\\\/produit\\\/toyotomi-power-20l\\\/#primaryimage\"},\"thumbnailUrl\":\"https:\\\/\\\/www.toyotomi.eu\\\/wp-content\\\/uploads\\\/2026\\\/03\\\/PIC_TOYOTOMI-POWER-20L_2560x2560.png\",\"datePublished\":\"2025-01-01T01:01:00+00:00\",\"dateModified\":\"2025-12-11T23:53:00+00:00\",\"breadcrumb\":{\"@id\":\"https:\\\/\\\/www.toyotomi.eu\\\/fr\\\/produit\\\/toyotomi-power-20l\\\/#breadcrumb\"},\"inLanguage\":\"fr-FR\",\"potentialAction\":[{\"@type\":\"ReadAction\",\"target\":[\"https:\\\/\\\/www.toyotomi.eu\\\/fr\\\/produit\\\/toyotomi-power-20l\\\/\"]}]},{\"@type\":\"ImageObject\",\"inLanguage\":\"fr-FR\",\"@id\":\"https:\\\/\\\/www.toyotomi.eu\\\/fr\\\/produit\\\/toyotomi-power-20l\\\/#primaryimage\",\"url\":\"https:\\\/\\\/www.toyotomi.eu\\\/wp-content\\\/uploads\\\/2026\\\/03\\\/PIC_TOYOTOMI-POWER-20L_2560x2560.png\",\"contentUrl\":\"https:\\\/\\\/www.toyotomi.eu\\\/wp-content\\\/uploads\\\/2026\\\/03\\\/PIC_TOYOTOMI-POWER-20L_2560x2560.png\",\"width\":2560,\"height\":2560,\"caption\":\"Red Toyotomi fuel container designed for portable heaters, featuring a clear label and secure cap.\"},{\"@type\":\"BreadcrumbList\",\"@id\":\"https:\\\/\\\/www.toyotomi.eu\\\/fr\\\/produit\\\/toyotomi-power-20l\\\/#breadcrumb\",\"itemListElement\":[{\"@type\":\"ListItem\",\"position\":1,\"name\":\"Accueil\",\"item\":\"https:\\\/\\\/www.toyotomi.eu\\\/fr\\\/\"},{\"@type\":\"ListItem\",\"position\":2,\"name\":\"Tous les produits\",\"item\":\"https:\\\/\\\/www.toyotomi.eu\\\/fr\\\/tous-les-produits\\\/\"},{\"@type\":\"ListItem\",\"position\":3,\"name\":\"TOYOTOMI POWER 20L\"}]},{\"@type\":\"WebSite\",\"@id\":\"https:\\\/\\\/www.toyotomi.eu\\\/fr\\\/#website\",\"url\":\"https:\\\/\\\/www.toyotomi.eu\\\/fr\\\/\",\"name\":\"Toyotomi\",\"description\":\"\",\"publisher\":{\"@id\":\"https:\\\/\\\/www.toyotomi.eu\\\/fr\\\/#organization\"},\"potentialAction\":[{\"@type\":\"SearchAction\",\"target\":{\"@type\":\"EntryPoint\",\"urlTemplate\":\"https:\\\/\\\/www.toyotomi.eu\\\/fr\\\/?s={search_term_string}\"},\"query-input\":{\"@type\":\"PropertyValueSpecification\",\"valueRequired\":true,\"valueName\":\"search_term_string\"}}],\"inLanguage\":\"fr-FR\"},{\"@type\":\"Organization\",\"@id\":\"https:\\\/\\\/www.toyotomi.eu\\\/fr\\\/#organization\",\"name\":\"Toyotomi Europe Sales B.V.\",\"alternateName\":\"Toyotomi\",\"url\":\"https:\\\/\\\/www.toyotomi.eu\\\/fr\\\/\",\"logo\":{\"@type\":\"ImageObject\",\"inLanguage\":\"fr-FR\",\"@id\":\"https:\\\/\\\/www.toyotomi.eu\\\/fr\\\/#\\\/schema\\\/logo\\\/image\\\/\",\"url\":\"https:\\\/\\\/www.toyotomi.eu\\\/wp-content\\\/uploads\\\/2025\\\/10\\\/logo.png\",\"contentUrl\":\"https:\\\/\\\/www.toyotomi.eu\\\/wp-content\\\/uploads\\\/2025\\\/10\\\/logo.png\",\"width\":1360,\"height\":304,\"caption\":\"Toyotomi Europe Sales B.V.\"},\"image\":{\"@id\":\"https:\\\/\\\/www.toyotomi.eu\\\/fr\\\/#\\\/schema\\\/logo\\\/image\\\/\"}}]}<\/script>\n<!-- \/ Yoast SEO plugin. -->","yoast_head_json":{"title":"TOYOTOMI POWER 20L - Toyotomi","robots":{"index":"index","follow":"follow","max-snippet":"max-snippet:-1","max-image-preview":"max-image-preview:large","max-video-preview":"max-video-preview:-1"},"canonical":"https:\/\/www.toyotomi.eu\/fr\/produit\/toyotomi-power-20l\/","og_locale":"fr_FR","og_type":"article","og_title":"TOYOTOMI POWER 20L - Toyotomi","og_description":"Toyotomi POWER est un carburant \u00ab pur \u00bb, propos\u00e9 \u00e0 un prix imbattable en combinaison avec des performances optimales. Gr\u00e2ce \u00e0 une faible teneur en aromatiques, l'odeur est r\u00e9duite \u00e0 l'allumage et \u00e0 l'arr\u00eat, le carburant garantit un rendement \u00e9lev\u00e9 gr\u00e2ce \u00e0 un pouvoir calorifique sup\u00e9rieur \u00e0 11 400 Kcal\/kg.","og_url":"https:\/\/www.toyotomi.eu\/fr\/produit\/toyotomi-power-20l\/","og_site_name":"Toyotomi","article_modified_time":"2025-12-11T23:53:00+00:00","og_image":[{"width":1920,"height":1920,"url":"https:\/\/www.toyotomi.eu\/wp-content\/uploads\/2025\/01\/20L_POWER_ES_2560x2560-1920x1920.png","type":"image\/png"}],"twitter_card":"summary_large_image","schema":{"@context":"https:\/\/schema.org","@graph":[{"@type":"WebPage","@id":"https:\/\/www.toyotomi.eu\/fr\/produit\/toyotomi-power-20l\/","url":"https:\/\/www.toyotomi.eu\/fr\/produit\/toyotomi-power-20l\/","name":"TOYOTOMI POWER 20L - Toyotomi","isPartOf":{"@id":"https:\/\/www.toyotomi.eu\/fr\/#website"},"primaryImageOfPage":{"@id":"https:\/\/www.toyotomi.eu\/fr\/produit\/toyotomi-power-20l\/#primaryimage"},"image":{"@id":"https:\/\/www.toyotomi.eu\/fr\/produit\/toyotomi-power-20l\/#primaryimage"},"thumbnailUrl":"https:\/\/www.toyotomi.eu\/wp-content\/uploads\/2026\/03\/PIC_TOYOTOMI-POWER-20L_2560x2560.png","datePublished":"2025-01-01T01:01:00+00:00","dateModified":"2025-12-11T23:53:00+00:00","breadcrumb":{"@id":"https:\/\/www.toyotomi.eu\/fr\/produit\/toyotomi-power-20l\/#breadcrumb"},"inLanguage":"fr-FR","potentialAction":[{"@type":"ReadAction","target":["https:\/\/www.toyotomi.eu\/fr\/produit\/toyotomi-power-20l\/"]}]},{"@type":"ImageObject","inLanguage":"fr-FR","@id":"https:\/\/www.toyotomi.eu\/fr\/produit\/toyotomi-power-20l\/#primaryimage","url":"https:\/\/www.toyotomi.eu\/wp-content\/uploads\/2026\/03\/PIC_TOYOTOMI-POWER-20L_2560x2560.png","contentUrl":"https:\/\/www.toyotomi.eu\/wp-content\/uploads\/2026\/03\/PIC_TOYOTOMI-POWER-20L_2560x2560.png","width":2560,"height":2560,"caption":"Red Toyotomi fuel container designed for portable heaters, featuring a clear label and secure cap."},{"@type":"BreadcrumbList","@id":"https:\/\/www.toyotomi.eu\/fr\/produit\/toyotomi-power-20l\/#breadcrumb","itemListElement":[{"@type":"ListItem","position":1,"name":"Accueil","item":"https:\/\/www.toyotomi.eu\/fr\/"},{"@type":"ListItem","position":2,"name":"Tous les produits","item":"https:\/\/www.toyotomi.eu\/fr\/tous-les-produits\/"},{"@type":"ListItem","position":3,"name":"TOYOTOMI POWER 20L"}]},{"@type":"WebSite","@id":"https:\/\/www.toyotomi.eu\/fr\/#website","url":"https:\/\/www.toyotomi.eu\/fr\/","name":"Toyotomi","description":"","publisher":{"@id":"https:\/\/www.toyotomi.eu\/fr\/#organization"},"potentialAction":[{"@type":"SearchAction","target":{"@type":"EntryPoint","urlTemplate":"https:\/\/www.toyotomi.eu\/fr\/?s={search_term_string}"},"query-input":{"@type":"PropertyValueSpecification","valueRequired":true,"valueName":"search_term_string"}}],"inLanguage":"fr-FR"},{"@type":"Organization","@id":"https:\/\/www.toyotomi.eu\/fr\/#organization","name":"Toyotomi Europe Sales B.V.","alternateName":"Toyotomi","url":"https:\/\/www.toyotomi.eu\/fr\/","logo":{"@type":"ImageObject","inLanguage":"fr-FR","@id":"https:\/\/www.toyotomi.eu\/fr\/#\/schema\/logo\/image\/","url":"https:\/\/www.toyotomi.eu\/wp-content\/uploads\/2025\/10\/logo.png","contentUrl":"https:\/\/www.toyotomi.eu\/wp-content\/uploads\/2025\/10\/logo.png","width":1360,"height":304,"caption":"Toyotomi Europe Sales B.V."},"image":{"@id":"https:\/\/www.toyotomi.eu\/fr\/#\/schema\/logo\/image\/"}}]}},"_links":{"self":[{"href":"https:\/\/www.toyotomi.eu\/fr\/wp-json\/wp\/v2\/product\/45305","targetHints":{"allow":["GET"]}}],"collection":[{"href":"https:\/\/www.toyotomi.eu\/fr\/wp-json\/wp\/v2\/product"}],"about":[{"href":"https:\/\/www.toyotomi.eu\/fr\/wp-json\/wp\/v2\/types\/product"}],"wp:featuredmedia":[{"embeddable":true,"href":"https:\/\/www.toyotomi.eu\/fr\/wp-json\/wp\/v2\/media\/62472"}],"wp:attachment":[{"href":"https:\/\/www.toyotomi.eu\/fr\/wp-json\/wp\/v2\/media?parent=45305"}],"wp:term":[{"taxonomy":"product_brand","embeddable":true,"href":"https:\/\/www.toyotomi.eu\/fr\/wp-json\/wp\/v2\/product_brand?post=45305"},{"taxonomy":"product_cat","embeddable":true,"href":"https:\/\/www.toyotomi.eu\/fr\/wp-json\/wp\/v2\/product_cat?post=45305"},{"taxonomy":"product_tag","embeddable":true,"href":"https:\/\/www.toyotomi.eu\/fr\/wp-json\/wp\/v2\/product_tag?post=45305"}],"curies":[{"name":"wp","href":"https:\/\/api.w.org\/{rel}","templated":true}]}}