{"id":45297,"date":"2025-01-01T02:01:00","date_gmt":"2025-01-01T01:01:00","guid":{"rendered":"https:\/\/www.toyotomi.eu\/product\/toyotomi-td-zb80\/"},"modified":"2025-12-18T00:56:34","modified_gmt":"2025-12-18T00:56:34","slug":"toyotomi-td-zb80","status":"publish","type":"product","link":"https:\/\/www.toyotomi.eu\/fr\/produit\/toyotomi-td-zb80\/","title":{"rendered":"Toyotomi TD-ZB80"},"content":{"rendered":"\n<div class=\"wp-block-cover is-light\" style=\"border-radius:10px;min-height:600px;aspect-ratio:unset;\"><img loading=\"lazy\" decoding=\"async\" width=\"1920\" height=\"1400\" class=\"wp-block-cover__image-background wp-image-54965 size-full\" alt=\"\" src=\"https:\/\/www.toyotomi.eu\/wp-content\/uploads\/2025\/01\/Toyotomi-TD-ZB80-banner.jpg\" style=\"object-position:80% 40%\" data-object-fit=\"cover\" data-object-position=\"80% 40%\" srcset=\"https:\/\/www.toyotomi.eu\/wp-content\/uploads\/2025\/01\/Toyotomi-TD-ZB80-banner.jpg 1920w, https:\/\/www.toyotomi.eu\/wp-content\/uploads\/2025\/01\/Toyotomi-TD-ZB80-banner-1024x747.jpg 1024w, https:\/\/www.toyotomi.eu\/wp-content\/uploads\/2025\/01\/Toyotomi-TD-ZB80-banner-768x560.jpg 768w, https:\/\/www.toyotomi.eu\/wp-content\/uploads\/2025\/01\/Toyotomi-TD-ZB80-banner-1536x1120.jpg 1536w, https:\/\/www.toyotomi.eu\/wp-content\/uploads\/2025\/01\/Toyotomi-TD-ZB80-banner-990x722.jpg 990w, https:\/\/www.toyotomi.eu\/wp-content\/uploads\/2025\/01\/Toyotomi-TD-ZB80-banner-441x322.jpg 441w, https:\/\/www.toyotomi.eu\/wp-content\/uploads\/2025\/01\/Toyotomi-TD-ZB80-banner-150x109.jpg 150w\" sizes=\"auto, (max-width: 1920px) 100vw, 1920px\" \/><span aria-hidden=\"true\" class=\"wp-block-cover__background has-background-dim-0 has-background-dim\" style=\"background-color:#efeef0\"><\/span><div class=\"wp-block-cover__inner-container has-global-padding is-layout-constrained wp-block-cover-is-layout-constrained\">\n<p class=\"has-text-align-center has-large-font-size\"><\/p>\n<\/div><\/div>\n\n<div style=\"height:40px\" aria-hidden=\"true\" class=\"wp-block-spacer\"><\/div>\n\n<div class=\"wp-block-essential-blocks-wrapper alignfull  root-eb-wrapper-kiu5m\"><div class=\"eb-parent-wrapper eb-parent-eb-wrapper-kiu5m \"><div class=\"eb-wrapper-outer eb-wrapper-kiu5m\"><div class=\"eb-wrapper-inner\"><div class=\"eb-wrapper-inner-blocks eb-wrapper-align-center\">\n<div class=\"wp-block-essential-blocks-row alignfull  root-eb-row-vp5zx\"><div class=\"eb-parent-wrapper eb-parent-eb-row-vp5zx \"><div class=\"eb-row-root-container eb-row-vp5zx\" data-id=\"eb-row-vp5zx\"><div class=\"eb-row-wrapper\"><div class=\"eb-row-inner\">\n<div class=\"wp-block-essential-blocks-column  root-eb-column-wbb44\"><div class=\"eb-parent-wrapper eb-parent-eb-column-wbb44 \"><div class=\"eb-column-wrapper eb-column-wbb44\"><div class=\"eb-column-inner\">\n<h2 class=\"wp-block-heading has-text-align-left has-x-large-font-size\">D\u00e9shumidificateur portable <strong>Toyotomi TD-ZB80<\/strong><\/h2>\n\n\n\n<p>Le d\u00e9shumidificateur TD-ZB80 de Toyotomi offre des performances optimales lorsque la temp\u00e9rature avoisine les 20 \u00b0C. Dans ces conditions, l&rsquo;appareil peut absorber jusqu&rsquo;\u00e0 8 litres d&rsquo;humidit\u00e9 de l&rsquo;air. La capacit\u00e9 du r\u00e9servoir de 4,0 litres garantit que le d\u00e9shumidificateur peut fonctionner pendant une p\u00e9riode suffisamment longue sans intervention. De plus, l&rsquo;appareil cesse de fonctionner une fois que le r\u00e9servoir d&rsquo;eau est plein et en informe l&rsquo;utilisateur. Ce d\u00e9shumidificateur \u00e0 dessiccant sera plus performant qu&rsquo;un d\u00e9shumidificateur \u00e0 compresseur dans toutes les conditions o\u00f9 la temp\u00e9rature est inf\u00e9rieure \u00e0 20 \u00b0C.    <\/p>\n\n\n\n<p>Le d\u00e9shumidificateur est dot\u00e9 d&rsquo;un \u00e9cran tactile facile d&rsquo;acc\u00e8s pour commander toutes les fonctions. La sortie d&rsquo;air sup\u00e9rieure \u00e0 persiennes fait de ce d\u00e9shumidificateur une solution id\u00e9ale pour s\u00e9cher votre linge. Le design est \u00e0 la fois \u00ab esth\u00e9tique \u00bb et \u00ab moderne \u00bb, et le poids de ce d\u00e9shumidificateur est l\u00e9ger (8,3 kg). Par cons\u00e9quent, cela garantit que le d\u00e9shumidificateur peut \u00eatre utilis\u00e9 partout o\u00f9 il r\u00e9pond le mieux \u00e0 vos besoins.   <\/p>\n\n\n\n<p>Le d\u00e9shumidificateur Toyotomi TD-ZB80 ne contient aucun r\u00e9frig\u00e9rant, ce qui r\u00e9duit son impact potentiel sur l&rsquo;environnement. La technique innovante de d\u00e9shydratation s&rsquo;inscrit parfaitement dans les objectifs de durabilit\u00e9 de Toyotomi. Afin de garantir un confort maximal et une consommation d&rsquo;\u00e9nergie minimale, le fonctionnement automatique permet \u00e0 l&rsquo;appareil de ne fonctionner que lorsque cela est n\u00e9cessaire.  <\/p>\n<\/div><\/div><\/div><\/div>\n<\/div><\/div><\/div><\/div><\/div>\n<\/div><\/div><\/div><\/div><\/div>\n\n<div style=\"height:40px\" aria-hidden=\"true\" class=\"wp-block-spacer\"><\/div>\n\n<div class=\"wp-block-essential-blocks-wrapper alignfull  root-eb-wrapper-0pft6\"><div class=\"eb-parent-wrapper eb-parent-eb-wrapper-0pft6 \"><div class=\"eb-wrapper-outer eb-wrapper-0pft6\"><div class=\"eb-wrapper-inner\"><div class=\"eb-wrapper-inner-blocks eb-wrapper-align-center\">\n<div class=\"wp-block-essential-blocks-row alignfull  root-eb-row-htqol\"><div class=\"eb-parent-wrapper eb-parent-eb-row-htqol \"><div class=\"eb-row-root-container eb-row-htqol\" data-id=\"eb-row-htqol\"><div class=\"eb-row-wrapper\"><div class=\"eb-row-inner\">\n<div class=\"wp-block-essential-blocks-column  root-eb-column-eoyr7\"><div class=\"eb-parent-wrapper eb-parent-eb-column-eoyr7 \"><div class=\"eb-column-wrapper eb-column-eoyr7\"><div class=\"eb-column-inner\">\n<h2 class=\"wp-block-heading has-text-align-center has-xxx-large-font-size\">Fonctions principales<\/h2>\n<\/div><\/div><\/div><\/div>\n<\/div><\/div><\/div><\/div><\/div>\n<\/div><\/div><\/div><\/div><\/div>\n\n<div class=\"wp-block-essential-blocks-wrapper alignfull  root-eb-wrapper-ug9mx\"><div class=\"eb-parent-wrapper eb-parent-eb-wrapper-ug9mx \"><div class=\"eb-wrapper-outer eb-wrapper-ug9mx\"><div class=\"eb-wrapper-inner\"><div class=\"eb-wrapper-inner-blocks eb-wrapper-align-center\">\n<div class=\"wp-block-essential-blocks-row alignfull  root-eb-row-ibpr3\"><div class=\"eb-parent-wrapper eb-parent-eb-row-ibpr3 \"><div class=\"eb-row-root-container eb-row-ibpr3\" data-id=\"eb-row-ibpr3\"><div class=\"eb-row-wrapper\"><div class=\"eb-row-inner\">\n<div class=\"wp-block-essential-blocks-column  root-eb-column-ssjdl\"><div class=\"eb-parent-wrapper eb-parent-eb-column-ssjdl \"><div class=\"eb-column-wrapper eb-column-ssjdl\"><div class=\"eb-column-inner\">\n<figure class=\"wp-block-image size-full is-resized\"><img loading=\"lazy\" decoding=\"async\" width=\"354\" height=\"354\" src=\"https:\/\/www.toyotomi.eu\/wp-content\/uploads\/2025\/12\/TOYO_Icon_Automatic_Restart.png\" alt=\"\" class=\"wp-image-54798\" style=\"object-fit:cover;width:50px;height:50px\" srcset=\"https:\/\/www.toyotomi.eu\/wp-content\/uploads\/2025\/12\/TOYO_Icon_Automatic_Restart.png 354w, https:\/\/www.toyotomi.eu\/wp-content\/uploads\/2025\/12\/TOYO_Icon_Automatic_Restart-300x300.png 300w, https:\/\/www.toyotomi.eu\/wp-content\/uploads\/2025\/12\/TOYO_Icon_Automatic_Restart-100x100.png 100w, https:\/\/www.toyotomi.eu\/wp-content\/uploads\/2025\/12\/TOYO_Icon_Automatic_Restart-150x150.png 150w\" sizes=\"auto, (max-width: 354px) 100vw, 354px\" \/><\/figure>\n\n\n\n<h3 class=\"wp-block-heading\">Fonctionnement automatique<\/h3>\n\n\n\n<p>Le capteur d&rsquo;humidit\u00e9 contr\u00f4le automatiquement l&rsquo;humidit\u00e9 de la pi\u00e8ce de 45 % \u00e0 50 % afin d&rsquo;\u00e9viter la condensation de ros\u00e9e sur le mur et la fen\u00eatre.<br\/><\/p>\n<\/div><\/div><\/div><\/div>\n\n\n\n<div class=\"wp-block-essential-blocks-column  root-eb-column-wcgjp\"><div class=\"eb-parent-wrapper eb-parent-eb-column-wcgjp \"><div class=\"eb-column-wrapper eb-column-wcgjp\"><div class=\"eb-column-inner\">\n<figure class=\"wp-block-image size-full is-resized\"><img loading=\"lazy\" decoding=\"async\" width=\"354\" height=\"354\" src=\"https:\/\/www.toyotomi.eu\/wp-content\/uploads\/2025\/12\/TOYO_Icon_Automatic_Restart.png\" alt=\"\" class=\"wp-image-54798\" style=\"object-fit:cover;width:50px;height:50px\" srcset=\"https:\/\/www.toyotomi.eu\/wp-content\/uploads\/2025\/12\/TOYO_Icon_Automatic_Restart.png 354w, https:\/\/www.toyotomi.eu\/wp-content\/uploads\/2025\/12\/TOYO_Icon_Automatic_Restart-300x300.png 300w, https:\/\/www.toyotomi.eu\/wp-content\/uploads\/2025\/12\/TOYO_Icon_Automatic_Restart-100x100.png 100w, https:\/\/www.toyotomi.eu\/wp-content\/uploads\/2025\/12\/TOYO_Icon_Automatic_Restart-150x150.png 150w\" sizes=\"auto, (max-width: 354px) 100vw, 354px\" \/><\/figure>\n\n\n\n<h3 class=\"wp-block-heading\">Mode de s\u00e9chage du linge<\/h3>\n\n\n\n<p>Le panneau de commande tactile vous permet de s\u00e9lectionner facilement et avec pr\u00e9cision la fonction souhait\u00e9e de votre appareil.<\/p>\n<\/div><\/div><\/div><\/div>\n\n\n\n<div class=\"wp-block-essential-blocks-column  root-eb-column-s54kl\"><div class=\"eb-parent-wrapper eb-parent-eb-column-s54kl \"><div class=\"eb-column-wrapper eb-column-s54kl\"><div class=\"eb-column-inner\">\n<figure class=\"wp-block-image size-full is-resized\"><img loading=\"lazy\" decoding=\"async\" width=\"354\" height=\"354\" src=\"https:\/\/www.toyotomi.eu\/wp-content\/uploads\/2025\/12\/TOYO_Icon_Automatic_Restart.png\" alt=\"\" class=\"wp-image-54798\" style=\"object-fit:cover;width:50px;height:50px\" srcset=\"https:\/\/www.toyotomi.eu\/wp-content\/uploads\/2025\/12\/TOYO_Icon_Automatic_Restart.png 354w, https:\/\/www.toyotomi.eu\/wp-content\/uploads\/2025\/12\/TOYO_Icon_Automatic_Restart-300x300.png 300w, https:\/\/www.toyotomi.eu\/wp-content\/uploads\/2025\/12\/TOYO_Icon_Automatic_Restart-100x100.png 100w, https:\/\/www.toyotomi.eu\/wp-content\/uploads\/2025\/12\/TOYO_Icon_Automatic_Restart-150x150.png 150w\" sizes=\"auto, (max-width: 354px) 100vw, 354px\" \/><\/figure>\n\n\n\n<h3 class=\"wp-block-heading\">Fonction de red\u00e9marrage automatique<\/h3>\n\n\n\n<p>En cas de panne de courant, l&rsquo;appareil s&rsquo;arr\u00eate bien s\u00fbr, mais lorsque le courant est r\u00e9tabli, l&rsquo;appareil red\u00e9marre automatiquement en retrouvant ses anciens param\u00e8tres.<\/p>\n<\/div><\/div><\/div><\/div>\n<\/div><\/div><\/div><\/div><\/div>\n<\/div><\/div><\/div><\/div><\/div>\n\n<div class=\"wp-block-essential-blocks-wrapper alignfull  root-eb-wrapper-tueh2\"><div class=\"eb-parent-wrapper eb-parent-eb-wrapper-tueh2 \"><div class=\"eb-wrapper-outer eb-wrapper-tueh2\"><div class=\"eb-wrapper-inner\"><div class=\"eb-wrapper-inner-blocks eb-wrapper-align-center\">\n<div class=\"wp-block-essential-blocks-row alignfull  root-eb-row-s97wu\"><div class=\"eb-parent-wrapper eb-parent-eb-row-s97wu \"><div class=\"eb-row-root-container eb-row-s97wu\" data-id=\"eb-row-s97wu\"><div class=\"eb-row-wrapper\"><div class=\"eb-row-inner\">\n<div class=\"wp-block-essential-blocks-column  root-eb-column-ter13\"><div class=\"eb-parent-wrapper eb-parent-eb-column-ter13 \"><div class=\"eb-column-wrapper eb-column-ter13\"><div class=\"eb-column-inner\">\n<figure class=\"wp-block-image size-full is-resized\"><img loading=\"lazy\" decoding=\"async\" width=\"354\" height=\"354\" src=\"https:\/\/www.toyotomi.eu\/wp-content\/uploads\/2025\/12\/TOYO_Icon_Automatic_Restart.png\" alt=\"\" class=\"wp-image-54798\" style=\"object-fit:cover;width:50px;height:50px\" srcset=\"https:\/\/www.toyotomi.eu\/wp-content\/uploads\/2025\/12\/TOYO_Icon_Automatic_Restart.png 354w, https:\/\/www.toyotomi.eu\/wp-content\/uploads\/2025\/12\/TOYO_Icon_Automatic_Restart-300x300.png 300w, https:\/\/www.toyotomi.eu\/wp-content\/uploads\/2025\/12\/TOYO_Icon_Automatic_Restart-100x100.png 100w, https:\/\/www.toyotomi.eu\/wp-content\/uploads\/2025\/12\/TOYO_Icon_Automatic_Restart-150x150.png 150w\" sizes=\"auto, (max-width: 354px) 100vw, 354px\" \/><\/figure>\n\n\n\n<h3 class=\"wp-block-heading\">Tuyau pour drainage continu<\/h3>\n\n\n\n<p>Vous n\u2019avez plus \u00e0 vous soucier de vider le r\u00e9servoir d\u2019eau du d\u00e9shumidificateur gr\u00e2ce au tuyau de drainage int\u00e9gr\u00e9 fourni dans l\u2019emballage.<\/p>\n<\/div><\/div><\/div><\/div>\n\n\n\n<div class=\"wp-block-essential-blocks-column  root-eb-column-y35pd\"><div class=\"eb-parent-wrapper eb-parent-eb-column-y35pd \"><div class=\"eb-column-wrapper eb-column-y35pd\"><div class=\"eb-column-inner\">\n<figure class=\"wp-block-image size-full is-resized\"><img loading=\"lazy\" decoding=\"async\" width=\"354\" height=\"354\" src=\"https:\/\/www.toyotomi.eu\/wp-content\/uploads\/2025\/12\/TOYO_Icon_Automatic_Restart.png\" alt=\"\" class=\"wp-image-54798\" style=\"object-fit:cover;width:50px;height:50px\" srcset=\"https:\/\/www.toyotomi.eu\/wp-content\/uploads\/2025\/12\/TOYO_Icon_Automatic_Restart.png 354w, https:\/\/www.toyotomi.eu\/wp-content\/uploads\/2025\/12\/TOYO_Icon_Automatic_Restart-300x300.png 300w, https:\/\/www.toyotomi.eu\/wp-content\/uploads\/2025\/12\/TOYO_Icon_Automatic_Restart-100x100.png 100w, https:\/\/www.toyotomi.eu\/wp-content\/uploads\/2025\/12\/TOYO_Icon_Automatic_Restart-150x150.png 150w\" sizes=\"auto, (max-width: 354px) 100vw, 354px\" \/><\/figure>\n\n\n\n<h3 class=\"wp-block-heading\">Sortie d\u2019air sup\u00e9rieure \u00e0 persiennes<\/h3>\n\n\n\n<p>L\u2019appareil est dot\u00e9 d\u2019une sortie d\u2019air sup\u00e9rieure \u00e0 persiennes, avec un grand angle de 180 degr\u00e9s, ce qui facilite le s\u00e9chage de votre linge.<\/p>\n<\/div><\/div><\/div><\/div>\n\n\n\n<div class=\"wp-block-essential-blocks-column  root-eb-column-zns0p\"><div class=\"eb-parent-wrapper eb-parent-eb-column-zns0p \"><div class=\"eb-column-wrapper eb-column-zns0p\"><div class=\"eb-column-inner\">\n<figure class=\"wp-block-image size-full is-resized\"><img loading=\"lazy\" decoding=\"async\" width=\"354\" height=\"354\" src=\"https:\/\/www.toyotomi.eu\/wp-content\/uploads\/2025\/12\/TOYO_Icon_Automatic_Restart.png\" alt=\"\" class=\"wp-image-54798\" style=\"object-fit:cover;width:50px;height:50px\" srcset=\"https:\/\/www.toyotomi.eu\/wp-content\/uploads\/2025\/12\/TOYO_Icon_Automatic_Restart.png 354w, https:\/\/www.toyotomi.eu\/wp-content\/uploads\/2025\/12\/TOYO_Icon_Automatic_Restart-300x300.png 300w, https:\/\/www.toyotomi.eu\/wp-content\/uploads\/2025\/12\/TOYO_Icon_Automatic_Restart-100x100.png 100w, https:\/\/www.toyotomi.eu\/wp-content\/uploads\/2025\/12\/TOYO_Icon_Automatic_Restart-150x150.png 150w\" sizes=\"auto, (max-width: 354px) 100vw, 354px\" \/><\/figure>\n\n\n\n<h3 class=\"wp-block-heading\">Filtre \u00e0 air<\/h3>\n\n\n\n<p>Filtre antibact\u00e9rien\/anti-poussi\u00e8re combin\u00e9 \u00e0 un filtre \u00e0 charbon actif pour \u00e9liminer les odeurs, qui peut \u00eatre facilement nettoy\u00e9 et, avec le temps, m\u00eame remplac\u00e9.<\/p>\n<\/div><\/div><\/div><\/div>\n<\/div><\/div><\/div><\/div><\/div>\n<\/div><\/div><\/div><\/div><\/div>\n\n<div class=\"wp-block-essential-blocks-wrapper alignfull  root-eb-wrapper-dg683\"><div class=\"eb-parent-wrapper eb-parent-eb-wrapper-dg683 \"><div class=\"eb-wrapper-outer eb-wrapper-dg683\"><div class=\"eb-wrapper-inner\"><div class=\"eb-wrapper-inner-blocks eb-wrapper-align-center\">\n<div class=\"wp-block-essential-blocks-row alignfull  root-eb-row-m8lcl\"><div class=\"eb-parent-wrapper eb-parent-eb-row-m8lcl \"><div class=\"eb-row-root-container eb-row-m8lcl\" data-id=\"eb-row-m8lcl\"><div class=\"eb-row-wrapper\"><div class=\"eb-row-inner\">\n<div class=\"wp-block-essential-blocks-column  root-eb-column-6v4d5\"><div class=\"eb-parent-wrapper eb-parent-eb-column-6v4d5 \"><div class=\"eb-column-wrapper eb-column-6v4d5\"><div class=\"eb-column-inner\">\n<figure class=\"wp-block-image size-full is-resized\"><img loading=\"lazy\" decoding=\"async\" width=\"354\" height=\"354\" src=\"https:\/\/www.toyotomi.eu\/wp-content\/uploads\/2025\/12\/TOYO_Icon_Automatic_Restart.png\" alt=\"\" class=\"wp-image-54798\" style=\"object-fit:cover;width:50px;height:50px\" srcset=\"https:\/\/www.toyotomi.eu\/wp-content\/uploads\/2025\/12\/TOYO_Icon_Automatic_Restart.png 354w, https:\/\/www.toyotomi.eu\/wp-content\/uploads\/2025\/12\/TOYO_Icon_Automatic_Restart-300x300.png 300w, https:\/\/www.toyotomi.eu\/wp-content\/uploads\/2025\/12\/TOYO_Icon_Automatic_Restart-100x100.png 100w, https:\/\/www.toyotomi.eu\/wp-content\/uploads\/2025\/12\/TOYO_Icon_Automatic_Restart-150x150.png 150w\" sizes=\"auto, (max-width: 354px) 100vw, 354px\" \/><\/figure>\n\n\n\n<h3 class=\"wp-block-heading\">Minuteur<\/h3>\n\n\n\n<p>L&rsquo;appareil est dot\u00e9 d&rsquo;une fonction de minuterie d&rsquo;arr\u00eat qui peut \u00eatre s\u00e9lectionn\u00e9e de 2 heures \u00e0 4 heures ou 8 heures.  <\/p>\n<\/div><\/div><\/div><\/div>\n\n\n\n<div class=\"wp-block-essential-blocks-column  root-eb-column-ax3a3\"><div class=\"eb-parent-wrapper eb-parent-eb-column-ax3a3 \"><div class=\"eb-column-wrapper eb-column-ax3a3\"><div class=\"eb-column-inner\"><\/div><\/div><\/div><\/div>\n\n\n\n<div class=\"wp-block-essential-blocks-column  root-eb-column-38ksv\"><div class=\"eb-parent-wrapper eb-parent-eb-column-38ksv \"><div class=\"eb-column-wrapper eb-column-38ksv\"><div class=\"eb-column-inner\"><\/div><\/div><\/div><\/div>\n<\/div><\/div><\/div><\/div><\/div>\n<\/div><\/div><\/div><\/div><\/div>\n","protected":false},"excerpt":{"rendered":"<p>Le d\u00e9shumidificateur Toyotomi TD-ZB80 a une capacit\u00e9 de d\u00e9shumidification maximale de 8 litres par jour, ce qui le rend id\u00e9al pour les espaces de 37 \u00e0 75 m\u00b3.<\/p>\n<p><strong>SKU&nbsp;:<\/strong> TD-ZB80<br \/>\n<strong>EAN&nbsp;:<\/strong> 4963505828493<\/p>\n","protected":false},"featured_media":54488,"template":"","meta":{"_acf_changed":false,"_eb_attr":""},"product_brand":[],"product_cat":[5960],"product_tag":[],"class_list":{"0":"post-45297","1":"product","2":"type-product","3":"status-publish","4":"has-post-thumbnail","6":"product_cat-deshumidificateurs","8":"first","9":"instock","10":"taxable","11":"shipping-taxable","12":"product-type-simple"},"acf":[],"yoast_head":"<!-- This site is optimized with the Yoast SEO plugin v27.3 - https:\/\/yoast.com\/product\/yoast-seo-wordpress\/ -->\n<title>Toyotomi TD-ZB80 - Toyotomi<\/title>\n<meta name=\"robots\" content=\"index, follow, max-snippet:-1, max-image-preview:large, max-video-preview:-1\" \/>\n<link rel=\"canonical\" href=\"https:\/\/www.toyotomi.eu\/fr\/produit\/toyotomi-td-zb80\/\" \/>\n<meta property=\"og:locale\" content=\"fr_FR\" \/>\n<meta property=\"og:type\" content=\"article\" \/>\n<meta property=\"og:title\" content=\"Toyotomi TD-ZB80 - Toyotomi\" \/>\n<meta property=\"og:description\" content=\"Le d\u00e9shumidificateur Toyotomi TD-ZB80 a une capacit\u00e9 de d\u00e9shumidification maximale de 8 litres par jour, ce qui le rend id\u00e9al pour les espaces de 37 \u00e0 75 m\u00b3. SKU&nbsp;: TD-ZB80 EAN&nbsp;: 4963505828493\" \/>\n<meta property=\"og:url\" content=\"https:\/\/www.toyotomi.eu\/fr\/produit\/toyotomi-td-zb80\/\" \/>\n<meta property=\"og:site_name\" content=\"Toyotomi\" \/>\n<meta property=\"article:modified_time\" content=\"2025-12-18T00:56:34+00:00\" \/>\n<meta property=\"og:image\" content=\"https:\/\/www.toyotomi.eu\/wp-content\/uploads\/2025\/01\/PIC_TOYOTOMI-TD-ZB80_front_2560x2560.png\" \/>\n\t<meta property=\"og:image:width\" content=\"2560\" \/>\n\t<meta property=\"og:image:height\" content=\"2560\" \/>\n\t<meta property=\"og:image:type\" content=\"image\/png\" \/>\n<meta name=\"twitter:card\" content=\"summary_large_image\" \/>\n<script type=\"application\/ld+json\" class=\"yoast-schema-graph\">{\"@context\":\"https:\\\/\\\/schema.org\",\"@graph\":[{\"@type\":\"WebPage\",\"@id\":\"https:\\\/\\\/www.toyotomi.eu\\\/fr\\\/produit\\\/toyotomi-td-zb80\\\/\",\"url\":\"https:\\\/\\\/www.toyotomi.eu\\\/fr\\\/produit\\\/toyotomi-td-zb80\\\/\",\"name\":\"Toyotomi TD-ZB80 - Toyotomi\",\"isPartOf\":{\"@id\":\"https:\\\/\\\/www.toyotomi.eu\\\/fr\\\/#website\"},\"primaryImageOfPage\":{\"@id\":\"https:\\\/\\\/www.toyotomi.eu\\\/fr\\\/produit\\\/toyotomi-td-zb80\\\/#primaryimage\"},\"image\":{\"@id\":\"https:\\\/\\\/www.toyotomi.eu\\\/fr\\\/produit\\\/toyotomi-td-zb80\\\/#primaryimage\"},\"thumbnailUrl\":\"https:\\\/\\\/www.toyotomi.eu\\\/wp-content\\\/uploads\\\/2025\\\/01\\\/PIC_TOYOTOMI-TD-ZB80_front_2560x2560.png\",\"datePublished\":\"2025-01-01T01:01:00+00:00\",\"dateModified\":\"2025-12-18T00:56:34+00:00\",\"breadcrumb\":{\"@id\":\"https:\\\/\\\/www.toyotomi.eu\\\/fr\\\/produit\\\/toyotomi-td-zb80\\\/#breadcrumb\"},\"inLanguage\":\"fr-FR\",\"potentialAction\":[{\"@type\":\"ReadAction\",\"target\":[\"https:\\\/\\\/www.toyotomi.eu\\\/fr\\\/produit\\\/toyotomi-td-zb80\\\/\"]}]},{\"@type\":\"ImageObject\",\"inLanguage\":\"fr-FR\",\"@id\":\"https:\\\/\\\/www.toyotomi.eu\\\/fr\\\/produit\\\/toyotomi-td-zb80\\\/#primaryimage\",\"url\":\"https:\\\/\\\/www.toyotomi.eu\\\/wp-content\\\/uploads\\\/2025\\\/01\\\/PIC_TOYOTOMI-TD-ZB80_front_2560x2560.png\",\"contentUrl\":\"https:\\\/\\\/www.toyotomi.eu\\\/wp-content\\\/uploads\\\/2025\\\/01\\\/PIC_TOYOTOMI-TD-ZB80_front_2560x2560.png\",\"width\":2560,\"height\":2560},{\"@type\":\"BreadcrumbList\",\"@id\":\"https:\\\/\\\/www.toyotomi.eu\\\/fr\\\/produit\\\/toyotomi-td-zb80\\\/#breadcrumb\",\"itemListElement\":[{\"@type\":\"ListItem\",\"position\":1,\"name\":\"Accueil\",\"item\":\"https:\\\/\\\/www.toyotomi.eu\\\/fr\\\/\"},{\"@type\":\"ListItem\",\"position\":2,\"name\":\"Tous les produits\",\"item\":\"https:\\\/\\\/www.toyotomi.eu\\\/fr\\\/tous-les-produits\\\/\"},{\"@type\":\"ListItem\",\"position\":3,\"name\":\"Toyotomi TD-ZB80\"}]},{\"@type\":\"WebSite\",\"@id\":\"https:\\\/\\\/www.toyotomi.eu\\\/fr\\\/#website\",\"url\":\"https:\\\/\\\/www.toyotomi.eu\\\/fr\\\/\",\"name\":\"Toyotomi\",\"description\":\"\",\"publisher\":{\"@id\":\"https:\\\/\\\/www.toyotomi.eu\\\/fr\\\/#organization\"},\"potentialAction\":[{\"@type\":\"SearchAction\",\"target\":{\"@type\":\"EntryPoint\",\"urlTemplate\":\"https:\\\/\\\/www.toyotomi.eu\\\/fr\\\/?s={search_term_string}\"},\"query-input\":{\"@type\":\"PropertyValueSpecification\",\"valueRequired\":true,\"valueName\":\"search_term_string\"}}],\"inLanguage\":\"fr-FR\"},{\"@type\":\"Organization\",\"@id\":\"https:\\\/\\\/www.toyotomi.eu\\\/fr\\\/#organization\",\"name\":\"Toyotomi Europe Sales B.V.\",\"url\":\"https:\\\/\\\/www.toyotomi.eu\\\/fr\\\/\",\"logo\":{\"@type\":\"ImageObject\",\"inLanguage\":\"fr-FR\",\"@id\":\"https:\\\/\\\/www.toyotomi.eu\\\/fr\\\/#\\\/schema\\\/logo\\\/image\\\/\",\"url\":\"https:\\\/\\\/www.toyotomi.eu\\\/wp-content\\\/uploads\\\/2025\\\/10\\\/logo.png\",\"contentUrl\":\"https:\\\/\\\/www.toyotomi.eu\\\/wp-content\\\/uploads\\\/2025\\\/10\\\/logo.png\",\"width\":1360,\"height\":304,\"caption\":\"Toyotomi Europe Sales B.V.\"},\"image\":{\"@id\":\"https:\\\/\\\/www.toyotomi.eu\\\/fr\\\/#\\\/schema\\\/logo\\\/image\\\/\"}}]}<\/script>\n<!-- \/ Yoast SEO plugin. -->","yoast_head_json":{"title":"Toyotomi TD-ZB80 - Toyotomi","robots":{"index":"index","follow":"follow","max-snippet":"max-snippet:-1","max-image-preview":"max-image-preview:large","max-video-preview":"max-video-preview:-1"},"canonical":"https:\/\/www.toyotomi.eu\/fr\/produit\/toyotomi-td-zb80\/","og_locale":"fr_FR","og_type":"article","og_title":"Toyotomi TD-ZB80 - Toyotomi","og_description":"Le d\u00e9shumidificateur Toyotomi TD-ZB80 a une capacit\u00e9 de d\u00e9shumidification maximale de 8 litres par jour, ce qui le rend id\u00e9al pour les espaces de 37 \u00e0 75 m\u00b3. SKU&nbsp;: TD-ZB80 EAN&nbsp;: 4963505828493","og_url":"https:\/\/www.toyotomi.eu\/fr\/produit\/toyotomi-td-zb80\/","og_site_name":"Toyotomi","article_modified_time":"2025-12-18T00:56:34+00:00","og_image":[{"width":2560,"height":2560,"url":"https:\/\/www.toyotomi.eu\/wp-content\/uploads\/2025\/01\/PIC_TOYOTOMI-TD-ZB80_front_2560x2560.png","type":"image\/png"}],"twitter_card":"summary_large_image","schema":{"@context":"https:\/\/schema.org","@graph":[{"@type":"WebPage","@id":"https:\/\/www.toyotomi.eu\/fr\/produit\/toyotomi-td-zb80\/","url":"https:\/\/www.toyotomi.eu\/fr\/produit\/toyotomi-td-zb80\/","name":"Toyotomi TD-ZB80 - Toyotomi","isPartOf":{"@id":"https:\/\/www.toyotomi.eu\/fr\/#website"},"primaryImageOfPage":{"@id":"https:\/\/www.toyotomi.eu\/fr\/produit\/toyotomi-td-zb80\/#primaryimage"},"image":{"@id":"https:\/\/www.toyotomi.eu\/fr\/produit\/toyotomi-td-zb80\/#primaryimage"},"thumbnailUrl":"https:\/\/www.toyotomi.eu\/wp-content\/uploads\/2025\/01\/PIC_TOYOTOMI-TD-ZB80_front_2560x2560.png","datePublished":"2025-01-01T01:01:00+00:00","dateModified":"2025-12-18T00:56:34+00:00","breadcrumb":{"@id":"https:\/\/www.toyotomi.eu\/fr\/produit\/toyotomi-td-zb80\/#breadcrumb"},"inLanguage":"fr-FR","potentialAction":[{"@type":"ReadAction","target":["https:\/\/www.toyotomi.eu\/fr\/produit\/toyotomi-td-zb80\/"]}]},{"@type":"ImageObject","inLanguage":"fr-FR","@id":"https:\/\/www.toyotomi.eu\/fr\/produit\/toyotomi-td-zb80\/#primaryimage","url":"https:\/\/www.toyotomi.eu\/wp-content\/uploads\/2025\/01\/PIC_TOYOTOMI-TD-ZB80_front_2560x2560.png","contentUrl":"https:\/\/www.toyotomi.eu\/wp-content\/uploads\/2025\/01\/PIC_TOYOTOMI-TD-ZB80_front_2560x2560.png","width":2560,"height":2560},{"@type":"BreadcrumbList","@id":"https:\/\/www.toyotomi.eu\/fr\/produit\/toyotomi-td-zb80\/#breadcrumb","itemListElement":[{"@type":"ListItem","position":1,"name":"Accueil","item":"https:\/\/www.toyotomi.eu\/fr\/"},{"@type":"ListItem","position":2,"name":"Tous les produits","item":"https:\/\/www.toyotomi.eu\/fr\/tous-les-produits\/"},{"@type":"ListItem","position":3,"name":"Toyotomi TD-ZB80"}]},{"@type":"WebSite","@id":"https:\/\/www.toyotomi.eu\/fr\/#website","url":"https:\/\/www.toyotomi.eu\/fr\/","name":"Toyotomi","description":"","publisher":{"@id":"https:\/\/www.toyotomi.eu\/fr\/#organization"},"potentialAction":[{"@type":"SearchAction","target":{"@type":"EntryPoint","urlTemplate":"https:\/\/www.toyotomi.eu\/fr\/?s={search_term_string}"},"query-input":{"@type":"PropertyValueSpecification","valueRequired":true,"valueName":"search_term_string"}}],"inLanguage":"fr-FR"},{"@type":"Organization","@id":"https:\/\/www.toyotomi.eu\/fr\/#organization","name":"Toyotomi Europe Sales B.V.","url":"https:\/\/www.toyotomi.eu\/fr\/","logo":{"@type":"ImageObject","inLanguage":"fr-FR","@id":"https:\/\/www.toyotomi.eu\/fr\/#\/schema\/logo\/image\/","url":"https:\/\/www.toyotomi.eu\/wp-content\/uploads\/2025\/10\/logo.png","contentUrl":"https:\/\/www.toyotomi.eu\/wp-content\/uploads\/2025\/10\/logo.png","width":1360,"height":304,"caption":"Toyotomi Europe Sales B.V."},"image":{"@id":"https:\/\/www.toyotomi.eu\/fr\/#\/schema\/logo\/image\/"}}]}},"_links":{"self":[{"href":"https:\/\/www.toyotomi.eu\/fr\/wp-json\/wp\/v2\/product\/45297","targetHints":{"allow":["GET"]}}],"collection":[{"href":"https:\/\/www.toyotomi.eu\/fr\/wp-json\/wp\/v2\/product"}],"about":[{"href":"https:\/\/www.toyotomi.eu\/fr\/wp-json\/wp\/v2\/types\/product"}],"wp:featuredmedia":[{"embeddable":true,"href":"https:\/\/www.toyotomi.eu\/fr\/wp-json\/wp\/v2\/media\/54488"}],"wp:attachment":[{"href":"https:\/\/www.toyotomi.eu\/fr\/wp-json\/wp\/v2\/media?parent=45297"}],"wp:term":[{"taxonomy":"product_brand","embeddable":true,"href":"https:\/\/www.toyotomi.eu\/fr\/wp-json\/wp\/v2\/product_brand?post=45297"},{"taxonomy":"product_cat","embeddable":true,"href":"https:\/\/www.toyotomi.eu\/fr\/wp-json\/wp\/v2\/product_cat?post=45297"},{"taxonomy":"product_tag","embeddable":true,"href":"https:\/\/www.toyotomi.eu\/fr\/wp-json\/wp\/v2\/product_tag?post=45297"}],"curies":[{"name":"wp","href":"https:\/\/api.w.org\/{rel}","templated":true}]}}