{"id":38264,"date":"2025-01-01T00:00:32","date_gmt":"2024-12-31T23:00:32","guid":{"rendered":"https:\/\/www.toyotomi.eu\/service-client\/garantie\/"},"modified":"2026-04-02T16:47:24","modified_gmt":"2026-04-02T14:47:24","slug":"garantie","status":"publish","type":"page","link":"https:\/\/www.toyotomi.eu\/fr\/service-client\/garantie\/","title":{"rendered":"Garantie"},"content":{"rendered":"\n<div class=\"wp-block-essential-blocks-wrapper alignfull  root-eb-wrapper-l71oh\"><div class=\"eb-parent-wrapper eb-parent-eb-wrapper-l71oh \"><div class=\"eb-wrapper-outer eb-wrapper-l71oh\"><div class=\"eb-wrapper-inner\"><div class=\"eb-wrapper-inner-blocks eb-wrapper-align-center\">\n<div class=\"wp-block-essential-blocks-row alignfull  root-eb-row-ve2jw\"><div class=\"eb-parent-wrapper eb-parent-eb-row-ve2jw \"><div class=\"eb-row-root-container eb-row-ve2jw\" data-id=\"eb-row-ve2jw\"><div class=\"eb-row-wrapper\"><div class=\"eb-row-inner\">\n<div class=\"wp-block-essential-blocks-column  root-eb-column-09yfp\"><div class=\"eb-parent-wrapper eb-parent-eb-column-09yfp \"><div class=\"eb-column-wrapper eb-column-09yfp\"><div class=\"eb-column-inner\">\n        <div class=\"root-eb-breadcrumb-56bzo wp-block-essential-blocks-breadcrumbs\">\n            <div class=\"eb-parent-wrapper eb-parent-eb-breadcrumb-56bzo \">\n                <div aria-label=\"Breadcrumb\" class=\"eb-breadcrumb-wrapper eb-breadcrumb-56bzo\" data-id=\"eb-breadcrumb-56bzo\">\n                    \n                    <div class=\"eb-breadcrumb\"><span class=\"eb-breadcrumb-item\"><a href=\"https:\/\/www.toyotomi.eu\/fr\/\">Home<\/a><\/span><span class=\"eb-breadcrumb-separator\">\/<\/span><span class=\"eb-breadcrumb-item current\">Page<\/span><\/div>\n                <\/div>\n            <\/div>\n        <\/div><\/div><\/div><\/div><\/div>\n<\/div><\/div><\/div><\/div><\/div>\n<\/div><\/div><\/div><\/div><\/div>\n\n<div class=\"wp-block-essential-blocks-wrapper alignfull  root-eb-wrapper-qljji\"><div class=\"eb-parent-wrapper eb-parent-eb-wrapper-qljji \"><div class=\"eb-wrapper-outer eb-wrapper-qljji\"><div class=\"eb-wrapper-inner\"><div class=\"eb-wrapper-inner-blocks eb-wrapper-align-center\">\n<div class=\"wp-block-essential-blocks-row alignfull  root-eb-row-geair\"><div class=\"eb-parent-wrapper eb-parent-eb-row-geair \"><div class=\"eb-row-root-container eb-row-geair\" data-id=\"eb-row-geair\"><div class=\"eb-row-wrapper\"><div class=\"eb-row-inner\">\n<div class=\"wp-block-essential-blocks-column  root-eb-column-jaxdk\"><div class=\"eb-parent-wrapper eb-parent-eb-column-jaxdk \"><div class=\"eb-column-wrapper eb-column-jaxdk\"><div class=\"eb-column-inner\">\n<h1 class=\"wp-block-heading\">Garantie standard sur les produits<\/h1>\n\n\n\n<p>Les produits Toyotomi sont couverts par une garantie standard du fabricant qui est enti\u00e8rement conforme \u00e0 la l\u00e9gislation europ\u00e9enne en vigueur.<\/p>\n<\/div><\/div><\/div><\/div>\n\n\n\n<div class=\"wp-block-essential-blocks-column  root-eb-column-a2uxc\"><div class=\"eb-parent-wrapper eb-parent-eb-column-a2uxc \"><div class=\"eb-column-wrapper eb-column-a2uxc\"><div class=\"eb-column-inner\">\n<h2 class=\"wp-block-heading\">Conditions g\u00e9n\u00e9rales de la garantie<\/h2>\n\n\n\n<p>La garantie standard couvre les d\u00e9fauts de mat\u00e9riaux et de fabrication dans des conditions normales d\u2019utilisation et d\u2019entretien appropri\u00e9. L\u2019int\u00e9gralit\u00e9 des dispositions de la garantie, y compris les d\u00e9tails de la couverture, les exclusions et les conditions, sont d\u00e9crites dans le <strong>manuel d\u2019utilisation fourni avec chaque produit<\/strong>. <\/p>\n\n\n\n<p>La plupart des manuels d&rsquo;utilisation peuvent \u00e9galement \u00eatre consult\u00e9s ou t\u00e9l\u00e9charg\u00e9s via ce site web en visitant la page produit correspondante.<\/p>\n\n\n\n<p><strong>Remarque\u00a0:<\/strong> Ces informations sont fournies \u00e0 titre de r\u00e9f\u00e9rence g\u00e9n\u00e9rale uniquement. Les conditions de garantie juridiquement contraignantes et faisant autorit\u00e9 applicables \u00e0 votre produit sont incluses avec le produit au moment de l\u2019achat. <\/p>\n\n\n\n<hr class=\"wp-block-separator has-text-color has-alpha-channel-opacity has-background is-style-default\" style=\"margin-top:var(--wp--preset--spacing--small);margin-bottom:var(--wp--preset--spacing--small);background-color:#cccccc;color:#cccccc\"\/>\n\n\n\n<h2 class=\"wp-block-heading\">P\u00e9riodes de garantie par marque<\/h2>\n\n\n\n<h3 class=\"wp-block-heading\"><strong>Toyotomi<\/strong><\/h3>\n\n\n\n<p>Couvert par une <strong>garantie de 5 ans<\/strong> \u00e0 compter de la date d\u2019achat.<\/p>\n\n\n\n<h3 class=\"wp-block-heading\"><strong>Zibro<\/strong><\/h3>\n\n\n\n<p>Couvert par une <strong>garantie de 5 ans<\/strong> \u00e0 compter de la date d\u2019achat.<\/p>\n\n\n\n<h3 class=\"wp-block-heading\"><strong>Toyoset<\/strong><\/h3>\n\n\n\n<p>Couvert par une <strong>garantie de 2\u00a0ans<\/strong> \u00e0 compter de la date d\u2019achat.<\/p>\n\n\n\n<h3 class=\"wp-block-heading\"><strong>Kerosun<\/strong><\/h3>\n\n\n\n<p>Couvert par une <strong>garantie de 2\u00a0ans<\/strong> \u00e0 compter de la date d\u2019achat.<\/p>\n\n\n\n<h3 class=\"wp-block-heading\"><strong>GEAR MISSION<\/strong><\/h3>\n\n\n\n<p>Couvert par une <strong>garantie de 2\u00a0ans<\/strong> \u00e0 compter de la date d\u2019achat.<\/p>\n\n\n\n<hr class=\"wp-block-separator has-text-color has-alpha-channel-opacity has-background is-style-default\" style=\"margin-top:var(--wp--preset--spacing--small);margin-bottom:var(--wp--preset--spacing--small);background-color:#cccccc;color:#cccccc\"\/>\n\n\n\n<p>Lorsque la l\u00e9gislation europ\u00e9enne sur la protection des consommateurs pr\u00e9voit une p\u00e9riode de garantie minimale plus longue que celle indiqu\u00e9e ci-dessus, la p\u00e9riode de garantie minimale l\u00e9galement requise s\u2019applique. Les conditions de garantie peuvent donc varier en fonction du pays d\u2019achat de l\u2019UE. <\/p>\n<\/div><\/div><\/div><\/div>\n<\/div><\/div><\/div><\/div><\/div>\n<\/div><\/div><\/div><\/div><\/div>\n\n<div class=\"wp-block-essential-blocks-wrapper alignfull  root-eb-wrapper-kxbg4\"><div class=\"eb-parent-wrapper eb-parent-eb-wrapper-kxbg4 \"><div class=\"eb-wrapper-outer eb-wrapper-kxbg4\"><div class=\"eb-wrapper-inner\"><div class=\"eb-wrapper-inner-blocks eb-wrapper-align-center\">\n<div class=\"wp-block-essential-blocks-row alignfull  root-eb-row-4i94n\"><div class=\"eb-parent-wrapper eb-parent-eb-row-4i94n \"><div class=\"eb-row-root-container eb-row-4i94n\" data-id=\"eb-row-4i94n\"><div class=\"eb-row-wrapper\"><div class=\"eb-row-inner\">\n<div class=\"wp-block-essential-blocks-column  root-eb-column-fmghx\"><div class=\"eb-parent-wrapper eb-parent-eb-column-fmghx \"><div class=\"eb-column-wrapper eb-column-fmghx\"><div class=\"eb-column-inner\">\n<h2 class=\"wp-block-heading has-text-align-left has-x-large-font-size\">Enregistrement du produit<\/h2>\n\n\n\n<p>Nous vous recommandons d\u2019enregistrer votre produit Toyotomi imm\u00e9diatement apr\u00e8s l\u2019achat afin de garantir un traitement efficace de la garantie et un service apr\u00e8s-vente optimal.<\/p>\n\n\n\n<p class=\"has-text-align-left\">Veuillez remplir le formulaire d\u2019enregistrement de produit en ligne pour activer votre garantie et permettre une assistance plus rapide en cas de demande de service.<\/p>\n\n\n\n<div class=\"wp-block-essential-blocks-button root-eb-button-uc8e6\"><div class=\"eb-parent-wrapper eb-parent-eb-button-uc8e6 \"><div class=\"eb-button-wrapper eb-button-alignment eb-button-uc8e6\"><div class=\"eb-button\"><div class=\"eb-button-inner-wrapper \"><a class=\"eb-button-anchor hvr-grow \" href=\"https:\/\/www.toyotomi.eu\/fr\/service-client\/enregistrement-du-produit\/\" rel=\"noopener\"><i icon=\"fas fa-chevron-right\" class=\"fas fa-chevron-right eb-button-icon eb-button-icon-left hvr-icon\"><\/i>Activer votre garantie<\/a><\/div><\/div><\/div><\/div><\/div>\n<\/div><\/div><\/div><\/div>\n<\/div><\/div><\/div><\/div><\/div>\n<\/div><\/div><\/div><\/div><\/div>\n\n<div class=\"wp-block-essential-blocks-wrapper alignfull  root-eb-wrapper-c92kd\"><div class=\"eb-parent-wrapper eb-parent-eb-wrapper-c92kd \"><div class=\"eb-wrapper-outer eb-wrapper-c92kd\"><div class=\"eb-wrapper-inner\"><div class=\"eb-wrapper-inner-blocks eb-wrapper-align-center\">\n<div class=\"wp-block-essential-blocks-row alignfull  root-eb-row-zc8ic\"><div class=\"eb-parent-wrapper eb-parent-eb-row-zc8ic \"><div class=\"eb-row-root-container eb-row-zc8ic\" data-id=\"eb-row-zc8ic\"><div class=\"eb-row-wrapper\"><div class=\"eb-row-inner\">\n<div class=\"wp-block-essential-blocks-column  root-eb-column-lxhh0\"><div class=\"eb-parent-wrapper eb-parent-eb-column-lxhh0 \"><div class=\"eb-column-wrapper eb-column-lxhh0\"><div class=\"eb-column-inner\">\n<div class=\"wp-block-essential-blocks-button root-eb-button-hunm6\"><div class=\"eb-parent-wrapper eb-parent-eb-button-hunm6 \"><div class=\"eb-button-wrapper eb-button-alignment eb-button-hunm6\"><div class=\"eb-button\"><div class=\"eb-button-inner-wrapper \"><a class=\"eb-button-anchor hvr-grow \" href=\"https:\/\/www.toyotomi.eu\/fr\/service-client\/\" rel=\"noopener\"><i icon=\"fas fa-chevron-right\" class=\"fas fa-chevron-right eb-button-icon eb-button-icon-left hvr-icon\"><\/i>Service client<\/a><\/div><\/div><\/div><\/div><\/div>\n<\/div><\/div><\/div><\/div>\n<\/div><\/div><\/div><\/div><\/div>\n<\/div><\/div><\/div><\/div><\/div>\n","protected":false},"excerpt":{"rendered":"","protected":false},"author":71,"featured_media":0,"parent":38225,"menu_order":0,"comment_status":"closed","ping_status":"closed","template":"template-canvas.php","meta":{"_acf_changed":false,"_eb_attr":"","footnotes":""},"class_list":["post-38264","page","type-page","status-publish","hentry"],"acf":[],"yoast_head":"<!-- This site is optimized with the Yoast SEO plugin v27.4 - https:\/\/yoast.com\/product\/yoast-seo-wordpress\/ -->\n<title>Garantie - Toyotomi<\/title>\n<meta name=\"description\" content=\"Trouvez les r\u00e9ponses aux FAQ, les d\u00e9tails de garantie &amp; de r\u00e9paration, les t\u00e9l\u00e9chargements, et contactez notre service client pour toutes vos questions.\" \/>\n<meta name=\"robots\" content=\"index, follow, max-snippet:-1, max-image-preview:large, max-video-preview:-1\" \/>\n<link rel=\"canonical\" href=\"https:\/\/www.toyotomi.eu\/fr\/service-client\/garantie\/\" \/>\n<meta property=\"og:locale\" content=\"fr_FR\" \/>\n<meta property=\"og:type\" content=\"article\" \/>\n<meta property=\"og:title\" content=\"Garantie - Toyotomi\" \/>\n<meta property=\"og:description\" content=\"Trouvez les r\u00e9ponses aux FAQ, les d\u00e9tails de garantie &amp; de r\u00e9paration, les t\u00e9l\u00e9chargements, et contactez notre service client pour toutes vos questions.\" \/>\n<meta property=\"og:url\" content=\"https:\/\/www.toyotomi.eu\/fr\/service-client\/garantie\/\" \/>\n<meta property=\"og:site_name\" content=\"Toyotomi\" \/>\n<meta property=\"article:modified_time\" content=\"2026-04-02T14:47:24+00:00\" \/>\n<meta property=\"og:image\" content=\"https:\/\/www.toyotomi.eu\/wp-content\/uploads\/2025\/10\/logo.png\" \/>\n\t<meta property=\"og:image:width\" content=\"1360\" \/>\n\t<meta property=\"og:image:height\" content=\"304\" \/>\n\t<meta property=\"og:image:type\" content=\"image\/png\" \/>\n<meta name=\"twitter:card\" content=\"summary_large_image\" \/>\n<meta name=\"twitter:label1\" content=\"Dur\u00e9e de lecture estim\u00e9e\" \/>\n\t<meta name=\"twitter:data1\" content=\"2 minutes\" \/>\n<script type=\"application\/ld+json\" class=\"yoast-schema-graph\">{\"@context\":\"https:\\\/\\\/schema.org\",\"@graph\":[{\"@type\":\"WebPage\",\"@id\":\"https:\\\/\\\/www.toyotomi.eu\\\/fr\\\/service-client\\\/garantie\\\/\",\"url\":\"https:\\\/\\\/www.toyotomi.eu\\\/fr\\\/service-client\\\/garantie\\\/\",\"name\":\"Garantie - Toyotomi\",\"isPartOf\":{\"@id\":\"https:\\\/\\\/www.toyotomi.eu\\\/fr\\\/#website\"},\"datePublished\":\"2024-12-31T23:00:32+00:00\",\"dateModified\":\"2026-04-02T14:47:24+00:00\",\"description\":\"Trouvez les r\u00e9ponses aux FAQ, les d\u00e9tails de garantie & de r\u00e9paration, les t\u00e9l\u00e9chargements, et contactez notre service client pour toutes vos questions.\",\"breadcrumb\":{\"@id\":\"https:\\\/\\\/www.toyotomi.eu\\\/fr\\\/service-client\\\/garantie\\\/#breadcrumb\"},\"inLanguage\":\"fr-FR\",\"potentialAction\":[{\"@type\":\"ReadAction\",\"target\":[\"https:\\\/\\\/www.toyotomi.eu\\\/fr\\\/service-client\\\/garantie\\\/\"]}]},{\"@type\":\"BreadcrumbList\",\"@id\":\"https:\\\/\\\/www.toyotomi.eu\\\/fr\\\/service-client\\\/garantie\\\/#breadcrumb\",\"itemListElement\":[{\"@type\":\"ListItem\",\"position\":1,\"name\":\"Accueil\",\"item\":\"https:\\\/\\\/www.toyotomi.eu\\\/fr\\\/\"},{\"@type\":\"ListItem\",\"position\":2,\"name\":\"Service client\",\"item\":\"https:\\\/\\\/www.toyotomi.eu\\\/fr\\\/service-client\\\/\"},{\"@type\":\"ListItem\",\"position\":3,\"name\":\"Garantie\"}]},{\"@type\":\"WebSite\",\"@id\":\"https:\\\/\\\/www.toyotomi.eu\\\/fr\\\/#website\",\"url\":\"https:\\\/\\\/www.toyotomi.eu\\\/fr\\\/\",\"name\":\"Toyotomi\",\"description\":\"\",\"publisher\":{\"@id\":\"https:\\\/\\\/www.toyotomi.eu\\\/fr\\\/#organization\"},\"potentialAction\":[{\"@type\":\"SearchAction\",\"target\":{\"@type\":\"EntryPoint\",\"urlTemplate\":\"https:\\\/\\\/www.toyotomi.eu\\\/fr\\\/?s={search_term_string}\"},\"query-input\":{\"@type\":\"PropertyValueSpecification\",\"valueRequired\":true,\"valueName\":\"search_term_string\"}}],\"inLanguage\":\"fr-FR\"},{\"@type\":\"Organization\",\"@id\":\"https:\\\/\\\/www.toyotomi.eu\\\/fr\\\/#organization\",\"name\":\"Toyotomi Europe Sales B.V.\",\"alternateName\":\"Toyotomi\",\"url\":\"https:\\\/\\\/www.toyotomi.eu\\\/fr\\\/\",\"logo\":{\"@type\":\"ImageObject\",\"inLanguage\":\"fr-FR\",\"@id\":\"https:\\\/\\\/www.toyotomi.eu\\\/fr\\\/#\\\/schema\\\/logo\\\/image\\\/\",\"url\":\"https:\\\/\\\/www.toyotomi.eu\\\/wp-content\\\/uploads\\\/2025\\\/10\\\/logo.png\",\"contentUrl\":\"https:\\\/\\\/www.toyotomi.eu\\\/wp-content\\\/uploads\\\/2025\\\/10\\\/logo.png\",\"width\":1360,\"height\":304,\"caption\":\"Toyotomi Europe Sales B.V.\"},\"image\":{\"@id\":\"https:\\\/\\\/www.toyotomi.eu\\\/fr\\\/#\\\/schema\\\/logo\\\/image\\\/\"}}]}<\/script>\n<!-- \/ Yoast SEO plugin. -->","yoast_head_json":{"title":"Garantie - Toyotomi","description":"Trouvez les r\u00e9ponses aux FAQ, les d\u00e9tails de garantie & de r\u00e9paration, les t\u00e9l\u00e9chargements, et contactez notre service client pour toutes vos questions.","robots":{"index":"index","follow":"follow","max-snippet":"max-snippet:-1","max-image-preview":"max-image-preview:large","max-video-preview":"max-video-preview:-1"},"canonical":"https:\/\/www.toyotomi.eu\/fr\/service-client\/garantie\/","og_locale":"fr_FR","og_type":"article","og_title":"Garantie - Toyotomi","og_description":"Trouvez les r\u00e9ponses aux FAQ, les d\u00e9tails de garantie & de r\u00e9paration, les t\u00e9l\u00e9chargements, et contactez notre service client pour toutes vos questions.","og_url":"https:\/\/www.toyotomi.eu\/fr\/service-client\/garantie\/","og_site_name":"Toyotomi","article_modified_time":"2026-04-02T14:47:24+00:00","og_image":[{"width":1360,"height":304,"url":"https:\/\/www.toyotomi.eu\/wp-content\/uploads\/2025\/10\/logo.png","type":"image\/png"}],"twitter_card":"summary_large_image","twitter_misc":{"Dur\u00e9e de lecture estim\u00e9e":"2 minutes"},"schema":{"@context":"https:\/\/schema.org","@graph":[{"@type":"WebPage","@id":"https:\/\/www.toyotomi.eu\/fr\/service-client\/garantie\/","url":"https:\/\/www.toyotomi.eu\/fr\/service-client\/garantie\/","name":"Garantie - Toyotomi","isPartOf":{"@id":"https:\/\/www.toyotomi.eu\/fr\/#website"},"datePublished":"2024-12-31T23:00:32+00:00","dateModified":"2026-04-02T14:47:24+00:00","description":"Trouvez les r\u00e9ponses aux FAQ, les d\u00e9tails de garantie & de r\u00e9paration, les t\u00e9l\u00e9chargements, et contactez notre service client pour toutes vos questions.","breadcrumb":{"@id":"https:\/\/www.toyotomi.eu\/fr\/service-client\/garantie\/#breadcrumb"},"inLanguage":"fr-FR","potentialAction":[{"@type":"ReadAction","target":["https:\/\/www.toyotomi.eu\/fr\/service-client\/garantie\/"]}]},{"@type":"BreadcrumbList","@id":"https:\/\/www.toyotomi.eu\/fr\/service-client\/garantie\/#breadcrumb","itemListElement":[{"@type":"ListItem","position":1,"name":"Accueil","item":"https:\/\/www.toyotomi.eu\/fr\/"},{"@type":"ListItem","position":2,"name":"Service client","item":"https:\/\/www.toyotomi.eu\/fr\/service-client\/"},{"@type":"ListItem","position":3,"name":"Garantie"}]},{"@type":"WebSite","@id":"https:\/\/www.toyotomi.eu\/fr\/#website","url":"https:\/\/www.toyotomi.eu\/fr\/","name":"Toyotomi","description":"","publisher":{"@id":"https:\/\/www.toyotomi.eu\/fr\/#organization"},"potentialAction":[{"@type":"SearchAction","target":{"@type":"EntryPoint","urlTemplate":"https:\/\/www.toyotomi.eu\/fr\/?s={search_term_string}"},"query-input":{"@type":"PropertyValueSpecification","valueRequired":true,"valueName":"search_term_string"}}],"inLanguage":"fr-FR"},{"@type":"Organization","@id":"https:\/\/www.toyotomi.eu\/fr\/#organization","name":"Toyotomi Europe Sales B.V.","alternateName":"Toyotomi","url":"https:\/\/www.toyotomi.eu\/fr\/","logo":{"@type":"ImageObject","inLanguage":"fr-FR","@id":"https:\/\/www.toyotomi.eu\/fr\/#\/schema\/logo\/image\/","url":"https:\/\/www.toyotomi.eu\/wp-content\/uploads\/2025\/10\/logo.png","contentUrl":"https:\/\/www.toyotomi.eu\/wp-content\/uploads\/2025\/10\/logo.png","width":1360,"height":304,"caption":"Toyotomi Europe Sales B.V."},"image":{"@id":"https:\/\/www.toyotomi.eu\/fr\/#\/schema\/logo\/image\/"}}]}},"_links":{"self":[{"href":"https:\/\/www.toyotomi.eu\/fr\/wp-json\/wp\/v2\/pages\/38264","targetHints":{"allow":["GET"]}}],"collection":[{"href":"https:\/\/www.toyotomi.eu\/fr\/wp-json\/wp\/v2\/pages"}],"about":[{"href":"https:\/\/www.toyotomi.eu\/fr\/wp-json\/wp\/v2\/types\/page"}],"author":[{"embeddable":true,"href":"https:\/\/www.toyotomi.eu\/fr\/wp-json\/wp\/v2\/users\/71"}],"replies":[{"embeddable":true,"href":"https:\/\/www.toyotomi.eu\/fr\/wp-json\/wp\/v2\/comments?post=38264"}],"version-history":[{"count":8,"href":"https:\/\/www.toyotomi.eu\/fr\/wp-json\/wp\/v2\/pages\/38264\/revisions"}],"predecessor-version":[{"id":62706,"href":"https:\/\/www.toyotomi.eu\/fr\/wp-json\/wp\/v2\/pages\/38264\/revisions\/62706"}],"up":[{"embeddable":true,"href":"https:\/\/www.toyotomi.eu\/fr\/wp-json\/wp\/v2\/pages\/38225"}],"wp:attachment":[{"href":"https:\/\/www.toyotomi.eu\/fr\/wp-json\/wp\/v2\/media?parent=38264"}],"curies":[{"name":"wp","href":"https:\/\/api.w.org\/{rel}","templated":true}]}}