{"id":38257,"date":"2025-01-01T00:00:32","date_gmt":"2024-12-31T23:00:32","guid":{"rendered":"https:\/\/www.toyotomi.eu\/service-client\/telechargements\/"},"modified":"2026-04-15T17:14:24","modified_gmt":"2026-04-15T15:14:24","slug":"telechargements","status":"publish","type":"page","link":"https:\/\/www.toyotomi.eu\/fr\/service-client\/telechargements\/","title":{"rendered":"T\u00e9l\u00e9chargements"},"content":{"rendered":"\n<div class=\"wp-block-essential-blocks-wrapper alignfull  root-eb-wrapper-l71oh\"><div class=\"eb-parent-wrapper eb-parent-eb-wrapper-l71oh \"><div class=\"eb-wrapper-outer eb-wrapper-l71oh\"><div class=\"eb-wrapper-inner\"><div class=\"eb-wrapper-inner-blocks eb-wrapper-align-center\">\n<div class=\"wp-block-essential-blocks-row alignfull  root-eb-row-ve2jw\"><div class=\"eb-parent-wrapper eb-parent-eb-row-ve2jw \"><div class=\"eb-row-root-container eb-row-ve2jw\" data-id=\"eb-row-ve2jw\"><div class=\"eb-row-wrapper\"><div class=\"eb-row-inner\">\n<div class=\"wp-block-essential-blocks-column  root-eb-column-09yfp\"><div class=\"eb-parent-wrapper eb-parent-eb-column-09yfp \"><div class=\"eb-column-wrapper eb-column-09yfp\"><div class=\"eb-column-inner\">\n        <div class=\"root-eb-breadcrumb-56bzo wp-block-essential-blocks-breadcrumbs\">\n            <div class=\"eb-parent-wrapper eb-parent-eb-breadcrumb-56bzo \">\n                <div aria-label=\"Breadcrumb\" class=\"eb-breadcrumb-wrapper eb-breadcrumb-56bzo\" data-id=\"eb-breadcrumb-56bzo\">\n                    \n                    <div class=\"eb-breadcrumb\"><span class=\"eb-breadcrumb-item\"><a href=\"https:\/\/www.toyotomi.eu\/fr\/\">Home<\/a><\/span><span class=\"eb-breadcrumb-separator\">\/<\/span><span class=\"eb-breadcrumb-item current\">Page<\/span><\/div>\n                <\/div>\n            <\/div>\n        <\/div><\/div><\/div><\/div><\/div>\n<\/div><\/div><\/div><\/div><\/div>\n<\/div><\/div><\/div><\/div><\/div>\n\n<div class=\"wp-block-essential-blocks-wrapper alignfull  root-eb-wrapper-qljji\"><div class=\"eb-parent-wrapper eb-parent-eb-wrapper-qljji \"><div class=\"eb-wrapper-outer eb-wrapper-qljji\"><div class=\"eb-wrapper-inner\"><div class=\"eb-wrapper-inner-blocks eb-wrapper-align-center\">\n<div class=\"wp-block-essential-blocks-row alignfull  root-eb-row-geair\"><div class=\"eb-parent-wrapper eb-parent-eb-row-geair \"><div class=\"eb-row-root-container eb-row-geair\" data-id=\"eb-row-geair\"><div class=\"eb-row-wrapper\"><div class=\"eb-row-inner\">\n<div class=\"wp-block-essential-blocks-column  root-eb-column-403d8\"><div class=\"eb-parent-wrapper eb-parent-eb-column-403d8 \"><div class=\"eb-column-wrapper eb-column-403d8\"><div class=\"eb-column-inner\">\n<h1 class=\"wp-block-heading\">T\u00e9l\u00e9chargements g\u00e9n\u00e9raux<\/h1>\n\n\n\n<p>Retrouvez tous les t\u00e9l\u00e9chargements et vid\u00e9os g\u00e9n\u00e9raux sur cette page ; si vous recherchez des t\u00e9l\u00e9chargements sp\u00e9cifiques \u00e0 un produit, consultez la page produit correspondante.<\/p>\n<\/div><\/div><\/div><\/div>\n\n\n\n<div class=\"wp-block-essential-blocks-column  root-eb-column-pm80n\"><div class=\"eb-parent-wrapper eb-parent-eb-column-pm80n \"><div class=\"eb-column-wrapper eb-column-pm80n\"><div class=\"eb-column-inner\">\n<h2 class=\"wp-block-heading\">Catalogue g\u00e9n\u00e9ral<\/h2>\n\n\n\n<hr class=\"wp-block-separator has-text-color has-alpha-channel-opacity has-background is-style-default\" style=\"margin-top:var(--wp--preset--spacing--small);margin-bottom:var(--wp--preset--spacing--small);background-color:#cccccc;color:#cccccc\"\/>\n\n\n\n<div class=\"wp-block-essential-blocks-row alignfull  root-eb-row-vyvd7\"><div class=\"eb-parent-wrapper eb-parent-eb-row-vyvd7 \"><div class=\"eb-row-root-container eb-row-vyvd7\" data-id=\"eb-row-vyvd7\"><div class=\"eb-row-wrapper\"><div class=\"eb-row-inner\">\n<div class=\"wp-block-essential-blocks-column  root-eb-column-n148v\"><div class=\"eb-parent-wrapper eb-parent-eb-column-n148v \"><div class=\"eb-column-wrapper eb-column-n148v\"><div class=\"eb-column-inner\">\n<h3 class=\"wp-block-heading\">Chauffage<\/h3>\n\n\n\n<div style=\"height:10px\" aria-hidden=\"true\" class=\"wp-block-spacer\"><\/div>\n\n\n\n<div class=\"wp-block-file\"><a id=\"wp-block-file--media-6b9b6103-b95a-4ea2-8d14-4c5dec821f32\" href=\"https:\/\/www.toyotomi.eu\/wp-content\/uploads\/2025\/10\/TOYO_CAT_HEATING_IT_2024_WEB.pdf\" target=\"_blank\" rel=\"noreferrer noopener\">Chauffage 2024 &#8211; IT<\/a><\/div>\n\n\n\n<div class=\"wp-block-file\"><a id=\"wp-block-file--media-6b9b6103-b95a-4ea2-8d14-4c5dec821f32\" href=\"https:\/\/www.toyotomi.eu\/wp-content\/uploads\/2025\/10\/TOYO_CAT_HEATING_ES_2025_WEB.pdf\" target=\"_blank\" rel=\"noreferrer noopener\">Chauffage 2025 &#8211; ES<\/a><\/div>\n\n\n\n<div class=\"wp-block-file\"><a id=\"wp-block-file--media-92a5fd65-8481-48f2-aeb0-9f82a04d250f\" href=\"https:\/\/www.toyotomi.eu\/wp-content\/uploads\/2025\/10\/TOYO_CAT_HEATING_ES_2025_WEB.pdf\" target=\"_blank\" rel=\"noreferrer noopener\">Chauffage 2025 &#8211; PT<\/a><\/div>\n\n\n\n<div style=\"height:30px\" aria-hidden=\"true\" class=\"wp-block-spacer\"><\/div>\n\n\n\n<h3 class=\"wp-block-heading\">Climatisation<\/h3>\n\n\n\n<div style=\"height:10px\" aria-hidden=\"true\" class=\"wp-block-spacer\"><\/div>\n\n\n\n<div class=\"wp-block-file\"><a id=\"wp-block-file--media-45280158-f9fe-4906-8e05-4792d515ba7f\" href=\"https:\/\/www.toyotomi.eu\/wp-content\/uploads\/2026\/04\/TOYO_CAT_IT_2026_WEB.pdf\" target=\"_blank\" rel=\"noreferrer noopener\">Climatisation 2026 &#8211; IT<\/a><\/div>\n\n\n\n<div class=\"wp-block-file\"><a id=\"wp-block-file--media-a26db3e3-a3e2-4e99-b7a6-8aef50897b6a\" href=\"https:\/\/www.toyotomi.eu\/wp-content\/uploads\/2026\/04\/TOYO_CAT_PT_2026_WEB.pdf\" target=\"_blank\" rel=\"noreferrer noopener\">Climatisation 2026 &#8211; PT<\/a><\/div>\n<\/div><\/div><\/div><\/div>\n<\/div><\/div><\/div><\/div><\/div>\n\n\n\n<div style=\"height:40px\" aria-hidden=\"true\" class=\"wp-block-spacer\"><\/div>\n\n\n\n<h2 class=\"wp-block-heading\">Programme de fid\u00e9lit\u00e9<\/h2>\n\n\n\n<hr class=\"wp-block-separator has-text-color has-alpha-channel-opacity has-background is-style-default\" style=\"margin-top:var(--wp--preset--spacing--small);margin-bottom:var(--wp--preset--spacing--small);background-color:#cccccc;color:#cccccc\"\/>\n\n\n\n<div class=\"wp-block-essential-blocks-row alignfull  root-eb-row-3jbl0\"><div class=\"eb-parent-wrapper eb-parent-eb-row-3jbl0 \"><div class=\"eb-row-root-container eb-row-3jbl0\" data-id=\"eb-row-3jbl0\"><div class=\"eb-row-wrapper\"><div class=\"eb-row-inner\">\n<div class=\"wp-block-essential-blocks-column  root-eb-column-fpqwv\"><div class=\"eb-parent-wrapper eb-parent-eb-column-fpqwv \"><div class=\"eb-column-wrapper eb-column-fpqwv\"><div class=\"eb-column-inner\">\n<div class=\"wp-block-file\"><a id=\"wp-block-file--media-2a3b053e-153a-49fd-b3aa-965929743ee2\" href=\"https:\/\/www.toyotomi.eu\/wp-content\/uploads\/2025\/03\/Programa-Puntos-ES-2025-2026.pdf\" target=\"_blank\" rel=\"noreferrer noopener\">Programme de fid\u00e9lit\u00e9 &#8211; ES<\/a><\/div>\n\n\n\n<div class=\"wp-block-file\"><a id=\"wp-block-file--media-728c955a-c74e-4845-82af-499ba89ba07c\" href=\"https:\/\/www.toyotomi.eu\/wp-content\/uploads\/2025\/03\/Programa-Puntos-ES-2025-2026.pdf\" target=\"_blank\" rel=\"noreferrer noopener\">Programme de fid\u00e9lit\u00e9 &#8211; PT<\/a><\/div>\n<\/div><\/div><\/div><\/div>\n<\/div><\/div><\/div><\/div><\/div>\n\n\n\n<div style=\"height:40px\" aria-hidden=\"true\" class=\"wp-block-spacer\"><\/div>\n\n\n\n<h2 class=\"wp-block-heading\">Vid\u00e9os<\/h2>\n\n\n\n<hr class=\"wp-block-separator has-text-color has-alpha-channel-opacity has-background is-style-default\" style=\"margin-top:var(--wp--preset--spacing--small);margin-bottom:var(--wp--preset--spacing--small);background-color:#cccccc;color:#cccccc\"\/>\n\n\n\n<div class=\"wp-block-essential-blocks-row alignfull  root-eb-row-z2620\"><div class=\"eb-parent-wrapper eb-parent-eb-row-z2620 \"><div class=\"eb-row-root-container eb-row-z2620\" data-id=\"eb-row-z2620\"><div class=\"eb-row-wrapper\"><div class=\"eb-row-inner\">\n<div class=\"wp-block-essential-blocks-column  root-eb-column-yshvb\"><div class=\"eb-parent-wrapper eb-parent-eb-column-yshvb \"><div class=\"eb-column-wrapper eb-column-yshvb\"><div class=\"eb-column-inner\">\n<figure class=\"wp-block-embed is-type-video is-provider-youtube wp-block-embed-youtube wp-embed-aspect-16-9 wp-has-aspect-ratio\"><div class=\"wp-block-embed__wrapper\">\n<div class=\"video-container\"><iframe loading=\"lazy\" title=\"ZIBRO TOYOTOMI | CAMBIO DELLO STOPPINO DI UNA ZIBRO\" width=\"1170\" height=\"658\" src=\"https:\/\/www.youtube.com\/embed\/eOHaC8YLBok?feature=oembed\" frameborder=\"0\" allow=\"accelerometer; autoplay; clipboard-write; encrypted-media; gyroscope; picture-in-picture; web-share\" referrerpolicy=\"strict-origin-when-cross-origin\" allowfullscreen><\/iframe><\/div>\n<\/div><\/figure>\n<\/div><\/div><\/div><\/div>\n\n\n\n<div class=\"wp-block-essential-blocks-column  root-eb-column-c2zms\"><div class=\"eb-parent-wrapper eb-parent-eb-column-c2zms \"><div class=\"eb-column-wrapper eb-column-c2zms\"><div class=\"eb-column-inner\">\n<figure class=\"wp-block-embed is-type-video is-provider-youtube wp-block-embed-youtube wp-embed-aspect-16-9 wp-has-aspect-ratio\"><div class=\"wp-block-embed__wrapper\">\n<div class=\"video-container\"><iframe loading=\"lazy\" title=\"ZIBRO TOYOTOMI | COME ACCENDERE UNA STUFA A STOPPINO\" width=\"1170\" height=\"658\" src=\"https:\/\/www.youtube.com\/embed\/yeTqJj_dpHY?feature=oembed\" frameborder=\"0\" allow=\"accelerometer; autoplay; clipboard-write; encrypted-media; gyroscope; picture-in-picture; web-share\" referrerpolicy=\"strict-origin-when-cross-origin\" allowfullscreen><\/iframe><\/div>\n<\/div><\/figure>\n<\/div><\/div><\/div><\/div>\n<\/div><\/div><\/div><\/div><\/div>\n\n\n\n<div class=\"wp-block-essential-blocks-row alignfull  root-eb-row-z5ftn\"><div class=\"eb-parent-wrapper eb-parent-eb-row-z5ftn \"><div class=\"eb-row-root-container eb-row-z5ftn\" data-id=\"eb-row-z5ftn\"><div class=\"eb-row-wrapper\"><div class=\"eb-row-inner\">\n<div class=\"wp-block-essential-blocks-column  root-eb-column-bivdl\"><div class=\"eb-parent-wrapper eb-parent-eb-column-bivdl \"><div class=\"eb-column-wrapper eb-column-bivdl\"><div class=\"eb-column-inner\">\n<figure class=\"wp-block-embed is-type-video is-provider-youtube wp-block-embed-youtube wp-embed-aspect-16-9 wp-has-aspect-ratio\"><div class=\"wp-block-embed__wrapper\">\n<div class=\"video-container\"><iframe loading=\"lazy\" title=\"ESTUFAS FF TOYOTOMI\" width=\"1170\" height=\"658\" src=\"https:\/\/www.youtube.com\/embed\/839vMrDUfw8?feature=oembed\" frameborder=\"0\" allow=\"accelerometer; autoplay; clipboard-write; encrypted-media; gyroscope; picture-in-picture; web-share\" referrerpolicy=\"strict-origin-when-cross-origin\" allowfullscreen><\/iframe><\/div>\n<\/div><\/figure>\n<\/div><\/div><\/div><\/div>\n\n\n\n<div class=\"wp-block-essential-blocks-column root-eb-column-5lqhk\"><div class=\"eb-parent-wrapper eb-parent-eb-column-5lqhk \"><div class=\"eb-column-wrapper eb-column-5lqhk\"><div class=\"eb-column-inner\"><\/div><\/div><\/div><\/div>\n<\/div><\/div><\/div><\/div><\/div>\n<\/div><\/div><\/div><\/div>\n<\/div><\/div><\/div><\/div><\/div>\n<\/div><\/div><\/div><\/div><\/div>\n\n<div class=\"wp-block-essential-blocks-wrapper alignfull  root-eb-wrapper-c92kd\"><div class=\"eb-parent-wrapper eb-parent-eb-wrapper-c92kd \"><div class=\"eb-wrapper-outer eb-wrapper-c92kd\"><div class=\"eb-wrapper-inner\"><div class=\"eb-wrapper-inner-blocks eb-wrapper-align-center\">\n<div class=\"wp-block-essential-blocks-row alignfull  root-eb-row-zc8ic\"><div class=\"eb-parent-wrapper eb-parent-eb-row-zc8ic \"><div class=\"eb-row-root-container eb-row-zc8ic\" data-id=\"eb-row-zc8ic\"><div class=\"eb-row-wrapper\"><div class=\"eb-row-inner\">\n<div class=\"wp-block-essential-blocks-column  root-eb-column-lxhh0\"><div class=\"eb-parent-wrapper eb-parent-eb-column-lxhh0 \"><div class=\"eb-column-wrapper eb-column-lxhh0\"><div class=\"eb-column-inner\">\n<div class=\"wp-block-essential-blocks-button root-eb-button-hunm6\"><div class=\"eb-parent-wrapper eb-parent-eb-button-hunm6 \"><div class=\"eb-button-wrapper eb-button-alignment eb-button-hunm6\"><div class=\"eb-button\"><div class=\"eb-button-inner-wrapper \"><a class=\"eb-button-anchor hvr-grow \" href=\"https:\/\/www.toyotomi.eu\/fr\/service-client\/\" rel=\"noopener\"><i icon=\"fas fa-chevron-right\" class=\"fas fa-chevron-right eb-button-icon eb-button-icon-left hvr-icon\"><\/i>Service client<\/a><\/div><\/div><\/div><\/div><\/div>\n<\/div><\/div><\/div><\/div>\n<\/div><\/div><\/div><\/div><\/div>\n<\/div><\/div><\/div><\/div><\/div>\n","protected":false},"excerpt":{"rendered":"","protected":false},"author":71,"featured_media":0,"parent":38225,"menu_order":0,"comment_status":"closed","ping_status":"closed","template":"template-canvas.php","meta":{"_acf_changed":false,"_eb_attr":"","footnotes":""},"class_list":["post-38257","page","type-page","status-publish","hentry"],"acf":[],"yoast_head":"<!-- This site is optimized with the Yoast SEO plugin v27.4 - https:\/\/yoast.com\/product\/yoast-seo-wordpress\/ -->\n<title>T\u00e9l\u00e9chargements - Toyotomi<\/title>\n<meta name=\"description\" content=\"Trouvez les r\u00e9ponses aux FAQ, les d\u00e9tails de garantie &amp; de r\u00e9paration, les t\u00e9l\u00e9chargements, et contactez notre service client pour toutes vos questions.\" \/>\n<meta name=\"robots\" content=\"index, follow, max-snippet:-1, max-image-preview:large, max-video-preview:-1\" \/>\n<link rel=\"canonical\" href=\"https:\/\/www.toyotomi.eu\/fr\/service-client\/telechargements\/\" \/>\n<meta property=\"og:locale\" content=\"fr_FR\" \/>\n<meta property=\"og:type\" content=\"article\" \/>\n<meta property=\"og:title\" content=\"T\u00e9l\u00e9chargements - Toyotomi\" \/>\n<meta property=\"og:description\" content=\"Trouvez les r\u00e9ponses aux FAQ, les d\u00e9tails de garantie &amp; de r\u00e9paration, les t\u00e9l\u00e9chargements, et contactez notre service client pour toutes vos questions.\" \/>\n<meta property=\"og:url\" content=\"https:\/\/www.toyotomi.eu\/fr\/service-client\/telechargements\/\" \/>\n<meta property=\"og:site_name\" content=\"Toyotomi\" \/>\n<meta property=\"article:modified_time\" content=\"2026-04-15T15:14:24+00:00\" \/>\n<meta property=\"og:image\" content=\"https:\/\/www.toyotomi.eu\/wp-content\/uploads\/2025\/10\/logo.png\" \/>\n\t<meta property=\"og:image:width\" content=\"1360\" \/>\n\t<meta property=\"og:image:height\" content=\"304\" \/>\n\t<meta property=\"og:image:type\" content=\"image\/png\" \/>\n<meta name=\"twitter:card\" content=\"summary_large_image\" \/>\n<meta name=\"twitter:label1\" content=\"Dur\u00e9e de lecture estim\u00e9e\" \/>\n\t<meta name=\"twitter:data1\" content=\"1 minute\" \/>\n<script type=\"application\/ld+json\" class=\"yoast-schema-graph\">{\"@context\":\"https:\\\/\\\/schema.org\",\"@graph\":[{\"@type\":\"WebPage\",\"@id\":\"https:\\\/\\\/www.toyotomi.eu\\\/fr\\\/service-client\\\/telechargements\\\/\",\"url\":\"https:\\\/\\\/www.toyotomi.eu\\\/fr\\\/service-client\\\/telechargements\\\/\",\"name\":\"T\u00e9l\u00e9chargements - Toyotomi\",\"isPartOf\":{\"@id\":\"https:\\\/\\\/www.toyotomi.eu\\\/fr\\\/#website\"},\"datePublished\":\"2024-12-31T23:00:32+00:00\",\"dateModified\":\"2026-04-15T15:14:24+00:00\",\"description\":\"Trouvez les r\u00e9ponses aux FAQ, les d\u00e9tails de garantie & de r\u00e9paration, les t\u00e9l\u00e9chargements, et contactez notre service client pour toutes vos questions.\",\"breadcrumb\":{\"@id\":\"https:\\\/\\\/www.toyotomi.eu\\\/fr\\\/service-client\\\/telechargements\\\/#breadcrumb\"},\"inLanguage\":\"fr-FR\",\"potentialAction\":[{\"@type\":\"ReadAction\",\"target\":[\"https:\\\/\\\/www.toyotomi.eu\\\/fr\\\/service-client\\\/telechargements\\\/\"]}]},{\"@type\":\"BreadcrumbList\",\"@id\":\"https:\\\/\\\/www.toyotomi.eu\\\/fr\\\/service-client\\\/telechargements\\\/#breadcrumb\",\"itemListElement\":[{\"@type\":\"ListItem\",\"position\":1,\"name\":\"Accueil\",\"item\":\"https:\\\/\\\/www.toyotomi.eu\\\/fr\\\/\"},{\"@type\":\"ListItem\",\"position\":2,\"name\":\"Service client\",\"item\":\"https:\\\/\\\/www.toyotomi.eu\\\/fr\\\/service-client\\\/\"},{\"@type\":\"ListItem\",\"position\":3,\"name\":\"T\u00e9l\u00e9chargements\"}]},{\"@type\":\"WebSite\",\"@id\":\"https:\\\/\\\/www.toyotomi.eu\\\/fr\\\/#website\",\"url\":\"https:\\\/\\\/www.toyotomi.eu\\\/fr\\\/\",\"name\":\"Toyotomi\",\"description\":\"\",\"publisher\":{\"@id\":\"https:\\\/\\\/www.toyotomi.eu\\\/fr\\\/#organization\"},\"potentialAction\":[{\"@type\":\"SearchAction\",\"target\":{\"@type\":\"EntryPoint\",\"urlTemplate\":\"https:\\\/\\\/www.toyotomi.eu\\\/fr\\\/?s={search_term_string}\"},\"query-input\":{\"@type\":\"PropertyValueSpecification\",\"valueRequired\":true,\"valueName\":\"search_term_string\"}}],\"inLanguage\":\"fr-FR\"},{\"@type\":\"Organization\",\"@id\":\"https:\\\/\\\/www.toyotomi.eu\\\/fr\\\/#organization\",\"name\":\"Toyotomi Europe Sales B.V.\",\"alternateName\":\"Toyotomi\",\"url\":\"https:\\\/\\\/www.toyotomi.eu\\\/fr\\\/\",\"logo\":{\"@type\":\"ImageObject\",\"inLanguage\":\"fr-FR\",\"@id\":\"https:\\\/\\\/www.toyotomi.eu\\\/fr\\\/#\\\/schema\\\/logo\\\/image\\\/\",\"url\":\"https:\\\/\\\/www.toyotomi.eu\\\/wp-content\\\/uploads\\\/2025\\\/10\\\/logo.png\",\"contentUrl\":\"https:\\\/\\\/www.toyotomi.eu\\\/wp-content\\\/uploads\\\/2025\\\/10\\\/logo.png\",\"width\":1360,\"height\":304,\"caption\":\"Toyotomi Europe Sales B.V.\"},\"image\":{\"@id\":\"https:\\\/\\\/www.toyotomi.eu\\\/fr\\\/#\\\/schema\\\/logo\\\/image\\\/\"}}]}<\/script>\n<!-- \/ Yoast SEO plugin. -->","yoast_head_json":{"title":"T\u00e9l\u00e9chargements - Toyotomi","description":"Trouvez les r\u00e9ponses aux FAQ, les d\u00e9tails de garantie & de r\u00e9paration, les t\u00e9l\u00e9chargements, et contactez notre service client pour toutes vos questions.","robots":{"index":"index","follow":"follow","max-snippet":"max-snippet:-1","max-image-preview":"max-image-preview:large","max-video-preview":"max-video-preview:-1"},"canonical":"https:\/\/www.toyotomi.eu\/fr\/service-client\/telechargements\/","og_locale":"fr_FR","og_type":"article","og_title":"T\u00e9l\u00e9chargements - Toyotomi","og_description":"Trouvez les r\u00e9ponses aux FAQ, les d\u00e9tails de garantie & de r\u00e9paration, les t\u00e9l\u00e9chargements, et contactez notre service client pour toutes vos questions.","og_url":"https:\/\/www.toyotomi.eu\/fr\/service-client\/telechargements\/","og_site_name":"Toyotomi","article_modified_time":"2026-04-15T15:14:24+00:00","og_image":[{"width":1360,"height":304,"url":"https:\/\/www.toyotomi.eu\/wp-content\/uploads\/2025\/10\/logo.png","type":"image\/png"}],"twitter_card":"summary_large_image","twitter_misc":{"Dur\u00e9e de lecture estim\u00e9e":"1 minute"},"schema":{"@context":"https:\/\/schema.org","@graph":[{"@type":"WebPage","@id":"https:\/\/www.toyotomi.eu\/fr\/service-client\/telechargements\/","url":"https:\/\/www.toyotomi.eu\/fr\/service-client\/telechargements\/","name":"T\u00e9l\u00e9chargements - Toyotomi","isPartOf":{"@id":"https:\/\/www.toyotomi.eu\/fr\/#website"},"datePublished":"2024-12-31T23:00:32+00:00","dateModified":"2026-04-15T15:14:24+00:00","description":"Trouvez les r\u00e9ponses aux FAQ, les d\u00e9tails de garantie & de r\u00e9paration, les t\u00e9l\u00e9chargements, et contactez notre service client pour toutes vos questions.","breadcrumb":{"@id":"https:\/\/www.toyotomi.eu\/fr\/service-client\/telechargements\/#breadcrumb"},"inLanguage":"fr-FR","potentialAction":[{"@type":"ReadAction","target":["https:\/\/www.toyotomi.eu\/fr\/service-client\/telechargements\/"]}]},{"@type":"BreadcrumbList","@id":"https:\/\/www.toyotomi.eu\/fr\/service-client\/telechargements\/#breadcrumb","itemListElement":[{"@type":"ListItem","position":1,"name":"Accueil","item":"https:\/\/www.toyotomi.eu\/fr\/"},{"@type":"ListItem","position":2,"name":"Service client","item":"https:\/\/www.toyotomi.eu\/fr\/service-client\/"},{"@type":"ListItem","position":3,"name":"T\u00e9l\u00e9chargements"}]},{"@type":"WebSite","@id":"https:\/\/www.toyotomi.eu\/fr\/#website","url":"https:\/\/www.toyotomi.eu\/fr\/","name":"Toyotomi","description":"","publisher":{"@id":"https:\/\/www.toyotomi.eu\/fr\/#organization"},"potentialAction":[{"@type":"SearchAction","target":{"@type":"EntryPoint","urlTemplate":"https:\/\/www.toyotomi.eu\/fr\/?s={search_term_string}"},"query-input":{"@type":"PropertyValueSpecification","valueRequired":true,"valueName":"search_term_string"}}],"inLanguage":"fr-FR"},{"@type":"Organization","@id":"https:\/\/www.toyotomi.eu\/fr\/#organization","name":"Toyotomi Europe Sales B.V.","alternateName":"Toyotomi","url":"https:\/\/www.toyotomi.eu\/fr\/","logo":{"@type":"ImageObject","inLanguage":"fr-FR","@id":"https:\/\/www.toyotomi.eu\/fr\/#\/schema\/logo\/image\/","url":"https:\/\/www.toyotomi.eu\/wp-content\/uploads\/2025\/10\/logo.png","contentUrl":"https:\/\/www.toyotomi.eu\/wp-content\/uploads\/2025\/10\/logo.png","width":1360,"height":304,"caption":"Toyotomi Europe Sales B.V."},"image":{"@id":"https:\/\/www.toyotomi.eu\/fr\/#\/schema\/logo\/image\/"}}]}},"_links":{"self":[{"href":"https:\/\/www.toyotomi.eu\/fr\/wp-json\/wp\/v2\/pages\/38257","targetHints":{"allow":["GET"]}}],"collection":[{"href":"https:\/\/www.toyotomi.eu\/fr\/wp-json\/wp\/v2\/pages"}],"about":[{"href":"https:\/\/www.toyotomi.eu\/fr\/wp-json\/wp\/v2\/types\/page"}],"author":[{"embeddable":true,"href":"https:\/\/www.toyotomi.eu\/fr\/wp-json\/wp\/v2\/users\/71"}],"replies":[{"embeddable":true,"href":"https:\/\/www.toyotomi.eu\/fr\/wp-json\/wp\/v2\/comments?post=38257"}],"version-history":[{"count":15,"href":"https:\/\/www.toyotomi.eu\/fr\/wp-json\/wp\/v2\/pages\/38257\/revisions"}],"predecessor-version":[{"id":63260,"href":"https:\/\/www.toyotomi.eu\/fr\/wp-json\/wp\/v2\/pages\/38257\/revisions\/63260"}],"up":[{"embeddable":true,"href":"https:\/\/www.toyotomi.eu\/fr\/wp-json\/wp\/v2\/pages\/38225"}],"wp:attachment":[{"href":"https:\/\/www.toyotomi.eu\/fr\/wp-json\/wp\/v2\/media?parent=38257"}],"curies":[{"name":"wp","href":"https:\/\/api.w.org\/{rel}","templated":true}]}}