{"id":38225,"date":"2025-01-01T00:00:27","date_gmt":"2024-12-31T23:00:27","guid":{"rendered":"https:\/\/www.toyotomi.eu\/service-client\/"},"modified":"2026-04-02T18:03:07","modified_gmt":"2026-04-02T16:03:07","slug":"service-client","status":"publish","type":"page","link":"https:\/\/www.toyotomi.eu\/fr\/service-client\/","title":{"rendered":"Service client"},"content":{"rendered":"\n<div class=\"wp-block-cover alignfull is-light\" style=\"min-height:300px;aspect-ratio:unset;\"><img loading=\"lazy\" decoding=\"async\" width=\"1920\" height=\"1000\" class=\"wp-block-cover__image-background wp-image-56516 size-full\" alt=\"\" src=\"https:\/\/www.toyotomi.eu\/wp-content\/uploads\/2026\/01\/Toyotomi-craeteing-your-own-comfort.jpg\" style=\"object-position:50% 50%\" data-object-fit=\"cover\" data-object-position=\"50% 50%\" srcset=\"https:\/\/www.toyotomi.eu\/wp-content\/uploads\/2026\/01\/Toyotomi-craeteing-your-own-comfort.jpg 1920w, https:\/\/www.toyotomi.eu\/wp-content\/uploads\/2026\/01\/Toyotomi-craeteing-your-own-comfort-1024x533.jpg 1024w, https:\/\/www.toyotomi.eu\/wp-content\/uploads\/2026\/01\/Toyotomi-craeteing-your-own-comfort-768x400.jpg 768w, https:\/\/www.toyotomi.eu\/wp-content\/uploads\/2026\/01\/Toyotomi-craeteing-your-own-comfort-1536x800.jpg 1536w, https:\/\/www.toyotomi.eu\/wp-content\/uploads\/2026\/01\/Toyotomi-craeteing-your-own-comfort-990x516.jpg 990w, https:\/\/www.toyotomi.eu\/wp-content\/uploads\/2026\/01\/Toyotomi-craeteing-your-own-comfort-441x230.jpg 441w, https:\/\/www.toyotomi.eu\/wp-content\/uploads\/2026\/01\/Toyotomi-craeteing-your-own-comfort-150x78.jpg 150w\" sizes=\"auto, (max-width: 1920px) 100vw, 1920px\" \/><span aria-hidden=\"true\" class=\"wp-block-cover__background has-black-background-color has-background-dim-20 has-background-dim\"><\/span><div class=\"wp-block-cover__inner-container has-global-padding is-layout-constrained wp-block-cover-is-layout-constrained\">\n<div class=\"wp-block-essential-blocks-wrapper alignfull  root-eb-wrapper-motsx\"><div class=\"eb-parent-wrapper eb-parent-eb-wrapper-motsx \"><div class=\"eb-wrapper-outer eb-wrapper-motsx\"><div class=\"eb-wrapper-inner\"><div class=\"eb-wrapper-inner-blocks eb-wrapper-align-center\">\n<div class=\"wp-block-essential-blocks-row alignfull  root-eb-row-yp45t\"><div class=\"eb-parent-wrapper eb-parent-eb-row-yp45t \"><div class=\"eb-row-root-container eb-row-yp45t\" data-id=\"eb-row-yp45t\"><div class=\"eb-row-wrapper\"><div class=\"eb-row-inner\">\n<div class=\"wp-block-essential-blocks-column  root-eb-column-93wzx\"><div class=\"eb-parent-wrapper eb-parent-eb-column-93wzx \"><div class=\"eb-column-wrapper eb-column-93wzx\"><div class=\"eb-column-inner\">\n<h1 class=\"wp-block-heading has-text-align-left has-white-color has-text-color has-link-color has-xx-large-font-size wp-elements-fc4917b6279667fd6377ad1d8d818b6e\">Service client<\/h1>\n<\/div><\/div><\/div><\/div>\n<\/div><\/div><\/div><\/div><\/div>\n<\/div><\/div><\/div><\/div><\/div>\n<\/div><\/div>\n\n<div style=\"height:40px\" aria-hidden=\"true\" class=\"wp-block-spacer\"><\/div>\n\n<div class=\"wp-block-essential-blocks-wrapper alignfull  root-eb-wrapper-sd35k\"><div class=\"eb-parent-wrapper eb-parent-eb-wrapper-sd35k \"><div class=\"eb-wrapper-outer eb-wrapper-sd35k\"><div class=\"eb-wrapper-inner\"><div class=\"eb-wrapper-inner-blocks eb-wrapper-align-center\">\n<div class=\"wp-block-essential-blocks-row alignfull  root-eb-row-fzn8s\"><div class=\"eb-parent-wrapper eb-parent-eb-row-fzn8s \"><div class=\"eb-row-root-container eb-row-fzn8s\" data-id=\"eb-row-fzn8s\"><div class=\"eb-row-wrapper\"><div class=\"eb-row-inner\">\n<div class=\"wp-block-essential-blocks-column  root-eb-column-dgfnm\"><div class=\"eb-parent-wrapper eb-parent-eb-column-dgfnm \"><div class=\"eb-column-wrapper eb-column-dgfnm\"><div class=\"eb-column-inner\">\n<h2 class=\"wp-block-heading has-large-font-size\"><strong>Besoin d\u2019aide\u00a0? Commencez ici. <\/strong><\/h2>\n<\/div><\/div><\/div><\/div>\n<\/div><\/div><\/div><\/div><\/div>\n<\/div><\/div><\/div><\/div><\/div>\n\n<div class=\"wp-block-essential-blocks-wrapper alignfull  root-eb-wrapper-bsnbx\"><div class=\"eb-parent-wrapper eb-parent-eb-wrapper-bsnbx \"><div class=\"eb-wrapper-outer eb-wrapper-bsnbx\"><div class=\"eb-wrapper-inner\"><div class=\"eb-wrapper-inner-blocks eb-wrapper-align-center\">\n<div class=\"wp-block-essential-blocks-row alignfull  root-eb-row-xneoi\"><div class=\"eb-parent-wrapper eb-parent-eb-row-xneoi \"><div class=\"eb-row-root-container eb-row-xneoi\" data-id=\"eb-row-xneoi\"><div class=\"eb-row-wrapper\"><div class=\"eb-row-inner\">\n<div class=\"wp-block-essential-blocks-column  root-eb-column-6r6on\"><div class=\"eb-parent-wrapper eb-parent-eb-column-6r6on \"><div class=\"eb-column-wrapper eb-column-6r6on\"><div class=\"eb-column-inner\">\n<div class=\"wp-block-essential-blocks-interactive-promo root-eb-interactive-promo-dlc45\"><div class=\"eb-parent-wrapper eb-parent-eb-interactive-promo-dlc45 \"><div class=\"eb-interactive-promo-wrapper eb-interactive-promo-dlc45\"><div class=\"eb-interactive-promo-container\" data-effect=\"selena\"><div class=\"eb-interactive-promo hover-effect\"><figure class=\"effect-selena\"><img decoding=\"async\" src=\"https:\/\/www.toyotomi.eu\/wp-content\/uploads\/2023\/02\/FAQ-button.png\" alt=\"\"><figcaption><h2 class=\"eb-interactive-promo-header\"><\/h2><p class=\"eb-interactive-promo-content\"><\/p><a href=\"https:\/\/www.toyotomi.eu\/fr\/service-client\/faq\/\" target=\"_self\" rel=\"noopener noreferrer\"><\/a><\/figcaption><\/figure><\/div><\/div><\/div><\/div><\/div>\n\n\n\n<h2 class=\"wp-block-heading has-text-align-center has-text-color has-link-color wp-elements-a5711f0030ea6a7955bc31bd0cea7455\" style=\"color:#c10b25\"><a href=\"https:\/\/www.toyotomi.eu\/fr\/service-client\/faq\/\" type=\"page\" id=\"24120\">FAQ<\/a><\/h2>\n<\/div><\/div><\/div><\/div>\n\n\n\n<div class=\"wp-block-essential-blocks-column  root-eb-column-jh19w\"><div class=\"eb-parent-wrapper eb-parent-eb-column-jh19w \"><div class=\"eb-column-wrapper eb-column-jh19w\"><div class=\"eb-column-inner\">\n<div class=\"wp-block-essential-blocks-interactive-promo root-eb-interactive-promo-ovlna\"><div class=\"eb-parent-wrapper eb-parent-eb-interactive-promo-ovlna \"><div class=\"eb-interactive-promo-wrapper eb-interactive-promo-ovlna\"><div class=\"eb-interactive-promo-container\" data-effect=\"selena\"><div class=\"eb-interactive-promo hover-effect\"><figure class=\"effect-selena\"><img decoding=\"async\" src=\"https:\/\/www.toyotomi.eu\/wp-content\/uploads\/2023\/02\/Warranty-button.png\" alt=\"\"><figcaption><h2 class=\"eb-interactive-promo-header\"><\/h2><p class=\"eb-interactive-promo-content\"><\/p><a href=\"https:\/\/www.toyotomi.eu\/fr\/service-client\/garantie\/\" target=\"_self\" rel=\"noopener noreferrer\"><\/a><\/figcaption><\/figure><\/div><\/div><\/div><\/div><\/div>\n\n\n\n<h2 class=\"wp-block-heading has-text-align-center has-text-color has-link-color wp-elements-796895df6cc442e93f8e29a20aee60dd\" style=\"color:#c10b25\"><a href=\"https:\/\/www.toyotomi.eu\/fr\/service-client\/garantie\/\" type=\"page\" id=\"24121\">Garantie<\/a><\/h2>\n<\/div><\/div><\/div><\/div>\n\n\n\n<div class=\"wp-block-essential-blocks-column  root-eb-column-f8rh8\"><div class=\"eb-parent-wrapper eb-parent-eb-column-f8rh8 \"><div class=\"eb-column-wrapper eb-column-f8rh8\"><div class=\"eb-column-inner\">\n<div class=\"wp-block-essential-blocks-interactive-promo root-eb-interactive-promo-xjspk\"><div class=\"eb-parent-wrapper eb-parent-eb-interactive-promo-xjspk \"><div class=\"eb-interactive-promo-wrapper eb-interactive-promo-xjspk\"><div class=\"eb-interactive-promo-container\" data-effect=\"selena\"><div class=\"eb-interactive-promo hover-effect\"><figure class=\"effect-selena\"><img decoding=\"async\" src=\"https:\/\/www.toyotomi.eu\/wp-content\/uploads\/2023\/02\/Download-button.png\" alt=\"\"><figcaption><h2 class=\"eb-interactive-promo-header\"><\/h2><p class=\"eb-interactive-promo-content\"><\/p><a href=\"https:\/\/www.toyotomi.eu\/fr\/service-client\/telechargements\/\" target=\"_self\" rel=\"noopener noreferrer\"><\/a><\/figcaption><\/figure><\/div><\/div><\/div><\/div><\/div>\n\n\n\n<h2 class=\"wp-block-heading has-text-align-center has-text-color has-link-color wp-elements-223b067dacd2efa670c02e9bfbb088a9\" style=\"color:#c10b25\"><a href=\"https:\/\/www.toyotomi.eu\/fr\/service-client\/telechargements\/\" type=\"page\" id=\"24123\">T\u00e9l\u00e9chargements<\/a><\/h2>\n<\/div><\/div><\/div><\/div>\n\n\n\n<div class=\"wp-block-essential-blocks-column  root-eb-column-44tbv\"><div class=\"eb-parent-wrapper eb-parent-eb-column-44tbv \"><div class=\"eb-column-wrapper eb-column-44tbv\"><div class=\"eb-column-inner\">\n<div class=\"wp-block-essential-blocks-interactive-promo root-eb-interactive-promo-xzf16\"><div class=\"eb-parent-wrapper eb-parent-eb-interactive-promo-xzf16 \"><div class=\"eb-interactive-promo-wrapper eb-interactive-promo-xzf16\"><div class=\"eb-interactive-promo-container\" data-effect=\"selena\"><div class=\"eb-interactive-promo hover-effect\"><figure class=\"effect-selena\"><img decoding=\"async\" src=\"https:\/\/www.toyotomi.eu\/wp-content\/uploads\/2023\/02\/Contact-us-button.png\" alt=\"\"><figcaption><h2 class=\"eb-interactive-promo-header\"><\/h2><p class=\"eb-interactive-promo-content\"><\/p><a href=\"https:\/\/www.toyotomi.eu\/fr\/service-client\/contact\/\" target=\"_self\" rel=\"noopener noreferrer\"><\/a><\/figcaption><\/figure><\/div><\/div><\/div><\/div><\/div>\n\n\n\n<h2 class=\"wp-block-heading has-text-align-center has-text-color has-link-color wp-elements-03e0ad1d71176ac57d2c58978820a3bb\" style=\"color:#c10b25\"><a href=\"https:\/\/www.toyotomi.eu\/fr\/service-client\/contact\/\" type=\"page\" id=\"24133\">Contact<\/a><\/h2>\n<\/div><\/div><\/div><\/div>\n<\/div><\/div><\/div><\/div><\/div>\n<\/div><\/div><\/div><\/div><\/div>\n","protected":false},"excerpt":{"rendered":"","protected":false},"author":71,"featured_media":0,"parent":0,"menu_order":0,"comment_status":"closed","ping_status":"closed","template":"template-canvas.php","meta":{"_acf_changed":false,"_eb_attr":"","footnotes":""},"class_list":["post-38225","page","type-page","status-publish","hentry"],"acf":[],"yoast_head":"<!-- This site is optimized with the Yoast SEO plugin v27.4 - https:\/\/yoast.com\/product\/yoast-seo-wordpress\/ -->\n<title>Service client - Toyotomi<\/title>\n<meta name=\"description\" content=\"Trouvez les r\u00e9ponses aux FAQ, les d\u00e9tails de garantie et de r\u00e9paration, les t\u00e9l\u00e9chargements et contactez notre service client\u00e8le pour toutes vos questions.\" \/>\n<meta name=\"robots\" content=\"index, follow, max-snippet:-1, max-image-preview:large, max-video-preview:-1\" \/>\n<link rel=\"canonical\" href=\"https:\/\/www.toyotomi.eu\/fr\/service-client\/\" \/>\n<meta property=\"og:locale\" content=\"fr_FR\" \/>\n<meta property=\"og:type\" content=\"article\" \/>\n<meta property=\"og:title\" content=\"Service client - Toyotomi\" \/>\n<meta property=\"og:description\" content=\"Trouvez les r\u00e9ponses aux FAQ, les d\u00e9tails de garantie et de r\u00e9paration, les t\u00e9l\u00e9chargements et contactez notre service client\u00e8le pour toutes vos questions.\" \/>\n<meta property=\"og:url\" content=\"https:\/\/www.toyotomi.eu\/fr\/service-client\/\" \/>\n<meta property=\"og:site_name\" content=\"Toyotomi\" \/>\n<meta property=\"article:modified_time\" content=\"2026-04-02T16:03:07+00:00\" \/>\n<meta property=\"og:image\" content=\"https:\/\/www.toyotomi.eu\/wp-content\/uploads\/2026\/01\/Toyotomi-craeteing-your-own-comfort.jpg\" \/>\n\t<meta property=\"og:image:width\" content=\"1920\" \/>\n\t<meta property=\"og:image:height\" content=\"1000\" \/>\n\t<meta property=\"og:image:type\" content=\"image\/jpeg\" \/>\n<meta name=\"twitter:card\" content=\"summary_large_image\" \/>\n<script type=\"application\/ld+json\" class=\"yoast-schema-graph\">{\"@context\":\"https:\\\/\\\/schema.org\",\"@graph\":[{\"@type\":\"WebPage\",\"@id\":\"https:\\\/\\\/www.toyotomi.eu\\\/fr\\\/service-client\\\/\",\"url\":\"https:\\\/\\\/www.toyotomi.eu\\\/fr\\\/service-client\\\/\",\"name\":\"Service client - Toyotomi\",\"isPartOf\":{\"@id\":\"https:\\\/\\\/www.toyotomi.eu\\\/fr\\\/#website\"},\"primaryImageOfPage\":{\"@id\":\"https:\\\/\\\/www.toyotomi.eu\\\/fr\\\/service-client\\\/#primaryimage\"},\"image\":{\"@id\":\"https:\\\/\\\/www.toyotomi.eu\\\/fr\\\/service-client\\\/#primaryimage\"},\"thumbnailUrl\":\"https:\\\/\\\/www.toyotomi.eu\\\/wp-content\\\/uploads\\\/2026\\\/01\\\/Toyotomi-craeteing-your-own-comfort.jpg\",\"datePublished\":\"2024-12-31T23:00:27+00:00\",\"dateModified\":\"2026-04-02T16:03:07+00:00\",\"description\":\"Trouvez les r\u00e9ponses aux FAQ, les d\u00e9tails de garantie et de r\u00e9paration, les t\u00e9l\u00e9chargements et contactez notre service client\u00e8le pour toutes vos questions.\",\"breadcrumb\":{\"@id\":\"https:\\\/\\\/www.toyotomi.eu\\\/fr\\\/service-client\\\/#breadcrumb\"},\"inLanguage\":\"fr-FR\",\"potentialAction\":[{\"@type\":\"ReadAction\",\"target\":[\"https:\\\/\\\/www.toyotomi.eu\\\/fr\\\/service-client\\\/\"]}]},{\"@type\":\"ImageObject\",\"inLanguage\":\"fr-FR\",\"@id\":\"https:\\\/\\\/www.toyotomi.eu\\\/fr\\\/service-client\\\/#primaryimage\",\"url\":\"https:\\\/\\\/www.toyotomi.eu\\\/wp-content\\\/uploads\\\/2026\\\/01\\\/Toyotomi-craeteing-your-own-comfort.jpg\",\"contentUrl\":\"https:\\\/\\\/www.toyotomi.eu\\\/wp-content\\\/uploads\\\/2026\\\/01\\\/Toyotomi-craeteing-your-own-comfort.jpg\"},{\"@type\":\"BreadcrumbList\",\"@id\":\"https:\\\/\\\/www.toyotomi.eu\\\/fr\\\/service-client\\\/#breadcrumb\",\"itemListElement\":[{\"@type\":\"ListItem\",\"position\":1,\"name\":\"Accueil\",\"item\":\"https:\\\/\\\/www.toyotomi.eu\\\/fr\\\/\"},{\"@type\":\"ListItem\",\"position\":2,\"name\":\"Service client\"}]},{\"@type\":\"WebSite\",\"@id\":\"https:\\\/\\\/www.toyotomi.eu\\\/fr\\\/#website\",\"url\":\"https:\\\/\\\/www.toyotomi.eu\\\/fr\\\/\",\"name\":\"Toyotomi\",\"description\":\"\",\"publisher\":{\"@id\":\"https:\\\/\\\/www.toyotomi.eu\\\/fr\\\/#organization\"},\"potentialAction\":[{\"@type\":\"SearchAction\",\"target\":{\"@type\":\"EntryPoint\",\"urlTemplate\":\"https:\\\/\\\/www.toyotomi.eu\\\/fr\\\/?s={search_term_string}\"},\"query-input\":{\"@type\":\"PropertyValueSpecification\",\"valueRequired\":true,\"valueName\":\"search_term_string\"}}],\"inLanguage\":\"fr-FR\"},{\"@type\":\"Organization\",\"@id\":\"https:\\\/\\\/www.toyotomi.eu\\\/fr\\\/#organization\",\"name\":\"Toyotomi Europe Sales B.V.\",\"alternateName\":\"Toyotomi\",\"url\":\"https:\\\/\\\/www.toyotomi.eu\\\/fr\\\/\",\"logo\":{\"@type\":\"ImageObject\",\"inLanguage\":\"fr-FR\",\"@id\":\"https:\\\/\\\/www.toyotomi.eu\\\/fr\\\/#\\\/schema\\\/logo\\\/image\\\/\",\"url\":\"https:\\\/\\\/www.toyotomi.eu\\\/wp-content\\\/uploads\\\/2025\\\/10\\\/logo.png\",\"contentUrl\":\"https:\\\/\\\/www.toyotomi.eu\\\/wp-content\\\/uploads\\\/2025\\\/10\\\/logo.png\",\"width\":1360,\"height\":304,\"caption\":\"Toyotomi Europe Sales B.V.\"},\"image\":{\"@id\":\"https:\\\/\\\/www.toyotomi.eu\\\/fr\\\/#\\\/schema\\\/logo\\\/image\\\/\"}}]}<\/script>\n<!-- \/ Yoast SEO plugin. -->","yoast_head_json":{"title":"Service client - Toyotomi","description":"Trouvez les r\u00e9ponses aux FAQ, les d\u00e9tails de garantie et de r\u00e9paration, les t\u00e9l\u00e9chargements et contactez notre service client\u00e8le pour toutes vos questions.","robots":{"index":"index","follow":"follow","max-snippet":"max-snippet:-1","max-image-preview":"max-image-preview:large","max-video-preview":"max-video-preview:-1"},"canonical":"https:\/\/www.toyotomi.eu\/fr\/service-client\/","og_locale":"fr_FR","og_type":"article","og_title":"Service client - Toyotomi","og_description":"Trouvez les r\u00e9ponses aux FAQ, les d\u00e9tails de garantie et de r\u00e9paration, les t\u00e9l\u00e9chargements et contactez notre service client\u00e8le pour toutes vos questions.","og_url":"https:\/\/www.toyotomi.eu\/fr\/service-client\/","og_site_name":"Toyotomi","article_modified_time":"2026-04-02T16:03:07+00:00","og_image":[{"width":1920,"height":1000,"url":"https:\/\/www.toyotomi.eu\/wp-content\/uploads\/2026\/01\/Toyotomi-craeteing-your-own-comfort.jpg","type":"image\/jpeg"}],"twitter_card":"summary_large_image","schema":{"@context":"https:\/\/schema.org","@graph":[{"@type":"WebPage","@id":"https:\/\/www.toyotomi.eu\/fr\/service-client\/","url":"https:\/\/www.toyotomi.eu\/fr\/service-client\/","name":"Service client - Toyotomi","isPartOf":{"@id":"https:\/\/www.toyotomi.eu\/fr\/#website"},"primaryImageOfPage":{"@id":"https:\/\/www.toyotomi.eu\/fr\/service-client\/#primaryimage"},"image":{"@id":"https:\/\/www.toyotomi.eu\/fr\/service-client\/#primaryimage"},"thumbnailUrl":"https:\/\/www.toyotomi.eu\/wp-content\/uploads\/2026\/01\/Toyotomi-craeteing-your-own-comfort.jpg","datePublished":"2024-12-31T23:00:27+00:00","dateModified":"2026-04-02T16:03:07+00:00","description":"Trouvez les r\u00e9ponses aux FAQ, les d\u00e9tails de garantie et de r\u00e9paration, les t\u00e9l\u00e9chargements et contactez notre service client\u00e8le pour toutes vos questions.","breadcrumb":{"@id":"https:\/\/www.toyotomi.eu\/fr\/service-client\/#breadcrumb"},"inLanguage":"fr-FR","potentialAction":[{"@type":"ReadAction","target":["https:\/\/www.toyotomi.eu\/fr\/service-client\/"]}]},{"@type":"ImageObject","inLanguage":"fr-FR","@id":"https:\/\/www.toyotomi.eu\/fr\/service-client\/#primaryimage","url":"https:\/\/www.toyotomi.eu\/wp-content\/uploads\/2026\/01\/Toyotomi-craeteing-your-own-comfort.jpg","contentUrl":"https:\/\/www.toyotomi.eu\/wp-content\/uploads\/2026\/01\/Toyotomi-craeteing-your-own-comfort.jpg"},{"@type":"BreadcrumbList","@id":"https:\/\/www.toyotomi.eu\/fr\/service-client\/#breadcrumb","itemListElement":[{"@type":"ListItem","position":1,"name":"Accueil","item":"https:\/\/www.toyotomi.eu\/fr\/"},{"@type":"ListItem","position":2,"name":"Service client"}]},{"@type":"WebSite","@id":"https:\/\/www.toyotomi.eu\/fr\/#website","url":"https:\/\/www.toyotomi.eu\/fr\/","name":"Toyotomi","description":"","publisher":{"@id":"https:\/\/www.toyotomi.eu\/fr\/#organization"},"potentialAction":[{"@type":"SearchAction","target":{"@type":"EntryPoint","urlTemplate":"https:\/\/www.toyotomi.eu\/fr\/?s={search_term_string}"},"query-input":{"@type":"PropertyValueSpecification","valueRequired":true,"valueName":"search_term_string"}}],"inLanguage":"fr-FR"},{"@type":"Organization","@id":"https:\/\/www.toyotomi.eu\/fr\/#organization","name":"Toyotomi Europe Sales B.V.","alternateName":"Toyotomi","url":"https:\/\/www.toyotomi.eu\/fr\/","logo":{"@type":"ImageObject","inLanguage":"fr-FR","@id":"https:\/\/www.toyotomi.eu\/fr\/#\/schema\/logo\/image\/","url":"https:\/\/www.toyotomi.eu\/wp-content\/uploads\/2025\/10\/logo.png","contentUrl":"https:\/\/www.toyotomi.eu\/wp-content\/uploads\/2025\/10\/logo.png","width":1360,"height":304,"caption":"Toyotomi Europe Sales B.V."},"image":{"@id":"https:\/\/www.toyotomi.eu\/fr\/#\/schema\/logo\/image\/"}}]}},"_links":{"self":[{"href":"https:\/\/www.toyotomi.eu\/fr\/wp-json\/wp\/v2\/pages\/38225","targetHints":{"allow":["GET"]}}],"collection":[{"href":"https:\/\/www.toyotomi.eu\/fr\/wp-json\/wp\/v2\/pages"}],"about":[{"href":"https:\/\/www.toyotomi.eu\/fr\/wp-json\/wp\/v2\/types\/page"}],"author":[{"embeddable":true,"href":"https:\/\/www.toyotomi.eu\/fr\/wp-json\/wp\/v2\/users\/71"}],"replies":[{"embeddable":true,"href":"https:\/\/www.toyotomi.eu\/fr\/wp-json\/wp\/v2\/comments?post=38225"}],"version-history":[{"count":21,"href":"https:\/\/www.toyotomi.eu\/fr\/wp-json\/wp\/v2\/pages\/38225\/revisions"}],"predecessor-version":[{"id":62999,"href":"https:\/\/www.toyotomi.eu\/fr\/wp-json\/wp\/v2\/pages\/38225\/revisions\/62999"}],"wp:attachment":[{"href":"https:\/\/www.toyotomi.eu\/fr\/wp-json\/wp\/v2\/media?parent=38225"}],"curies":[{"name":"wp","href":"https:\/\/api.w.org\/{rel}","templated":true}]}}