{"id":34579,"date":"2025-01-01T00:00:00","date_gmt":"2024-12-31T23:00:00","guid":{"rendered":"https:\/\/www.toyotomi.eu\/pieces-et-accessoires\/"},"modified":"2026-04-02T16:53:55","modified_gmt":"2026-04-02T14:53:55","slug":"pieces-et-accessoires","status":"publish","type":"page","link":"https:\/\/www.toyotomi.eu\/fr\/pieces-et-accessoires\/","title":{"rendered":"Pi\u00e8ces &amp; Accessoires"},"content":{"rendered":"\n<div class=\"wp-block-cover alignfull is-light\" style=\"min-height:550px;aspect-ratio:unset;\"><img loading=\"lazy\" decoding=\"async\" width=\"1024\" height=\"552\" class=\"wp-block-cover__image-background wp-image-54881 size-full\" alt=\"\" src=\"https:\/\/www.toyotomi.eu\/wp-content\/uploads\/2025\/12\/Toyotomi-Parts.jpg\" data-object-fit=\"cover\" srcset=\"https:\/\/www.toyotomi.eu\/wp-content\/uploads\/2025\/12\/Toyotomi-Parts.jpg 1024w, https:\/\/www.toyotomi.eu\/wp-content\/uploads\/2025\/12\/Toyotomi-Parts-768x414.jpg 768w, https:\/\/www.toyotomi.eu\/wp-content\/uploads\/2025\/12\/Toyotomi-Parts-990x534.jpg 990w, https:\/\/www.toyotomi.eu\/wp-content\/uploads\/2025\/12\/Toyotomi-Parts-441x238.jpg 441w, https:\/\/www.toyotomi.eu\/wp-content\/uploads\/2025\/12\/Toyotomi-Parts-150x81.jpg 150w\" sizes=\"auto, (max-width: 1024px) 100vw, 1024px\" \/><span aria-hidden=\"true\" class=\"wp-block-cover__background has-black-background-color has-background-dim-10 has-background-dim\"><\/span><div class=\"wp-block-cover__inner-container has-global-padding is-layout-constrained wp-block-cover-is-layout-constrained\">\n<p class=\"has-text-align-center has-large-font-size\"><\/p>\n<\/div><\/div>\n\n<div style=\"height:20px\" aria-hidden=\"true\" class=\"wp-block-spacer\"><\/div>\n\n<div class=\"wp-block-essential-blocks-wrapper alignfull  root-eb-wrapper-eswib\"><div class=\"eb-parent-wrapper eb-parent-eb-wrapper-eswib \"><div class=\"eb-wrapper-outer eb-wrapper-eswib\"><div class=\"eb-wrapper-inner\"><div class=\"eb-wrapper-inner-blocks eb-wrapper-align-center\">\n<div class=\"wp-block-essential-blocks-row alignfull  root-eb-row-97z98\"><div class=\"eb-parent-wrapper eb-parent-eb-row-97z98 \"><div class=\"eb-row-root-container eb-row-97z98\" data-id=\"eb-row-97z98\"><div class=\"eb-row-wrapper\"><div class=\"eb-row-inner\">\n<div class=\"wp-block-essential-blocks-column  root-eb-column-vmlyb\"><div class=\"eb-parent-wrapper eb-parent-eb-column-vmlyb \"><div class=\"eb-column-wrapper eb-column-vmlyb\"><div class=\"eb-column-inner\">\n<h1 class=\"wp-block-heading has-x-large-font-size\">Pi\u00e8ces &amp; Accessoires<\/h1>\n\n\n\n<h3 class=\"wp-block-heading\">Optimisez votre exp\u00e9rience<\/h3>\n\n\n\n<p>Chez Toyotomi, notre engagement envers la qualit\u00e9 ne s\u2019arr\u00eate pas au produit. Nous proposons une gamme compl\u00e8te de pi\u00e8ces d\u2019origine et d\u2019accessoires sp\u00e9cialement con\u00e7us pour soutenir les performances, la s\u00e9curit\u00e9 et la long\u00e9vit\u00e9 de votre syst\u00e8me de chauffage. <\/p>\n<\/div><\/div><\/div><\/div>\n\n\n\n<div class=\"wp-block-essential-blocks-column  root-eb-column-a6b0n\"><div class=\"eb-parent-wrapper eb-parent-eb-column-a6b0n \"><div class=\"eb-column-wrapper eb-column-a6b0n\"><div class=\"eb-column-inner\"><\/div><\/div><\/div><\/div>\n<\/div><\/div><\/div><\/div><\/div>\n<\/div><\/div><\/div><\/div><\/div>\n\n<div class=\"wp-block-essential-blocks-wrapper alignfull  root-eb-wrapper-4vmxv\"><div class=\"eb-parent-wrapper eb-parent-eb-wrapper-4vmxv \"><div class=\"eb-wrapper-outer eb-wrapper-4vmxv\"><div class=\"eb-wrapper-inner\"><div class=\"eb-wrapper-inner-blocks eb-wrapper-align-center\">\n<div class=\"wp-block-essential-blocks-row alignfull  root-eb-row-s7b1x\"><div class=\"eb-parent-wrapper eb-parent-eb-row-s7b1x \"><div class=\"eb-row-root-container eb-row-s7b1x\" data-id=\"eb-row-s7b1x\"><div class=\"eb-row-wrapper\"><div class=\"eb-row-inner\">\n<div class=\"wp-block-essential-blocks-column  root-eb-column-ntd7v\"><div class=\"eb-parent-wrapper eb-parent-eb-column-ntd7v \"><div class=\"eb-column-wrapper eb-column-ntd7v\"><div class=\"eb-column-inner\">\n<figure class=\"wp-block-image size-full has-custom-border\"><img loading=\"lazy\" decoding=\"async\" width=\"750\" height=\"750\" src=\"https:\/\/www.toyotomi.eu\/wp-content\/uploads\/2025\/06\/accessories-all-1.jpg\" alt=\"La gamme d&#x2019;accessoires Toyotomi Europe pour am&#xE9;liorer n&#x2019;importe quel chauffage Toyotomi\" class=\"wp-image-17511\" style=\"border-radius:4px\" srcset=\"https:\/\/www.toyotomi.eu\/wp-content\/uploads\/2025\/06\/accessories-all-1.jpg 750w, https:\/\/www.toyotomi.eu\/wp-content\/uploads\/2025\/06\/accessories-all-1-300x300.jpg 300w, https:\/\/www.toyotomi.eu\/wp-content\/uploads\/2025\/06\/accessories-all-1-150x150.jpg 150w, https:\/\/www.toyotomi.eu\/wp-content\/uploads\/2025\/06\/accessories-all-1-441x441.jpg 441w, https:\/\/www.toyotomi.eu\/wp-content\/uploads\/2025\/06\/accessories-all-1-100x100.jpg 100w\" sizes=\"auto, (max-width: 750px) 100vw, 750px\" \/><\/figure>\n<\/div><\/div><\/div><\/div>\n\n\n\n<div class=\"wp-block-essential-blocks-column  root-eb-column-khnwd\"><div class=\"eb-parent-wrapper eb-parent-eb-column-khnwd \"><div class=\"eb-column-wrapper eb-column-khnwd\"><div class=\"eb-column-inner\">\n<h2 class=\"wp-block-heading has-x-large-font-size\">Accessoires pour optimiser votre exp\u00e9rience<\/h2>\n\n\n\n<p class=\"has-black-color has-text-color has-link-color wp-elements-97e92c5c92cf67aa7d06945f39ffbd3b\">Compl\u00e9tez votre confort et votre praticit\u00e9 avec notre gamme d\u2019<a href=\"https:\/\/www.toyotomi.eu\/fr\/categorie\/chauffage\/accessoires-fr\/\">accessoires Toyotomi<\/a> d\u2019origine, sp\u00e9cialement con\u00e7us pour am\u00e9liorer la s\u00e9curit\u00e9, la mobilit\u00e9 et la facilit\u00e9 d\u2019utilisation de vos appareils de chauffage.<\/p>\n\n\n\n<p>Que vous utilisiez des chauffages \u00e0 p\u00e9trole portables ou non portables, nos accessoires \u2014 des pompes siphon et chariots de transport aux sacs de transport de protection \u2014 sont con\u00e7us pour une manipulation efficace du combustible, un rangement facile et un fonctionnement plus propre.<\/p>\n\n\n\n<p>Chaque accessoire est fabriqu\u00e9 avec la m\u00eame pr\u00e9cision et durabilit\u00e9 japonaises que nos produits de base, ce qui contribue \u00e0 prolonger la dur\u00e9e de vie de votre \u00e9quipement et \u00e0 optimiser les performances jour apr\u00e8s jour.<\/p>\n<\/div><\/div><\/div><\/div>\n<\/div><\/div><\/div><\/div><\/div>\n<\/div><\/div><\/div><\/div><\/div>\n\n<div class=\"wp-block-essential-blocks-wrapper alignfull  root-eb-wrapper-hnwfz\"><div class=\"eb-parent-wrapper eb-parent-eb-wrapper-hnwfz \"><div class=\"eb-wrapper-outer eb-wrapper-hnwfz\"><div class=\"eb-wrapper-inner\"><div class=\"eb-wrapper-inner-blocks eb-wrapper-align-center\">\n<div class=\"wp-block-essential-blocks-row alignfull  root-eb-row-33xoa\"><div class=\"eb-parent-wrapper eb-parent-eb-row-33xoa \"><div class=\"eb-row-root-container eb-row-33xoa\" data-id=\"eb-row-33xoa\"><div class=\"eb-row-wrapper\"><div class=\"eb-row-inner\">\n<div class=\"wp-block-essential-blocks-column  root-eb-column-44pql\"><div class=\"eb-parent-wrapper eb-parent-eb-column-44pql \"><div class=\"eb-column-wrapper eb-column-44pql\"><div class=\"eb-column-inner\">\n<h2 class=\"wp-block-heading has-x-large-font-size\">Pi\u00e8ces de rechange d&rsquo;origine pour une performance durable<\/h2>\n\n\n\n<p class=\"has-black-color has-text-color has-link-color wp-elements-1523f277754c1455a04857695e3a5c61\">Afin de garantir des performances, une efficacit\u00e9 et une s\u00e9curit\u00e9 continues, toutes les r\u00e9parations effectu\u00e9es par les techniciens Toyotomi ou des partenaires de service agr\u00e9\u00e9s utilisent exclusivement des <a href=\"https:\/\/www.toyotomi.eu\/fr\/categorie\/chauffage\/pieces\/\">pi\u00e8ces Toyotomi<\/a> d\u2019origine, fabriqu\u00e9es en interne pour un ajustement parfait et une fiabilit\u00e9 \u00e0 long terme.<\/p>\n\n\n\n<p>Notre catalogue de pi\u00e8ces propose tout ce dont vous avez besoin pour assurer le bon fonctionnement de vos appareils, notamment des filtres, des m\u00e8ches, des bouchons de r\u00e9servoir et bien plus encore.<\/p>\n\n\n\n<p>Toyotomi Co., Ltd. garantit la disponibilit\u00e9 de toutes les pi\u00e8ces critiques jusqu\u2019\u00e0 10 ans apr\u00e8s la date officielle de retrait d\u2019un produit, afin de vous aider \u00e0 prot\u00e9ger votre investissement sur le long terme.<\/p>\n\n\n\n<h4 class=\"wp-block-heading\"><strong>L&rsquo;entretien<\/strong> qui compte<\/h4>\n\n\n\n<p class=\"has-black-color has-text-color has-link-color wp-elements-9850d851ea48af6c1d24de453c1bcf8f\"><a href=\"https:\/\/www.toyotomi.eu\/fr\/entretien-et-nettoyage-des-appareils-de-chauffage\/\">L&rsquo;entretien r\u00e9gulier<\/a> est essentiel pour maintenir votre appareil de chauffage s\u00fbr, propre et efficace. Avec les bonnes pi\u00e8ces et un entretien opportun, vous pouvez maximiser la dur\u00e9e de vie de votre appareil de chauffage Toyotomi tout en garantissant une qualit\u00e9 de carburant constante et un fonctionnement fiable. <\/p>\n\n\n\n<div style=\"height:10px\" aria-hidden=\"true\" class=\"wp-block-spacer\"><\/div>\n\n\n\n<figure class=\"wp-block-image alignleft size-full is-resized\"><img loading=\"lazy\" decoding=\"async\" width=\"404\" height=\"145\" src=\"https:\/\/www.toyotomi.eu\/wp-content\/uploads\/2025\/06\/Group-925.png\" alt=\"\" class=\"wp-image-17522\" style=\"width:200px\" srcset=\"https:\/\/www.toyotomi.eu\/wp-content\/uploads\/2025\/06\/Group-925.png 404w, https:\/\/www.toyotomi.eu\/wp-content\/uploads\/2025\/06\/Group-925-300x108.png 300w, https:\/\/www.toyotomi.eu\/wp-content\/uploads\/2025\/06\/Group-925-150x54.png 150w\" sizes=\"auto, (max-width: 404px) 100vw, 404px\" \/><\/figure>\n<\/div><\/div><\/div><\/div>\n\n\n\n<div class=\"wp-block-essential-blocks-column  root-eb-column-a7nhf\"><div class=\"eb-parent-wrapper eb-parent-eb-column-a7nhf \"><div class=\"eb-column-wrapper eb-column-a7nhf\"><div class=\"eb-column-inner\">\n<figure class=\"wp-block-image size-full has-custom-border\"><img loading=\"lazy\" decoding=\"async\" width=\"750\" height=\"750\" src=\"https:\/\/www.toyotomi.eu\/wp-content\/uploads\/2025\/06\/Spare-partss-1.jpg\" alt=\"La gamme de pi&#xE8;ces Toyotomi Europe pour entretenir n&#x2019;importe quel chauffage Toyotomi\" class=\"wp-image-20365\" style=\"border-radius:4px\" srcset=\"https:\/\/www.toyotomi.eu\/wp-content\/uploads\/2025\/06\/Spare-partss-1.jpg 750w, https:\/\/www.toyotomi.eu\/wp-content\/uploads\/2025\/06\/Spare-partss-1-300x300.jpg 300w, https:\/\/www.toyotomi.eu\/wp-content\/uploads\/2025\/06\/Spare-partss-1-150x150.jpg 150w, https:\/\/www.toyotomi.eu\/wp-content\/uploads\/2025\/06\/Spare-partss-1-441x441.jpg 441w, https:\/\/www.toyotomi.eu\/wp-content\/uploads\/2025\/06\/Spare-partss-1-100x100.jpg 100w\" sizes=\"auto, (max-width: 750px) 100vw, 750px\" \/><\/figure>\n<\/div><\/div><\/div><\/div>\n<\/div><\/div><\/div><\/div><\/div>\n<\/div><\/div><\/div><\/div><\/div>\n\n<div style=\"height:10px\" aria-hidden=\"true\" class=\"wp-block-spacer\"><\/div>\n\n<div class=\"wp-block-essential-blocks-wrapper alignfull  root-eb-wrapper-mfi89\"><div class=\"eb-parent-wrapper eb-parent-eb-wrapper-mfi89 \"><div class=\"eb-wrapper-outer eb-wrapper-mfi89\"><div class=\"eb-wrapper-inner\"><div class=\"eb-wrapper-inner-blocks eb-wrapper-align-center\">\n<div class=\"wp-block-essential-blocks-row alignfull  root-eb-row-ahqhk\"><div class=\"eb-parent-wrapper eb-parent-eb-row-ahqhk \"><div class=\"eb-row-root-container eb-row-ahqhk\" data-id=\"eb-row-ahqhk\"><div class=\"eb-row-wrapper\"><div class=\"eb-row-inner\">\n<div class=\"wp-block-essential-blocks-column  root-eb-column-lwznr\"><div class=\"eb-parent-wrapper eb-parent-eb-column-lwznr \"><div class=\"eb-column-wrapper eb-column-lwznr\"><div class=\"eb-column-inner\">\n<div class=\"wp-block-essential-blocks-interactive-promo root-eb-interactive-promo-ym70e\"><div class=\"eb-parent-wrapper eb-parent-eb-interactive-promo-ym70e \"><div class=\"eb-interactive-promo-wrapper eb-interactive-promo-ym70e\"><div class=\"eb-interactive-promo-container\" data-effect=\"apollo\"><div class=\"eb-interactive-promo hover-effect\"><figure class=\"effect-apollo\"><img decoding=\"async\" src=\"https:\/\/www.toyotomi.eu\/wp-content\/uploads\/2025\/12\/Downloads-button-FR-3.jpg\" alt=\"Bouton de t\u00e9l\u00e9chargements Toyotomi\"><figcaption><h2 class=\"eb-interactive-promo-header\"><\/h2><p class=\"eb-interactive-promo-content\"><\/p><a href=\"https:\/\/www.toyotomi.eu\/fr\/service-client\/telechargements\/\" target=\"_self\" rel=\"noopener noreferrer\"><\/a><\/figcaption><\/figure><\/div><\/div><\/div><\/div><\/div>\n<\/div><\/div><\/div><\/div>\n\n\n\n<div class=\"wp-block-essential-blocks-column  root-eb-column-ln7zw\"><div class=\"eb-parent-wrapper eb-parent-eb-column-ln7zw \"><div class=\"eb-column-wrapper eb-column-ln7zw\"><div class=\"eb-column-inner\">\n<div class=\"wp-block-essential-blocks-interactive-promo root-eb-interactive-promo-tw4ug\"><div class=\"eb-parent-wrapper eb-parent-eb-interactive-promo-tw4ug \"><div class=\"eb-interactive-promo-wrapper eb-interactive-promo-tw4ug\"><div class=\"eb-interactive-promo-container\" data-effect=\"apollo\"><div class=\"eb-interactive-promo hover-effect\"><figure class=\"effect-apollo\"><img decoding=\"async\" src=\"https:\/\/www.toyotomi.eu\/wp-content\/uploads\/2025\/12\/FAQ-button-FR-5.jpg\" alt=\"Bouton de t\u00e9l\u00e9chargements Toyotomi\"><figcaption><h2 class=\"eb-interactive-promo-header\"><\/h2><p class=\"eb-interactive-promo-content\"><\/p><a href=\"https:\/\/www.toyotomi.eu\/fr\/service-client\/faq\/\" target=\"_self\" rel=\"noopener noreferrer\"><\/a><\/figcaption><\/figure><\/div><\/div><\/div><\/div><\/div>\n<\/div><\/div><\/div><\/div>\n\n\n\n<div class=\"wp-block-essential-blocks-column  root-eb-column-fibpt\"><div class=\"eb-parent-wrapper eb-parent-eb-column-fibpt \"><div class=\"eb-column-wrapper eb-column-fibpt\"><div class=\"eb-column-inner\"><\/div><\/div><\/div><\/div>\n\n\n\n<div class=\"wp-block-essential-blocks-column  root-eb-column-5lxl9\"><div class=\"eb-parent-wrapper eb-parent-eb-column-5lxl9 \"><div class=\"eb-column-wrapper eb-column-5lxl9\"><div class=\"eb-column-inner\">\n<div class=\"wp-block-buttons is-horizontal is-content-justification-right is-layout-flex wp-container-core-buttons-is-layout-6de4a2c1 wp-block-buttons-is-layout-flex\" style=\"margin-top:0;margin-bottom:0;padding-top:0;padding-right:0;padding-bottom:0;padding-left:0\">\n<div class=\"wp-block-button hvr-grow\"><a class=\"wp-block-button__link has-white-color has-text-color has-background has-link-color has-text-align-center has-custom-font-size wp-element-button\" href=\"https:\/\/www.toyotomi.eu\/fr\/categorie\/chauffage\/pieces\/\" style=\"border-radius:4px;background-color:#ca0f0f;font-size:clamp(14px, 0.875rem + ((1vw - 3.2px) * 0.46), 18px);\">D\u00e9couvrir nos pi\u00e8ces<\/a><\/div>\n\n\n\n<div class=\"wp-block-button hvr-grow\"><a class=\"wp-block-button__link has-white-color has-text-color has-background has-link-color has-text-align-center has-custom-font-size wp-element-button\" href=\"https:\/\/www.toyotomi.eu\/fr\/categorie\/chauffage\/accessoires-fr\/\" style=\"border-radius:4px;background-color:#ca0f0f;font-size:clamp(14px, 0.875rem + ((1vw - 3.2px) * 0.46), 18px);\">D\u00e9couvrir nos accessoires<\/a><\/div>\n<\/div>\n<\/div><\/div><\/div><\/div>\n<\/div><\/div><\/div><\/div><\/div>\n<\/div><\/div><\/div><\/div><\/div>\n","protected":false},"excerpt":{"rendered":"","protected":false},"author":71,"featured_media":0,"parent":0,"menu_order":0,"comment_status":"closed","ping_status":"closed","template":"template-canvas.php","meta":{"_acf_changed":false,"_eb_attr":"","footnotes":""},"class_list":["post-34579","page","type-page","status-publish","hentry"],"acf":[],"yoast_head":"<!-- This site is optimized with the Yoast SEO plugin v27.4 - https:\/\/yoast.com\/product\/yoast-seo-wordpress\/ -->\n<title>Pi\u00e8ces &amp; Accessoires - Toyotomi<\/title>\n<meta name=\"description\" content=\"D\u00e9couvrez les pi\u00e8ces et accessoires Toyotomi d\u2019origine afin de garantir la s\u00e9curit\u00e9, la fiabilit\u00e9 et des performances durables pour vos appareils de chauffage.\" \/>\n<meta name=\"robots\" content=\"index, follow, max-snippet:-1, max-image-preview:large, max-video-preview:-1\" \/>\n<link rel=\"canonical\" href=\"https:\/\/www.toyotomi.eu\/fr\/pieces-et-accessoires\/\" \/>\n<meta property=\"og:locale\" content=\"fr_FR\" \/>\n<meta property=\"og:type\" content=\"article\" \/>\n<meta property=\"og:title\" content=\"Pi\u00e8ces &amp; Accessoires - Toyotomi\" \/>\n<meta property=\"og:description\" content=\"D\u00e9couvrez les pi\u00e8ces et accessoires Toyotomi d\u2019origine afin de garantir la s\u00e9curit\u00e9, la fiabilit\u00e9 et des performances durables pour vos appareils de chauffage.\" \/>\n<meta property=\"og:url\" content=\"https:\/\/www.toyotomi.eu\/fr\/pieces-et-accessoires\/\" \/>\n<meta property=\"og:site_name\" content=\"Toyotomi\" \/>\n<meta property=\"article:modified_time\" content=\"2026-04-02T14:53:55+00:00\" \/>\n<meta property=\"og:image\" content=\"https:\/\/www.toyotomi.eu\/wp-content\/uploads\/2025\/12\/Toyotomi-Parts.jpg\" \/>\n\t<meta property=\"og:image:width\" content=\"1024\" \/>\n\t<meta property=\"og:image:height\" content=\"552\" \/>\n\t<meta property=\"og:image:type\" content=\"image\/jpeg\" \/>\n<meta name=\"twitter:card\" content=\"summary_large_image\" \/>\n<meta name=\"twitter:label1\" content=\"Dur\u00e9e de lecture estim\u00e9e\" \/>\n\t<meta name=\"twitter:data1\" content=\"3 minutes\" \/>\n<script type=\"application\/ld+json\" class=\"yoast-schema-graph\">{\"@context\":\"https:\\\/\\\/schema.org\",\"@graph\":[{\"@type\":\"WebPage\",\"@id\":\"https:\\\/\\\/www.toyotomi.eu\\\/fr\\\/pieces-et-accessoires\\\/\",\"url\":\"https:\\\/\\\/www.toyotomi.eu\\\/fr\\\/pieces-et-accessoires\\\/\",\"name\":\"Pi\u00e8ces &amp; Accessoires - Toyotomi\",\"isPartOf\":{\"@id\":\"https:\\\/\\\/www.toyotomi.eu\\\/fr\\\/#website\"},\"primaryImageOfPage\":{\"@id\":\"https:\\\/\\\/www.toyotomi.eu\\\/fr\\\/pieces-et-accessoires\\\/#primaryimage\"},\"image\":{\"@id\":\"https:\\\/\\\/www.toyotomi.eu\\\/fr\\\/pieces-et-accessoires\\\/#primaryimage\"},\"thumbnailUrl\":\"https:\\\/\\\/www.toyotomi.eu\\\/wp-content\\\/uploads\\\/2025\\\/12\\\/Toyotomi-Parts.jpg\",\"datePublished\":\"2024-12-31T23:00:00+00:00\",\"dateModified\":\"2026-04-02T14:53:55+00:00\",\"description\":\"D\u00e9couvrez les pi\u00e8ces et accessoires Toyotomi d\u2019origine afin de garantir la s\u00e9curit\u00e9, la fiabilit\u00e9 et des performances durables pour vos appareils de chauffage.\",\"breadcrumb\":{\"@id\":\"https:\\\/\\\/www.toyotomi.eu\\\/fr\\\/pieces-et-accessoires\\\/#breadcrumb\"},\"inLanguage\":\"fr-FR\",\"potentialAction\":[{\"@type\":\"ReadAction\",\"target\":[\"https:\\\/\\\/www.toyotomi.eu\\\/fr\\\/pieces-et-accessoires\\\/\"]}]},{\"@type\":\"ImageObject\",\"inLanguage\":\"fr-FR\",\"@id\":\"https:\\\/\\\/www.toyotomi.eu\\\/fr\\\/pieces-et-accessoires\\\/#primaryimage\",\"url\":\"https:\\\/\\\/www.toyotomi.eu\\\/wp-content\\\/uploads\\\/2025\\\/12\\\/Toyotomi-Parts.jpg\",\"contentUrl\":\"https:\\\/\\\/www.toyotomi.eu\\\/wp-content\\\/uploads\\\/2025\\\/12\\\/Toyotomi-Parts.jpg\"},{\"@type\":\"BreadcrumbList\",\"@id\":\"https:\\\/\\\/www.toyotomi.eu\\\/fr\\\/pieces-et-accessoires\\\/#breadcrumb\",\"itemListElement\":[{\"@type\":\"ListItem\",\"position\":1,\"name\":\"Accueil\",\"item\":\"https:\\\/\\\/www.toyotomi.eu\\\/fr\\\/\"},{\"@type\":\"ListItem\",\"position\":2,\"name\":\"Pi\u00e8ces &amp; Accessoires\"}]},{\"@type\":\"WebSite\",\"@id\":\"https:\\\/\\\/www.toyotomi.eu\\\/fr\\\/#website\",\"url\":\"https:\\\/\\\/www.toyotomi.eu\\\/fr\\\/\",\"name\":\"Toyotomi\",\"description\":\"\",\"publisher\":{\"@id\":\"https:\\\/\\\/www.toyotomi.eu\\\/fr\\\/#organization\"},\"potentialAction\":[{\"@type\":\"SearchAction\",\"target\":{\"@type\":\"EntryPoint\",\"urlTemplate\":\"https:\\\/\\\/www.toyotomi.eu\\\/fr\\\/?s={search_term_string}\"},\"query-input\":{\"@type\":\"PropertyValueSpecification\",\"valueRequired\":true,\"valueName\":\"search_term_string\"}}],\"inLanguage\":\"fr-FR\"},{\"@type\":\"Organization\",\"@id\":\"https:\\\/\\\/www.toyotomi.eu\\\/fr\\\/#organization\",\"name\":\"Toyotomi Europe Sales B.V.\",\"alternateName\":\"Toyotomi\",\"url\":\"https:\\\/\\\/www.toyotomi.eu\\\/fr\\\/\",\"logo\":{\"@type\":\"ImageObject\",\"inLanguage\":\"fr-FR\",\"@id\":\"https:\\\/\\\/www.toyotomi.eu\\\/fr\\\/#\\\/schema\\\/logo\\\/image\\\/\",\"url\":\"https:\\\/\\\/www.toyotomi.eu\\\/wp-content\\\/uploads\\\/2025\\\/10\\\/logo.png\",\"contentUrl\":\"https:\\\/\\\/www.toyotomi.eu\\\/wp-content\\\/uploads\\\/2025\\\/10\\\/logo.png\",\"width\":1360,\"height\":304,\"caption\":\"Toyotomi Europe Sales B.V.\"},\"image\":{\"@id\":\"https:\\\/\\\/www.toyotomi.eu\\\/fr\\\/#\\\/schema\\\/logo\\\/image\\\/\"}}]}<\/script>\n<!-- \/ Yoast SEO plugin. -->","yoast_head_json":{"title":"Pi\u00e8ces &amp; Accessoires - Toyotomi","description":"D\u00e9couvrez les pi\u00e8ces et accessoires Toyotomi d\u2019origine afin de garantir la s\u00e9curit\u00e9, la fiabilit\u00e9 et des performances durables pour vos appareils de chauffage.","robots":{"index":"index","follow":"follow","max-snippet":"max-snippet:-1","max-image-preview":"max-image-preview:large","max-video-preview":"max-video-preview:-1"},"canonical":"https:\/\/www.toyotomi.eu\/fr\/pieces-et-accessoires\/","og_locale":"fr_FR","og_type":"article","og_title":"Pi\u00e8ces &amp; Accessoires - Toyotomi","og_description":"D\u00e9couvrez les pi\u00e8ces et accessoires Toyotomi d\u2019origine afin de garantir la s\u00e9curit\u00e9, la fiabilit\u00e9 et des performances durables pour vos appareils de chauffage.","og_url":"https:\/\/www.toyotomi.eu\/fr\/pieces-et-accessoires\/","og_site_name":"Toyotomi","article_modified_time":"2026-04-02T14:53:55+00:00","og_image":[{"width":1024,"height":552,"url":"https:\/\/www.toyotomi.eu\/wp-content\/uploads\/2025\/12\/Toyotomi-Parts.jpg","type":"image\/jpeg"}],"twitter_card":"summary_large_image","twitter_misc":{"Dur\u00e9e de lecture estim\u00e9e":"3 minutes"},"schema":{"@context":"https:\/\/schema.org","@graph":[{"@type":"WebPage","@id":"https:\/\/www.toyotomi.eu\/fr\/pieces-et-accessoires\/","url":"https:\/\/www.toyotomi.eu\/fr\/pieces-et-accessoires\/","name":"Pi\u00e8ces &amp; Accessoires - Toyotomi","isPartOf":{"@id":"https:\/\/www.toyotomi.eu\/fr\/#website"},"primaryImageOfPage":{"@id":"https:\/\/www.toyotomi.eu\/fr\/pieces-et-accessoires\/#primaryimage"},"image":{"@id":"https:\/\/www.toyotomi.eu\/fr\/pieces-et-accessoires\/#primaryimage"},"thumbnailUrl":"https:\/\/www.toyotomi.eu\/wp-content\/uploads\/2025\/12\/Toyotomi-Parts.jpg","datePublished":"2024-12-31T23:00:00+00:00","dateModified":"2026-04-02T14:53:55+00:00","description":"D\u00e9couvrez les pi\u00e8ces et accessoires Toyotomi d\u2019origine afin de garantir la s\u00e9curit\u00e9, la fiabilit\u00e9 et des performances durables pour vos appareils de chauffage.","breadcrumb":{"@id":"https:\/\/www.toyotomi.eu\/fr\/pieces-et-accessoires\/#breadcrumb"},"inLanguage":"fr-FR","potentialAction":[{"@type":"ReadAction","target":["https:\/\/www.toyotomi.eu\/fr\/pieces-et-accessoires\/"]}]},{"@type":"ImageObject","inLanguage":"fr-FR","@id":"https:\/\/www.toyotomi.eu\/fr\/pieces-et-accessoires\/#primaryimage","url":"https:\/\/www.toyotomi.eu\/wp-content\/uploads\/2025\/12\/Toyotomi-Parts.jpg","contentUrl":"https:\/\/www.toyotomi.eu\/wp-content\/uploads\/2025\/12\/Toyotomi-Parts.jpg"},{"@type":"BreadcrumbList","@id":"https:\/\/www.toyotomi.eu\/fr\/pieces-et-accessoires\/#breadcrumb","itemListElement":[{"@type":"ListItem","position":1,"name":"Accueil","item":"https:\/\/www.toyotomi.eu\/fr\/"},{"@type":"ListItem","position":2,"name":"Pi\u00e8ces &amp; Accessoires"}]},{"@type":"WebSite","@id":"https:\/\/www.toyotomi.eu\/fr\/#website","url":"https:\/\/www.toyotomi.eu\/fr\/","name":"Toyotomi","description":"","publisher":{"@id":"https:\/\/www.toyotomi.eu\/fr\/#organization"},"potentialAction":[{"@type":"SearchAction","target":{"@type":"EntryPoint","urlTemplate":"https:\/\/www.toyotomi.eu\/fr\/?s={search_term_string}"},"query-input":{"@type":"PropertyValueSpecification","valueRequired":true,"valueName":"search_term_string"}}],"inLanguage":"fr-FR"},{"@type":"Organization","@id":"https:\/\/www.toyotomi.eu\/fr\/#organization","name":"Toyotomi Europe Sales B.V.","alternateName":"Toyotomi","url":"https:\/\/www.toyotomi.eu\/fr\/","logo":{"@type":"ImageObject","inLanguage":"fr-FR","@id":"https:\/\/www.toyotomi.eu\/fr\/#\/schema\/logo\/image\/","url":"https:\/\/www.toyotomi.eu\/wp-content\/uploads\/2025\/10\/logo.png","contentUrl":"https:\/\/www.toyotomi.eu\/wp-content\/uploads\/2025\/10\/logo.png","width":1360,"height":304,"caption":"Toyotomi Europe Sales B.V."},"image":{"@id":"https:\/\/www.toyotomi.eu\/fr\/#\/schema\/logo\/image\/"}}]}},"_links":{"self":[{"href":"https:\/\/www.toyotomi.eu\/fr\/wp-json\/wp\/v2\/pages\/34579","targetHints":{"allow":["GET"]}}],"collection":[{"href":"https:\/\/www.toyotomi.eu\/fr\/wp-json\/wp\/v2\/pages"}],"about":[{"href":"https:\/\/www.toyotomi.eu\/fr\/wp-json\/wp\/v2\/types\/page"}],"author":[{"embeddable":true,"href":"https:\/\/www.toyotomi.eu\/fr\/wp-json\/wp\/v2\/users\/71"}],"replies":[{"embeddable":true,"href":"https:\/\/www.toyotomi.eu\/fr\/wp-json\/wp\/v2\/comments?post=34579"}],"version-history":[{"count":10,"href":"https:\/\/www.toyotomi.eu\/fr\/wp-json\/wp\/v2\/pages\/34579\/revisions"}],"predecessor-version":[{"id":62921,"href":"https:\/\/www.toyotomi.eu\/fr\/wp-json\/wp\/v2\/pages\/34579\/revisions\/62921"}],"wp:attachment":[{"href":"https:\/\/www.toyotomi.eu\/fr\/wp-json\/wp\/v2\/media?parent=34579"}],"curies":[{"name":"wp","href":"https:\/\/api.w.org\/{rel}","templated":true}]}}