{"id":46511,"date":"2025-01-01T02:01:00","date_gmt":"2025-01-01T01:01:00","guid":{"rendered":"https:\/\/www.toyotomi.eu\/product\/toyotube\/"},"modified":"2025-12-11T23:45:15","modified_gmt":"2025-12-11T23:45:15","slug":"toyotube","status":"publish","type":"product","link":"https:\/\/www.toyotomi.eu\/es\/producto\/toyotube\/","title":{"rendered":"TOYOTUBE"},"content":{"rendered":"\n<div class=\"wp-block-essential-blocks-wrapper alignfull  root-eb-wrapper-mkprm\"><div class=\"eb-parent-wrapper eb-parent-eb-wrapper-mkprm \"><div class=\"eb-wrapper-outer eb-wrapper-mkprm\"><div class=\"eb-wrapper-inner\"><div class=\"eb-wrapper-inner-blocks eb-wrapper-align-center\">\n<div class=\"wp-block-essential-blocks-row alignfull  root-eb-row-18fkr\"><div class=\"eb-parent-wrapper eb-parent-eb-row-18fkr \"><div class=\"eb-row-root-container eb-row-18fkr\" data-id=\"eb-row-18fkr\"><div class=\"eb-row-wrapper\"><div class=\"eb-row-inner\">\n<div class=\"wp-block-essential-blocks-column  root-eb-column-3cpl6\"><div class=\"eb-parent-wrapper eb-parent-eb-column-3cpl6 \"><div class=\"eb-column-wrapper eb-column-3cpl6\"><div class=\"eb-column-inner\">\n<figure class=\"wp-block-image size-full has-custom-border\"><img loading=\"lazy\" decoding=\"async\" width=\"800\" height=\"1000\" src=\"https:\/\/www.toyotomi.eu\/wp-content\/uploads\/2025\/01\/Toyotube-Toyotomi-1.jpg\" alt=\"Gu&#xED;a paso a paso de Toyotomi sobre c&#xF3;mo utilizar el sistema de recarga Toyotube para calefactores de queroseno port&#xE1;tiles de Toyotomi, este es el paso 1\" class=\"wp-image-30402\" style=\"border-radius:4px\" srcset=\"https:\/\/www.toyotomi.eu\/wp-content\/uploads\/2025\/01\/Toyotube-Toyotomi-1.jpg 800w, https:\/\/www.toyotomi.eu\/wp-content\/uploads\/2025\/01\/Toyotube-Toyotomi-1-150x188.jpg 150w, https:\/\/www.toyotomi.eu\/wp-content\/uploads\/2025\/01\/Toyotube-Toyotomi-1-768x960.jpg 768w, https:\/\/www.toyotomi.eu\/wp-content\/uploads\/2025\/01\/Toyotube-Toyotomi-1-441x551.jpg 441w\" sizes=\"auto, (max-width: 800px) 100vw, 800px\" \/><\/figure>\n<\/div><\/div><\/div><\/div>\n\n\n\n<div class=\"wp-block-essential-blocks-column  root-eb-column-20mz5\"><div class=\"eb-parent-wrapper eb-parent-eb-column-20mz5 \"><div class=\"eb-column-wrapper eb-column-20mz5\"><div class=\"eb-column-inner\">\n<figure class=\"wp-block-image size-full has-custom-border\"><img loading=\"lazy\" decoding=\"async\" width=\"800\" height=\"1000\" src=\"https:\/\/www.toyotomi.eu\/wp-content\/uploads\/2025\/01\/Toyotube-Toyotomi-2.jpg\" class=\"wp-image-30403\" alt=\"Versatile heating appliance from Toyotomi. Efficient and durable for home or industrial use.\" style=\"border-radius:4px\" srcset=\"https:\/\/www.toyotomi.eu\/wp-content\/uploads\/2025\/01\/Toyotube-Toyotomi-2.jpg 800w, https:\/\/www.toyotomi.eu\/wp-content\/uploads\/2025\/01\/Toyotube-Toyotomi-2-150x188.jpg 150w, https:\/\/www.toyotomi.eu\/wp-content\/uploads\/2025\/01\/Toyotube-Toyotomi-2-768x960.jpg 768w, https:\/\/www.toyotomi.eu\/wp-content\/uploads\/2025\/01\/Toyotube-Toyotomi-2-441x551.jpg 441w\" sizes=\"auto, (max-width: 800px) 100vw, 800px\" \/> <\/figure>\n<\/div><\/div><\/div><\/div>\n\n\n\n<div class=\"wp-block-essential-blocks-column  root-eb-column-vbg0m\"><div class=\"eb-parent-wrapper eb-parent-eb-column-vbg0m \"><div class=\"eb-column-wrapper eb-column-vbg0m\"><div class=\"eb-column-inner\">\n<figure class=\"wp-block-image size-full has-custom-border\"><img loading=\"lazy\" decoding=\"async\" width=\"800\" height=\"1000\" src=\"https:\/\/www.toyotomi.eu\/wp-content\/uploads\/2025\/01\/Toyotube-Toyotomi-3.jpg\" class=\"wp-image-30404\" alt=\"Emergency fire safety equipment for quick response to fires.\" style=\"border-radius:4px\" srcset=\"https:\/\/www.toyotomi.eu\/wp-content\/uploads\/2025\/01\/Toyotube-Toyotomi-3.jpg 800w, https:\/\/www.toyotomi.eu\/wp-content\/uploads\/2025\/01\/Toyotube-Toyotomi-3-150x188.jpg 150w, https:\/\/www.toyotomi.eu\/wp-content\/uploads\/2025\/01\/Toyotube-Toyotomi-3-768x960.jpg 768w, https:\/\/www.toyotomi.eu\/wp-content\/uploads\/2025\/01\/Toyotube-Toyotomi-3-441x551.jpg 441w\" sizes=\"auto, (max-width: 800px) 100vw, 800px\" \/> <\/figure>\n<\/div><\/div><\/div><\/div>\n\n\n\n<div class=\"wp-block-essential-blocks-column  root-eb-column-4osit\"><div class=\"eb-parent-wrapper eb-parent-eb-column-4osit \"><div class=\"eb-column-wrapper eb-column-4osit\"><div class=\"eb-column-inner\">\n<figure class=\"wp-block-image size-full has-custom-border\"><img loading=\"lazy\" decoding=\"async\" width=\"800\" height=\"1000\" src=\"https:\/\/www.toyotomi.eu\/wp-content\/uploads\/2025\/01\/Toyotube-Toyotomi-4.jpg\" alt=\"Gu&#xED;a paso a paso de Toyotomi sobre c&#xF3;mo utilizar el sistema de recarga Toyotube para calefactores de queroseno port&#xE1;tiles de Toyotomi, este es el paso 4\" class=\"wp-image-30405\" style=\"border-radius:4px\" srcset=\"https:\/\/www.toyotomi.eu\/wp-content\/uploads\/2025\/01\/Toyotube-Toyotomi-4.jpg 800w, https:\/\/www.toyotomi.eu\/wp-content\/uploads\/2025\/01\/Toyotube-Toyotomi-4-150x188.jpg 150w, https:\/\/www.toyotomi.eu\/wp-content\/uploads\/2025\/01\/Toyotube-Toyotomi-4-768x960.jpg 768w, https:\/\/www.toyotomi.eu\/wp-content\/uploads\/2025\/01\/Toyotube-Toyotomi-4-441x551.jpg 441w\" sizes=\"auto, (max-width: 800px) 100vw, 800px\" \/><\/figure>\n<\/div><\/div><\/div><\/div>\n<\/div><\/div><\/div><\/div><\/div>\n<\/div><\/div><\/div><\/div><\/div>\n\n<div class=\"wp-block-essential-blocks-wrapper alignfull  root-eb-wrapper-tvb73\"><div class=\"eb-parent-wrapper eb-parent-eb-wrapper-tvb73 \"><div class=\"eb-wrapper-outer eb-wrapper-tvb73\"><div class=\"eb-wrapper-inner\"><div class=\"eb-wrapper-inner-blocks eb-wrapper-align-center\">\n<div class=\"wp-block-essential-blocks-row alignfull  root-eb-row-8szbc\"><div class=\"eb-parent-wrapper eb-parent-eb-row-8szbc \"><div class=\"eb-row-root-container eb-row-8szbc\" data-id=\"eb-row-8szbc\"><div class=\"eb-row-wrapper\"><div class=\"eb-row-inner\">\n<div class=\"wp-block-essential-blocks-column  root-eb-column-fo6u5\"><div class=\"eb-parent-wrapper eb-parent-eb-column-fo6u5 \"><div class=\"eb-column-wrapper eb-column-fo6u5\"><div class=\"eb-column-inner\">\n<h2 class=\"wp-block-heading\"><strong>Toyotube<\/strong><\/h2>\n\n\n\n<p>Diga adi\u00f3s al engorroso repostaje y d\u00e9 la bienvenida a la calidez sin esfuerzo. Toyotube es el revolucionario cartucho de recarga desechable desarrollado por Toyotomi. Toyotube transforma la forma en que alimenta su calefactor: sin derrames, sin bombas, sin complicaciones. <\/p>\n\n\n\n<h3 class=\"wp-block-heading\"><strong>Dise\u00f1o sencillo<\/strong><\/h3>\n\n\n\n<p>Con Toyotube, repostar es tan f\u00e1cil como insertar un cartucho, con una sola mano. No es necesario manipular el combustible manualmente ni preocuparse por los derrames en el suelo. Cada cartucho sellado proporciona combustible limpio y de alta calidad, intacto por los elementos externos, lo que garantiza una combusti\u00f3n consistente y eficiente en todo momento. Los cartuchos Toyotube est\u00e1n fabricados \u00edntegramente con pl\u00e1stico PET reciclable, lo que reduce los residuos y hace que la eliminaci\u00f3n sea sencilla y responsable. Con los cartuchos sellados, el combustible se mantiene fresco y sin contaminar, m\u00e1s limpio para su calentador, m\u00e1s limpio para el planeta.    <\/p>\n\n\n\n<h3 class=\"wp-block-heading\"><strong>Pr\u00e1ctico, port\u00e1til y limpio<\/strong><\/h3>\n\n\n\n<p>Cada paquete incluye 6 cartuchos desechables, lo que facilita su almacenamiento, transporte y traslado. Ya sea que est\u00e9 calentando una caba\u00f1a, un taller o una casa, Toyotube mantiene la gesti\u00f3n del combustible ordenada y eficiente. Toyotube es compatible con todos los calentadores Zibro que datan de la d\u00e9cada de 1990. Simplemente reemplace su filtro de aceptaci\u00f3n de combustible actual con el filtro universal Toyotube y estar\u00e1 listo para disfrutar de un nuevo nivel de comodidad con su calentador Zibro de confianza.   <\/p>\n<\/div><\/div><\/div><\/div>\n<\/div><\/div><\/div><\/div><\/div>\n<\/div><\/div><\/div><\/div><\/div>\n","protected":false},"excerpt":{"rendered":"<p>El recambio de energ\u00eda fluida Toyotube es la forma m\u00e1s c\u00f3moda de repostar su estufa de parafina port\u00e1til Zibro o Toyotomi. Cada botella sellada de 1,4 litros es ligera, f\u00e1cil de manejar y est\u00e1 dise\u00f1ada para su uso con una sola mano, eliminando la necesidad de bombas o transferencias de combustible. Este sistema de recarga de un solo uso garantiza un funcionamiento limpio y seguro, sin contacto con el combustible, derrames ni suciedad, a la vez que preserva la alta calidad del combustible en su interior. Suministrado en cajas de seis botellas, el Toyotube es compatible exclusivamente con las estufas fabricadas por Toyotomi (Zibro, Toyoset, Kerosun y Toyostove), lo que garantiza un rendimiento fiable y una total tranquilidad.   <\/p>\n","protected":false},"featured_media":62482,"template":"","meta":{"_acf_changed":false,"_eb_attr":""},"product_brand":[],"product_cat":[5910],"product_tag":[],"class_list":{"0":"post-46511","1":"product","2":"type-product","3":"status-publish","4":"has-post-thumbnail","6":"product_cat-combustible","8":"first","9":"instock","10":"taxable","11":"shipping-taxable","12":"product-type-simple"},"acf":[],"yoast_head":"<!-- This site is optimized with the Yoast SEO plugin v27.4 - https:\/\/yoast.com\/product\/yoast-seo-wordpress\/ -->\n<title>TOYOTUBE - Toyotomi<\/title>\n<meta name=\"robots\" content=\"index, follow, max-snippet:-1, max-image-preview:large, max-video-preview:-1\" \/>\n<link rel=\"canonical\" href=\"https:\/\/www.toyotomi.eu\/es\/producto\/toyotube\/\" \/>\n<meta property=\"og:locale\" content=\"es_ES\" \/>\n<meta property=\"og:type\" content=\"article\" \/>\n<meta property=\"og:title\" content=\"TOYOTUBE - Toyotomi\" \/>\n<meta property=\"og:description\" content=\"El recambio de energ\u00eda fluida Toyotube es la forma m\u00e1s c\u00f3moda de repostar su estufa de parafina port\u00e1til Zibro o Toyotomi. Cada botella sellada de 1,4 litros es ligera, f\u00e1cil de manejar y est\u00e1 dise\u00f1ada para su uso con una sola mano, eliminando la necesidad de bombas o transferencias de combustible. Este sistema de recarga de un solo uso garantiza un funcionamiento limpio y seguro, sin contacto con el combustible, derrames ni suciedad, a la vez que preserva la alta calidad del combustible en su interior. Suministrado en cajas de seis botellas, el Toyotube es compatible exclusivamente con las estufas fabricadas por Toyotomi (Zibro, Toyoset, Kerosun y Toyostove), lo que garantiza un rendimiento fiable y una total tranquilidad.\" \/>\n<meta property=\"og:url\" content=\"https:\/\/www.toyotomi.eu\/es\/producto\/toyotube\/\" \/>\n<meta property=\"og:site_name\" content=\"Toyotomi\" \/>\n<meta property=\"article:modified_time\" content=\"2025-12-11T23:45:15+00:00\" \/>\n<meta property=\"og:image\" content=\"https:\/\/www.toyotomi.eu\/wp-content\/uploads\/2025\/01\/1.4L_Toyotube_2560x2560-1920x1920.png\" \/>\n\t<meta property=\"og:image:width\" content=\"1920\" \/>\n\t<meta property=\"og:image:height\" content=\"1920\" \/>\n\t<meta property=\"og:image:type\" content=\"image\/png\" \/>\n<meta name=\"twitter:card\" content=\"summary_large_image\" \/>\n<script type=\"application\/ld+json\" class=\"yoast-schema-graph\">{\"@context\":\"https:\\\/\\\/schema.org\",\"@graph\":[{\"@type\":\"WebPage\",\"@id\":\"https:\\\/\\\/www.toyotomi.eu\\\/es\\\/producto\\\/toyotube\\\/\",\"url\":\"https:\\\/\\\/www.toyotomi.eu\\\/es\\\/producto\\\/toyotube\\\/\",\"name\":\"TOYOTUBE - Toyotomi\",\"isPartOf\":{\"@id\":\"https:\\\/\\\/www.toyotomi.eu\\\/es\\\/#website\"},\"primaryImageOfPage\":{\"@id\":\"https:\\\/\\\/www.toyotomi.eu\\\/es\\\/producto\\\/toyotube\\\/#primaryimage\"},\"image\":{\"@id\":\"https:\\\/\\\/www.toyotomi.eu\\\/es\\\/producto\\\/toyotube\\\/#primaryimage\"},\"thumbnailUrl\":\"https:\\\/\\\/www.toyotomi.eu\\\/wp-content\\\/uploads\\\/2026\\\/03\\\/PIC_TOYOTUBE_2560x2560.png\",\"datePublished\":\"2025-01-01T01:01:00+00:00\",\"dateModified\":\"2025-12-11T23:45:15+00:00\",\"breadcrumb\":{\"@id\":\"https:\\\/\\\/www.toyotomi.eu\\\/es\\\/producto\\\/toyotube\\\/#breadcrumb\"},\"inLanguage\":\"es\",\"potentialAction\":[{\"@type\":\"ReadAction\",\"target\":[\"https:\\\/\\\/www.toyotomi.eu\\\/es\\\/producto\\\/toyotube\\\/\"]}]},{\"@type\":\"ImageObject\",\"inLanguage\":\"es\",\"@id\":\"https:\\\/\\\/www.toyotomi.eu\\\/es\\\/producto\\\/toyotube\\\/#primaryimage\",\"url\":\"https:\\\/\\\/www.toyotomi.eu\\\/wp-content\\\/uploads\\\/2026\\\/03\\\/PIC_TOYOTUBE_2560x2560.png\",\"contentUrl\":\"https:\\\/\\\/www.toyotomi.eu\\\/wp-content\\\/uploads\\\/2026\\\/03\\\/PIC_TOYOTUBE_2560x2560.png\",\"width\":2560,\"height\":2560,\"caption\":\"Efficient Toyotomi Toyotube for rapid heating of Toyotomi stoves, ensuring safety and convenience.\"},{\"@type\":\"BreadcrumbList\",\"@id\":\"https:\\\/\\\/www.toyotomi.eu\\\/es\\\/producto\\\/toyotube\\\/#breadcrumb\",\"itemListElement\":[{\"@type\":\"ListItem\",\"position\":1,\"name\":\"Inicio\",\"item\":\"https:\\\/\\\/www.toyotomi.eu\\\/es\\\/\"},{\"@type\":\"ListItem\",\"position\":2,\"name\":\"Todos los productos\",\"item\":\"https:\\\/\\\/www.toyotomi.eu\\\/es\\\/todos-los-productos\\\/\"},{\"@type\":\"ListItem\",\"position\":3,\"name\":\"TOYOTUBE\"}]},{\"@type\":\"WebSite\",\"@id\":\"https:\\\/\\\/www.toyotomi.eu\\\/es\\\/#website\",\"url\":\"https:\\\/\\\/www.toyotomi.eu\\\/es\\\/\",\"name\":\"Toyotomi\",\"description\":\"\",\"publisher\":{\"@id\":\"https:\\\/\\\/www.toyotomi.eu\\\/es\\\/#organization\"},\"potentialAction\":[{\"@type\":\"SearchAction\",\"target\":{\"@type\":\"EntryPoint\",\"urlTemplate\":\"https:\\\/\\\/www.toyotomi.eu\\\/es\\\/?s={search_term_string}\"},\"query-input\":{\"@type\":\"PropertyValueSpecification\",\"valueRequired\":true,\"valueName\":\"search_term_string\"}}],\"inLanguage\":\"es\"},{\"@type\":\"Organization\",\"@id\":\"https:\\\/\\\/www.toyotomi.eu\\\/es\\\/#organization\",\"name\":\"Toyotomi Europe Sales B.V.\",\"alternateName\":\"Toyotomi\",\"url\":\"https:\\\/\\\/www.toyotomi.eu\\\/es\\\/\",\"logo\":{\"@type\":\"ImageObject\",\"inLanguage\":\"es\",\"@id\":\"https:\\\/\\\/www.toyotomi.eu\\\/es\\\/#\\\/schema\\\/logo\\\/image\\\/\",\"url\":\"https:\\\/\\\/www.toyotomi.eu\\\/wp-content\\\/uploads\\\/2025\\\/10\\\/logo.png\",\"contentUrl\":\"https:\\\/\\\/www.toyotomi.eu\\\/wp-content\\\/uploads\\\/2025\\\/10\\\/logo.png\",\"width\":1360,\"height\":304,\"caption\":\"Toyotomi Europe Sales B.V.\"},\"image\":{\"@id\":\"https:\\\/\\\/www.toyotomi.eu\\\/es\\\/#\\\/schema\\\/logo\\\/image\\\/\"}}]}<\/script>\n<!-- \/ Yoast SEO plugin. -->","yoast_head_json":{"title":"TOYOTUBE - Toyotomi","robots":{"index":"index","follow":"follow","max-snippet":"max-snippet:-1","max-image-preview":"max-image-preview:large","max-video-preview":"max-video-preview:-1"},"canonical":"https:\/\/www.toyotomi.eu\/es\/producto\/toyotube\/","og_locale":"es_ES","og_type":"article","og_title":"TOYOTUBE - Toyotomi","og_description":"El recambio de energ\u00eda fluida Toyotube es la forma m\u00e1s c\u00f3moda de repostar su estufa de parafina port\u00e1til Zibro o Toyotomi. Cada botella sellada de 1,4 litros es ligera, f\u00e1cil de manejar y est\u00e1 dise\u00f1ada para su uso con una sola mano, eliminando la necesidad de bombas o transferencias de combustible. Este sistema de recarga de un solo uso garantiza un funcionamiento limpio y seguro, sin contacto con el combustible, derrames ni suciedad, a la vez que preserva la alta calidad del combustible en su interior. Suministrado en cajas de seis botellas, el Toyotube es compatible exclusivamente con las estufas fabricadas por Toyotomi (Zibro, Toyoset, Kerosun y Toyostove), lo que garantiza un rendimiento fiable y una total tranquilidad.","og_url":"https:\/\/www.toyotomi.eu\/es\/producto\/toyotube\/","og_site_name":"Toyotomi","article_modified_time":"2025-12-11T23:45:15+00:00","og_image":[{"width":1920,"height":1920,"url":"https:\/\/www.toyotomi.eu\/wp-content\/uploads\/2025\/01\/1.4L_Toyotube_2560x2560-1920x1920.png","type":"image\/png"}],"twitter_card":"summary_large_image","schema":{"@context":"https:\/\/schema.org","@graph":[{"@type":"WebPage","@id":"https:\/\/www.toyotomi.eu\/es\/producto\/toyotube\/","url":"https:\/\/www.toyotomi.eu\/es\/producto\/toyotube\/","name":"TOYOTUBE - Toyotomi","isPartOf":{"@id":"https:\/\/www.toyotomi.eu\/es\/#website"},"primaryImageOfPage":{"@id":"https:\/\/www.toyotomi.eu\/es\/producto\/toyotube\/#primaryimage"},"image":{"@id":"https:\/\/www.toyotomi.eu\/es\/producto\/toyotube\/#primaryimage"},"thumbnailUrl":"https:\/\/www.toyotomi.eu\/wp-content\/uploads\/2026\/03\/PIC_TOYOTUBE_2560x2560.png","datePublished":"2025-01-01T01:01:00+00:00","dateModified":"2025-12-11T23:45:15+00:00","breadcrumb":{"@id":"https:\/\/www.toyotomi.eu\/es\/producto\/toyotube\/#breadcrumb"},"inLanguage":"es","potentialAction":[{"@type":"ReadAction","target":["https:\/\/www.toyotomi.eu\/es\/producto\/toyotube\/"]}]},{"@type":"ImageObject","inLanguage":"es","@id":"https:\/\/www.toyotomi.eu\/es\/producto\/toyotube\/#primaryimage","url":"https:\/\/www.toyotomi.eu\/wp-content\/uploads\/2026\/03\/PIC_TOYOTUBE_2560x2560.png","contentUrl":"https:\/\/www.toyotomi.eu\/wp-content\/uploads\/2026\/03\/PIC_TOYOTUBE_2560x2560.png","width":2560,"height":2560,"caption":"Efficient Toyotomi Toyotube for rapid heating of Toyotomi stoves, ensuring safety and convenience."},{"@type":"BreadcrumbList","@id":"https:\/\/www.toyotomi.eu\/es\/producto\/toyotube\/#breadcrumb","itemListElement":[{"@type":"ListItem","position":1,"name":"Inicio","item":"https:\/\/www.toyotomi.eu\/es\/"},{"@type":"ListItem","position":2,"name":"Todos los productos","item":"https:\/\/www.toyotomi.eu\/es\/todos-los-productos\/"},{"@type":"ListItem","position":3,"name":"TOYOTUBE"}]},{"@type":"WebSite","@id":"https:\/\/www.toyotomi.eu\/es\/#website","url":"https:\/\/www.toyotomi.eu\/es\/","name":"Toyotomi","description":"","publisher":{"@id":"https:\/\/www.toyotomi.eu\/es\/#organization"},"potentialAction":[{"@type":"SearchAction","target":{"@type":"EntryPoint","urlTemplate":"https:\/\/www.toyotomi.eu\/es\/?s={search_term_string}"},"query-input":{"@type":"PropertyValueSpecification","valueRequired":true,"valueName":"search_term_string"}}],"inLanguage":"es"},{"@type":"Organization","@id":"https:\/\/www.toyotomi.eu\/es\/#organization","name":"Toyotomi Europe Sales B.V.","alternateName":"Toyotomi","url":"https:\/\/www.toyotomi.eu\/es\/","logo":{"@type":"ImageObject","inLanguage":"es","@id":"https:\/\/www.toyotomi.eu\/es\/#\/schema\/logo\/image\/","url":"https:\/\/www.toyotomi.eu\/wp-content\/uploads\/2025\/10\/logo.png","contentUrl":"https:\/\/www.toyotomi.eu\/wp-content\/uploads\/2025\/10\/logo.png","width":1360,"height":304,"caption":"Toyotomi Europe Sales B.V."},"image":{"@id":"https:\/\/www.toyotomi.eu\/es\/#\/schema\/logo\/image\/"}}]}},"_links":{"self":[{"href":"https:\/\/www.toyotomi.eu\/es\/wp-json\/wp\/v2\/product\/46511","targetHints":{"allow":["GET"]}}],"collection":[{"href":"https:\/\/www.toyotomi.eu\/es\/wp-json\/wp\/v2\/product"}],"about":[{"href":"https:\/\/www.toyotomi.eu\/es\/wp-json\/wp\/v2\/types\/product"}],"wp:featuredmedia":[{"embeddable":true,"href":"https:\/\/www.toyotomi.eu\/es\/wp-json\/wp\/v2\/media\/62482"}],"wp:attachment":[{"href":"https:\/\/www.toyotomi.eu\/es\/wp-json\/wp\/v2\/media?parent=46511"}],"wp:term":[{"taxonomy":"product_brand","embeddable":true,"href":"https:\/\/www.toyotomi.eu\/es\/wp-json\/wp\/v2\/product_brand?post=46511"},{"taxonomy":"product_cat","embeddable":true,"href":"https:\/\/www.toyotomi.eu\/es\/wp-json\/wp\/v2\/product_cat?post=46511"},{"taxonomy":"product_tag","embeddable":true,"href":"https:\/\/www.toyotomi.eu\/es\/wp-json\/wp\/v2\/product_tag?post=46511"}],"curies":[{"name":"wp","href":"https:\/\/api.w.org\/{rel}","templated":true}]}}