{"id":46462,"date":"2025-01-01T02:01:00","date_gmt":"2025-01-01T01:01:00","guid":{"rendered":"https:\/\/www.toyotomi.eu\/product\/bolsa-de-transporte-rbg-3\/"},"modified":"2025-12-02T11:40:19","modified_gmt":"2025-12-02T11:40:19","slug":"bolsa-de-transporte-rbg-3","status":"publish","type":"product","link":"https:\/\/www.toyotomi.eu\/es\/producto\/bolsa-de-transporte-rbg-3\/","title":{"rendered":"Bolsa de transporte RBG-3"},"content":{"rendered":"\n<div class=\"wp-block-essential-blocks-wrapper alignfull  root-eb-wrapper-8eqic\"><div class=\"eb-parent-wrapper eb-parent-eb-wrapper-8eqic \"><div class=\"eb-wrapper-outer eb-wrapper-8eqic\"><div class=\"eb-wrapper-inner\"><div class=\"eb-wrapper-inner-blocks eb-wrapper-align-center\">\n<div class=\"wp-block-essential-blocks-row alignfull  root-eb-row-69nlq\"><div class=\"eb-parent-wrapper eb-parent-eb-row-69nlq \"><div class=\"eb-row-root-container eb-row-69nlq\" data-id=\"eb-row-69nlq\"><div class=\"eb-row-wrapper\"><div class=\"eb-row-inner\">\n<div class=\"wp-block-essential-blocks-column  root-eb-column-4o7fv\"><div class=\"eb-parent-wrapper eb-parent-eb-column-4o7fv \"><div class=\"eb-column-wrapper eb-column-4o7fv\"><div class=\"eb-column-inner\">\n<h2 class=\"wp-block-heading has-text-align-center has-x-large-font-size\">Hecho para complementar su calefactor<\/h2>\n\n\n\n<p class=\"has-text-align-center\">Esta bolsa de transporte est\u00e1 hecha para complementar su calefactor redondo Toyotomi, con un dise\u00f1o limpio y moderno, as\u00ed como un ajuste perfecto para los calefactores redondos dedicados. Se ha fabricado para mejorar a\u00fan m\u00e1s su experiencia con el calefactor.<\/p>\n<\/div><\/div><\/div><\/div>\n<\/div><\/div><\/div><\/div><\/div>\n<\/div><\/div><\/div><\/div><\/div>\n\n<div class=\"wp-block-cover\" style=\"border-radius:10px;min-height:600px;aspect-ratio:unset;\"><img loading=\"lazy\" decoding=\"async\" width=\"1920\" height=\"1200\" class=\"wp-block-cover__image-background wp-image-28163 size-full\" alt=\"\" src=\"https:\/\/www.toyotomi.eu\/wp-content\/uploads\/2025\/08\/accessories-banner.jpg\" data-object-fit=\"cover\" srcset=\"https:\/\/www.toyotomi.eu\/wp-content\/uploads\/2025\/08\/accessories-banner.jpg 1920w, https:\/\/www.toyotomi.eu\/wp-content\/uploads\/2025\/08\/accessories-banner-300x188.jpg 300w, https:\/\/www.toyotomi.eu\/wp-content\/uploads\/2025\/08\/accessories-banner-1024x640.jpg 1024w, https:\/\/www.toyotomi.eu\/wp-content\/uploads\/2025\/08\/accessories-banner-768x480.jpg 768w, https:\/\/www.toyotomi.eu\/wp-content\/uploads\/2025\/08\/accessories-banner-1536x960.jpg 1536w, https:\/\/www.toyotomi.eu\/wp-content\/uploads\/2025\/08\/accessories-banner-990x619.jpg 990w, https:\/\/www.toyotomi.eu\/wp-content\/uploads\/2025\/08\/accessories-banner-441x276.jpg 441w, https:\/\/www.toyotomi.eu\/wp-content\/uploads\/2025\/08\/accessories-banner-150x94.jpg 150w\" sizes=\"auto, (max-width: 1920px) 100vw, 1920px\" \/><span aria-hidden=\"true\" class=\"wp-block-cover__background has-background-dim-0 has-background-dim\" style=\"background-color:#777470\"><\/span><div class=\"wp-block-cover__inner-container has-global-padding is-layout-constrained wp-block-cover-is-layout-constrained\">\n<p class=\"has-text-align-center has-large-font-size\"><\/p>\n<\/div><\/div>\n","protected":false},"excerpt":{"rendered":"<p>Este producto no est\u00e1 disponible para su compra en l\u00ednea; para cualquier consulta, p\u00f3ngase en contacto con su distribuidor local a trav\u00e9s del <a href=\"https:\/\/www.toyotomi.eu\/es\/atencion-al-cliente\/contacto\/\">formulario de contacto<\/a>.<\/p>\n","protected":false},"featured_media":39062,"template":"","meta":{"_acf_changed":false,"_eb_attr":""},"product_brand":[],"product_cat":[5921],"product_tag":[],"class_list":{"0":"post-46462","1":"product","2":"type-product","3":"status-publish","4":"has-post-thumbnail","6":"product_cat-accesorios","8":"first","9":"instock","10":"taxable","11":"shipping-taxable","12":"product-type-simple"},"acf":[],"yoast_head":"<!-- This site is optimized with the Yoast SEO plugin v27.4 - https:\/\/yoast.com\/product\/yoast-seo-wordpress\/ -->\n<title>Bolsa de transporte RBG-3 - Toyotomi<\/title>\n<meta name=\"robots\" content=\"index, follow, max-snippet:-1, max-image-preview:large, max-video-preview:-1\" \/>\n<link rel=\"canonical\" href=\"https:\/\/www.toyotomi.eu\/es\/producto\/bolsa-de-transporte-rbg-3\/\" \/>\n<meta property=\"og:locale\" content=\"es_ES\" \/>\n<meta property=\"og:type\" content=\"article\" \/>\n<meta property=\"og:title\" content=\"Bolsa de transporte RBG-3 - Toyotomi\" \/>\n<meta property=\"og:description\" content=\"Este producto no est\u00e1 disponible para su compra en l\u00ednea; para cualquier consulta, p\u00f3ngase en contacto con su distribuidor local a trav\u00e9s del formulario de contacto.\" \/>\n<meta property=\"og:url\" content=\"https:\/\/www.toyotomi.eu\/es\/producto\/bolsa-de-transporte-rbg-3\/\" \/>\n<meta property=\"og:site_name\" content=\"Toyotomi\" \/>\n<meta property=\"article:modified_time\" content=\"2025-12-02T11:40:19+00:00\" \/>\n<meta property=\"og:image\" content=\"https:\/\/www.toyotomi.eu\/wp-content\/uploads\/2022\/12\/RBG-3-1.jpg\" \/>\n\t<meta property=\"og:image:width\" content=\"1000\" \/>\n\t<meta property=\"og:image:height\" content=\"1000\" \/>\n\t<meta property=\"og:image:type\" content=\"image\/jpeg\" \/>\n<meta name=\"twitter:card\" content=\"summary_large_image\" \/>\n<script type=\"application\/ld+json\" class=\"yoast-schema-graph\">{\"@context\":\"https:\\\/\\\/schema.org\",\"@graph\":[{\"@type\":\"WebPage\",\"@id\":\"https:\\\/\\\/www.toyotomi.eu\\\/es\\\/producto\\\/bolsa-de-transporte-rbg-3\\\/\",\"url\":\"https:\\\/\\\/www.toyotomi.eu\\\/es\\\/producto\\\/bolsa-de-transporte-rbg-3\\\/\",\"name\":\"Bolsa de transporte RBG-3 - Toyotomi\",\"isPartOf\":{\"@id\":\"https:\\\/\\\/www.toyotomi.eu\\\/es\\\/#website\"},\"primaryImageOfPage\":{\"@id\":\"https:\\\/\\\/www.toyotomi.eu\\\/es\\\/producto\\\/bolsa-de-transporte-rbg-3\\\/#primaryimage\"},\"image\":{\"@id\":\"https:\\\/\\\/www.toyotomi.eu\\\/es\\\/producto\\\/bolsa-de-transporte-rbg-3\\\/#primaryimage\"},\"thumbnailUrl\":\"https:\\\/\\\/www.toyotomi.eu\\\/wp-content\\\/uploads\\\/2022\\\/12\\\/RBG-3-1.jpg\",\"datePublished\":\"2025-01-01T01:01:00+00:00\",\"dateModified\":\"2025-12-02T11:40:19+00:00\",\"breadcrumb\":{\"@id\":\"https:\\\/\\\/www.toyotomi.eu\\\/es\\\/producto\\\/bolsa-de-transporte-rbg-3\\\/#breadcrumb\"},\"inLanguage\":\"es\",\"potentialAction\":[{\"@type\":\"ReadAction\",\"target\":[\"https:\\\/\\\/www.toyotomi.eu\\\/es\\\/producto\\\/bolsa-de-transporte-rbg-3\\\/\"]}]},{\"@type\":\"ImageObject\",\"inLanguage\":\"es\",\"@id\":\"https:\\\/\\\/www.toyotomi.eu\\\/es\\\/producto\\\/bolsa-de-transporte-rbg-3\\\/#primaryimage\",\"url\":\"https:\\\/\\\/www.toyotomi.eu\\\/wp-content\\\/uploads\\\/2022\\\/12\\\/RBG-3-1.jpg\",\"contentUrl\":\"https:\\\/\\\/www.toyotomi.eu\\\/wp-content\\\/uploads\\\/2022\\\/12\\\/RBG-3-1.jpg\",\"width\":1000,\"height\":1000},{\"@type\":\"BreadcrumbList\",\"@id\":\"https:\\\/\\\/www.toyotomi.eu\\\/es\\\/producto\\\/bolsa-de-transporte-rbg-3\\\/#breadcrumb\",\"itemListElement\":[{\"@type\":\"ListItem\",\"position\":1,\"name\":\"Inicio\",\"item\":\"https:\\\/\\\/www.toyotomi.eu\\\/es\\\/\"},{\"@type\":\"ListItem\",\"position\":2,\"name\":\"Todos los productos\",\"item\":\"https:\\\/\\\/www.toyotomi.eu\\\/es\\\/todos-los-productos\\\/\"},{\"@type\":\"ListItem\",\"position\":3,\"name\":\"Bolsa de transporte RBG-3\"}]},{\"@type\":\"WebSite\",\"@id\":\"https:\\\/\\\/www.toyotomi.eu\\\/es\\\/#website\",\"url\":\"https:\\\/\\\/www.toyotomi.eu\\\/es\\\/\",\"name\":\"Toyotomi\",\"description\":\"\",\"publisher\":{\"@id\":\"https:\\\/\\\/www.toyotomi.eu\\\/es\\\/#organization\"},\"potentialAction\":[{\"@type\":\"SearchAction\",\"target\":{\"@type\":\"EntryPoint\",\"urlTemplate\":\"https:\\\/\\\/www.toyotomi.eu\\\/es\\\/?s={search_term_string}\"},\"query-input\":{\"@type\":\"PropertyValueSpecification\",\"valueRequired\":true,\"valueName\":\"search_term_string\"}}],\"inLanguage\":\"es\"},{\"@type\":\"Organization\",\"@id\":\"https:\\\/\\\/www.toyotomi.eu\\\/es\\\/#organization\",\"name\":\"Toyotomi Europe Sales B.V.\",\"alternateName\":\"Toyotomi\",\"url\":\"https:\\\/\\\/www.toyotomi.eu\\\/es\\\/\",\"logo\":{\"@type\":\"ImageObject\",\"inLanguage\":\"es\",\"@id\":\"https:\\\/\\\/www.toyotomi.eu\\\/es\\\/#\\\/schema\\\/logo\\\/image\\\/\",\"url\":\"https:\\\/\\\/www.toyotomi.eu\\\/wp-content\\\/uploads\\\/2025\\\/10\\\/logo.png\",\"contentUrl\":\"https:\\\/\\\/www.toyotomi.eu\\\/wp-content\\\/uploads\\\/2025\\\/10\\\/logo.png\",\"width\":1360,\"height\":304,\"caption\":\"Toyotomi Europe Sales B.V.\"},\"image\":{\"@id\":\"https:\\\/\\\/www.toyotomi.eu\\\/es\\\/#\\\/schema\\\/logo\\\/image\\\/\"}}]}<\/script>\n<!-- \/ Yoast SEO plugin. -->","yoast_head_json":{"title":"Bolsa de transporte RBG-3 - Toyotomi","robots":{"index":"index","follow":"follow","max-snippet":"max-snippet:-1","max-image-preview":"max-image-preview:large","max-video-preview":"max-video-preview:-1"},"canonical":"https:\/\/www.toyotomi.eu\/es\/producto\/bolsa-de-transporte-rbg-3\/","og_locale":"es_ES","og_type":"article","og_title":"Bolsa de transporte RBG-3 - Toyotomi","og_description":"Este producto no est\u00e1 disponible para su compra en l\u00ednea; para cualquier consulta, p\u00f3ngase en contacto con su distribuidor local a trav\u00e9s del formulario de contacto.","og_url":"https:\/\/www.toyotomi.eu\/es\/producto\/bolsa-de-transporte-rbg-3\/","og_site_name":"Toyotomi","article_modified_time":"2025-12-02T11:40:19+00:00","og_image":[{"width":1000,"height":1000,"url":"https:\/\/www.toyotomi.eu\/wp-content\/uploads\/2022\/12\/RBG-3-1.jpg","type":"image\/jpeg"}],"twitter_card":"summary_large_image","schema":{"@context":"https:\/\/schema.org","@graph":[{"@type":"WebPage","@id":"https:\/\/www.toyotomi.eu\/es\/producto\/bolsa-de-transporte-rbg-3\/","url":"https:\/\/www.toyotomi.eu\/es\/producto\/bolsa-de-transporte-rbg-3\/","name":"Bolsa de transporte RBG-3 - Toyotomi","isPartOf":{"@id":"https:\/\/www.toyotomi.eu\/es\/#website"},"primaryImageOfPage":{"@id":"https:\/\/www.toyotomi.eu\/es\/producto\/bolsa-de-transporte-rbg-3\/#primaryimage"},"image":{"@id":"https:\/\/www.toyotomi.eu\/es\/producto\/bolsa-de-transporte-rbg-3\/#primaryimage"},"thumbnailUrl":"https:\/\/www.toyotomi.eu\/wp-content\/uploads\/2022\/12\/RBG-3-1.jpg","datePublished":"2025-01-01T01:01:00+00:00","dateModified":"2025-12-02T11:40:19+00:00","breadcrumb":{"@id":"https:\/\/www.toyotomi.eu\/es\/producto\/bolsa-de-transporte-rbg-3\/#breadcrumb"},"inLanguage":"es","potentialAction":[{"@type":"ReadAction","target":["https:\/\/www.toyotomi.eu\/es\/producto\/bolsa-de-transporte-rbg-3\/"]}]},{"@type":"ImageObject","inLanguage":"es","@id":"https:\/\/www.toyotomi.eu\/es\/producto\/bolsa-de-transporte-rbg-3\/#primaryimage","url":"https:\/\/www.toyotomi.eu\/wp-content\/uploads\/2022\/12\/RBG-3-1.jpg","contentUrl":"https:\/\/www.toyotomi.eu\/wp-content\/uploads\/2022\/12\/RBG-3-1.jpg","width":1000,"height":1000},{"@type":"BreadcrumbList","@id":"https:\/\/www.toyotomi.eu\/es\/producto\/bolsa-de-transporte-rbg-3\/#breadcrumb","itemListElement":[{"@type":"ListItem","position":1,"name":"Inicio","item":"https:\/\/www.toyotomi.eu\/es\/"},{"@type":"ListItem","position":2,"name":"Todos los productos","item":"https:\/\/www.toyotomi.eu\/es\/todos-los-productos\/"},{"@type":"ListItem","position":3,"name":"Bolsa de transporte RBG-3"}]},{"@type":"WebSite","@id":"https:\/\/www.toyotomi.eu\/es\/#website","url":"https:\/\/www.toyotomi.eu\/es\/","name":"Toyotomi","description":"","publisher":{"@id":"https:\/\/www.toyotomi.eu\/es\/#organization"},"potentialAction":[{"@type":"SearchAction","target":{"@type":"EntryPoint","urlTemplate":"https:\/\/www.toyotomi.eu\/es\/?s={search_term_string}"},"query-input":{"@type":"PropertyValueSpecification","valueRequired":true,"valueName":"search_term_string"}}],"inLanguage":"es"},{"@type":"Organization","@id":"https:\/\/www.toyotomi.eu\/es\/#organization","name":"Toyotomi Europe Sales B.V.","alternateName":"Toyotomi","url":"https:\/\/www.toyotomi.eu\/es\/","logo":{"@type":"ImageObject","inLanguage":"es","@id":"https:\/\/www.toyotomi.eu\/es\/#\/schema\/logo\/image\/","url":"https:\/\/www.toyotomi.eu\/wp-content\/uploads\/2025\/10\/logo.png","contentUrl":"https:\/\/www.toyotomi.eu\/wp-content\/uploads\/2025\/10\/logo.png","width":1360,"height":304,"caption":"Toyotomi Europe Sales B.V."},"image":{"@id":"https:\/\/www.toyotomi.eu\/es\/#\/schema\/logo\/image\/"}}]}},"_links":{"self":[{"href":"https:\/\/www.toyotomi.eu\/es\/wp-json\/wp\/v2\/product\/46462","targetHints":{"allow":["GET"]}}],"collection":[{"href":"https:\/\/www.toyotomi.eu\/es\/wp-json\/wp\/v2\/product"}],"about":[{"href":"https:\/\/www.toyotomi.eu\/es\/wp-json\/wp\/v2\/types\/product"}],"wp:featuredmedia":[{"embeddable":true,"href":"https:\/\/www.toyotomi.eu\/es\/wp-json\/wp\/v2\/media\/39062"}],"wp:attachment":[{"href":"https:\/\/www.toyotomi.eu\/es\/wp-json\/wp\/v2\/media?parent=46462"}],"wp:term":[{"taxonomy":"product_brand","embeddable":true,"href":"https:\/\/www.toyotomi.eu\/es\/wp-json\/wp\/v2\/product_brand?post=46462"},{"taxonomy":"product_cat","embeddable":true,"href":"https:\/\/www.toyotomi.eu\/es\/wp-json\/wp\/v2\/product_cat?post=46462"},{"taxonomy":"product_tag","embeddable":true,"href":"https:\/\/www.toyotomi.eu\/es\/wp-json\/wp\/v2\/product_tag?post=46462"}],"curies":[{"name":"wp","href":"https:\/\/api.w.org\/{rel}","templated":true}]}}