{"id":46400,"date":"2025-01-01T02:01:00","date_gmt":"2025-01-01T01:01:00","guid":{"rendered":"https:\/\/www.toyotomi.eu\/product\/toyotomi-plus-10l\/"},"modified":"2025-12-11T23:50:09","modified_gmt":"2025-12-11T23:50:09","slug":"toyotomi-plus-10l","status":"publish","type":"product","link":"https:\/\/www.toyotomi.eu\/es\/producto\/toyotomi-plus-10l\/","title":{"rendered":"TOYOTOMI PLUS 10L"},"content":{"rendered":"\n<div class=\"wp-block-essential-blocks-wrapper alignfull  root-eb-wrapper-kiu5m\"><div class=\"eb-parent-wrapper eb-parent-eb-wrapper-kiu5m \"><div class=\"eb-wrapper-outer eb-wrapper-kiu5m\"><div class=\"eb-wrapper-inner\"><div class=\"eb-wrapper-inner-blocks eb-wrapper-align-center\">\n<div class=\"wp-block-essential-blocks-row alignfull  root-eb-row-vp5zx\"><div class=\"eb-parent-wrapper eb-parent-eb-row-vp5zx \"><div class=\"eb-row-root-container eb-row-vp5zx\" data-id=\"eb-row-vp5zx\"><div class=\"eb-row-wrapper\"><div class=\"eb-row-inner\">\n<div class=\"wp-block-essential-blocks-column  root-eb-column-wbb44\"><div class=\"eb-parent-wrapper eb-parent-eb-column-wbb44 \"><div class=\"eb-column-wrapper eb-column-wbb44\"><div class=\"eb-column-inner\">\n<h2 class=\"wp-block-heading has-text-align-left\"><strong>Toyotomi PLUS<\/strong><\/h2>\n\n\n\n<p>El combustible Toyotomi PLUS se distingue de otros combustibles comparables por las siguientes caracter\u00edsticas:<\/p>\n\n\n\n<ul class=\"wp-block-list\">\n<li>La f\u00f3rmula especial \u201cpura\u201d, gracias al bajo contenido de arom\u00e1ticos (0,007%): reduce el olor al encender y apagar.<\/li>\n\n\n\n<li>El poder calor\u00edfico superior a 11.400 Kcal por kg garantiza un alto rendimiento junto con una estabilidad de la llama y la ausencia de materiales no quemados.<\/li>\n\n\n\n<li>El contenido de materia no vol\u00e1til de solo el 0,0000006% elimina los residuos posteriores a la combusti\u00f3n, mantiene el quemador limpio y elimina la necesidad de mantenimiento.<\/li>\n\n\n\n<li>Los bidones de Toyotomi est\u00e1n hechos de PET, un material 100% reciclable y reutilizable. Si se recicla, puede dar vida a muchos objetos nuevos, al tiempo que garantiza la calidad y la pureza del compuesto. <\/li>\n\n\n\n<li>Recomendado por Toyotomi, el fabricante l\u00edder mundial de calentadores de combustible durante m\u00e1s de 75 a\u00f1os.<\/li>\n\n\n\n<li>Acumule puntos de fidelidad y descubra c\u00f3mo ampliar la garant\u00eda de su calentador producido por las marcas Toyotomi: \u2018Toyotomi\u2019 y \u2018Zibro\u2019.<\/li>\n<\/ul>\n<\/div><\/div><\/div><\/div>\n<\/div><\/div><\/div><\/div><\/div>\n<\/div><\/div><\/div><\/div><\/div>\n","protected":false},"excerpt":{"rendered":"<p>Toyotomi PLUS es un combustible \u201cpuro\u00bb que se le ofrece a un precio inmejorable en combinaci\u00f3n con un rendimiento \u00f3ptimo. Gracias a un bajo contenido de arom\u00e1ticos, el olor se reduce al encender y al apagar, el combustible garantiza un alto rendimiento gracias a un valor calor\u00edfico superior a 11.400 Kcal\/kg. <\/p>\n","protected":false},"featured_media":62527,"template":"","meta":{"_acf_changed":false,"_eb_attr":""},"product_brand":[],"product_cat":[5910],"product_tag":[],"class_list":{"0":"post-46400","1":"product","2":"type-product","3":"status-publish","4":"has-post-thumbnail","6":"product_cat-combustible","8":"first","9":"instock","10":"taxable","11":"shipping-taxable","12":"product-type-simple"},"acf":[],"yoast_head":"<!-- This site is optimized with the Yoast SEO plugin v27.4 - https:\/\/yoast.com\/product\/yoast-seo-wordpress\/ -->\n<title>TOYOTOMI PLUS 10L - Toyotomi<\/title>\n<meta name=\"robots\" content=\"index, follow, max-snippet:-1, max-image-preview:large, max-video-preview:-1\" \/>\n<link rel=\"canonical\" href=\"https:\/\/www.toyotomi.eu\/es\/producto\/toyotomi-plus-10l\/\" \/>\n<meta property=\"og:locale\" content=\"es_ES\" \/>\n<meta property=\"og:type\" content=\"article\" \/>\n<meta property=\"og:title\" content=\"TOYOTOMI PLUS 10L - Toyotomi\" \/>\n<meta property=\"og:description\" content=\"Toyotomi PLUS es un combustible &quot;puro&quot; que se le ofrece a un precio inmejorable en combinaci\u00f3n con un rendimiento \u00f3ptimo. Gracias a un bajo contenido de arom\u00e1ticos, el olor se reduce al encender y al apagar, el combustible garantiza un alto rendimiento gracias a un valor calor\u00edfico superior a 11.400 Kcal\/kg.\" \/>\n<meta property=\"og:url\" content=\"https:\/\/www.toyotomi.eu\/es\/producto\/toyotomi-plus-10l\/\" \/>\n<meta property=\"og:site_name\" content=\"Toyotomi\" \/>\n<meta property=\"article:modified_time\" content=\"2025-12-11T23:50:09+00:00\" \/>\n<meta property=\"og:image\" content=\"https:\/\/www.toyotomi.eu\/wp-content\/uploads\/2025\/01\/10L_PLUS_IT_2560x2560-1920x1920.png\" \/>\n\t<meta property=\"og:image:width\" content=\"1920\" \/>\n\t<meta property=\"og:image:height\" content=\"1920\" \/>\n\t<meta property=\"og:image:type\" content=\"image\/png\" \/>\n<meta name=\"twitter:card\" content=\"summary_large_image\" \/>\n<script type=\"application\/ld+json\" class=\"yoast-schema-graph\">{\"@context\":\"https:\\\/\\\/schema.org\",\"@graph\":[{\"@type\":\"WebPage\",\"@id\":\"https:\\\/\\\/www.toyotomi.eu\\\/es\\\/producto\\\/toyotomi-plus-10l\\\/\",\"url\":\"https:\\\/\\\/www.toyotomi.eu\\\/es\\\/producto\\\/toyotomi-plus-10l\\\/\",\"name\":\"TOYOTOMI PLUS 10L - Toyotomi\",\"isPartOf\":{\"@id\":\"https:\\\/\\\/www.toyotomi.eu\\\/es\\\/#website\"},\"primaryImageOfPage\":{\"@id\":\"https:\\\/\\\/www.toyotomi.eu\\\/es\\\/producto\\\/toyotomi-plus-10l\\\/#primaryimage\"},\"image\":{\"@id\":\"https:\\\/\\\/www.toyotomi.eu\\\/es\\\/producto\\\/toyotomi-plus-10l\\\/#primaryimage\"},\"thumbnailUrl\":\"https:\\\/\\\/www.toyotomi.eu\\\/wp-content\\\/uploads\\\/2026\\\/04\\\/PIC_TOYOTOMI-PLUS-10L_2560x2560.png\",\"datePublished\":\"2025-01-01T01:01:00+00:00\",\"dateModified\":\"2025-12-11T23:50:09+00:00\",\"breadcrumb\":{\"@id\":\"https:\\\/\\\/www.toyotomi.eu\\\/es\\\/producto\\\/toyotomi-plus-10l\\\/#breadcrumb\"},\"inLanguage\":\"es\",\"potentialAction\":[{\"@type\":\"ReadAction\",\"target\":[\"https:\\\/\\\/www.toyotomi.eu\\\/es\\\/producto\\\/toyotomi-plus-10l\\\/\"]}]},{\"@type\":\"ImageObject\",\"inLanguage\":\"es\",\"@id\":\"https:\\\/\\\/www.toyotomi.eu\\\/es\\\/producto\\\/toyotomi-plus-10l\\\/#primaryimage\",\"url\":\"https:\\\/\\\/www.toyotomi.eu\\\/wp-content\\\/uploads\\\/2026\\\/04\\\/PIC_TOYOTOMI-PLUS-10L_2560x2560.png\",\"contentUrl\":\"https:\\\/\\\/www.toyotomi.eu\\\/wp-content\\\/uploads\\\/2026\\\/04\\\/PIC_TOYOTOMI-PLUS-10L_2560x2560.png\",\"width\":2560,\"height\":2560,\"caption\":\"10-liter red Toyotomi Plus fuel container designed for portable heaters and paraffin heater brands.\"},{\"@type\":\"BreadcrumbList\",\"@id\":\"https:\\\/\\\/www.toyotomi.eu\\\/es\\\/producto\\\/toyotomi-plus-10l\\\/#breadcrumb\",\"itemListElement\":[{\"@type\":\"ListItem\",\"position\":1,\"name\":\"Inicio\",\"item\":\"https:\\\/\\\/www.toyotomi.eu\\\/es\\\/\"},{\"@type\":\"ListItem\",\"position\":2,\"name\":\"Todos los productos\",\"item\":\"https:\\\/\\\/www.toyotomi.eu\\\/es\\\/todos-los-productos\\\/\"},{\"@type\":\"ListItem\",\"position\":3,\"name\":\"TOYOTOMI PLUS 10L\"}]},{\"@type\":\"WebSite\",\"@id\":\"https:\\\/\\\/www.toyotomi.eu\\\/es\\\/#website\",\"url\":\"https:\\\/\\\/www.toyotomi.eu\\\/es\\\/\",\"name\":\"Toyotomi\",\"description\":\"\",\"publisher\":{\"@id\":\"https:\\\/\\\/www.toyotomi.eu\\\/es\\\/#organization\"},\"potentialAction\":[{\"@type\":\"SearchAction\",\"target\":{\"@type\":\"EntryPoint\",\"urlTemplate\":\"https:\\\/\\\/www.toyotomi.eu\\\/es\\\/?s={search_term_string}\"},\"query-input\":{\"@type\":\"PropertyValueSpecification\",\"valueRequired\":true,\"valueName\":\"search_term_string\"}}],\"inLanguage\":\"es\"},{\"@type\":\"Organization\",\"@id\":\"https:\\\/\\\/www.toyotomi.eu\\\/es\\\/#organization\",\"name\":\"Toyotomi Europe Sales B.V.\",\"alternateName\":\"Toyotomi\",\"url\":\"https:\\\/\\\/www.toyotomi.eu\\\/es\\\/\",\"logo\":{\"@type\":\"ImageObject\",\"inLanguage\":\"es\",\"@id\":\"https:\\\/\\\/www.toyotomi.eu\\\/es\\\/#\\\/schema\\\/logo\\\/image\\\/\",\"url\":\"https:\\\/\\\/www.toyotomi.eu\\\/wp-content\\\/uploads\\\/2025\\\/10\\\/logo.png\",\"contentUrl\":\"https:\\\/\\\/www.toyotomi.eu\\\/wp-content\\\/uploads\\\/2025\\\/10\\\/logo.png\",\"width\":1360,\"height\":304,\"caption\":\"Toyotomi Europe Sales B.V.\"},\"image\":{\"@id\":\"https:\\\/\\\/www.toyotomi.eu\\\/es\\\/#\\\/schema\\\/logo\\\/image\\\/\"}}]}<\/script>\n<!-- \/ Yoast SEO plugin. -->","yoast_head_json":{"title":"TOYOTOMI PLUS 10L - Toyotomi","robots":{"index":"index","follow":"follow","max-snippet":"max-snippet:-1","max-image-preview":"max-image-preview:large","max-video-preview":"max-video-preview:-1"},"canonical":"https:\/\/www.toyotomi.eu\/es\/producto\/toyotomi-plus-10l\/","og_locale":"es_ES","og_type":"article","og_title":"TOYOTOMI PLUS 10L - Toyotomi","og_description":"Toyotomi PLUS es un combustible \"puro\" que se le ofrece a un precio inmejorable en combinaci\u00f3n con un rendimiento \u00f3ptimo. Gracias a un bajo contenido de arom\u00e1ticos, el olor se reduce al encender y al apagar, el combustible garantiza un alto rendimiento gracias a un valor calor\u00edfico superior a 11.400 Kcal\/kg.","og_url":"https:\/\/www.toyotomi.eu\/es\/producto\/toyotomi-plus-10l\/","og_site_name":"Toyotomi","article_modified_time":"2025-12-11T23:50:09+00:00","og_image":[{"width":1920,"height":1920,"url":"https:\/\/www.toyotomi.eu\/wp-content\/uploads\/2025\/01\/10L_PLUS_IT_2560x2560-1920x1920.png","type":"image\/png"}],"twitter_card":"summary_large_image","schema":{"@context":"https:\/\/schema.org","@graph":[{"@type":"WebPage","@id":"https:\/\/www.toyotomi.eu\/es\/producto\/toyotomi-plus-10l\/","url":"https:\/\/www.toyotomi.eu\/es\/producto\/toyotomi-plus-10l\/","name":"TOYOTOMI PLUS 10L - Toyotomi","isPartOf":{"@id":"https:\/\/www.toyotomi.eu\/es\/#website"},"primaryImageOfPage":{"@id":"https:\/\/www.toyotomi.eu\/es\/producto\/toyotomi-plus-10l\/#primaryimage"},"image":{"@id":"https:\/\/www.toyotomi.eu\/es\/producto\/toyotomi-plus-10l\/#primaryimage"},"thumbnailUrl":"https:\/\/www.toyotomi.eu\/wp-content\/uploads\/2026\/04\/PIC_TOYOTOMI-PLUS-10L_2560x2560.png","datePublished":"2025-01-01T01:01:00+00:00","dateModified":"2025-12-11T23:50:09+00:00","breadcrumb":{"@id":"https:\/\/www.toyotomi.eu\/es\/producto\/toyotomi-plus-10l\/#breadcrumb"},"inLanguage":"es","potentialAction":[{"@type":"ReadAction","target":["https:\/\/www.toyotomi.eu\/es\/producto\/toyotomi-plus-10l\/"]}]},{"@type":"ImageObject","inLanguage":"es","@id":"https:\/\/www.toyotomi.eu\/es\/producto\/toyotomi-plus-10l\/#primaryimage","url":"https:\/\/www.toyotomi.eu\/wp-content\/uploads\/2026\/04\/PIC_TOYOTOMI-PLUS-10L_2560x2560.png","contentUrl":"https:\/\/www.toyotomi.eu\/wp-content\/uploads\/2026\/04\/PIC_TOYOTOMI-PLUS-10L_2560x2560.png","width":2560,"height":2560,"caption":"10-liter red Toyotomi Plus fuel container designed for portable heaters and paraffin heater brands."},{"@type":"BreadcrumbList","@id":"https:\/\/www.toyotomi.eu\/es\/producto\/toyotomi-plus-10l\/#breadcrumb","itemListElement":[{"@type":"ListItem","position":1,"name":"Inicio","item":"https:\/\/www.toyotomi.eu\/es\/"},{"@type":"ListItem","position":2,"name":"Todos los productos","item":"https:\/\/www.toyotomi.eu\/es\/todos-los-productos\/"},{"@type":"ListItem","position":3,"name":"TOYOTOMI PLUS 10L"}]},{"@type":"WebSite","@id":"https:\/\/www.toyotomi.eu\/es\/#website","url":"https:\/\/www.toyotomi.eu\/es\/","name":"Toyotomi","description":"","publisher":{"@id":"https:\/\/www.toyotomi.eu\/es\/#organization"},"potentialAction":[{"@type":"SearchAction","target":{"@type":"EntryPoint","urlTemplate":"https:\/\/www.toyotomi.eu\/es\/?s={search_term_string}"},"query-input":{"@type":"PropertyValueSpecification","valueRequired":true,"valueName":"search_term_string"}}],"inLanguage":"es"},{"@type":"Organization","@id":"https:\/\/www.toyotomi.eu\/es\/#organization","name":"Toyotomi Europe Sales B.V.","alternateName":"Toyotomi","url":"https:\/\/www.toyotomi.eu\/es\/","logo":{"@type":"ImageObject","inLanguage":"es","@id":"https:\/\/www.toyotomi.eu\/es\/#\/schema\/logo\/image\/","url":"https:\/\/www.toyotomi.eu\/wp-content\/uploads\/2025\/10\/logo.png","contentUrl":"https:\/\/www.toyotomi.eu\/wp-content\/uploads\/2025\/10\/logo.png","width":1360,"height":304,"caption":"Toyotomi Europe Sales B.V."},"image":{"@id":"https:\/\/www.toyotomi.eu\/es\/#\/schema\/logo\/image\/"}}]}},"_links":{"self":[{"href":"https:\/\/www.toyotomi.eu\/es\/wp-json\/wp\/v2\/product\/46400","targetHints":{"allow":["GET"]}}],"collection":[{"href":"https:\/\/www.toyotomi.eu\/es\/wp-json\/wp\/v2\/product"}],"about":[{"href":"https:\/\/www.toyotomi.eu\/es\/wp-json\/wp\/v2\/types\/product"}],"wp:featuredmedia":[{"embeddable":true,"href":"https:\/\/www.toyotomi.eu\/es\/wp-json\/wp\/v2\/media\/62527"}],"wp:attachment":[{"href":"https:\/\/www.toyotomi.eu\/es\/wp-json\/wp\/v2\/media?parent=46400"}],"wp:term":[{"taxonomy":"product_brand","embeddable":true,"href":"https:\/\/www.toyotomi.eu\/es\/wp-json\/wp\/v2\/product_brand?post=46400"},{"taxonomy":"product_cat","embeddable":true,"href":"https:\/\/www.toyotomi.eu\/es\/wp-json\/wp\/v2\/product_cat?post=46400"},{"taxonomy":"product_tag","embeddable":true,"href":"https:\/\/www.toyotomi.eu\/es\/wp-json\/wp\/v2\/product_tag?post=46400"}],"curies":[{"name":"wp","href":"https:\/\/api.w.org\/{rel}","templated":true}]}}