{"id":46272,"date":"2025-01-01T02:01:00","date_gmt":"2025-01-01T01:01:00","guid":{"rendered":"https:\/\/www.toyotomi.eu\/product\/toyotomi-td-zb80\/"},"modified":"2025-12-18T00:56:19","modified_gmt":"2025-12-18T00:56:19","slug":"toyotomi-td-zb80","status":"publish","type":"product","link":"https:\/\/www.toyotomi.eu\/es\/producto\/toyotomi-td-zb80\/","title":{"rendered":"Toyotomi TD-ZB80"},"content":{"rendered":"\n<div class=\"wp-block-cover is-light\" style=\"border-radius:10px;min-height:600px;aspect-ratio:unset;\"><img loading=\"lazy\" decoding=\"async\" width=\"1920\" height=\"1400\" class=\"wp-block-cover__image-background wp-image-54965 size-full\" alt=\"\" src=\"https:\/\/www.toyotomi.eu\/wp-content\/uploads\/2025\/01\/Toyotomi-TD-ZB80-banner.jpg\" style=\"object-position:80% 40%\" data-object-fit=\"cover\" data-object-position=\"80% 40%\" srcset=\"https:\/\/www.toyotomi.eu\/wp-content\/uploads\/2025\/01\/Toyotomi-TD-ZB80-banner.jpg 1920w, https:\/\/www.toyotomi.eu\/wp-content\/uploads\/2025\/01\/Toyotomi-TD-ZB80-banner-1024x747.jpg 1024w, https:\/\/www.toyotomi.eu\/wp-content\/uploads\/2025\/01\/Toyotomi-TD-ZB80-banner-768x560.jpg 768w, https:\/\/www.toyotomi.eu\/wp-content\/uploads\/2025\/01\/Toyotomi-TD-ZB80-banner-1536x1120.jpg 1536w, https:\/\/www.toyotomi.eu\/wp-content\/uploads\/2025\/01\/Toyotomi-TD-ZB80-banner-990x722.jpg 990w, https:\/\/www.toyotomi.eu\/wp-content\/uploads\/2025\/01\/Toyotomi-TD-ZB80-banner-441x322.jpg 441w, https:\/\/www.toyotomi.eu\/wp-content\/uploads\/2025\/01\/Toyotomi-TD-ZB80-banner-150x109.jpg 150w\" sizes=\"auto, (max-width: 1920px) 100vw, 1920px\" \/><span aria-hidden=\"true\" class=\"wp-block-cover__background has-background-dim-0 has-background-dim\" style=\"background-color:#efeef0\"><\/span><div class=\"wp-block-cover__inner-container has-global-padding is-layout-constrained wp-block-cover-is-layout-constrained\">\n<p class=\"has-text-align-center has-large-font-size\"><\/p>\n<\/div><\/div>\n\n<div style=\"height:40px\" aria-hidden=\"true\" class=\"wp-block-spacer\"><\/div>\n\n<div class=\"wp-block-essential-blocks-wrapper alignfull  root-eb-wrapper-kiu5m\"><div class=\"eb-parent-wrapper eb-parent-eb-wrapper-kiu5m \"><div class=\"eb-wrapper-outer eb-wrapper-kiu5m\"><div class=\"eb-wrapper-inner\"><div class=\"eb-wrapper-inner-blocks eb-wrapper-align-center\">\n<div class=\"wp-block-essential-blocks-row alignfull  root-eb-row-vp5zx\"><div class=\"eb-parent-wrapper eb-parent-eb-row-vp5zx \"><div class=\"eb-row-root-container eb-row-vp5zx\" data-id=\"eb-row-vp5zx\"><div class=\"eb-row-wrapper\"><div class=\"eb-row-inner\">\n<div class=\"wp-block-essential-blocks-column  root-eb-column-wbb44\"><div class=\"eb-parent-wrapper eb-parent-eb-column-wbb44 \"><div class=\"eb-column-wrapper eb-column-wbb44\"><div class=\"eb-column-inner\">\n<h2 class=\"wp-block-heading has-text-align-left has-x-large-font-size\">Deshumidificador port\u00e1til <strong>Toyotomi TD-ZB80<\/strong><\/h2>\n\n\n\n<p>El deshumidificador TD-ZB80 de Toyotomi funciona mejor en condiciones en las que la temperatura se acerca a los 20 \u00b0C. En estas situaciones, el dispositivo puede absorber hasta 8 litros de humedad del aire. La capacidad del dep\u00f3sito de 4,0 litros garantiza que el deshumidificador pueda funcionar durante un per\u00edodo suficientemente largo sin intervenci\u00f3n. Adem\u00e1s de eso, el dispositivo deja de funcionar una vez que el dep\u00f3sito de agua est\u00e1 lleno e informa al usuario. Este deshumidificador de tipo desecante superar\u00e1 a un deshumidificador de tipo compresor en todas las condiciones en las que la temperatura sea inferior a 20 \u00b0C.    <\/p>\n\n\n\n<p>El deshumidificador cuenta con un panel de control de pantalla t\u00e1ctil de f\u00e1cil acceso para el funcionamiento de todas las funciones. La salida de la rejilla de ventilaci\u00f3n superior hace de este deshumidificador una soluci\u00f3n perfecta para secar la ropa. El dise\u00f1o es a la vez \u201cest\u00e9tico\u201d y \u201cmoderno\u201d, y el peso de este deshumidificador es ligero (8,3 kg). Como resultado, esto garantiza que el deshumidificador se pueda utilizar en cualquier lugar donde mejor se adapte a sus necesidades.   <\/p>\n\n\n\n<p>El deshumidificador Toyotomi TD-ZB80 no contiene refrigerantes, lo que se traduce en un bajo impacto potencial para el medio ambiente. La innovadora t\u00e9cnica de desecante encaja perfectamente con los objetivos de sostenibilidad de Toyotomi. Con el fin de garantizar la m\u00e1xima comodidad y el m\u00ednimo consumo de energ\u00eda, el funcionamiento autom\u00e1tico permite que el dispositivo funcione solo cuando es necesario.  <\/p>\n<\/div><\/div><\/div><\/div>\n<\/div><\/div><\/div><\/div><\/div>\n<\/div><\/div><\/div><\/div><\/div>\n\n<div style=\"height:40px\" aria-hidden=\"true\" class=\"wp-block-spacer\"><\/div>\n\n<div class=\"wp-block-essential-blocks-wrapper alignfull  root-eb-wrapper-0pft6\"><div class=\"eb-parent-wrapper eb-parent-eb-wrapper-0pft6 \"><div class=\"eb-wrapper-outer eb-wrapper-0pft6\"><div class=\"eb-wrapper-inner\"><div class=\"eb-wrapper-inner-blocks eb-wrapper-align-center\">\n<div class=\"wp-block-essential-blocks-row alignfull  root-eb-row-htqol\"><div class=\"eb-parent-wrapper eb-parent-eb-row-htqol \"><div class=\"eb-row-root-container eb-row-htqol\" data-id=\"eb-row-htqol\"><div class=\"eb-row-wrapper\"><div class=\"eb-row-inner\">\n<div class=\"wp-block-essential-blocks-column  root-eb-column-eoyr7\"><div class=\"eb-parent-wrapper eb-parent-eb-column-eoyr7 \"><div class=\"eb-column-wrapper eb-column-eoyr7\"><div class=\"eb-column-inner\">\n<h2 class=\"wp-block-heading has-text-align-center has-xxx-large-font-size\">Funciones principales<\/h2>\n<\/div><\/div><\/div><\/div>\n<\/div><\/div><\/div><\/div><\/div>\n<\/div><\/div><\/div><\/div><\/div>\n\n<div class=\"wp-block-essential-blocks-wrapper alignfull  root-eb-wrapper-ug9mx\"><div class=\"eb-parent-wrapper eb-parent-eb-wrapper-ug9mx \"><div class=\"eb-wrapper-outer eb-wrapper-ug9mx\"><div class=\"eb-wrapper-inner\"><div class=\"eb-wrapper-inner-blocks eb-wrapper-align-center\">\n<div class=\"wp-block-essential-blocks-row alignfull  root-eb-row-ibpr3\"><div class=\"eb-parent-wrapper eb-parent-eb-row-ibpr3 \"><div class=\"eb-row-root-container eb-row-ibpr3\" data-id=\"eb-row-ibpr3\"><div class=\"eb-row-wrapper\"><div class=\"eb-row-inner\">\n<div class=\"wp-block-essential-blocks-column  root-eb-column-ssjdl\"><div class=\"eb-parent-wrapper eb-parent-eb-column-ssjdl \"><div class=\"eb-column-wrapper eb-column-ssjdl\"><div class=\"eb-column-inner\">\n<figure class=\"wp-block-image size-full is-resized\"><img loading=\"lazy\" decoding=\"async\" width=\"354\" height=\"354\" src=\"https:\/\/www.toyotomi.eu\/wp-content\/uploads\/2025\/12\/TOYO_Icon_Automatic_Restart.png\" alt=\"\" class=\"wp-image-54798\" style=\"object-fit:cover;width:50px;height:50px\" srcset=\"https:\/\/www.toyotomi.eu\/wp-content\/uploads\/2025\/12\/TOYO_Icon_Automatic_Restart.png 354w, https:\/\/www.toyotomi.eu\/wp-content\/uploads\/2025\/12\/TOYO_Icon_Automatic_Restart-300x300.png 300w, https:\/\/www.toyotomi.eu\/wp-content\/uploads\/2025\/12\/TOYO_Icon_Automatic_Restart-100x100.png 100w, https:\/\/www.toyotomi.eu\/wp-content\/uploads\/2025\/12\/TOYO_Icon_Automatic_Restart-150x150.png 150w\" sizes=\"auto, (max-width: 354px) 100vw, 354px\" \/><\/figure>\n\n\n\n<h3 class=\"wp-block-heading\">Funcionamiento autom\u00e1tico<\/h3>\n\n\n\n<p>El sensor de humedad controla la humedad de la habitaci\u00f3n del 45% al 50% autom\u00e1ticamente para evitar la condensaci\u00f3n de roc\u00edo en la pared y<br\/>ventana.<\/p>\n<\/div><\/div><\/div><\/div>\n\n\n\n<div class=\"wp-block-essential-blocks-column  root-eb-column-wcgjp\"><div class=\"eb-parent-wrapper eb-parent-eb-column-wcgjp \"><div class=\"eb-column-wrapper eb-column-wcgjp\"><div class=\"eb-column-inner\">\n<figure class=\"wp-block-image size-full is-resized\"><img loading=\"lazy\" decoding=\"async\" width=\"354\" height=\"354\" src=\"https:\/\/www.toyotomi.eu\/wp-content\/uploads\/2025\/12\/TOYO_Icon_Automatic_Restart.png\" alt=\"\" class=\"wp-image-54798\" style=\"object-fit:cover;width:50px;height:50px\" srcset=\"https:\/\/www.toyotomi.eu\/wp-content\/uploads\/2025\/12\/TOYO_Icon_Automatic_Restart.png 354w, https:\/\/www.toyotomi.eu\/wp-content\/uploads\/2025\/12\/TOYO_Icon_Automatic_Restart-300x300.png 300w, https:\/\/www.toyotomi.eu\/wp-content\/uploads\/2025\/12\/TOYO_Icon_Automatic_Restart-100x100.png 100w, https:\/\/www.toyotomi.eu\/wp-content\/uploads\/2025\/12\/TOYO_Icon_Automatic_Restart-150x150.png 150w\" sizes=\"auto, (max-width: 354px) 100vw, 354px\" \/><\/figure>\n\n\n\n<h3 class=\"wp-block-heading\">Modo de lavander\u00eda<\/h3>\n\n\n\n<p>El panel de control t\u00e1ctil le permite seleccionar f\u00e1cil y con precisi\u00f3n la funci\u00f3n deseada de su dispositivo.<\/p>\n<\/div><\/div><\/div><\/div>\n\n\n\n<div class=\"wp-block-essential-blocks-column  root-eb-column-s54kl\"><div class=\"eb-parent-wrapper eb-parent-eb-column-s54kl \"><div class=\"eb-column-wrapper eb-column-s54kl\"><div class=\"eb-column-inner\">\n<figure class=\"wp-block-image size-full is-resized\"><img loading=\"lazy\" decoding=\"async\" width=\"354\" height=\"354\" src=\"https:\/\/www.toyotomi.eu\/wp-content\/uploads\/2025\/12\/TOYO_Icon_Automatic_Restart.png\" alt=\"\" class=\"wp-image-54798\" style=\"object-fit:cover;width:50px;height:50px\" srcset=\"https:\/\/www.toyotomi.eu\/wp-content\/uploads\/2025\/12\/TOYO_Icon_Automatic_Restart.png 354w, https:\/\/www.toyotomi.eu\/wp-content\/uploads\/2025\/12\/TOYO_Icon_Automatic_Restart-300x300.png 300w, https:\/\/www.toyotomi.eu\/wp-content\/uploads\/2025\/12\/TOYO_Icon_Automatic_Restart-100x100.png 100w, https:\/\/www.toyotomi.eu\/wp-content\/uploads\/2025\/12\/TOYO_Icon_Automatic_Restart-150x150.png 150w\" sizes=\"auto, (max-width: 354px) 100vw, 354px\" \/><\/figure>\n\n\n\n<h3 class=\"wp-block-heading\">Funci\u00f3n de reinicio autom\u00e1tico<\/h3>\n\n\n\n<p>En caso de un fallo de alimentaci\u00f3n, la unidad se detendr\u00e1, por supuesto, pero cuando la alimentaci\u00f3n vuelva a estar activada, la unidad se iniciar\u00e1 autom\u00e1ticamente recuperando su configuraci\u00f3n anterior.<\/p>\n<\/div><\/div><\/div><\/div>\n<\/div><\/div><\/div><\/div><\/div>\n<\/div><\/div><\/div><\/div><\/div>\n\n<div class=\"wp-block-essential-blocks-wrapper alignfull  root-eb-wrapper-tueh2\"><div class=\"eb-parent-wrapper eb-parent-eb-wrapper-tueh2 \"><div class=\"eb-wrapper-outer eb-wrapper-tueh2\"><div class=\"eb-wrapper-inner\"><div class=\"eb-wrapper-inner-blocks eb-wrapper-align-center\">\n<div class=\"wp-block-essential-blocks-row alignfull  root-eb-row-s97wu\"><div class=\"eb-parent-wrapper eb-parent-eb-row-s97wu \"><div class=\"eb-row-root-container eb-row-s97wu\" data-id=\"eb-row-s97wu\"><div class=\"eb-row-wrapper\"><div class=\"eb-row-inner\">\n<div class=\"wp-block-essential-blocks-column  root-eb-column-ter13\"><div class=\"eb-parent-wrapper eb-parent-eb-column-ter13 \"><div class=\"eb-column-wrapper eb-column-ter13\"><div class=\"eb-column-inner\">\n<figure class=\"wp-block-image size-full is-resized\"><img loading=\"lazy\" decoding=\"async\" width=\"354\" height=\"354\" src=\"https:\/\/www.toyotomi.eu\/wp-content\/uploads\/2025\/12\/TOYO_Icon_Automatic_Restart.png\" alt=\"\" class=\"wp-image-54798\" style=\"object-fit:cover;width:50px;height:50px\" srcset=\"https:\/\/www.toyotomi.eu\/wp-content\/uploads\/2025\/12\/TOYO_Icon_Automatic_Restart.png 354w, https:\/\/www.toyotomi.eu\/wp-content\/uploads\/2025\/12\/TOYO_Icon_Automatic_Restart-300x300.png 300w, https:\/\/www.toyotomi.eu\/wp-content\/uploads\/2025\/12\/TOYO_Icon_Automatic_Restart-100x100.png 100w, https:\/\/www.toyotomi.eu\/wp-content\/uploads\/2025\/12\/TOYO_Icon_Automatic_Restart-150x150.png 150w\" sizes=\"auto, (max-width: 354px) 100vw, 354px\" \/><\/figure>\n\n\n\n<h3 class=\"wp-block-heading\">Manguera para drenaje continuo<\/h3>\n\n\n\n<p>Ya no tiene que preocuparse por vaciar el dep\u00f3sito de agua del deshumidificador gracias a la manguera de drenaje integrada en la caja.<\/p>\n<\/div><\/div><\/div><\/div>\n\n\n\n<div class=\"wp-block-essential-blocks-column  root-eb-column-y35pd\"><div class=\"eb-parent-wrapper eb-parent-eb-column-y35pd \"><div class=\"eb-column-wrapper eb-column-y35pd\"><div class=\"eb-column-inner\">\n<figure class=\"wp-block-image size-full is-resized\"><img loading=\"lazy\" decoding=\"async\" width=\"354\" height=\"354\" src=\"https:\/\/www.toyotomi.eu\/wp-content\/uploads\/2025\/12\/TOYO_Icon_Automatic_Restart.png\" alt=\"\" class=\"wp-image-54798\" style=\"object-fit:cover;width:50px;height:50px\" srcset=\"https:\/\/www.toyotomi.eu\/wp-content\/uploads\/2025\/12\/TOYO_Icon_Automatic_Restart.png 354w, https:\/\/www.toyotomi.eu\/wp-content\/uploads\/2025\/12\/TOYO_Icon_Automatic_Restart-300x300.png 300w, https:\/\/www.toyotomi.eu\/wp-content\/uploads\/2025\/12\/TOYO_Icon_Automatic_Restart-100x100.png 100w, https:\/\/www.toyotomi.eu\/wp-content\/uploads\/2025\/12\/TOYO_Icon_Automatic_Restart-150x150.png 150w\" sizes=\"auto, (max-width: 354px) 100vw, 354px\" \/><\/figure>\n\n\n\n<h3 class=\"wp-block-heading\">Salida de aire superior con rejilla<\/h3>\n\n\n\n<p>La unidad tiene una salida de aire superior con rejilla, con un amplio \u00e1ngulo de 180 grados, lo que facilita el secado de la ropa.<\/p>\n<\/div><\/div><\/div><\/div>\n\n\n\n<div class=\"wp-block-essential-blocks-column  root-eb-column-zns0p\"><div class=\"eb-parent-wrapper eb-parent-eb-column-zns0p \"><div class=\"eb-column-wrapper eb-column-zns0p\"><div class=\"eb-column-inner\">\n<figure class=\"wp-block-image size-full is-resized\"><img loading=\"lazy\" decoding=\"async\" width=\"354\" height=\"354\" src=\"https:\/\/www.toyotomi.eu\/wp-content\/uploads\/2025\/12\/TOYO_Icon_Automatic_Restart.png\" alt=\"\" class=\"wp-image-54798\" style=\"object-fit:cover;width:50px;height:50px\" srcset=\"https:\/\/www.toyotomi.eu\/wp-content\/uploads\/2025\/12\/TOYO_Icon_Automatic_Restart.png 354w, https:\/\/www.toyotomi.eu\/wp-content\/uploads\/2025\/12\/TOYO_Icon_Automatic_Restart-300x300.png 300w, https:\/\/www.toyotomi.eu\/wp-content\/uploads\/2025\/12\/TOYO_Icon_Automatic_Restart-100x100.png 100w, https:\/\/www.toyotomi.eu\/wp-content\/uploads\/2025\/12\/TOYO_Icon_Automatic_Restart-150x150.png 150w\" sizes=\"auto, (max-width: 354px) 100vw, 354px\" \/><\/figure>\n\n\n\n<h3 class=\"wp-block-heading\">Filtro de aire<\/h3>\n\n\n\n<p>Filtro de pantalla antibacteriano\/antipolvo en combinaci\u00f3n con un filtro de carb\u00f3n activo para eliminar los olores, que se puede limpiar f\u00e1cilmente e incluso sustituir con el tiempo.<\/p>\n<\/div><\/div><\/div><\/div>\n<\/div><\/div><\/div><\/div><\/div>\n<\/div><\/div><\/div><\/div><\/div>\n\n<div class=\"wp-block-essential-blocks-wrapper alignfull  root-eb-wrapper-dg683\"><div class=\"eb-parent-wrapper eb-parent-eb-wrapper-dg683 \"><div class=\"eb-wrapper-outer eb-wrapper-dg683\"><div class=\"eb-wrapper-inner\"><div class=\"eb-wrapper-inner-blocks eb-wrapper-align-center\">\n<div class=\"wp-block-essential-blocks-row alignfull  root-eb-row-m8lcl\"><div class=\"eb-parent-wrapper eb-parent-eb-row-m8lcl \"><div class=\"eb-row-root-container eb-row-m8lcl\" data-id=\"eb-row-m8lcl\"><div class=\"eb-row-wrapper\"><div class=\"eb-row-inner\">\n<div class=\"wp-block-essential-blocks-column  root-eb-column-6v4d5\"><div class=\"eb-parent-wrapper eb-parent-eb-column-6v4d5 \"><div class=\"eb-column-wrapper eb-column-6v4d5\"><div class=\"eb-column-inner\">\n<figure class=\"wp-block-image size-full is-resized\"><img loading=\"lazy\" decoding=\"async\" width=\"354\" height=\"354\" src=\"https:\/\/www.toyotomi.eu\/wp-content\/uploads\/2025\/12\/TOYO_Icon_Automatic_Restart.png\" alt=\"\" class=\"wp-image-54798\" style=\"object-fit:cover;width:50px;height:50px\" srcset=\"https:\/\/www.toyotomi.eu\/wp-content\/uploads\/2025\/12\/TOYO_Icon_Automatic_Restart.png 354w, https:\/\/www.toyotomi.eu\/wp-content\/uploads\/2025\/12\/TOYO_Icon_Automatic_Restart-300x300.png 300w, https:\/\/www.toyotomi.eu\/wp-content\/uploads\/2025\/12\/TOYO_Icon_Automatic_Restart-100x100.png 100w, https:\/\/www.toyotomi.eu\/wp-content\/uploads\/2025\/12\/TOYO_Icon_Automatic_Restart-150x150.png 150w\" sizes=\"auto, (max-width: 354px) 100vw, 354px\" \/><\/figure>\n\n\n\n<h3 class=\"wp-block-heading\">Temporizador<\/h3>\n\n\n\n<p>La unidad tiene una funci\u00f3n de temporizador de apagado que se puede seleccionar de 2 hrs. a 4 hrs. u 8 hrs.  <\/p>\n<\/div><\/div><\/div><\/div>\n\n\n\n<div class=\"wp-block-essential-blocks-column  root-eb-column-ax3a3\"><div class=\"eb-parent-wrapper eb-parent-eb-column-ax3a3 \"><div class=\"eb-column-wrapper eb-column-ax3a3\"><div class=\"eb-column-inner\"><\/div><\/div><\/div><\/div>\n\n\n\n<div class=\"wp-block-essential-blocks-column  root-eb-column-38ksv\"><div class=\"eb-parent-wrapper eb-parent-eb-column-38ksv \"><div class=\"eb-column-wrapper eb-column-38ksv\"><div class=\"eb-column-inner\"><\/div><\/div><\/div><\/div>\n<\/div><\/div><\/div><\/div><\/div>\n<\/div><\/div><\/div><\/div><\/div>\n","protected":false},"excerpt":{"rendered":"<p>El deshumidificador Toyotomi TD-ZB80 tiene una capacidad m\u00e1xima de deshumidificaci\u00f3n de 8 litros por d\u00eda, lo que lo hace ideal para espacios de 37 a 75 m\u00b3.<\/p>\n<p><strong>SKU:<\/strong> TD-ZB80<br \/>\n<strong>EAN:<\/strong> 4963505828493<\/p>\n","protected":false},"featured_media":54487,"template":"","meta":{"_acf_changed":false,"_eb_attr":""},"product_brand":[],"product_cat":[5912],"product_tag":[],"class_list":{"0":"post-46272","1":"product","2":"type-product","3":"status-publish","4":"has-post-thumbnail","6":"product_cat-deshumidificadores","8":"first","9":"instock","10":"taxable","11":"shipping-taxable","12":"product-type-simple"},"acf":[],"yoast_head":"<!-- This site is optimized with the Yoast SEO plugin v27.4 - https:\/\/yoast.com\/product\/yoast-seo-wordpress\/ -->\n<title>Toyotomi TD-ZB80 - Toyotomi<\/title>\n<meta name=\"robots\" content=\"index, follow, max-snippet:-1, max-image-preview:large, max-video-preview:-1\" \/>\n<link rel=\"canonical\" href=\"https:\/\/www.toyotomi.eu\/es\/producto\/toyotomi-td-zb80\/\" \/>\n<meta property=\"og:locale\" content=\"es_ES\" \/>\n<meta property=\"og:type\" content=\"article\" \/>\n<meta property=\"og:title\" content=\"Toyotomi TD-ZB80 - Toyotomi\" \/>\n<meta property=\"og:description\" content=\"El deshumidificador Toyotomi TD-ZB80 tiene una capacidad m\u00e1xima de deshumidificaci\u00f3n de 8 litros por d\u00eda, lo que lo hace ideal para espacios de 37 a 75 m\u00b3. SKU: TD-ZB80 EAN: 4963505828493\" \/>\n<meta property=\"og:url\" content=\"https:\/\/www.toyotomi.eu\/es\/producto\/toyotomi-td-zb80\/\" \/>\n<meta property=\"og:site_name\" content=\"Toyotomi\" \/>\n<meta property=\"article:modified_time\" content=\"2025-12-18T00:56:19+00:00\" \/>\n<meta property=\"og:image\" content=\"https:\/\/www.toyotomi.eu\/wp-content\/uploads\/2025\/01\/PIC_TOYOTOMI-TD-ZB80_front_2560x2560.png\" \/>\n\t<meta property=\"og:image:width\" content=\"2560\" \/>\n\t<meta property=\"og:image:height\" content=\"2560\" \/>\n\t<meta property=\"og:image:type\" content=\"image\/png\" \/>\n<meta name=\"twitter:card\" content=\"summary_large_image\" \/>\n<script type=\"application\/ld+json\" class=\"yoast-schema-graph\">{\"@context\":\"https:\\\/\\\/schema.org\",\"@graph\":[{\"@type\":\"WebPage\",\"@id\":\"https:\\\/\\\/www.toyotomi.eu\\\/es\\\/producto\\\/toyotomi-td-zb80\\\/\",\"url\":\"https:\\\/\\\/www.toyotomi.eu\\\/es\\\/producto\\\/toyotomi-td-zb80\\\/\",\"name\":\"Toyotomi TD-ZB80 - Toyotomi\",\"isPartOf\":{\"@id\":\"https:\\\/\\\/www.toyotomi.eu\\\/es\\\/#website\"},\"primaryImageOfPage\":{\"@id\":\"https:\\\/\\\/www.toyotomi.eu\\\/es\\\/producto\\\/toyotomi-td-zb80\\\/#primaryimage\"},\"image\":{\"@id\":\"https:\\\/\\\/www.toyotomi.eu\\\/es\\\/producto\\\/toyotomi-td-zb80\\\/#primaryimage\"},\"thumbnailUrl\":\"https:\\\/\\\/www.toyotomi.eu\\\/wp-content\\\/uploads\\\/2025\\\/01\\\/PIC_TOYOTOMI-TD-ZB80_front_2560x2560.png\",\"datePublished\":\"2025-01-01T01:01:00+00:00\",\"dateModified\":\"2025-12-18T00:56:19+00:00\",\"breadcrumb\":{\"@id\":\"https:\\\/\\\/www.toyotomi.eu\\\/es\\\/producto\\\/toyotomi-td-zb80\\\/#breadcrumb\"},\"inLanguage\":\"es\",\"potentialAction\":[{\"@type\":\"ReadAction\",\"target\":[\"https:\\\/\\\/www.toyotomi.eu\\\/es\\\/producto\\\/toyotomi-td-zb80\\\/\"]}]},{\"@type\":\"ImageObject\",\"inLanguage\":\"es\",\"@id\":\"https:\\\/\\\/www.toyotomi.eu\\\/es\\\/producto\\\/toyotomi-td-zb80\\\/#primaryimage\",\"url\":\"https:\\\/\\\/www.toyotomi.eu\\\/wp-content\\\/uploads\\\/2025\\\/01\\\/PIC_TOYOTOMI-TD-ZB80_front_2560x2560.png\",\"contentUrl\":\"https:\\\/\\\/www.toyotomi.eu\\\/wp-content\\\/uploads\\\/2025\\\/01\\\/PIC_TOYOTOMI-TD-ZB80_front_2560x2560.png\",\"width\":2560,\"height\":2560},{\"@type\":\"BreadcrumbList\",\"@id\":\"https:\\\/\\\/www.toyotomi.eu\\\/es\\\/producto\\\/toyotomi-td-zb80\\\/#breadcrumb\",\"itemListElement\":[{\"@type\":\"ListItem\",\"position\":1,\"name\":\"Inicio\",\"item\":\"https:\\\/\\\/www.toyotomi.eu\\\/es\\\/\"},{\"@type\":\"ListItem\",\"position\":2,\"name\":\"Todos los productos\",\"item\":\"https:\\\/\\\/www.toyotomi.eu\\\/es\\\/todos-los-productos\\\/\"},{\"@type\":\"ListItem\",\"position\":3,\"name\":\"Toyotomi TD-ZB80\"}]},{\"@type\":\"WebSite\",\"@id\":\"https:\\\/\\\/www.toyotomi.eu\\\/es\\\/#website\",\"url\":\"https:\\\/\\\/www.toyotomi.eu\\\/es\\\/\",\"name\":\"Toyotomi\",\"description\":\"\",\"publisher\":{\"@id\":\"https:\\\/\\\/www.toyotomi.eu\\\/es\\\/#organization\"},\"potentialAction\":[{\"@type\":\"SearchAction\",\"target\":{\"@type\":\"EntryPoint\",\"urlTemplate\":\"https:\\\/\\\/www.toyotomi.eu\\\/es\\\/?s={search_term_string}\"},\"query-input\":{\"@type\":\"PropertyValueSpecification\",\"valueRequired\":true,\"valueName\":\"search_term_string\"}}],\"inLanguage\":\"es\"},{\"@type\":\"Organization\",\"@id\":\"https:\\\/\\\/www.toyotomi.eu\\\/es\\\/#organization\",\"name\":\"Toyotomi Europe Sales B.V.\",\"alternateName\":\"Toyotomi\",\"url\":\"https:\\\/\\\/www.toyotomi.eu\\\/es\\\/\",\"logo\":{\"@type\":\"ImageObject\",\"inLanguage\":\"es\",\"@id\":\"https:\\\/\\\/www.toyotomi.eu\\\/es\\\/#\\\/schema\\\/logo\\\/image\\\/\",\"url\":\"https:\\\/\\\/www.toyotomi.eu\\\/wp-content\\\/uploads\\\/2025\\\/10\\\/logo.png\",\"contentUrl\":\"https:\\\/\\\/www.toyotomi.eu\\\/wp-content\\\/uploads\\\/2025\\\/10\\\/logo.png\",\"width\":1360,\"height\":304,\"caption\":\"Toyotomi Europe Sales B.V.\"},\"image\":{\"@id\":\"https:\\\/\\\/www.toyotomi.eu\\\/es\\\/#\\\/schema\\\/logo\\\/image\\\/\"}}]}<\/script>\n<!-- \/ Yoast SEO plugin. -->","yoast_head_json":{"title":"Toyotomi TD-ZB80 - Toyotomi","robots":{"index":"index","follow":"follow","max-snippet":"max-snippet:-1","max-image-preview":"max-image-preview:large","max-video-preview":"max-video-preview:-1"},"canonical":"https:\/\/www.toyotomi.eu\/es\/producto\/toyotomi-td-zb80\/","og_locale":"es_ES","og_type":"article","og_title":"Toyotomi TD-ZB80 - Toyotomi","og_description":"El deshumidificador Toyotomi TD-ZB80 tiene una capacidad m\u00e1xima de deshumidificaci\u00f3n de 8 litros por d\u00eda, lo que lo hace ideal para espacios de 37 a 75 m\u00b3. SKU: TD-ZB80 EAN: 4963505828493","og_url":"https:\/\/www.toyotomi.eu\/es\/producto\/toyotomi-td-zb80\/","og_site_name":"Toyotomi","article_modified_time":"2025-12-18T00:56:19+00:00","og_image":[{"width":2560,"height":2560,"url":"https:\/\/www.toyotomi.eu\/wp-content\/uploads\/2025\/01\/PIC_TOYOTOMI-TD-ZB80_front_2560x2560.png","type":"image\/png"}],"twitter_card":"summary_large_image","schema":{"@context":"https:\/\/schema.org","@graph":[{"@type":"WebPage","@id":"https:\/\/www.toyotomi.eu\/es\/producto\/toyotomi-td-zb80\/","url":"https:\/\/www.toyotomi.eu\/es\/producto\/toyotomi-td-zb80\/","name":"Toyotomi TD-ZB80 - Toyotomi","isPartOf":{"@id":"https:\/\/www.toyotomi.eu\/es\/#website"},"primaryImageOfPage":{"@id":"https:\/\/www.toyotomi.eu\/es\/producto\/toyotomi-td-zb80\/#primaryimage"},"image":{"@id":"https:\/\/www.toyotomi.eu\/es\/producto\/toyotomi-td-zb80\/#primaryimage"},"thumbnailUrl":"https:\/\/www.toyotomi.eu\/wp-content\/uploads\/2025\/01\/PIC_TOYOTOMI-TD-ZB80_front_2560x2560.png","datePublished":"2025-01-01T01:01:00+00:00","dateModified":"2025-12-18T00:56:19+00:00","breadcrumb":{"@id":"https:\/\/www.toyotomi.eu\/es\/producto\/toyotomi-td-zb80\/#breadcrumb"},"inLanguage":"es","potentialAction":[{"@type":"ReadAction","target":["https:\/\/www.toyotomi.eu\/es\/producto\/toyotomi-td-zb80\/"]}]},{"@type":"ImageObject","inLanguage":"es","@id":"https:\/\/www.toyotomi.eu\/es\/producto\/toyotomi-td-zb80\/#primaryimage","url":"https:\/\/www.toyotomi.eu\/wp-content\/uploads\/2025\/01\/PIC_TOYOTOMI-TD-ZB80_front_2560x2560.png","contentUrl":"https:\/\/www.toyotomi.eu\/wp-content\/uploads\/2025\/01\/PIC_TOYOTOMI-TD-ZB80_front_2560x2560.png","width":2560,"height":2560},{"@type":"BreadcrumbList","@id":"https:\/\/www.toyotomi.eu\/es\/producto\/toyotomi-td-zb80\/#breadcrumb","itemListElement":[{"@type":"ListItem","position":1,"name":"Inicio","item":"https:\/\/www.toyotomi.eu\/es\/"},{"@type":"ListItem","position":2,"name":"Todos los productos","item":"https:\/\/www.toyotomi.eu\/es\/todos-los-productos\/"},{"@type":"ListItem","position":3,"name":"Toyotomi TD-ZB80"}]},{"@type":"WebSite","@id":"https:\/\/www.toyotomi.eu\/es\/#website","url":"https:\/\/www.toyotomi.eu\/es\/","name":"Toyotomi","description":"","publisher":{"@id":"https:\/\/www.toyotomi.eu\/es\/#organization"},"potentialAction":[{"@type":"SearchAction","target":{"@type":"EntryPoint","urlTemplate":"https:\/\/www.toyotomi.eu\/es\/?s={search_term_string}"},"query-input":{"@type":"PropertyValueSpecification","valueRequired":true,"valueName":"search_term_string"}}],"inLanguage":"es"},{"@type":"Organization","@id":"https:\/\/www.toyotomi.eu\/es\/#organization","name":"Toyotomi Europe Sales B.V.","alternateName":"Toyotomi","url":"https:\/\/www.toyotomi.eu\/es\/","logo":{"@type":"ImageObject","inLanguage":"es","@id":"https:\/\/www.toyotomi.eu\/es\/#\/schema\/logo\/image\/","url":"https:\/\/www.toyotomi.eu\/wp-content\/uploads\/2025\/10\/logo.png","contentUrl":"https:\/\/www.toyotomi.eu\/wp-content\/uploads\/2025\/10\/logo.png","width":1360,"height":304,"caption":"Toyotomi Europe Sales B.V."},"image":{"@id":"https:\/\/www.toyotomi.eu\/es\/#\/schema\/logo\/image\/"}}]}},"_links":{"self":[{"href":"https:\/\/www.toyotomi.eu\/es\/wp-json\/wp\/v2\/product\/46272","targetHints":{"allow":["GET"]}}],"collection":[{"href":"https:\/\/www.toyotomi.eu\/es\/wp-json\/wp\/v2\/product"}],"about":[{"href":"https:\/\/www.toyotomi.eu\/es\/wp-json\/wp\/v2\/types\/product"}],"wp:featuredmedia":[{"embeddable":true,"href":"https:\/\/www.toyotomi.eu\/es\/wp-json\/wp\/v2\/media\/54487"}],"wp:attachment":[{"href":"https:\/\/www.toyotomi.eu\/es\/wp-json\/wp\/v2\/media?parent=46272"}],"wp:term":[{"taxonomy":"product_brand","embeddable":true,"href":"https:\/\/www.toyotomi.eu\/es\/wp-json\/wp\/v2\/product_brand?post=46272"},{"taxonomy":"product_cat","embeddable":true,"href":"https:\/\/www.toyotomi.eu\/es\/wp-json\/wp\/v2\/product_cat?post=46272"},{"taxonomy":"product_tag","embeddable":true,"href":"https:\/\/www.toyotomi.eu\/es\/wp-json\/wp\/v2\/product_tag?post=46272"}],"curies":[{"name":"wp","href":"https:\/\/api.w.org\/{rel}","templated":true}]}}