{"id":46028,"date":"2025-01-01T02:01:00","date_gmt":"2025-01-01T01:01:00","guid":{"rendered":"https:\/\/www.toyotomi.eu\/product\/toyotomi-lc-132\/"},"modified":"2025-12-02T11:27:07","modified_gmt":"2025-12-02T11:27:07","slug":"toyotomi-lc-132","status":"publish","type":"product","link":"https:\/\/www.toyotomi.eu\/es\/producto\/toyotomi-lc-132\/","title":{"rendered":"Toyotomi LC-132"},"content":{"rendered":"","protected":false},"excerpt":{"rendered":"<p>La estufa electr\u00f3nica Toyotomi Laser Clean LC-132 est\u00e1 equipada con el quemador electr\u00f3nico de 3,2 kW de \u00faltima generaci\u00f3n, que proporciona un calor limpio y econ\u00f3mico. No necesita ning\u00fan tipo de instalaci\u00f3n, solo tiene que conectar la clavija. Es muy f\u00e1cil de usar y puede calentar un volumen de hasta 120 m\u00b3. Durante el funcionamiento, solo consume 13 vatios, lo que la convierte en una estufa electr\u00f3nica sin conducto de humos ideal, segura, muy eficiente y econ\u00f3mica.   <\/p>\n","protected":false},"featured_media":53177,"template":"","meta":{"_acf_changed":false,"_eb_attr":""},"product_brand":[],"product_cat":[5908],"product_tag":[],"class_list":{"0":"post-46028","1":"product","2":"type-product","3":"status-publish","4":"has-post-thumbnail","6":"product_cat-estufas-electronicas","8":"first","9":"instock","10":"taxable","11":"shipping-taxable","12":"product-type-simple"},"acf":[],"yoast_head":"<!-- This site is optimized with the Yoast SEO plugin v27.5 - https:\/\/yoast.com\/product\/yoast-seo-wordpress\/ -->\n<title>Toyotomi LC-132 - Toyotomi<\/title>\n<meta name=\"robots\" content=\"index, follow, max-snippet:-1, max-image-preview:large, max-video-preview:-1\" \/>\n<link rel=\"canonical\" href=\"https:\/\/www.toyotomi.eu\/es\/producto\/toyotomi-lc-132\/\" \/>\n<meta property=\"og:locale\" content=\"es_ES\" \/>\n<meta property=\"og:type\" content=\"article\" \/>\n<meta property=\"og:title\" content=\"Toyotomi LC-132 - Toyotomi\" \/>\n<meta property=\"og:description\" content=\"La estufa electr\u00f3nica Toyotomi Laser Clean LC-132 est\u00e1 equipada con el quemador electr\u00f3nico de 3,2 kW de \u00faltima generaci\u00f3n, que proporciona un calor limpio y econ\u00f3mico. No necesita ning\u00fan tipo de instalaci\u00f3n, solo tiene que conectar la clavija. Es muy f\u00e1cil de usar y puede calentar un volumen de hasta 120 m\u00b3. Durante el funcionamiento, solo consume 13 vatios, lo que la convierte en una estufa electr\u00f3nica sin conducto de humos ideal, segura, muy eficiente y econ\u00f3mica.\" \/>\n<meta property=\"og:url\" content=\"https:\/\/www.toyotomi.eu\/es\/producto\/toyotomi-lc-132\/\" \/>\n<meta property=\"og:site_name\" content=\"Toyotomi\" \/>\n<meta property=\"article:modified_time\" content=\"2025-12-02T11:27:07+00:00\" \/>\n<meta property=\"og:image\" content=\"https:\/\/www.toyotomi.eu\/wp-content\/uploads\/2024\/10\/LC-132.jpg\" \/>\n\t<meta property=\"og:image:width\" content=\"1689\" \/>\n\t<meta property=\"og:image:height\" content=\"1920\" \/>\n\t<meta property=\"og:image:type\" content=\"image\/jpeg\" \/>\n<meta name=\"twitter:card\" content=\"summary_large_image\" \/>\n<script type=\"application\/ld+json\" class=\"yoast-schema-graph\">{\"@context\":\"https:\\\/\\\/schema.org\",\"@graph\":[{\"@type\":\"WebPage\",\"@id\":\"https:\\\/\\\/www.toyotomi.eu\\\/es\\\/producto\\\/toyotomi-lc-132\\\/\",\"url\":\"https:\\\/\\\/www.toyotomi.eu\\\/es\\\/producto\\\/toyotomi-lc-132\\\/\",\"name\":\"Toyotomi LC-132 - Toyotomi\",\"isPartOf\":{\"@id\":\"https:\\\/\\\/www.toyotomi.eu\\\/es\\\/#website\"},\"primaryImageOfPage\":{\"@id\":\"https:\\\/\\\/www.toyotomi.eu\\\/es\\\/producto\\\/toyotomi-lc-132\\\/#primaryimage\"},\"image\":{\"@id\":\"https:\\\/\\\/www.toyotomi.eu\\\/es\\\/producto\\\/toyotomi-lc-132\\\/#primaryimage\"},\"thumbnailUrl\":\"https:\\\/\\\/www.toyotomi.eu\\\/wp-content\\\/uploads\\\/2025\\\/01\\\/LC-132-scaled.jpg\",\"datePublished\":\"2025-01-01T01:01:00+00:00\",\"dateModified\":\"2025-12-02T11:27:07+00:00\",\"breadcrumb\":{\"@id\":\"https:\\\/\\\/www.toyotomi.eu\\\/es\\\/producto\\\/toyotomi-lc-132\\\/#breadcrumb\"},\"inLanguage\":\"es\",\"potentialAction\":[{\"@type\":\"ReadAction\",\"target\":[\"https:\\\/\\\/www.toyotomi.eu\\\/es\\\/producto\\\/toyotomi-lc-132\\\/\"]}]},{\"@type\":\"ImageObject\",\"inLanguage\":\"es\",\"@id\":\"https:\\\/\\\/www.toyotomi.eu\\\/es\\\/producto\\\/toyotomi-lc-132\\\/#primaryimage\",\"url\":\"https:\\\/\\\/www.toyotomi.eu\\\/wp-content\\\/uploads\\\/2025\\\/01\\\/LC-132-scaled.jpg\",\"contentUrl\":\"https:\\\/\\\/www.toyotomi.eu\\\/wp-content\\\/uploads\\\/2025\\\/01\\\/LC-132-scaled.jpg\",\"width\":2252,\"height\":2560},{\"@type\":\"BreadcrumbList\",\"@id\":\"https:\\\/\\\/www.toyotomi.eu\\\/es\\\/producto\\\/toyotomi-lc-132\\\/#breadcrumb\",\"itemListElement\":[{\"@type\":\"ListItem\",\"position\":1,\"name\":\"Inicio\",\"item\":\"https:\\\/\\\/www.toyotomi.eu\\\/es\\\/\"},{\"@type\":\"ListItem\",\"position\":2,\"name\":\"Todos los productos\",\"item\":\"https:\\\/\\\/www.toyotomi.eu\\\/es\\\/todos-los-productos\\\/\"},{\"@type\":\"ListItem\",\"position\":3,\"name\":\"Toyotomi LC-132\"}]},{\"@type\":\"WebSite\",\"@id\":\"https:\\\/\\\/www.toyotomi.eu\\\/es\\\/#website\",\"url\":\"https:\\\/\\\/www.toyotomi.eu\\\/es\\\/\",\"name\":\"Toyotomi\",\"description\":\"\",\"publisher\":{\"@id\":\"https:\\\/\\\/www.toyotomi.eu\\\/es\\\/#organization\"},\"potentialAction\":[{\"@type\":\"SearchAction\",\"target\":{\"@type\":\"EntryPoint\",\"urlTemplate\":\"https:\\\/\\\/www.toyotomi.eu\\\/es\\\/?s={search_term_string}\"},\"query-input\":{\"@type\":\"PropertyValueSpecification\",\"valueRequired\":true,\"valueName\":\"search_term_string\"}}],\"inLanguage\":\"es\"},{\"@type\":\"Organization\",\"@id\":\"https:\\\/\\\/www.toyotomi.eu\\\/es\\\/#organization\",\"name\":\"Toyotomi Europe Sales B.V.\",\"alternateName\":\"Toyotomi\",\"url\":\"https:\\\/\\\/www.toyotomi.eu\\\/es\\\/\",\"logo\":{\"@type\":\"ImageObject\",\"inLanguage\":\"es\",\"@id\":\"https:\\\/\\\/www.toyotomi.eu\\\/es\\\/#\\\/schema\\\/logo\\\/image\\\/\",\"url\":\"https:\\\/\\\/www.toyotomi.eu\\\/wp-content\\\/uploads\\\/2025\\\/10\\\/logo.png\",\"contentUrl\":\"https:\\\/\\\/www.toyotomi.eu\\\/wp-content\\\/uploads\\\/2025\\\/10\\\/logo.png\",\"width\":1360,\"height\":304,\"caption\":\"Toyotomi Europe Sales B.V.\"},\"image\":{\"@id\":\"https:\\\/\\\/www.toyotomi.eu\\\/es\\\/#\\\/schema\\\/logo\\\/image\\\/\"}}]}<\/script>\n<!-- \/ Yoast SEO plugin. -->","yoast_head_json":{"title":"Toyotomi LC-132 - Toyotomi","robots":{"index":"index","follow":"follow","max-snippet":"max-snippet:-1","max-image-preview":"max-image-preview:large","max-video-preview":"max-video-preview:-1"},"canonical":"https:\/\/www.toyotomi.eu\/es\/producto\/toyotomi-lc-132\/","og_locale":"es_ES","og_type":"article","og_title":"Toyotomi LC-132 - Toyotomi","og_description":"La estufa electr\u00f3nica Toyotomi Laser Clean LC-132 est\u00e1 equipada con el quemador electr\u00f3nico de 3,2 kW de \u00faltima generaci\u00f3n, que proporciona un calor limpio y econ\u00f3mico. No necesita ning\u00fan tipo de instalaci\u00f3n, solo tiene que conectar la clavija. Es muy f\u00e1cil de usar y puede calentar un volumen de hasta 120 m\u00b3. Durante el funcionamiento, solo consume 13 vatios, lo que la convierte en una estufa electr\u00f3nica sin conducto de humos ideal, segura, muy eficiente y econ\u00f3mica.","og_url":"https:\/\/www.toyotomi.eu\/es\/producto\/toyotomi-lc-132\/","og_site_name":"Toyotomi","article_modified_time":"2025-12-02T11:27:07+00:00","og_image":[{"width":1689,"height":1920,"url":"https:\/\/www.toyotomi.eu\/wp-content\/uploads\/2024\/10\/LC-132.jpg","type":"image\/jpeg"}],"twitter_card":"summary_large_image","schema":{"@context":"https:\/\/schema.org","@graph":[{"@type":"WebPage","@id":"https:\/\/www.toyotomi.eu\/es\/producto\/toyotomi-lc-132\/","url":"https:\/\/www.toyotomi.eu\/es\/producto\/toyotomi-lc-132\/","name":"Toyotomi LC-132 - Toyotomi","isPartOf":{"@id":"https:\/\/www.toyotomi.eu\/es\/#website"},"primaryImageOfPage":{"@id":"https:\/\/www.toyotomi.eu\/es\/producto\/toyotomi-lc-132\/#primaryimage"},"image":{"@id":"https:\/\/www.toyotomi.eu\/es\/producto\/toyotomi-lc-132\/#primaryimage"},"thumbnailUrl":"https:\/\/www.toyotomi.eu\/wp-content\/uploads\/2025\/01\/LC-132-scaled.jpg","datePublished":"2025-01-01T01:01:00+00:00","dateModified":"2025-12-02T11:27:07+00:00","breadcrumb":{"@id":"https:\/\/www.toyotomi.eu\/es\/producto\/toyotomi-lc-132\/#breadcrumb"},"inLanguage":"es","potentialAction":[{"@type":"ReadAction","target":["https:\/\/www.toyotomi.eu\/es\/producto\/toyotomi-lc-132\/"]}]},{"@type":"ImageObject","inLanguage":"es","@id":"https:\/\/www.toyotomi.eu\/es\/producto\/toyotomi-lc-132\/#primaryimage","url":"https:\/\/www.toyotomi.eu\/wp-content\/uploads\/2025\/01\/LC-132-scaled.jpg","contentUrl":"https:\/\/www.toyotomi.eu\/wp-content\/uploads\/2025\/01\/LC-132-scaled.jpg","width":2252,"height":2560},{"@type":"BreadcrumbList","@id":"https:\/\/www.toyotomi.eu\/es\/producto\/toyotomi-lc-132\/#breadcrumb","itemListElement":[{"@type":"ListItem","position":1,"name":"Inicio","item":"https:\/\/www.toyotomi.eu\/es\/"},{"@type":"ListItem","position":2,"name":"Todos los productos","item":"https:\/\/www.toyotomi.eu\/es\/todos-los-productos\/"},{"@type":"ListItem","position":3,"name":"Toyotomi LC-132"}]},{"@type":"WebSite","@id":"https:\/\/www.toyotomi.eu\/es\/#website","url":"https:\/\/www.toyotomi.eu\/es\/","name":"Toyotomi","description":"","publisher":{"@id":"https:\/\/www.toyotomi.eu\/es\/#organization"},"potentialAction":[{"@type":"SearchAction","target":{"@type":"EntryPoint","urlTemplate":"https:\/\/www.toyotomi.eu\/es\/?s={search_term_string}"},"query-input":{"@type":"PropertyValueSpecification","valueRequired":true,"valueName":"search_term_string"}}],"inLanguage":"es"},{"@type":"Organization","@id":"https:\/\/www.toyotomi.eu\/es\/#organization","name":"Toyotomi Europe Sales B.V.","alternateName":"Toyotomi","url":"https:\/\/www.toyotomi.eu\/es\/","logo":{"@type":"ImageObject","inLanguage":"es","@id":"https:\/\/www.toyotomi.eu\/es\/#\/schema\/logo\/image\/","url":"https:\/\/www.toyotomi.eu\/wp-content\/uploads\/2025\/10\/logo.png","contentUrl":"https:\/\/www.toyotomi.eu\/wp-content\/uploads\/2025\/10\/logo.png","width":1360,"height":304,"caption":"Toyotomi Europe Sales B.V."},"image":{"@id":"https:\/\/www.toyotomi.eu\/es\/#\/schema\/logo\/image\/"}}]}},"_links":{"self":[{"href":"https:\/\/www.toyotomi.eu\/es\/wp-json\/wp\/v2\/product\/46028","targetHints":{"allow":["GET"]}}],"collection":[{"href":"https:\/\/www.toyotomi.eu\/es\/wp-json\/wp\/v2\/product"}],"about":[{"href":"https:\/\/www.toyotomi.eu\/es\/wp-json\/wp\/v2\/types\/product"}],"wp:featuredmedia":[{"embeddable":true,"href":"https:\/\/www.toyotomi.eu\/es\/wp-json\/wp\/v2\/media\/53177"}],"wp:attachment":[{"href":"https:\/\/www.toyotomi.eu\/es\/wp-json\/wp\/v2\/media?parent=46028"}],"wp:term":[{"taxonomy":"product_brand","embeddable":true,"href":"https:\/\/www.toyotomi.eu\/es\/wp-json\/wp\/v2\/product_brand?post=46028"},{"taxonomy":"product_cat","embeddable":true,"href":"https:\/\/www.toyotomi.eu\/es\/wp-json\/wp\/v2\/product_cat?post=46028"},{"taxonomy":"product_tag","embeddable":true,"href":"https:\/\/www.toyotomi.eu\/es\/wp-json\/wp\/v2\/product_tag?post=46028"}],"curies":[{"name":"wp","href":"https:\/\/api.w.org\/{rel}","templated":true}]}}