{"id":45691,"date":"2025-01-01T02:01:00","date_gmt":"2025-01-01T01:01:00","guid":{"rendered":"https:\/\/www.toyotomi.eu\/product\/zibro-rs-30\/"},"modified":"2025-12-02T11:29:50","modified_gmt":"2025-12-02T11:29:50","slug":"zibro-rs-30","status":"publish","type":"product","link":"https:\/\/www.toyotomi.eu\/es\/producto\/zibro-rs-30\/","title":{"rendered":"Zibro RS-30"},"content":{"rendered":"","protected":false},"excerpt":{"rendered":"<p>La estufa de mecha Zibro modelo RS-30 no necesita ning\u00fan tipo de instalaci\u00f3n, tiene un sistema de combusti\u00f3n sin conducto y solo necesita 2 pilas para encender la estufa. Es muy f\u00e1cil de usar y puede calentar un volumen de hasta 110 m\u00b3. Equipada con diferentes dispositivos de seguridad, esta estufa se convierte en una fuente de calefacci\u00f3n c\u00f3moda, segura, altamente eficiente y econ\u00f3mica.  <\/p>\n","protected":false},"featured_media":40501,"template":"","meta":{"_acf_changed":false,"_eb_attr":""},"product_brand":[],"product_cat":[5907],"product_tag":[],"class_list":{"0":"post-45691","1":"product","2":"type-product","3":"status-publish","4":"has-post-thumbnail","6":"product_cat-estufas-de-mecha","8":"first","9":"instock","10":"taxable","11":"shipping-taxable","12":"product-type-simple"},"acf":[],"yoast_head":"<!-- This site is optimized with the Yoast SEO plugin v27.4 - https:\/\/yoast.com\/product\/yoast-seo-wordpress\/ -->\n<title>Zibro RS-30 - Toyotomi<\/title>\n<meta name=\"robots\" content=\"index, follow, max-snippet:-1, max-image-preview:large, max-video-preview:-1\" \/>\n<link rel=\"canonical\" href=\"https:\/\/www.toyotomi.eu\/es\/producto\/zibro-rs-30\/\" \/>\n<meta property=\"og:locale\" content=\"es_ES\" \/>\n<meta property=\"og:type\" content=\"article\" \/>\n<meta property=\"og:title\" content=\"Zibro RS-30 - Toyotomi\" \/>\n<meta property=\"og:description\" content=\"La estufa de mecha Zibro modelo RS-30 no necesita ning\u00fan tipo de instalaci\u00f3n, tiene un sistema de combusti\u00f3n sin conducto y solo necesita 2 pilas para encender la estufa. Es muy f\u00e1cil de usar y puede calentar un volumen de hasta 110 m\u00b3. Equipada con diferentes dispositivos de seguridad, esta estufa se convierte en una fuente de calefacci\u00f3n c\u00f3moda, segura, altamente eficiente y econ\u00f3mica.\" \/>\n<meta property=\"og:url\" content=\"https:\/\/www.toyotomi.eu\/es\/producto\/zibro-rs-30\/\" \/>\n<meta property=\"og:site_name\" content=\"Toyotomi\" \/>\n<meta property=\"article:modified_time\" content=\"2025-12-02T11:29:50+00:00\" \/>\n<meta property=\"og:image\" content=\"https:\/\/www.toyotomi.eu\/wp-content\/uploads\/2020\/07\/Zibro-heater-RS-30.jpg\" \/>\n\t<meta property=\"og:image:width\" content=\"1000\" \/>\n\t<meta property=\"og:image:height\" content=\"1000\" \/>\n\t<meta property=\"og:image:type\" content=\"image\/jpeg\" \/>\n<meta name=\"twitter:card\" content=\"summary_large_image\" \/>\n<script type=\"application\/ld+json\" class=\"yoast-schema-graph\">{\"@context\":\"https:\\\/\\\/schema.org\",\"@graph\":[{\"@type\":\"WebPage\",\"@id\":\"https:\\\/\\\/www.toyotomi.eu\\\/es\\\/producto\\\/zibro-rs-30\\\/\",\"url\":\"https:\\\/\\\/www.toyotomi.eu\\\/es\\\/producto\\\/zibro-rs-30\\\/\",\"name\":\"Zibro RS-30 - Toyotomi\",\"isPartOf\":{\"@id\":\"https:\\\/\\\/www.toyotomi.eu\\\/es\\\/#website\"},\"primaryImageOfPage\":{\"@id\":\"https:\\\/\\\/www.toyotomi.eu\\\/es\\\/producto\\\/zibro-rs-30\\\/#primaryimage\"},\"image\":{\"@id\":\"https:\\\/\\\/www.toyotomi.eu\\\/es\\\/producto\\\/zibro-rs-30\\\/#primaryimage\"},\"thumbnailUrl\":\"https:\\\/\\\/www.toyotomi.eu\\\/wp-content\\\/uploads\\\/2020\\\/07\\\/Zibro-heater-RS-30.jpg\",\"datePublished\":\"2025-01-01T01:01:00+00:00\",\"dateModified\":\"2025-12-02T11:29:50+00:00\",\"breadcrumb\":{\"@id\":\"https:\\\/\\\/www.toyotomi.eu\\\/es\\\/producto\\\/zibro-rs-30\\\/#breadcrumb\"},\"inLanguage\":\"es\",\"potentialAction\":[{\"@type\":\"ReadAction\",\"target\":[\"https:\\\/\\\/www.toyotomi.eu\\\/es\\\/producto\\\/zibro-rs-30\\\/\"]}]},{\"@type\":\"ImageObject\",\"inLanguage\":\"es\",\"@id\":\"https:\\\/\\\/www.toyotomi.eu\\\/es\\\/producto\\\/zibro-rs-30\\\/#primaryimage\",\"url\":\"https:\\\/\\\/www.toyotomi.eu\\\/wp-content\\\/uploads\\\/2020\\\/07\\\/Zibro-heater-RS-30.jpg\",\"contentUrl\":\"https:\\\/\\\/www.toyotomi.eu\\\/wp-content\\\/uploads\\\/2020\\\/07\\\/Zibro-heater-RS-30.jpg\",\"width\":1000,\"height\":1000,\"caption\":\"Estufa Zibro RS-30\"},{\"@type\":\"BreadcrumbList\",\"@id\":\"https:\\\/\\\/www.toyotomi.eu\\\/es\\\/producto\\\/zibro-rs-30\\\/#breadcrumb\",\"itemListElement\":[{\"@type\":\"ListItem\",\"position\":1,\"name\":\"Inicio\",\"item\":\"https:\\\/\\\/www.toyotomi.eu\\\/es\\\/\"},{\"@type\":\"ListItem\",\"position\":2,\"name\":\"Todos los productos\",\"item\":\"https:\\\/\\\/www.toyotomi.eu\\\/es\\\/todos-los-productos\\\/\"},{\"@type\":\"ListItem\",\"position\":3,\"name\":\"Zibro RS-30\"}]},{\"@type\":\"WebSite\",\"@id\":\"https:\\\/\\\/www.toyotomi.eu\\\/es\\\/#website\",\"url\":\"https:\\\/\\\/www.toyotomi.eu\\\/es\\\/\",\"name\":\"Toyotomi\",\"description\":\"\",\"publisher\":{\"@id\":\"https:\\\/\\\/www.toyotomi.eu\\\/es\\\/#organization\"},\"potentialAction\":[{\"@type\":\"SearchAction\",\"target\":{\"@type\":\"EntryPoint\",\"urlTemplate\":\"https:\\\/\\\/www.toyotomi.eu\\\/es\\\/?s={search_term_string}\"},\"query-input\":{\"@type\":\"PropertyValueSpecification\",\"valueRequired\":true,\"valueName\":\"search_term_string\"}}],\"inLanguage\":\"es\"},{\"@type\":\"Organization\",\"@id\":\"https:\\\/\\\/www.toyotomi.eu\\\/es\\\/#organization\",\"name\":\"Toyotomi Europe Sales B.V.\",\"alternateName\":\"Toyotomi\",\"url\":\"https:\\\/\\\/www.toyotomi.eu\\\/es\\\/\",\"logo\":{\"@type\":\"ImageObject\",\"inLanguage\":\"es\",\"@id\":\"https:\\\/\\\/www.toyotomi.eu\\\/es\\\/#\\\/schema\\\/logo\\\/image\\\/\",\"url\":\"https:\\\/\\\/www.toyotomi.eu\\\/wp-content\\\/uploads\\\/2025\\\/10\\\/logo.png\",\"contentUrl\":\"https:\\\/\\\/www.toyotomi.eu\\\/wp-content\\\/uploads\\\/2025\\\/10\\\/logo.png\",\"width\":1360,\"height\":304,\"caption\":\"Toyotomi Europe Sales B.V.\"},\"image\":{\"@id\":\"https:\\\/\\\/www.toyotomi.eu\\\/es\\\/#\\\/schema\\\/logo\\\/image\\\/\"}}]}<\/script>\n<!-- \/ Yoast SEO plugin. -->","yoast_head_json":{"title":"Zibro RS-30 - Toyotomi","robots":{"index":"index","follow":"follow","max-snippet":"max-snippet:-1","max-image-preview":"max-image-preview:large","max-video-preview":"max-video-preview:-1"},"canonical":"https:\/\/www.toyotomi.eu\/es\/producto\/zibro-rs-30\/","og_locale":"es_ES","og_type":"article","og_title":"Zibro RS-30 - Toyotomi","og_description":"La estufa de mecha Zibro modelo RS-30 no necesita ning\u00fan tipo de instalaci\u00f3n, tiene un sistema de combusti\u00f3n sin conducto y solo necesita 2 pilas para encender la estufa. Es muy f\u00e1cil de usar y puede calentar un volumen de hasta 110 m\u00b3. Equipada con diferentes dispositivos de seguridad, esta estufa se convierte en una fuente de calefacci\u00f3n c\u00f3moda, segura, altamente eficiente y econ\u00f3mica.","og_url":"https:\/\/www.toyotomi.eu\/es\/producto\/zibro-rs-30\/","og_site_name":"Toyotomi","article_modified_time":"2025-12-02T11:29:50+00:00","og_image":[{"width":1000,"height":1000,"url":"https:\/\/www.toyotomi.eu\/wp-content\/uploads\/2020\/07\/Zibro-heater-RS-30.jpg","type":"image\/jpeg"}],"twitter_card":"summary_large_image","schema":{"@context":"https:\/\/schema.org","@graph":[{"@type":"WebPage","@id":"https:\/\/www.toyotomi.eu\/es\/producto\/zibro-rs-30\/","url":"https:\/\/www.toyotomi.eu\/es\/producto\/zibro-rs-30\/","name":"Zibro RS-30 - Toyotomi","isPartOf":{"@id":"https:\/\/www.toyotomi.eu\/es\/#website"},"primaryImageOfPage":{"@id":"https:\/\/www.toyotomi.eu\/es\/producto\/zibro-rs-30\/#primaryimage"},"image":{"@id":"https:\/\/www.toyotomi.eu\/es\/producto\/zibro-rs-30\/#primaryimage"},"thumbnailUrl":"https:\/\/www.toyotomi.eu\/wp-content\/uploads\/2020\/07\/Zibro-heater-RS-30.jpg","datePublished":"2025-01-01T01:01:00+00:00","dateModified":"2025-12-02T11:29:50+00:00","breadcrumb":{"@id":"https:\/\/www.toyotomi.eu\/es\/producto\/zibro-rs-30\/#breadcrumb"},"inLanguage":"es","potentialAction":[{"@type":"ReadAction","target":["https:\/\/www.toyotomi.eu\/es\/producto\/zibro-rs-30\/"]}]},{"@type":"ImageObject","inLanguage":"es","@id":"https:\/\/www.toyotomi.eu\/es\/producto\/zibro-rs-30\/#primaryimage","url":"https:\/\/www.toyotomi.eu\/wp-content\/uploads\/2020\/07\/Zibro-heater-RS-30.jpg","contentUrl":"https:\/\/www.toyotomi.eu\/wp-content\/uploads\/2020\/07\/Zibro-heater-RS-30.jpg","width":1000,"height":1000,"caption":"Estufa Zibro RS-30"},{"@type":"BreadcrumbList","@id":"https:\/\/www.toyotomi.eu\/es\/producto\/zibro-rs-30\/#breadcrumb","itemListElement":[{"@type":"ListItem","position":1,"name":"Inicio","item":"https:\/\/www.toyotomi.eu\/es\/"},{"@type":"ListItem","position":2,"name":"Todos los productos","item":"https:\/\/www.toyotomi.eu\/es\/todos-los-productos\/"},{"@type":"ListItem","position":3,"name":"Zibro RS-30"}]},{"@type":"WebSite","@id":"https:\/\/www.toyotomi.eu\/es\/#website","url":"https:\/\/www.toyotomi.eu\/es\/","name":"Toyotomi","description":"","publisher":{"@id":"https:\/\/www.toyotomi.eu\/es\/#organization"},"potentialAction":[{"@type":"SearchAction","target":{"@type":"EntryPoint","urlTemplate":"https:\/\/www.toyotomi.eu\/es\/?s={search_term_string}"},"query-input":{"@type":"PropertyValueSpecification","valueRequired":true,"valueName":"search_term_string"}}],"inLanguage":"es"},{"@type":"Organization","@id":"https:\/\/www.toyotomi.eu\/es\/#organization","name":"Toyotomi Europe Sales B.V.","alternateName":"Toyotomi","url":"https:\/\/www.toyotomi.eu\/es\/","logo":{"@type":"ImageObject","inLanguage":"es","@id":"https:\/\/www.toyotomi.eu\/es\/#\/schema\/logo\/image\/","url":"https:\/\/www.toyotomi.eu\/wp-content\/uploads\/2025\/10\/logo.png","contentUrl":"https:\/\/www.toyotomi.eu\/wp-content\/uploads\/2025\/10\/logo.png","width":1360,"height":304,"caption":"Toyotomi Europe Sales B.V."},"image":{"@id":"https:\/\/www.toyotomi.eu\/es\/#\/schema\/logo\/image\/"}}]}},"_links":{"self":[{"href":"https:\/\/www.toyotomi.eu\/es\/wp-json\/wp\/v2\/product\/45691","targetHints":{"allow":["GET"]}}],"collection":[{"href":"https:\/\/www.toyotomi.eu\/es\/wp-json\/wp\/v2\/product"}],"about":[{"href":"https:\/\/www.toyotomi.eu\/es\/wp-json\/wp\/v2\/types\/product"}],"wp:featuredmedia":[{"embeddable":true,"href":"https:\/\/www.toyotomi.eu\/es\/wp-json\/wp\/v2\/media\/40501"}],"wp:attachment":[{"href":"https:\/\/www.toyotomi.eu\/es\/wp-json\/wp\/v2\/media?parent=45691"}],"wp:term":[{"taxonomy":"product_brand","embeddable":true,"href":"https:\/\/www.toyotomi.eu\/es\/wp-json\/wp\/v2\/product_brand?post=45691"},{"taxonomy":"product_cat","embeddable":true,"href":"https:\/\/www.toyotomi.eu\/es\/wp-json\/wp\/v2\/product_cat?post=45691"},{"taxonomy":"product_tag","embeddable":true,"href":"https:\/\/www.toyotomi.eu\/es\/wp-json\/wp\/v2\/product_tag?post=45691"}],"curies":[{"name":"wp","href":"https:\/\/api.w.org\/{rel}","templated":true}]}}