{"id":38263,"date":"2025-01-01T00:00:32","date_gmt":"2024-12-31T23:00:32","guid":{"rendered":"https:\/\/www.toyotomi.eu\/atencion-al-cliente\/garantia\/"},"modified":"2026-04-02T16:46:11","modified_gmt":"2026-04-02T14:46:11","slug":"garantia","status":"publish","type":"page","link":"https:\/\/www.toyotomi.eu\/es\/atencion-al-cliente\/garantia\/","title":{"rendered":"Garant\u00eda"},"content":{"rendered":"\n<div class=\"wp-block-essential-blocks-wrapper alignfull  root-eb-wrapper-l71oh\"><div class=\"eb-parent-wrapper eb-parent-eb-wrapper-l71oh \"><div class=\"eb-wrapper-outer eb-wrapper-l71oh\"><div class=\"eb-wrapper-inner\"><div class=\"eb-wrapper-inner-blocks eb-wrapper-align-center\">\n<div class=\"wp-block-essential-blocks-row alignfull  root-eb-row-ve2jw\"><div class=\"eb-parent-wrapper eb-parent-eb-row-ve2jw \"><div class=\"eb-row-root-container eb-row-ve2jw\" data-id=\"eb-row-ve2jw\"><div class=\"eb-row-wrapper\"><div class=\"eb-row-inner\">\n<div class=\"wp-block-essential-blocks-column  root-eb-column-09yfp\"><div class=\"eb-parent-wrapper eb-parent-eb-column-09yfp \"><div class=\"eb-column-wrapper eb-column-09yfp\"><div class=\"eb-column-inner\">\n        <div class=\"root-eb-breadcrumb-56bzo wp-block-essential-blocks-breadcrumbs\">\n            <div class=\"eb-parent-wrapper eb-parent-eb-breadcrumb-56bzo \">\n                <div aria-label=\"Breadcrumb\" class=\"eb-breadcrumb-wrapper eb-breadcrumb-56bzo\" data-id=\"eb-breadcrumb-56bzo\">\n                    \n                    <div class=\"eb-breadcrumb\"><span class=\"eb-breadcrumb-item\"><a href=\"https:\/\/www.toyotomi.eu\/es\/\">Home<\/a><\/span><span class=\"eb-breadcrumb-separator\">\/<\/span><span class=\"eb-breadcrumb-item current\">P\u00e1gina<\/span><\/div>\n                <\/div>\n            <\/div>\n        <\/div><\/div><\/div><\/div><\/div>\n<\/div><\/div><\/div><\/div><\/div>\n<\/div><\/div><\/div><\/div><\/div>\n\n<div class=\"wp-block-essential-blocks-wrapper alignfull  root-eb-wrapper-qljji\"><div class=\"eb-parent-wrapper eb-parent-eb-wrapper-qljji \"><div class=\"eb-wrapper-outer eb-wrapper-qljji\"><div class=\"eb-wrapper-inner\"><div class=\"eb-wrapper-inner-blocks eb-wrapper-align-center\">\n<div class=\"wp-block-essential-blocks-row alignfull  root-eb-row-geair\"><div class=\"eb-parent-wrapper eb-parent-eb-row-geair \"><div class=\"eb-row-root-container eb-row-geair\" data-id=\"eb-row-geair\"><div class=\"eb-row-wrapper\"><div class=\"eb-row-inner\">\n<div class=\"wp-block-essential-blocks-column  root-eb-column-jaxdk\"><div class=\"eb-parent-wrapper eb-parent-eb-column-jaxdk \"><div class=\"eb-column-wrapper eb-column-jaxdk\"><div class=\"eb-column-inner\">\n<h1 class=\"wp-block-heading\">Garant\u00eda est\u00e1ndar de los productos<\/h1>\n\n\n\n<p>Los productos Toyotomi est\u00e1n cubiertos por una garant\u00eda est\u00e1ndar del fabricante que cumple plenamente con la legislaci\u00f3n europea vigente.<\/p>\n<\/div><\/div><\/div><\/div>\n\n\n\n<div class=\"wp-block-essential-blocks-column  root-eb-column-a2uxc\"><div class=\"eb-parent-wrapper eb-parent-eb-column-a2uxc \"><div class=\"eb-column-wrapper eb-column-a2uxc\"><div class=\"eb-column-inner\">\n<h2 class=\"wp-block-heading\">T\u00e9rminos y condiciones de la garant\u00eda<\/h2>\n\n\n\n<p>La garant\u00eda est\u00e1ndar cubre los defectos de materiales y mano de obra en condiciones de uso normal y mantenimiento adecuado. Las disposiciones completas de la garant\u00eda, incluidos los detalles de la cobertura, las exclusiones y las condiciones, se describen en el <strong>manual de usuario suministrado con cada producto<\/strong>. <\/p>\n\n\n\n<p>La mayor\u00eda de los manuales de usuario tambi\u00e9n pueden consultarse o descargarse en este sitio web visitando la p\u00e1gina de producto correspondiente.<\/p>\n\n\n\n<p><strong>Nota:<\/strong> Esta informaci\u00f3n se proporciona \u00fanicamente como referencia general. Los t\u00e9rminos de la garant\u00eda legalmente vinculantes y autorizados aplicables a su producto se incluyen con el producto en el momento de la compra. <\/p>\n\n\n\n<hr class=\"wp-block-separator has-text-color has-alpha-channel-opacity has-background is-style-default\" style=\"margin-top:var(--wp--preset--spacing--small);margin-bottom:var(--wp--preset--spacing--small);background-color:#cccccc;color:#cccccc\"\/>\n\n\n\n<h2 class=\"wp-block-heading\">Per\u00edodos de garant\u00eda por marca<\/h2>\n\n\n\n<h3 class=\"wp-block-heading\"><strong>Toyotomi<\/strong><\/h3>\n\n\n\n<p>Cubierto por una <strong>garant\u00eda de 5 a\u00f1os<\/strong> desde la fecha de compra.<\/p>\n\n\n\n<h3 class=\"wp-block-heading\"><strong>Zibro<\/strong><\/h3>\n\n\n\n<p>Cubierto por una <strong>garant\u00eda de 5 a\u00f1os<\/strong> desde la fecha de compra.<\/p>\n\n\n\n<h3 class=\"wp-block-heading\"><strong>Toyoset<\/strong><\/h3>\n\n\n\n<p>Cubiertos por una <strong>garant\u00eda de 2 a\u00f1os<\/strong> a partir de la fecha de compra.<\/p>\n\n\n\n<h3 class=\"wp-block-heading\"><strong>Kerosun<\/strong><\/h3>\n\n\n\n<p>Cubiertos por una <strong>garant\u00eda de 2 a\u00f1os<\/strong> a partir de la fecha de compra.<\/p>\n\n\n\n<h3 class=\"wp-block-heading\"><strong>GEAR MISSION<\/strong><\/h3>\n\n\n\n<p>Cubiertos por una <strong>garant\u00eda de 2 a\u00f1os<\/strong> a partir de la fecha de compra.<\/p>\n\n\n\n<hr class=\"wp-block-separator has-text-color has-alpha-channel-opacity has-background is-style-default\" style=\"margin-top:var(--wp--preset--spacing--small);margin-bottom:var(--wp--preset--spacing--small);background-color:#cccccc;color:#cccccc\"\/>\n\n\n\n<p>En los casos en que la legislaci\u00f3n europea de protecci\u00f3n del consumidor establezca un per\u00edodo de garant\u00eda m\u00ednimo m\u00e1s largo que el indicado anteriormente, se aplicar\u00e1 el per\u00edodo de garant\u00eda m\u00ednimo legalmente exigido. Por lo tanto, las condiciones de la garant\u00eda pueden variar en funci\u00f3n del pa\u00eds de la UE en el que se realice la compra. <\/p>\n<\/div><\/div><\/div><\/div>\n<\/div><\/div><\/div><\/div><\/div>\n<\/div><\/div><\/div><\/div><\/div>\n\n<div class=\"wp-block-essential-blocks-wrapper alignfull  root-eb-wrapper-kxbg4\"><div class=\"eb-parent-wrapper eb-parent-eb-wrapper-kxbg4 \"><div class=\"eb-wrapper-outer eb-wrapper-kxbg4\"><div class=\"eb-wrapper-inner\"><div class=\"eb-wrapper-inner-blocks eb-wrapper-align-center\">\n<div class=\"wp-block-essential-blocks-row alignfull  root-eb-row-4i94n\"><div class=\"eb-parent-wrapper eb-parent-eb-row-4i94n \"><div class=\"eb-row-root-container eb-row-4i94n\" data-id=\"eb-row-4i94n\"><div class=\"eb-row-wrapper\"><div class=\"eb-row-inner\">\n<div class=\"wp-block-essential-blocks-column  root-eb-column-fmghx\"><div class=\"eb-parent-wrapper eb-parent-eb-column-fmghx \"><div class=\"eb-column-wrapper eb-column-fmghx\"><div class=\"eb-column-inner\">\n<h2 class=\"wp-block-heading has-text-align-left has-x-large-font-size\">Registro del producto<\/h2>\n\n\n\n<p>Le recomendamos que registre su producto Toyotomi inmediatamente despu\u00e9s de la compra para garantizar una gesti\u00f3n eficiente de la garant\u00eda y un servicio de asistencia t\u00e9cnica adecuado.<\/p>\n\n\n\n<p class=\"has-text-align-left\">Complete el formulario de registro del producto en l\u00ednea para activar su garant\u00eda y permitir una asistencia m\u00e1s r\u00e1pida en caso de solicitud de servicio.<\/p>\n\n\n\n<div class=\"wp-block-essential-blocks-button root-eb-button-uc8e6\"><div class=\"eb-parent-wrapper eb-parent-eb-button-uc8e6 \"><div class=\"eb-button-wrapper eb-button-alignment eb-button-uc8e6\"><div class=\"eb-button\"><div class=\"eb-button-inner-wrapper \"><a class=\"eb-button-anchor hvr-grow \" href=\"https:\/\/www.toyotomi.eu\/es\/atencion-al-cliente\/registro-del-producto\/\" rel=\"noopener\"><i icon=\"fas fa-chevron-right\" class=\"fas fa-chevron-right eb-button-icon eb-button-icon-left hvr-icon\"><\/i>Active su garant\u00eda<\/a><\/div><\/div><\/div><\/div><\/div>\n<\/div><\/div><\/div><\/div>\n<\/div><\/div><\/div><\/div><\/div>\n<\/div><\/div><\/div><\/div><\/div>\n\n<div class=\"wp-block-essential-blocks-wrapper alignfull  root-eb-wrapper-c92kd\"><div class=\"eb-parent-wrapper eb-parent-eb-wrapper-c92kd \"><div class=\"eb-wrapper-outer eb-wrapper-c92kd\"><div class=\"eb-wrapper-inner\"><div class=\"eb-wrapper-inner-blocks eb-wrapper-align-center\">\n<div class=\"wp-block-essential-blocks-row alignfull  root-eb-row-zc8ic\"><div class=\"eb-parent-wrapper eb-parent-eb-row-zc8ic \"><div class=\"eb-row-root-container eb-row-zc8ic\" data-id=\"eb-row-zc8ic\"><div class=\"eb-row-wrapper\"><div class=\"eb-row-inner\">\n<div class=\"wp-block-essential-blocks-column  root-eb-column-lxhh0\"><div class=\"eb-parent-wrapper eb-parent-eb-column-lxhh0 \"><div class=\"eb-column-wrapper eb-column-lxhh0\"><div class=\"eb-column-inner\">\n<div class=\"wp-block-essential-blocks-button root-eb-button-hunm6\"><div class=\"eb-parent-wrapper eb-parent-eb-button-hunm6 \"><div class=\"eb-button-wrapper eb-button-alignment eb-button-hunm6\"><div class=\"eb-button\"><div class=\"eb-button-inner-wrapper \"><a class=\"eb-button-anchor hvr-grow \" href=\"https:\/\/www.toyotomi.eu\/es\/atencion-al-cliente\/\" rel=\"noopener\"><i icon=\"fas fa-chevron-right\" class=\"fas fa-chevron-right eb-button-icon eb-button-icon-left hvr-icon\"><\/i>Atenci\u00f3n al cliente<\/a><\/div><\/div><\/div><\/div><\/div>\n<\/div><\/div><\/div><\/div>\n<\/div><\/div><\/div><\/div><\/div>\n<\/div><\/div><\/div><\/div><\/div>\n","protected":false},"excerpt":{"rendered":"","protected":false},"author":71,"featured_media":0,"parent":38217,"menu_order":0,"comment_status":"closed","ping_status":"closed","template":"template-canvas.php","meta":{"_acf_changed":false,"_eb_attr":"","footnotes":""},"class_list":["post-38263","page","type-page","status-publish","hentry"],"acf":[],"yoast_head":"<!-- This site is optimized with the Yoast SEO plugin v27.4 - https:\/\/yoast.com\/product\/yoast-seo-wordpress\/ -->\n<title>Garant\u00eda - Toyotomi<\/title>\n<meta name=\"description\" content=\"Encuentre respuestas a las preguntas frecuentes, detalles sobre la garant\u00eda y reparaciones, descargas, y p\u00f3ngase en contacto con nuestro servicio de atenci\u00f3n al cliente para resolver todas sus dudas.\" \/>\n<meta name=\"robots\" content=\"index, follow, max-snippet:-1, max-image-preview:large, max-video-preview:-1\" \/>\n<link rel=\"canonical\" href=\"https:\/\/www.toyotomi.eu\/es\/atencion-al-cliente\/garantia\/\" \/>\n<meta property=\"og:locale\" content=\"es_ES\" \/>\n<meta property=\"og:type\" content=\"article\" \/>\n<meta property=\"og:title\" content=\"Garant\u00eda - Toyotomi\" \/>\n<meta property=\"og:description\" content=\"Encuentre respuestas a las preguntas frecuentes, detalles sobre la garant\u00eda y reparaciones, descargas, y p\u00f3ngase en contacto con nuestro servicio de atenci\u00f3n al cliente para resolver todas sus dudas.\" \/>\n<meta property=\"og:url\" content=\"https:\/\/www.toyotomi.eu\/es\/atencion-al-cliente\/garantia\/\" \/>\n<meta property=\"og:site_name\" content=\"Toyotomi\" \/>\n<meta property=\"article:modified_time\" content=\"2026-04-02T14:46:11+00:00\" \/>\n<meta property=\"og:image\" content=\"https:\/\/www.toyotomi.eu\/wp-content\/uploads\/2025\/10\/logo.png\" \/>\n\t<meta property=\"og:image:width\" content=\"1360\" \/>\n\t<meta property=\"og:image:height\" content=\"304\" \/>\n\t<meta property=\"og:image:type\" content=\"image\/png\" \/>\n<meta name=\"twitter:card\" content=\"summary_large_image\" \/>\n<meta name=\"twitter:label1\" content=\"Tiempo de lectura\" \/>\n\t<meta name=\"twitter:data1\" content=\"2 minuto\" \/>\n<script type=\"application\/ld+json\" class=\"yoast-schema-graph\">{\"@context\":\"https:\\\/\\\/schema.org\",\"@graph\":[{\"@type\":\"WebPage\",\"@id\":\"https:\\\/\\\/www.toyotomi.eu\\\/es\\\/atencion-al-cliente\\\/garantia\\\/\",\"url\":\"https:\\\/\\\/www.toyotomi.eu\\\/es\\\/atencion-al-cliente\\\/garantia\\\/\",\"name\":\"Garant\u00eda - Toyotomi\",\"isPartOf\":{\"@id\":\"https:\\\/\\\/www.toyotomi.eu\\\/es\\\/#website\"},\"datePublished\":\"2024-12-31T23:00:32+00:00\",\"dateModified\":\"2026-04-02T14:46:11+00:00\",\"description\":\"Encuentre respuestas a las preguntas frecuentes, detalles sobre la garant\u00eda y reparaciones, descargas, y p\u00f3ngase en contacto con nuestro servicio de atenci\u00f3n al cliente para resolver todas sus dudas.\",\"breadcrumb\":{\"@id\":\"https:\\\/\\\/www.toyotomi.eu\\\/es\\\/atencion-al-cliente\\\/garantia\\\/#breadcrumb\"},\"inLanguage\":\"es\",\"potentialAction\":[{\"@type\":\"ReadAction\",\"target\":[\"https:\\\/\\\/www.toyotomi.eu\\\/es\\\/atencion-al-cliente\\\/garantia\\\/\"]}]},{\"@type\":\"BreadcrumbList\",\"@id\":\"https:\\\/\\\/www.toyotomi.eu\\\/es\\\/atencion-al-cliente\\\/garantia\\\/#breadcrumb\",\"itemListElement\":[{\"@type\":\"ListItem\",\"position\":1,\"name\":\"Inicio\",\"item\":\"https:\\\/\\\/www.toyotomi.eu\\\/es\\\/\"},{\"@type\":\"ListItem\",\"position\":2,\"name\":\"Atenci\u00f3n al cliente\",\"item\":\"https:\\\/\\\/www.toyotomi.eu\\\/es\\\/atencion-al-cliente\\\/\"},{\"@type\":\"ListItem\",\"position\":3,\"name\":\"Garant\u00eda\"}]},{\"@type\":\"WebSite\",\"@id\":\"https:\\\/\\\/www.toyotomi.eu\\\/es\\\/#website\",\"url\":\"https:\\\/\\\/www.toyotomi.eu\\\/es\\\/\",\"name\":\"Toyotomi\",\"description\":\"\",\"publisher\":{\"@id\":\"https:\\\/\\\/www.toyotomi.eu\\\/es\\\/#organization\"},\"potentialAction\":[{\"@type\":\"SearchAction\",\"target\":{\"@type\":\"EntryPoint\",\"urlTemplate\":\"https:\\\/\\\/www.toyotomi.eu\\\/es\\\/?s={search_term_string}\"},\"query-input\":{\"@type\":\"PropertyValueSpecification\",\"valueRequired\":true,\"valueName\":\"search_term_string\"}}],\"inLanguage\":\"es\"},{\"@type\":\"Organization\",\"@id\":\"https:\\\/\\\/www.toyotomi.eu\\\/es\\\/#organization\",\"name\":\"Toyotomi Europe Sales B.V.\",\"alternateName\":\"Toyotomi\",\"url\":\"https:\\\/\\\/www.toyotomi.eu\\\/es\\\/\",\"logo\":{\"@type\":\"ImageObject\",\"inLanguage\":\"es\",\"@id\":\"https:\\\/\\\/www.toyotomi.eu\\\/es\\\/#\\\/schema\\\/logo\\\/image\\\/\",\"url\":\"https:\\\/\\\/www.toyotomi.eu\\\/wp-content\\\/uploads\\\/2025\\\/10\\\/logo.png\",\"contentUrl\":\"https:\\\/\\\/www.toyotomi.eu\\\/wp-content\\\/uploads\\\/2025\\\/10\\\/logo.png\",\"width\":1360,\"height\":304,\"caption\":\"Toyotomi Europe Sales B.V.\"},\"image\":{\"@id\":\"https:\\\/\\\/www.toyotomi.eu\\\/es\\\/#\\\/schema\\\/logo\\\/image\\\/\"}}]}<\/script>\n<!-- \/ Yoast SEO plugin. -->","yoast_head_json":{"title":"Garant\u00eda - Toyotomi","description":"Encuentre respuestas a las preguntas frecuentes, detalles sobre la garant\u00eda y reparaciones, descargas, y p\u00f3ngase en contacto con nuestro servicio de atenci\u00f3n al cliente para resolver todas sus dudas.","robots":{"index":"index","follow":"follow","max-snippet":"max-snippet:-1","max-image-preview":"max-image-preview:large","max-video-preview":"max-video-preview:-1"},"canonical":"https:\/\/www.toyotomi.eu\/es\/atencion-al-cliente\/garantia\/","og_locale":"es_ES","og_type":"article","og_title":"Garant\u00eda - Toyotomi","og_description":"Encuentre respuestas a las preguntas frecuentes, detalles sobre la garant\u00eda y reparaciones, descargas, y p\u00f3ngase en contacto con nuestro servicio de atenci\u00f3n al cliente para resolver todas sus dudas.","og_url":"https:\/\/www.toyotomi.eu\/es\/atencion-al-cliente\/garantia\/","og_site_name":"Toyotomi","article_modified_time":"2026-04-02T14:46:11+00:00","og_image":[{"width":1360,"height":304,"url":"https:\/\/www.toyotomi.eu\/wp-content\/uploads\/2025\/10\/logo.png","type":"image\/png"}],"twitter_card":"summary_large_image","twitter_misc":{"Tiempo de lectura":"2 minuto"},"schema":{"@context":"https:\/\/schema.org","@graph":[{"@type":"WebPage","@id":"https:\/\/www.toyotomi.eu\/es\/atencion-al-cliente\/garantia\/","url":"https:\/\/www.toyotomi.eu\/es\/atencion-al-cliente\/garantia\/","name":"Garant\u00eda - Toyotomi","isPartOf":{"@id":"https:\/\/www.toyotomi.eu\/es\/#website"},"datePublished":"2024-12-31T23:00:32+00:00","dateModified":"2026-04-02T14:46:11+00:00","description":"Encuentre respuestas a las preguntas frecuentes, detalles sobre la garant\u00eda y reparaciones, descargas, y p\u00f3ngase en contacto con nuestro servicio de atenci\u00f3n al cliente para resolver todas sus dudas.","breadcrumb":{"@id":"https:\/\/www.toyotomi.eu\/es\/atencion-al-cliente\/garantia\/#breadcrumb"},"inLanguage":"es","potentialAction":[{"@type":"ReadAction","target":["https:\/\/www.toyotomi.eu\/es\/atencion-al-cliente\/garantia\/"]}]},{"@type":"BreadcrumbList","@id":"https:\/\/www.toyotomi.eu\/es\/atencion-al-cliente\/garantia\/#breadcrumb","itemListElement":[{"@type":"ListItem","position":1,"name":"Inicio","item":"https:\/\/www.toyotomi.eu\/es\/"},{"@type":"ListItem","position":2,"name":"Atenci\u00f3n al cliente","item":"https:\/\/www.toyotomi.eu\/es\/atencion-al-cliente\/"},{"@type":"ListItem","position":3,"name":"Garant\u00eda"}]},{"@type":"WebSite","@id":"https:\/\/www.toyotomi.eu\/es\/#website","url":"https:\/\/www.toyotomi.eu\/es\/","name":"Toyotomi","description":"","publisher":{"@id":"https:\/\/www.toyotomi.eu\/es\/#organization"},"potentialAction":[{"@type":"SearchAction","target":{"@type":"EntryPoint","urlTemplate":"https:\/\/www.toyotomi.eu\/es\/?s={search_term_string}"},"query-input":{"@type":"PropertyValueSpecification","valueRequired":true,"valueName":"search_term_string"}}],"inLanguage":"es"},{"@type":"Organization","@id":"https:\/\/www.toyotomi.eu\/es\/#organization","name":"Toyotomi Europe Sales B.V.","alternateName":"Toyotomi","url":"https:\/\/www.toyotomi.eu\/es\/","logo":{"@type":"ImageObject","inLanguage":"es","@id":"https:\/\/www.toyotomi.eu\/es\/#\/schema\/logo\/image\/","url":"https:\/\/www.toyotomi.eu\/wp-content\/uploads\/2025\/10\/logo.png","contentUrl":"https:\/\/www.toyotomi.eu\/wp-content\/uploads\/2025\/10\/logo.png","width":1360,"height":304,"caption":"Toyotomi Europe Sales B.V."},"image":{"@id":"https:\/\/www.toyotomi.eu\/es\/#\/schema\/logo\/image\/"}}]}},"_links":{"self":[{"href":"https:\/\/www.toyotomi.eu\/es\/wp-json\/wp\/v2\/pages\/38263","targetHints":{"allow":["GET"]}}],"collection":[{"href":"https:\/\/www.toyotomi.eu\/es\/wp-json\/wp\/v2\/pages"}],"about":[{"href":"https:\/\/www.toyotomi.eu\/es\/wp-json\/wp\/v2\/types\/page"}],"author":[{"embeddable":true,"href":"https:\/\/www.toyotomi.eu\/es\/wp-json\/wp\/v2\/users\/71"}],"replies":[{"embeddable":true,"href":"https:\/\/www.toyotomi.eu\/es\/wp-json\/wp\/v2\/comments?post=38263"}],"version-history":[{"count":8,"href":"https:\/\/www.toyotomi.eu\/es\/wp-json\/wp\/v2\/pages\/38263\/revisions"}],"predecessor-version":[{"id":62626,"href":"https:\/\/www.toyotomi.eu\/es\/wp-json\/wp\/v2\/pages\/38263\/revisions\/62626"}],"up":[{"embeddable":true,"href":"https:\/\/www.toyotomi.eu\/es\/wp-json\/wp\/v2\/pages\/38217"}],"wp:attachment":[{"href":"https:\/\/www.toyotomi.eu\/es\/wp-json\/wp\/v2\/media?parent=38263"}],"curies":[{"name":"wp","href":"https:\/\/api.w.org\/{rel}","templated":true}]}}