{"id":34391,"date":"2025-01-01T00:00:00","date_gmt":"2024-12-31T23:00:00","guid":{"rendered":"https:\/\/www.toyotomi.eu\/spare-parts-y-accessories\/"},"modified":"2026-04-02T16:54:46","modified_gmt":"2026-04-02T14:54:46","slug":"spare-parts-y-accessories","status":"publish","type":"page","link":"https:\/\/www.toyotomi.eu\/es\/spare-parts-y-accessories\/","title":{"rendered":"Piezas y Accesorios"},"content":{"rendered":"\n<div class=\"wp-block-cover alignfull is-light\" style=\"min-height:550px;aspect-ratio:unset;\"><img loading=\"lazy\" decoding=\"async\" width=\"1024\" height=\"552\" class=\"wp-block-cover__image-background wp-image-54881 size-full\" alt=\"\" src=\"https:\/\/www.toyotomi.eu\/wp-content\/uploads\/2025\/12\/Toyotomi-Parts.jpg\" data-object-fit=\"cover\" srcset=\"https:\/\/www.toyotomi.eu\/wp-content\/uploads\/2025\/12\/Toyotomi-Parts.jpg 1024w, https:\/\/www.toyotomi.eu\/wp-content\/uploads\/2025\/12\/Toyotomi-Parts-768x414.jpg 768w, https:\/\/www.toyotomi.eu\/wp-content\/uploads\/2025\/12\/Toyotomi-Parts-990x534.jpg 990w, https:\/\/www.toyotomi.eu\/wp-content\/uploads\/2025\/12\/Toyotomi-Parts-441x238.jpg 441w, https:\/\/www.toyotomi.eu\/wp-content\/uploads\/2025\/12\/Toyotomi-Parts-150x81.jpg 150w\" sizes=\"auto, (max-width: 1024px) 100vw, 1024px\" \/><span aria-hidden=\"true\" class=\"wp-block-cover__background has-black-background-color has-background-dim-10 has-background-dim\"><\/span><div class=\"wp-block-cover__inner-container has-global-padding is-layout-constrained wp-block-cover-is-layout-constrained\">\n<p class=\"has-text-align-center has-large-font-size\"><\/p>\n<\/div><\/div>\n\n<div style=\"height:20px\" aria-hidden=\"true\" class=\"wp-block-spacer\"><\/div>\n\n<div class=\"wp-block-essential-blocks-wrapper alignfull  root-eb-wrapper-eswib\"><div class=\"eb-parent-wrapper eb-parent-eb-wrapper-eswib \"><div class=\"eb-wrapper-outer eb-wrapper-eswib\"><div class=\"eb-wrapper-inner\"><div class=\"eb-wrapper-inner-blocks eb-wrapper-align-center\">\n<div class=\"wp-block-essential-blocks-row alignfull  root-eb-row-97z98\"><div class=\"eb-parent-wrapper eb-parent-eb-row-97z98 \"><div class=\"eb-row-root-container eb-row-97z98\" data-id=\"eb-row-97z98\"><div class=\"eb-row-wrapper\"><div class=\"eb-row-inner\">\n<div class=\"wp-block-essential-blocks-column  root-eb-column-vmlyb\"><div class=\"eb-parent-wrapper eb-parent-eb-column-vmlyb \"><div class=\"eb-column-wrapper eb-column-vmlyb\"><div class=\"eb-column-inner\">\n<h1 class=\"wp-block-heading has-x-large-font-size\">Piezas y Accesorios<\/h1>\n\n\n\n<h3 class=\"wp-block-heading\">Mejore su experiencia<\/h3>\n\n\n\n<p>En Toyotomi, nuestro compromiso con la calidad no termina con el producto. Ofrecemos una gama completa de piezas originales y accesorios dise\u00f1ados espec\u00edficamente para respaldar el rendimiento, la seguridad y la durabilidad de su sistema de calefacci\u00f3n. <\/p>\n<\/div><\/div><\/div><\/div>\n\n\n\n<div class=\"wp-block-essential-blocks-column  root-eb-column-a6b0n\"><div class=\"eb-parent-wrapper eb-parent-eb-column-a6b0n \"><div class=\"eb-column-wrapper eb-column-a6b0n\"><div class=\"eb-column-inner\"><\/div><\/div><\/div><\/div>\n<\/div><\/div><\/div><\/div><\/div>\n<\/div><\/div><\/div><\/div><\/div>\n\n<div class=\"wp-block-essential-blocks-wrapper alignfull  root-eb-wrapper-4vmxv\"><div class=\"eb-parent-wrapper eb-parent-eb-wrapper-4vmxv \"><div class=\"eb-wrapper-outer eb-wrapper-4vmxv\"><div class=\"eb-wrapper-inner\"><div class=\"eb-wrapper-inner-blocks eb-wrapper-align-center\">\n<div class=\"wp-block-essential-blocks-row alignfull  root-eb-row-s7b1x\"><div class=\"eb-parent-wrapper eb-parent-eb-row-s7b1x \"><div class=\"eb-row-root-container eb-row-s7b1x\" data-id=\"eb-row-s7b1x\"><div class=\"eb-row-wrapper\"><div class=\"eb-row-inner\">\n<div class=\"wp-block-essential-blocks-column  root-eb-column-ntd7v\"><div class=\"eb-parent-wrapper eb-parent-eb-column-ntd7v \"><div class=\"eb-column-wrapper eb-column-ntd7v\"><div class=\"eb-column-inner\">\n<figure class=\"wp-block-image size-full has-custom-border\"><img loading=\"lazy\" decoding=\"async\" width=\"750\" height=\"750\" src=\"https:\/\/www.toyotomi.eu\/wp-content\/uploads\/2025\/06\/accessories-all-1.jpg\" alt=\"Gama de accesorios de Toyotomi Europe para mejorar cualquier calefactor Toyotomi\" class=\"wp-image-17511\" style=\"border-radius:4px\" srcset=\"https:\/\/www.toyotomi.eu\/wp-content\/uploads\/2025\/06\/accessories-all-1.jpg 750w, https:\/\/www.toyotomi.eu\/wp-content\/uploads\/2025\/06\/accessories-all-1-300x300.jpg 300w, https:\/\/www.toyotomi.eu\/wp-content\/uploads\/2025\/06\/accessories-all-1-150x150.jpg 150w, https:\/\/www.toyotomi.eu\/wp-content\/uploads\/2025\/06\/accessories-all-1-441x441.jpg 441w, https:\/\/www.toyotomi.eu\/wp-content\/uploads\/2025\/06\/accessories-all-1-100x100.jpg 100w\" sizes=\"auto, (max-width: 750px) 100vw, 750px\" \/><\/figure>\n<\/div><\/div><\/div><\/div>\n\n\n\n<div class=\"wp-block-essential-blocks-column  root-eb-column-khnwd\"><div class=\"eb-parent-wrapper eb-parent-eb-column-khnwd \"><div class=\"eb-column-wrapper eb-column-khnwd\"><div class=\"eb-column-inner\">\n<h2 class=\"wp-block-heading has-x-large-font-size\">Accesorios para mejorar su experiencia<\/h2>\n\n\n\n<p class=\"has-black-color has-text-color has-link-color wp-elements-975479081fb794aee76efe8dd36ccaa0\">Complete su confort y comodidad con nuestra gama de <a href=\"https:\/\/www.toyotomi.eu\/es\/categoria\/calefaccion\/accesorios\/\">Accesorios Toyotomi<\/a> originales, dise\u00f1ados espec\u00edficamente para mejorar la seguridad, la movilidad y la facilidad de uso de sus aparatos de calefacci\u00f3n.<\/p>\n\n\n\n<p>Tanto si utiliza calefactores de parafina port\u00e1tiles como no port\u00e1tiles, nuestros accesorios \u2014desde bombas de sif\u00f3n y carros de transporte hasta bolsas protectoras de transporte\u2014 est\u00e1n dise\u00f1ados para un manejo eficiente del combustible, un almacenamiento sencillo y un funcionamiento m\u00e1s limpio.<\/p>\n\n\n\n<p>Cada Accessory est\u00e1 fabricado con la misma precisi\u00f3n y durabilidad japonesa que nuestros productos principales, lo que ayuda a prolongar la vida \u00fatil de su equipo y optimizar el rendimiento d\u00eda tras d\u00eda.<\/p>\n<\/div><\/div><\/div><\/div>\n<\/div><\/div><\/div><\/div><\/div>\n<\/div><\/div><\/div><\/div><\/div>\n\n<div class=\"wp-block-essential-blocks-wrapper alignfull  root-eb-wrapper-hnwfz\"><div class=\"eb-parent-wrapper eb-parent-eb-wrapper-hnwfz \"><div class=\"eb-wrapper-outer eb-wrapper-hnwfz\"><div class=\"eb-wrapper-inner\"><div class=\"eb-wrapper-inner-blocks eb-wrapper-align-center\">\n<div class=\"wp-block-essential-blocks-row alignfull  root-eb-row-33xoa\"><div class=\"eb-parent-wrapper eb-parent-eb-row-33xoa \"><div class=\"eb-row-root-container eb-row-33xoa\" data-id=\"eb-row-33xoa\"><div class=\"eb-row-wrapper\"><div class=\"eb-row-inner\">\n<div class=\"wp-block-essential-blocks-column  root-eb-column-44pql\"><div class=\"eb-parent-wrapper eb-parent-eb-column-44pql \"><div class=\"eb-column-wrapper eb-column-44pql\"><div class=\"eb-column-inner\">\n<h2 class=\"wp-block-heading has-x-large-font-size\">Repuestos originales para un rendimiento duradero<\/h2>\n\n\n\n<p class=\"has-black-color has-text-color has-link-color wp-elements-46c51de89ff703a8aa2b1d7d0b2f4be9\">Para garantizar un rendimiento, una eficiencia y una seguridad continuos, todas las reparaciones realizadas por t\u00e9cnicos de Toyotomi o por socios de servicio autorizados utilizan \u00fanicamente <a href=\"https:\/\/www.toyotomi.eu\/es\/categoria\/calefaccion\/piezas\/\">piezas Toyotomi<\/a> originales, fabricadas internamente para un ajuste perfecto y una fiabilidad a largo plazo.<\/p>\n\n\n\n<p>Nuestro Cat\u00e1logo de Piezas ofrece todo lo que necesita para que sus aparatos funcionen sin problemas, incluidos filtros, mechas, tapones del dep\u00f3sito de combustible y mucho m\u00e1s.<\/p>\n\n\n\n<p>Toyotomi Co., Ltd. garantiza la disponibilidad de todas las piezas cr\u00edticas hasta 10 a\u00f1os despu\u00e9s de la fecha oficial de retirada de un producto, ayud\u00e1ndole a proteger su inversi\u00f3n de cara al futuro.<\/p>\n\n\n\n<h4 class=\"wp-block-heading\"><strong>Mantenimiento<\/strong> que importa<\/h4>\n\n\n\n<p class=\"has-black-color has-text-color has-link-color wp-elements-16c97e28c5caec47cff978767b141f5a\">El <a href=\"https:\/\/www.toyotomi.eu\/es\/cuidado-y-limpieza-de-las-estufas\/\">mantenimiento rutinario<\/a> es clave para mantener su calefactor seguro, limpio y eficiente. Con las piezas adecuadas y un cuidado a tiempo, puede maximizar la vida \u00fatil de su calefactor Toyotomi, garantizando al mismo tiempo una calidad de combustible constante y un funcionamiento fiable. <\/p>\n\n\n\n<div style=\"height:10px\" aria-hidden=\"true\" class=\"wp-block-spacer\"><\/div>\n\n\n\n<figure class=\"wp-block-image alignleft size-full is-resized\"><img loading=\"lazy\" decoding=\"async\" width=\"404\" height=\"145\" src=\"https:\/\/www.toyotomi.eu\/wp-content\/uploads\/2025\/06\/Group-925.png\" alt=\"\" class=\"wp-image-17522\" style=\"width:200px\" srcset=\"https:\/\/www.toyotomi.eu\/wp-content\/uploads\/2025\/06\/Group-925.png 404w, https:\/\/www.toyotomi.eu\/wp-content\/uploads\/2025\/06\/Group-925-300x108.png 300w, https:\/\/www.toyotomi.eu\/wp-content\/uploads\/2025\/06\/Group-925-150x54.png 150w\" sizes=\"auto, (max-width: 404px) 100vw, 404px\" \/><\/figure>\n<\/div><\/div><\/div><\/div>\n\n\n\n<div class=\"wp-block-essential-blocks-column  root-eb-column-a7nhf\"><div class=\"eb-parent-wrapper eb-parent-eb-column-a7nhf \"><div class=\"eb-column-wrapper eb-column-a7nhf\"><div class=\"eb-column-inner\">\n<figure class=\"wp-block-image size-full has-custom-border\"><img loading=\"lazy\" decoding=\"async\" width=\"750\" height=\"750\" src=\"https:\/\/www.toyotomi.eu\/wp-content\/uploads\/2025\/06\/Spare-partss-1.jpg\" alt=\"Gama de piezas de Toyotomi Europe para mantener cualquier calefactor Toyotomi\" class=\"wp-image-20365\" style=\"border-radius:4px\" srcset=\"https:\/\/www.toyotomi.eu\/wp-content\/uploads\/2025\/06\/Spare-partss-1.jpg 750w, https:\/\/www.toyotomi.eu\/wp-content\/uploads\/2025\/06\/Spare-partss-1-300x300.jpg 300w, https:\/\/www.toyotomi.eu\/wp-content\/uploads\/2025\/06\/Spare-partss-1-150x150.jpg 150w, https:\/\/www.toyotomi.eu\/wp-content\/uploads\/2025\/06\/Spare-partss-1-441x441.jpg 441w, https:\/\/www.toyotomi.eu\/wp-content\/uploads\/2025\/06\/Spare-partss-1-100x100.jpg 100w\" sizes=\"auto, (max-width: 750px) 100vw, 750px\" \/><\/figure>\n<\/div><\/div><\/div><\/div>\n<\/div><\/div><\/div><\/div><\/div>\n<\/div><\/div><\/div><\/div><\/div>\n\n<div style=\"height:10px\" aria-hidden=\"true\" class=\"wp-block-spacer\"><\/div>\n\n<div class=\"wp-block-essential-blocks-wrapper alignfull  root-eb-wrapper-mfi89\"><div class=\"eb-parent-wrapper eb-parent-eb-wrapper-mfi89 \"><div class=\"eb-wrapper-outer eb-wrapper-mfi89\"><div class=\"eb-wrapper-inner\"><div class=\"eb-wrapper-inner-blocks eb-wrapper-align-center\">\n<div class=\"wp-block-essential-blocks-row alignfull  root-eb-row-ahqhk\"><div class=\"eb-parent-wrapper eb-parent-eb-row-ahqhk \"><div class=\"eb-row-root-container eb-row-ahqhk\" data-id=\"eb-row-ahqhk\"><div class=\"eb-row-wrapper\"><div class=\"eb-row-inner\">\n<div class=\"wp-block-essential-blocks-column  root-eb-column-lwznr\"><div class=\"eb-parent-wrapper eb-parent-eb-column-lwznr \"><div class=\"eb-column-wrapper eb-column-lwznr\"><div class=\"eb-column-inner\">\n<div class=\"wp-block-essential-blocks-interactive-promo root-eb-interactive-promo-ym70e\"><div class=\"eb-parent-wrapper eb-parent-eb-interactive-promo-ym70e \"><div class=\"eb-interactive-promo-wrapper eb-interactive-promo-ym70e\"><div class=\"eb-interactive-promo-container\" data-effect=\"apollo\"><div class=\"eb-interactive-promo hover-effect\"><figure class=\"effect-apollo\"><img decoding=\"async\" src=\"https:\/\/www.toyotomi.eu\/wp-content\/uploads\/2025\/12\/Downloads-button-ES-3.jpg\" alt=\"Bot\u00f3n de descargas de Toyotomi\"><figcaption><h2 class=\"eb-interactive-promo-header\"><\/h2><p class=\"eb-interactive-promo-content\"><\/p><a href=\"https:\/\/www.toyotomi.eu\/es\/atencion-al-cliente\/descargas\/\" target=\"_self\" rel=\"noopener noreferrer\"><\/a><\/figcaption><\/figure><\/div><\/div><\/div><\/div><\/div>\n<\/div><\/div><\/div><\/div>\n\n\n\n<div class=\"wp-block-essential-blocks-column  root-eb-column-ln7zw\"><div class=\"eb-parent-wrapper eb-parent-eb-column-ln7zw \"><div class=\"eb-column-wrapper eb-column-ln7zw\"><div class=\"eb-column-inner\">\n<div class=\"wp-block-essential-blocks-interactive-promo root-eb-interactive-promo-tw4ug\"><div class=\"eb-parent-wrapper eb-parent-eb-interactive-promo-tw4ug \"><div class=\"eb-interactive-promo-wrapper eb-interactive-promo-tw4ug\"><div class=\"eb-interactive-promo-container\" data-effect=\"apollo\"><div class=\"eb-interactive-promo hover-effect\"><figure class=\"effect-apollo\"><img decoding=\"async\" src=\"https:\/\/www.toyotomi.eu\/wp-content\/uploads\/2025\/12\/FAQ-button-ES-3.jpg\" alt=\"Bot\u00f3n de descargas de Toyotomi\"><figcaption><h2 class=\"eb-interactive-promo-header\"><\/h2><p class=\"eb-interactive-promo-content\"><\/p><a href=\"https:\/\/www.toyotomi.eu\/es\/atencion-al-cliente\/preguntas-frecuentes\/\" target=\"_self\" rel=\"noopener noreferrer\"><\/a><\/figcaption><\/figure><\/div><\/div><\/div><\/div><\/div>\n<\/div><\/div><\/div><\/div>\n\n\n\n<div class=\"wp-block-essential-blocks-column  root-eb-column-fibpt\"><div class=\"eb-parent-wrapper eb-parent-eb-column-fibpt \"><div class=\"eb-column-wrapper eb-column-fibpt\"><div class=\"eb-column-inner\"><\/div><\/div><\/div><\/div>\n\n\n\n<div class=\"wp-block-essential-blocks-column  root-eb-column-5lxl9\"><div class=\"eb-parent-wrapper eb-parent-eb-column-5lxl9 \"><div class=\"eb-column-wrapper eb-column-5lxl9\"><div class=\"eb-column-inner\">\n<div class=\"wp-block-buttons is-horizontal is-content-justification-right is-layout-flex wp-container-core-buttons-is-layout-6de4a2c1 wp-block-buttons-is-layout-flex\" style=\"margin-top:0;margin-bottom:0;padding-top:0;padding-right:0;padding-bottom:0;padding-left:0\">\n<div class=\"wp-block-button hvr-grow\"><a class=\"wp-block-button__link has-white-color has-text-color has-background has-link-color has-text-align-center has-custom-font-size wp-element-button\" href=\"https:\/\/www.toyotomi.eu\/es\/categoria\/calefaccion\/piezas\/\" style=\"border-radius:4px;background-color:#ca0f0f;font-size:clamp(14px, 0.875rem + ((1vw - 3.2px) * 0.46), 18px);\">Descubra nuestras Piezas<\/a><\/div>\n\n\n\n<div class=\"wp-block-button hvr-grow\"><a class=\"wp-block-button__link has-white-color has-text-color has-background has-link-color has-text-align-center has-custom-font-size wp-element-button\" href=\"https:\/\/www.toyotomi.eu\/es\/categoria\/calefaccion\/accesorios\/\" style=\"border-radius:4px;background-color:#ca0f0f;font-size:clamp(14px, 0.875rem + ((1vw - 3.2px) * 0.46), 18px);\">Descubra nuestros Accesorios<\/a><\/div>\n<\/div>\n<\/div><\/div><\/div><\/div>\n<\/div><\/div><\/div><\/div><\/div>\n<\/div><\/div><\/div><\/div><\/div>\n","protected":false},"excerpt":{"rendered":"","protected":false},"author":71,"featured_media":0,"parent":0,"menu_order":0,"comment_status":"closed","ping_status":"closed","template":"template-canvas.php","meta":{"_acf_changed":false,"_eb_attr":"","footnotes":""},"class_list":["post-34391","page","type-page","status-publish","hentry"],"acf":[],"yoast_head":"<!-- This site is optimized with the Yoast SEO plugin v27.4 - https:\/\/yoast.com\/product\/yoast-seo-wordpress\/ -->\n<title>Piezas y Accesorios - Toyotomi<\/title>\n<meta name=\"description\" content=\"Descubra piezas y accesorios originales Toyotomi para garantizar la seguridad, la fiabilidad y un rendimiento duradero de sus aparatos de calefacci\u00f3n.\" \/>\n<meta name=\"robots\" content=\"index, follow, max-snippet:-1, max-image-preview:large, max-video-preview:-1\" \/>\n<link rel=\"canonical\" href=\"https:\/\/www.toyotomi.eu\/es\/spare-parts-y-accessories\/\" \/>\n<meta property=\"og:locale\" content=\"es_ES\" \/>\n<meta property=\"og:type\" content=\"article\" \/>\n<meta property=\"og:title\" content=\"Piezas y Accesorios - Toyotomi\" \/>\n<meta property=\"og:description\" content=\"Descubra piezas y accesorios originales Toyotomi para garantizar la seguridad, la fiabilidad y un rendimiento duradero de sus aparatos de calefacci\u00f3n.\" \/>\n<meta property=\"og:url\" content=\"https:\/\/www.toyotomi.eu\/es\/spare-parts-y-accessories\/\" \/>\n<meta property=\"og:site_name\" content=\"Toyotomi\" \/>\n<meta property=\"article:modified_time\" content=\"2026-04-02T14:54:46+00:00\" \/>\n<meta property=\"og:image\" content=\"https:\/\/www.toyotomi.eu\/wp-content\/uploads\/2025\/12\/Toyotomi-Parts.jpg\" \/>\n\t<meta property=\"og:image:width\" content=\"1024\" \/>\n\t<meta property=\"og:image:height\" content=\"552\" \/>\n\t<meta property=\"og:image:type\" content=\"image\/jpeg\" \/>\n<meta name=\"twitter:card\" content=\"summary_large_image\" \/>\n<meta name=\"twitter:label1\" content=\"Tiempo de lectura\" \/>\n\t<meta name=\"twitter:data1\" content=\"3 minuto\" \/>\n<script type=\"application\/ld+json\" class=\"yoast-schema-graph\">{\"@context\":\"https:\\\/\\\/schema.org\",\"@graph\":[{\"@type\":\"WebPage\",\"@id\":\"https:\\\/\\\/www.toyotomi.eu\\\/es\\\/spare-parts-y-accessories\\\/\",\"url\":\"https:\\\/\\\/www.toyotomi.eu\\\/es\\\/spare-parts-y-accessories\\\/\",\"name\":\"Piezas y Accesorios - Toyotomi\",\"isPartOf\":{\"@id\":\"https:\\\/\\\/www.toyotomi.eu\\\/es\\\/#website\"},\"primaryImageOfPage\":{\"@id\":\"https:\\\/\\\/www.toyotomi.eu\\\/es\\\/spare-parts-y-accessories\\\/#primaryimage\"},\"image\":{\"@id\":\"https:\\\/\\\/www.toyotomi.eu\\\/es\\\/spare-parts-y-accessories\\\/#primaryimage\"},\"thumbnailUrl\":\"https:\\\/\\\/www.toyotomi.eu\\\/wp-content\\\/uploads\\\/2025\\\/12\\\/Toyotomi-Parts.jpg\",\"datePublished\":\"2024-12-31T23:00:00+00:00\",\"dateModified\":\"2026-04-02T14:54:46+00:00\",\"description\":\"Descubra piezas y accesorios originales Toyotomi para garantizar la seguridad, la fiabilidad y un rendimiento duradero de sus aparatos de calefacci\u00f3n.\",\"breadcrumb\":{\"@id\":\"https:\\\/\\\/www.toyotomi.eu\\\/es\\\/spare-parts-y-accessories\\\/#breadcrumb\"},\"inLanguage\":\"es\",\"potentialAction\":[{\"@type\":\"ReadAction\",\"target\":[\"https:\\\/\\\/www.toyotomi.eu\\\/es\\\/spare-parts-y-accessories\\\/\"]}]},{\"@type\":\"ImageObject\",\"inLanguage\":\"es\",\"@id\":\"https:\\\/\\\/www.toyotomi.eu\\\/es\\\/spare-parts-y-accessories\\\/#primaryimage\",\"url\":\"https:\\\/\\\/www.toyotomi.eu\\\/wp-content\\\/uploads\\\/2025\\\/12\\\/Toyotomi-Parts.jpg\",\"contentUrl\":\"https:\\\/\\\/www.toyotomi.eu\\\/wp-content\\\/uploads\\\/2025\\\/12\\\/Toyotomi-Parts.jpg\"},{\"@type\":\"BreadcrumbList\",\"@id\":\"https:\\\/\\\/www.toyotomi.eu\\\/es\\\/spare-parts-y-accessories\\\/#breadcrumb\",\"itemListElement\":[{\"@type\":\"ListItem\",\"position\":1,\"name\":\"Inicio\",\"item\":\"https:\\\/\\\/www.toyotomi.eu\\\/es\\\/\"},{\"@type\":\"ListItem\",\"position\":2,\"name\":\"Piezas y Accesorios\"}]},{\"@type\":\"WebSite\",\"@id\":\"https:\\\/\\\/www.toyotomi.eu\\\/es\\\/#website\",\"url\":\"https:\\\/\\\/www.toyotomi.eu\\\/es\\\/\",\"name\":\"Toyotomi\",\"description\":\"\",\"publisher\":{\"@id\":\"https:\\\/\\\/www.toyotomi.eu\\\/es\\\/#organization\"},\"potentialAction\":[{\"@type\":\"SearchAction\",\"target\":{\"@type\":\"EntryPoint\",\"urlTemplate\":\"https:\\\/\\\/www.toyotomi.eu\\\/es\\\/?s={search_term_string}\"},\"query-input\":{\"@type\":\"PropertyValueSpecification\",\"valueRequired\":true,\"valueName\":\"search_term_string\"}}],\"inLanguage\":\"es\"},{\"@type\":\"Organization\",\"@id\":\"https:\\\/\\\/www.toyotomi.eu\\\/es\\\/#organization\",\"name\":\"Toyotomi Europe Sales B.V.\",\"alternateName\":\"Toyotomi\",\"url\":\"https:\\\/\\\/www.toyotomi.eu\\\/es\\\/\",\"logo\":{\"@type\":\"ImageObject\",\"inLanguage\":\"es\",\"@id\":\"https:\\\/\\\/www.toyotomi.eu\\\/es\\\/#\\\/schema\\\/logo\\\/image\\\/\",\"url\":\"https:\\\/\\\/www.toyotomi.eu\\\/wp-content\\\/uploads\\\/2025\\\/10\\\/logo.png\",\"contentUrl\":\"https:\\\/\\\/www.toyotomi.eu\\\/wp-content\\\/uploads\\\/2025\\\/10\\\/logo.png\",\"width\":1360,\"height\":304,\"caption\":\"Toyotomi Europe Sales B.V.\"},\"image\":{\"@id\":\"https:\\\/\\\/www.toyotomi.eu\\\/es\\\/#\\\/schema\\\/logo\\\/image\\\/\"}}]}<\/script>\n<!-- \/ Yoast SEO plugin. -->","yoast_head_json":{"title":"Piezas y Accesorios - Toyotomi","description":"Descubra piezas y accesorios originales Toyotomi para garantizar la seguridad, la fiabilidad y un rendimiento duradero de sus aparatos de calefacci\u00f3n.","robots":{"index":"index","follow":"follow","max-snippet":"max-snippet:-1","max-image-preview":"max-image-preview:large","max-video-preview":"max-video-preview:-1"},"canonical":"https:\/\/www.toyotomi.eu\/es\/spare-parts-y-accessories\/","og_locale":"es_ES","og_type":"article","og_title":"Piezas y Accesorios - Toyotomi","og_description":"Descubra piezas y accesorios originales Toyotomi para garantizar la seguridad, la fiabilidad y un rendimiento duradero de sus aparatos de calefacci\u00f3n.","og_url":"https:\/\/www.toyotomi.eu\/es\/spare-parts-y-accessories\/","og_site_name":"Toyotomi","article_modified_time":"2026-04-02T14:54:46+00:00","og_image":[{"width":1024,"height":552,"url":"https:\/\/www.toyotomi.eu\/wp-content\/uploads\/2025\/12\/Toyotomi-Parts.jpg","type":"image\/jpeg"}],"twitter_card":"summary_large_image","twitter_misc":{"Tiempo de lectura":"3 minuto"},"schema":{"@context":"https:\/\/schema.org","@graph":[{"@type":"WebPage","@id":"https:\/\/www.toyotomi.eu\/es\/spare-parts-y-accessories\/","url":"https:\/\/www.toyotomi.eu\/es\/spare-parts-y-accessories\/","name":"Piezas y Accesorios - Toyotomi","isPartOf":{"@id":"https:\/\/www.toyotomi.eu\/es\/#website"},"primaryImageOfPage":{"@id":"https:\/\/www.toyotomi.eu\/es\/spare-parts-y-accessories\/#primaryimage"},"image":{"@id":"https:\/\/www.toyotomi.eu\/es\/spare-parts-y-accessories\/#primaryimage"},"thumbnailUrl":"https:\/\/www.toyotomi.eu\/wp-content\/uploads\/2025\/12\/Toyotomi-Parts.jpg","datePublished":"2024-12-31T23:00:00+00:00","dateModified":"2026-04-02T14:54:46+00:00","description":"Descubra piezas y accesorios originales Toyotomi para garantizar la seguridad, la fiabilidad y un rendimiento duradero de sus aparatos de calefacci\u00f3n.","breadcrumb":{"@id":"https:\/\/www.toyotomi.eu\/es\/spare-parts-y-accessories\/#breadcrumb"},"inLanguage":"es","potentialAction":[{"@type":"ReadAction","target":["https:\/\/www.toyotomi.eu\/es\/spare-parts-y-accessories\/"]}]},{"@type":"ImageObject","inLanguage":"es","@id":"https:\/\/www.toyotomi.eu\/es\/spare-parts-y-accessories\/#primaryimage","url":"https:\/\/www.toyotomi.eu\/wp-content\/uploads\/2025\/12\/Toyotomi-Parts.jpg","contentUrl":"https:\/\/www.toyotomi.eu\/wp-content\/uploads\/2025\/12\/Toyotomi-Parts.jpg"},{"@type":"BreadcrumbList","@id":"https:\/\/www.toyotomi.eu\/es\/spare-parts-y-accessories\/#breadcrumb","itemListElement":[{"@type":"ListItem","position":1,"name":"Inicio","item":"https:\/\/www.toyotomi.eu\/es\/"},{"@type":"ListItem","position":2,"name":"Piezas y Accesorios"}]},{"@type":"WebSite","@id":"https:\/\/www.toyotomi.eu\/es\/#website","url":"https:\/\/www.toyotomi.eu\/es\/","name":"Toyotomi","description":"","publisher":{"@id":"https:\/\/www.toyotomi.eu\/es\/#organization"},"potentialAction":[{"@type":"SearchAction","target":{"@type":"EntryPoint","urlTemplate":"https:\/\/www.toyotomi.eu\/es\/?s={search_term_string}"},"query-input":{"@type":"PropertyValueSpecification","valueRequired":true,"valueName":"search_term_string"}}],"inLanguage":"es"},{"@type":"Organization","@id":"https:\/\/www.toyotomi.eu\/es\/#organization","name":"Toyotomi Europe Sales B.V.","alternateName":"Toyotomi","url":"https:\/\/www.toyotomi.eu\/es\/","logo":{"@type":"ImageObject","inLanguage":"es","@id":"https:\/\/www.toyotomi.eu\/es\/#\/schema\/logo\/image\/","url":"https:\/\/www.toyotomi.eu\/wp-content\/uploads\/2025\/10\/logo.png","contentUrl":"https:\/\/www.toyotomi.eu\/wp-content\/uploads\/2025\/10\/logo.png","width":1360,"height":304,"caption":"Toyotomi Europe Sales B.V."},"image":{"@id":"https:\/\/www.toyotomi.eu\/es\/#\/schema\/logo\/image\/"}}]}},"_links":{"self":[{"href":"https:\/\/www.toyotomi.eu\/es\/wp-json\/wp\/v2\/pages\/34391","targetHints":{"allow":["GET"]}}],"collection":[{"href":"https:\/\/www.toyotomi.eu\/es\/wp-json\/wp\/v2\/pages"}],"about":[{"href":"https:\/\/www.toyotomi.eu\/es\/wp-json\/wp\/v2\/types\/page"}],"author":[{"embeddable":true,"href":"https:\/\/www.toyotomi.eu\/es\/wp-json\/wp\/v2\/users\/71"}],"replies":[{"embeddable":true,"href":"https:\/\/www.toyotomi.eu\/es\/wp-json\/wp\/v2\/comments?post=34391"}],"version-history":[{"count":13,"href":"https:\/\/www.toyotomi.eu\/es\/wp-json\/wp\/v2\/pages\/34391\/revisions"}],"predecessor-version":[{"id":62943,"href":"https:\/\/www.toyotomi.eu\/es\/wp-json\/wp\/v2\/pages\/34391\/revisions\/62943"}],"wp:attachment":[{"href":"https:\/\/www.toyotomi.eu\/es\/wp-json\/wp\/v2\/media?parent=34391"}],"curies":[{"name":"wp","href":"https:\/\/api.w.org\/{rel}","templated":true}]}}