{"id":63852,"date":"2025-01-01T02:01:00","date_gmt":"2025-01-01T01:01:00","guid":{"rendered":"https:\/\/www.toyotomi.eu\/product\/toyotomi-plus-10l\/"},"modified":"2026-04-24T17:34:21","modified_gmt":"2026-04-24T15:34:21","slug":"toyotomi-plus-10l","status":"publish","type":"product","link":"https:\/\/www.toyotomi.eu\/de\/produkt\/toyotomi-plus-10l\/","title":{"rendered":"TOYOTOMI PLUS 10L"},"content":{"rendered":"\n<div class=\"wp-block-essential-blocks-wrapper alignfull  root-eb-wrapper-kiu5m\"><div class=\"eb-parent-wrapper eb-parent-eb-wrapper-kiu5m \"><div class=\"eb-wrapper-outer eb-wrapper-kiu5m\"><div class=\"eb-wrapper-inner\"><div class=\"eb-wrapper-inner-blocks eb-wrapper-align-center\">\n<div class=\"wp-block-essential-blocks-row alignfull  root-eb-row-vp5zx\"><div class=\"eb-parent-wrapper eb-parent-eb-row-vp5zx \"><div class=\"eb-row-root-container eb-row-vp5zx\" data-id=\"eb-row-vp5zx\"><div class=\"eb-row-wrapper\"><div class=\"eb-row-inner\">\n<div class=\"wp-block-essential-blocks-column  root-eb-column-wbb44\"><div class=\"eb-parent-wrapper eb-parent-eb-column-wbb44 \"><div class=\"eb-column-wrapper eb-column-wbb44\"><div class=\"eb-column-inner\">\n<h2 class=\"wp-block-heading has-text-align-left\"><strong>Toyotomi PLUS<\/strong><\/h2>\n\n\n\n<p>Der Toyotomi PLUS Kraftstoff unterscheidet sich von vergleichbaren Kraftstoffen durch folgende Eigenschaften:<\/p>\n\n\n\n<ul class=\"wp-block-list\">\n<li>Die spezielle \u201ereine\u201c Formel, dank des geringen Gehalts an Aromaten (0,007 %): reduziert die Geruchsbildung beim Ein- und Ausschalten.<\/li>\n\n\n\n<li>Der Heizwert von \u00fcber 11.400 kcal pro kg garantiert eine hohe Ausbeute zusammen mit einer Flammenstabilit\u00e4t und dem Fehlen unverbrannter Materialien.<\/li>\n\n\n\n<li>Der Gehalt an nichtfl\u00fcchtigen Stoffen von nur 0,0000006 % eliminiert die Nachverbrennungsr\u00fcckst\u00e4nde, h\u00e4lt den Brenner sauber und macht Wartungsarbeiten \u00fcberfl\u00fcssig.<\/li>\n\n\n\n<li>Toyotomi-Kanister werden aus PET hergestellt, einem zu 100 % recycelbaren und wiederverwendbaren Material. Wenn es zur\u00fcckgewonnen wird, kann es vielen neuen Objekten Leben einhauchen und gleichzeitig die Qualit\u00e4t und Reinheit der Verbindung gew\u00e4hrleisten. <\/li>\n\n\n\n<li>Empfohlen von Toyotomi, dem weltweit f\u00fchrenden Hersteller von Brennstoffheizungen seit \u00fcber 75 Jahren.<\/li>\n\n\n\n<li>Sammeln Sie Treuepunkte und erfahren Sie, wie Sie die Garantie Ihres von den Toyotomi-Marken \u201aToyotomi\u2018 und \u201aZibro\u2018 hergestellten Heizger\u00e4ts verl\u00e4ngern k\u00f6nnen.<\/li>\n<\/ul>\n<\/div><\/div><\/div><\/div>\n<\/div><\/div><\/div><\/div><\/div>\n<\/div><\/div><\/div><\/div><\/div>\n","protected":false},"excerpt":{"rendered":"<p>Toyotomi PLUS ist ein \u201ereiner\u201c Brennstoff, der Ihnen zu einem unschlagbaren Preis in Kombination mit optimaler Leistung angeboten wird. Dank eines geringen Gehalts an Aromaten wird die Geruchsbildung beim Z\u00fcnden und Ausschalten reduziert; zudem garantiert der Brennstoff dank eines Heizwerts von \u00fcber 11.400 Kcal\/kg eine hohe Ergiebigkeit. <\/p>\n<p><strong>Art.-Nr.:<\/strong> PLUS 10 LITER<\/p>\n","protected":false},"featured_media":62509,"template":"","meta":{"_acf_changed":false,"_eb_attr":""},"product_brand":[],"product_cat":[5942],"product_tag":[],"class_list":{"0":"post-63852","1":"product","2":"type-product","3":"status-publish","4":"has-post-thumbnail","6":"product_cat-brennstoff","8":"first","9":"instock","10":"taxable","11":"shipping-taxable","12":"product-type-simple"},"acf":[],"yoast_head":"<!-- This site is optimized with the Yoast SEO plugin v27.5 - https:\/\/yoast.com\/product\/yoast-seo-wordpress\/ -->\n<title>TOYOTOMI PLUS 10L - Toyotomi<\/title>\n<meta name=\"robots\" content=\"index, follow, max-snippet:-1, max-image-preview:large, max-video-preview:-1\" \/>\n<link rel=\"canonical\" href=\"https:\/\/www.toyotomi.eu\/de\/produkt\/toyotomi-plus-10l\/\" \/>\n<meta property=\"og:locale\" content=\"de_DE\" \/>\n<meta property=\"og:type\" content=\"article\" \/>\n<meta property=\"og:title\" content=\"TOYOTOMI PLUS 10L - Toyotomi\" \/>\n<meta property=\"og:description\" content=\"Toyotomi PLUS ist ein \u201ereiner\u201c Brennstoff, der Ihnen zu einem unschlagbaren Preis in Kombination mit optimaler Leistung angeboten wird. Dank eines geringen Gehalts an Aromaten wird die Geruchsbildung beim Z\u00fcnden und Ausschalten reduziert; zudem garantiert der Brennstoff dank eines Heizwerts von \u00fcber 11.400 Kcal\/kg eine hohe Ergiebigkeit.  Art.-Nr.: PLUS 10 LITER\" \/>\n<meta property=\"og:url\" content=\"https:\/\/www.toyotomi.eu\/de\/produkt\/toyotomi-plus-10l\/\" \/>\n<meta property=\"og:site_name\" content=\"Toyotomi\" \/>\n<meta property=\"article:modified_time\" content=\"2026-04-24T15:34:21+00:00\" \/>\n<meta property=\"og:image\" content=\"https:\/\/www.toyotomi.eu\/wp-content\/uploads\/2026\/04\/PIC_TOYOTOMI-PLUS-10L_2560x2560-768x768.png\" \/>\n\t<meta property=\"og:image:width\" content=\"768\" \/>\n\t<meta property=\"og:image:height\" content=\"768\" \/>\n\t<meta property=\"og:image:type\" content=\"image\/png\" \/>\n<meta name=\"twitter:card\" content=\"summary_large_image\" \/>\n<script type=\"application\/ld+json\" class=\"yoast-schema-graph\">{\"@context\":\"https:\\\/\\\/schema.org\",\"@graph\":[{\"@type\":\"WebPage\",\"@id\":\"https:\\\/\\\/www.toyotomi.eu\\\/de\\\/produkt\\\/toyotomi-plus-10l\\\/\",\"url\":\"https:\\\/\\\/www.toyotomi.eu\\\/de\\\/produkt\\\/toyotomi-plus-10l\\\/\",\"name\":\"TOYOTOMI PLUS 10L - Toyotomi\",\"isPartOf\":{\"@id\":\"https:\\\/\\\/www.toyotomi.eu\\\/de\\\/#website\"},\"primaryImageOfPage\":{\"@id\":\"https:\\\/\\\/www.toyotomi.eu\\\/de\\\/produkt\\\/toyotomi-plus-10l\\\/#primaryimage\"},\"image\":{\"@id\":\"https:\\\/\\\/www.toyotomi.eu\\\/de\\\/produkt\\\/toyotomi-plus-10l\\\/#primaryimage\"},\"thumbnailUrl\":\"https:\\\/\\\/www.toyotomi.eu\\\/wp-content\\\/uploads\\\/2026\\\/04\\\/PIC_TOYOTOMI-PLUS-10L_2560x2560.png\",\"datePublished\":\"2025-01-01T01:01:00+00:00\",\"dateModified\":\"2026-04-24T15:34:21+00:00\",\"breadcrumb\":{\"@id\":\"https:\\\/\\\/www.toyotomi.eu\\\/de\\\/produkt\\\/toyotomi-plus-10l\\\/#breadcrumb\"},\"inLanguage\":\"de\",\"potentialAction\":[{\"@type\":\"ReadAction\",\"target\":[\"https:\\\/\\\/www.toyotomi.eu\\\/de\\\/produkt\\\/toyotomi-plus-10l\\\/\"]}]},{\"@type\":\"ImageObject\",\"inLanguage\":\"de\",\"@id\":\"https:\\\/\\\/www.toyotomi.eu\\\/de\\\/produkt\\\/toyotomi-plus-10l\\\/#primaryimage\",\"url\":\"https:\\\/\\\/www.toyotomi.eu\\\/wp-content\\\/uploads\\\/2026\\\/04\\\/PIC_TOYOTOMI-PLUS-10L_2560x2560.png\",\"contentUrl\":\"https:\\\/\\\/www.toyotomi.eu\\\/wp-content\\\/uploads\\\/2026\\\/04\\\/PIC_TOYOTOMI-PLUS-10L_2560x2560.png\",\"width\":2560,\"height\":2560,\"caption\":\"10-Liter roter Toyotomi Plus Brennstoffkanister, entwickelt f\u00fcr tragbare \u00d6fen und Parafin\u00f6fen verschiedener Marken.\"},{\"@type\":\"BreadcrumbList\",\"@id\":\"https:\\\/\\\/www.toyotomi.eu\\\/de\\\/produkt\\\/toyotomi-plus-10l\\\/#breadcrumb\",\"itemListElement\":[{\"@type\":\"ListItem\",\"position\":1,\"name\":\"Startseite\",\"item\":\"https:\\\/\\\/www.toyotomi.eu\\\/de\\\/\"},{\"@type\":\"ListItem\",\"position\":2,\"name\":\"Alle Produkte\",\"item\":\"https:\\\/\\\/www.toyotomi.eu\\\/de\\\/alle-produkte\\\/\"},{\"@type\":\"ListItem\",\"position\":3,\"name\":\"TOYOTOMI PLUS 10L\"}]},{\"@type\":\"WebSite\",\"@id\":\"https:\\\/\\\/www.toyotomi.eu\\\/de\\\/#website\",\"url\":\"https:\\\/\\\/www.toyotomi.eu\\\/de\\\/\",\"name\":\"Toyotomi\",\"description\":\"\",\"publisher\":{\"@id\":\"https:\\\/\\\/www.toyotomi.eu\\\/de\\\/#organization\"},\"potentialAction\":[{\"@type\":\"SearchAction\",\"target\":{\"@type\":\"EntryPoint\",\"urlTemplate\":\"https:\\\/\\\/www.toyotomi.eu\\\/de\\\/?s={search_term_string}\"},\"query-input\":{\"@type\":\"PropertyValueSpecification\",\"valueRequired\":true,\"valueName\":\"search_term_string\"}}],\"inLanguage\":\"de\"},{\"@type\":\"Organization\",\"@id\":\"https:\\\/\\\/www.toyotomi.eu\\\/de\\\/#organization\",\"name\":\"Toyotomi Europe Sales B.V.\",\"alternateName\":\"Toyotomi\",\"url\":\"https:\\\/\\\/www.toyotomi.eu\\\/de\\\/\",\"logo\":{\"@type\":\"ImageObject\",\"inLanguage\":\"de\",\"@id\":\"https:\\\/\\\/www.toyotomi.eu\\\/de\\\/#\\\/schema\\\/logo\\\/image\\\/\",\"url\":\"https:\\\/\\\/www.toyotomi.eu\\\/wp-content\\\/uploads\\\/2025\\\/10\\\/logo.png\",\"contentUrl\":\"https:\\\/\\\/www.toyotomi.eu\\\/wp-content\\\/uploads\\\/2025\\\/10\\\/logo.png\",\"width\":1360,\"height\":304,\"caption\":\"Toyotomi Europe Sales B.V.\"},\"image\":{\"@id\":\"https:\\\/\\\/www.toyotomi.eu\\\/de\\\/#\\\/schema\\\/logo\\\/image\\\/\"}}]}<\/script>\n<!-- \/ Yoast SEO plugin. -->","yoast_head_json":{"title":"TOYOTOMI PLUS 10L - Toyotomi","robots":{"index":"index","follow":"follow","max-snippet":"max-snippet:-1","max-image-preview":"max-image-preview:large","max-video-preview":"max-video-preview:-1"},"canonical":"https:\/\/www.toyotomi.eu\/de\/produkt\/toyotomi-plus-10l\/","og_locale":"de_DE","og_type":"article","og_title":"TOYOTOMI PLUS 10L - Toyotomi","og_description":"Toyotomi PLUS ist ein \u201ereiner\u201c Brennstoff, der Ihnen zu einem unschlagbaren Preis in Kombination mit optimaler Leistung angeboten wird. Dank eines geringen Gehalts an Aromaten wird die Geruchsbildung beim Z\u00fcnden und Ausschalten reduziert; zudem garantiert der Brennstoff dank eines Heizwerts von \u00fcber 11.400 Kcal\/kg eine hohe Ergiebigkeit.  Art.-Nr.: PLUS 10 LITER","og_url":"https:\/\/www.toyotomi.eu\/de\/produkt\/toyotomi-plus-10l\/","og_site_name":"Toyotomi","article_modified_time":"2026-04-24T15:34:21+00:00","og_image":[{"width":768,"height":768,"url":"https:\/\/www.toyotomi.eu\/wp-content\/uploads\/2026\/04\/PIC_TOYOTOMI-PLUS-10L_2560x2560-768x768.png","type":"image\/png"}],"twitter_card":"summary_large_image","schema":{"@context":"https:\/\/schema.org","@graph":[{"@type":"WebPage","@id":"https:\/\/www.toyotomi.eu\/de\/produkt\/toyotomi-plus-10l\/","url":"https:\/\/www.toyotomi.eu\/de\/produkt\/toyotomi-plus-10l\/","name":"TOYOTOMI PLUS 10L - Toyotomi","isPartOf":{"@id":"https:\/\/www.toyotomi.eu\/de\/#website"},"primaryImageOfPage":{"@id":"https:\/\/www.toyotomi.eu\/de\/produkt\/toyotomi-plus-10l\/#primaryimage"},"image":{"@id":"https:\/\/www.toyotomi.eu\/de\/produkt\/toyotomi-plus-10l\/#primaryimage"},"thumbnailUrl":"https:\/\/www.toyotomi.eu\/wp-content\/uploads\/2026\/04\/PIC_TOYOTOMI-PLUS-10L_2560x2560.png","datePublished":"2025-01-01T01:01:00+00:00","dateModified":"2026-04-24T15:34:21+00:00","breadcrumb":{"@id":"https:\/\/www.toyotomi.eu\/de\/produkt\/toyotomi-plus-10l\/#breadcrumb"},"inLanguage":"de","potentialAction":[{"@type":"ReadAction","target":["https:\/\/www.toyotomi.eu\/de\/produkt\/toyotomi-plus-10l\/"]}]},{"@type":"ImageObject","inLanguage":"de","@id":"https:\/\/www.toyotomi.eu\/de\/produkt\/toyotomi-plus-10l\/#primaryimage","url":"https:\/\/www.toyotomi.eu\/wp-content\/uploads\/2026\/04\/PIC_TOYOTOMI-PLUS-10L_2560x2560.png","contentUrl":"https:\/\/www.toyotomi.eu\/wp-content\/uploads\/2026\/04\/PIC_TOYOTOMI-PLUS-10L_2560x2560.png","width":2560,"height":2560,"caption":"10-Liter roter Toyotomi Plus Brennstoffkanister, entwickelt f\u00fcr tragbare \u00d6fen und Parafin\u00f6fen verschiedener Marken."},{"@type":"BreadcrumbList","@id":"https:\/\/www.toyotomi.eu\/de\/produkt\/toyotomi-plus-10l\/#breadcrumb","itemListElement":[{"@type":"ListItem","position":1,"name":"Startseite","item":"https:\/\/www.toyotomi.eu\/de\/"},{"@type":"ListItem","position":2,"name":"Alle Produkte","item":"https:\/\/www.toyotomi.eu\/de\/alle-produkte\/"},{"@type":"ListItem","position":3,"name":"TOYOTOMI PLUS 10L"}]},{"@type":"WebSite","@id":"https:\/\/www.toyotomi.eu\/de\/#website","url":"https:\/\/www.toyotomi.eu\/de\/","name":"Toyotomi","description":"","publisher":{"@id":"https:\/\/www.toyotomi.eu\/de\/#organization"},"potentialAction":[{"@type":"SearchAction","target":{"@type":"EntryPoint","urlTemplate":"https:\/\/www.toyotomi.eu\/de\/?s={search_term_string}"},"query-input":{"@type":"PropertyValueSpecification","valueRequired":true,"valueName":"search_term_string"}}],"inLanguage":"de"},{"@type":"Organization","@id":"https:\/\/www.toyotomi.eu\/de\/#organization","name":"Toyotomi Europe Sales B.V.","alternateName":"Toyotomi","url":"https:\/\/www.toyotomi.eu\/de\/","logo":{"@type":"ImageObject","inLanguage":"de","@id":"https:\/\/www.toyotomi.eu\/de\/#\/schema\/logo\/image\/","url":"https:\/\/www.toyotomi.eu\/wp-content\/uploads\/2025\/10\/logo.png","contentUrl":"https:\/\/www.toyotomi.eu\/wp-content\/uploads\/2025\/10\/logo.png","width":1360,"height":304,"caption":"Toyotomi Europe Sales B.V."},"image":{"@id":"https:\/\/www.toyotomi.eu\/de\/#\/schema\/logo\/image\/"}}]}},"_links":{"self":[{"href":"https:\/\/www.toyotomi.eu\/de\/wp-json\/wp\/v2\/product\/63852","targetHints":{"allow":["GET"]}}],"collection":[{"href":"https:\/\/www.toyotomi.eu\/de\/wp-json\/wp\/v2\/product"}],"about":[{"href":"https:\/\/www.toyotomi.eu\/de\/wp-json\/wp\/v2\/types\/product"}],"wp:featuredmedia":[{"embeddable":true,"href":"https:\/\/www.toyotomi.eu\/de\/wp-json\/wp\/v2\/media\/62509"}],"wp:attachment":[{"href":"https:\/\/www.toyotomi.eu\/de\/wp-json\/wp\/v2\/media?parent=63852"}],"wp:term":[{"taxonomy":"product_brand","embeddable":true,"href":"https:\/\/www.toyotomi.eu\/de\/wp-json\/wp\/v2\/product_brand?post=63852"},{"taxonomy":"product_cat","embeddable":true,"href":"https:\/\/www.toyotomi.eu\/de\/wp-json\/wp\/v2\/product_cat?post=63852"},{"taxonomy":"product_tag","embeddable":true,"href":"https:\/\/www.toyotomi.eu\/de\/wp-json\/wp\/v2\/product_tag?post=63852"}],"curies":[{"name":"wp","href":"https:\/\/api.w.org\/{rel}","templated":true}]}}