{"id":46399,"date":"2025-01-01T02:01:00","date_gmt":"2025-01-01T01:01:00","guid":{"rendered":"https:\/\/www.toyotomi.eu\/product\/toyotomi-k-30f\/"},"modified":"2026-01-20T08:51:18","modified_gmt":"2026-01-20T07:51:18","slug":"toyotomi-k-30f","status":"publish","type":"product","link":"https:\/\/www.toyotomi.eu\/de\/produkt\/toyotomi-k-30f\/","title":{"rendered":"Toyotomi K-30F"},"content":{"rendered":"\n<div class=\"wp-block-essential-blocks-wrapper alignfull  root-eb-wrapper-33au2\"><div class=\"eb-parent-wrapper eb-parent-eb-wrapper-33au2 \"><div class=\"eb-wrapper-outer eb-wrapper-33au2\"><div class=\"eb-wrapper-inner\"><div class=\"eb-wrapper-inner-blocks eb-wrapper-align-center\">\n<div class=\"wp-block-essential-blocks-row alignfull  root-eb-row-rm3tv\"><div class=\"eb-parent-wrapper eb-parent-eb-row-rm3tv \"><div class=\"eb-row-root-container eb-row-rm3tv\" data-id=\"eb-row-rm3tv\"><div class=\"eb-row-wrapper\"><div class=\"eb-row-inner\">\n<div class=\"wp-block-essential-blocks-column  root-eb-column-4jc87\"><div class=\"eb-parent-wrapper eb-parent-eb-column-4jc87 \"><div class=\"eb-column-wrapper eb-column-4jc87\"><div class=\"eb-column-inner\">\n<h2 class=\"wp-block-heading has-text-align-center has-x-large-font-size\">Alles, was vorbereitet werden muss<\/h2>\n\n\n\n<p class=\"has-text-align-center\">Ob es sich um einen pl\u00f6tzlichen Stromausfall, extremes Wetter oder einen abgelegenen Ausflug im Freien handelt, der K-30F bietet Ihnen eine zuverl\u00e4ssige W\u00e4rmequelle und eine sichere, effiziente M\u00f6glichkeit zum Kochen. Dank seines kompakten Designs l\u00e4sst er sich leicht verstauen und schnell einsetzen, wenn Sie Komfort und Nahrung am meisten ben\u00f6tigen. <\/p>\n<\/div><\/div><\/div><\/div>\n<\/div><\/div><\/div><\/div><\/div>\n<\/div><\/div><\/div><\/div><\/div>\n\n<div class=\"wp-block-cover is-light\" style=\"border-radius:10px;min-height:600px;aspect-ratio:unset;\"><img decoding=\"async\" class=\"wp-block-cover__image-background wp-image-31594 size-full\" alt=\"\" src=\"https:\/\/toyotomi-store.testlocatie.net\/wp-content\/uploads\/2025\/11\/DSC02740-scaled.jpg\" data-object-fit=\"cover\"\/><span aria-hidden=\"true\" class=\"wp-block-cover__background has-background-dim-0 has-background-dim\" style=\"background-color:#948a87\"><\/span><div class=\"wp-block-cover__inner-container has-global-padding is-layout-constrained wp-block-cover-is-layout-constrained\">\n<p class=\"has-text-align-center has-large-font-size\"><\/p>\n<\/div><\/div>\n\n<div style=\"height:80px\" aria-hidden=\"true\" class=\"wp-block-spacer\"><\/div>\n\n<div class=\"wp-block-essential-blocks-wrapper alignfull  root-eb-wrapper-du7ni\"><div class=\"eb-parent-wrapper eb-parent-eb-wrapper-du7ni \"><div class=\"eb-wrapper-outer eb-wrapper-du7ni\"><div class=\"eb-wrapper-inner\"><div class=\"eb-wrapper-inner-blocks eb-wrapper-align-center\">\n<div class=\"wp-block-essential-blocks-row alignfull  root-eb-row-exarm\"><div class=\"eb-parent-wrapper eb-parent-eb-row-exarm \"><div class=\"eb-row-root-container eb-row-exarm\" data-id=\"eb-row-exarm\"><div class=\"eb-row-wrapper\"><div class=\"eb-row-inner\">\n<div class=\"wp-block-essential-blocks-column  root-eb-column-degss\"><div class=\"eb-parent-wrapper eb-parent-eb-column-degss \"><div class=\"eb-column-wrapper eb-column-degss\"><div class=\"eb-column-inner\">\n<h2 class=\"wp-block-heading has-text-align-center has-x-large-font-size\">Heizung & Kochen<\/h2>\n\n\n\n<p class=\"has-text-align-center\">Der K-30F-Ofen ist die perfekte All-in-One-L\u00f6sung zum Kochen und Warmhalten. Ob Sie zu Hause oder beim Camping mit einem Notfall zu tun haben, er bietet Ihnen eine zuverl\u00e4ssige M\u00f6glichkeit, Mahlzeiten zuzubereiten und als tragbare Petroleumheizung verwendet zu werden. Kompakt und einfach zu bedienen, sorgt er f\u00fcr Komfort, wenn es darauf ankommt.  <\/p>\n<\/div><\/div><\/div><\/div>\n<\/div><\/div><\/div><\/div><\/div>\n<\/div><\/div><\/div><\/div><\/div>\n\n<div class=\"wp-block-essential-blocks-wrapper alignfull  root-eb-wrapper-kyccx\"><div class=\"eb-parent-wrapper eb-parent-eb-wrapper-kyccx \"><div class=\"eb-wrapper-outer eb-wrapper-kyccx\"><div class=\"eb-wrapper-inner\"><div class=\"eb-wrapper-inner-blocks eb-wrapper-align-center\">\n<div class=\"wp-block-essential-blocks-row alignfull  root-eb-row-1vzcw\"><div class=\"eb-parent-wrapper eb-parent-eb-row-1vzcw \"><div class=\"eb-row-root-container eb-row-1vzcw\" data-id=\"eb-row-1vzcw\"><div class=\"eb-row-wrapper\"><div class=\"eb-row-inner\">\n<div class=\"wp-block-essential-blocks-column  root-eb-column-ysdzu\"><div class=\"eb-parent-wrapper eb-parent-eb-column-ysdzu \"><div class=\"eb-column-wrapper eb-column-ysdzu\"><div class=\"eb-column-inner\">\n<div class=\"wp-block-cover\" style=\"border-radius:10px;min-height:600px;aspect-ratio:unset;\"><img decoding=\"async\" class=\"wp-block-cover__image-background wp-image-31828 size-full\" alt=\"\" src=\"https:\/\/toyotomi-store.testlocatie.net\/wp-content\/uploads\/2025\/01\/Toyotomi-Europe-K-30F-heating-2.jpg\" data-object-fit=\"cover\"\/><span aria-hidden=\"true\" class=\"wp-block-cover__background has-black-background-color has-background-dim-10 has-background-dim\"><\/span><div class=\"wp-block-cover__inner-container has-global-padding is-layout-constrained wp-block-cover-is-layout-constrained\">\n<p class=\"has-text-align-center has-large-font-size\"><\/p>\n<\/div><\/div>\n<\/div><\/div><\/div><\/div>\n\n\n\n<div class=\"wp-block-essential-blocks-column  root-eb-column-7hezj\"><div class=\"eb-parent-wrapper eb-parent-eb-column-7hezj \"><div class=\"eb-column-wrapper eb-column-7hezj\"><div class=\"eb-column-inner\">\n<div class=\"wp-block-cover\" style=\"border-radius:10px;min-height:600px;aspect-ratio:unset;\"><img decoding=\"async\" class=\"wp-block-cover__image-background wp-image-31827 size-full\" alt=\"\" src=\"https:\/\/toyotomi-store.testlocatie.net\/wp-content\/uploads\/2025\/01\/Toyotomi-Europe-K-30F-cooking-1.jpg\" data-object-fit=\"cover\"\/><span aria-hidden=\"true\" class=\"wp-block-cover__background has-black-background-color has-background-dim-0 has-background-dim\"><\/span><div class=\"wp-block-cover__inner-container has-global-padding is-layout-constrained wp-block-cover-is-layout-constrained\">\n<p class=\"has-text-align-center has-large-font-size\"><\/p>\n<\/div><\/div>\n<\/div><\/div><\/div><\/div>\n<\/div><\/div><\/div><\/div><\/div>\n<\/div><\/div><\/div><\/div><\/div>\n\n<div style=\"height:80px\" aria-hidden=\"true\" class=\"wp-block-spacer\"><\/div>\n\n<div class=\"wp-block-essential-blocks-wrapper alignfull  root-eb-wrapper-8eqic\"><div class=\"eb-parent-wrapper eb-parent-eb-wrapper-8eqic \"><div class=\"eb-wrapper-outer eb-wrapper-8eqic\"><div class=\"eb-wrapper-inner\"><div class=\"eb-wrapper-inner-blocks eb-wrapper-align-center\">\n<div class=\"wp-block-essential-blocks-row alignfull  root-eb-row-69nlq\"><div class=\"eb-parent-wrapper eb-parent-eb-row-69nlq \"><div class=\"eb-row-root-container eb-row-69nlq\" data-id=\"eb-row-69nlq\"><div class=\"eb-row-wrapper\"><div class=\"eb-row-inner\">\n<div class=\"wp-block-essential-blocks-column  root-eb-column-4o7fv\"><div class=\"eb-parent-wrapper eb-parent-eb-column-4o7fv \"><div class=\"eb-column-wrapper eb-column-4o7fv\"><div class=\"eb-column-inner\">\n<h2 class=\"wp-block-heading has-text-align-center has-x-large-font-size\">Kompakt und effizient <\/h2>\n\n\n\n<p class=\"has-text-align-center\">Der K-30F-Kochherd ist ideal f\u00fcr die Notfallvorsorge und den Einsatz im Freien und bietet ein kompaktes, aber leistungsstarkes Design. Sein integrierter Kraftstoffmesser und das raffinierte, einfach zu bedienende Design gew\u00e4hrleisten eine zuverl\u00e4ssige Leistung ohne \u00c4rger oder Sorgen. <\/p>\n<\/div><\/div><\/div><\/div>\n<\/div><\/div><\/div><\/div><\/div>\n<\/div><\/div><\/div><\/div><\/div>\n\n<div class=\"wp-block-essential-blocks-wrapper alignfull  root-eb-wrapper-ook12\"><div class=\"eb-parent-wrapper eb-parent-eb-wrapper-ook12 \"><div class=\"eb-wrapper-outer eb-wrapper-ook12\"><div class=\"eb-wrapper-inner\"><div class=\"eb-wrapper-inner-blocks eb-wrapper-align-center\">\n<div class=\"wp-block-essential-blocks-row alignfull  root-eb-row-s8ta8\"><div class=\"eb-parent-wrapper eb-parent-eb-row-s8ta8 \"><div class=\"eb-row-root-container eb-row-s8ta8\" data-id=\"eb-row-s8ta8\"><div class=\"eb-row-wrapper\"><div class=\"eb-row-inner\">\n<div class=\"wp-block-essential-blocks-column  root-eb-column-p0pvi\"><div class=\"eb-parent-wrapper eb-parent-eb-column-p0pvi \"><div class=\"eb-column-wrapper eb-column-p0pvi\"><div class=\"eb-column-inner\">\n<div class=\"wp-block-cover is-light\" style=\"border-radius:10px;min-height:600px;aspect-ratio:unset;\"><img decoding=\"async\" class=\"wp-block-cover__image-background wp-image-31611 size-full\" alt=\"\" src=\"https:\/\/toyotomi-store.testlocatie.net\/wp-content\/uploads\/2025\/01\/DSC02726-scaled.jpg\" data-object-fit=\"cover\"\/><span aria-hidden=\"true\" class=\"wp-block-cover__background has-black-background-color has-background-dim-0 has-background-dim\"><\/span><div class=\"wp-block-cover__inner-container has-global-padding is-layout-constrained wp-block-cover-is-layout-constrained\">\n<p class=\"has-text-align-center has-large-font-size\"><\/p>\n<\/div><\/div>\n<\/div><\/div><\/div><\/div>\n\n\n\n<div class=\"wp-block-essential-blocks-column  root-eb-column-airio\"><div class=\"eb-parent-wrapper eb-parent-eb-column-airio \"><div class=\"eb-column-wrapper eb-column-airio\"><div class=\"eb-column-inner\">\n<div class=\"wp-block-cover is-light\" style=\"border-radius:10px;min-height:600px;aspect-ratio:unset;\"><img decoding=\"async\" class=\"wp-block-cover__image-background wp-image-31612 size-full\" alt=\"\" src=\"https:\/\/toyotomi-store.testlocatie.net\/wp-content\/uploads\/2025\/01\/DSC02727-scaled.jpg\" data-object-fit=\"cover\"\/><span aria-hidden=\"true\" class=\"wp-block-cover__background has-black-background-color has-background-dim-10 has-background-dim\"><\/span><div class=\"wp-block-cover__inner-container has-global-padding is-layout-constrained wp-block-cover-is-layout-constrained\">\n<p class=\"has-text-align-center has-large-font-size\"><\/p>\n<\/div><\/div>\n<\/div><\/div><\/div><\/div>\n<\/div><\/div><\/div><\/div><\/div>\n<\/div><\/div><\/div><\/div><\/div>\n","protected":false},"excerpt":{"rendered":"<p>Der Toyotomi K-30F Kochofen verf\u00fcgt \u00fcber einen einzelnen Brenner mit einer Heizleistung von 2,25 kW und bietet saubere, effiziente und sparsame W\u00e4rme ohne Installation. Der Kochofen kann zum Kochen auf Reisen verwendet werden, wo kleines, konventionelles und zuverl\u00e4ssiges Kochen erforderlich ist. Er verf\u00fcgt \u00fcber mehrere Funktionen, darunter einen robusten Glasfaserdocht, einen doppelwandigen Tank und eine Tankanzeige.  <\/p>\n<p><strong>Artikelnummer:<\/strong> K-30F<br \/>\n<strong>EAN:<\/strong> 4963505704049<\/p>\n","protected":false},"featured_media":57673,"template":"","meta":{"_acf_changed":false,"_eb_attr":""},"product_brand":[],"product_cat":[5950],"product_tag":[],"class_list":{"0":"post-46399","1":"product","2":"type-product","3":"status-publish","4":"has-post-thumbnail","6":"product_cat-ausenofen","8":"first","9":"instock","10":"taxable","11":"shipping-taxable","12":"product-type-simple"},"acf":[],"yoast_head":"<!-- This site is optimized with the Yoast SEO plugin v27.5 - https:\/\/yoast.com\/product\/yoast-seo-wordpress\/ -->\n<title>Toyotomi K-30F - Toyotomi<\/title>\n<meta name=\"robots\" content=\"index, follow, max-snippet:-1, max-image-preview:large, max-video-preview:-1\" \/>\n<link rel=\"canonical\" href=\"https:\/\/www.toyotomi.eu\/de\/produkt\/toyotomi-k-30f\/\" \/>\n<meta property=\"og:locale\" content=\"de_DE\" \/>\n<meta property=\"og:type\" content=\"article\" \/>\n<meta property=\"og:title\" content=\"Toyotomi K-30F - Toyotomi\" \/>\n<meta property=\"og:description\" content=\"Der Toyotomi K-30F Kochofen verf\u00fcgt \u00fcber einen einzelnen Brenner mit einer Heizleistung von 2,25 kW und bietet saubere, effiziente und sparsame W\u00e4rme ohne Installation. Der Kochofen kann zum Kochen auf Reisen verwendet werden, wo kleines, konventionelles und zuverl\u00e4ssiges Kochen erforderlich ist. Er verf\u00fcgt \u00fcber mehrere Funktionen, darunter einen robusten Glasfaserdocht, einen doppelwandigen Tank und eine Tankanzeige.  Artikelnummer: K-30F EAN: 4963505704049\" \/>\n<meta property=\"og:url\" content=\"https:\/\/www.toyotomi.eu\/de\/produkt\/toyotomi-k-30f\/\" \/>\n<meta property=\"og:site_name\" content=\"Toyotomi\" \/>\n<meta property=\"article:modified_time\" content=\"2026-01-20T07:51:18+00:00\" \/>\n<meta property=\"og:image\" content=\"https:\/\/www.toyotomi.eu\/wp-content\/uploads\/2025\/01\/PIC_K-30F_no-top_2560x2560-1920x1920.png\" \/>\n\t<meta property=\"og:image:width\" content=\"1920\" \/>\n\t<meta property=\"og:image:height\" content=\"1920\" \/>\n\t<meta property=\"og:image:type\" content=\"image\/png\" \/>\n<meta name=\"twitter:card\" content=\"summary_large_image\" \/>\n<script type=\"application\/ld+json\" class=\"yoast-schema-graph\">{\"@context\":\"https:\\\/\\\/schema.org\",\"@graph\":[{\"@type\":\"WebPage\",\"@id\":\"https:\\\/\\\/www.toyotomi.eu\\\/de\\\/produkt\\\/toyotomi-k-30f\\\/\",\"url\":\"https:\\\/\\\/www.toyotomi.eu\\\/de\\\/produkt\\\/toyotomi-k-30f\\\/\",\"name\":\"Toyotomi K-30F - Toyotomi\",\"isPartOf\":{\"@id\":\"https:\\\/\\\/www.toyotomi.eu\\\/de\\\/#website\"},\"primaryImageOfPage\":{\"@id\":\"https:\\\/\\\/www.toyotomi.eu\\\/de\\\/produkt\\\/toyotomi-k-30f\\\/#primaryimage\"},\"image\":{\"@id\":\"https:\\\/\\\/www.toyotomi.eu\\\/de\\\/produkt\\\/toyotomi-k-30f\\\/#primaryimage\"},\"thumbnailUrl\":\"https:\\\/\\\/www.toyotomi.eu\\\/wp-content\\\/uploads\\\/2025\\\/01\\\/PIC_K-30F_no-top_2560x2560.png\",\"datePublished\":\"2025-01-01T01:01:00+00:00\",\"dateModified\":\"2026-01-20T07:51:18+00:00\",\"breadcrumb\":{\"@id\":\"https:\\\/\\\/www.toyotomi.eu\\\/de\\\/produkt\\\/toyotomi-k-30f\\\/#breadcrumb\"},\"inLanguage\":\"de\",\"potentialAction\":[{\"@type\":\"ReadAction\",\"target\":[\"https:\\\/\\\/www.toyotomi.eu\\\/de\\\/produkt\\\/toyotomi-k-30f\\\/\"]}]},{\"@type\":\"ImageObject\",\"inLanguage\":\"de\",\"@id\":\"https:\\\/\\\/www.toyotomi.eu\\\/de\\\/produkt\\\/toyotomi-k-30f\\\/#primaryimage\",\"url\":\"https:\\\/\\\/www.toyotomi.eu\\\/wp-content\\\/uploads\\\/2025\\\/01\\\/PIC_K-30F_no-top_2560x2560.png\",\"contentUrl\":\"https:\\\/\\\/www.toyotomi.eu\\\/wp-content\\\/uploads\\\/2025\\\/01\\\/PIC_K-30F_no-top_2560x2560.png\",\"width\":2560,\"height\":2560,\"caption\":\"Compact Toyotomi outdoor gas stove featuring safety protection and adjustable heat control for efficient outdoor cooking.\"},{\"@type\":\"BreadcrumbList\",\"@id\":\"https:\\\/\\\/www.toyotomi.eu\\\/de\\\/produkt\\\/toyotomi-k-30f\\\/#breadcrumb\",\"itemListElement\":[{\"@type\":\"ListItem\",\"position\":1,\"name\":\"Startseite\",\"item\":\"https:\\\/\\\/www.toyotomi.eu\\\/de\\\/\"},{\"@type\":\"ListItem\",\"position\":2,\"name\":\"Alle Produkte\",\"item\":\"https:\\\/\\\/www.toyotomi.eu\\\/de\\\/alle-produkte\\\/\"},{\"@type\":\"ListItem\",\"position\":3,\"name\":\"Toyotomi K-30F\"}]},{\"@type\":\"WebSite\",\"@id\":\"https:\\\/\\\/www.toyotomi.eu\\\/de\\\/#website\",\"url\":\"https:\\\/\\\/www.toyotomi.eu\\\/de\\\/\",\"name\":\"Toyotomi\",\"description\":\"\",\"publisher\":{\"@id\":\"https:\\\/\\\/www.toyotomi.eu\\\/de\\\/#organization\"},\"potentialAction\":[{\"@type\":\"SearchAction\",\"target\":{\"@type\":\"EntryPoint\",\"urlTemplate\":\"https:\\\/\\\/www.toyotomi.eu\\\/de\\\/?s={search_term_string}\"},\"query-input\":{\"@type\":\"PropertyValueSpecification\",\"valueRequired\":true,\"valueName\":\"search_term_string\"}}],\"inLanguage\":\"de\"},{\"@type\":\"Organization\",\"@id\":\"https:\\\/\\\/www.toyotomi.eu\\\/de\\\/#organization\",\"name\":\"Toyotomi Europe Sales B.V.\",\"alternateName\":\"Toyotomi\",\"url\":\"https:\\\/\\\/www.toyotomi.eu\\\/de\\\/\",\"logo\":{\"@type\":\"ImageObject\",\"inLanguage\":\"de\",\"@id\":\"https:\\\/\\\/www.toyotomi.eu\\\/de\\\/#\\\/schema\\\/logo\\\/image\\\/\",\"url\":\"https:\\\/\\\/www.toyotomi.eu\\\/wp-content\\\/uploads\\\/2025\\\/10\\\/logo.png\",\"contentUrl\":\"https:\\\/\\\/www.toyotomi.eu\\\/wp-content\\\/uploads\\\/2025\\\/10\\\/logo.png\",\"width\":1360,\"height\":304,\"caption\":\"Toyotomi Europe Sales B.V.\"},\"image\":{\"@id\":\"https:\\\/\\\/www.toyotomi.eu\\\/de\\\/#\\\/schema\\\/logo\\\/image\\\/\"}}]}<\/script>\n<!-- \/ Yoast SEO plugin. -->","yoast_head_json":{"title":"Toyotomi K-30F - Toyotomi","robots":{"index":"index","follow":"follow","max-snippet":"max-snippet:-1","max-image-preview":"max-image-preview:large","max-video-preview":"max-video-preview:-1"},"canonical":"https:\/\/www.toyotomi.eu\/de\/produkt\/toyotomi-k-30f\/","og_locale":"de_DE","og_type":"article","og_title":"Toyotomi K-30F - Toyotomi","og_description":"Der Toyotomi K-30F Kochofen verf\u00fcgt \u00fcber einen einzelnen Brenner mit einer Heizleistung von 2,25 kW und bietet saubere, effiziente und sparsame W\u00e4rme ohne Installation. Der Kochofen kann zum Kochen auf Reisen verwendet werden, wo kleines, konventionelles und zuverl\u00e4ssiges Kochen erforderlich ist. Er verf\u00fcgt \u00fcber mehrere Funktionen, darunter einen robusten Glasfaserdocht, einen doppelwandigen Tank und eine Tankanzeige.  Artikelnummer: K-30F EAN: 4963505704049","og_url":"https:\/\/www.toyotomi.eu\/de\/produkt\/toyotomi-k-30f\/","og_site_name":"Toyotomi","article_modified_time":"2026-01-20T07:51:18+00:00","og_image":[{"width":1920,"height":1920,"url":"https:\/\/www.toyotomi.eu\/wp-content\/uploads\/2025\/01\/PIC_K-30F_no-top_2560x2560-1920x1920.png","type":"image\/png"}],"twitter_card":"summary_large_image","schema":{"@context":"https:\/\/schema.org","@graph":[{"@type":"WebPage","@id":"https:\/\/www.toyotomi.eu\/de\/produkt\/toyotomi-k-30f\/","url":"https:\/\/www.toyotomi.eu\/de\/produkt\/toyotomi-k-30f\/","name":"Toyotomi K-30F - Toyotomi","isPartOf":{"@id":"https:\/\/www.toyotomi.eu\/de\/#website"},"primaryImageOfPage":{"@id":"https:\/\/www.toyotomi.eu\/de\/produkt\/toyotomi-k-30f\/#primaryimage"},"image":{"@id":"https:\/\/www.toyotomi.eu\/de\/produkt\/toyotomi-k-30f\/#primaryimage"},"thumbnailUrl":"https:\/\/www.toyotomi.eu\/wp-content\/uploads\/2025\/01\/PIC_K-30F_no-top_2560x2560.png","datePublished":"2025-01-01T01:01:00+00:00","dateModified":"2026-01-20T07:51:18+00:00","breadcrumb":{"@id":"https:\/\/www.toyotomi.eu\/de\/produkt\/toyotomi-k-30f\/#breadcrumb"},"inLanguage":"de","potentialAction":[{"@type":"ReadAction","target":["https:\/\/www.toyotomi.eu\/de\/produkt\/toyotomi-k-30f\/"]}]},{"@type":"ImageObject","inLanguage":"de","@id":"https:\/\/www.toyotomi.eu\/de\/produkt\/toyotomi-k-30f\/#primaryimage","url":"https:\/\/www.toyotomi.eu\/wp-content\/uploads\/2025\/01\/PIC_K-30F_no-top_2560x2560.png","contentUrl":"https:\/\/www.toyotomi.eu\/wp-content\/uploads\/2025\/01\/PIC_K-30F_no-top_2560x2560.png","width":2560,"height":2560,"caption":"Compact Toyotomi outdoor gas stove featuring safety protection and adjustable heat control for efficient outdoor cooking."},{"@type":"BreadcrumbList","@id":"https:\/\/www.toyotomi.eu\/de\/produkt\/toyotomi-k-30f\/#breadcrumb","itemListElement":[{"@type":"ListItem","position":1,"name":"Startseite","item":"https:\/\/www.toyotomi.eu\/de\/"},{"@type":"ListItem","position":2,"name":"Alle Produkte","item":"https:\/\/www.toyotomi.eu\/de\/alle-produkte\/"},{"@type":"ListItem","position":3,"name":"Toyotomi K-30F"}]},{"@type":"WebSite","@id":"https:\/\/www.toyotomi.eu\/de\/#website","url":"https:\/\/www.toyotomi.eu\/de\/","name":"Toyotomi","description":"","publisher":{"@id":"https:\/\/www.toyotomi.eu\/de\/#organization"},"potentialAction":[{"@type":"SearchAction","target":{"@type":"EntryPoint","urlTemplate":"https:\/\/www.toyotomi.eu\/de\/?s={search_term_string}"},"query-input":{"@type":"PropertyValueSpecification","valueRequired":true,"valueName":"search_term_string"}}],"inLanguage":"de"},{"@type":"Organization","@id":"https:\/\/www.toyotomi.eu\/de\/#organization","name":"Toyotomi Europe Sales B.V.","alternateName":"Toyotomi","url":"https:\/\/www.toyotomi.eu\/de\/","logo":{"@type":"ImageObject","inLanguage":"de","@id":"https:\/\/www.toyotomi.eu\/de\/#\/schema\/logo\/image\/","url":"https:\/\/www.toyotomi.eu\/wp-content\/uploads\/2025\/10\/logo.png","contentUrl":"https:\/\/www.toyotomi.eu\/wp-content\/uploads\/2025\/10\/logo.png","width":1360,"height":304,"caption":"Toyotomi Europe Sales B.V."},"image":{"@id":"https:\/\/www.toyotomi.eu\/de\/#\/schema\/logo\/image\/"}}]}},"_links":{"self":[{"href":"https:\/\/www.toyotomi.eu\/de\/wp-json\/wp\/v2\/product\/46399","targetHints":{"allow":["GET"]}}],"collection":[{"href":"https:\/\/www.toyotomi.eu\/de\/wp-json\/wp\/v2\/product"}],"about":[{"href":"https:\/\/www.toyotomi.eu\/de\/wp-json\/wp\/v2\/types\/product"}],"wp:featuredmedia":[{"embeddable":true,"href":"https:\/\/www.toyotomi.eu\/de\/wp-json\/wp\/v2\/media\/57673"}],"wp:attachment":[{"href":"https:\/\/www.toyotomi.eu\/de\/wp-json\/wp\/v2\/media?parent=46399"}],"wp:term":[{"taxonomy":"product_brand","embeddable":true,"href":"https:\/\/www.toyotomi.eu\/de\/wp-json\/wp\/v2\/product_brand?post=46399"},{"taxonomy":"product_cat","embeddable":true,"href":"https:\/\/www.toyotomi.eu\/de\/wp-json\/wp\/v2\/product_cat?post=46399"},{"taxonomy":"product_tag","embeddable":true,"href":"https:\/\/www.toyotomi.eu\/de\/wp-json\/wp\/v2\/product_tag?post=46399"}],"curies":[{"name":"wp","href":"https:\/\/api.w.org\/{rel}","templated":true}]}}