{"id":46275,"date":"2025-01-01T02:01:00","date_gmt":"2025-01-01T01:01:00","guid":{"rendered":"https:\/\/www.toyotomi.eu\/product\/toyotomi-td-zb80\/"},"modified":"2025-12-18T00:57:47","modified_gmt":"2025-12-18T00:57:47","slug":"toyotomi-td-zb80","status":"publish","type":"product","link":"https:\/\/www.toyotomi.eu\/de\/produkt\/toyotomi-td-zb80\/","title":{"rendered":"Toyotomi TD-ZB80"},"content":{"rendered":"\n<div class=\"wp-block-cover is-light\" style=\"border-radius:10px;min-height:600px;aspect-ratio:unset;\"><img loading=\"lazy\" decoding=\"async\" width=\"1920\" height=\"1400\" class=\"wp-block-cover__image-background wp-image-54965 size-full\" alt=\"\" src=\"https:\/\/www.toyotomi.eu\/wp-content\/uploads\/2025\/01\/Toyotomi-TD-ZB80-banner.jpg\" style=\"object-position:80% 40%\" data-object-fit=\"cover\" data-object-position=\"80% 40%\" srcset=\"https:\/\/www.toyotomi.eu\/wp-content\/uploads\/2025\/01\/Toyotomi-TD-ZB80-banner.jpg 1920w, https:\/\/www.toyotomi.eu\/wp-content\/uploads\/2025\/01\/Toyotomi-TD-ZB80-banner-1024x747.jpg 1024w, https:\/\/www.toyotomi.eu\/wp-content\/uploads\/2025\/01\/Toyotomi-TD-ZB80-banner-768x560.jpg 768w, https:\/\/www.toyotomi.eu\/wp-content\/uploads\/2025\/01\/Toyotomi-TD-ZB80-banner-1536x1120.jpg 1536w, https:\/\/www.toyotomi.eu\/wp-content\/uploads\/2025\/01\/Toyotomi-TD-ZB80-banner-990x722.jpg 990w, https:\/\/www.toyotomi.eu\/wp-content\/uploads\/2025\/01\/Toyotomi-TD-ZB80-banner-441x322.jpg 441w, https:\/\/www.toyotomi.eu\/wp-content\/uploads\/2025\/01\/Toyotomi-TD-ZB80-banner-150x109.jpg 150w\" sizes=\"auto, (max-width: 1920px) 100vw, 1920px\" \/><span aria-hidden=\"true\" class=\"wp-block-cover__background has-background-dim-0 has-background-dim\" style=\"background-color:#efeef0\"><\/span><div class=\"wp-block-cover__inner-container has-global-padding is-layout-constrained wp-block-cover-is-layout-constrained\">\n<p class=\"has-text-align-center has-large-font-size\"><\/p>\n<\/div><\/div>\n\n<div style=\"height:40px\" aria-hidden=\"true\" class=\"wp-block-spacer\"><\/div>\n\n<div class=\"wp-block-essential-blocks-wrapper alignfull  root-eb-wrapper-kiu5m\"><div class=\"eb-parent-wrapper eb-parent-eb-wrapper-kiu5m \"><div class=\"eb-wrapper-outer eb-wrapper-kiu5m\"><div class=\"eb-wrapper-inner\"><div class=\"eb-wrapper-inner-blocks eb-wrapper-align-center\">\n<div class=\"wp-block-essential-blocks-row alignfull  root-eb-row-vp5zx\"><div class=\"eb-parent-wrapper eb-parent-eb-row-vp5zx \"><div class=\"eb-row-root-container eb-row-vp5zx\" data-id=\"eb-row-vp5zx\"><div class=\"eb-row-wrapper\"><div class=\"eb-row-inner\">\n<div class=\"wp-block-essential-blocks-column  root-eb-column-wbb44\"><div class=\"eb-parent-wrapper eb-parent-eb-column-wbb44 \"><div class=\"eb-column-wrapper eb-column-wbb44\"><div class=\"eb-column-inner\">\n<h2 class=\"wp-block-heading has-text-align-left has-x-large-font-size\"><strong>Toyotomi TD-ZB80<\/strong> Tragbarer Luftentfeuchter<\/h2>\n\n\n\n<p>Der Toyotomi Luftentfeuchter TD-ZB80 arbeitet am besten unter Bedingungen, bei denen die Temperatur nahe 20 \u00b0C liegt. In diesen Situationen kann das Ger\u00e4t bis zu 8 Liter Feuchtigkeit aus der Luft aufnehmen. Das Tankvolumen von 4,0 Litern sorgt daf\u00fcr, dass der Luftentfeuchter lange genug ohne Eingriff betrieben werden kann. Dar\u00fcber hinaus stoppt das Ger\u00e4t den Betrieb, sobald der Wassertank voll ist, und informiert den Benutzer. Dieser Adsorptionstrockner \u00fcbertrifft einen Kompressor-Luftentfeuchter unter allen Bedingungen, bei denen die Temperatur unter 20 \u00b0C liegt.    <\/p>\n\n\n\n<p>Der Luftentfeuchter verf\u00fcgt \u00fcber ein leicht zug\u00e4ngliches Touchscreen-Bedienfeld f\u00fcr die Bedienung aller Funktionen. Der obere Luftauslass macht diesen Luftentfeuchter zu einer perfekten L\u00f6sung zum Trocknen Ihrer W\u00e4sche. Das Design ist sowohl \u201e\u00e4sthetisch\u201c als auch \u201emodern\u201c, das Gewicht dieses Luftentfeuchters ist mit (8,3 kg) gering. Dies stellt sicher, dass der Luftentfeuchter \u00fcberall dort eingesetzt werden kann, wo er Ihren Bed\u00fcrfnissen am besten entspricht.   <\/p>\n\n\n\n<p>Der Toyotomi Luftentfeuchter TD-ZB80 enth\u00e4lt keine K\u00e4ltemittel, was zu einer geringen potenziellen Auswirkung auf die Umwelt f\u00fchrt. Die innovative Adsorptionstechnik passt perfekt zu den Nachhaltigkeitszielen von Toyotomi. Um maximalen Komfort und minimalen Energieverbrauch zu gew\u00e4hrleisten, erm\u00f6glicht der automatische Betrieb, dass das Ger\u00e4t nur bei Bedarf arbeitet.  <\/p>\n<\/div><\/div><\/div><\/div>\n<\/div><\/div><\/div><\/div><\/div>\n<\/div><\/div><\/div><\/div><\/div>\n\n<div style=\"height:40px\" aria-hidden=\"true\" class=\"wp-block-spacer\"><\/div>\n\n<div class=\"wp-block-essential-blocks-wrapper alignfull  root-eb-wrapper-0pft6\"><div class=\"eb-parent-wrapper eb-parent-eb-wrapper-0pft6 \"><div class=\"eb-wrapper-outer eb-wrapper-0pft6\"><div class=\"eb-wrapper-inner\"><div class=\"eb-wrapper-inner-blocks eb-wrapper-align-center\">\n<div class=\"wp-block-essential-blocks-row alignfull  root-eb-row-htqol\"><div class=\"eb-parent-wrapper eb-parent-eb-row-htqol \"><div class=\"eb-row-root-container eb-row-htqol\" data-id=\"eb-row-htqol\"><div class=\"eb-row-wrapper\"><div class=\"eb-row-inner\">\n<div class=\"wp-block-essential-blocks-column  root-eb-column-eoyr7\"><div class=\"eb-parent-wrapper eb-parent-eb-column-eoyr7 \"><div class=\"eb-column-wrapper eb-column-eoyr7\"><div class=\"eb-column-inner\">\n<h2 class=\"wp-block-heading has-text-align-center has-xxx-large-font-size\">Kernfunktionen<\/h2>\n<\/div><\/div><\/div><\/div>\n<\/div><\/div><\/div><\/div><\/div>\n<\/div><\/div><\/div><\/div><\/div>\n\n<div class=\"wp-block-essential-blocks-wrapper alignfull  root-eb-wrapper-ug9mx\"><div class=\"eb-parent-wrapper eb-parent-eb-wrapper-ug9mx \"><div class=\"eb-wrapper-outer eb-wrapper-ug9mx\"><div class=\"eb-wrapper-inner\"><div class=\"eb-wrapper-inner-blocks eb-wrapper-align-center\">\n<div class=\"wp-block-essential-blocks-row alignfull  root-eb-row-ibpr3\"><div class=\"eb-parent-wrapper eb-parent-eb-row-ibpr3 \"><div class=\"eb-row-root-container eb-row-ibpr3\" data-id=\"eb-row-ibpr3\"><div class=\"eb-row-wrapper\"><div class=\"eb-row-inner\">\n<div class=\"wp-block-essential-blocks-column  root-eb-column-ssjdl\"><div class=\"eb-parent-wrapper eb-parent-eb-column-ssjdl \"><div class=\"eb-column-wrapper eb-column-ssjdl\"><div class=\"eb-column-inner\">\n<figure class=\"wp-block-image size-full is-resized\"><img loading=\"lazy\" decoding=\"async\" width=\"354\" height=\"354\" src=\"https:\/\/www.toyotomi.eu\/wp-content\/uploads\/2025\/12\/TOYO_Icon_Automatic_Restart.png\" alt=\"\" class=\"wp-image-54798\" style=\"object-fit:cover;width:50px;height:50px\" srcset=\"https:\/\/www.toyotomi.eu\/wp-content\/uploads\/2025\/12\/TOYO_Icon_Automatic_Restart.png 354w, https:\/\/www.toyotomi.eu\/wp-content\/uploads\/2025\/12\/TOYO_Icon_Automatic_Restart-300x300.png 300w, https:\/\/www.toyotomi.eu\/wp-content\/uploads\/2025\/12\/TOYO_Icon_Automatic_Restart-100x100.png 100w, https:\/\/www.toyotomi.eu\/wp-content\/uploads\/2025\/12\/TOYO_Icon_Automatic_Restart-150x150.png 150w\" sizes=\"auto, (max-width: 354px) 100vw, 354px\" \/><\/figure>\n\n\n\n<h3 class=\"wp-block-heading\">Automatischer Betrieb<\/h3>\n\n\n\n<p>Der Feuchtigkeitssensor regelt die Raumfeuchtigkeit automatisch von 45 % auf 50 %, um Tauwasserbildung an der Wand und am<br\/>Fenster zu verhindern.<\/p>\n<\/div><\/div><\/div><\/div>\n\n\n\n<div class=\"wp-block-essential-blocks-column  root-eb-column-wcgjp\"><div class=\"eb-parent-wrapper eb-parent-eb-column-wcgjp \"><div class=\"eb-column-wrapper eb-column-wcgjp\"><div class=\"eb-column-inner\">\n<figure class=\"wp-block-image size-full is-resized\"><img loading=\"lazy\" decoding=\"async\" width=\"354\" height=\"354\" src=\"https:\/\/www.toyotomi.eu\/wp-content\/uploads\/2025\/12\/TOYO_Icon_Automatic_Restart.png\" alt=\"\" class=\"wp-image-54798\" style=\"object-fit:cover;width:50px;height:50px\" srcset=\"https:\/\/www.toyotomi.eu\/wp-content\/uploads\/2025\/12\/TOYO_Icon_Automatic_Restart.png 354w, https:\/\/www.toyotomi.eu\/wp-content\/uploads\/2025\/12\/TOYO_Icon_Automatic_Restart-300x300.png 300w, https:\/\/www.toyotomi.eu\/wp-content\/uploads\/2025\/12\/TOYO_Icon_Automatic_Restart-100x100.png 100w, https:\/\/www.toyotomi.eu\/wp-content\/uploads\/2025\/12\/TOYO_Icon_Automatic_Restart-150x150.png 150w\" sizes=\"auto, (max-width: 354px) 100vw, 354px\" \/><\/figure>\n\n\n\n<h3 class=\"wp-block-heading\">W\u00e4schemodus<\/h3>\n\n\n\n<p>Mit dem Touch-Bedienfeld k\u00f6nnen Sie die gew\u00fcnschte Funktion Ihres Ger\u00e4ts einfach und pr\u00e4zise ausw\u00e4hlen.<\/p>\n<\/div><\/div><\/div><\/div>\n\n\n\n<div class=\"wp-block-essential-blocks-column  root-eb-column-s54kl\"><div class=\"eb-parent-wrapper eb-parent-eb-column-s54kl \"><div class=\"eb-column-wrapper eb-column-s54kl\"><div class=\"eb-column-inner\">\n<figure class=\"wp-block-image size-full is-resized\"><img loading=\"lazy\" decoding=\"async\" width=\"354\" height=\"354\" src=\"https:\/\/www.toyotomi.eu\/wp-content\/uploads\/2025\/12\/TOYO_Icon_Automatic_Restart.png\" alt=\"\" class=\"wp-image-54798\" style=\"object-fit:cover;width:50px;height:50px\" srcset=\"https:\/\/www.toyotomi.eu\/wp-content\/uploads\/2025\/12\/TOYO_Icon_Automatic_Restart.png 354w, https:\/\/www.toyotomi.eu\/wp-content\/uploads\/2025\/12\/TOYO_Icon_Automatic_Restart-300x300.png 300w, https:\/\/www.toyotomi.eu\/wp-content\/uploads\/2025\/12\/TOYO_Icon_Automatic_Restart-100x100.png 100w, https:\/\/www.toyotomi.eu\/wp-content\/uploads\/2025\/12\/TOYO_Icon_Automatic_Restart-150x150.png 150w\" sizes=\"auto, (max-width: 354px) 100vw, 354px\" \/><\/figure>\n\n\n\n<h3 class=\"wp-block-heading\">Auto &#8211; Neustart-Funktion<\/h3>\n\n\n\n<p>Im Falle eines Stromausfalls schaltet sich das Ger\u00e4t nat\u00fcrlich ab, aber wenn die Stromversorgung wiederhergestellt ist, startet das Ger\u00e4t automatisch und stellt seine vorherigen Einstellungen wieder her.<\/p>\n<\/div><\/div><\/div><\/div>\n<\/div><\/div><\/div><\/div><\/div>\n<\/div><\/div><\/div><\/div><\/div>\n\n<div class=\"wp-block-essential-blocks-wrapper alignfull  root-eb-wrapper-tueh2\"><div class=\"eb-parent-wrapper eb-parent-eb-wrapper-tueh2 \"><div class=\"eb-wrapper-outer eb-wrapper-tueh2\"><div class=\"eb-wrapper-inner\"><div class=\"eb-wrapper-inner-blocks eb-wrapper-align-center\">\n<div class=\"wp-block-essential-blocks-row alignfull  root-eb-row-s97wu\"><div class=\"eb-parent-wrapper eb-parent-eb-row-s97wu \"><div class=\"eb-row-root-container eb-row-s97wu\" data-id=\"eb-row-s97wu\"><div class=\"eb-row-wrapper\"><div class=\"eb-row-inner\">\n<div class=\"wp-block-essential-blocks-column  root-eb-column-ter13\"><div class=\"eb-parent-wrapper eb-parent-eb-column-ter13 \"><div class=\"eb-column-wrapper eb-column-ter13\"><div class=\"eb-column-inner\">\n<figure class=\"wp-block-image size-full is-resized\"><img loading=\"lazy\" decoding=\"async\" width=\"354\" height=\"354\" src=\"https:\/\/www.toyotomi.eu\/wp-content\/uploads\/2025\/12\/TOYO_Icon_Automatic_Restart.png\" alt=\"\" class=\"wp-image-54798\" style=\"object-fit:cover;width:50px;height:50px\" srcset=\"https:\/\/www.toyotomi.eu\/wp-content\/uploads\/2025\/12\/TOYO_Icon_Automatic_Restart.png 354w, https:\/\/www.toyotomi.eu\/wp-content\/uploads\/2025\/12\/TOYO_Icon_Automatic_Restart-300x300.png 300w, https:\/\/www.toyotomi.eu\/wp-content\/uploads\/2025\/12\/TOYO_Icon_Automatic_Restart-100x100.png 100w, https:\/\/www.toyotomi.eu\/wp-content\/uploads\/2025\/12\/TOYO_Icon_Automatic_Restart-150x150.png 150w\" sizes=\"auto, (max-width: 354px) 100vw, 354px\" \/><\/figure>\n\n\n\n<h3 class=\"wp-block-heading\">Schlauch f\u00fcr kontinuierliche Entw\u00e4sserung<\/h3>\n\n\n\n<p>Mit dem integrierten Ablaufschlauch im Lieferumfang m\u00fcssen Sie sich keine Sorgen mehr \u00fcber das Entleeren des Wasserbeh\u00e4lters des Luftentfeuchters machen.<\/p>\n<\/div><\/div><\/div><\/div>\n\n\n\n<div class=\"wp-block-essential-blocks-column  root-eb-column-y35pd\"><div class=\"eb-parent-wrapper eb-parent-eb-column-y35pd \"><div class=\"eb-column-wrapper eb-column-y35pd\"><div class=\"eb-column-inner\">\n<figure class=\"wp-block-image size-full is-resized\"><img loading=\"lazy\" decoding=\"async\" width=\"354\" height=\"354\" src=\"https:\/\/www.toyotomi.eu\/wp-content\/uploads\/2025\/12\/TOYO_Icon_Automatic_Restart.png\" alt=\"\" class=\"wp-image-54798\" style=\"object-fit:cover;width:50px;height:50px\" srcset=\"https:\/\/www.toyotomi.eu\/wp-content\/uploads\/2025\/12\/TOYO_Icon_Automatic_Restart.png 354w, https:\/\/www.toyotomi.eu\/wp-content\/uploads\/2025\/12\/TOYO_Icon_Automatic_Restart-300x300.png 300w, https:\/\/www.toyotomi.eu\/wp-content\/uploads\/2025\/12\/TOYO_Icon_Automatic_Restart-100x100.png 100w, https:\/\/www.toyotomi.eu\/wp-content\/uploads\/2025\/12\/TOYO_Icon_Automatic_Restart-150x150.png 150w\" sizes=\"auto, (max-width: 354px) 100vw, 354px\" \/><\/figure>\n\n\n\n<h3 class=\"wp-block-heading\">Luftauslass oben mit Lamellen<\/h3>\n\n\n\n<p>Das Ger\u00e4t verf\u00fcgt \u00fcber einen oberen Luftauslass mit Lamellen und einem weiten 180-Grad-Winkel, der das Trocknen Ihrer W\u00e4sche erleichtert.<\/p>\n<\/div><\/div><\/div><\/div>\n\n\n\n<div class=\"wp-block-essential-blocks-column  root-eb-column-zns0p\"><div class=\"eb-parent-wrapper eb-parent-eb-column-zns0p \"><div class=\"eb-column-wrapper eb-column-zns0p\"><div class=\"eb-column-inner\">\n<figure class=\"wp-block-image size-full is-resized\"><img loading=\"lazy\" decoding=\"async\" width=\"354\" height=\"354\" src=\"https:\/\/www.toyotomi.eu\/wp-content\/uploads\/2025\/12\/TOYO_Icon_Automatic_Restart.png\" alt=\"\" class=\"wp-image-54798\" style=\"object-fit:cover;width:50px;height:50px\" srcset=\"https:\/\/www.toyotomi.eu\/wp-content\/uploads\/2025\/12\/TOYO_Icon_Automatic_Restart.png 354w, https:\/\/www.toyotomi.eu\/wp-content\/uploads\/2025\/12\/TOYO_Icon_Automatic_Restart-300x300.png 300w, https:\/\/www.toyotomi.eu\/wp-content\/uploads\/2025\/12\/TOYO_Icon_Automatic_Restart-100x100.png 100w, https:\/\/www.toyotomi.eu\/wp-content\/uploads\/2025\/12\/TOYO_Icon_Automatic_Restart-150x150.png 150w\" sizes=\"auto, (max-width: 354px) 100vw, 354px\" \/><\/figure>\n\n\n\n<h3 class=\"wp-block-heading\">Luftfilter<\/h3>\n\n\n\n<p>Antibakterieller\/Staubschutzfilter in Kombination mit einem Aktivkohlefilter zur Beseitigung von Ger\u00fcchen, der leicht gereinigt und mit der Zeit sogar ausgetauscht werden kann.<\/p>\n<\/div><\/div><\/div><\/div>\n<\/div><\/div><\/div><\/div><\/div>\n<\/div><\/div><\/div><\/div><\/div>\n\n<div class=\"wp-block-essential-blocks-wrapper alignfull  root-eb-wrapper-dg683\"><div class=\"eb-parent-wrapper eb-parent-eb-wrapper-dg683 \"><div class=\"eb-wrapper-outer eb-wrapper-dg683\"><div class=\"eb-wrapper-inner\"><div class=\"eb-wrapper-inner-blocks eb-wrapper-align-center\">\n<div class=\"wp-block-essential-blocks-row alignfull  root-eb-row-m8lcl\"><div class=\"eb-parent-wrapper eb-parent-eb-row-m8lcl \"><div class=\"eb-row-root-container eb-row-m8lcl\" data-id=\"eb-row-m8lcl\"><div class=\"eb-row-wrapper\"><div class=\"eb-row-inner\">\n<div class=\"wp-block-essential-blocks-column  root-eb-column-6v4d5\"><div class=\"eb-parent-wrapper eb-parent-eb-column-6v4d5 \"><div class=\"eb-column-wrapper eb-column-6v4d5\"><div class=\"eb-column-inner\">\n<figure class=\"wp-block-image size-full is-resized\"><img loading=\"lazy\" decoding=\"async\" width=\"354\" height=\"354\" src=\"https:\/\/www.toyotomi.eu\/wp-content\/uploads\/2025\/12\/TOYO_Icon_Automatic_Restart.png\" alt=\"\" class=\"wp-image-54798\" style=\"object-fit:cover;width:50px;height:50px\" srcset=\"https:\/\/www.toyotomi.eu\/wp-content\/uploads\/2025\/12\/TOYO_Icon_Automatic_Restart.png 354w, https:\/\/www.toyotomi.eu\/wp-content\/uploads\/2025\/12\/TOYO_Icon_Automatic_Restart-300x300.png 300w, https:\/\/www.toyotomi.eu\/wp-content\/uploads\/2025\/12\/TOYO_Icon_Automatic_Restart-100x100.png 100w, https:\/\/www.toyotomi.eu\/wp-content\/uploads\/2025\/12\/TOYO_Icon_Automatic_Restart-150x150.png 150w\" sizes=\"auto, (max-width: 354px) 100vw, 354px\" \/><\/figure>\n\n\n\n<h3 class=\"wp-block-heading\">Timer<\/h3>\n\n\n\n<p>Das Ger\u00e4t verf\u00fcgt \u00fcber eine Off-Timer-Funktion, die von 2 Std. auf 4 Std. oder 8 Std. eingestellt werden kann.  <\/p>\n<\/div><\/div><\/div><\/div>\n\n\n\n<div class=\"wp-block-essential-blocks-column  root-eb-column-ax3a3\"><div class=\"eb-parent-wrapper eb-parent-eb-column-ax3a3 \"><div class=\"eb-column-wrapper eb-column-ax3a3\"><div class=\"eb-column-inner\"><\/div><\/div><\/div><\/div>\n\n\n\n<div class=\"wp-block-essential-blocks-column  root-eb-column-38ksv\"><div class=\"eb-parent-wrapper eb-parent-eb-column-38ksv \"><div class=\"eb-column-wrapper eb-column-38ksv\"><div class=\"eb-column-inner\"><\/div><\/div><\/div><\/div>\n<\/div><\/div><\/div><\/div><\/div>\n<\/div><\/div><\/div><\/div><\/div>\n","protected":false},"excerpt":{"rendered":"<p>Der Toyotomi TD-ZB80 Luftentfeuchter hat eine maximale Entfeuchtungsleistung von 8 Litern pro Tag und ist somit ideal f\u00fcr R\u00e4ume von 37 bis 75 m\u00b3. <\/p>\n<p><strong>SKU:<\/strong> TD-ZB80<br \/>\n<strong>EAN:<\/strong> 4963505828493<\/p>\n","protected":false},"featured_media":54486,"template":"","meta":{"_acf_changed":false,"_eb_attr":""},"product_brand":[],"product_cat":[5944],"product_tag":[],"class_list":{"0":"post-46275","1":"product","2":"type-product","3":"status-publish","4":"has-post-thumbnail","6":"product_cat-luftentfeuchter","8":"first","9":"instock","10":"taxable","11":"shipping-taxable","12":"product-type-simple"},"acf":[],"yoast_head":"<!-- This site is optimized with the Yoast SEO plugin v27.4 - https:\/\/yoast.com\/product\/yoast-seo-wordpress\/ -->\n<title>Toyotomi TD-ZB80 - Toyotomi<\/title>\n<meta name=\"robots\" content=\"index, follow, max-snippet:-1, max-image-preview:large, max-video-preview:-1\" \/>\n<link rel=\"canonical\" href=\"https:\/\/www.toyotomi.eu\/de\/produkt\/toyotomi-td-zb80\/\" \/>\n<meta property=\"og:locale\" content=\"de_DE\" \/>\n<meta property=\"og:type\" content=\"article\" \/>\n<meta property=\"og:title\" content=\"Toyotomi TD-ZB80 - Toyotomi\" \/>\n<meta property=\"og:description\" content=\"Der Toyotomi TD-ZB80 Luftentfeuchter hat eine maximale Entfeuchtungsleistung von 8 Litern pro Tag und ist somit ideal f\u00fcr R\u00e4ume von 37 bis 75 m\u00b3.  SKU: TD-ZB80 EAN: 4963505828493\" \/>\n<meta property=\"og:url\" content=\"https:\/\/www.toyotomi.eu\/de\/produkt\/toyotomi-td-zb80\/\" \/>\n<meta property=\"og:site_name\" content=\"Toyotomi\" \/>\n<meta property=\"article:modified_time\" content=\"2025-12-18T00:57:47+00:00\" \/>\n<meta property=\"og:image\" content=\"https:\/\/www.toyotomi.eu\/wp-content\/uploads\/2025\/01\/PIC_TOYOTOMI-TD-ZB80_front_2560x2560.png\" \/>\n\t<meta property=\"og:image:width\" content=\"2560\" \/>\n\t<meta property=\"og:image:height\" content=\"2560\" \/>\n\t<meta property=\"og:image:type\" content=\"image\/png\" \/>\n<meta name=\"twitter:card\" content=\"summary_large_image\" \/>\n<script type=\"application\/ld+json\" class=\"yoast-schema-graph\">{\"@context\":\"https:\\\/\\\/schema.org\",\"@graph\":[{\"@type\":\"WebPage\",\"@id\":\"https:\\\/\\\/www.toyotomi.eu\\\/de\\\/produkt\\\/toyotomi-td-zb80\\\/\",\"url\":\"https:\\\/\\\/www.toyotomi.eu\\\/de\\\/produkt\\\/toyotomi-td-zb80\\\/\",\"name\":\"Toyotomi TD-ZB80 - Toyotomi\",\"isPartOf\":{\"@id\":\"https:\\\/\\\/www.toyotomi.eu\\\/de\\\/#website\"},\"primaryImageOfPage\":{\"@id\":\"https:\\\/\\\/www.toyotomi.eu\\\/de\\\/produkt\\\/toyotomi-td-zb80\\\/#primaryimage\"},\"image\":{\"@id\":\"https:\\\/\\\/www.toyotomi.eu\\\/de\\\/produkt\\\/toyotomi-td-zb80\\\/#primaryimage\"},\"thumbnailUrl\":\"https:\\\/\\\/www.toyotomi.eu\\\/wp-content\\\/uploads\\\/2025\\\/01\\\/PIC_TOYOTOMI-TD-ZB80_front_2560x2560.png\",\"datePublished\":\"2025-01-01T01:01:00+00:00\",\"dateModified\":\"2025-12-18T00:57:47+00:00\",\"breadcrumb\":{\"@id\":\"https:\\\/\\\/www.toyotomi.eu\\\/de\\\/produkt\\\/toyotomi-td-zb80\\\/#breadcrumb\"},\"inLanguage\":\"de\",\"potentialAction\":[{\"@type\":\"ReadAction\",\"target\":[\"https:\\\/\\\/www.toyotomi.eu\\\/de\\\/produkt\\\/toyotomi-td-zb80\\\/\"]}]},{\"@type\":\"ImageObject\",\"inLanguage\":\"de\",\"@id\":\"https:\\\/\\\/www.toyotomi.eu\\\/de\\\/produkt\\\/toyotomi-td-zb80\\\/#primaryimage\",\"url\":\"https:\\\/\\\/www.toyotomi.eu\\\/wp-content\\\/uploads\\\/2025\\\/01\\\/PIC_TOYOTOMI-TD-ZB80_front_2560x2560.png\",\"contentUrl\":\"https:\\\/\\\/www.toyotomi.eu\\\/wp-content\\\/uploads\\\/2025\\\/01\\\/PIC_TOYOTOMI-TD-ZB80_front_2560x2560.png\",\"width\":2560,\"height\":2560},{\"@type\":\"BreadcrumbList\",\"@id\":\"https:\\\/\\\/www.toyotomi.eu\\\/de\\\/produkt\\\/toyotomi-td-zb80\\\/#breadcrumb\",\"itemListElement\":[{\"@type\":\"ListItem\",\"position\":1,\"name\":\"Startseite\",\"item\":\"https:\\\/\\\/www.toyotomi.eu\\\/de\\\/\"},{\"@type\":\"ListItem\",\"position\":2,\"name\":\"Alle Produkte\",\"item\":\"https:\\\/\\\/www.toyotomi.eu\\\/de\\\/alle-produkte\\\/\"},{\"@type\":\"ListItem\",\"position\":3,\"name\":\"Toyotomi TD-ZB80\"}]},{\"@type\":\"WebSite\",\"@id\":\"https:\\\/\\\/www.toyotomi.eu\\\/de\\\/#website\",\"url\":\"https:\\\/\\\/www.toyotomi.eu\\\/de\\\/\",\"name\":\"Toyotomi\",\"description\":\"\",\"publisher\":{\"@id\":\"https:\\\/\\\/www.toyotomi.eu\\\/de\\\/#organization\"},\"potentialAction\":[{\"@type\":\"SearchAction\",\"target\":{\"@type\":\"EntryPoint\",\"urlTemplate\":\"https:\\\/\\\/www.toyotomi.eu\\\/de\\\/?s={search_term_string}\"},\"query-input\":{\"@type\":\"PropertyValueSpecification\",\"valueRequired\":true,\"valueName\":\"search_term_string\"}}],\"inLanguage\":\"de\"},{\"@type\":\"Organization\",\"@id\":\"https:\\\/\\\/www.toyotomi.eu\\\/de\\\/#organization\",\"name\":\"Toyotomi Europe Sales B.V.\",\"alternateName\":\"Toyotomi\",\"url\":\"https:\\\/\\\/www.toyotomi.eu\\\/de\\\/\",\"logo\":{\"@type\":\"ImageObject\",\"inLanguage\":\"de\",\"@id\":\"https:\\\/\\\/www.toyotomi.eu\\\/de\\\/#\\\/schema\\\/logo\\\/image\\\/\",\"url\":\"https:\\\/\\\/www.toyotomi.eu\\\/wp-content\\\/uploads\\\/2025\\\/10\\\/logo.png\",\"contentUrl\":\"https:\\\/\\\/www.toyotomi.eu\\\/wp-content\\\/uploads\\\/2025\\\/10\\\/logo.png\",\"width\":1360,\"height\":304,\"caption\":\"Toyotomi Europe Sales B.V.\"},\"image\":{\"@id\":\"https:\\\/\\\/www.toyotomi.eu\\\/de\\\/#\\\/schema\\\/logo\\\/image\\\/\"}}]}<\/script>\n<!-- \/ Yoast SEO plugin. -->","yoast_head_json":{"title":"Toyotomi TD-ZB80 - Toyotomi","robots":{"index":"index","follow":"follow","max-snippet":"max-snippet:-1","max-image-preview":"max-image-preview:large","max-video-preview":"max-video-preview:-1"},"canonical":"https:\/\/www.toyotomi.eu\/de\/produkt\/toyotomi-td-zb80\/","og_locale":"de_DE","og_type":"article","og_title":"Toyotomi TD-ZB80 - Toyotomi","og_description":"Der Toyotomi TD-ZB80 Luftentfeuchter hat eine maximale Entfeuchtungsleistung von 8 Litern pro Tag und ist somit ideal f\u00fcr R\u00e4ume von 37 bis 75 m\u00b3.  SKU: TD-ZB80 EAN: 4963505828493","og_url":"https:\/\/www.toyotomi.eu\/de\/produkt\/toyotomi-td-zb80\/","og_site_name":"Toyotomi","article_modified_time":"2025-12-18T00:57:47+00:00","og_image":[{"width":2560,"height":2560,"url":"https:\/\/www.toyotomi.eu\/wp-content\/uploads\/2025\/01\/PIC_TOYOTOMI-TD-ZB80_front_2560x2560.png","type":"image\/png"}],"twitter_card":"summary_large_image","schema":{"@context":"https:\/\/schema.org","@graph":[{"@type":"WebPage","@id":"https:\/\/www.toyotomi.eu\/de\/produkt\/toyotomi-td-zb80\/","url":"https:\/\/www.toyotomi.eu\/de\/produkt\/toyotomi-td-zb80\/","name":"Toyotomi TD-ZB80 - Toyotomi","isPartOf":{"@id":"https:\/\/www.toyotomi.eu\/de\/#website"},"primaryImageOfPage":{"@id":"https:\/\/www.toyotomi.eu\/de\/produkt\/toyotomi-td-zb80\/#primaryimage"},"image":{"@id":"https:\/\/www.toyotomi.eu\/de\/produkt\/toyotomi-td-zb80\/#primaryimage"},"thumbnailUrl":"https:\/\/www.toyotomi.eu\/wp-content\/uploads\/2025\/01\/PIC_TOYOTOMI-TD-ZB80_front_2560x2560.png","datePublished":"2025-01-01T01:01:00+00:00","dateModified":"2025-12-18T00:57:47+00:00","breadcrumb":{"@id":"https:\/\/www.toyotomi.eu\/de\/produkt\/toyotomi-td-zb80\/#breadcrumb"},"inLanguage":"de","potentialAction":[{"@type":"ReadAction","target":["https:\/\/www.toyotomi.eu\/de\/produkt\/toyotomi-td-zb80\/"]}]},{"@type":"ImageObject","inLanguage":"de","@id":"https:\/\/www.toyotomi.eu\/de\/produkt\/toyotomi-td-zb80\/#primaryimage","url":"https:\/\/www.toyotomi.eu\/wp-content\/uploads\/2025\/01\/PIC_TOYOTOMI-TD-ZB80_front_2560x2560.png","contentUrl":"https:\/\/www.toyotomi.eu\/wp-content\/uploads\/2025\/01\/PIC_TOYOTOMI-TD-ZB80_front_2560x2560.png","width":2560,"height":2560},{"@type":"BreadcrumbList","@id":"https:\/\/www.toyotomi.eu\/de\/produkt\/toyotomi-td-zb80\/#breadcrumb","itemListElement":[{"@type":"ListItem","position":1,"name":"Startseite","item":"https:\/\/www.toyotomi.eu\/de\/"},{"@type":"ListItem","position":2,"name":"Alle Produkte","item":"https:\/\/www.toyotomi.eu\/de\/alle-produkte\/"},{"@type":"ListItem","position":3,"name":"Toyotomi TD-ZB80"}]},{"@type":"WebSite","@id":"https:\/\/www.toyotomi.eu\/de\/#website","url":"https:\/\/www.toyotomi.eu\/de\/","name":"Toyotomi","description":"","publisher":{"@id":"https:\/\/www.toyotomi.eu\/de\/#organization"},"potentialAction":[{"@type":"SearchAction","target":{"@type":"EntryPoint","urlTemplate":"https:\/\/www.toyotomi.eu\/de\/?s={search_term_string}"},"query-input":{"@type":"PropertyValueSpecification","valueRequired":true,"valueName":"search_term_string"}}],"inLanguage":"de"},{"@type":"Organization","@id":"https:\/\/www.toyotomi.eu\/de\/#organization","name":"Toyotomi Europe Sales B.V.","alternateName":"Toyotomi","url":"https:\/\/www.toyotomi.eu\/de\/","logo":{"@type":"ImageObject","inLanguage":"de","@id":"https:\/\/www.toyotomi.eu\/de\/#\/schema\/logo\/image\/","url":"https:\/\/www.toyotomi.eu\/wp-content\/uploads\/2025\/10\/logo.png","contentUrl":"https:\/\/www.toyotomi.eu\/wp-content\/uploads\/2025\/10\/logo.png","width":1360,"height":304,"caption":"Toyotomi Europe Sales B.V."},"image":{"@id":"https:\/\/www.toyotomi.eu\/de\/#\/schema\/logo\/image\/"}}]}},"_links":{"self":[{"href":"https:\/\/www.toyotomi.eu\/de\/wp-json\/wp\/v2\/product\/46275","targetHints":{"allow":["GET"]}}],"collection":[{"href":"https:\/\/www.toyotomi.eu\/de\/wp-json\/wp\/v2\/product"}],"about":[{"href":"https:\/\/www.toyotomi.eu\/de\/wp-json\/wp\/v2\/types\/product"}],"wp:featuredmedia":[{"embeddable":true,"href":"https:\/\/www.toyotomi.eu\/de\/wp-json\/wp\/v2\/media\/54486"}],"wp:attachment":[{"href":"https:\/\/www.toyotomi.eu\/de\/wp-json\/wp\/v2\/media?parent=46275"}],"wp:term":[{"taxonomy":"product_brand","embeddable":true,"href":"https:\/\/www.toyotomi.eu\/de\/wp-json\/wp\/v2\/product_brand?post=46275"},{"taxonomy":"product_cat","embeddable":true,"href":"https:\/\/www.toyotomi.eu\/de\/wp-json\/wp\/v2\/product_cat?post=46275"},{"taxonomy":"product_tag","embeddable":true,"href":"https:\/\/www.toyotomi.eu\/de\/wp-json\/wp\/v2\/product_tag?post=46275"}],"curies":[{"name":"wp","href":"https:\/\/api.w.org\/{rel}","templated":true}]}}