{"id":46235,"date":"2025-01-01T02:01:00","date_gmt":"2025-01-01T01:01:00","guid":{"rendered":"https:\/\/www.toyotomi.eu\/product\/toyotomi-rs-122\/"},"modified":"2025-12-02T11:54:29","modified_gmt":"2025-12-02T11:54:29","slug":"toyotomi-rs-122","status":"publish","type":"product","link":"https:\/\/www.toyotomi.eu\/de\/produkt\/toyotomi-rs-122\/","title":{"rendered":"Toyotomi RS-122"},"content":{"rendered":"","protected":false},"excerpt":{"rendered":"<p>Das Zibro Docht-Heizger\u00e4t Modell RS-122 ben\u00f6tigt keinerlei Installation, verf\u00fcgt \u00fcber ein rauchfreies Verbrennungssystem und Sie ben\u00f6tigen lediglich 2 Batterien, um das Heizger\u00e4t zu z\u00fcnden. Es ist sehr einfach zu bedienen und kann ein Volumen von bis zu 80 m\u00b3 beheizen. Ausgestattet mit verschiedenen Sicherheitsvorrichtungen wird dieser Raumheizer zu einer komfortablen, sicheren, hocheffizienten und sparsamen Heizquelle.  <\/p>\n","protected":false},"featured_media":39335,"template":"","meta":{"_acf_changed":false,"_eb_attr":""},"product_brand":[],"product_cat":[5939],"product_tag":[],"class_list":{"0":"post-46235","1":"product","2":"type-product","3":"status-publish","4":"has-post-thumbnail","6":"product_cat-dochtofen","8":"first","9":"instock","10":"taxable","11":"shipping-taxable","12":"product-type-simple"},"acf":[],"yoast_head":"<!-- This site is optimized with the Yoast SEO plugin v27.4 - https:\/\/yoast.com\/product\/yoast-seo-wordpress\/ -->\n<title>Toyotomi RS-122 - Toyotomi<\/title>\n<meta name=\"robots\" content=\"index, follow, max-snippet:-1, max-image-preview:large, max-video-preview:-1\" \/>\n<link rel=\"canonical\" href=\"https:\/\/www.toyotomi.eu\/de\/produkt\/toyotomi-rs-122\/\" \/>\n<meta property=\"og:locale\" content=\"de_DE\" \/>\n<meta property=\"og:type\" content=\"article\" \/>\n<meta property=\"og:title\" content=\"Toyotomi RS-122 - Toyotomi\" \/>\n<meta property=\"og:description\" content=\"Das Zibro Docht-Heizger\u00e4t Modell RS-122 ben\u00f6tigt keinerlei Installation, verf\u00fcgt \u00fcber ein rauchfreies Verbrennungssystem und Sie ben\u00f6tigen lediglich 2 Batterien, um das Heizger\u00e4t zu z\u00fcnden. Es ist sehr einfach zu bedienen und kann ein Volumen von bis zu 80 m\u00b3 beheizen. Ausgestattet mit verschiedenen Sicherheitsvorrichtungen wird dieser Raumheizer zu einer komfortablen, sicheren, hocheffizienten und sparsamen Heizquelle.\" \/>\n<meta property=\"og:url\" content=\"https:\/\/www.toyotomi.eu\/de\/produkt\/toyotomi-rs-122\/\" \/>\n<meta property=\"og:site_name\" content=\"Toyotomi\" \/>\n<meta property=\"article:modified_time\" content=\"2025-12-02T11:54:29+00:00\" \/>\n<meta property=\"og:image\" content=\"https:\/\/www.toyotomi.eu\/wp-content\/uploads\/2020\/07\/Zibro-heater-RS-22.jpg\" \/>\n\t<meta property=\"og:image:width\" content=\"1000\" \/>\n\t<meta property=\"og:image:height\" content=\"1000\" \/>\n\t<meta property=\"og:image:type\" content=\"image\/jpeg\" \/>\n<meta name=\"twitter:card\" content=\"summary_large_image\" \/>\n<script type=\"application\/ld+json\" class=\"yoast-schema-graph\">{\"@context\":\"https:\\\/\\\/schema.org\",\"@graph\":[{\"@type\":\"WebPage\",\"@id\":\"https:\\\/\\\/www.toyotomi.eu\\\/de\\\/produkt\\\/toyotomi-rs-122\\\/\",\"url\":\"https:\\\/\\\/www.toyotomi.eu\\\/de\\\/produkt\\\/toyotomi-rs-122\\\/\",\"name\":\"Toyotomi RS-122 - Toyotomi\",\"isPartOf\":{\"@id\":\"https:\\\/\\\/www.toyotomi.eu\\\/de\\\/#website\"},\"primaryImageOfPage\":{\"@id\":\"https:\\\/\\\/www.toyotomi.eu\\\/de\\\/produkt\\\/toyotomi-rs-122\\\/#primaryimage\"},\"image\":{\"@id\":\"https:\\\/\\\/www.toyotomi.eu\\\/de\\\/produkt\\\/toyotomi-rs-122\\\/#primaryimage\"},\"thumbnailUrl\":\"https:\\\/\\\/www.toyotomi.eu\\\/wp-content\\\/uploads\\\/2020\\\/07\\\/Zibro-heater-RS-22.jpg\",\"datePublished\":\"2025-01-01T01:01:00+00:00\",\"dateModified\":\"2025-12-02T11:54:29+00:00\",\"breadcrumb\":{\"@id\":\"https:\\\/\\\/www.toyotomi.eu\\\/de\\\/produkt\\\/toyotomi-rs-122\\\/#breadcrumb\"},\"inLanguage\":\"de\",\"potentialAction\":[{\"@type\":\"ReadAction\",\"target\":[\"https:\\\/\\\/www.toyotomi.eu\\\/de\\\/produkt\\\/toyotomi-rs-122\\\/\"]}]},{\"@type\":\"ImageObject\",\"inLanguage\":\"de\",\"@id\":\"https:\\\/\\\/www.toyotomi.eu\\\/de\\\/produkt\\\/toyotomi-rs-122\\\/#primaryimage\",\"url\":\"https:\\\/\\\/www.toyotomi.eu\\\/wp-content\\\/uploads\\\/2020\\\/07\\\/Zibro-heater-RS-22.jpg\",\"contentUrl\":\"https:\\\/\\\/www.toyotomi.eu\\\/wp-content\\\/uploads\\\/2020\\\/07\\\/Zibro-heater-RS-22.jpg\",\"width\":1000,\"height\":1000,\"caption\":\"Zibro Heizger\u00e4t RS-22\"},{\"@type\":\"BreadcrumbList\",\"@id\":\"https:\\\/\\\/www.toyotomi.eu\\\/de\\\/produkt\\\/toyotomi-rs-122\\\/#breadcrumb\",\"itemListElement\":[{\"@type\":\"ListItem\",\"position\":1,\"name\":\"Startseite\",\"item\":\"https:\\\/\\\/www.toyotomi.eu\\\/de\\\/\"},{\"@type\":\"ListItem\",\"position\":2,\"name\":\"Alle Produkte\",\"item\":\"https:\\\/\\\/www.toyotomi.eu\\\/de\\\/alle-produkte\\\/\"},{\"@type\":\"ListItem\",\"position\":3,\"name\":\"Toyotomi RS-122\"}]},{\"@type\":\"WebSite\",\"@id\":\"https:\\\/\\\/www.toyotomi.eu\\\/de\\\/#website\",\"url\":\"https:\\\/\\\/www.toyotomi.eu\\\/de\\\/\",\"name\":\"Toyotomi\",\"description\":\"\",\"publisher\":{\"@id\":\"https:\\\/\\\/www.toyotomi.eu\\\/de\\\/#organization\"},\"potentialAction\":[{\"@type\":\"SearchAction\",\"target\":{\"@type\":\"EntryPoint\",\"urlTemplate\":\"https:\\\/\\\/www.toyotomi.eu\\\/de\\\/?s={search_term_string}\"},\"query-input\":{\"@type\":\"PropertyValueSpecification\",\"valueRequired\":true,\"valueName\":\"search_term_string\"}}],\"inLanguage\":\"de\"},{\"@type\":\"Organization\",\"@id\":\"https:\\\/\\\/www.toyotomi.eu\\\/de\\\/#organization\",\"name\":\"Toyotomi Europe Sales B.V.\",\"alternateName\":\"Toyotomi\",\"url\":\"https:\\\/\\\/www.toyotomi.eu\\\/de\\\/\",\"logo\":{\"@type\":\"ImageObject\",\"inLanguage\":\"de\",\"@id\":\"https:\\\/\\\/www.toyotomi.eu\\\/de\\\/#\\\/schema\\\/logo\\\/image\\\/\",\"url\":\"https:\\\/\\\/www.toyotomi.eu\\\/wp-content\\\/uploads\\\/2025\\\/10\\\/logo.png\",\"contentUrl\":\"https:\\\/\\\/www.toyotomi.eu\\\/wp-content\\\/uploads\\\/2025\\\/10\\\/logo.png\",\"width\":1360,\"height\":304,\"caption\":\"Toyotomi Europe Sales B.V.\"},\"image\":{\"@id\":\"https:\\\/\\\/www.toyotomi.eu\\\/de\\\/#\\\/schema\\\/logo\\\/image\\\/\"}}]}<\/script>\n<!-- \/ Yoast SEO plugin. -->","yoast_head_json":{"title":"Toyotomi RS-122 - Toyotomi","robots":{"index":"index","follow":"follow","max-snippet":"max-snippet:-1","max-image-preview":"max-image-preview:large","max-video-preview":"max-video-preview:-1"},"canonical":"https:\/\/www.toyotomi.eu\/de\/produkt\/toyotomi-rs-122\/","og_locale":"de_DE","og_type":"article","og_title":"Toyotomi RS-122 - Toyotomi","og_description":"Das Zibro Docht-Heizger\u00e4t Modell RS-122 ben\u00f6tigt keinerlei Installation, verf\u00fcgt \u00fcber ein rauchfreies Verbrennungssystem und Sie ben\u00f6tigen lediglich 2 Batterien, um das Heizger\u00e4t zu z\u00fcnden. Es ist sehr einfach zu bedienen und kann ein Volumen von bis zu 80 m\u00b3 beheizen. Ausgestattet mit verschiedenen Sicherheitsvorrichtungen wird dieser Raumheizer zu einer komfortablen, sicheren, hocheffizienten und sparsamen Heizquelle.","og_url":"https:\/\/www.toyotomi.eu\/de\/produkt\/toyotomi-rs-122\/","og_site_name":"Toyotomi","article_modified_time":"2025-12-02T11:54:29+00:00","og_image":[{"width":1000,"height":1000,"url":"https:\/\/www.toyotomi.eu\/wp-content\/uploads\/2020\/07\/Zibro-heater-RS-22.jpg","type":"image\/jpeg"}],"twitter_card":"summary_large_image","schema":{"@context":"https:\/\/schema.org","@graph":[{"@type":"WebPage","@id":"https:\/\/www.toyotomi.eu\/de\/produkt\/toyotomi-rs-122\/","url":"https:\/\/www.toyotomi.eu\/de\/produkt\/toyotomi-rs-122\/","name":"Toyotomi RS-122 - Toyotomi","isPartOf":{"@id":"https:\/\/www.toyotomi.eu\/de\/#website"},"primaryImageOfPage":{"@id":"https:\/\/www.toyotomi.eu\/de\/produkt\/toyotomi-rs-122\/#primaryimage"},"image":{"@id":"https:\/\/www.toyotomi.eu\/de\/produkt\/toyotomi-rs-122\/#primaryimage"},"thumbnailUrl":"https:\/\/www.toyotomi.eu\/wp-content\/uploads\/2020\/07\/Zibro-heater-RS-22.jpg","datePublished":"2025-01-01T01:01:00+00:00","dateModified":"2025-12-02T11:54:29+00:00","breadcrumb":{"@id":"https:\/\/www.toyotomi.eu\/de\/produkt\/toyotomi-rs-122\/#breadcrumb"},"inLanguage":"de","potentialAction":[{"@type":"ReadAction","target":["https:\/\/www.toyotomi.eu\/de\/produkt\/toyotomi-rs-122\/"]}]},{"@type":"ImageObject","inLanguage":"de","@id":"https:\/\/www.toyotomi.eu\/de\/produkt\/toyotomi-rs-122\/#primaryimage","url":"https:\/\/www.toyotomi.eu\/wp-content\/uploads\/2020\/07\/Zibro-heater-RS-22.jpg","contentUrl":"https:\/\/www.toyotomi.eu\/wp-content\/uploads\/2020\/07\/Zibro-heater-RS-22.jpg","width":1000,"height":1000,"caption":"Zibro Heizger\u00e4t RS-22"},{"@type":"BreadcrumbList","@id":"https:\/\/www.toyotomi.eu\/de\/produkt\/toyotomi-rs-122\/#breadcrumb","itemListElement":[{"@type":"ListItem","position":1,"name":"Startseite","item":"https:\/\/www.toyotomi.eu\/de\/"},{"@type":"ListItem","position":2,"name":"Alle Produkte","item":"https:\/\/www.toyotomi.eu\/de\/alle-produkte\/"},{"@type":"ListItem","position":3,"name":"Toyotomi RS-122"}]},{"@type":"WebSite","@id":"https:\/\/www.toyotomi.eu\/de\/#website","url":"https:\/\/www.toyotomi.eu\/de\/","name":"Toyotomi","description":"","publisher":{"@id":"https:\/\/www.toyotomi.eu\/de\/#organization"},"potentialAction":[{"@type":"SearchAction","target":{"@type":"EntryPoint","urlTemplate":"https:\/\/www.toyotomi.eu\/de\/?s={search_term_string}"},"query-input":{"@type":"PropertyValueSpecification","valueRequired":true,"valueName":"search_term_string"}}],"inLanguage":"de"},{"@type":"Organization","@id":"https:\/\/www.toyotomi.eu\/de\/#organization","name":"Toyotomi Europe Sales B.V.","alternateName":"Toyotomi","url":"https:\/\/www.toyotomi.eu\/de\/","logo":{"@type":"ImageObject","inLanguage":"de","@id":"https:\/\/www.toyotomi.eu\/de\/#\/schema\/logo\/image\/","url":"https:\/\/www.toyotomi.eu\/wp-content\/uploads\/2025\/10\/logo.png","contentUrl":"https:\/\/www.toyotomi.eu\/wp-content\/uploads\/2025\/10\/logo.png","width":1360,"height":304,"caption":"Toyotomi Europe Sales B.V."},"image":{"@id":"https:\/\/www.toyotomi.eu\/de\/#\/schema\/logo\/image\/"}}]}},"_links":{"self":[{"href":"https:\/\/www.toyotomi.eu\/de\/wp-json\/wp\/v2\/product\/46235","targetHints":{"allow":["GET"]}}],"collection":[{"href":"https:\/\/www.toyotomi.eu\/de\/wp-json\/wp\/v2\/product"}],"about":[{"href":"https:\/\/www.toyotomi.eu\/de\/wp-json\/wp\/v2\/types\/product"}],"wp:featuredmedia":[{"embeddable":true,"href":"https:\/\/www.toyotomi.eu\/de\/wp-json\/wp\/v2\/media\/39335"}],"wp:attachment":[{"href":"https:\/\/www.toyotomi.eu\/de\/wp-json\/wp\/v2\/media?parent=46235"}],"wp:term":[{"taxonomy":"product_brand","embeddable":true,"href":"https:\/\/www.toyotomi.eu\/de\/wp-json\/wp\/v2\/product_brand?post=46235"},{"taxonomy":"product_cat","embeddable":true,"href":"https:\/\/www.toyotomi.eu\/de\/wp-json\/wp\/v2\/product_cat?post=46235"},{"taxonomy":"product_tag","embeddable":true,"href":"https:\/\/www.toyotomi.eu\/de\/wp-json\/wp\/v2\/product_tag?post=46235"}],"curies":[{"name":"wp","href":"https:\/\/api.w.org\/{rel}","templated":true}]}}